{"id":4425,"date":"2025-04-27T02:23:54","date_gmt":"2025-04-27T02:23:54","guid":{"rendered":"https:\/\/bright-china.com\/?post_type=product&#038;p=4425"},"modified":"2025-12-29T20:38:44","modified_gmt":"2025-12-30T03:38:44","slug":"protector-de-tension-jgiv-63","status":"publish","type":"product","link":"https:\/\/bright-china.com\/sp\/producto\/protector-de-tension-jgiv-63\/","title":{"rendered":"Protector de sobretensi\u00f3n ajustable Protector de tensi\u00f3n digital JGIV-63"},"content":{"rendered":"<h2>1\u3001Introducci\u00f3n<\/h2>\n<hr \/>\n<p><a style=\"font-size: 16px; background-color: #ffffff;\" href=\"https:\/\/bright-china.com\/automatic-reconnection-energy-metering-protector-of-test-jgdl-63\/\"><strong>Protector ajustable de sobretensi\u00f3n y subtensi\u00f3n Protector de tensi\u00f3n digital<\/strong> <\/a><span style=\"font-size: 16px;\">La serie JGIV-63 es un protector de sobretensi\u00f3n y subtensi\u00f3n del tipo de fuga con limitaci\u00f3n de corriente, que incluye protectores de sobretensi\u00f3n, subtensi\u00f3n, cortocircuito, fuga y protecci\u00f3n integral. El producto tiene las ventajas de modularidad, inteligencia y visualizaci\u00f3n.<\/span><\/p>\n<p>Todos los par\u00e1metros de protecci\u00f3n, como la sobretensi\u00f3n, la subtensi\u00f3n y la protecci\u00f3n contra fugas, pueden ajustarse en funci\u00f3n de la demanda de potencia, lo que garantiza que el protector pueda cortar instant\u00e1neamente el suministro el\u00e9ctrico en caso de sobretensi\u00f3n, <a href=\"https:\/\/ua-protector.com\/product\/\">subtensi\u00f3n<\/a>, cortocircuitos, fugas y otros fallos en el circuito, protegiendo el equipo el\u00e9ctrico de posibles da\u00f1os.<\/p>\n<p>Esta serie de productos tiene una estructura compacta, una bella apariencia y una instalaci\u00f3n de ra\u00edles est\u00e1ndar. Es principalmente adecuado para la distribuci\u00f3n de energ\u00eda dom\u00e9stica, dormitorios escolares, casas de alquiler, y otras ocasiones.<\/p>\n<h2>2\u3001Condiciones de trabajo y par\u00e1metros<\/h2>\n<hr \/>\n<p>2.1. El primer encendido normal se cerrar\u00e1 autom\u00e1ticamente tras un retardo de 1 segundo; El producto se desconectar\u00e1 autom\u00e1ticamente en 1 segundo en caso de sobretensi\u00f3n, subtensi\u00f3n, sobrecorriente o fuga durante el primer encendido;<br \/>\n2.2. Par\u00e1metros actuales de protecci\u00f3n:<br \/>\na. \u2265 1,0 veces la corriente, rango de ajuste 1-120 segundos, por defecto 10 segundos.<br \/>\nb. \u2265 2 veces la corriente de cortocircuito, 0,1 segundos para abrir el circuito.<br \/>\n2.3. La temperatura ambiente no debe superar+40 \u2103, no debe ser inferior a -5 \u2103, y la temperatura media durante 24 horas no debe superar+35 \u2103; A+40 \u2103, la humedad del aire circundante no debe superar 50%.<br \/>\n2.4. El nivel del mar del lugar de instalaci\u00f3n no superar\u00e1 los 2000 metros.5. Nivel de contaminaci\u00f3n III.6. En el entorno de la instalaci\u00f3n no hay medios peligrosos explosivos, gases corrosivos o aislantes ni polvo conductor. Tampoco hay zonas afectadas por la lluvia o la nieve.<\/p>\n<table style=\"border-collapse: collapse; width: 100%; border-color: #969696;\" border=\"0\" width=\"100%\" cellspacing=\"0\" cellpadding=\"0\">\n<tbody>\n<tr style=\"height: 13.50pt;\">\n<td style=\"height: 13px; width: 159.4pt; background-color: #0a165c;\" width=\"212\" height=\"18\"><span style=\"color: #ffffff;\">Tipo<\/span><\/td>\n<td style=\"width: 89.95pt; height: 13px; background-color: #0a165c;\" width=\"119\"><span style=\"color: #ffffff;\">JGIV-63<\/span><\/td>\n<\/tr>\n<tr style=\"height: 13.50pt;\">\n<td style=\"height: 13px;\" height=\"18\">Rango de ajuste actual<\/td>\n<td style=\"height: 13px;\">63A(2~63A)<\/td>\n<\/tr>\n<tr style=\"height: 13.50pt;\">\n<td style=\"height: 13px; background-color: #e3e3e3;\" height=\"18\">Rango de ajuste de la sobretensi\u00f3n<\/td>\n<td style=\"height: 13px; background-color: #e3e3e3;\">AC270V(210~300V)<\/td>\n<\/tr>\n<tr style=\"height: 13.50pt;\">\n<td style=\"height: 13px;\" height=\"18\">Rango de ajuste de subtensi\u00f3n<\/td>\n<td style=\"height: 13px;\">AC170V(80~200V)<\/td>\n<\/tr>\n<tr style=\"height: 13.50pt;\">\n<td style=\"height: 13px; background-color: #e3e3e3;\" height=\"18\">Rango de ajuste de la corriente de fuga<\/td>\n<td style=\"height: 13px; background-color: #e3e3e3;\">20 mA(5~300 mA)<\/td>\n<\/tr>\n<\/tbody>\n<\/table>\n<h2>3\u3001Configuraci\u00f3n del producto<\/h2>\n<hr \/>\n<p>3.1. Bot\u00f3n de ajustes: Mantenga pulsado el bot\u00f3n de ajustes durante 2 segundos para entrar en el modo de ajustes. Despu\u00e9s de entrar en el modo de ajustes, p\u00falselo una vez para acceder al siguiente men\u00fa de ajustes;<br \/>\n3.2. Tecla Shift: En el estado de ajuste, es la funci\u00f3n de desplazamiento digital;<br \/>\n3.3. Tecla de datos: consulta la informaci\u00f3n sobre el \u00faltimo fallo del producto y modifica los par\u00e1metros que deben configurarse al establecer el estado;<br \/>\n3.4. Bot\u00f3n de rearme: Cuando se produce la primera sobreintensidad o fuga, el producto se cerrar\u00e1 autom\u00e1ticamente tras un retardo de rearme especificado. Cuando se produce la segunda sobreintensidad o fuga, debe confirmarse manualmente que no hay ning\u00fan fallo en el circuito. Tras pulsar manualmente el bot\u00f3n de reinicio, el producto se cerrar\u00e1. Cuando se encuentre en el estado ajustado, pulse el bot\u00f3n de reinicio durante 1 segundo para guardar y salir del estado ajustado,<br \/>\nMantenga pulsado el bot\u00f3n de reinicio durante la visualizaci\u00f3n en tiempo real para abrir el producto y vuelva a pulsarlo para cerrarlo.<br \/>\n<img fetchpriority=\"high\" decoding=\"async\" class=\"alignnone wp-image-8720 size-full\" src=\"https:\/\/bright-china.com\/wp-content\/uploads\/2025\/04\/Product-menu-of-digital-display-adjustable-voltage-protector.webp\" alt=\"Men\u00fa de productos del protector de tensi\u00f3n regulable con pantalla digital\" width=\"827\" height=\"594\" srcset=\"https:\/\/bright-china.com\/wp-content\/uploads\/2025\/04\/Product-menu-of-digital-display-adjustable-voltage-protector.webp 827w, https:\/\/bright-china.com\/wp-content\/uploads\/2025\/04\/Product-menu-of-digital-display-adjustable-voltage-protector-300x215.webp 300w, https:\/\/bright-china.com\/wp-content\/uploads\/2025\/04\/Product-menu-of-digital-display-adjustable-voltage-protector-768x552.webp 768w, https:\/\/bright-china.com\/wp-content\/uploads\/2025\/04\/Product-menu-of-digital-display-adjustable-voltage-protector-18x12.webp 18w, https:\/\/bright-china.com\/wp-content\/uploads\/2025\/04\/Product-menu-of-digital-display-adjustable-voltage-protector-600x431.webp 600w\" sizes=\"(max-width: 827px) 100vw, 827px\" \/><\/p>\n<h2>5\u3001Dimensiones<\/h2>\n<hr \/>\n<p><img decoding=\"async\" class=\"alignnone wp-image-8719 size-full lazyload\" data-src=\"https:\/\/bright-china.com\/wp-content\/uploads\/2025\/04\/Panel-Description-of-Digital-Display-Adjustable-Voltage-Protector.webp\" alt=\"Descripci\u00f3n del panel del protector de tensi\u00f3n ajustable con pantalla digital\" width=\"451\" height=\"752\" data-srcset=\"https:\/\/bright-china.com\/wp-content\/uploads\/2025\/04\/Panel-Description-of-Digital-Display-Adjustable-Voltage-Protector.webp 451w, https:\/\/bright-china.com\/wp-content\/uploads\/2025\/04\/Panel-Description-of-Digital-Display-Adjustable-Voltage-Protector-180x300.webp 180w, https:\/\/bright-china.com\/wp-content\/uploads\/2025\/04\/Panel-Description-of-Digital-Display-Adjustable-Voltage-Protector-7x12.webp 7w\" data-sizes=\"(max-width: 451px) 100vw, 451px\" src=\"data:image\/svg+xml;base64,PHN2ZyB3aWR0aD0iMSIgaGVpZ2h0PSIxIiB4bWxucz0iaHR0cDovL3d3dy53My5vcmcvMjAwMC9zdmciPjwvc3ZnPg==\" style=\"--smush-placeholder-width: 451px; --smush-placeholder-aspect-ratio: 451\/752;\" \/><\/p>\n<p>&nbsp;<\/p>\n<h2>Deber\u00eda ser un plan<\/h2>\n<hr \/>\n<figure id=\"attachment_6111\" aria-describedby=\"caption-attachment-6111\" style=\"width: 600px\" class=\"wp-caption alignnone\"><img decoding=\"async\" class=\"wp-image-6111 size-full lazyload\" data-src=\"https:\/\/bright-china.com\/wp-content\/uploads\/2025\/04\/\u63a5\u7ebf\u56fe-\u8fc7\u6b20\u538b-3.jpg\" alt=\"protectores de sobretensi\u00f3n y subtensi\u00f3n\" width=\"600\" height=\"1133\" data-srcset=\"https:\/\/bright-china.com\/wp-content\/uploads\/2025\/04\/\u63a5\u7ebf\u56fe-\u8fc7\u6b20\u538b-3.jpg 600w, https:\/\/bright-china.com\/wp-content\/uploads\/2025\/04\/\u63a5\u7ebf\u56fe-\u8fc7\u6b20\u538b-3-159x300.jpg 159w, https:\/\/bright-china.com\/wp-content\/uploads\/2025\/04\/\u63a5\u7ebf\u56fe-\u8fc7\u6b20\u538b-3-542x1024.jpg 542w, https:\/\/bright-china.com\/wp-content\/uploads\/2025\/04\/\u63a5\u7ebf\u56fe-\u8fc7\u6b20\u538b-3-6x12.jpg 6w\" data-sizes=\"(max-width: 600px) 100vw, 600px\" src=\"data:image\/svg+xml;base64,PHN2ZyB3aWR0aD0iMSIgaGVpZ2h0PSIxIiB4bWxucz0iaHR0cDovL3d3dy53My5vcmcvMjAwMC9zdmciPjwvc3ZnPg==\" style=\"--smush-placeholder-width: 600px; --smush-placeholder-aspect-ratio: 600\/1133;\" \/><figcaption id=\"caption-attachment-6111\" class=\"wp-caption-text\">protectores de sobretensi\u00f3n y subtensi\u00f3n<\/figcaption><\/figure>\n<h3 data-slate-node=\"element\"><span class=\"null hover-sent\" style=\"color: #ff0000;\" data-slate-leaf=\"true\" data-sent-id=\"ejrkgDPYqe\">Advertencia:<\/span><\/h3>\n<div data-slate-node=\"element\"><span data-slate-node=\"text\"><span class=\"null hover-sent\" data-slate-leaf=\"true\" data-sent-id=\"ejrkgDPYqe\">Los hilos N y L no deben conectarse incorrectamente.<\/span><\/span><\/div>\n<div data-slate-node=\"element\" data-slate-fragment=\"JTVCJTdCJTIydHlwZSUyMiUzQSUyMnBhcmFncmFwaCUyMiUyQyUyMmNoaWxkcmVuJTIyJTNBJTVCJTdCJTIyaWQlMjIlM0ElMjJlanJrZ0RQWXFlJTIyJTJDJTIycGFyYUlkeCUyMiUzQTElMkMlMjJzcmMlMjIlM0ElMjJBdHRlbnRpb24lM0ElMjBUaGUlMjBOJTIwYW5kJTIwTCUyMHdpcmVzJTIwbXVzdCUyMG5vdCUyMGJlJTIwY29ubmVjdGVkJTIwaW5jb3JyZWN0bHkuJTIyJTJDJTIyZHN0JTIyJTNBJTIyJUU2JUIzJUE4JUU2JTg0JThGJUVGJUJDJTlBTiVFNSU5MiU4Q0wlRTclQkElQkYlRTQlQjglOEQlRTUlQkUlOTclRTglQkYlOUUlRTYlOEUlQTUlRTklOTQlOTklRTglQUYlQUYlRTMlODAlODIlMjIlMkMlMjJtZXRhZGF0YSUyMiUzQSUyMiUyMiUyQyUyMm1hdGNoZXMlMjIlM0FudWxsJTJDJTIybWV0YURhdGElMjIlM0ElNUIlNUQlMkMlMjJ0ZXh0JTIyJTNBJTIyVGhlJTIwTiUyMGFuZCUyMEwlMjB3aXJlcyUyMG11c3QlMjBub3QlMjBiZSUyMGNvbm5lY3RlZCUyMGluY29ycmVjdGx5LiUyMiU3RCU1RCU3RCUyQyU3QiUyMnR5cGUlMjIlM0ElMjJwYXJhZ3JhcGglMjIlMkMlMjJjaGlsZHJlbiUyMiUzQSU1QiU3QiUyMmlkJTIyJTNBJTIyVk5ETmRqOUFiQiUyMiUyQyUyMnBhcmFJZHglMjIlM0EyJTJDJTIyc3JjJTIyJTNBJTIyQWxsJTIwdGVybWluYWxzJTIwbXVzdCUyMGJlJTIwdGlnaHRlbmVkJTIwdG8lMjBwcmV2ZW50JTIwZmFsc2UlMjBjb25uZWN0aW9ucyUyMHRoYXQlMjBjb3VsZCUyMGJ1cm4lMjBvdXQlMjB0aGUlMjBwcm90ZWN0b3IuJTIyJTJDJTIyZHN0JTIyJTNBJTIyJUU2JTg5JTgwJUU2JTlDJTg5JUU3JUFCJUFGJUU1JUFEJTkwJUU1JUJGJTg1JUU5JUExJUJCJUU2JThCJUE3JUU3JUI0JUE3JUVGJUJDJThDJUU0JUJCJUE1JUU5JTk4JUIyJUU2JUFEJUEyJUU1JThGJUFGJUU4JTgzJUJEJUU3JTgzJUE3JUU1JTlEJThGJUU0JUJGJTlEJUU2JThBJUE0JUU1JTk5JUE4JUU3JTlBJTg0JUU5JTk0JTk5JUU4JUFGJUFGJUU4JUJGJTlFJUU2JThFJUE1JUUzJTgwJTgyJTIyJTJDJTIybWV0YWRhdGElMjIlM0ElMjIlMjIlMkMlMjJtYXRjaGVzJTIyJTNBbnVsbCUyQyUyMm1ldGFEYXRhJTIyJTNBJTVCJTVEJTJDJTIydGV4dCUyMiUzQSUyMkFsbCUyMHRlcm1pbmFscyUyMG11c3QlMjBiZSUyMHRpZ2h0ZW5lZCUyMHRvJTIwcHJldmVudCUyMGZhbHNlJTIwY29ubmVjdGlvbnMlMjB0aGF0JTIwY291bGQlMjBidXJuJTIwb3V0JTIwdGhlJTIwcHJvdGVjdG9yLiUyMiU3RCU1RCU3RCU1RA==\"><span data-slate-node=\"text\"><span class=\"null\" data-slate-leaf=\"true\" data-sent-id=\"VNDNdj9AbB\">Todos los terminales deben estar apretados para evitar falsas conexiones que podr\u00edan quemar el protector.<\/span><\/span><\/div>\n<h2 class=\"wp-block-heading\"><\/h2>\n<h2><strong>Informaci\u00f3n del paquete est\u00e1ndar<\/strong><\/h2>\n<hr \/>\n<p><img decoding=\"async\" class=\"alignnone wp-image-6114 size-medium lazyload\" data-src=\"https:\/\/bright-china.com\/wp-content\/uploads\/2025\/04\/45.5-23.5-31.5-box-300x300.jpg\" alt=\"Caja de embalaje para protector\" width=\"300\" height=\"300\" data-srcset=\"https:\/\/bright-china.com\/wp-content\/uploads\/2025\/04\/45.5-23.5-31.5-box-300x300.jpg 300w, https:\/\/bright-china.com\/wp-content\/uploads\/2025\/04\/45.5-23.5-31.5-box-150x150.jpg 150w, https:\/\/bright-china.com\/wp-content\/uploads\/2025\/04\/45.5-23.5-31.5-box-12x12.jpg 12w, https:\/\/bright-china.com\/wp-content\/uploads\/2025\/04\/45.5-23.5-31.5-box-600x600.jpg 600w, https:\/\/bright-china.com\/wp-content\/uploads\/2025\/04\/45.5-23.5-31.5-box-100x100.jpg 100w, https:\/\/bright-china.com\/wp-content\/uploads\/2025\/04\/45.5-23.5-31.5-box.jpg 750w\" data-sizes=\"(max-width: 300px) 100vw, 300px\" src=\"data:image\/svg+xml;base64,PHN2ZyB3aWR0aD0iMSIgaGVpZ2h0PSIxIiB4bWxucz0iaHR0cDovL3d3dy53My5vcmcvMjAwMC9zdmciPjwvc3ZnPg==\" style=\"--smush-placeholder-width: 300px; --smush-placeholder-aspect-ratio: 300\/300;\" \/><\/p>\n<table style=\"border-collapse: collapse; width: 100%; border-color: #969696;\" border=\"0\" width=\"100%\" cellspacing=\"0\" cellpadding=\"0\">\n<tbody>\n<tr style=\"height: 14.25pt;\">\n<td class=\"et2\" style=\"height: 14.25pt; width: 143.9pt; background-color: #0e157d;\" width=\"191\" height=\"19\"><span style=\"color: #ffffff;\">Dimensiones de la caja (cm)<\/span><\/td>\n<td class=\"et2\" style=\"width: 54pt; background-color: #0e157d;\" width=\"72\"><span style=\"color: #ffffff;\">Lista de paquetes<\/span><\/td>\n<td class=\"et2\" style=\"width: 54pt; background-color: #0e157d;\" width=\"72\"><span style=\"color: #ffffff;\">CANT<\/span><\/td>\n<td class=\"et2\" style=\"width: 92.8pt; background-color: #0e157d;\" width=\"123\"><span style=\"color: #ffffff;\">Peso bruto (kg)<\/span><\/td>\n<\/tr>\n<tr style=\"height: 28.50pt;\">\n<td class=\"et2\" style=\"height: 28.50pt; width: 143.90pt;\" width=\"191\" height=\"38\">45,5 cm \u00d7 23,5 cm \u00d7 31,5 cm<\/td>\n<td class=\"et2\" style=\"width: 54.00pt;\" width=\"72\">\u00a0protector<\/td>\n<td class=\"et2\" style=\"width: 54.00pt;\" width=\"72\">60 unidades<\/td>\n<td class=\"et2\" style=\"width: 92.80pt;\" width=\"123\">20 kg<\/td>\n<\/tr>\n<\/tbody>\n<\/table>\n<p><a href=\"https:\/\/bright-china.com\/product\/intelligent-current-voltage-protector\/\" target=\"_blank\" rel=\"noopener\" ___protected_content_16___>Protector de corriente y tensi\u00f3n ajustable con pantalla digital<\/a><\/p>","protected":false},"excerpt":{"rendered":"<p><a href=\"https:\/\/bright-china.com\/product\/\">Protector de sobretensi\u00f3n ajustable\u00a0<\/a> <span data-slate-fragment=\"JTVCJTdCJTIydHlwZSUyMiUzQSUyMnBhcmFncmFwaCUyMiUyQyUyMmNoaWxkcmVuJTIyJTNBJTVCJTdCJTIyaWQlMjIlM0ElMjJCd2JuWjNERWx6JTIyJTJDJTIycGFyYUlkeCUyMiUzQTAlMkMlMjJzcmMlMjIlM0ElMjJEaWdpdGFsJTIwVm9sdGFnZSUyMFByb3RlY3RvciUyMEFkanVzdGFibGUlMjBPdmVyJTIwVW5kZXIlMjBWb2x0YWdlJTIwUHJvdGVjdG9yJTIyJTJDJTIyZHN0JTIyJTNBJTIyJUU2JTk1JUIwJUU1JUFEJTk3JUU3JTk0JUI1JUU1JThFJThCJUU0JUJGJTlEJUU2JThBJUE0JUU1JTk5JUE4JUU1JThGJUFGJUU4JUIwJTgzJUU4JUJGJTg3JUU2JUFDJUEwJUU1JThFJThCJUU0JUJGJTlEJUU2JThBJUE0JUU1JTk5JUE4JTIyJTJDJTIybWV0YWRhdGElMjIlM0ElMjIlMjIlMkMlMjJtYXRjaGVzJTIyJTNBbnVsbCUyQyUyMm1ldGFEYXRhJTIyJTNBJTVCJTVEJTJDJTIydGV4dCUyMiUzQSUyMkRpZ2l0YWwlMjBWb2x0YWdlJTIwUHJvdGVjdG9yJTIyJTdEJTVEJTdEJTVE\">Protector de tensi\u00f3n digital <\/span>La serie JGIV-63 es un protector de sobretensi\u00f3n y subtensi\u00f3n del tipo de fuga con limitaci\u00f3n de corriente, que incluye protectores de sobretensi\u00f3n, subtensi\u00f3n, cortocircuito, fuga y protecci\u00f3n integral. El producto tiene las ventajas de modularidad, inteligencia y visualizaci\u00f3n.<\/p>\n<p>Todos los par\u00e1metros de protecci\u00f3n, como la sobretensi\u00f3n, la subtensi\u00f3n y la protecci\u00f3n contra fugas, pueden ajustarse en funci\u00f3n de la demanda de potencia, garantizando que el protector pueda cortar instant\u00e1neamente el suministro el\u00e9ctrico en caso de sobretensi\u00f3n, subtensi\u00f3n, cortocircuito, fuga y otros fallos en el circuito, protegiendo los equipos el\u00e9ctricos de posibles da\u00f1os.<\/p>","protected":false},"featured_media":8711,"template":"","meta":{"_acf_changed":false,"site-sidebar-layout":"default","site-content-layout":"","ast-site-content-layout":"default","site-content-style":"default","site-sidebar-style":"default","ast-global-header-display":"","ast-banner-title-visibility":"","ast-main-header-display":"","ast-hfb-above-header-display":"","ast-hfb-below-header-display":"","ast-hfb-mobile-header-display":"","site-post-title":"","ast-breadcrumbs-content":"","ast-featured-img":"","footer-sml-layout":"","theme-transparent-header-meta":"default","adv-header-id-meta":"","stick-header-meta":"default","header-above-stick-meta":"","header-main-stick-meta":"","header-below-stick-meta":"","astra-migrate-meta-layouts":"set","ast-page-background-enabled":"default","ast-page-background-meta":{"desktop":{"background-color":"","background-image":"","background-repeat":"repeat","background-position":"center center","background-size":"auto","background-attachment":"scroll","background-type":"","background-media":"","overlay-type":"","overlay-color":"","overlay-opacity":"","overlay-gradient":""},"tablet":{"background-color":"","background-image":"","background-repeat":"repeat","background-position":"center center","background-size":"auto","background-attachment":"scroll","background-type":"","background-media":"","overlay-type":"","overlay-color":"","overlay-opacity":"","overlay-gradient":""},"mobile":{"background-color":"","background-image":"","background-repeat":"repeat","background-position":"center center","background-size":"auto","background-attachment":"scroll","background-type":"","background-media":"","overlay-type":"","overlay-color":"","overlay-opacity":"","overlay-gradient":""}},"ast-content-background-meta":{"desktop":{"background-color":"var(--ast-global-color-5)","background-image":"","background-repeat":"repeat","background-position":"center center","background-size":"auto","background-attachment":"scroll","background-type":"","background-media":"","overlay-type":"","overlay-color":"","overlay-opacity":"","overlay-gradient":""},"tablet":{"background-color":"var(--ast-global-color-5)","background-image":"","background-repeat":"repeat","background-position":"center center","background-size":"auto","background-attachment":"scroll","background-type":"","background-media":"","overlay-type":"","overlay-color":"","overlay-opacity":"","overlay-gradient":""},"mobile":{"background-color":"var(--ast-global-color-5)","background-image":"","background-repeat":"repeat","background-position":"center center","background-size":"auto","background-attachment":"scroll","background-type":"","background-media":"","overlay-type":"","overlay-color":"","overlay-opacity":"","overlay-gradient":""}},"_seo_title":"Adjustable Over Under Voltage Protector","_seo_keywords":"Adjustable Over Under Voltage Protector, Digital Voltage Protector, voltage protector, voltage protector for home, voltage protector price in pakistan, voltage protector setting, voltage protector for fridge","_seo_description":"Adjustable Over Under Voltage Protector\u00a0 Digital Voltage Protector JGIV-63 series is a current limiting leakage type overvoltage and undervoltage protector,"},"product_brand":[],"product_cat":[15,65,69,64,57],"product_tag":[91,137,92,93],"class_list":{"0":"post-4425","1":"product","2":"type-product","3":"status-publish","4":"has-post-thumbnail","6":"product_cat-product","7":"product_cat-current-and-voltage-protector","8":"product_cat-voltmeter-ammeter","9":"product_cat-smart-meter","10":"product_cat-smart-protector","11":"product_tag-adjustable-over-under-voltage-protector","12":"product_tag-digital-display-adjustable-current-and-voltage-protector","13":"product_tag-digital-voltage-protector","14":"product_tag-voltage-protector","15":"desktop-align-center","16":"tablet-align-left","17":"mobile-align-left","18":"ast-product-gallery-layout-horizontal-slider","20":"first","21":"instock","22":"sale","23":"featured","24":"shipping-taxable","25":"purchasable","26":"product-type-simple"},"acf":[],"seo_title":"Adjustable Over Under Voltage Protector","seo_keywords":"Adjustable Over Under Voltage Protector, Digital Voltage Protector, voltage protector, voltage protector for home, voltage protector price in pakistan, voltage protector setting, voltage protector for fridge","seo_description":"Adjustable Over Under Voltage Protector\u00a0 Digital Voltage Protector JGIV-63 series is a current limiting leakage type overvoltage and undervoltage protector,","seo_score":"85","product_seo_keywords":"","_links":{"self":[{"href":"https:\/\/bright-china.com\/sp\/wp-json\/wp\/v2\/product\/4425","targetHints":{"allow":["GET"]}}],"collection":[{"href":"https:\/\/bright-china.com\/sp\/wp-json\/wp\/v2\/product"}],"about":[{"href":"https:\/\/bright-china.com\/sp\/wp-json\/wp\/v2\/types\/product"}],"wp:featuredmedia":[{"embeddable":true,"href":"https:\/\/bright-china.com\/sp\/wp-json\/wp\/v2\/media\/8711"}],"wp:attachment":[{"href":"https:\/\/bright-china.com\/sp\/wp-json\/wp\/v2\/media?parent=4425"}],"wp:term":[{"taxonomy":"product_brand","embeddable":true,"href":"https:\/\/bright-china.com\/sp\/wp-json\/wp\/v2\/product_brand?post=4425"},{"taxonomy":"product_cat","embeddable":true,"href":"https:\/\/bright-china.com\/sp\/wp-json\/wp\/v2\/product_cat?post=4425"},{"taxonomy":"product_tag","embeddable":true,"href":"https:\/\/bright-china.com\/sp\/wp-json\/wp\/v2\/product_tag?post=4425"}],"curies":[{"name":"wp","href":"https:\/\/api.w.org\/{rel}","templated":true}]}}