{"id":4426,"date":"2025-04-27T02:23:54","date_gmt":"2025-04-27T02:23:54","guid":{"rendered":"https:\/\/bright-china.com\/?post_type=product&#038;p=4426"},"modified":"2026-01-04T01:32:55","modified_gmt":"2026-01-04T08:32:55","slug":"ats-jgq3-100s","status":"publish","type":"product","link":"https:\/\/bright-china.com\/sp\/producto\/ats-jgq3-100s\/","title":{"rendered":"Interruptor de transferencia autom\u00e1tica\uff08ATS\uff09 JGQ3-100S"},"content":{"rendered":"<h2><strong>introducci\u00f3n<\/strong><\/h2>\n<hr \/>\n<p><img fetchpriority=\"high\" decoding=\"async\" class=\"wp-image-8736 size-medium alignleft\" src=\"https:\/\/bright-china.com\/wp-content\/uploads\/2025\/04\/Automatic-Transfer-Switch-JGQ3-100-0-300x300.webp\" alt=\"Interruptor de transferencia autom\u00e1tica-JGQ3-100\" width=\"300\" height=\"300\" srcset=\"https:\/\/bright-china.com\/wp-content\/uploads\/2025\/04\/Automatic-Transfer-Switch-JGQ3-100-0-300x300.webp 300w, https:\/\/bright-china.com\/wp-content\/uploads\/2025\/04\/Automatic-Transfer-Switch-JGQ3-100-0-150x150.webp 150w, https:\/\/bright-china.com\/wp-content\/uploads\/2025\/04\/Automatic-Transfer-Switch-JGQ3-100-0-768x768.webp 768w, https:\/\/bright-china.com\/wp-content\/uploads\/2025\/04\/Automatic-Transfer-Switch-JGQ3-100-0-12x12.webp 12w, https:\/\/bright-china.com\/wp-content\/uploads\/2025\/04\/Automatic-Transfer-Switch-JGQ3-100-0-600x600.webp 600w, https:\/\/bright-china.com\/wp-content\/uploads\/2025\/04\/Automatic-Transfer-Switch-JGQ3-100-0-100x100.webp 100w, https:\/\/bright-china.com\/wp-content\/uploads\/2025\/04\/Automatic-Transfer-Switch-JGQ3-100-0.webp 800w\" sizes=\"(max-width: 300px) 100vw, 300px\" \/><\/p>\n<p><a href=\"https:\/\/bright-china.com\/dc-circuit-breakers-2\/\">Interruptor de transferencia autom\u00e1tica ATS JGQ3-100S<\/a>\u00a0 (ATSE), es un conjunto de interruptor y control l\u00f3gico en uno, sin necesidad de controlador externo, realmente realizar la integraci\u00f3n mec\u00e1nica y el\u00e9ctrica del interruptor de transferencia autom\u00e1tica, es adecuado para AC 50Hz, tensi\u00f3n nominal de 440V, la corriente de calentamiento acordado de 100A en el equipo de distribuci\u00f3n de energ\u00eda industrial y empresarial, con detecci\u00f3n de tensi\u00f3n, detecci\u00f3n de frecuencia, interfaz de comunicaci\u00f3n, enclavamiento el\u00e9ctrico y mec\u00e1nico y otras funciones, puede lograr totalmente autom\u00e1tico, control remoto, forzado \"0\", operaci\u00f3n manual de emergencia,<\/p>\n<p>Se utiliza ampliamente en la conversi\u00f3n autom\u00e1tica de la corriente principal y el sistema de alimentaci\u00f3n de reserva o la conversi\u00f3n autom\u00e1tica y el aislamiento de seguridad de dos equipos de carga.<\/p>\n<p>El interruptor es gestionado por la placa de circuito de control emitida por varios comandos l\u00f3gicos, y el motor acciona el mecanismo de funcionamiento de la parte principal del interruptor, conecta r\u00e1pidamente el circuito de ruptura o convierte el aparato el\u00e9ctrico, y realiza el aislamiento de seguridad a trav\u00e9s del estado visible obvio.<\/p>\n<h2>\u00a0Descripci\u00f3n estructural<\/h2>\n<hr \/>\n<p>1. Bot\u00f3n el\u00e9ctrico: controlar la fuente de alimentaci\u00f3n de la l\u00ednea de control interno del interruptor de control, y cuando el bot\u00f3n el\u00e9ctrico es autom\u00e1tico, el interruptor puede ser totalmente autom\u00e1tico y operativo.<\/p>\n<p>Controla y fuerza la operaci\u00f3n \"0\", cuando el bot\u00f3n el\u00e9ctrico es manual, el interruptor s\u00f3lo puede ser operado manualmente.<\/p>\n<p>2. Accione la manivela: Cuando utilice la manija de operaci\u00f3n para operar manualmente, el bot\u00f3n el\u00e9ctrico debe estar en el estado manual.<\/p>\n<p>3. Mecanismo candado: especial para mantenimiento, es decir, primero utilizar la manivela de accionamiento para que el interruptor en la posici\u00f3n \"0\", y luego conectar el mecanismo de candado.<\/p>\n<p>candado, puede ser revisado (recoger el candado para cortar la energ\u00eda de control interno del interruptor, el interruptor no puede ser autom\u00e1tico, y no se puede realizar a mano).<\/p>\n<p>en movimiento).<\/p>\n<p>4. Indicador: indica la posici\u00f3n de estado de funcionamiento del interruptor (I, O, II)<\/p>\n<h2><span data-slate-fragment=\"JTVCJTdCJTIydHlwZSUyMiUzQSUyMnBhcmFncmFwaCUyMiUyQyUyMmNoaWxkcmVuJTIyJTNBJTVCJTdCJTIyaWQlMjIlM0ElMjJlanI0b3hNalhlJTIyJTJDJTIycGFyYUlkeCUyMiUzQTAlMkMlMjJzcmMlMjIlM0ElMjJEdWFsJTIwcG93ZXIlMjBhdXRvbWF0aWMlMjB0cmFuc2ZlciUyMHN3aXRjaCUyMGlzJTIwdGVjaG5pY2FsJTIyJTJDJTIyZHN0JTIyJTNBJTIyJUU1JThGJThDJUU3JTk0JUI1JUU2JUJBJTkwJUU4JTg3JUFBJUU1JThBJUE4JUU4JUJEJUFDJUU2JThEJUEyJUU1JUJDJTgwJUU1JTg1JUIzJUU2JThBJTgwJUU2JTlDJUFGJTIyJTJDJTIybWV0YWRhdGElMjIlM0ElMjIlMjIlMkMlMjJtYXRjaGVzJTIyJTNBbnVsbCUyQyUyMm1ldGFEYXRhJTIyJTNBJTVCJTVEJTJDJTIydGV4dCUyMiUzQSUyMkR1YWwlMjBwb3dlciUyMGF1dG9tYXRpYyUyMHRyYW5zZmVyJTIwc3dpdGNoJTIwaXMlMjB0ZWNobmljYWwlMjIlN0QlNUQlN0QlNUQ=\">transferencia autom\u00e1tica <a href=\"https:\/\/elejg.com\/\">interruptor<\/a> <a href=\"https:\/\/bright-china.com\/en\/ats\/\" title=\"\u67e5\u770b\u66f4\u591a\u5173\u4e8eATS\u7684\u4fe1\u606f\" class=\"seo-keyword-link\" style=\"font-weight: bold; color: inherit; text-decoration: underline; border-bottom: 1px dotted #667eea;\">ATS<\/a> es t\u00e9cnico<\/span><\/h2>\n<hr \/>\n<p>1. El interruptor cumple con: IEC947-6-1, GB14048.11<\/p>\n<p>2. Tensi\u00f3n nominal de trabajo (Ue): AC415V<\/p>\n<p>3. Capacidad nominal de conexi\u00f3n (A Rms): 10Ie<\/p>\n<p>4. Poder de corte nominal (A rms): 8Ie<\/p>\n<p>5. Corriente nominal de calentamiento: 100 A<\/p>\n<p>6. Tensi\u00f3n nominal de aislamiento: 750 V<\/p>\n<p>7. Tensi\u00f3n nominal soportada por impulso: 8 kV<\/p>\n<p>8. Corriente nominal de trabajo: 100 A<\/p>\n<p>9. Corriente nominal de cortocircuito: 7kA<\/p>\n<p>10. Corriente l\u00edmite nominal: 100 kA<\/p>\n<p>11. Tiempo de conversi\u00f3n: 10S<\/p>\n<h2><span data-slate-fragment=\"JTVCJTdCJTIydHlwZSUyMiUzQSUyMnBhcmFncmFwaCUyMiUyQyUyMmNoaWxkcmVuJTIyJTNBJTVCJTdCJTIyaWQlMjIlM0ElMjJ6Zzk0MWcwd3JlJTIyJTJDJTIycGFyYUlkeCUyMiUzQTAlMkMlMjJzcmMlMjIlM0ElMjJEdWFsJTIwcG93ZXIlMjBhdXRvbWF0aWMlMjB0cmFuc2ZlciUyMHN3aXRjaCUyMGlzJTIwdXNlJTIyJTJDJTIyZHN0JTIyJTNBJTIyJUU0JUJEJUJGJUU3JTk0JUE4JUU1JThGJThDJUU3JTk0JUI1JUU2JUJBJTkwJUU4JTg3JUFBJUU1JThBJUE4JUU4JUJEJUFDJUU2JThEJUEyJUU1JUJDJTgwJUU1JTg1JUIzJTIyJTJDJTIybWV0YWRhdGElMjIlM0ElMjIlMjIlMkMlMjJtYXRjaGVzJTIyJTNBbnVsbCUyQyUyMm1ldGFEYXRhJTIyJTNBJTVCJTVEJTJDJTIydGV4dCUyMiUzQSUyMkR1YWwlMjBwb3dlciUyMGF1dG9tYXRpYyUyMHRyYW5zZmVyJTIwc3dpdGNoJTIwaXMlMjB1c2UlMjIlN0QlNUQlN0QlNUQ=\">\u00a0El interruptor de transferencia autom\u00e1tica ATS se utiliza<\/span><\/h2>\n<hr \/>\n<p>1. Funci\u00f3n totalmente autom\u00e1tica: cuando la fuente de alimentaci\u00f3n de uso com\u00fan se apaga, el interruptor cambiar\u00e1 autom\u00e1ticamente a la fuente de alimentaci\u00f3n de reserva; Cuando la alimentaci\u00f3n de reserva se restablece a la normalidad,<\/p>\n<p>El interruptor vuelve autom\u00e1ticamente a la alimentaci\u00f3n de reserva.<\/p>\n<p>2. Funci\u00f3n \"0\" forzado: Encienda el bot\u00f3n \"0\" forzado, y el interruptor cortar\u00e1 la alimentaci\u00f3n dual.<\/p>\n<p>3. Funci\u00f3n de mando a distancia: es decir, mando a distancia, pulse el bot\u00f3n \"I\"; a continuaci\u00f3n, la fuente de alimentaci\u00f3n se utiliza com\u00fanmente; Pulse la posici\u00f3n \"II\".<\/p>\n<p>para que funcione la alimentaci\u00f3n en espera; pulse el bot\u00f3n \"0\" para cortar la alimentaci\u00f3n doble.<\/p>\n<p>4. Seleccione la funci\u00f3n del interruptor seg\u00fan sus necesidades y realice el cableado de acuerdo con la funci\u00f3n correspondiente.<\/p>\n<p>5. Al realizar el pedido, indique el modelo de interruptor, la especificaci\u00f3n actual y la funci\u00f3n deseada.<\/p>","protected":false},"excerpt":{"rendered":"<p>Automatic Transfer Switch JGQ3-100S (<a href=\"https:\/\/bright-china.com\/en\/ats\/\" title=\"\u67e5\u770b\u66f4\u591a\u5173\u4e8eATS\u7684\u4fe1\u606f\" class=\"seo-keyword-link\" style=\"font-weight: bold; color: inherit; text-decoration: underline; border-bottom: 1px dotted #667eea;\">ATS<\/a>), is a set of switch and logic control in one, without the need for external controller, truly realize the mechanical and electrical integration of automatic transfer switch, it is suitable for AC 50Hz, rated voltage to 440V, the agreed heating current of 100A in the industrial and enterprise power distribution equipment,<\/p>","protected":false},"featured_media":8736,"template":"","meta":{"_acf_changed":false,"site-sidebar-layout":"default","site-content-layout":"","ast-site-content-layout":"default","site-content-style":"default","site-sidebar-style":"default","ast-global-header-display":"","ast-banner-title-visibility":"","ast-main-header-display":"","ast-hfb-above-header-display":"","ast-hfb-below-header-display":"","ast-hfb-mobile-header-display":"","site-post-title":"","ast-breadcrumbs-content":"","ast-featured-img":"","footer-sml-layout":"","theme-transparent-header-meta":"default","adv-header-id-meta":"","stick-header-meta":"default","header-above-stick-meta":"","header-main-stick-meta":"","header-below-stick-meta":"","astra-migrate-meta-layouts":"set","ast-page-background-enabled":"default","ast-page-background-meta":{"desktop":{"background-color":"","background-image":"","background-repeat":"repeat","background-position":"center center","background-size":"auto","background-attachment":"scroll","background-type":"","background-media":"","overlay-type":"","overlay-color":"","overlay-opacity":"","overlay-gradient":""},"tablet":{"background-color":"","background-image":"","background-repeat":"repeat","background-position":"center center","background-size":"auto","background-attachment":"scroll","background-type":"","background-media":"","overlay-type":"","overlay-color":"","overlay-opacity":"","overlay-gradient":""},"mobile":{"background-color":"","background-image":"","background-repeat":"repeat","background-position":"center center","background-size":"auto","background-attachment":"scroll","background-type":"","background-media":"","overlay-type":"","overlay-color":"","overlay-opacity":"","overlay-gradient":""}},"ast-content-background-meta":{"desktop":{"background-color":"var(--ast-global-color-5)","background-image":"","background-repeat":"repeat","background-position":"center center","background-size":"auto","background-attachment":"scroll","background-type":"","background-media":"","overlay-type":"","overlay-color":"","overlay-opacity":"","overlay-gradient":""},"tablet":{"background-color":"var(--ast-global-color-5)","background-image":"","background-repeat":"repeat","background-position":"center center","background-size":"auto","background-attachment":"scroll","background-type":"","background-media":"","overlay-type":"","overlay-color":"","overlay-opacity":"","overlay-gradient":""},"mobile":{"background-color":"var(--ast-global-color-5)","background-image":"","background-repeat":"repeat","background-position":"center center","background-size":"auto","background-attachment":"scroll","background-type":"","background-media":"","overlay-type":"","overlay-color":"","overlay-opacity":"","overlay-gradient":""}},"_seo_title":"Automatic Transfer Switch\uff08ATS\uff09","_seo_keywords":"Automatic Transfer Switch(ATS), Automatic Transfer Switch in china, ATS","_seo_description":"Automatic Transfer Switch JGQ3-100S (ATS), is a set of switch and logic control in one, without the need for external controller,"},"product_brand":[],"product_cat":[100],"product_tag":[101,102],"class_list":{"0":"post-4426","1":"product","2":"type-product","3":"status-publish","4":"has-post-thumbnail","6":"product_cat-ats","7":"product_tag-ats","8":"product_tag-automatic-transfer-switch","9":"desktop-align-center","10":"tablet-align-left","11":"mobile-align-left","12":"ast-product-gallery-layout-horizontal-slider","14":"first","15":"instock","16":"sale","17":"featured","18":"downloadable","19":"shipping-taxable","20":"purchasable","21":"product-type-simple"},"acf":[],"seo_title":"Automatic Transfer Switch\uff08ATS\uff09","seo_keywords":"Automatic Transfer Switch(ATS), Automatic Transfer Switch in china, ATS","seo_description":"Automatic Transfer Switch JGQ3-100S (ATS), is a set of switch and logic control in one, without the need for external controller,","seo_score":"85","product_seo_keywords":"","_links":{"self":[{"href":"https:\/\/bright-china.com\/sp\/wp-json\/wp\/v2\/product\/4426","targetHints":{"allow":["GET"]}}],"collection":[{"href":"https:\/\/bright-china.com\/sp\/wp-json\/wp\/v2\/product"}],"about":[{"href":"https:\/\/bright-china.com\/sp\/wp-json\/wp\/v2\/types\/product"}],"wp:featuredmedia":[{"embeddable":true,"href":"https:\/\/bright-china.com\/sp\/wp-json\/wp\/v2\/media\/8736"}],"wp:attachment":[{"href":"https:\/\/bright-china.com\/sp\/wp-json\/wp\/v2\/media?parent=4426"}],"wp:term":[{"taxonomy":"product_brand","embeddable":true,"href":"https:\/\/bright-china.com\/sp\/wp-json\/wp\/v2\/product_brand?post=4426"},{"taxonomy":"product_cat","embeddable":true,"href":"https:\/\/bright-china.com\/sp\/wp-json\/wp\/v2\/product_cat?post=4426"},{"taxonomy":"product_tag","embeddable":true,"href":"https:\/\/bright-china.com\/sp\/wp-json\/wp\/v2\/product_tag?post=4426"}],"curies":[{"name":"wp","href":"https:\/\/api.w.org\/{rel}","templated":true}]}}