{"id":4428,"date":"2025-04-27T02:23:54","date_gmt":"2025-04-27T02:23:54","guid":{"rendered":"https:\/\/bright-china.com\/?post_type=product&#038;p=4428"},"modified":"2026-01-01T17:34:45","modified_gmt":"2026-01-02T00:34:45","slug":"ats-jgq1-63","status":"publish","type":"product","link":"https:\/\/bright-china.com\/sp\/producto\/ats-jgq1-63\/","title":{"rendered":"Interruptor de transferencia autom\u00e1tica de doble potencia JGQ1-63"},"content":{"rendered":"<h2><strong>introducci\u00f3n<\/strong><\/h2>\n<hr \/>\n<p><img fetchpriority=\"high\" decoding=\"async\" class=\"alignleft wp-image-8747 size-medium\" src=\"https:\/\/bright-china.com\/wp-content\/uploads\/2025\/04\/Automatic-Transfer-Switch-JGQ1-63-2-300x300.webp\" alt=\"Interruptor de transferencia autom\u00e1tica-JGQ1-63\" width=\"300\" height=\"300\" srcset=\"https:\/\/bright-china.com\/wp-content\/uploads\/2025\/04\/Automatic-Transfer-Switch-JGQ1-63-2-300x300.webp 300w, https:\/\/bright-china.com\/wp-content\/uploads\/2025\/04\/Automatic-Transfer-Switch-JGQ1-63-2-150x150.webp 150w, https:\/\/bright-china.com\/wp-content\/uploads\/2025\/04\/Automatic-Transfer-Switch-JGQ1-63-2-768x768.webp 768w, https:\/\/bright-china.com\/wp-content\/uploads\/2025\/04\/Automatic-Transfer-Switch-JGQ1-63-2-12x12.webp 12w, https:\/\/bright-china.com\/wp-content\/uploads\/2025\/04\/Automatic-Transfer-Switch-JGQ1-63-2-600x600.webp 600w, https:\/\/bright-china.com\/wp-content\/uploads\/2025\/04\/Automatic-Transfer-Switch-JGQ1-63-2-100x100.webp 100w, https:\/\/bright-china.com\/wp-content\/uploads\/2025\/04\/Automatic-Transfer-Switch-JGQ1-63-2.webp 800w\" sizes=\"(max-width: 300px) 100vw, 300px\" \/><\/p>\n<p>Serie JGQ1 <a href=\"https:\/\/bright-china.com\/dc-circuit-breakers-2\/\">Interruptor de transferencia autom\u00e1tica de doble potencia<\/a> (en lo sucesivo, el conmutador de transferencia) es adecuado para CA 50Hz o 60Hz, tensi\u00f3n nominal de trabajo 400V, por debajo del sistema de alimentaci\u00f3n de doble circuito. La conversi\u00f3n selectiva entre las dos fuentes de alimentaci\u00f3n se puede hacer seg\u00fan sea necesario. El producto tiene las funciones de cortocircuito, sobrecarga, baja tensi\u00f3n y p\u00e9rdida de tensi\u00f3n, y tambi\u00e9n tiene las funciones de fuego <a href=\"https:\/\/elejg.com\/\">protecci\u00f3n<\/a>, doble divisi\u00f3n y se\u00f1al de cierre de salida.<br \/>\nEst\u00e1 especialmente indicado para la instalaci\u00f3n y el uso de l\u00edneas de alumbrado en edificios de oficinas, centros comerciales, bancos, estaciones, hospitales y edificios de gran altura que requieran requisitos de protecci\u00f3n contra incendios.<br \/>\nEl producto cumple las normas GB\/T14048, 11.<\/p>\n<h2>Condiciones normales de trabajo<\/h2>\n<hr \/>\n<p>3.1 El l\u00edmite superior de la temperatura del aire ambiente no superar\u00e1 los +40 \u00b0C, y el l\u00edmite inferior no superar\u00e1 los \u00b0C.<\/p>\n<p>El valor medio de 24h no supera los +35\u00b0C.<\/p>\n<p>3.2 La altitud del emplazamiento de la instalaci\u00f3n no superar\u00e1 los 2000 m.<\/p>\n<p>3.3 La humedad relativa de la atm\u00f3sfera no supera 50% a la temperatura ambiente del aire +40\u00b0C, y a temperaturas inferiores, puede haber una humedad m\u00e1s elevada; Cuando la temperatura m\u00ednima mensual media del mes m\u00e1s h\u00famedo es de +25\u00b0C, la humedad relativa m\u00e1xima media es de 90%, teniendo en cuenta los factores<\/p>\n<p>Si se producen cambios de humedad en la superficie del producto por condensaci\u00f3n, deben tomarse medidas especiales.<\/p>\n<p>3.4 El nivel de contaminaci\u00f3n es de clase III.<\/p>\n<p>3.5 No hay fuertes vibraciones e impactos en el lugar de funcionamiento, no hay corrosi\u00f3n ni da\u00f1os en el aislamiento gases nocivos, no hay polvo grave, no hay part\u00edculas conductoras y sustancias peligrosas explosivas,<\/p>\n<p>Sin interferencias electromagn\u00e9ticas fuertes\u3002<\/p>\n<h2>Caracter\u00edsticas del conmutador de transferencia autom\u00e1tica de doble potencia<\/h2>\n<hr \/>\n<p>4.1 La estructura del interruptor de transferencia autom\u00e1tica de doble potencia es razonable, el tama\u00f1o es m\u00ednimo, la apariencia es hermosa, equipado con una cubierta protectora, y la fuente de alimentaci\u00f3n es m\u00e1s segura y fiable.<\/p>\n<p>4.2 La funci\u00f3n de expansi\u00f3n es completa, con protecci\u00f3n contra cortocircuito, sobrecarga, p\u00e9rdida de fase, subtensi\u00f3n y otras.<\/p>\n<p>4.3 Con la interfaz de alimentaci\u00f3n de fuego EPS, DC12~24V puede ser fiable y de larga distancia de doble divisi\u00f3n.<\/p>\n<p>4.4 Funcionamiento silencioso, ahorro de energ\u00eda y reducci\u00f3n del consumo, f\u00e1cil instalaci\u00f3n, funcionamiento sencillo, rendimiento fiable y estable.<\/p>\n<h2>Rendimiento del conmutador de transferencia autom\u00e1tica de doble potencia<\/h2>\n<hr \/>\n<p>5.1 El interruptor de transferencia se compone de dos disyuntores en miniatura y motores y dispositivos mec\u00e1nicos de rotaci\u00f3n combinados en uno y detecta las dos fuentes de alimentaci\u00f3n a trav\u00e9s del controlador, cuando el circuito es anormal, el controlador hace un juicio l\u00f3gico sobre los resultados de detecci\u00f3n, de acuerdo con las instrucciones del controlador<\/p>\n<p>Accionar el mecanismo de funcionamiento para abrir o cerrar, a fin de garantizar el suministro seguro y fiable de energ\u00eda a la carga.<\/p>\n<p>5.2 Capacidad de conmutaci\u00f3n y desconexi\u00f3n<\/p>\n<p>5.3 Poder asignado de corte en cortocircuito: 3kA<\/p>\n<p>5.4 Capacidad nominal de conexi\u00f3n en cortocircuito: 3kA<\/p>\n<p>5,5 Tiempo de conversi\u00f3n: \u22643s<\/p>\n<p>5.6 La tensi\u00f3n de control del interruptor de transferencia es AC230V<\/p>\n<p>5.7 La vida mec\u00e1nica del interruptor de transferencia (conversi\u00f3n com\u00fan y de reserva) es de 3000 veces,<\/p>\n<p>La vida el\u00e9ctrica es 1500 veces<\/p>\n<p>5.8 Tensi\u00f3n nominal de aislamiento: U=500V<\/p>\n<p>5.9 Corriente nominal de trabajo: 10A, 16A, 20A, 25A, 32A, 40A, 63A.<\/p>\n<p>5.10 En general, el interruptor de transferencia tiene la funci\u00f3n de auto-lanzamiento y auto-recuperaci\u00f3n, y el principio de prioridad de alimentaci\u00f3n com\u00fan. Si en una ocasi\u00f3n especial se requiere un conmutador de transferencia autorreparable, el usuario negocia con el fabricante para personalizarlo.<\/p>\n<h2>Funcionamiento e instalaci\u00f3n<\/h2>\n<hr \/>\n<p>6.1 Si el disyuntor es de 3 polos, el cable neutro debe conectarse al terminal neutro del interruptor de transferencia (el cable neutro de uso com\u00fan y el cable neutro de repuesto de la figura<\/p>\n<p>6.2 se conectan a los terminales 2# y 4# respectivamente).<\/p>\n<p>6.1 Esquema el\u00e9ctrico del circuito principal<\/p>\n<p>6.2 Indicaci\u00f3n de cierre de la alimentaci\u00f3n externa y esquema el\u00e9ctrico de la alimentaci\u00f3n de incendio<\/p>\n<p>6.3 Cuando el interruptor de transferencia necesita ser operado manualmente, si es del tipo JGQ1-63, el interruptor de bot\u00f3n debe estar primero en la posici\u00f3n manual, y luego la manija puede ser rotada para la conversi\u00f3n com\u00fan o de reserva, si es del tipo JGQ1-63, presione el bot\u00f3n manual\/autom\u00e1tico, y cuando la luz indicadora manual est\u00e9 encendida, la conversi\u00f3n com\u00fan o de reserva puede ser llevada a cabo. Ponga el modo de control en la posici\u00f3n autom\u00e1tica, y el interruptor de transferencia entrar\u00e1 en el estado de trabajo autom\u00e1tico; Y la fuente de alimentaci\u00f3n com\u00fan tiene prioridad.<\/p>\n<p>6.4 Cuando el conmutador de transferencia est\u00e1 conectado a la l\u00ednea de acuerdo con el diagrama de cableado, despu\u00e9s de conectar la alimentaci\u00f3n normalmente, si la fuente de alimentaci\u00f3n com\u00fan y la fuente de alimentaci\u00f3n de reserva son todas normales, la luz indicadora (roja) de la fuente de alimentaci\u00f3n com\u00fan o de la fuente de alimentaci\u00f3n de reserva se enciende, y el conmutador de transferencia funciona normalmente.<\/p>","protected":false},"excerpt":{"rendered":"<p>Serie JGQ1 <a href=\"https:\/\/bright-china.com\/dc-circuit-breakers-2\/\">Interruptor de transferencia autom\u00e1tica de doble potencia<\/a> (en lo sucesivo, el conmutador de transferencia) es adecuado para CA 50Hz o 60Hz, tensi\u00f3n nominal de trabajo 400V, por debajo del sistema de alimentaci\u00f3n de doble circuito. La conversi\u00f3n selectiva entre las dos fuentes de alimentaci\u00f3n se puede hacer seg\u00fan sea necesario. El producto tiene las funciones de cortocircuito, sobrecarga, baja tensi\u00f3n y p\u00e9rdida de tensi\u00f3n, y tambi\u00e9n tiene las funciones de protecci\u00f3n contra incendios, doble divisi\u00f3n y se\u00f1al de cierre de salida.<\/p>\n<p>Es especialmente adecuado para la instalaci\u00f3n y el uso de l\u00edneas de iluminaci\u00f3n en edificios de oficinas, centros comerciales, bancos, estaciones, hospitales y edificios de gran altura que requieren requisitos de protecci\u00f3n contra incendios.El producto se ajusta a las normas GB\/T14048, 11.<\/p>","protected":false},"featured_media":8747,"template":"","meta":{"_acf_changed":false,"site-sidebar-layout":"default","site-content-layout":"","ast-site-content-layout":"default","site-content-style":"default","site-sidebar-style":"default","ast-global-header-display":"","ast-banner-title-visibility":"","ast-main-header-display":"","ast-hfb-above-header-display":"","ast-hfb-below-header-display":"","ast-hfb-mobile-header-display":"","site-post-title":"","ast-breadcrumbs-content":"","ast-featured-img":"","footer-sml-layout":"","theme-transparent-header-meta":"default","adv-header-id-meta":"","stick-header-meta":"default","header-above-stick-meta":"","header-main-stick-meta":"","header-below-stick-meta":"","astra-migrate-meta-layouts":"set","ast-page-background-enabled":"default","ast-page-background-meta":{"desktop":{"background-color":"","background-image":"","background-repeat":"repeat","background-position":"center center","background-size":"auto","background-attachment":"scroll","background-type":"","background-media":"","overlay-type":"","overlay-color":"","overlay-opacity":"","overlay-gradient":""},"tablet":{"background-color":"","background-image":"","background-repeat":"repeat","background-position":"center center","background-size":"auto","background-attachment":"scroll","background-type":"","background-media":"","overlay-type":"","overlay-color":"","overlay-opacity":"","overlay-gradient":""},"mobile":{"background-color":"","background-image":"","background-repeat":"repeat","background-position":"center center","background-size":"auto","background-attachment":"scroll","background-type":"","background-media":"","overlay-type":"","overlay-color":"","overlay-opacity":"","overlay-gradient":""}},"ast-content-background-meta":{"desktop":{"background-color":"var(--ast-global-color-5)","background-image":"","background-repeat":"repeat","background-position":"center center","background-size":"auto","background-attachment":"scroll","background-type":"","background-media":"","overlay-type":"","overlay-color":"","overlay-opacity":"","overlay-gradient":""},"tablet":{"background-color":"var(--ast-global-color-5)","background-image":"","background-repeat":"repeat","background-position":"center center","background-size":"auto","background-attachment":"scroll","background-type":"","background-media":"","overlay-type":"","overlay-color":"","overlay-opacity":"","overlay-gradient":""},"mobile":{"background-color":"var(--ast-global-color-5)","background-image":"","background-repeat":"repeat","background-position":"center center","background-size":"auto","background-attachment":"scroll","background-type":"","background-media":"","overlay-type":"","overlay-color":"","overlay-opacity":"","overlay-gradient":""}},"_seo_title":"Dual Power Automatic Transfer Switch JGQ1-63","_seo_keywords":"Dual Power Automatic Transfer Switch, Automatic Transfer Switch, ATS","_seo_description":"JGQ1 series Dual Power Automatic Transfer Switch (hereinafter referred to as the transfer switch) is suitable for AC 50Hz or 60Hz, rated working voltage 400V, below the double circuit power..."},"product_brand":[],"product_cat":[15,100],"product_tag":[101,102,103],"class_list":{"0":"post-4428","1":"product","2":"type-product","3":"status-publish","4":"has-post-thumbnail","6":"product_cat-product","7":"product_cat-ats","8":"product_tag-ats","9":"product_tag-automatic-transfer-switch","10":"product_tag-dual-power-automatic-transfer-switch","11":"desktop-align-center","12":"tablet-align-left","13":"mobile-align-left","14":"ast-product-gallery-layout-horizontal-slider","16":"first","17":"instock","18":"sale","19":"featured","20":"shipping-taxable","21":"purchasable","22":"product-type-simple"},"acf":[],"seo_title":"Dual Power Automatic Transfer Switch JGQ1-63","seo_keywords":"Dual Power Automatic Transfer Switch, Automatic Transfer Switch, ATS","seo_description":"JGQ1 series Dual Power Automatic Transfer Switch (hereinafter referred to as the transfer switch) is suitable for AC 50Hz or 60Hz, rated working voltage 400V, below the double circuit power...","seo_score":"85","product_seo_keywords":"","_links":{"self":[{"href":"https:\/\/bright-china.com\/sp\/wp-json\/wp\/v2\/product\/4428","targetHints":{"allow":["GET"]}}],"collection":[{"href":"https:\/\/bright-china.com\/sp\/wp-json\/wp\/v2\/product"}],"about":[{"href":"https:\/\/bright-china.com\/sp\/wp-json\/wp\/v2\/types\/product"}],"wp:featuredmedia":[{"embeddable":true,"href":"https:\/\/bright-china.com\/sp\/wp-json\/wp\/v2\/media\/8747"}],"wp:attachment":[{"href":"https:\/\/bright-china.com\/sp\/wp-json\/wp\/v2\/media?parent=4428"}],"wp:term":[{"taxonomy":"product_brand","embeddable":true,"href":"https:\/\/bright-china.com\/sp\/wp-json\/wp\/v2\/product_brand?post=4428"},{"taxonomy":"product_cat","embeddable":true,"href":"https:\/\/bright-china.com\/sp\/wp-json\/wp\/v2\/product_cat?post=4428"},{"taxonomy":"product_tag","embeddable":true,"href":"https:\/\/bright-china.com\/sp\/wp-json\/wp\/v2\/product_tag?post=4428"}],"curies":[{"name":"wp","href":"https:\/\/api.w.org\/{rel}","templated":true}]}}