{"id":4429,"date":"2025-04-27T02:23:54","date_gmt":"2025-04-27T02:23:54","guid":{"rendered":"https:\/\/bright-china.com\/?post_type=product&#038;p=4429"},"modified":"2026-01-04T03:41:32","modified_gmt":"2026-01-04T10:41:32","slug":"protector-de-tension-jggq-100s","status":"publish","type":"product","link":"https:\/\/bright-china.com\/sp\/producto\/protector-de-tension-jggq-100s\/","title":{"rendered":"Protector de sobretensi\u00f3n y subtensi\u00f3n trif\u00e1sico de 4 hilos con restablecimiento autom\u00e1tico JGGQ-100S"},"content":{"rendered":"<h2><strong>Introducci\u00f3n<\/strong><\/h2>\n<hr \/>\n<p><a style=\"font-size: 16px; background-color: #ffffff;\" href=\"https:\/\/bright-china.com\"><strong>Protector de sobretensi\u00f3n y subtensi\u00f3n trif\u00e1sico de 4 hilos con restablecimiento autom\u00e1tico\u00a0 \u00a0<\/strong><\/a><span style=\"font-size: 16px;\">Cuando la l\u00ednea de alimentaci\u00f3n tiene sobretensi\u00f3n y subtensi\u00f3n, el protector puede cortar r\u00e1pidamente y con seguridad el circuito bajo el impacto continuo de alta tensi\u00f3n para evitar la ocurrencia de accidentes causados por la tensi\u00f3n anormal enviada a los aparatos el\u00e9ctricos terminales, y cuando la tensi\u00f3n vuelve a los valores normales, el protector encender\u00e1 autom\u00e1ticamente el circuito dentro del tiempo especificado para garantizar el funcionamiento normal de los aparatos el\u00e9ctricos terminales en la situaci\u00f3n desatendida.<\/span><\/p>\n<h2><strong>En segundo lugar, los principales par\u00e1metros t\u00e9cnicos<\/strong><\/h2>\n<hr \/>\n<p>1. Corriente nominal: 32A, 40A, 50A, 63A, 80A, 100A<\/p>\n<p>2. Tensi\u00f3n de trabajo: AC230V (modo de trabajo de l\u00ednea de fase a l\u00ednea neutra)<\/p>\n<p>3. Valor de protecci\u00f3n contra sobretensi\u00f3n: AC270V \u00b15V<\/p>\n<p>4. Valor de protecci\u00f3n de subtensi\u00f3n: AC170V \u00b15V<\/p>\n<p>5. Tiempo de restablecimiento tras fallo: 40 segundos \u00b15 segundos<\/p>\n<p>6. Tiempo de acci\u00f3n: 0,1 segundos<\/p>\n<p>7. Los productos tienen principalmente las funciones de protecci\u00f3n de p\u00e9rdida de fase, carecen de protecci\u00f3n de l\u00ednea cero, <a href=\"https:\/\/elejg.com\/?product\/\">sobretensi\u00f3n<\/a> protecci\u00f3n, protecci\u00f3n contra baja tensi\u00f3n, etc.<\/p>\n<h2><strong>Aplicaci\u00f3n de las normas<\/strong><\/h2>\n<hr \/>\n<p>JGJ242-2011 C\u00f3digo de dise\u00f1o el\u00e9ctrico de edificios residenciales<\/p>\n<p>JGJ\/T16-2008<\/p>\n<p>GJBT-672 Atlas est\u00e1ndar de dise\u00f1o el\u00e9ctrico y construcci\u00f3n de edificios residenciales<\/p>\n<p>GB\/T68895.10-2001<\/p>\n<p>Cumple las normas de seguridad para aparatos el\u00e9ctricos de clase III<\/p>\n<p>JB\/T12762-2015 \u300a<strong>Protector de sobretensi\u00f3n\/subtensi\u00f3n autorreajustable<\/strong>\uff08<strong>OUPA<\/strong>)\u300b<\/p>\n<h2><strong>Las dimensiones totales<\/strong><\/h2>\n<hr \/>\n<p><img fetchpriority=\"high\" decoding=\"async\" class=\"alignnone size-full wp-image-8881\" src=\"https:\/\/bright-china.com\/wp-content\/uploads\/2025\/04\/3-phase-4-wire-self-resettable-over-and-undervoltage-protector-JGGQ-100S-5.webp\" alt=\"Protector de sobretensi\u00f3n y subtensi\u00f3n trif\u00e1sico de 4 hilos con rearme autom\u00e1tico JGGQ-100S-5\" width=\"1200\" height=\"519\" srcset=\"https:\/\/bright-china.com\/wp-content\/uploads\/2025\/04\/3-phase-4-wire-self-resettable-over-and-undervoltage-protector-JGGQ-100S-5.webp 1200w, https:\/\/bright-china.com\/wp-content\/uploads\/2025\/04\/3-phase-4-wire-self-resettable-over-and-undervoltage-protector-JGGQ-100S-5-300x130.webp 300w, https:\/\/bright-china.com\/wp-content\/uploads\/2025\/04\/3-phase-4-wire-self-resettable-over-and-undervoltage-protector-JGGQ-100S-5-1024x443.webp 1024w, https:\/\/bright-china.com\/wp-content\/uploads\/2025\/04\/3-phase-4-wire-self-resettable-over-and-undervoltage-protector-JGGQ-100S-5-768x332.webp 768w, https:\/\/bright-china.com\/wp-content\/uploads\/2025\/04\/3-phase-4-wire-self-resettable-over-and-undervoltage-protector-JGGQ-100S-5-18x8.webp 18w, https:\/\/bright-china.com\/wp-content\/uploads\/2025\/04\/3-phase-4-wire-self-resettable-over-and-undervoltage-protector-JGGQ-100S-5-600x260.webp 600w\" sizes=\"(max-width: 1200px) 100vw, 1200px\" \/><\/p>","protected":false},"excerpt":{"rendered":"<p><a href=\"https:\/\/bright-china.com\"><strong>Protector de sobretensi\u00f3n y subtensi\u00f3n trif\u00e1sico de 4 hilos con restablecimiento autom\u00e1tico\u00a0 <\/strong><\/a>adopta un microprocesador de alta velocidad y bajo consumo como n\u00facleo del circuito de control, un rel\u00e9 de enclavamiento magn\u00e9tico como circuito principal, y un dise\u00f1o est\u00e1ndar modularizado, cuando la l\u00ednea de alimentaci\u00f3n tiene sobretensi\u00f3n y subtensi\u00f3n, el protector puede cortar el circuito de forma r\u00e1pida y segura bajo el impacto continuo de alta tensi\u00f3n, para evitar accidentes causados por la tensi\u00f3n anormal enviada a los aparatos el\u00e9ctricos terminales, y cuando la tensi\u00f3n vuelva a los valores normales, el protector encender\u00e1 autom\u00e1ticamente el circuito dentro del tiempo especificado para garantizar el funcionamiento normal de los aparatos el\u00e9ctricos terminales en caso de desatenci\u00f3n.<\/p>","protected":false},"featured_media":8783,"template":"","meta":{"_acf_changed":false,"site-sidebar-layout":"default","site-content-layout":"","ast-site-content-layout":"default","site-content-style":"default","site-sidebar-style":"default","ast-global-header-display":"","ast-banner-title-visibility":"","ast-main-header-display":"","ast-hfb-above-header-display":"","ast-hfb-below-header-display":"","ast-hfb-mobile-header-display":"","site-post-title":"","ast-breadcrumbs-content":"","ast-featured-img":"","footer-sml-layout":"","theme-transparent-header-meta":"default","adv-header-id-meta":"","stick-header-meta":"default","header-above-stick-meta":"","header-main-stick-meta":"","header-below-stick-meta":"","astra-migrate-meta-layouts":"set","ast-page-background-enabled":"default","ast-page-background-meta":{"desktop":{"background-color":"","background-image":"","background-repeat":"repeat","background-position":"center center","background-size":"auto","background-attachment":"scroll","background-type":"","background-media":"","overlay-type":"","overlay-color":"","overlay-opacity":"","overlay-gradient":""},"tablet":{"background-color":"","background-image":"","background-repeat":"repeat","background-position":"center center","background-size":"auto","background-attachment":"scroll","background-type":"","background-media":"","overlay-type":"","overlay-color":"","overlay-opacity":"","overlay-gradient":""},"mobile":{"background-color":"","background-image":"","background-repeat":"repeat","background-position":"center center","background-size":"auto","background-attachment":"scroll","background-type":"","background-media":"","overlay-type":"","overlay-color":"","overlay-opacity":"","overlay-gradient":""}},"ast-content-background-meta":{"desktop":{"background-color":"var(--ast-global-color-5)","background-image":"","background-repeat":"repeat","background-position":"center center","background-size":"auto","background-attachment":"scroll","background-type":"","background-media":"","overlay-type":"","overlay-color":"","overlay-opacity":"","overlay-gradient":""},"tablet":{"background-color":"var(--ast-global-color-5)","background-image":"","background-repeat":"repeat","background-position":"center center","background-size":"auto","background-attachment":"scroll","background-type":"","background-media":"","overlay-type":"","overlay-color":"","overlay-opacity":"","overlay-gradient":""},"mobile":{"background-color":"var(--ast-global-color-5)","background-image":"","background-repeat":"repeat","background-position":"center center","background-size":"auto","background-attachment":"scroll","background-type":"","background-media":"","overlay-type":"","overlay-color":"","overlay-opacity":"","overlay-gradient":""}},"_seo_title":"3 phase 4 wire self resettable over\/under voltage protector","_seo_keywords":"3 phase 4 wire self resettable over\/under voltage protector, 3 phase voltage protector, voltage protector setting","_seo_description":"3 phase 4 wire self resettable over and under voltage protector\u00a0 adopts high-speed micro-low-power processor as the core of the control circuit, magnetic latching relay as the main circuit, and..."},"product_brand":[],"product_cat":[15,65],"product_tag":[112,113,93],"class_list":{"0":"post-4429","1":"product","2":"type-product","3":"status-publish","4":"has-post-thumbnail","6":"product_cat-product","7":"product_cat-current-and-voltage-protector","8":"product_tag-over-undervoltage-protector","9":"product_tag-three-phase-four-wire-self-resettable-over-undervoltage-protector","10":"product_tag-voltage-protector","11":"desktop-align-center","12":"tablet-align-left","13":"mobile-align-left","14":"ast-product-gallery-layout-horizontal-slider","16":"first","17":"instock","18":"featured","19":"shipping-taxable","20":"product-type-simple"},"acf":[],"seo_title":"3 phase 4 wire self resettable over\/under voltage protector","seo_keywords":"3 phase 4 wire self resettable over\/under voltage protector, 3 phase voltage protector, voltage protector setting","seo_description":"3 phase 4 wire self resettable over and under voltage protector\u00a0 adopts high-speed micro-low-power processor as the core of the control circuit, magnetic latching relay as the main circuit, and...","seo_score":"75","product_seo_keywords":"","_links":{"self":[{"href":"https:\/\/bright-china.com\/sp\/wp-json\/wp\/v2\/product\/4429","targetHints":{"allow":["GET"]}}],"collection":[{"href":"https:\/\/bright-china.com\/sp\/wp-json\/wp\/v2\/product"}],"about":[{"href":"https:\/\/bright-china.com\/sp\/wp-json\/wp\/v2\/types\/product"}],"wp:featuredmedia":[{"embeddable":true,"href":"https:\/\/bright-china.com\/sp\/wp-json\/wp\/v2\/media\/8783"}],"wp:attachment":[{"href":"https:\/\/bright-china.com\/sp\/wp-json\/wp\/v2\/media?parent=4429"}],"wp:term":[{"taxonomy":"product_brand","embeddable":true,"href":"https:\/\/bright-china.com\/sp\/wp-json\/wp\/v2\/product_brand?post=4429"},{"taxonomy":"product_cat","embeddable":true,"href":"https:\/\/bright-china.com\/sp\/wp-json\/wp\/v2\/product_cat?post=4429"},{"taxonomy":"product_tag","embeddable":true,"href":"https:\/\/bright-china.com\/sp\/wp-json\/wp\/v2\/product_tag?post=4429"}],"curies":[{"name":"wp","href":"https:\/\/api.w.org\/{rel}","templated":true}]}}