{"id":4432,"date":"2025-04-27T02:23:54","date_gmt":"2025-04-27T02:23:54","guid":{"rendered":"https:\/\/bright-china.com\/?post_type=product&#038;p=4432"},"modified":"2026-03-10T23:31:35","modified_gmt":"2026-03-11T06:31:35","slug":"protector-fhxl-63","status":"publish","type":"product","link":"https:\/\/bright-china.com\/sp\/producto\/protector-fhxl-63\/","title":{"rendered":"Protector de alarma contra incendios con limitaci\u00f3n de corriente FHXL-63"},"content":{"rendered":"<h2><strong>\u00a0Introducci\u00f3n<\/strong><\/h2>\n<hr \/>\n<p><img fetchpriority=\"high\" decoding=\"async\" class=\"alignleft wp-image-8662 size-medium\" src=\"https:\/\/bright-china.com\/wp-content\/uploads\/2025\/04\/Current-Limiting-Fire-Alarm-Protector-FHXL-63-1-300x300.webp\" alt=\"limitador de corriente protector de alarma contra incendios\" width=\"300\" height=\"300\" srcset=\"https:\/\/bright-china.com\/wp-content\/uploads\/2025\/04\/Current-Limiting-Fire-Alarm-Protector-FHXL-63-1-300x300.webp 300w, https:\/\/bright-china.com\/wp-content\/uploads\/2025\/04\/Current-Limiting-Fire-Alarm-Protector-FHXL-63-1-150x150.webp 150w, https:\/\/bright-china.com\/wp-content\/uploads\/2025\/04\/Current-Limiting-Fire-Alarm-Protector-FHXL-63-1-768x768.webp 768w, https:\/\/bright-china.com\/wp-content\/uploads\/2025\/04\/Current-Limiting-Fire-Alarm-Protector-FHXL-63-1-12x12.webp 12w, https:\/\/bright-china.com\/wp-content\/uploads\/2025\/04\/Current-Limiting-Fire-Alarm-Protector-FHXL-63-1-600x600.webp 600w, https:\/\/bright-china.com\/wp-content\/uploads\/2025\/04\/Current-Limiting-Fire-Alarm-Protector-FHXL-63-1-100x100.webp 100w, https:\/\/bright-china.com\/wp-content\/uploads\/2025\/04\/Current-Limiting-Fire-Alarm-Protector-FHXL-63-1.webp 800w\" sizes=\"(max-width: 300px) 100vw, 300px\" \/><\/p>\n<p>La serie FHXL-63 es la <a href=\"https:\/\/bright-china.com\/product-category\/product\/protector\/fireproof-current-limiting-protector\/\">limitador de corriente protector de alarma contra incendios<\/a>\uff08<span data-slate-fragment=\"JTVCJTdCJTIydHlwZSUyMiUzQSUyMnBhcmFncmFwaCUyMiUyQyUyMmNoaWxkcmVuJTIyJTNBJTVCJTdCJTIyaWQlMjIlM0ElMjJWa0RLV2puUFd6JTIyJTJDJTIycGFyYUlkeCUyMiUzQTAlMkMlMjJzcmMlMjIlM0ElMjJjdXJyZW50JTIwbGltaXRpbmclMjBwcm90ZWN0b3IlMjIlMkMlMjJkc3QlMjIlM0ElMjIlRTklOTklOTAlRTYlQjUlODElRTQlQkYlOUQlRTYlOEElQTQlRTUlOTklQTglMjIlMkMlMjJtZXRhZGF0YSUyMiUzQSUyMiUyMiUyQyUyMm1hdGNoZXMlMjIlM0FudWxsJTJDJTIybWV0YURhdGElMjIlM0ElNUIlNUQlMkMlMjJ0ZXh0JTIyJTNBJTIyY3VycmVudCUyMGxpbWl0aW5nJTIwcHJvdGVjdG9yJTIyJTdEJTVEJTdEJTVE\">protector limitador de corriente\uff09<\/span>Se trata de un protector integral con m\u00faltiples funciones de protecci\u00f3n de sobretensi\u00f3n, subtensi\u00f3n, sobrecorriente, fuga, temperatura y detecci\u00f3n de humo. El producto tiene las ventajas de modularizaci\u00f3n, inteligencia, visualizaci\u00f3n, etc. Al mismo tiempo, soporta la comunicaci\u00f3n est\u00e1ndar Modbus485.<\/p>\n<p>protocolo. Todos los par\u00e1metros de protecci\u00f3n, como la protecci\u00f3n contra sobretensi\u00f3n, subtensi\u00f3n y sobrecorriente, pueden ajustarse en funci\u00f3n de la demanda de potencia, para garantizar que el protector pueda cortar instant\u00e1neamente el suministro el\u00e9ctrico cuando<a href=\"https:\/\/elejg.com\/\"> sobretensi\u00f3n<\/a>De este modo, se evita que se produzcan subtensiones, sobrecorrientes y otros fallos en la l\u00ednea, y se puede proteger el equipo el\u00e9ctrico de posibles da\u00f1os.<\/p>\n<p>El producto tiene una estructura compacta, una bonita apariencia y dispone de un ra\u00edl gu\u00eda est\u00e1ndar para su instalaci\u00f3n.<\/p>\n<h2><strong>Condiciones de trabajo y par\u00e1metros de protecci\u00f3n de corriente<\/strong><\/h2>\n<hr \/>\n<table style=\"border-collapse: collapse; width: 100%; border-color: #ababab;\" border=\"0\" width=\"100%\" cellspacing=\"0\" cellpadding=\"0\">\n<tbody>\n<tr style=\"height: 13.50pt;\">\n<td class=\"et2\" style=\"height: 13px; width: 54.3984%; background-color: #0e2469;\" width=\"212\" height=\"18\"><span style=\"color: #ffffff;\">Tipo<\/span><\/td>\n<td class=\"et3\" style=\"width: 45.6016%; background-color: #0e2469; height: 13px;\" width=\"119\"><span style=\"color: #ffffff;\">FHXL-63<\/span><\/td>\n<\/tr>\n<tr style=\"height: 13.50pt;\">\n<td class=\"et4\" style=\"height: 13px; width: 54.3984%;\" height=\"18\"><span style=\"font-family: arial, helvetica, sans-serif;\">Rango de ajuste actual<\/span><\/td>\n<td class=\"et4\" style=\"height: 13px; width: 45.6016%;\"><span style=\"font-family: arial, helvetica, sans-serif;\"><span class=\"font2\">40A(2<\/span><span class=\"font3\">~<\/span><span class=\"font2\">63A)<\/span><\/span><\/td>\n<\/tr>\n<tr style=\"height: 13.50pt;\">\n<td class=\"et4\" style=\"height: 13px; background-color: #c4c4c4; width: 54.3984%;\" height=\"18\"><span style=\"font-family: arial, helvetica, sans-serif;\">Rango de ajuste de la sobretensi\u00f3n<\/span><\/td>\n<td class=\"et4\" style=\"height: 13px; background-color: #c4c4c4; width: 45.6016%;\"><span style=\"font-family: arial, helvetica, sans-serif;\"><span class=\"font2\">AC270V(210<\/span><span class=\"font3\">~<\/span><span class=\"font2\">300V)<\/span><\/span><\/td>\n<\/tr>\n<tr style=\"height: 13.50pt;\">\n<td class=\"et4\" style=\"height: 13px; width: 54.3984%;\" height=\"18\"><span style=\"font-family: arial, helvetica, sans-serif;\">Rango de ajuste de subtensi\u00f3n<\/span><\/td>\n<td class=\"et4\" style=\"height: 13px; width: 45.6016%;\"><span style=\"font-family: arial, helvetica, sans-serif;\"><span class=\"font2\">AC170V(80<\/span><span class=\"font3\">~<\/span><span class=\"font2\">200V)<\/span><\/span><\/td>\n<\/tr>\n<tr style=\"height: 13.50pt;\">\n<td class=\"et4\" style=\"height: 13px; background-color: #c4c4c4; width: 54.3984%;\" height=\"18\"><span style=\"font-family: arial, helvetica, sans-serif;\">Rango de ajuste de la corriente de fuga<\/span><\/td>\n<td class=\"et4\" style=\"height: 13px; background-color: #c4c4c4; width: 45.6016%;\"><span style=\"font-family: arial, helvetica, sans-serif;\"><span class=\"font2\">20mA(5<\/span><span class=\"font3\">~<\/span><span class=\"font2\">300 mA)<\/span><\/span><\/td>\n<\/tr>\n<tr style=\"height: 13.50pt;\">\n<td class=\"et4\" style=\"height: 13px; width: 54.3984%;\" height=\"18\"><span style=\"font-family: arial, helvetica, sans-serif;\">Rango de ajuste de la temperatura<\/span><\/td>\n<td class=\"et4\" style=\"height: 13px; width: 45.6016%;\"><span style=\"font-family: arial, helvetica, sans-serif;\">70\u2103\uff081-150\u2103\uff09<\/span><\/td>\n<\/tr>\n<tr>\n<td style=\"width: 54.3984%;\"><span style=\"font-family: arial, helvetica, sans-serif;\">Frecuencia de alimentaci\u00f3n<\/span><\/td>\n<td style=\"width: 45.6016%;\"><span style=\"font-family: arial, helvetica, sans-serif;\">40~65Hz<\/span><\/td>\n<\/tr>\n<\/tbody>\n<\/table>\n<p>&nbsp;<\/p>\n<p>1. En caso del primer encendido normal, el dispositivo se cierra autom\u00e1ticamente despu\u00e9s de 1s de retardo; y cuando se enciende por primera vez, en condiciones de sobretensi\u00f3n, subtensi\u00f3n, sobrecorriente y fuga, el dispositivo se abrir\u00e1 autom\u00e1ticamente en 3 segundos;<\/p>\n<p>2. Cuando se enciende por primera vez, es necesario calentar el sensor de humo durante 60 segundos y, a continuaci\u00f3n, el producto entra en estado de protecci\u00f3n. 3. Despu\u00e9s de que se produzca la alarma de humo y se elimine el fallo, es necesario pulsar manualmente la tecla Reset durante 2 segundos, entonces se puede liberar la alarma de humo.<\/p>\n<p>3. Par\u00e1metros de protecci\u00f3n actuales:<\/p>\n<p>a. \u2265 1,05 veces la corriente, &lt; 3 minutos de apertura.<\/p>\n<p>b. \u2265 1,2 veces la corriente, rango de ajuste de 1 a 120 segundos, 10 segundos por defecto.<\/p>\n<p>c. \u2265 2 veces la corriente, \u22640,2 segundos de apertura.<\/p>\n<p>4. La temperatura ambiente no superar\u00e1 los + 40\u00b0C, no ser\u00e1 inferior a 5\u00b0C; y la temperatura media en 24 horas no superar\u00e1 los + 35\u00b0C; a + 40\u00b0C, la humedad del aire ambiente no superar\u00e1 los 50%.<\/p>\n<p>5. La altitud del lugar de instalaci\u00f3n no superar\u00e1 los 2000 metros.<\/p>\n<p>6. Nivel de contaminaci\u00f3n: III.<\/p>\n<p>7. En el entorno de la instalaci\u00f3n, no debe haber ning\u00fan medio peligroso explosivo, ning\u00fan gas corrosivo y destructivo y polvo conductor, y ninguna invasi\u00f3n de lluvia y nieve.<\/p>\n<h2><strong> el protector de alarma contra incendios limitador de corriente es Funciones de las claves<\/strong><\/h2>\n<hr \/>\n<p>1. Tecla de configuraci\u00f3n: Mantenga pulsada la tecla de configuraci\u00f3n durante 2 segundos para entrar en el estado de configuraci\u00f3n. Despu\u00e9s de entrar en el estado de configuraci\u00f3n, cada vez que pulse la tecla, el sistema entrar\u00e1 en el siguiente men\u00fa de configuraci\u00f3n;<\/p>\n<p>2. Tecla Shift: consulta los par\u00e1metros actuales de funcionamiento en tiempo real del producto. En el estado de ajuste, tiene la funci\u00f3n de desplazamiento de d\u00edgitos;<\/p>\n<p>3. Tecla de datos: consulta la informaci\u00f3n sobre el \u00faltimo fallo del producto y modifica los par\u00e1metros que deben ajustarse en el estado de ajuste;<\/p>\n<p>4. Tecla de rearme: Cuando se produce la primera sobrecorriente o fuga, el producto se encender\u00e1 autom\u00e1ticamente despu\u00e9s de retrasar el tiempo de reinicio especificado. Cuando se produzca la segunda alarma de sobreintensidad, fuga o incendio, debe confirmarse que no hay ning\u00fan fallo en el circuito; a continuaci\u00f3n, es necesario pulsar manualmente la tecla Reset para que el producto se encienda, y pulsar la tecla Reset durante 2 segundos para guardar y salir del estado de ajuste.<\/p>\n<h2><strong>Informaci\u00f3n del paquete est\u00e1ndar<\/strong><\/h2>\n<hr \/>\n<h3><img decoding=\"async\" class=\"alignnone wp-image-6114 size-medium lazyload\" data-src=\"https:\/\/bright-china.com\/wp-content\/uploads\/2025\/04\/45.5-23.5-31.5-box-300x300.jpg\" alt=\"Caja de embalaje para protector\" width=\"300\" height=\"300\" data-srcset=\"https:\/\/bright-china.com\/wp-content\/uploads\/2025\/04\/45.5-23.5-31.5-box-300x300.jpg 300w, https:\/\/bright-china.com\/wp-content\/uploads\/2025\/04\/45.5-23.5-31.5-box-150x150.jpg 150w, https:\/\/bright-china.com\/wp-content\/uploads\/2025\/04\/45.5-23.5-31.5-box-12x12.jpg 12w, https:\/\/bright-china.com\/wp-content\/uploads\/2025\/04\/45.5-23.5-31.5-box-600x600.jpg 600w, https:\/\/bright-china.com\/wp-content\/uploads\/2025\/04\/45.5-23.5-31.5-box-100x100.jpg 100w, https:\/\/bright-china.com\/wp-content\/uploads\/2025\/04\/45.5-23.5-31.5-box.jpg 750w\" data-sizes=\"(max-width: 300px) 100vw, 300px\" src=\"data:image\/svg+xml;base64,PHN2ZyB3aWR0aD0iMSIgaGVpZ2h0PSIxIiB4bWxucz0iaHR0cDovL3d3dy53My5vcmcvMjAwMC9zdmciPjwvc3ZnPg==\" style=\"--smush-placeholder-width: 300px; --smush-placeholder-aspect-ratio: 300\/300;\" \/><\/h3>\n<div style=\"overflow-x: auto;\">\n<table style=\"width: 100%;\">\n<tbody>\n<tr>\n<th style=\"background-color: #131c5e;\"><span style=\"color: #ffffff;\">Dimensiones de la caja (cm)<\/span><\/th>\n<th style=\"background-color: #131c5e;\"><span style=\"color: #ffffff;\">Lista de paquetes<\/span><\/th>\n<th style=\"background-color: #131c5e;\"><span style=\"color: #ffffff;\">CANT<\/span><\/th>\n<th style=\"background-color: #131c5e;\"><span style=\"color: #ffffff;\">Peso bruto (kg)<\/span><\/th>\n<\/tr>\n<tr>\n<td>45,5 cm \u00d7 23,5 cm \u00d7 31,5 cm<\/td>\n<td>\u00a0protector<\/td>\n<td>60 unidades<\/td>\n<td>20 kg<\/td>\n<\/tr>\n<\/tbody>\n<\/table>\n<\/div>\n<h3><\/h3>\n<h2><a href=\"https:\/\/bright-china.com\/product\/\">Protector de alarma contra incendios con limitaci\u00f3n de corriente<\/a> Dimensiones<\/h2>\n<hr \/>\n<p>&nbsp;<\/p>\n<p><img decoding=\"async\" class=\"alignnone wp-image-8696 size-full lazyload\" data-src=\"https:\/\/bright-china.com\/wp-content\/uploads\/2025\/04\/Current-Limiting-Fire-Alarm-Protector-is-Overall-dimensionsFHXL-63.webp\" alt=\"El protector de alarma de incendios limitador de corriente es Dimensiones generalesFHXL-63\" width=\"750\" height=\"422\" data-srcset=\"https:\/\/bright-china.com\/wp-content\/uploads\/2025\/04\/Current-Limiting-Fire-Alarm-Protector-is-Overall-dimensionsFHXL-63.webp 750w, https:\/\/bright-china.com\/wp-content\/uploads\/2025\/04\/Current-Limiting-Fire-Alarm-Protector-is-Overall-dimensionsFHXL-63-300x169.webp 300w, https:\/\/bright-china.com\/wp-content\/uploads\/2025\/04\/Current-Limiting-Fire-Alarm-Protector-is-Overall-dimensionsFHXL-63-18x10.webp 18w, https:\/\/bright-china.com\/wp-content\/uploads\/2025\/04\/Current-Limiting-Fire-Alarm-Protector-is-Overall-dimensionsFHXL-63-600x338.webp 600w\" data-sizes=\"(max-width: 750px) 100vw, 750px\" src=\"data:image\/svg+xml;base64,PHN2ZyB3aWR0aD0iMSIgaGVpZ2h0PSIxIiB4bWxucz0iaHR0cDovL3d3dy53My5vcmcvMjAwMC9zdmciPjwvc3ZnPg==\" style=\"--smush-placeholder-width: 750px; --smush-placeholder-aspect-ratio: 750\/422;\" \/><\/p>\n<p><a href=\"https:\/\/bright-china.com\/digital-display-current-and-voltage-protector\/\">Protector de corriente y tensi\u00f3n ajustable con pantalla digital<\/a><\/p>","protected":false},"excerpt":{"rendered":"<p>La serie FHXL-63 es la<a href=\"https:\/\/bright-china.com\/product\/current-limiting-fire-alarm-protector\/\"><strong> limitador de corriente protector de alarma contra incendios<\/strong><\/a>\uff08 protector limitador de corriente\uff09, y es un protector integral con m\u00faltiples funciones de protecci\u00f3n para sobretensi\u00f3n, subtensi\u00f3n, sobrecorriente, fuga, temperatura y detecci\u00f3n de humo. El producto tiene las ventajas de modularizaci\u00f3n, inteligencia, visualizaci\u00f3n, etc. Al mismo tiempo, soporta el protocolo de comunicaci\u00f3n est\u00e1ndar Modbus485.<\/p>","protected":false},"featured_media":8662,"template":"","meta":{"_acf_changed":false,"site-sidebar-layout":"default","site-content-layout":"","ast-site-content-layout":"default","site-content-style":"default","site-sidebar-style":"default","ast-global-header-display":"","ast-banner-title-visibility":"","ast-main-header-display":"","ast-hfb-above-header-display":"","ast-hfb-below-header-display":"","ast-hfb-mobile-header-display":"","site-post-title":"","ast-breadcrumbs-content":"","ast-featured-img":"","footer-sml-layout":"","theme-transparent-header-meta":"default","adv-header-id-meta":"","stick-header-meta":"default","header-above-stick-meta":"","header-main-stick-meta":"","header-below-stick-meta":"","astra-migrate-meta-layouts":"set","ast-page-background-enabled":"default","ast-page-background-meta":{"desktop":{"background-color":"","background-image":"","background-repeat":"repeat","background-position":"center center","background-size":"auto","background-attachment":"scroll","background-type":"","background-media":"","overlay-type":"","overlay-color":"","overlay-opacity":"","overlay-gradient":""},"tablet":{"background-color":"","background-image":"","background-repeat":"repeat","background-position":"center center","background-size":"auto","background-attachment":"scroll","background-type":"","background-media":"","overlay-type":"","overlay-color":"","overlay-opacity":"","overlay-gradient":""},"mobile":{"background-color":"","background-image":"","background-repeat":"repeat","background-position":"center center","background-size":"auto","background-attachment":"scroll","background-type":"","background-media":"","overlay-type":"","overlay-color":"","overlay-opacity":"","overlay-gradient":""}},"ast-content-background-meta":{"desktop":{"background-color":"var(--ast-global-color-5)","background-image":"","background-repeat":"repeat","background-position":"center center","background-size":"auto","background-attachment":"scroll","background-type":"","background-media":"","overlay-type":"","overlay-color":"","overlay-opacity":"","overlay-gradient":""},"tablet":{"background-color":"var(--ast-global-color-5)","background-image":"","background-repeat":"repeat","background-position":"center center","background-size":"auto","background-attachment":"scroll","background-type":"","background-media":"","overlay-type":"","overlay-color":"","overlay-opacity":"","overlay-gradient":""},"mobile":{"background-color":"var(--ast-global-color-5)","background-image":"","background-repeat":"repeat","background-position":"center center","background-size":"auto","background-attachment":"scroll","background-type":"","background-media":"","overlay-type":"","overlay-color":"","overlay-opacity":"","overlay-gradient":""}},"_seo_title":"Current Limiting Fire Alarm Protector FHXL-63","_seo_keywords":"Current Limiting Fire Alarm Protector, Current Limiting Protector, voltage protector for home","_seo_description":"FHXL-63 series is the current limiting fire alarm protector\uff08\u00a0 current limiting protector\uff09, and it is a comprehensive protector with multiple protection functions for overvoltage,"},"product_brand":[],"product_cat":[15,65,69,64,57],"product_tag":[98,127],"class_list":{"0":"post-4432","1":"product","2":"type-product","3":"status-publish","4":"has-post-thumbnail","6":"product_cat-product","7":"product_cat-current-and-voltage-protector","8":"product_cat-voltmeter-ammeter","9":"product_cat-smart-meter","10":"product_cat-smart-protector","11":"product_tag-current-limiting-fire-alarm-protector","12":"product_tag-fire-alarm-protector","13":"desktop-align-center","14":"tablet-align-left","15":"mobile-align-left","16":"ast-product-gallery-layout-horizontal-slider","18":"first","19":"instock","20":"featured","21":"shipping-taxable","22":"product-type-simple"},"acf":[],"seo_title":"Current Limiting Fire Alarm Protector FHXL-63","seo_keywords":"Current Limiting Fire Alarm Protector, Current Limiting Protector, voltage protector for home","seo_description":"FHXL-63 series is the current limiting fire alarm protector\uff08\u00a0 current limiting protector\uff09, and it is a comprehensive protector with multiple protection functions for overvoltage,","seo_score":"85","product_seo_keywords":"","_links":{"self":[{"href":"https:\/\/bright-china.com\/sp\/wp-json\/wp\/v2\/product\/4432","targetHints":{"allow":["GET"]}}],"collection":[{"href":"https:\/\/bright-china.com\/sp\/wp-json\/wp\/v2\/product"}],"about":[{"href":"https:\/\/bright-china.com\/sp\/wp-json\/wp\/v2\/types\/product"}],"wp:featuredmedia":[{"embeddable":true,"href":"https:\/\/bright-china.com\/sp\/wp-json\/wp\/v2\/media\/8662"}],"wp:attachment":[{"href":"https:\/\/bright-china.com\/sp\/wp-json\/wp\/v2\/media?parent=4432"}],"wp:term":[{"taxonomy":"product_brand","embeddable":true,"href":"https:\/\/bright-china.com\/sp\/wp-json\/wp\/v2\/product_brand?post=4432"},{"taxonomy":"product_cat","embeddable":true,"href":"https:\/\/bright-china.com\/sp\/wp-json\/wp\/v2\/product_cat?post=4432"},{"taxonomy":"product_tag","embeddable":true,"href":"https:\/\/bright-china.com\/sp\/wp-json\/wp\/v2\/product_tag?post=4432"}],"curies":[{"name":"wp","href":"https:\/\/api.w.org\/{rel}","templated":true}]}}