{"id":4433,"date":"2025-04-27T02:23:54","date_gmt":"2025-04-27T02:23:54","guid":{"rendered":"https:\/\/bright-china.com\/?post_type=product&#038;p=4433"},"modified":"2026-02-28T23:11:05","modified_gmt":"2026-03-01T06:11:05","slug":"protector-jgfh-125js","status":"publish","type":"product","link":"https:\/\/bright-china.com\/sp\/producto\/protector-jgfh-125js\/","title":{"rendered":"Protector limitador de corriente trif\u00e1sico de 4 hilos JGFH-125JS\u00a0"},"content":{"rendered":"<h2>Presentaci\u00f3n del producto<\/h2>\n<hr \/>\n<p><img fetchpriority=\"high\" decoding=\"async\" class=\"alignleft wp-image-8792 size-medium\" src=\"https:\/\/bright-china.com\/wp-content\/uploads\/2025\/04\/JGFH-250JS-1-300x300.webp\" alt=\"Protector limitador de corriente trif\u00e1sico de 4 hilos JGFH-125JS\" width=\"300\" height=\"300\" srcset=\"https:\/\/bright-china.com\/wp-content\/uploads\/2025\/04\/JGFH-250JS-1-300x300.webp 300w, https:\/\/bright-china.com\/wp-content\/uploads\/2025\/04\/JGFH-250JS-1-150x150.webp 150w, https:\/\/bright-china.com\/wp-content\/uploads\/2025\/04\/JGFH-250JS-1-768x768.webp 768w, https:\/\/bright-china.com\/wp-content\/uploads\/2025\/04\/JGFH-250JS-1-12x12.webp 12w, https:\/\/bright-china.com\/wp-content\/uploads\/2025\/04\/JGFH-250JS-1-600x600.webp 600w, https:\/\/bright-china.com\/wp-content\/uploads\/2025\/04\/JGFH-250JS-1-100x100.webp 100w, https:\/\/bright-china.com\/wp-content\/uploads\/2025\/04\/JGFH-250JS-1.webp 800w\" sizes=\"(max-width: 300px) 100vw, 300px\" \/><\/p>\n<p><a href=\"https:\/\/bright-china.com\/protectors\/\">Protector limitador de corriente trif\u00e1sico de 4 hilos JGFH-125JS<\/a>\u00a0 es un protector integral con una variedad de funciones de protecci\u00f3n tales como sobretensi\u00f3n, subtensi\u00f3n, sobrecorriente, fuga, p\u00e9rdida de fase y falta de cero, y el producto es modular, inteligente, visualizado, etc., y soporta el protocolo de comunicaci\u00f3n est\u00e1ndar Modbus485, y todos los par\u00e1metros de protecci\u00f3n tales como <a href=\"https:\/\/jiangguang.net\/\">sobretensi\u00f3n<\/a>, La protecci\u00f3n contra sobretensiones, subtensiones y sobrecorrientes puede ajustarse en funci\u00f3n de la demanda de potencia, para garantizar que no se produzcan sobretensiones, subtensiones, sobrecorrientes, corrientes de fuga, cortocircuitos, p\u00e9rdidas de fase, etc. en la l\u00ednea. En caso de fallo, como la falta de cero, el protector puede cortar instant\u00e1neamente el suministro el\u00e9ctrico para proteger los equipos el\u00e9ctricos de posibles da\u00f1os.<\/p>\n<h2>Condiciones de trabajo<\/h2>\n<hr \/>\n<p>1. El primer retardo de encendido normal es de 20 segundos y se cierra autom\u00e1ticamente; En caso de sobretensi\u00f3n, subtensi\u00f3n, sobrecorriente y fuga cuando se enciende por primera vez, el producto se desconectar\u00e1 autom\u00e1ticamente en 3 segundos;<\/p>\n<p>2. La temperatura ambiente no supera los +40 \u00b0C, no es inferior a -5 \u00b0C, y la temperatura media de 24 horas no supera los +35 \u00b0C; A +40 \u00b0C, la humedad del aire ambiente no supera los 50%.<\/p>\n<p>3. La altura del dial marino en el lugar de instalaci\u00f3n no superar\u00e1 los 2000 metros.<\/p>\n<p>4. Nivel de contaminaci\u00f3n III.<\/p>\n<p>5. En el entorno de instalaci\u00f3n, no hay ning\u00fan medio con riesgo de explosi\u00f3n, ning\u00fan gas corrosivo y aislante y polvo conductor, y ninguna invasi\u00f3n de lluvia y nieve.<\/p>\n<h1><span data-slate-fragment=\"JTVCJTdCJTIydHlwZSUyMiUzQSUyMnBhcmFncmFwaCUyMiUyQyUyMmNoaWxkcmVuJTIyJTNBJTVCJTdCJTIyaWQlMjIlM0ElMjJCNEE1NjMyMWplJTIyJTJDJTIycGFyYUlkeCUyMiUzQTAlMkMlMjJzcmMlMjIlM0ElMjIzcGhhc2UlMjA0d2lyZSUyMGN1cnJlbnQlMjBsaW1pdGluZyUyMHByb3RlY3RvciUyMEpHRkgtMTI1SlMlQzIlQTBvZiUyMGFyYW1ldGVycyUyMiUyQyUyMmRzdCUyMiUzQSUyMiVFNCVCOCU4OSVFNyU5QiVCOCVFNSU5QiU5QiVFNyVCQSVCRiVFOSU5OSU5MCVFNiVCNSU4MSVFNCVCRiU5RCVFNiU4QSVBNCVFNSU5OSVBOEpHRkgtMTI1SlMlRTUlOEYlODIlRTYlOTUlQjAlMjIlMkMlMjJtZXRhZGF0YSUyMiUzQSUyMiUyMiUyQyUyMm1hdGNoZXMlMjIlM0FudWxsJTJDJTIybWV0YURhdGElMjIlM0ElNUIlNUQlMkMlMjJ0ZXh0JTIyJTNBJTIyM3BoYXNlJTIwNHdpcmUlMjBjdXJyZW50JTIwbGltaXRpbmclMjBwcm90ZWN0b3IlMjBKR0ZILTEyNUpTJUMyJUEwb2YlMjBhcmFtZXRlcnMlMjIlN0QlNUQlN0QlNUQ=\">Protector limitador de corriente trif\u00e1sico de 4 hilos JGFH-125JS de ar\u00e1metros<\/span><\/h1>\n<hr \/>\n<table width=\"332\">\n<tbody>\n<tr>\n<td style=\"background-color: #060a30; border-color: #969696;\" width=\"212\"><span style=\"color: #ffffff;\">Tipo<\/span><\/td>\n<td style=\"background-color: #060a30; border-color: #969696;\" width=\"119\"><span style=\"color: #ffffff;\">JGFH-125JS<\/span><\/td>\n<\/tr>\n<tr>\n<td>Rango de ajuste actual<\/td>\n<td>25~125A<\/td>\n<\/tr>\n<tr>\n<td style=\"background-color: #dedede;\">Sobretensi\u00f3n<\/td>\n<td style=\"background-color: #dedede;\">AC265V<\/td>\n<\/tr>\n<tr>\n<td>Bajo voltaje<\/td>\n<td>AC180V<\/td>\n<\/tr>\n<tr>\n<td style=\"background-color: #dedede;\">Rango de ajuste de la corriente de fuga<\/td>\n<td style=\"background-color: #dedede;\">75mA(5~300mA)<\/td>\n<\/tr>\n<tr>\n<td>Cumplimiento de<\/td>\n<td>IEC60947-2<\/td>\n<\/tr>\n<\/tbody>\n<\/table>\n<p>a. 1 vez el tiempo de acci\u00f3n se puede ajustar de 1 a 120 segundos, y el valor predeterminado es de 5 segundos;<\/p>\n<p>b. 1,1 veces el tiempo de acci\u00f3n es inferior a 0,1 segundos;<\/p>\n<p>c. El valor de protecci\u00f3n de sobretensi\u00f3n AC265V se ajusta en el rango de 210-300V,<\/p>\n<p>El tiempo de acci\u00f3n es de 0,1 segundos, y el rango de ajuste: 0,1-10 segundos;<\/p>\n<p>d. El valor de protecci\u00f3n de subtensi\u00f3n AC170V se ajusta a 120-200V,<\/p>\n<p>El tiempo de acci\u00f3n es de 0,1 segundos, y el rango de ajuste: 0,1-10 segundos;<\/p>\n<p>e. El valor por defecto del desequilibrio trif\u00e1sico es P000, es decir, el estado cerrado;<\/p>\n<p>f. Rango de ajuste de sobreintensidad<\/p>\n<p>Tipo JGFH-125JS\/125: 25 a 125A<\/p>\n<p>Modelo JGFH-250JS\/250: 100 a 250A<\/p>\n<p>Modelo JGFH-400JS\/400: 160 a 400A<\/p>\n<p>g. El rango de ajuste del valor de protecci\u00f3n de corriente residual: 1 a 1000mA, el valor por defecto es 75mA, y el tiempo de acci\u00f3n es inferior a 0,1 segundos.<\/p>\n<h2>esquema el\u00e9ctrico auxiliar y dimensiones exteriores<\/h2>\n<hr \/>\n<p><img decoding=\"async\" class=\"alignnone wp-image-8791 size-full lazyload\" data-src=\"https:\/\/bright-china.com\/wp-content\/uploads\/2025\/04\/Dimensions-of-JGFH-125JS.webp\" alt=\"Dimensiones del protector limitador de corriente trif\u00e1sico de 4 hilos JGFH-125JS\" width=\"800\" height=\"1147\" data-srcset=\"https:\/\/bright-china.com\/wp-content\/uploads\/2025\/04\/Dimensions-of-JGFH-125JS.webp 800w, https:\/\/bright-china.com\/wp-content\/uploads\/2025\/04\/Dimensions-of-JGFH-125JS-209x300.webp 209w, https:\/\/bright-china.com\/wp-content\/uploads\/2025\/04\/Dimensions-of-JGFH-125JS-714x1024.webp 714w, https:\/\/bright-china.com\/wp-content\/uploads\/2025\/04\/Dimensions-of-JGFH-125JS-768x1101.webp 768w, https:\/\/bright-china.com\/wp-content\/uploads\/2025\/04\/Dimensions-of-JGFH-125JS-8x12.webp 8w, https:\/\/bright-china.com\/wp-content\/uploads\/2025\/04\/Dimensions-of-JGFH-125JS-600x860.webp 600w\" data-sizes=\"(max-width: 800px) 100vw, 800px\" src=\"data:image\/svg+xml;base64,PHN2ZyB3aWR0aD0iMSIgaGVpZ2h0PSIxIiB4bWxucz0iaHR0cDovL3d3dy53My5vcmcvMjAwMC9zdmciPjwvc3ZnPg==\" style=\"--smush-placeholder-width: 800px; --smush-placeholder-aspect-ratio: 800\/1147;\" \/><\/p>\n<p>&nbsp;<\/p>","protected":false},"excerpt":{"rendered":"<p>El protector limitador de corriente trif\u00e1sico de 4 hilos JGFH-125JS es un protector integral con una variedad de funciones de protecci\u00f3n como sobretensi\u00f3n, subtensi\u00f3n, sobrecorriente, fuga, p\u00e9rdida de fase y falta de cero, y las ventajas de modularizaci\u00f3n del producto, inteligencia, visualizaci\u00f3n, etc., al tiempo que soporta el protocolo de comunicaci\u00f3n est\u00e1ndar Modbus485, todos los par\u00e1metros de protecci\u00f3n como sobretensi\u00f3n, subtensi\u00f3n y protecci\u00f3n de sobrecorriente se pueden ajustar de acuerdo con la demanda de potencia para garantizar que la sobretensi\u00f3n, subtensi\u00f3n y sobrecorriente se produzcan en la l\u00ednea.<\/p>","protected":false},"featured_media":8792,"template":"","meta":{"_acf_changed":false,"site-sidebar-layout":"default","site-content-layout":"","ast-site-content-layout":"default","site-content-style":"default","site-sidebar-style":"default","ast-global-header-display":"","ast-banner-title-visibility":"","ast-main-header-display":"","ast-hfb-above-header-display":"","ast-hfb-below-header-display":"","ast-hfb-mobile-header-display":"","site-post-title":"","ast-breadcrumbs-content":"","ast-featured-img":"","footer-sml-layout":"","theme-transparent-header-meta":"default","adv-header-id-meta":"","stick-header-meta":"default","header-above-stick-meta":"","header-main-stick-meta":"","header-below-stick-meta":"","astra-migrate-meta-layouts":"set","ast-page-background-enabled":"default","ast-page-background-meta":{"desktop":{"background-color":"","background-image":"","background-repeat":"repeat","background-position":"center center","background-size":"auto","background-attachment":"scroll","background-type":"","background-media":"","overlay-type":"","overlay-color":"","overlay-opacity":"","overlay-gradient":""},"tablet":{"background-color":"","background-image":"","background-repeat":"repeat","background-position":"center center","background-size":"auto","background-attachment":"scroll","background-type":"","background-media":"","overlay-type":"","overlay-color":"","overlay-opacity":"","overlay-gradient":""},"mobile":{"background-color":"","background-image":"","background-repeat":"repeat","background-position":"center center","background-size":"auto","background-attachment":"scroll","background-type":"","background-media":"","overlay-type":"","overlay-color":"","overlay-opacity":"","overlay-gradient":""}},"ast-content-background-meta":{"desktop":{"background-color":"var(--ast-global-color-5)","background-image":"","background-repeat":"repeat","background-position":"center center","background-size":"auto","background-attachment":"scroll","background-type":"","background-media":"","overlay-type":"","overlay-color":"","overlay-opacity":"","overlay-gradient":""},"tablet":{"background-color":"var(--ast-global-color-5)","background-image":"","background-repeat":"repeat","background-position":"center center","background-size":"auto","background-attachment":"scroll","background-type":"","background-media":"","overlay-type":"","overlay-color":"","overlay-opacity":"","overlay-gradient":""},"mobile":{"background-color":"var(--ast-global-color-5)","background-image":"","background-repeat":"repeat","background-position":"center center","background-size":"auto","background-attachment":"scroll","background-type":"","background-media":"","overlay-type":"","overlay-color":"","overlay-opacity":"","overlay-gradient":""}},"_seo_title":"3phase 4wire current limiting protector JGFH-125JS\u00a0","_seo_keywords":"3phase 4wire current limiting protector, 3 phase voltage protector, over current, phase loss","_seo_description":"3phase 4wire current limiting protector JGFH-125JS\u00a0 is a comprehensive protector with a variety of protection functions such as overvoltage, undervoltage,"},"product_brand":[],"product_cat":[15,65,69,64,57],"product_tag":[114,99],"class_list":{"0":"post-4433","1":"product","2":"type-product","3":"status-publish","4":"has-post-thumbnail","6":"product_cat-product","7":"product_cat-current-and-voltage-protector","8":"product_cat-voltmeter-ammeter","9":"product_cat-smart-meter","10":"product_cat-smart-protector","11":"product_tag-3phase-4wire-current-limiting-protector","12":"product_tag-current-limiting-protector","13":"desktop-align-center","14":"tablet-align-left","15":"mobile-align-left","16":"ast-product-gallery-layout-horizontal-slider","18":"first","19":"instock","20":"featured","21":"shipping-taxable","22":"product-type-simple"},"acf":[],"seo_title":"3phase 4wire current limiting protector JGFH-125JS\u00a0","seo_keywords":"3phase 4wire current limiting protector, 3 phase voltage protector, over current, phase loss","seo_description":"3phase 4wire current limiting protector JGFH-125JS\u00a0 is a comprehensive protector with a variety of protection functions such as overvoltage, undervoltage,","seo_score":"95","product_seo_keywords":"","_links":{"self":[{"href":"https:\/\/bright-china.com\/sp\/wp-json\/wp\/v2\/product\/4433","targetHints":{"allow":["GET"]}}],"collection":[{"href":"https:\/\/bright-china.com\/sp\/wp-json\/wp\/v2\/product"}],"about":[{"href":"https:\/\/bright-china.com\/sp\/wp-json\/wp\/v2\/types\/product"}],"wp:featuredmedia":[{"embeddable":true,"href":"https:\/\/bright-china.com\/sp\/wp-json\/wp\/v2\/media\/8792"}],"wp:attachment":[{"href":"https:\/\/bright-china.com\/sp\/wp-json\/wp\/v2\/media?parent=4433"}],"wp:term":[{"taxonomy":"product_brand","embeddable":true,"href":"https:\/\/bright-china.com\/sp\/wp-json\/wp\/v2\/product_brand?post=4433"},{"taxonomy":"product_cat","embeddable":true,"href":"https:\/\/bright-china.com\/sp\/wp-json\/wp\/v2\/product_cat?post=4433"},{"taxonomy":"product_tag","embeddable":true,"href":"https:\/\/bright-china.com\/sp\/wp-json\/wp\/v2\/product_tag?post=4433"}],"curies":[{"name":"wp","href":"https:\/\/api.w.org\/{rel}","templated":true}]}}