{"id":4434,"date":"2025-04-27T02:23:54","date_gmt":"2025-04-27T02:23:54","guid":{"rendered":"https:\/\/bright-china.com\/?post_type=product&#038;p=4434"},"modified":"2026-01-22T05:48:40","modified_gmt":"2026-01-22T12:48:40","slug":"voltimetro-d85-20","status":"publish","type":"product","link":"https:\/\/bright-china.com\/sp\/producto\/voltimetro-d85-20\/","title":{"rendered":"Volt\u00edmetro monof\u00e1sico CA de cristal l\u00edquido (LCD) d85-20,D85-2042A"},"content":{"rendered":"<h2>Introducci\u00f3n<\/h2>\n<hr \/>\n<p><a href=\"https:\/\/bright-china.com\/automatic-reconnection-energy-metering-protector-of-test-jgdl-63\/\">\u00a0 Pantalla digital Volt\u00edmetro de cristal l\u00edquido <\/a> El volt\u00edmetro LCD de la serie D85-20, D69-20, D91-20, D85-2040 ,D85-2042A (pantalla digital LCD\/LED) es un instrumento de medici\u00f3n el\u00e9ctrica digital peque\u00f1o y rentable, utilizado principalmente para la medici\u00f3n en tiempo real de tensi\u00f3n CA, tensi\u00f3n CC o corriente CA, corriente CC en circuitos, y adopta tubos digitales LED o cristal l\u00edquido LCD para el modo de lectura digital directa. Ampliamente utilizado en campos como la automatizaci\u00f3n de subestaciones, automatizaci\u00f3n de distribuci\u00f3n, equipos de prueba, generadores, etc. Este producto tiene las ventajas de alta precisi\u00f3n, alta estabilidad, alta fiabilidad, bajo consumo de energ\u00eda, peque\u00f1o tama\u00f1o y f\u00e1cil instalaci\u00f3n. La pantalla LCD tiene las ventajas de una visualizaci\u00f3n clara con luz de fondo y es un producto ideal para reemplazar varios instrumentos de medici\u00f3n el\u00e9ctrica de tipo puntero\u3002<\/p>\n<p>Volt\u00edmetro de cristal l\u00edquido,Amper\u00edmetro de cristal l\u00edquido,Volt\u00edmetro para equipos, vot\u00edmetro monof\u00e1sico,\u00a0 <a href=\"https:\/\/elejg.com\/\">Volt\u00edmetro LCD D85-20<\/a> ,D85-2040a Volt\u00edmetro LCD,D91-20 Volt\u00edmetro LCD,D85-202 Volt\u00edmetro LED.Color de la carcasa: negro, blanco\u3002<\/p>\n<h2>Especificaci\u00f3n<\/h2>\n<hr \/>\n<div style=\"overflow-x: auto;\">\n<table style=\"height: 265px; width: 100%; border-collapse: collapse; border-color: #a3a3a3;\">\n<tbody>\n<tr style=\"height: 53px;\">\n<td style=\"width: 50%; background-color: #0e1747; height: 53px;\"><span style=\"color: #ffffff;\">Tipo<\/span><\/td>\n<td style=\"width: 50%; background-color: #0e1747; height: 53px;\"><span style=\"color: #ffffff;\">Rango de medici\u00f3n<\/span><\/td>\n<\/tr>\n<tr style=\"height: 53px;\">\n<td style=\"width: 50%; height: 53px;\">Volt\u00edmetro D85-20<\/td>\n<td style=\"width: 50%; height: 53px;\">AC100~500V<\/td>\n<\/tr>\n<tr style=\"height: 53px;\">\n<td style=\"width: 50%; background-color: #d9d9d9; height: 53px;\">Volt\u00edmetro D69-20<\/td>\n<td style=\"width: 50%; background-color: #d9d9d9; height: 53px;\">AC100~500V<\/td>\n<\/tr>\n<tr style=\"height: 53px;\">\n<td style=\"width: 50%; height: 53px;\">Volt\u00edmetro D91-20<\/td>\n<td style=\"width: 50%; height: 53px;\">AC100~500V<\/td>\n<\/tr>\n<tr style=\"height: 53px;\">\n<td style=\"width: 50%; background-color: #d9d9d9; height: 53px;\">Volt\u00edmetro y amper\u00edmetro D85-2040<\/td>\n<td style=\"width: 50%; background-color: #d9d9d9; height: 53px;\">AC100~500V\uff0c1~100A<\/td>\n<\/tr>\n<\/tbody>\n<\/table>\n<\/div>\n<h2>volt\u00edmetro de cristal l\u00edquido es\u00a0 <strong>talla<\/strong><\/h2>\n<hr \/>\n<p><img fetchpriority=\"high\" decoding=\"async\" class=\"alignnone wp-image-8681 size-full\" src=\"https:\/\/bright-china.com\/wp-content\/uploads\/2025\/04\/D69-20-AC-Digital-Voltmeter-Panel-Meter-Overall-dimensions.webp\" alt=\"D69-20 Volt\u00edmetro digital CA Medidor de panel Dimensiones generales\" width=\"600\" height=\"405\" srcset=\"https:\/\/bright-china.com\/wp-content\/uploads\/2025\/04\/D69-20-AC-Digital-Voltmeter-Panel-Meter-Overall-dimensions.webp 600w, https:\/\/bright-china.com\/wp-content\/uploads\/2025\/04\/D69-20-AC-Digital-Voltmeter-Panel-Meter-Overall-dimensions-300x203.webp 300w, https:\/\/bright-china.com\/wp-content\/uploads\/2025\/04\/D69-20-AC-Digital-Voltmeter-Panel-Meter-Overall-dimensions-18x12.webp 18w\" sizes=\"(max-width: 600px) 100vw, 600px\" \/><\/p>\n<p>El volt\u00edmetro LCD D69-20 es <strong>talla Shell color: negro<\/strong><\/p>\n<hr \/>\n<p><img decoding=\"async\" class=\"alignnone wp-image-8682 size-full lazyload\" data-src=\"https:\/\/bright-china.com\/wp-content\/uploads\/2025\/04\/D85-20-AC-Digital-Voltmeter-Panel-Meter-Overall-dimensions.webp\" alt=\"D85-20 Volt\u00edmetro digital CA Medidor de panel Dimensiones generales\" width=\"600\" height=\"406\" data-srcset=\"https:\/\/bright-china.com\/wp-content\/uploads\/2025\/04\/D85-20-AC-Digital-Voltmeter-Panel-Meter-Overall-dimensions.webp 600w, https:\/\/bright-china.com\/wp-content\/uploads\/2025\/04\/D85-20-AC-Digital-Voltmeter-Panel-Meter-Overall-dimensions-300x203.webp 300w, https:\/\/bright-china.com\/wp-content\/uploads\/2025\/04\/D85-20-AC-Digital-Voltmeter-Panel-Meter-Overall-dimensions-18x12.webp 18w\" data-sizes=\"(max-width: 600px) 100vw, 600px\" src=\"data:image\/svg+xml;base64,PHN2ZyB3aWR0aD0iMSIgaGVpZ2h0PSIxIiB4bWxucz0iaHR0cDovL3d3dy53My5vcmcvMjAwMC9zdmciPjwvc3ZnPg==\" style=\"--smush-placeholder-width: 600px; --smush-placeholder-aspect-ratio: 600\/406;\" \/><\/p>\n<p>El volt\u00edmetro LCD D85-20 es\u00a0 <strong>talla Shell color: negro, blanco<\/strong><\/p>\n<hr \/>\n<p><img decoding=\"async\" class=\"alignnone wp-image-8683 size-full lazyload\" data-src=\"https:\/\/bright-china.com\/wp-content\/uploads\/2025\/04\/D85-202-AC-Digital-Voltmeter-Panel-Meter-Overall-dimensions.webp\" alt=\"D85-202-AC Volt\u00edmetro digital Medidor de panel Dimensiones generales\" width=\"600\" height=\"405\" data-srcset=\"https:\/\/bright-china.com\/wp-content\/uploads\/2025\/04\/D85-202-AC-Digital-Voltmeter-Panel-Meter-Overall-dimensions.webp 600w, https:\/\/bright-china.com\/wp-content\/uploads\/2025\/04\/D85-202-AC-Digital-Voltmeter-Panel-Meter-Overall-dimensions-300x203.webp 300w, https:\/\/bright-china.com\/wp-content\/uploads\/2025\/04\/D85-202-AC-Digital-Voltmeter-Panel-Meter-Overall-dimensions-18x12.webp 18w\" data-sizes=\"(max-width: 600px) 100vw, 600px\" src=\"data:image\/svg+xml;base64,PHN2ZyB3aWR0aD0iMSIgaGVpZ2h0PSIxIiB4bWxucz0iaHR0cDovL3d3dy53My5vcmcvMjAwMC9zdmciPjwvc3ZnPg==\" style=\"--smush-placeholder-width: 600px; --smush-placeholder-aspect-ratio: 600\/405;\" \/><\/p>\n<p>El volt\u00edmetro LED D85-202 es <strong>Talla, color de la carcasa: negro<\/strong><\/p>\n<hr \/>\n<p><img decoding=\"async\" class=\"alignnone wp-image-8684 size-full lazyload\" data-src=\"https:\/\/bright-china.com\/wp-content\/uploads\/2025\/04\/D85-2040-AC-Digital-Voltmeter-Panel-Meter-Overall-dimensions.webp\" alt=\"D85-2040 Volt\u00edmetro digital CA Medidor de panel Dimensiones generales\" width=\"600\" height=\"420\" data-srcset=\"https:\/\/bright-china.com\/wp-content\/uploads\/2025\/04\/D85-2040-AC-Digital-Voltmeter-Panel-Meter-Overall-dimensions.webp 600w, https:\/\/bright-china.com\/wp-content\/uploads\/2025\/04\/D85-2040-AC-Digital-Voltmeter-Panel-Meter-Overall-dimensions-300x210.webp 300w, https:\/\/bright-china.com\/wp-content\/uploads\/2025\/04\/D85-2040-AC-Digital-Voltmeter-Panel-Meter-Overall-dimensions-18x12.webp 18w\" data-sizes=\"(max-width: 600px) 100vw, 600px\" src=\"data:image\/svg+xml;base64,PHN2ZyB3aWR0aD0iMSIgaGVpZ2h0PSIxIiB4bWxucz0iaHR0cDovL3d3dy53My5vcmcvMjAwMC9zdmciPjwvc3ZnPg==\" style=\"--smush-placeholder-width: 600px; --smush-placeholder-aspect-ratio: 600\/420;\" \/><\/p>\n<p>LCD D85-2040 volt\u00edmetro y amper\u00edmetro es <strong>Tama\u00f1o, color de la carcasa: negro, blanco<\/strong><\/p>\n<hr \/>\n<p><img decoding=\"async\" class=\"alignnone wp-image-8685 size-full lazyload\" data-src=\"https:\/\/bright-china.com\/wp-content\/uploads\/2025\/04\/D91-20-AC-Digital-Voltmeter-Panel-Meter-Overall-dimensions.webp\" alt=\"D91-20 Volt\u00edmetro digital CA Medidor de panel Dimensiones generales\" width=\"600\" height=\"288\" data-srcset=\"https:\/\/bright-china.com\/wp-content\/uploads\/2025\/04\/D91-20-AC-Digital-Voltmeter-Panel-Meter-Overall-dimensions.webp 600w, https:\/\/bright-china.com\/wp-content\/uploads\/2025\/04\/D91-20-AC-Digital-Voltmeter-Panel-Meter-Overall-dimensions-300x144.webp 300w, https:\/\/bright-china.com\/wp-content\/uploads\/2025\/04\/D91-20-AC-Digital-Voltmeter-Panel-Meter-Overall-dimensions-18x9.webp 18w\" data-sizes=\"(max-width: 600px) 100vw, 600px\" src=\"data:image\/svg+xml;base64,PHN2ZyB3aWR0aD0iMSIgaGVpZ2h0PSIxIiB4bWxucz0iaHR0cDovL3d3dy53My5vcmcvMjAwMC9zdmciPjwvc3ZnPg==\" style=\"--smush-placeholder-width: 600px; --smush-placeholder-aspect-ratio: 600\/288;\" \/><\/p>\n<p>LCD<a href=\"https:\/\/bright-china.com\/en\/voltmeter-ammeter\/\" title=\"\u67e5\u770b\u66f4\u591a\u5173\u4e8eD91-20\u7684\u4fe1\u606f\" class=\"seo-keyword-link\" style=\"font-weight: bold; color: inherit; text-decoration: underline; border-bottom: 1px dotted #667eea;\">D91-20<\/a> volt\u00edmetro es <strong>Talla, color de la carcasa: negro<\/strong><\/p>\n<p>&nbsp;<\/p>","protected":false},"excerpt":{"rendered":"<p><a href=\"https:\/\/bright-china.com\/automatic-reconnection-energy-metering-protector-of-test-jgdl-63\/\">Pantalla digital<\/a><a href=\"https:\/\/bright-china.com\/\"> Volt\u00edmetro de cristal l\u00edquido<\/a> The LCD voltmeter D85-20, D69-20, <a href=\"https:\/\/bright-china.com\/en\/voltmeter-ammeter\/\" title=\"\u67e5\u770b\u66f4\u591a\u5173\u4e8eD91-20\u7684\u4fe1\u606f\" class=\"seo-keyword-link\" style=\"font-weight: bold; color: inherit; text-decoration: underline; border-bottom: 1px dotted #667eea;\">D91-20<\/a>, D85-2040 (LCD\/LED digital display) series is a small and cost-effective digital electrical measuring instrument, mainly used for real-time measurement of AC voltage, DC voltage or AC current, DC current in circuits, and adopts LED digital tubes or LCD liquid crystal for digital direct reading mode.<\/p>","protected":false},"featured_media":8678,"template":"","meta":{"_acf_changed":false,"site-sidebar-layout":"default","site-content-layout":"","ast-site-content-layout":"default","site-content-style":"default","site-sidebar-style":"default","ast-global-header-display":"","ast-banner-title-visibility":"","ast-main-header-display":"","ast-hfb-above-header-display":"","ast-hfb-below-header-display":"","ast-hfb-mobile-header-display":"","site-post-title":"","ast-breadcrumbs-content":"","ast-featured-img":"","footer-sml-layout":"","theme-transparent-header-meta":"default","adv-header-id-meta":"","stick-header-meta":"default","header-above-stick-meta":"","header-main-stick-meta":"","header-below-stick-meta":"","astra-migrate-meta-layouts":"set","ast-page-background-enabled":"default","ast-page-background-meta":{"desktop":{"background-color":"","background-image":"","background-repeat":"repeat","background-position":"center center","background-size":"auto","background-attachment":"scroll","background-type":"","background-media":"","overlay-type":"","overlay-color":"","overlay-opacity":"","overlay-gradient":""},"tablet":{"background-color":"","background-image":"","background-repeat":"repeat","background-position":"center center","background-size":"auto","background-attachment":"scroll","background-type":"","background-media":"","overlay-type":"","overlay-color":"","overlay-opacity":"","overlay-gradient":""},"mobile":{"background-color":"","background-image":"","background-repeat":"repeat","background-position":"center center","background-size":"auto","background-attachment":"scroll","background-type":"","background-media":"","overlay-type":"","overlay-color":"","overlay-opacity":"","overlay-gradient":""}},"ast-content-background-meta":{"desktop":{"background-color":"var(--ast-global-color-5)","background-image":"","background-repeat":"repeat","background-position":"center center","background-size":"auto","background-attachment":"scroll","background-type":"","background-media":"","overlay-type":"","overlay-color":"","overlay-opacity":"","overlay-gradient":""},"tablet":{"background-color":"var(--ast-global-color-5)","background-image":"","background-repeat":"repeat","background-position":"center center","background-size":"auto","background-attachment":"scroll","background-type":"","background-media":"","overlay-type":"","overlay-color":"","overlay-opacity":"","overlay-gradient":""},"mobile":{"background-color":"var(--ast-global-color-5)","background-image":"","background-repeat":"repeat","background-position":"center center","background-size":"auto","background-attachment":"scroll","background-type":"","background-media":"","overlay-type":"","overlay-color":"","overlay-opacity":"","overlay-gradient":""}},"_seo_title":"AC liquid crystal voltmeter(LCD) d85-20,D85-2040","_seo_keywords":"voltmeter d85-20, D91-20, D85-2040, LCD d85-20, D85-20 AC500V","_seo_description":"Digital display Liquid crystal voltmeter The LCD voltmeter D85-20, D69-20, D91-20, D85-2040 (LCD\/LED digital display) series is a small and cost-effective"},"product_brand":[],"product_cat":[15,70,69],"product_tag":[82,81,85,86,83,84],"class_list":{"0":"post-4434","1":"product","2":"type-product","3":"status-publish","4":"has-post-thumbnail","6":"product_cat-product","7":"product_cat-small-ammeter","8":"product_cat-voltmeter-ammeter","9":"product_tag-d69-20-lcd-voltmeter","10":"product_tag-d85-20-lcd-voltmeter","11":"product_tag-d85-20-voltmeter-black","12":"product_tag-d85-20-voltmeter-white","13":"product_tag-d85-2040-lcd-voltmeter-and-ammeter","14":"product_tag-d91-20-lcd-voltmeter","15":"desktop-align-center","16":"tablet-align-left","17":"mobile-align-left","18":"ast-product-gallery-layout-horizontal-slider","20":"first","21":"instock","22":"featured","23":"shipping-taxable","24":"product-type-simple"},"acf":[],"seo_title":"AC liquid crystal voltmeter(LCD) d85-20,D85-2040","seo_keywords":"voltmeter d85-20, D91-20, D85-2040, LCD d85-20, D85-20 AC500V","seo_description":"Digital display Liquid crystal voltmeter The LCD voltmeter D85-20, D69-20, D91-20, D85-2040 (LCD\/LED digital display) series is a small and cost-effective","seo_score":"95","product_seo_keywords":"","_links":{"self":[{"href":"https:\/\/bright-china.com\/sp\/wp-json\/wp\/v2\/product\/4434","targetHints":{"allow":["GET"]}}],"collection":[{"href":"https:\/\/bright-china.com\/sp\/wp-json\/wp\/v2\/product"}],"about":[{"href":"https:\/\/bright-china.com\/sp\/wp-json\/wp\/v2\/types\/product"}],"wp:featuredmedia":[{"embeddable":true,"href":"https:\/\/bright-china.com\/sp\/wp-json\/wp\/v2\/media\/8678"}],"wp:attachment":[{"href":"https:\/\/bright-china.com\/sp\/wp-json\/wp\/v2\/media?parent=4434"}],"wp:term":[{"taxonomy":"product_brand","embeddable":true,"href":"https:\/\/bright-china.com\/sp\/wp-json\/wp\/v2\/product_brand?post=4434"},{"taxonomy":"product_cat","embeddable":true,"href":"https:\/\/bright-china.com\/sp\/wp-json\/wp\/v2\/product_cat?post=4434"},{"taxonomy":"product_tag","embeddable":true,"href":"https:\/\/bright-china.com\/sp\/wp-json\/wp\/v2\/product_tag?post=4434"}],"curies":[{"name":"wp","href":"https:\/\/api.w.org\/{rel}","templated":true}]}}