{"id":4435,"date":"2025-04-27T02:23:54","date_gmt":"2025-04-27T02:23:54","guid":{"rendered":"https:\/\/bright-china.com\/?post_type=product&#038;p=4435"},"modified":"2025-12-31T04:02:30","modified_gmt":"2025-12-31T11:02:30","slug":"protector-de-tension-jgiv-63s","status":"publish","type":"product","link":"https:\/\/bright-china.com\/sp\/producto\/protector-de-tension-jgiv-63s\/","title":{"rendered":"Protector inteligente ajustable de corriente y tensi\u00f3n JGIV-63S"},"content":{"rendered":"<h3><strong>Presentaci\u00f3n del producto<\/strong><\/h3>\n<hr \/>\n<p><img fetchpriority=\"high\" decoding=\"async\" class=\"alignleft wp-image-8731 size-medium\" src=\"https:\/\/bright-china.com\/wp-content\/uploads\/2025\/04\/Intelligent-adjustable-Voltage-current-Protector-JGIV-63S-1-300x300.webp\" alt=\"Protector inteligente ajustable de corriente de tensi\u00f3n JGIV-63S-1\" width=\"300\" height=\"300\" srcset=\"https:\/\/bright-china.com\/wp-content\/uploads\/2025\/04\/Intelligent-adjustable-Voltage-current-Protector-JGIV-63S-1-300x300.webp 300w, https:\/\/bright-china.com\/wp-content\/uploads\/2025\/04\/Intelligent-adjustable-Voltage-current-Protector-JGIV-63S-1-150x150.webp 150w, https:\/\/bright-china.com\/wp-content\/uploads\/2025\/04\/Intelligent-adjustable-Voltage-current-Protector-JGIV-63S-1-768x768.webp 768w, https:\/\/bright-china.com\/wp-content\/uploads\/2025\/04\/Intelligent-adjustable-Voltage-current-Protector-JGIV-63S-1-12x12.webp 12w, https:\/\/bright-china.com\/wp-content\/uploads\/2025\/04\/Intelligent-adjustable-Voltage-current-Protector-JGIV-63S-1-600x600.webp 600w, https:\/\/bright-china.com\/wp-content\/uploads\/2025\/04\/Intelligent-adjustable-Voltage-current-Protector-JGIV-63S-1-100x100.webp 100w, https:\/\/bright-china.com\/wp-content\/uploads\/2025\/04\/Intelligent-adjustable-Voltage-current-Protector-JGIV-63S-1.webp 800w\" sizes=\"(max-width: 300px) 100vw, 300px\" \/><\/p>\n<p><a href=\"https:\/\/bright-china.com\/product-category\/product\/\"> Protector de corriente de tensi\u00f3n ajustable inteligente<\/a>\u00a0El protector inteligente de sobretensi\u00f3n y subtensi\u00f3n con limitaci\u00f3n de corriente es un conjunto de funciones de protecci\u00f3n de sobretensi\u00f3n, subtensi\u00f3n y sobrecorriente de un protector integral, modular, inteligente y visualizado, con protecci\u00f3n de sobretensi\u00f3n, subtensi\u00f3n y sobrecorriente. <a href=\"https:\/\/elejg.com\/\">sobretensi\u00f3n<\/a>Si se produce una ca\u00edda de tensi\u00f3n, sobrecorriente u otros fallos, el protector puede cortar instant\u00e1neamente el suministro el\u00e9ctrico, protegiendo el equipo el\u00e9ctrico intacto y sin da\u00f1os.<\/p>\n<p>\u3002 Esta serie de productos tiene una estructura compacta y una bella apariencia, y se instala en rieles gu\u00eda est\u00e1ndar.<\/p>\n<h3><strong>\u00a0Protector de tensi\u00f3n de Condiciones de trabajo<\/strong><\/h3>\n<hr \/>\n<table style=\"border-collapse: collapse; width: 100%; border-color: #969696;\" width=\"100%\">\n<tbody>\n<tr style=\"height: 13.50pt;\">\n<td class=\"et2\" style=\"height: 13px; width: 159.4pt; background-color: #060a30;\" width=\"212\" height=\"18\"><span style=\"color: #ffffff;\">Tipo<\/span><\/td>\n<td class=\"et3\" style=\"width: 89.95pt; background-color: #060a30; height: 13px;\" width=\"119\"><span style=\"color: #ffffff;\">JGIV-63S<\/span><\/td>\n<\/tr>\n<tr style=\"height: 13.50pt;\">\n<td class=\"et4\" style=\"height: 13px;\" height=\"18\">Rango de ajuste actual<\/td>\n<td class=\"et4\" style=\"height: 13px;\">63A(1<span class=\"font3\">~<\/span><span class=\"font2\">63A)<\/span><\/td>\n<\/tr>\n<tr style=\"height: 13.50pt;\">\n<td class=\"et4\" style=\"height: 13px; background-color: #dedede;\" height=\"18\">Rango de ajuste de la sobretensi\u00f3n<\/td>\n<td class=\"et4\" style=\"background-color: #dedede; height: 13px;\"><span class=\"font2\">AC270V(210<\/span><span class=\"font3\">~<\/span><span class=\"font2\">300V)<\/span><\/td>\n<\/tr>\n<tr style=\"height: 13.50pt;\">\n<td class=\"et4\" style=\"height: 13px;\" height=\"18\">Rango de ajuste de subtensi\u00f3n<\/td>\n<td class=\"et4\" style=\"height: 13px;\"><span class=\"font2\">AC170V(80<\/span><span class=\"font3\">~<\/span><span class=\"font2\">200V)<\/span><\/td>\n<\/tr>\n<\/tbody>\n<\/table>\n<p><span style=\"font-size: 16px;\">1. La temperatura ambiente no supera los +40 \u00b0C, no es inferior a -5 \u00b0C, y la temperatura media de 24 horas no supera los +35 \u00b0C; A ++40 \u00b0C, la humedad del aire circundante no supera los 50%;<\/span><\/p>\n<p>2. La altura del dial marino en el lugar de instalaci\u00f3n no superar\u00e1 los 2000 metros<\/p>\n<p>3. Nivel de contaminaci\u00f3n 3<\/p>\n<p>4. En el entorno de la instalaci\u00f3n, no hay ning\u00fan medio con riesgo de explosi\u00f3n, ni gases y polvos conductores corrosivos y destructores del aislamiento, ni lugares invadidos por la lluvia y la nieve.<\/p>\n<h2><strong>Principales par\u00e1metros t\u00e9cnicos<\/strong><\/h2>\n<hr \/>\n<p>1. Tensi\u00f3n de trabajo: AC230V, 50Hz;<\/p>\n<p>2. Corriente nominal: 40A Rango de ajuste de 1 a 40A;<\/p>\n<p>80A rango de ajuste de 1 a 80A;<\/p>\n<p>3. Valor de protecci\u00f3n de sobretensi\u00f3n: AC270V rango de ajuste de 220 a 300V;<\/p>\n<p>4. Valor de protecci\u00f3n de sobretensi\u00f3n: AC170V rango de ajuste de 140 a 200V;<\/p>\n<p>5. Cierre autom\u00e1tico con un retardo de 1 segundo para el primer encendido normal;<\/p>\n<p>6. En caso de sobretensi\u00f3n, subtensi\u00f3n y sobrecorriente cuando se energiza por primera vez, el producto se desconectar\u00e1 autom\u00e1ticamente en 3 segundos;<\/p>\n<p>7. Tiempo de restablecimiento tras fallo: 20 segundos;<\/p>\n<p>8. La vida mec\u00e1nica \u2265 100.000 veces;<\/p>\n<p>9. M\u00e9todo de cableado del producto: abajo dentro y fuera de la l\u00ednea, arriba dentro y fuera de la l\u00ednea, la conexi\u00f3n por defecto.<\/p>\n<p>El modo de l\u00ednea est\u00e1 ca\u00eddo y la l\u00ednea no funciona;<\/p>\n<p>10. El consumo de energ\u00eda del propio producto: \u22642W.<\/p>\n<p>11. La capacidad de cableado es de 16 metros cuadrados<\/p>\n<h2><strong>En cuarto lugar, la funci\u00f3n clave<\/strong><\/h2>\n<hr \/>\n<p>1. Bot\u00f3n de configuraci\u00f3n: Mantenga pulsado el bot\u00f3n de ajuste durante 2 segundos para entrar en el estado de ajuste, y despu\u00e9s de entrar en el estado de ajuste, p\u00falselo para entrar en el siguiente men\u00fa de ajuste cada vez;<\/p>\n<p>2. Tecla Arriba: Consulta los par\u00e1metros de ajuste del funcionamiento actual del producto, y aumenta los par\u00e1metros de valor de ajuste en el estado de ajuste;<\/p>\n<p>3. Bot\u00f3n Abajo: consulta la \u00faltima informaci\u00f3n de fallo del producto y reduce el par\u00e1metro de valor establecido en el estado de ajuste;<\/p>\n<p>4. Bot\u00f3n de reinicio: cuando se genere la primera sobrecorriente, el producto se cerrar\u00e1 autom\u00e1ticamente despu\u00e9s del tiempo de reinicio especificado en el retardo, y cuando la segunda sobrecorriente se debe determinar que la carga no est\u00e1 sobrecargada, pulse manualmente el bot\u00f3n de reinicio para cerrar el producto, y pulse el bot\u00f3n de reinicio para guardar y salir del estado de ajuste al establecer el estado.<\/p>\n<h2><strong>Protector de tensi\u00f3n de Ajustes del producto<\/strong><\/h2>\n<hr \/>\n<p>1. Pulse y mantenga pulsado el bot\u00f3n de ajuste durante 2 segundos para entrar en el estado de ajuste, y mostrar el valor de ajuste de sobretensi\u00f3n UH270, el rango de ajuste es 200-300, y el valor de protecci\u00f3n por defecto de sobretensi\u00f3n es AC270V;<\/p>\n<p>2. Pulse el bot\u00f3n arriba o abajo para cambiar el valor de protecci\u00f3n requerido para la sobretensi\u00f3n;<\/p>\n<p>3. Pulse el bot\u00f3n de ajuste para entrar en el siguiente men\u00fa, el valor de ajuste de subtensi\u00f3n es UL170, y el rango de ajuste es 140-200; Valor de protecci\u00f3n por defecto de subtensi\u00f3n AC170V;<\/p>\n<p>4. Pulse el bot\u00f3n arriba o abajo para cambiar el valor de protecci\u00f3n requerido para la subtensi\u00f3n;<\/p>\n<p>5. Pulse el bot\u00f3n de ajuste para entrar en el siguiente men\u00fa, el valor de ajuste de la protecci\u00f3n de subtensi\u00f3n es Ut1, el rango de ajuste es de 1-120 segundos, y el valor por defecto es 1 segundo;<\/p>\n<p>6. Pulse el bot\u00f3n arriba o abajo para cambiar el valor de protecci\u00f3n requerido para la sobretensi\u00f3n;<\/p>\n<p>7. Pulse el bot\u00f3n de ajuste para entrar en el siguiente men\u00fa, el valor de ajuste de la protecci\u00f3n de corriente nominal es In63, el rango de ajuste es 1-80A, y el valor por defecto es 40A o 63A;<\/p>\n<p>9. Pulse el bot\u00f3n arriba o abajo para cambiar el valor de protecci\u00f3n requerido para la sobreintensidad;<\/p>\n<p>10. Pulse el bot\u00f3n de ajuste para entrar en el siguiente men\u00fa, ajuste el tiempo de protecci\u00f3n de sobrecorriente Int20, ajuste el rango de 1 a 120 segundos, y el valor por defecto es 20 segundos;<\/p>\n<p>11. Pulse el bot\u00f3n arriba o abajo para cambiar el tiempo de protecci\u00f3n requerido para la sobreintensidad;<\/p>\n<p>12. Pulse el bot\u00f3n de configuraci\u00f3n para entrar en el siguiente men\u00fa, y el tiempo de restablecimiento autom\u00e1tico Adt20 despu\u00e9s de un fallo, el rango de ajuste es de 1-120 segundos, y el valor por defecto es de 20 segundos;<\/p>\n<p>13. Pulse el bot\u00f3n arriba o abajo para cambiar la hora de reinicio autom\u00e1tico;<\/p>\n<p>14. Una vez finalizado el ajuste, pulse el bot\u00f3n de reinicio para guardar y volver a la visualizaci\u00f3n real de corriente y tensi\u00f3n<\/p>\n<h2><strong>Descripci\u00f3n del panel<\/strong><\/h2>\n<hr \/>\n<p><img decoding=\"async\" class=\"alignnone wp-image-5539 size-full lazyload\" data-src=\"https:\/\/bright-china.com\/wp-content\/uploads\/2025\/04\/\u9762\u677f\u8bf4\u660e-\u82f1\u6587.jpg\" alt=\"Descripci\u00f3n del panel del protector de corriente de tensi\u00f3n ajustable inteligente JGIV-63S\" width=\"1343\" height=\"969\" data-srcset=\"https:\/\/bright-china.com\/wp-content\/uploads\/2025\/04\/\u9762\u677f\u8bf4\u660e-\u82f1\u6587.jpg 1343w, https:\/\/bright-china.com\/wp-content\/uploads\/2025\/04\/\u9762\u677f\u8bf4\u660e-\u82f1\u6587-300x216.jpg 300w, https:\/\/bright-china.com\/wp-content\/uploads\/2025\/04\/\u9762\u677f\u8bf4\u660e-\u82f1\u6587-1024x739.jpg 1024w, https:\/\/bright-china.com\/wp-content\/uploads\/2025\/04\/\u9762\u677f\u8bf4\u660e-\u82f1\u6587-768x554.jpg 768w, https:\/\/bright-china.com\/wp-content\/uploads\/2025\/04\/\u9762\u677f\u8bf4\u660e-\u82f1\u6587-18x12.jpg 18w, https:\/\/bright-china.com\/wp-content\/uploads\/2025\/04\/\u9762\u677f\u8bf4\u660e-\u82f1\u6587-600x433.jpg 600w\" data-sizes=\"(max-width: 1343px) 100vw, 1343px\" src=\"data:image\/svg+xml;base64,PHN2ZyB3aWR0aD0iMSIgaGVpZ2h0PSIxIiB4bWxucz0iaHR0cDovL3d3dy53My5vcmcvMjAwMC9zdmciPjwvc3ZnPg==\" style=\"--smush-placeholder-width: 1343px; --smush-placeholder-aspect-ratio: 1343\/969;\" \/><\/p>\n<p>&nbsp;<\/p>\n<p><img decoding=\"async\" class=\"alignnone wp-image-5538 size-full lazyload\" data-src=\"https:\/\/bright-china.com\/wp-content\/uploads\/2025\/04\/\u4ea7\u54c1\u5c3a\u5bf8.jpg\" alt=\"Dimensiones exteriores del Protector inteligente ajustable de corriente de tensi\u00f3n JGIV-63S\" width=\"700\" height=\"437\" data-srcset=\"https:\/\/bright-china.com\/wp-content\/uploads\/2025\/04\/\u4ea7\u54c1\u5c3a\u5bf8.jpg 700w, https:\/\/bright-china.com\/wp-content\/uploads\/2025\/04\/\u4ea7\u54c1\u5c3a\u5bf8-300x187.jpg 300w, https:\/\/bright-china.com\/wp-content\/uploads\/2025\/04\/\u4ea7\u54c1\u5c3a\u5bf8-18x12.jpg 18w, https:\/\/bright-china.com\/wp-content\/uploads\/2025\/04\/\u4ea7\u54c1\u5c3a\u5bf8-600x375.jpg 600w\" data-sizes=\"(max-width: 700px) 100vw, 700px\" src=\"data:image\/svg+xml;base64,PHN2ZyB3aWR0aD0iMSIgaGVpZ2h0PSIxIiB4bWxucz0iaHR0cDovL3d3dy53My5vcmcvMjAwMC9zdmciPjwvc3ZnPg==\" style=\"--smush-placeholder-width: 700px; --smush-placeholder-aspect-ratio: 700\/437;\" \/><\/p>\n<h2>Deber\u00eda ser un plan<\/h2>\n<hr \/>\n<figure id=\"attachment_6111\" class=\"wp-caption alignleft\" aria-describedby=\"caption-attachment-6111\">\n<p><figure id=\"attachment_6111\" aria-describedby=\"caption-attachment-6111\" style=\"width: 600px\" class=\"wp-caption alignnone\"><img decoding=\"async\" class=\"wp-image-6111 size-full lazyload\" data-src=\"https:\/\/bright-china.com\/wp-content\/uploads\/2025\/04\/\u63a5\u7ebf\u56fe-\u8fc7\u6b20\u538b-3.jpg\" data-sizes=\"(max-width: 600px) 100vw, 600px\" data-srcset=\"https:\/\/bright-china.com\/wp-content\/uploads\/2025\/04\/\u63a5\u7ebf\u56fe-\u8fc7\u6b20\u538b-3.jpg 600w, https:\/\/bright-china.com\/wp-content\/uploads\/2025\/04\/\u63a5\u7ebf\u56fe-\u8fc7\u6b20\u538b-3-159x300.jpg 159w, https:\/\/bright-china.com\/wp-content\/uploads\/2025\/04\/\u63a5\u7ebf\u56fe-\u8fc7\u6b20\u538b-3-542x1024.jpg 542w, https:\/\/bright-china.com\/wp-content\/uploads\/2025\/04\/\u63a5\u7ebf\u56fe-\u8fc7\u6b20\u538b-3-6x12.jpg 6w\" alt=\"protectores de sobretensi\u00f3n y subtensi\u00f3n\" width=\"600\" height=\"1133\" src=\"data:image\/svg+xml;base64,PHN2ZyB3aWR0aD0iMSIgaGVpZ2h0PSIxIiB4bWxucz0iaHR0cDovL3d3dy53My5vcmcvMjAwMC9zdmciPjwvc3ZnPg==\" style=\"--smush-placeholder-width: 600px; --smush-placeholder-aspect-ratio: 600\/1133;\" \/><figcaption id=\"caption-attachment-6111\" class=\"wp-caption-text\">protectores de sobretensi\u00f3n y subtensi\u00f3n<\/figcaption><\/figure><figcaption id=\"caption-attachment-6111\" class=\"wp-caption-text\">protectores de sobretensi\u00f3n y subtensi\u00f3n<\/figcaption><\/figure>\n<h3 data-slate-node=\"element\"><span class=\"null hover-sent\" style=\"color: #ff0000;\" data-slate-leaf=\"true\" data-sent-id=\"ejrkgDPYqe\">Advertencia:<\/span><\/h3>\n<div data-slate-node=\"element\"><span data-slate-node=\"text\"><span class=\"null hover-sent\" data-slate-leaf=\"true\" data-sent-id=\"ejrkgDPYqe\">Los hilos N y L no deben conectarse incorrectamente.<\/span><\/span><\/div>\n<div data-slate-node=\"element\" data-slate-fragment=\"JTVCJTdCJTIydHlwZSUyMiUzQSUyMnBhcmFncmFwaCUyMiUyQyUyMmNoaWxkcmVuJTIyJTNBJTVCJTdCJTIyaWQlMjIlM0ElMjJlanJrZ0RQWXFlJTIyJTJDJTIycGFyYUlkeCUyMiUzQTElMkMlMjJzcmMlMjIlM0ElMjJBdHRlbnRpb24lM0ElMjBUaGUlMjBOJTIwYW5kJTIwTCUyMHdpcmVzJTIwbXVzdCUyMG5vdCUyMGJlJTIwY29ubmVjdGVkJTIwaW5jb3JyZWN0bHkuJTIyJTJDJTIyZHN0JTIyJTNBJTIyJUU2JUIzJUE4JUU2JTg0JThGJUVGJUJDJTlBTiVFNSU5MiU4Q0wlRTclQkElQkYlRTQlQjglOEQlRTUlQkUlOTclRTglQkYlOUUlRTYlOEUlQTUlRTklOTQlOTklRTglQUYlQUYlRTMlODAlODIlMjIlMkMlMjJtZXRhZGF0YSUyMiUzQSUyMiUyMiUyQyUyMm1hdGNoZXMlMjIlM0FudWxsJTJDJTIybWV0YURhdGElMjIlM0ElNUIlNUQlMkMlMjJ0ZXh0JTIyJTNBJTIyVGhlJTIwTiUyMGFuZCUyMEwlMjB3aXJlcyUyMG11c3QlMjBub3QlMjBiZSUyMGNvbm5lY3RlZCUyMGluY29ycmVjdGx5LiUyMiU3RCU1RCU3RCUyQyU3QiUyMnR5cGUlMjIlM0ElMjJwYXJhZ3JhcGglMjIlMkMlMjJjaGlsZHJlbiUyMiUzQSU1QiU3QiUyMmlkJTIyJTNBJTIyVk5ETmRqOUFiQiUyMiUyQyUyMnBhcmFJZHglMjIlM0EyJTJDJTIyc3JjJTIyJTNBJTIyQWxsJTIwdGVybWluYWxzJTIwbXVzdCUyMGJlJTIwdGlnaHRlbmVkJTIwdG8lMjBwcmV2ZW50JTIwZmFsc2UlMjBjb25uZWN0aW9ucyUyMHRoYXQlMjBjb3VsZCUyMGJ1cm4lMjBvdXQlMjB0aGUlMjBwcm90ZWN0b3IuJTIyJTJDJTIyZHN0JTIyJTNBJTIyJUU2JTg5JTgwJUU2JTlDJTg5JUU3JUFCJUFGJUU1JUFEJTkwJUU1JUJGJTg1JUU5JUExJUJCJUU2JThCJUE3JUU3JUI0JUE3JUVGJUJDJThDJUU0JUJCJUE1JUU5JTk4JUIyJUU2JUFEJUEyJUU1JThGJUFGJUU4JTgzJUJEJUU3JTgzJUE3JUU1JTlEJThGJUU0JUJGJTlEJUU2JThBJUE0JUU1JTk5JUE4JUU3JTlBJTg0JUU5JTk0JTk5JUU4JUFGJUFGJUU4JUJGJTlFJUU2JThFJUE1JUUzJTgwJTgyJTIyJTJDJTIybWV0YWRhdGElMjIlM0ElMjIlMjIlMkMlMjJtYXRjaGVzJTIyJTNBbnVsbCUyQyUyMm1ldGFEYXRhJTIyJTNBJTVCJTVEJTJDJTIydGV4dCUyMiUzQSUyMkFsbCUyMHRlcm1pbmFscyUyMG11c3QlMjBiZSUyMHRpZ2h0ZW5lZCUyMHRvJTIwcHJldmVudCUyMGZhbHNlJTIwY29ubmVjdGlvbnMlMjB0aGF0JTIwY291bGQlMjBidXJuJTIwb3V0JTIwdGhlJTIwcHJvdGVjdG9yLiUyMiU3RCU1RCU3RCU1RA==\"><span data-slate-node=\"text\"><span class=\"null\" data-slate-leaf=\"true\" data-sent-id=\"VNDNdj9AbB\">Todos los terminales deben estar apretados para evitar falsas conexiones que podr\u00edan quemar el protector.<\/span><\/span><\/div>\n<h2><strong>Informaci\u00f3n del paquete est\u00e1ndar<\/strong><\/h2>\n<hr \/>\n<div style=\"overflow-x: auto;\">\n<p><img decoding=\"async\" class=\"alignnone wp-image-6114 size-medium lazyload\" data-src=\"https:\/\/bright-china.com\/wp-content\/uploads\/2025\/04\/45.5-23.5-31.5-box-300x300.jpg\" alt=\"Caja de embalaje para protector\" width=\"300\" height=\"300\" data-srcset=\"https:\/\/bright-china.com\/wp-content\/uploads\/2025\/04\/45.5-23.5-31.5-box-300x300.jpg 300w, https:\/\/bright-china.com\/wp-content\/uploads\/2025\/04\/45.5-23.5-31.5-box-150x150.jpg 150w, https:\/\/bright-china.com\/wp-content\/uploads\/2025\/04\/45.5-23.5-31.5-box-12x12.jpg 12w, https:\/\/bright-china.com\/wp-content\/uploads\/2025\/04\/45.5-23.5-31.5-box-600x600.jpg 600w, https:\/\/bright-china.com\/wp-content\/uploads\/2025\/04\/45.5-23.5-31.5-box-100x100.jpg 100w, https:\/\/bright-china.com\/wp-content\/uploads\/2025\/04\/45.5-23.5-31.5-box.jpg 750w\" data-sizes=\"(max-width: 300px) 100vw, 300px\" src=\"data:image\/svg+xml;base64,PHN2ZyB3aWR0aD0iMSIgaGVpZ2h0PSIxIiB4bWxucz0iaHR0cDovL3d3dy53My5vcmcvMjAwMC9zdmciPjwvc3ZnPg==\" style=\"--smush-placeholder-width: 300px; --smush-placeholder-aspect-ratio: 300\/300;\" \/><\/p>\n<table style=\"width: 100%; border-color: #969696;\">\n<tbody>\n<tr>\n<th style=\"background-color: #060a30; width: 38.4266%;\"><span style=\"color: #ffffff;\">Dimensiones de la caja (cm)<\/span><\/th>\n<th style=\"background-color: #060a30; width: 17.6248%;\"><span style=\"color: #ffffff;\">Lista de paquetes<\/span><\/th>\n<th style=\"background-color: #060a30; width: 14.0696%;\"><span style=\"color: #ffffff;\">CANT<\/span><\/th>\n<th style=\"background-color: #060a30; width: 29.8033%;\"><span style=\"color: #ffffff;\">Peso bruto (kg)<\/span><\/th>\n<\/tr>\n<tr>\n<td style=\"width: 38.4266%;\">45,5 cm \u00d7 23,5 cm \u00d7 31,5 cm<\/td>\n<td style=\"width: 17.6248%;\">\u00a0protector<\/td>\n<td style=\"width: 14.0696%;\">120 unidades<\/td>\n<td style=\"width: 29.8033%;\">20 kg<\/td>\n<\/tr>\n<\/tbody>\n<\/table>\n<p><a href=\"https:\/\/bright-china.com\/digital-display-current-and-voltage-protector\/\">Protector de corriente y tensi\u00f3n ajustable con pantalla digital<\/a><\/p>\n<\/div>","protected":false},"excerpt":{"rendered":"<p><a href=\"https:\/\/bright-china.com\/product-category\/product\/\">Protector de corriente de tensi\u00f3n ajustable inteligente<\/a>\u00a0is Intelligent current limiting type over-under-voltage protector is a set of: over-voltage, under-voltage, over-current protection functions of a comprehensive protector, product modular, intelligent, visualized, <a href=\"https:\/\/bright-china.com\/en\/current-and-voltage-protector\/\" title=\"\u67e5\u770b\u66f4\u591a\u5173\u4e8eproduct over-voltage\u7684\u4fe1\u606f\" class=\"seo-keyword-link\" style=\"font-weight: bold; color: inherit; text-decoration: underline; border-bottom: 1px dotted #667eea;\">product over-voltage<\/a>, under-voltage, over-current protection, all protection parameters can be set, when the line over-voltage, under-voltage, over-current and other faults occur the protector can instantly cut off the power supply, protect the electrical equipment intact and not damaged.<br \/>\n<strong>Instrucciones \uff1a<\/strong><a href=\"https:\/\/bright-china.com\/wp-content\/uploads\/2025\/04\/JGIV-63Svoltage-protector-1PN.pdf\"> protector de tensi\u00f3n JGIV-63SManual<\/a><\/p>","protected":false},"featured_media":8734,"template":"","meta":{"_acf_changed":false,"site-sidebar-layout":"default","site-content-layout":"","ast-site-content-layout":"default","site-content-style":"default","site-sidebar-style":"default","ast-global-header-display":"","ast-banner-title-visibility":"","ast-main-header-display":"","ast-hfb-above-header-display":"","ast-hfb-below-header-display":"","ast-hfb-mobile-header-display":"","site-post-title":"","ast-breadcrumbs-content":"","ast-featured-img":"","footer-sml-layout":"","theme-transparent-header-meta":"default","adv-header-id-meta":"","stick-header-meta":"default","header-above-stick-meta":"","header-main-stick-meta":"","header-below-stick-meta":"","astra-migrate-meta-layouts":"set","ast-page-background-enabled":"default","ast-page-background-meta":{"desktop":{"background-color":"","background-image":"","background-repeat":"repeat","background-position":"center center","background-size":"auto","background-attachment":"scroll","background-type":"","background-media":"","overlay-type":"","overlay-color":"","overlay-opacity":"","overlay-gradient":""},"tablet":{"background-color":"","background-image":"","background-repeat":"repeat","background-position":"center center","background-size":"auto","background-attachment":"scroll","background-type":"","background-media":"","overlay-type":"","overlay-color":"","overlay-opacity":"","overlay-gradient":""},"mobile":{"background-color":"","background-image":"","background-repeat":"repeat","background-position":"center center","background-size":"auto","background-attachment":"scroll","background-type":"","background-media":"","overlay-type":"","overlay-color":"","overlay-opacity":"","overlay-gradient":""}},"ast-content-background-meta":{"desktop":{"background-color":"var(--ast-global-color-5)","background-image":"","background-repeat":"repeat","background-position":"center center","background-size":"auto","background-attachment":"scroll","background-type":"","background-media":"","overlay-type":"","overlay-color":"","overlay-opacity":"","overlay-gradient":""},"tablet":{"background-color":"var(--ast-global-color-5)","background-image":"","background-repeat":"repeat","background-position":"center center","background-size":"auto","background-attachment":"scroll","background-type":"","background-media":"","overlay-type":"","overlay-color":"","overlay-opacity":"","overlay-gradient":""},"mobile":{"background-color":"var(--ast-global-color-5)","background-image":"","background-repeat":"repeat","background-position":"center center","background-size":"auto","background-attachment":"scroll","background-type":"","background-media":"","overlay-type":"","overlay-color":"","overlay-opacity":"","overlay-gradient":""}},"_seo_title":"Intelligent adjustable current and Voltage Protector","_seo_keywords":"voltage protector for fridge, voltage protector, voltage protector 220v, Adjustable over and under voltage protector","_seo_description":"Intelligent adjustable Voltage current Protector\u00a0is Intelligent current limiting type over-under-voltage protector is a set of: over-voltage, under-voltage,"},"product_brand":[],"product_cat":[15,70,65,69,64,57],"product_tag":[115,137,140,93],"class_list":{"0":"post-4435","1":"product","2":"type-product","3":"status-publish","4":"has-post-thumbnail","6":"product_cat-product","7":"product_cat-small-ammeter","8":"product_cat-current-and-voltage-protector","9":"product_cat-voltmeter-ammeter","10":"product_cat-smart-meter","11":"product_cat-smart-protector","12":"product_tag-current-voltage-protector","13":"product_tag-digital-display-adjustable-current-and-voltage-protector","14":"product_tag-intelligent-adjustable-voltage-current-protector","15":"product_tag-voltage-protector","16":"desktop-align-center","17":"tablet-align-left","18":"mobile-align-left","19":"ast-product-gallery-layout-horizontal-slider","21":"first","22":"instock","23":"featured","24":"shipping-taxable","25":"product-type-simple"},"acf":[],"seo_title":"Intelligent adjustable current and Voltage Protector","seo_keywords":"voltage protector for fridge, voltage protector, voltage protector 220v, Adjustable over and under voltage protector","seo_description":"Intelligent adjustable Voltage current Protector\u00a0is Intelligent current limiting type over-under-voltage protector is a set of: over-voltage, under-voltage,","seo_score":"85","product_seo_keywords":"","_links":{"self":[{"href":"https:\/\/bright-china.com\/sp\/wp-json\/wp\/v2\/product\/4435","targetHints":{"allow":["GET"]}}],"collection":[{"href":"https:\/\/bright-china.com\/sp\/wp-json\/wp\/v2\/product"}],"about":[{"href":"https:\/\/bright-china.com\/sp\/wp-json\/wp\/v2\/types\/product"}],"wp:featuredmedia":[{"embeddable":true,"href":"https:\/\/bright-china.com\/sp\/wp-json\/wp\/v2\/media\/8734"}],"wp:attachment":[{"href":"https:\/\/bright-china.com\/sp\/wp-json\/wp\/v2\/media?parent=4435"}],"wp:term":[{"taxonomy":"product_brand","embeddable":true,"href":"https:\/\/bright-china.com\/sp\/wp-json\/wp\/v2\/product_brand?post=4435"},{"taxonomy":"product_cat","embeddable":true,"href":"https:\/\/bright-china.com\/sp\/wp-json\/wp\/v2\/product_cat?post=4435"},{"taxonomy":"product_tag","embeddable":true,"href":"https:\/\/bright-china.com\/sp\/wp-json\/wp\/v2\/product_tag?post=4435"}],"curies":[{"name":"wp","href":"https:\/\/api.w.org\/{rel}","templated":true}]}}