{"id":4436,"date":"2025-04-27T02:23:54","date_gmt":"2025-04-27T02:23:54","guid":{"rendered":"https:\/\/bright-china.com\/?post_type=product&#038;p=4436"},"modified":"2025-12-31T04:15:06","modified_gmt":"2025-12-31T11:15:06","slug":"protector-de-tension-jggq-80","status":"publish","type":"product","link":"https:\/\/bright-china.com\/sp\/producto\/protector-de-tension-jggq-80\/","title":{"rendered":"Protector de sobretensi\u00f3n y subtensi\u00f3n trif\u00e1sico de cuatro hilos JGGQ-80"},"content":{"rendered":"<h2><strong>Introducci\u00f3n<\/strong><\/h2>\n<hr \/>\n<p><a style=\"font-size: 16px; background-color: #ffffff;\" href=\"https:\/\/bright-china.com\/current-voltage-protector\/\">Sobretensi\u00f3n y subtensi\u00f3n trif\u00e1sica de cuatro hilos <\/a><span style=\"font-size: 16px;\">protector JGGQ-80S\/3P+N Es una actualizaci\u00f3n del tipo de producto ordinario, caracter\u00edsticas t\u00e9cnicas del producto: bajo consumo de energ\u00eda, larga vida \u00fatil, control preciso, la falta de protecci\u00f3n de fase, la falta de protecci\u00f3n de l\u00ednea cero, la corriente l\u00edmite m\u00e1xima de cortocircuito de 3000A, el control de software de la humanizaci\u00f3n, y la indicaci\u00f3n clara con luz Led, el producto se enciende por primera vez en condiciones normales de la fuente de alimentaci\u00f3n el tiempo de cierre de 5 segundos, cuando la l\u00ednea se produce subtensi\u00f3n, falta de fase y otros fallos, cuando la fuente de alimentaci\u00f3n se vuelve normal, el tiempo de cierre es de 20 segundos, este dise\u00f1o ahorra demasiado tiempo para esperar cuando la red el\u00e9ctrica est\u00e1 fuera de potencia.<\/span><\/p>\n<p>El protector trif\u00e1sico de cuatro hilosAutoreinicializable de sobretensi\u00f3n\/subtensi\u00f3nTiene las funciones de p\u00e9rdida de fase, p\u00e9rdida cero,<a href=\"https:\/\/elejg.com\/?product\/\"> sobretensi\u00f3n<\/a> y protecci\u00f3n contra subtensiones, y se utiliza a menudo en l\u00edneas de distribuci\u00f3n trif\u00e1sicas de cuatro hilos y cajas combinadoras de generaci\u00f3n de energ\u00eda fotovoltaica.<\/p>\n<h2><strong><a href=\"https:\/\/bright-china.com\/product\/current-limiting-fire-alarm-protector\/\">Protector de sobretensi\u00f3n y subtensi\u00f3n trif\u00e1sico de cuatro hilos <\/a> de par\u00e1metros<\/strong><\/h2>\n<hr \/>\n<p>1. Corriente nominal: 32A, 40A, 50A, 63A, 80A<\/p>\n<p>2. Tensi\u00f3n de trabajo: AC230V, 50Hz (modo de trabajo de l\u00ednea de fase a l\u00ednea neutra)<\/p>\n<p>3. Valor de protecci\u00f3n contra sobretensi\u00f3n: AC270V \u00b15V (fase a cero)<\/p>\n<p>4. Valor de protecci\u00f3n de subtensi\u00f3n: AC170V \u00b15V (fase a cero)<\/p>\n<p>5. Tiempo de cierre del primer encendido: 5 segundos<\/p>\n<p>6. Tiempo de restablecimiento tras fallo: 20 segundos<\/p>\n<p>7. Tiempo de acci\u00f3n: 0,1 segundos<\/p>\n<p>8. El m\u00e1s alto es possiblewithstandAC450V sobretensi\u00f3n(fase a cero)\u3002<\/p>\n<h2><strong>Normas de aplicaci\u00f3n<\/strong><\/h2>\n<hr \/>\n<p>JGJ242-2011 C\u00f3digo de dise\u00f1o el\u00e9ctrico de edificios residenciales<\/p>\n<p>JGJ\/T16-2008<\/p>\n<p>GJBT-672 Atlas est\u00e1ndar de dise\u00f1o el\u00e9ctrico y construcci\u00f3n de edificios residenciales<\/p>\n<p>GB\/T68895.10-2001<\/p>\n<p>Cumple las normas de seguridad para aparatos el\u00e9ctricos de clase III<\/p>\n<p>JB\/T12762-2015 \u300a<a href=\"https:\/\/bright-china.com\/current-voltage-protector\/\"><strong>Trif\u00e1sico 4 hilos sobre y <\/strong><\/a><strong>en <\/strong><a href=\"https:\/\/bright-china.com\/current-voltage-protector\/\"><strong>protector de tensi\u00f3n<\/strong><\/a>\uff08<strong>OUPA<\/strong>)\u300b<\/p>\n<h2><strong>Protector de sobretensi\u00f3n y subtensi\u00f3n trif\u00e1sico de cuatro hilos <\/strong><strong>de tama\u00f1o<\/strong><\/h2>\n<hr \/>\n<p><strong><img fetchpriority=\"high\" decoding=\"async\" class=\"alignnone wp-image-5588 size-full\" src=\"https:\/\/bright-china.com\/wp-content\/uploads\/2025\/04\/\u5916\u5f62\u5c3a\u5bf8.jpg\" alt=\"Dimensiones del protector trif\u00e1sico de sobretensi\u00f3n y subtensi\u00f3n de cuatro hilos JGGQ-80S\" width=\"1141\" height=\"617\" srcset=\"https:\/\/bright-china.com\/wp-content\/uploads\/2025\/04\/\u5916\u5f62\u5c3a\u5bf8.jpg 1141w, https:\/\/bright-china.com\/wp-content\/uploads\/2025\/04\/\u5916\u5f62\u5c3a\u5bf8-300x162.jpg 300w, https:\/\/bright-china.com\/wp-content\/uploads\/2025\/04\/\u5916\u5f62\u5c3a\u5bf8-1024x554.jpg 1024w, https:\/\/bright-china.com\/wp-content\/uploads\/2025\/04\/\u5916\u5f62\u5c3a\u5bf8-768x415.jpg 768w, https:\/\/bright-china.com\/wp-content\/uploads\/2025\/04\/\u5916\u5f62\u5c3a\u5bf8-18x10.jpg 18w, https:\/\/bright-china.com\/wp-content\/uploads\/2025\/04\/\u5916\u5f62\u5c3a\u5bf8-600x324.jpg 600w\" sizes=\"(max-width: 1141px) 100vw, 1141px\" \/><\/strong><\/p>\n<p>&nbsp;<\/p>\n<h3 data-slate-node=\"element\"><span data-slate-node=\"text\"><span class=\"null hover-sent\" data-slate-leaf=\"true\" data-sent-id=\"ejrkgDPYqe\">Advertencia:<\/span><\/span><\/h3>\n<div data-slate-node=\"element\"><span data-slate-node=\"text\"><span class=\"null hover-sent\" data-slate-leaf=\"true\" data-sent-id=\"ejrkgDPYqe\">Los hilos N y L no deben conectarse incorrectamente.<\/span><\/span><\/div>\n<div data-slate-node=\"element\" data-slate-fragment=\"JTVCJTdCJTIydHlwZSUyMiUzQSUyMnBhcmFncmFwaCUyMiUyQyUyMmNoaWxkcmVuJTIyJTNBJTVCJTdCJTIyaWQlMjIlM0ElMjJlanJrZ0RQWXFlJTIyJTJDJTIycGFyYUlkeCUyMiUzQTElMkMlMjJzcmMlMjIlM0ElMjJBdHRlbnRpb24lM0ElMjBUaGUlMjBOJTIwYW5kJTIwTCUyMHdpcmVzJTIwbXVzdCUyMG5vdCUyMGJlJTIwY29ubmVjdGVkJTIwaW5jb3JyZWN0bHkuJTIyJTJDJTIyZHN0JTIyJTNBJTIyJUU2JUIzJUE4JUU2JTg0JThGJUVGJUJDJTlBTiVFNSU5MiU4Q0wlRTclQkElQkYlRTQlQjglOEQlRTUlQkUlOTclRTglQkYlOUUlRTYlOEUlQTUlRTklOTQlOTklRTglQUYlQUYlRTMlODAlODIlMjIlMkMlMjJtZXRhZGF0YSUyMiUzQSUyMiUyMiUyQyUyMm1hdGNoZXMlMjIlM0FudWxsJTJDJTIybWV0YURhdGElMjIlM0ElNUIlNUQlMkMlMjJ0ZXh0JTIyJTNBJTIyVGhlJTIwTiUyMGFuZCUyMEwlMjB3aXJlcyUyMG11c3QlMjBub3QlMjBiZSUyMGNvbm5lY3RlZCUyMGluY29ycmVjdGx5LiUyMiU3RCU1RCU3RCUyQyU3QiUyMnR5cGUlMjIlM0ElMjJwYXJhZ3JhcGglMjIlMkMlMjJjaGlsZHJlbiUyMiUzQSU1QiU3QiUyMmlkJTIyJTNBJTIyVk5ETmRqOUFiQiUyMiUyQyUyMnBhcmFJZHglMjIlM0EyJTJDJTIyc3JjJTIyJTNBJTIyQWxsJTIwdGVybWluYWxzJTIwbXVzdCUyMGJlJTIwdGlnaHRlbmVkJTIwdG8lMjBwcmV2ZW50JTIwZmFsc2UlMjBjb25uZWN0aW9ucyUyMHRoYXQlMjBjb3VsZCUyMGJ1cm4lMjBvdXQlMjB0aGUlMjBwcm90ZWN0b3IuJTIyJTJDJTIyZHN0JTIyJTNBJTIyJUU2JTg5JTgwJUU2JTlDJTg5JUU3JUFCJUFGJUU1JUFEJTkwJUU1JUJGJTg1JUU5JUExJUJCJUU2JThCJUE3JUU3JUI0JUE3JUVGJUJDJThDJUU0JUJCJUE1JUU5JTk4JUIyJUU2JUFEJUEyJUU1JThGJUFGJUU4JTgzJUJEJUU3JTgzJUE3JUU1JTlEJThGJUU0JUJGJTlEJUU2JThBJUE0JUU1JTk5JUE4JUU3JTlBJTg0JUU5JTk0JTk5JUU4JUFGJUFGJUU4JUJGJTlFJUU2JThFJUE1JUUzJTgwJTgyJTIyJTJDJTIybWV0YWRhdGElMjIlM0ElMjIlMjIlMkMlMjJtYXRjaGVzJTIyJTNBbnVsbCUyQyUyMm1ldGFEYXRhJTIyJTNBJTVCJTVEJTJDJTIydGV4dCUyMiUzQSUyMkFsbCUyMHRlcm1pbmFscyUyMG11c3QlMjBiZSUyMHRpZ2h0ZW5lZCUyMHRvJTIwcHJldmVudCUyMGZhbHNlJTIwY29ubmVjdGlvbnMlMjB0aGF0JTIwY291bGQlMjBidXJuJTIwb3V0JTIwdGhlJTIwcHJvdGVjdG9yLiUyMiU3RCU1RCU3RCU1RA==\"><span data-slate-node=\"text\"><span class=\"null\" data-slate-leaf=\"true\" data-sent-id=\"VNDNdj9AbB\">Todos los terminales deben estar apretados para evitar falsas conexiones que podr\u00edan quemar el protector.<\/span><\/span><\/div>\n<p>&nbsp;<\/p>\n<h2><strong>Informaci\u00f3n del paquete est\u00e1ndar<\/strong><\/h2>\n<hr \/>\n<div style=\"overflow-x: auto;\">\n<p><img decoding=\"async\" class=\"alignnone wp-image-8832 size-medium lazyload\" data-src=\"https:\/\/bright-china.com\/wp-content\/uploads\/2025\/04\/Packaging-box-for-protector--300x300.webp\" alt=\"Caja de embalaje para protector\" width=\"300\" height=\"300\" data-srcset=\"https:\/\/bright-china.com\/wp-content\/uploads\/2025\/04\/Packaging-box-for-protector--300x300.webp 300w, https:\/\/bright-china.com\/wp-content\/uploads\/2025\/04\/Packaging-box-for-protector--150x150.webp 150w, https:\/\/bright-china.com\/wp-content\/uploads\/2025\/04\/Packaging-box-for-protector--12x12.webp 12w, https:\/\/bright-china.com\/wp-content\/uploads\/2025\/04\/Packaging-box-for-protector--600x600.webp 600w, https:\/\/bright-china.com\/wp-content\/uploads\/2025\/04\/Packaging-box-for-protector--100x100.webp 100w, https:\/\/bright-china.com\/wp-content\/uploads\/2025\/04\/Packaging-box-for-protector-.webp 750w\" data-sizes=\"(max-width: 300px) 100vw, 300px\" src=\"data:image\/svg+xml;base64,PHN2ZyB3aWR0aD0iMSIgaGVpZ2h0PSIxIiB4bWxucz0iaHR0cDovL3d3dy53My5vcmcvMjAwMC9zdmciPjwvc3ZnPg==\" style=\"--smush-placeholder-width: 300px; --smush-placeholder-aspect-ratio: 300\/300;\" \/><\/p>\n<table style=\"width: 100%; border-color: #969696;\">\n<tbody>\n<tr>\n<th style=\"background-color: #060a30;\"><span style=\"color: #ffffff;\">Dimensiones de la caja (cm)<\/span><\/th>\n<th style=\"background-color: #060a30;\"><span style=\"color: #ffffff;\">Lista de paquetes<\/span><\/th>\n<th style=\"background-color: #060a30;\"><span style=\"color: #ffffff;\">CANT<\/span><\/th>\n<th style=\"background-color: #060a30;\"><span style=\"color: #ffffff;\">Peso bruto (kg)<\/span><\/th>\n<\/tr>\n<tr>\n<td>45,5 cm \u00d7 23,5 cm \u00d7 31,5 cm<\/td>\n<td>\u00a0protector<\/td>\n<td>60 unidades<\/td>\n<td>20 kg<\/td>\n<\/tr>\n<\/tbody>\n<\/table>\n<\/div>\n<p><a href=\"https:\/\/bright-china.com\/digital-display-current-and-voltage-protector\/\">Protector de corriente y tensi\u00f3n ajustable con pantalla digital<\/a><\/p>","protected":false},"excerpt":{"rendered":"<p><strong>Protector de sobretensi\u00f3n y subtensi\u00f3n trif\u00e1sico de cuatro hilos<\/strong> es una actualizaci\u00f3n del tipo ordinario del producto, las caracter\u00edsticas del producto: bajo consumo de energ\u00eda, larga vida, un control preciso, la protecci\u00f3n contra la p\u00e9rdida de fase, la falta de protecci\u00f3n de l\u00ednea cero, m\u00e1xima corriente l\u00edmite de cortocircuito 3000A, la humanizaci\u00f3n de control de software, y la indicaci\u00f3n clara con luz Led, el producto se enciende por primera vez en condiciones normales de la fuente de alimentaci\u00f3n el tiempo de cierre es de 6 segundos, cuando la l\u00ednea se produce sobre-baja tensi\u00f3n, falta de fase y otros fallos, cuando la fuente de alimentaci\u00f3n se vuelve normal, el tiempo de cierre es de 40 segundos, este dise\u00f1o ahorra demasiado tiempo para esperar cuando la red el\u00e9ctrica est\u00e1 en el corte de energ\u00eda.<\/p>","protected":false},"featured_media":8794,"template":"","meta":{"_acf_changed":false,"site-sidebar-layout":"default","site-content-layout":"","ast-site-content-layout":"default","site-content-style":"default","site-sidebar-style":"default","ast-global-header-display":"","ast-banner-title-visibility":"","ast-main-header-display":"","ast-hfb-above-header-display":"","ast-hfb-below-header-display":"","ast-hfb-mobile-header-display":"","site-post-title":"","ast-breadcrumbs-content":"","ast-featured-img":"","footer-sml-layout":"","theme-transparent-header-meta":"default","adv-header-id-meta":"","stick-header-meta":"default","header-above-stick-meta":"","header-main-stick-meta":"","header-below-stick-meta":"","astra-migrate-meta-layouts":"set","ast-page-background-enabled":"default","ast-page-background-meta":{"desktop":{"background-color":"","background-image":"","background-repeat":"repeat","background-position":"center center","background-size":"auto","background-attachment":"scroll","background-type":"","background-media":"","overlay-type":"","overlay-color":"","overlay-opacity":"","overlay-gradient":""},"tablet":{"background-color":"","background-image":"","background-repeat":"repeat","background-position":"center center","background-size":"auto","background-attachment":"scroll","background-type":"","background-media":"","overlay-type":"","overlay-color":"","overlay-opacity":"","overlay-gradient":""},"mobile":{"background-color":"","background-image":"","background-repeat":"repeat","background-position":"center center","background-size":"auto","background-attachment":"scroll","background-type":"","background-media":"","overlay-type":"","overlay-color":"","overlay-opacity":"","overlay-gradient":""}},"ast-content-background-meta":{"desktop":{"background-color":"var(--ast-global-color-5)","background-image":"","background-repeat":"repeat","background-position":"center center","background-size":"auto","background-attachment":"scroll","background-type":"","background-media":"","overlay-type":"","overlay-color":"","overlay-opacity":"","overlay-gradient":""},"tablet":{"background-color":"var(--ast-global-color-5)","background-image":"","background-repeat":"repeat","background-position":"center center","background-size":"auto","background-attachment":"scroll","background-type":"","background-media":"","overlay-type":"","overlay-color":"","overlay-opacity":"","overlay-gradient":""},"mobile":{"background-color":"var(--ast-global-color-5)","background-image":"","background-repeat":"repeat","background-position":"center center","background-size":"auto","background-attachment":"scroll","background-type":"","background-media":"","overlay-type":"","overlay-color":"","overlay-opacity":"","overlay-gradient":""}},"_seo_title":"Three phase four wire over and under voltage protector","_seo_keywords":"Three phase four wire over and under voltage protector, Auto Reconnect Adjustabie Current voltage Protector, voltage protector for home","_seo_description":"Three phase four wire over and under voltage protector is an upgrade from the ordinary type of product, product features: low power consumption, long life, precise control, phase loss protection,..."},"product_brand":[],"product_cat":[15,65,57],"product_tag":[117,116,118,93],"class_list":{"0":"post-4436","1":"product","2":"type-product","3":"status-publish","4":"has-post-thumbnail","6":"product_cat-product","7":"product_cat-current-and-voltage-protector","8":"product_cat-smart-protector","9":"product_tag-automatic-reset-over-and-under-voltage-protector","10":"product_tag-current-and-voltage-protector","11":"product_tag-digital-display-adjustable-voltage-and-current-protector","12":"product_tag-voltage-protector","13":"desktop-align-center","14":"tablet-align-left","15":"mobile-align-left","16":"ast-product-gallery-layout-horizontal-slider","18":"first","19":"instock","20":"sale","21":"shipping-taxable","22":"purchasable","23":"product-type-simple"},"acf":[],"seo_title":"Three phase four wire over and under voltage protector","seo_keywords":"Three phase four wire over and under voltage protector, Auto Reconnect Adjustabie Current voltage Protector, voltage protector for home","seo_description":"Three phase four wire over and under voltage protector is an upgrade from the ordinary type of product, product features: low power consumption, long life, precise control, phase loss protection,...","seo_score":"75","product_seo_keywords":"","_links":{"self":[{"href":"https:\/\/bright-china.com\/sp\/wp-json\/wp\/v2\/product\/4436","targetHints":{"allow":["GET"]}}],"collection":[{"href":"https:\/\/bright-china.com\/sp\/wp-json\/wp\/v2\/product"}],"about":[{"href":"https:\/\/bright-china.com\/sp\/wp-json\/wp\/v2\/types\/product"}],"wp:featuredmedia":[{"embeddable":true,"href":"https:\/\/bright-china.com\/sp\/wp-json\/wp\/v2\/media\/8794"}],"wp:attachment":[{"href":"https:\/\/bright-china.com\/sp\/wp-json\/wp\/v2\/media?parent=4436"}],"wp:term":[{"taxonomy":"product_brand","embeddable":true,"href":"https:\/\/bright-china.com\/sp\/wp-json\/wp\/v2\/product_brand?post=4436"},{"taxonomy":"product_cat","embeddable":true,"href":"https:\/\/bright-china.com\/sp\/wp-json\/wp\/v2\/product_cat?post=4436"},{"taxonomy":"product_tag","embeddable":true,"href":"https:\/\/bright-china.com\/sp\/wp-json\/wp\/v2\/product_tag?post=4436"}],"curies":[{"name":"wp","href":"https:\/\/api.w.org\/{rel}","templated":true}]}}