{"id":4437,"date":"2025-04-27T02:23:54","date_gmt":"2025-04-27T02:23:54","guid":{"rendered":"https:\/\/bright-china.com\/?post_type=product&#038;p=4437"},"modified":"2026-01-05T22:31:02","modified_gmt":"2026-01-06T05:31:02","slug":"protector-de-tension-jggq-63","status":"publish","type":"product","link":"https:\/\/bright-china.com\/sp\/producto\/protector-de-tension-jggq-63\/","title":{"rendered":"Protector contra sobretensiones y subtensiones de rearme autom\u00e1tico JGGQ-63"},"content":{"rendered":"<h2><strong>1. Introducci\u00f3n<\/strong><\/h2>\n<p>JGGQ-63 <strong>Reinicio autom\u00e1tico <a href=\"https:\/\/bright-china.com\/protectors\/\">protector de sobretensi\u00f3n y subtensi\u00f3n <\/a><\/strong>Cuando la l\u00ednea de alimentaci\u00f3n tiene sobretensi\u00f3n y subtensi\u00f3n, el protector puede cortar r\u00e1pidamente y con seguridad el circuito bajo el impacto continuo de alta tensi\u00f3n para evitar la ocurrencia de accidentes causados por la tensi\u00f3n anormal enviada a los aparatos el\u00e9ctricos terminales, y cuando la tensi\u00f3n vuelve a los valores normales, el protector encender\u00e1 autom\u00e1ticamente el circuito dentro del tiempo especificado para garantizar el funcionamiento normal de los aparatos el\u00e9ctricos terminales en la situaci\u00f3n desatendida.<\/p>\n<p><strong>2. Caracter\u00edsticas y entorno de uso<\/strong><\/p>\n<p>1. Cuando se produce la subtensi\u00f3n de l\u00ednea monof\u00e1sica, corte la l\u00ednea, y la tensi\u00f3n de l\u00ednea monof\u00e1sica volver\u00e1 a la normalidad y se restablecer\u00e1 autom\u00e1ticamente y conectar la l\u00ednea despu\u00e9s de la demora, sin operaci\u00f3n manual.<\/p>\n<p>2. Cuando se produzca una sobretensi\u00f3n transitoria o transitoria en la l\u00ednea, el protector no funcionar\u00e1 mal.<\/p>\n<p>3. Cuando la tensi\u00f3n de la l\u00ednea es inestable debido a aver\u00edas como falsos contactos, o cuando se corta la corriente repentinamente y se produce una llamada, el protector no est\u00e1 conectado a la l\u00ednea.<\/p>\n<p>4. Cuando la tensi\u00f3n de fallo de la l\u00ednea es la m\u00e1s alta, el propio protector no sufrir\u00e1 da\u00f1os.<\/p>\n<p>5. Tensi\u00f3n de impulso soportada: 4 kV (conforme a las normas de seguridad de los aparatos el\u00e9ctricos de clase III).<\/p>\n<p>6. Temperatura ambiente: -25\u00b0C~40\u00b0C, humedad relativa: 10%~90%, altitud no superior a 2500 metros, y el lugar de uso debe disponer de instalaciones a prueba de lluvia.<\/p>\n<h2><strong><a href=\"https:\/\/bright-china.com\/current-voltage-protector\/\">protector de sobretensi\u00f3n y subtensi\u00f3n<\/a> de par\u00e1metros<\/strong><\/h2>\n<hr \/>\n<p>1. Corriente nominal: 32A, 40A, 50A, 63A<\/p>\n<p>2. Tensi\u00f3n de trabajo: AC230V, 50Hz<\/p>\n<p>3. Valor de protecci\u00f3n contra sobretensi\u00f3n: AC270V \u00b15V<\/p>\n<p>4. Valor de protecci\u00f3n de subtensi\u00f3n: AC170V \u00b15V<\/p>\n<p>5. Tiempo de restablecimiento tras fallo: 20 segundos<\/p>\n<p>6. Tiempo de acci\u00f3n: 0,2 segundos<\/p>\n<p>7. El m\u00e1s alto es possiblewithstandAC380V sobretensi\u00f3n.<\/p>\n<h2><strong>protector de sobretensi\u00f3n y subtensi\u00f3n<\/strong><strong>de normas<\/strong><\/h2>\n<hr \/>\n<p>JGJ242-2011 C\u00f3digo de dise\u00f1o el\u00e9ctrico de edificios residenciales<\/p>\n<p>JGJ\/T16-2008<\/p>\n<p>GJBT-672 Atlas est\u00e1ndar de dise\u00f1o el\u00e9ctrico y construcci\u00f3n de edificios residenciales<\/p>\n<p>GB\/T68895.10-2001<\/p>\n<p>Cumple las normas de seguridad para aparatos el\u00e9ctricos de clase III<\/p>\n<p>JB\/T12762-2015 \u300aDispositivo de protecci\u00f3n contra sobretensi\u00f3n y subtensi\u00f3n con funci\u00f3n de reenganche autom\u00e1tico\uff08.<strong>OUPA<\/strong>)\u300b<\/p>\n<h2><strong>protector de sobretensi\u00f3n y subtensi\u00f3n<\/strong><strong> de tama\u00f1o<\/strong><\/h2>\n<hr \/>\n<p><img fetchpriority=\"high\" decoding=\"async\" class=\"alignnone wp-image-6319 size-full\" src=\"https:\/\/bright-china.com\/wp-content\/uploads\/2025\/04\/oupa\u5c3a\u5bf8.jpg\" alt=\"Dimensiones del protector de sobretensi\u00f3n y subtensi\u00f3n de rearme autom\u00e1tico JGGQ-63\" width=\"750\" height=\"1069\" srcset=\"https:\/\/bright-china.com\/wp-content\/uploads\/2025\/04\/oupa\u5c3a\u5bf8.jpg 750w, https:\/\/bright-china.com\/wp-content\/uploads\/2025\/04\/oupa\u5c3a\u5bf8-210x300.jpg 210w, https:\/\/bright-china.com\/wp-content\/uploads\/2025\/04\/oupa\u5c3a\u5bf8-718x1024.jpg 718w, https:\/\/bright-china.com\/wp-content\/uploads\/2025\/04\/oupa\u5c3a\u5bf8-8x12.jpg 8w, https:\/\/bright-china.com\/wp-content\/uploads\/2025\/04\/oupa\u5c3a\u5bf8-600x855.jpg 600w\" sizes=\"(max-width: 750px) 100vw, 750px\" \/><\/p>\n<h2><strong>Informaci\u00f3n del paquete est\u00e1ndar<\/strong><\/h2>\n<hr \/>\n<p><img decoding=\"async\" class=\"alignnone wp-image-6114 size-medium lazyload\" data-src=\"https:\/\/bright-china.com\/wp-content\/uploads\/2025\/04\/45.5-23.5-31.5-box-300x300.jpg\" alt=\"Caja de embalaje para protector\" width=\"300\" height=\"300\" data-srcset=\"https:\/\/bright-china.com\/wp-content\/uploads\/2025\/04\/45.5-23.5-31.5-box-300x300.jpg 300w, https:\/\/bright-china.com\/wp-content\/uploads\/2025\/04\/45.5-23.5-31.5-box-150x150.jpg 150w, https:\/\/bright-china.com\/wp-content\/uploads\/2025\/04\/45.5-23.5-31.5-box-12x12.jpg 12w, https:\/\/bright-china.com\/wp-content\/uploads\/2025\/04\/45.5-23.5-31.5-box-600x600.jpg 600w, https:\/\/bright-china.com\/wp-content\/uploads\/2025\/04\/45.5-23.5-31.5-box-100x100.jpg 100w, https:\/\/bright-china.com\/wp-content\/uploads\/2025\/04\/45.5-23.5-31.5-box.jpg 750w\" data-sizes=\"(max-width: 300px) 100vw, 300px\" src=\"data:image\/svg+xml;base64,PHN2ZyB3aWR0aD0iMSIgaGVpZ2h0PSIxIiB4bWxucz0iaHR0cDovL3d3dy53My5vcmcvMjAwMC9zdmciPjwvc3ZnPg==\" style=\"--smush-placeholder-width: 300px; --smush-placeholder-aspect-ratio: 300\/300;\" \/><\/p>\n<div style=\"overflow-x: auto;\">\n<table style=\"width: 100%; border-color: #969696; height: 106px;\">\n<tbody>\n<tr style=\"height: 53px;\">\n<th style=\"height: 53px; background-color: #060a30;\"><span style=\"color: #ffffff;\">Dimensiones de la caja (cm)<\/span><\/th>\n<th style=\"height: 53px; background-color: #060a30;\"><span style=\"color: #ffffff;\">Lista de paquetes<\/span><\/th>\n<th style=\"height: 53px; background-color: #060a30;\"><span style=\"color: #ffffff;\">CANT<\/span><\/th>\n<th style=\"height: 53px; background-color: #060a30;\"><span style=\"color: #ffffff;\">Peso bruto (kg)<\/span><\/th>\n<\/tr>\n<tr style=\"height: 53px;\">\n<td style=\"height: 53px;\">45,5 cm \u00d7 23,5 cm \u00d7 31,5 cm<\/td>\n<td style=\"height: 53px;\">\u00a0protector<\/td>\n<td style=\"height: 53px;\">120 unidades<\/td>\n<td style=\"height: 53px;\">20 kg<\/td>\n<\/tr>\n<\/tbody>\n<\/table>\n<\/div>\n<p><a href=\"https:\/\/bright-china.com\/digital-display-current-and-voltage-protector\/\">Protector de corriente y tensi\u00f3n ajustable con pantalla digital<\/a><\/p>","protected":false},"excerpt":{"rendered":"<p>El protector de sobretensi\u00f3n y subtensi\u00f3n de rearme autom\u00e1tico JGGQ-63 adopta el circuito de control con microprocesador de baja potencia de alta velocidad como n\u00facleo, rel\u00e9 de enclavamiento magn\u00e9tico como circuito principal, y dise\u00f1o est\u00e1ndar modularizado, cuando la l\u00ednea de alimentaci\u00f3n aparece sobretensi\u00f3n y subtensi\u00f3n, el protector puede cortar r\u00e1pidamente y con seguridad el circuito bajo el impacto continuo de alto voltaje para evitar la ocurrencia de accidentes causados por el voltaje anormal enviado a los aparatos el\u00e9ctricos terminales, y cuando el voltaje vuelve a los valores normales, el protector encender\u00e1 autom\u00e1ticamente el circuito dentro del tiempo especificado para asegurar el funcionamiento normal de los aparatos terminales en la situaci\u00f3n desatendida.<\/p>","protected":false},"featured_media":8798,"template":"","meta":{"_acf_changed":false,"site-sidebar-layout":"default","site-content-layout":"","ast-site-content-layout":"default","site-content-style":"default","site-sidebar-style":"default","ast-global-header-display":"","ast-banner-title-visibility":"","ast-main-header-display":"","ast-hfb-above-header-display":"","ast-hfb-below-header-display":"","ast-hfb-mobile-header-display":"","site-post-title":"","ast-breadcrumbs-content":"","ast-featured-img":"","footer-sml-layout":"","theme-transparent-header-meta":"default","adv-header-id-meta":"","stick-header-meta":"default","header-above-stick-meta":"","header-main-stick-meta":"","header-below-stick-meta":"","astra-migrate-meta-layouts":"set","ast-page-background-enabled":"default","ast-page-background-meta":{"desktop":{"background-color":"","background-image":"","background-repeat":"repeat","background-position":"center center","background-size":"auto","background-attachment":"scroll","background-type":"","background-media":"","overlay-type":"","overlay-color":"","overlay-opacity":"","overlay-gradient":""},"tablet":{"background-color":"","background-image":"","background-repeat":"repeat","background-position":"center center","background-size":"auto","background-attachment":"scroll","background-type":"","background-media":"","overlay-type":"","overlay-color":"","overlay-opacity":"","overlay-gradient":""},"mobile":{"background-color":"","background-image":"","background-repeat":"repeat","background-position":"center center","background-size":"auto","background-attachment":"scroll","background-type":"","background-media":"","overlay-type":"","overlay-color":"","overlay-opacity":"","overlay-gradient":""}},"ast-content-background-meta":{"desktop":{"background-color":"var(--ast-global-color-5)","background-image":"","background-repeat":"repeat","background-position":"center center","background-size":"auto","background-attachment":"scroll","background-type":"","background-media":"","overlay-type":"","overlay-color":"","overlay-opacity":"","overlay-gradient":""},"tablet":{"background-color":"var(--ast-global-color-5)","background-image":"","background-repeat":"repeat","background-position":"center center","background-size":"auto","background-attachment":"scroll","background-type":"","background-media":"","overlay-type":"","overlay-color":"","overlay-opacity":"","overlay-gradient":""},"mobile":{"background-color":"var(--ast-global-color-5)","background-image":"","background-repeat":"repeat","background-position":"center center","background-size":"auto","background-attachment":"scroll","background-type":"","background-media":"","overlay-type":"","overlay-color":"","overlay-opacity":"","overlay-gradient":""}},"_seo_title":"Automatic reset over and under voltage protector JGGQ-63","_seo_keywords":"Automatic reset over and under voltage protector, voltage protector for home, Digital adjustable voltage and current protector","_seo_description":"JGGQ-63 Automatic reset over\u00a0 and under voltage protector adopts the control circuit with high-speed micro-low-power processor as the core,"},"product_brand":[],"product_cat":[15,65],"product_tag":[94,117,118,93],"class_list":{"0":"post-4437","1":"product","2":"type-product","3":"status-publish","4":"has-post-thumbnail","6":"product_cat-product","7":"product_cat-current-and-voltage-protector","8":"product_tag-3phase-4-wire-current-and-voltage-protector","9":"product_tag-automatic-reset-over-and-under-voltage-protector","10":"product_tag-digital-display-adjustable-voltage-and-current-protector","11":"product_tag-voltage-protector","12":"desktop-align-center","13":"tablet-align-left","14":"mobile-align-left","15":"ast-product-gallery-layout-horizontal-slider","17":"first","18":"instock","19":"sale","20":"shipping-taxable","21":"purchasable","22":"product-type-simple"},"acf":[],"seo_title":"Automatic reset over and under voltage protector JGGQ-63","seo_keywords":"Automatic reset over and under voltage protector, voltage protector for home, Digital adjustable voltage and current protector","seo_description":"JGGQ-63 Automatic reset over\u00a0 and under voltage protector adopts the control circuit with high-speed micro-low-power processor as the core,","seo_score":"85","product_seo_keywords":"","_links":{"self":[{"href":"https:\/\/bright-china.com\/sp\/wp-json\/wp\/v2\/product\/4437","targetHints":{"allow":["GET"]}}],"collection":[{"href":"https:\/\/bright-china.com\/sp\/wp-json\/wp\/v2\/product"}],"about":[{"href":"https:\/\/bright-china.com\/sp\/wp-json\/wp\/v2\/types\/product"}],"wp:featuredmedia":[{"embeddable":true,"href":"https:\/\/bright-china.com\/sp\/wp-json\/wp\/v2\/media\/8798"}],"wp:attachment":[{"href":"https:\/\/bright-china.com\/sp\/wp-json\/wp\/v2\/media?parent=4437"}],"wp:term":[{"taxonomy":"product_brand","embeddable":true,"href":"https:\/\/bright-china.com\/sp\/wp-json\/wp\/v2\/product_brand?post=4437"},{"taxonomy":"product_cat","embeddable":true,"href":"https:\/\/bright-china.com\/sp\/wp-json\/wp\/v2\/product_cat?post=4437"},{"taxonomy":"product_tag","embeddable":true,"href":"https:\/\/bright-china.com\/sp\/wp-json\/wp\/v2\/product_tag?post=4437"}],"curies":[{"name":"wp","href":"https:\/\/api.w.org\/{rel}","templated":true}]}}