{"id":4440,"date":"2025-04-27T02:23:54","date_gmt":"2025-04-27T02:23:54","guid":{"rendered":"https:\/\/bright-china.com\/?post_type=product&#038;p=4440"},"modified":"2025-12-29T20:33:37","modified_gmt":"2025-12-30T03:33:37","slug":"medidor-dts3805","status":"publish","type":"product","link":"https:\/\/bright-china.com\/sp\/producto\/medidor-dts3805\/","title":{"rendered":"Contador de energ\u00eda de carril DIN DTS3805"},"content":{"rendered":"<h2><strong>\u00c1mbito de aplicaci\u00f3n<\/strong><\/h2>\n<hr \/>\n<p><a href=\"https:\/\/bright-china.com\/product\/digital-multi-function-power-meter\/\">\u00a0 El contador de energ\u00eda Din rail es<\/a> Carril electr\u00f3nico el\u00e9ctrico trif\u00e1sico de 4 hilos y trif\u00e1sico de 3 hilos <a href=\"https:\/\/www.elejg.com\/?product\/\">contador de energ\u00eda <\/a>(en lo sucesivo denominado \"instrumento\") es el uso de circuitos integrados a gran escala, la aplicaci\u00f3n de la tecnolog\u00eda de muestreo digital, est\u00e1 dise\u00f1ado para el sistema de energ\u00eda, la industria de la comunicaci\u00f3n, la industria de la construcci\u00f3n y otras necesidades de monitoreo de energ\u00eda y medici\u00f3n de energ\u00eda, principalmente para el circuito el\u00e9ctrico en el voltaje trif\u00e1sico, corriente trif\u00e1sica, potencia activa, potencia reactiva, frecuencia, energ\u00eda el\u00e9ctrica directa e inversa, energ\u00eda el\u00e9ctrica de cuatro cuadrantes y otros par\u00e1metros para la medici\u00f3n y visualizaci\u00f3n en tiempo real, utilizando el montaje en riel DIN35mm Din est\u00e1ndar; Como producto terminal de monitorizaci\u00f3n del sistema de gesti\u00f3n de energ\u00eda, puede ser ampliamente utilizado en la evaluaci\u00f3n y monitorizaci\u00f3n de la energ\u00eda interna de empresas industriales y mineras, hoteles, escuelas y grandes edificios p\u00fablicos.<\/p>\n<p>Los indicadores de rendimiento del contador de energ\u00eda el\u00e9ctrica cumplen las siguientes normas t\u00e9cnicas pertinentes:<\/p>\n<p>GB\/T 17215.211-2021<\/p>\n<p>GB\/T 17215.321-2021 Requisitos especiales para equipos de medida el\u00e9ctricos (CA) - Parte 21: Contadores est\u00e1ticos de energ\u00eda activa (Clase A, Clase B, Clase C).<\/p>\n<p>GB\/T 17215.323-2008 Requisitos especiales para los equipos de medida de corriente alterna - Parte 23: Contadores de energ\u00eda reactiva est\u00e1tica (Niveles 2 y 3).<\/p>\n<p>DL\/T 645-2007 \"Protocolo de comunicaci\u00f3n de contadores de energ\u00eda multifuncionales\" Protocolo est\u00e1ndar MODUS-RTU<\/p>\n<h2><strong>Caracter\u00edsticas del producto<\/strong><\/h2>\n<hr \/>\n<p>Las principales funciones del producto son: tensi\u00f3n trif\u00e1sica, corriente trif\u00e1sica, potencia activa, potencia reactiva, potencia, factor de potencia, frecuencia, medici\u00f3n de la energ\u00eda activa, medici\u00f3n de la energ\u00eda reactiva, tasa compleja estad\u00edstica de la demanda (opcional), an\u00e1lisis de arm\u00f3nicos (opcional).<\/p>\n<p>Dispone de puerto de comunicaci\u00f3n RS485 y admite el protocolo ModBus est\u00e1ndar o el protocolo DL\/T 645-2007.<\/p>\n<p>Admite la funci\u00f3n de control externo y admite hasta 2 salidas de rel\u00e9<\/p>\n<p>Montaje en carril DIN35mm est\u00e1ndar, dise\u00f1o de estructura modular, tama\u00f1o reducido, f\u00e1cil de instalar;<\/p>\n<h2><strong>Contador de energ\u00eda de carril Din Descripci\u00f3n del modelo<\/strong><\/h2>\n<hr \/>\n<p><img decoding=\"async\" data-src=\"https:\/\/elejg.com\/static\/upload\/image\/20241219\/1734595606168089.jpg\" alt=\"Manual de instrucciones del contador trif\u00e1sico de energ\u00eda el\u00e9ctrica Rail (4P) - descripci\u00f3n del modelo .jpg\" src=\"data:image\/svg+xml;base64,PHN2ZyB3aWR0aD0iMSIgaGVpZ2h0PSIxIiB4bWxucz0iaHR0cDovL3d3dy53My5vcmcvMjAwMC9zdmciPjwvc3ZnPg==\" class=\"lazyload\" \/><\/p>\n<h2><strong>Din rail type energy mete of size\u00a0<\/strong><\/h2>\n<hr \/>\n<p><img fetchpriority=\"high\" decoding=\"async\" class=\"alignnone size-full wp-image-8820\" src=\"https:\/\/bright-china.com\/wp-content\/uploads\/2025\/04\/Dimensions-of-Din-Rail-Energy-Meter-DTS805.jpg\" alt=\"\" width=\"689\" height=\"408\" srcset=\"https:\/\/bright-china.com\/wp-content\/uploads\/2025\/04\/Dimensions-of-Din-Rail-Energy-Meter-DTS805.jpg 689w, https:\/\/bright-china.com\/wp-content\/uploads\/2025\/04\/Dimensions-of-Din-Rail-Energy-Meter-DTS805-300x178.jpg 300w, https:\/\/bright-china.com\/wp-content\/uploads\/2025\/04\/Dimensions-of-Din-Rail-Energy-Meter-DTS805-18x12.jpg 18w, https:\/\/bright-china.com\/wp-content\/uploads\/2025\/04\/Dimensions-of-Din-Rail-Energy-Meter-DTS805-600x355.jpg 600w\" sizes=\"(max-width: 689px) 100vw, 689px\" \/><\/p>","protected":false},"excerpt":{"rendered":"<p>El medidor de energ\u00eda de riel Din es trif\u00e1sico de 4 hilos adopta la estructura de instalaci\u00f3n de riel DIN35mm, de tama\u00f1o peque\u00f1o, puede medir la energ\u00eda el\u00e9ctrica y otros par\u00e1metros el\u00e9ctricos, puede establecer par\u00e1metros como el reloj, el per\u00edodo de tasa, etc, con alta precisi\u00f3n, buena fiabilidad, y los indicadores de rendimiento de acuerdo con la norma nacional GB\/T17215-2002, GB\/T17883-1999 y la norma de la industria de energ\u00eda DL\/T614-2007 para los requisitos t\u00e9cnicos del medidor de energ\u00eda el\u00e9ctrica, y tiene la funci\u00f3n de salida de impulsos de energ\u00eda el\u00e9ctrica; interfaz de comunicaci\u00f3n RS485 se puede utilizar para realizar el intercambio de datos con el ordenador central.<\/p>","protected":false},"featured_media":8814,"template":"","meta":{"_acf_changed":false,"site-sidebar-layout":"default","site-content-layout":"","ast-site-content-layout":"default","site-content-style":"default","site-sidebar-style":"default","ast-global-header-display":"","ast-banner-title-visibility":"","ast-main-header-display":"","ast-hfb-above-header-display":"","ast-hfb-below-header-display":"","ast-hfb-mobile-header-display":"","site-post-title":"","ast-breadcrumbs-content":"","ast-featured-img":"","footer-sml-layout":"","theme-transparent-header-meta":"default","adv-header-id-meta":"","stick-header-meta":"default","header-above-stick-meta":"","header-main-stick-meta":"","header-below-stick-meta":"","astra-migrate-meta-layouts":"set","ast-page-background-enabled":"default","ast-page-background-meta":{"desktop":{"background-color":"","background-image":"","background-repeat":"repeat","background-position":"center center","background-size":"auto","background-attachment":"scroll","background-type":"","background-media":"","overlay-type":"","overlay-color":"","overlay-opacity":"","overlay-gradient":""},"tablet":{"background-color":"","background-image":"","background-repeat":"repeat","background-position":"center center","background-size":"auto","background-attachment":"scroll","background-type":"","background-media":"","overlay-type":"","overlay-color":"","overlay-opacity":"","overlay-gradient":""},"mobile":{"background-color":"","background-image":"","background-repeat":"repeat","background-position":"center center","background-size":"auto","background-attachment":"scroll","background-type":"","background-media":"","overlay-type":"","overlay-color":"","overlay-opacity":"","overlay-gradient":""}},"ast-content-background-meta":{"desktop":{"background-color":"var(--ast-global-color-5)","background-image":"","background-repeat":"repeat","background-position":"center center","background-size":"auto","background-attachment":"scroll","background-type":"","background-media":"","overlay-type":"","overlay-color":"","overlay-opacity":"","overlay-gradient":""},"tablet":{"background-color":"var(--ast-global-color-5)","background-image":"","background-repeat":"repeat","background-position":"center center","background-size":"auto","background-attachment":"scroll","background-type":"","background-media":"","overlay-type":"","overlay-color":"","overlay-opacity":"","overlay-gradient":""},"mobile":{"background-color":"var(--ast-global-color-5)","background-image":"","background-repeat":"repeat","background-position":"center center","background-size":"auto","background-attachment":"scroll","background-type":"","background-media":"","overlay-type":"","overlay-color":"","overlay-opacity":"","overlay-gradient":""}},"_seo_title":"","_seo_keywords":"","_seo_description":""},"product_brand":[],"product_cat":[15,70,69,64],"product_tag":[123,122,121],"class_list":{"0":"post-4440","1":"product","2":"type-product","3":"status-publish","4":"has-post-thumbnail","6":"product_cat-product","7":"product_cat-small-ammeter","8":"product_cat-voltmeter-ammeter","9":"product_cat-smart-meter","10":"product_tag-din-rail-type-energy-meter","11":"product_tag-energy-meter","12":"product_tag-power-meter","13":"desktop-align-center","14":"tablet-align-left","15":"mobile-align-left","16":"ast-product-gallery-layout-horizontal-slider","18":"first","19":"instock","20":"sale","21":"featured","22":"shipping-taxable","23":"purchasable","24":"product-type-simple"},"acf":[],"seo_title":"","seo_keywords":"","seo_description":"","seo_score":0,"product_seo_keywords":"","_links":{"self":[{"href":"https:\/\/bright-china.com\/sp\/wp-json\/wp\/v2\/product\/4440","targetHints":{"allow":["GET"]}}],"collection":[{"href":"https:\/\/bright-china.com\/sp\/wp-json\/wp\/v2\/product"}],"about":[{"href":"https:\/\/bright-china.com\/sp\/wp-json\/wp\/v2\/types\/product"}],"wp:featuredmedia":[{"embeddable":true,"href":"https:\/\/bright-china.com\/sp\/wp-json\/wp\/v2\/media\/8814"}],"wp:attachment":[{"href":"https:\/\/bright-china.com\/sp\/wp-json\/wp\/v2\/media?parent=4440"}],"wp:term":[{"taxonomy":"product_brand","embeddable":true,"href":"https:\/\/bright-china.com\/sp\/wp-json\/wp\/v2\/product_brand?post=4440"},{"taxonomy":"product_cat","embeddable":true,"href":"https:\/\/bright-china.com\/sp\/wp-json\/wp\/v2\/product_cat?post=4440"},{"taxonomy":"product_tag","embeddable":true,"href":"https:\/\/bright-china.com\/sp\/wp-json\/wp\/v2\/product_tag?post=4440"}],"curies":[{"name":"wp","href":"https:\/\/api.w.org\/{rel}","templated":true}]}}