{"id":4442,"date":"2025-04-27T02:23:54","date_gmt":"2025-04-27T02:23:54","guid":{"rendered":"https:\/\/bright-china.com\/?post_type=product&#038;p=4442"},"modified":"2026-01-01T17:35:44","modified_gmt":"2026-01-02T00:35:44","slug":"jgafdd-63","status":"publish","type":"product","link":"https:\/\/bright-china.com\/sp\/producto\/jgafdd-63\/","title":{"rendered":"Dispositivos de detecci\u00f3n de fallos de arco JGAFDD-63"},"content":{"rendered":"<h2><strong>Introducci\u00f3n<\/strong><\/h2>\n<hr \/>\n<p><strong>\u00a0 \u00a0<\/strong><a href=\"https:\/\/bright-china.com\/digital-display-current-and-voltage-protector\/\">Dispositivos de detecci\u00f3n de fallos de arco (AFDD)<\/a>est\u00e1 ensamblado por un disyuntor en miniatura y un m\u00f3dulo de protecci\u00f3n contra fallos de arco, y tiene funciones de protecci\u00f3n como sobrecarga, cortocircuito y protecci\u00f3n contra fallos de arco.<\/p>\n<p>AFDD Adecuado para la comunicaci\u00f3n 50Hz, tensi\u00f3n nominal 230V, corriente nominal a 63AEn las siguientes l\u00edneas, se utiliza para proteger la<a href=\"https:\/\/elejg.com\/\"> sobre corriente<\/a> de las l\u00edneas de los edificios y fines similares, y al mismo tiempo, puede detectar con antelaci\u00f3n muchos riesgos de incendio causados por la rotura de dispositivos el\u00e9ctricos o el envejecimiento de los cables, y proteger contra fallos de arco a tierra, fallos de arco en paralelo y fallos de arco en serie. Hasta cierto punto, se ha reducido la incidencia de accidentes de seguridad contra incendios, y se ha protegido eficazmente la seguridad de la vida y la propiedad de las personas.<\/p>\n<h2><strong>Caracter\u00edsticas del producto AFDD<\/strong><\/h2>\n<hr \/>\n<table style=\"border-collapse: collapse; width: 100%; border-color: #969696;\" border=\"0\" width=\"100%\" cellspacing=\"0\" cellpadding=\"0\">\n<tbody>\n<tr style=\"height: 13.50pt;\">\n<td class=\"et2\" style=\"height: 13.5pt; width: 40.2421%; background-color: #060a30;\" width=\"212\" height=\"18\"><span style=\"color: #ffffff;\">Tipo<\/span><\/td>\n<td class=\"et3\" style=\"width: 59.6823%; background-color: #060a30;\" width=\"119\"><span style=\"color: #ffffff;\">JGAFDD-63<\/span><\/td>\n<\/tr>\n<tr style=\"height: 36.00pt;\">\n<td class=\"et4\" style=\"height: 36pt; width: 40.2421%;\" height=\"48\">Especificaciones actuales<\/td>\n<td class=\"et5\" style=\"width: 59.6823%;\" width=\"119\">6A,10A,16A,20A,25A,32A,40A,50A,63A<\/td>\n<\/tr>\n<tr style=\"height: 13.50pt;\">\n<td class=\"et4\" style=\"height: 13.5pt; background-color: #dedede; width: 40.2421%;\" height=\"18\">Postes<\/td>\n<td class=\"et4\" style=\"background-color: #dedede; width: 59.6823%;\">2P\uff0c4P<\/td>\n<\/tr>\n<tr style=\"height: 13.50pt;\">\n<td class=\"et4\" style=\"height: 13.5pt; width: 40.2421%;\" height=\"18\">Tensi\u00f3n de trabajo<\/td>\n<td class=\"et4\" style=\"width: 59.6823%;\">AC230V<\/td>\n<\/tr>\n<tr>\n<td style=\"width: 40.2421%; background-color: #dedede;\">Cumplimiento de<\/td>\n<td style=\"width: 59.6823%; background-color: #dedede;\">GB\/T 31143-2025<\/td>\n<\/tr>\n<\/tbody>\n<\/table>\n<p>a\uff09Protecci\u00f3n contra sobrecargas y retardos prolongados;<\/p>\n<p>b\uff09Protecci\u00f3n contra sobrecargas y cortocircuitos;<\/p>\n<p>c\uff09Protecci\u00f3n de disparo instant\u00e1neo;<\/p>\n<p>d\uff09Protecci\u00f3n contra fallos de arco en serie;<\/p>\n<p>e\uff09Protecci\u00f3n contra fallos de arco en paralelo;<\/p>\n<p>FProtecci\u00f3n contra fallo de arco en tierra;<\/p>\n<p>g\uff09M\u00faltiples especificaciones de corriente.<\/p>\n<p>&nbsp;<\/p>\n<h2><strong>\u00a0Condiciones de trabajo e instalaci\u00f3n de la AFDD<\/strong><\/h2>\n<hr \/>\n<p>aTemperatura del aire ambiente<\/p>\n<p>La temperatura del aire ambiente no es superior+70\u2103,No inferior a-35\u2103\uff0c24La media de las horas no supera+35\u2103\uff1b<\/p>\n<p>Nota: La temperatura del aire ambiente es superior+70\u2103o inferior a-35\u2103condiciones de uso AFDD La protecci\u00f3n contra fallos de arco est\u00e1 desactivada El conductor debe negociarse con el fabricante;<\/p>\n<p>bAltitud<\/p>\n<p>La altitud del lugar de instalaci\u00f3n no supera los 2000m\uff1b.<\/p>\n<p>cCondiciones atmosf\u00e9ricas<\/p>\n<p>La humedad relativa de la atm\u00f3sfera est\u00e1 en su temperatura m\u00e1s alta en los alrededores+60\u2103time no excedi\u00f3 50%, que puede tener una fase m\u00e1s alta a temperaturas m\u00e1s bajas a la humedad, por ejemplo 20\u2103time 90%, para la condensaci\u00f3n ocasional debido a los cambios de temperatura, las medidas protectoras deben ser tomadas;<\/p>\n<p>dCondiciones de instalaci\u00f3n<\/p>\n<p>Protector de fallo de arcoEl campo magn\u00e9tico externo cerca del lugar de instalaci\u00f3n no debe exceder el campo geomagn\u00e9tico en cualquier direcci\u00f3n5Fold; La posici\u00f3n de instalaci\u00f3n debe ser vertical, y la inclinaci\u00f3n en todas las direcciones no debe exceder de 10 \u00b0\uff1b Instalado en un lugar donde no hay vibraciones de choque y no hay lluvia o nieve Square; Adoptar las normas TH35-7.5 secci\u00f3n de instalaci\u00f3n de acero instalaci\u00f3n de carriles;<\/p>\n<p>Nivel de contaminaci\u00f3n electr\u00f3nica: nivel 2<\/p>\n<p>fCategor\u00eda de instalaci\u00f3n:\u2162Kind;<\/p>\n<p>gIngress Protecci\u00f3n:IP20(Instalado en una caja de distribuci\u00f3n, armario de distribuci\u00f3n o caja.) IP40\uff09\uff1b<\/p>\n<p>hCon \u00e9l N Al realizar el cableado, el hilo neutro debe conectarse a la marca N Identificaci\u00f3n de los polos.<\/p>\n<h2><strong>Tama\u00f1o de los dispositivos de detecci\u00f3n de fallos de arco<\/strong><\/h2>\n<hr \/>\n<p><img fetchpriority=\"high\" decoding=\"async\" class=\"alignnone wp-image-8772 size-full\" src=\"https:\/\/bright-china.com\/wp-content\/uploads\/2025\/04\/External-dimensions-of-arc-fault-detection-device-JGAFDD-63.webp\" alt=\"dispositivo de detecci\u00f3n de fallos de arco JGAFDD-63\" width=\"800\" height=\"458\" srcset=\"https:\/\/bright-china.com\/wp-content\/uploads\/2025\/04\/External-dimensions-of-arc-fault-detection-device-JGAFDD-63.webp 800w, https:\/\/bright-china.com\/wp-content\/uploads\/2025\/04\/External-dimensions-of-arc-fault-detection-device-JGAFDD-63-300x172.webp 300w, https:\/\/bright-china.com\/wp-content\/uploads\/2025\/04\/External-dimensions-of-arc-fault-detection-device-JGAFDD-63-768x440.webp 768w, https:\/\/bright-china.com\/wp-content\/uploads\/2025\/04\/External-dimensions-of-arc-fault-detection-device-JGAFDD-63-18x10.webp 18w, https:\/\/bright-china.com\/wp-content\/uploads\/2025\/04\/External-dimensions-of-arc-fault-detection-device-JGAFDD-63-600x344.webp 600w\" sizes=\"(max-width: 800px) 100vw, 800px\" \/><\/p>","protected":false},"excerpt":{"rendered":"<p>Dispositivos de detecci\u00f3n de fallos de arco (<a href=\"https:\/\/bright-china.com\/en\/afci-afdd\/\" title=\"\u67e5\u770b\u66f4\u591a\u5173\u4e8eAFDD\u7684\u4fe1\u606f\" class=\"seo-keyword-link\" style=\"font-weight: bold; color: inherit; text-decoration: underline; border-bottom: 1px dotted #667eea;\">AFDD<\/a> ): hereinafter referred to as the protector, effectively detects the fault arc in the access line, including the fault parallel arc and the fault series arc, and when the fault arc that causes fire is detected in the line, the power off function can be carried out to achieve the purpose of early warning of fire. The fault arc protector is suitable for electrical circuits of 10KW and below in industrial and civil buildings<\/p>","protected":false},"featured_media":8767,"template":"","meta":{"_acf_changed":false,"site-sidebar-layout":"default","site-content-layout":"","ast-site-content-layout":"default","site-content-style":"default","site-sidebar-style":"default","ast-global-header-display":"","ast-banner-title-visibility":"","ast-main-header-display":"","ast-hfb-above-header-display":"","ast-hfb-below-header-display":"","ast-hfb-mobile-header-display":"","site-post-title":"","ast-breadcrumbs-content":"","ast-featured-img":"","footer-sml-layout":"","theme-transparent-header-meta":"default","adv-header-id-meta":"","stick-header-meta":"default","header-above-stick-meta":"","header-main-stick-meta":"","header-below-stick-meta":"","astra-migrate-meta-layouts":"set","ast-page-background-enabled":"default","ast-page-background-meta":{"desktop":{"background-color":"","background-image":"","background-repeat":"repeat","background-position":"center center","background-size":"auto","background-attachment":"scroll","background-type":"","background-media":"","overlay-type":"","overlay-color":"","overlay-opacity":"","overlay-gradient":""},"tablet":{"background-color":"","background-image":"","background-repeat":"repeat","background-position":"center center","background-size":"auto","background-attachment":"scroll","background-type":"","background-media":"","overlay-type":"","overlay-color":"","overlay-opacity":"","overlay-gradient":""},"mobile":{"background-color":"","background-image":"","background-repeat":"repeat","background-position":"center center","background-size":"auto","background-attachment":"scroll","background-type":"","background-media":"","overlay-type":"","overlay-color":"","overlay-opacity":"","overlay-gradient":""}},"ast-content-background-meta":{"desktop":{"background-color":"var(--ast-global-color-5)","background-image":"","background-repeat":"repeat","background-position":"center center","background-size":"auto","background-attachment":"scroll","background-type":"","background-media":"","overlay-type":"","overlay-color":"","overlay-opacity":"","overlay-gradient":""},"tablet":{"background-color":"var(--ast-global-color-5)","background-image":"","background-repeat":"repeat","background-position":"center center","background-size":"auto","background-attachment":"scroll","background-type":"","background-media":"","overlay-type":"","overlay-color":"","overlay-opacity":"","overlay-gradient":""},"mobile":{"background-color":"var(--ast-global-color-5)","background-image":"","background-repeat":"repeat","background-position":"center center","background-size":"auto","background-attachment":"scroll","background-type":"","background-media":"","overlay-type":"","overlay-color":"","overlay-opacity":"","overlay-gradient":""}},"_seo_title":"","_seo_keywords":"","_seo_description":""},"product_brand":[],"product_cat":[131],"product_tag":[],"class_list":{"0":"post-4442","1":"product","2":"type-product","3":"status-publish","4":"has-post-thumbnail","6":"product_cat-afci-afdd","7":"desktop-align-center","8":"tablet-align-left","9":"mobile-align-left","10":"ast-product-gallery-layout-horizontal-slider","12":"first","13":"instock","14":"sale","15":"featured","16":"shipping-taxable","17":"purchasable","18":"product-type-simple"},"acf":[],"seo_title":"","seo_keywords":"","seo_description":"","seo_score":0,"product_seo_keywords":"","_links":{"self":[{"href":"https:\/\/bright-china.com\/sp\/wp-json\/wp\/v2\/product\/4442","targetHints":{"allow":["GET"]}}],"collection":[{"href":"https:\/\/bright-china.com\/sp\/wp-json\/wp\/v2\/product"}],"about":[{"href":"https:\/\/bright-china.com\/sp\/wp-json\/wp\/v2\/types\/product"}],"wp:featuredmedia":[{"embeddable":true,"href":"https:\/\/bright-china.com\/sp\/wp-json\/wp\/v2\/media\/8767"}],"wp:attachment":[{"href":"https:\/\/bright-china.com\/sp\/wp-json\/wp\/v2\/media?parent=4442"}],"wp:term":[{"taxonomy":"product_brand","embeddable":true,"href":"https:\/\/bright-china.com\/sp\/wp-json\/wp\/v2\/product_brand?post=4442"},{"taxonomy":"product_cat","embeddable":true,"href":"https:\/\/bright-china.com\/sp\/wp-json\/wp\/v2\/product_cat?post=4442"},{"taxonomy":"product_tag","embeddable":true,"href":"https:\/\/bright-china.com\/sp\/wp-json\/wp\/v2\/product_tag?post=4442"}],"curies":[{"name":"wp","href":"https:\/\/api.w.org\/{rel}","templated":true}]}}