{"id":4872,"date":"2025-04-27T08:37:55","date_gmt":"2025-04-27T08:37:55","guid":{"rendered":"https:\/\/bright-china.com\/?page_id=4872"},"modified":"2025-12-31T05:22:35","modified_gmt":"2025-12-31T12:22:35","slug":"sss","status":"publish","type":"page","link":"https:\/\/bright-china.com\/tr\/sss\/","title":{"rendered":"SSS"},"content":{"rendered":"<div data-elementor-type=\"wp-page\" data-elementor-id=\"4872\" class=\"elementor elementor-4872\" data-elementor-settings=\"{&quot;element_pack_global_tooltip_width&quot;:{&quot;unit&quot;:&quot;px&quot;,&quot;size&quot;:&quot;&quot;,&quot;sizes&quot;:[]},&quot;element_pack_global_tooltip_width_tablet&quot;:{&quot;unit&quot;:&quot;px&quot;,&quot;size&quot;:&quot;&quot;,&quot;sizes&quot;:[]},&quot;element_pack_global_tooltip_width_mobile&quot;:{&quot;unit&quot;:&quot;px&quot;,&quot;size&quot;:&quot;&quot;,&quot;sizes&quot;:[]},&quot;element_pack_global_tooltip_padding&quot;:{&quot;unit&quot;:&quot;px&quot;,&quot;top&quot;:&quot;&quot;,&quot;right&quot;:&quot;&quot;,&quot;bottom&quot;:&quot;&quot;,&quot;left&quot;:&quot;&quot;,&quot;isLinked&quot;:true},&quot;element_pack_global_tooltip_padding_tablet&quot;:{&quot;unit&quot;:&quot;px&quot;,&quot;top&quot;:&quot;&quot;,&quot;right&quot;:&quot;&quot;,&quot;bottom&quot;:&quot;&quot;,&quot;left&quot;:&quot;&quot;,&quot;isLinked&quot;:true},&quot;element_pack_global_tooltip_padding_mobile&quot;:{&quot;unit&quot;:&quot;px&quot;,&quot;top&quot;:&quot;&quot;,&quot;right&quot;:&quot;&quot;,&quot;bottom&quot;:&quot;&quot;,&quot;left&quot;:&quot;&quot;,&quot;isLinked&quot;:true},&quot;element_pack_global_tooltip_border_radius&quot;:{&quot;unit&quot;:&quot;px&quot;,&quot;top&quot;:&quot;&quot;,&quot;right&quot;:&quot;&quot;,&quot;bottom&quot;:&quot;&quot;,&quot;left&quot;:&quot;&quot;,&quot;isLinked&quot;:true},&quot;element_pack_global_tooltip_border_radius_tablet&quot;:{&quot;unit&quot;:&quot;px&quot;,&quot;top&quot;:&quot;&quot;,&quot;right&quot;:&quot;&quot;,&quot;bottom&quot;:&quot;&quot;,&quot;left&quot;:&quot;&quot;,&quot;isLinked&quot;:true},&quot;element_pack_global_tooltip_border_radius_mobile&quot;:{&quot;unit&quot;:&quot;px&quot;,&quot;top&quot;:&quot;&quot;,&quot;right&quot;:&quot;&quot;,&quot;bottom&quot;:&quot;&quot;,&quot;left&quot;:&quot;&quot;,&quot;isLinked&quot;:true}}\" data-elementor-post-type=\"page\">\n\t\t\t\t<div class=\"elementor-element elementor-element-fae40a7 e-con-full e-flex e-con e-parent\" data-id=\"fae40a7\" data-element_type=\"container\" data-settings=\"{&quot;background_background&quot;:&quot;classic&quot;}\">\n\t\t\t\t<\/div>\n\t\t<div class=\"elementor-element elementor-element-07be68c e-flex e-con-boxed e-con e-parent\" data-id=\"07be68c\" data-element_type=\"container\" data-settings=\"{&quot;background_background&quot;:&quot;classic&quot;}\">\n\t\t\t\t\t<div class=\"e-con-inner\">\n\t\t\t\t<div class=\"elementor-element elementor-element-9c6593b elementor-widget elementor-widget-text-editor\" data-id=\"9c6593b\" data-element_type=\"widget\" data-widget_type=\"text-editor.default\">\n\t\t\t\t<div class=\"elementor-widget-container\">\n\t\t\t\t\t\t\t\t\t<p><a href=\"\/\">Ev<\/a> &gt;&gt; <a href=\"https:\/\/bright-china.com\/faqs\/\">SSS<\/a><\/p>\t\t\t\t\t\t\t\t<\/div>\n\t\t\t\t<\/div>\n\t\t\t\t\t<\/div>\n\t\t\t\t<\/div>\n\t\t\t\t<section class=\"elementor-section elementor-top-section elementor-element elementor-element-txbomel elementor-section-content-top elementor-section-boxed elementor-section-height-default elementor-section-height-default\" data-id=\"txbomel\" data-element_type=\"section\" data-settings=\"{&quot;background_background&quot;:&quot;classic&quot;}\">\n\t\t\t\t\t\t\t<div class=\"elementor-background-overlay\"><\/div>\n\t\t\t\t\t\t\t<div class=\"elementor-container elementor-column-gap-no\">\n\t\t\t\t\t<div class=\"elementor-column elementor-col-100 elementor-top-column elementor-element elementor-element-7882748\" data-id=\"7882748\" data-element_type=\"column\">\n\t\t\t<div class=\"elementor-widget-wrap elementor-element-populated\">\n\t\t\t\t\t\t<div class=\"elementor-element elementor-element-9fc6712 elementor-widget elementor-widget-heading\" data-id=\"9fc6712\" data-element_type=\"widget\" data-widget_type=\"heading.default\">\n\t\t\t\t<div class=\"elementor-widget-container\">\n\t\t\t\t\t<h1 class=\"elementor-heading-title elementor-size-default\">S\u0131k\u00e7a Sorulan Sorular<\/h1>\t\t\t\t<\/div>\n\t\t\t\t<\/div>\n\t\t\t\t\t<\/div>\n\t\t<\/div>\n\t\t\t\t\t<\/div>\n\t\t<\/section>\n\t\t<div class=\"elementor-element elementor-element-0d282c4 e-flex e-con-boxed e-con e-parent\" data-id=\"0d282c4\" data-element_type=\"container\">\n\t\t\t\t\t<div class=\"e-con-inner\">\n\t\t\t\t<div class=\"elementor-element elementor-element-db7fbb3 elementor-widget__width-initial elementor-widget elementor-widget-text-editor\" data-id=\"db7fbb3\" data-element_type=\"widget\" data-widget_type=\"text-editor.default\">\n\t\t\t\t<div class=\"elementor-widget-container\">\n\t\t\t\t\t\t\t\t\t<p style=\"text-align: center;\">\u00a0\u015eirket a\u011f\u0131rl\u0131kl\u0131 olarak ar\u0131za ark koruyucular\u0131 \u00fcretmektedir, <strong>ak\u0131m ve gerilim koruyucular\u0131, yang\u0131n ak\u0131m\u0131 s\u0131n\u0131rlama koruyucular\u0131, gerilim ve ak\u0131m \u00f6l\u00e7erler, Otomatik Transfer anahtar\u0131 \uff0c ve ATS g\u00fc\u00e7 kom\u00fctasyon anahtarlar\u0131<\/strong>\uff0c\u00dcr\u00fcnleri bekliyorum\u3002Kullan\u0131m s\u0131ras\u0131nda a\u015fa\u011f\u0131da bulabilece\u011finiz farkl\u0131 sorunlarla kar\u015f\u0131la\u015fabilirsiniz. De\u011filse, l\u00fctfen mesaj b\u0131rak\u0131n<\/p>\t\t\t\t\t\t\t\t<\/div>\n\t\t\t\t<\/div>\n\t\t\t\t\t<\/div>\n\t\t\t\t<\/div>\n\t\t<div class=\"elementor-element elementor-element-a8f892f e-con-full e-flex e-con e-parent\" data-id=\"a8f892f\" data-element_type=\"container\">\n\t\t\t\t<div class=\"elementor-element elementor-element-21f6cf5 elementor-widget-divider--view-line elementor-widget elementor-widget-divider\" data-id=\"21f6cf5\" data-element_type=\"widget\" data-widget_type=\"divider.default\">\n\t\t\t\t<div class=\"elementor-widget-container\">\n\t\t\t\t\t\t\t<div class=\"elementor-divider\">\n\t\t\t<span class=\"elementor-divider-separator\">\n\t\t\t\t\t\t<\/span>\n\t\t<\/div>\n\t\t\t\t\t\t<\/div>\n\t\t\t\t<\/div>\n\t\t\t\t<\/div>\n\t\t<div class=\"elementor-element elementor-element-d3cabd1 e-flex e-con-boxed e-con e-parent\" data-id=\"d3cabd1\" data-element_type=\"container\">\n\t\t\t\t\t<div class=\"e-con-inner\">\n\t\t\t\t<div class=\"elementor-element elementor-element-da147dd elementor-widget__width-initial elementor-widget elementor-widget-shortcode\" data-id=\"da147dd\" data-element_type=\"widget\" data-widget_type=\"shortcode.default\">\n\t\t\t\t<div class=\"elementor-widget-container\">\n\t\t\t\t\t\t\t<div class=\"elementor-shortcode\"><style>#sp-ea-5066 .spcollapsing { height: 0; overflow: hidden; transition-property: height;transition-duration: 300ms;}#sp-ea-5066.sp-easy-accordion>.sp-ea-single {margin-bottom: 20px; border: 1px solid #e2e2e2; }#sp-ea-5066.sp-easy-accordion>.sp-ea-single>.ea-header a {color: rgba(84,84,84,0.85);}#sp-ea-5066.sp-easy-accordion>.sp-ea-single>.sp-collapse>.ea-body {background: #fff; color: #828282;}#sp-ea-5066.sp-easy-accordion>.sp-ea-single {background: #eee;}#sp-ea-5066.sp-easy-accordion>.sp-ea-single>.ea-header a .ea-expand-icon { float: left; color: #444;font-size: 16px;}<\/style><div id=\"sp_easy_accordion-1745807228\">\n<div id=\"sp-ea-5066\" class=\"sp-ea-one sp-easy-accordion\" data-ea-active=\"ea-hover\" data-ea-mode=\"vertical\" data-preloader=\"\" data-scroll-active-item=\"\" data-offset-to-scroll=\"0\">\n\n<!-- Start accordion card div. -->\n<div class=\"ea-card  sp-ea-single\">\n\t<!-- Start accordion header. -->\n\t<h2 class=\"ea-header\">\n\t\t<!-- Add anchor tag for header. -->\n\t\t<a class=\"collapsed\" id=\"ea-header-50660\" role=\"button\" data-sptoggle=\"spcollapse\" data-sptarget=\"#collapse50660\" aria-controls=\"collapse50660\" href=\"#\"  aria-expanded=\"false\" tabindex=\"0\">\n\t\t<i aria-hidden=\"true\" role=\"presentation\" class=\"ea-expand-icon eap-icon-ea-expand-plus\"><\/i> Ark hatas\u0131 devre kesicisi\t\t<\/a> <!-- Close anchor tag for header. -->\n\t<\/h2>\t<!-- Close header tag. -->\n\t<!-- Start collapsible content div. -->\n\t<div class=\"sp-collapse spcollapse spcollapse\" id=\"collapse50660\" data-parent=\"#sp-ea-5066\" role=\"region\" aria-labelledby=\"ea-header-50660\">  <!-- Content div. -->\n\t\t<div class=\"ea-body\">\n\t\t<p>Ark hatal\u0131 devre kesici: Konta\u011f\u0131n zay\u0131f temas\u0131 veya devrenin yal\u0131t\u0131m\u0131ndaki hasar nedeniyle olu\u015fan ark, \"iyi ark\" a kar\u015f\u0131l\u0131k gelen \"k\u00f6t\u00fc ark\" olarak adland\u0131r\u0131l\u0131r. anahtar\u0131n normal \u00e7al\u0131\u015fmas\u0131yla olu\u015fan ark \"iyi ark\" olarak adland\u0131r\u0131l\u0131r. yani, \"k\u00f6t\u00fc arklar\" k\u00f6t\u00fc \u015feyler yapabilir ve yang\u0131n tehlikelerine neden olabilir. zaman\u0131nda ele al\u0131nmazsa, \"k\u00f6t\u00fc arklar\" \u00f6nemli ekonomik kay\u0131plara ve hatta can kay\u0131plar\u0131na neden olabilir.<\/p>\n\t\t<\/div> <!-- Close content div. -->\n\t<\/div> <!-- Close collapse div. -->\n<\/div> <!-- Close card div. -->\n<!-- Start accordion card div. -->\n<div class=\"ea-card  sp-ea-single\">\n\t<!-- Start accordion header. -->\n\t<h2 class=\"ea-header\">\n\t\t<!-- Add anchor tag for header. -->\n\t\t<a class=\"collapsed\" id=\"ea-header-50661\" role=\"button\" data-sptoggle=\"spcollapse\" data-sptarget=\"#collapse50661\" aria-controls=\"collapse50661\" href=\"#\"  aria-expanded=\"false\" tabindex=\"0\">\n\t\t<i aria-hidden=\"true\" role=\"presentation\" class=\"ea-expand-icon eap-icon-ea-expand-plus\"><\/i> ekonomik kay\u0131plar ve hatta can kay\u0131plar\u0131.\t\t<\/a> <!-- Close anchor tag for header. -->\n\t<\/h2>\t<!-- Close header tag. -->\n\t<!-- Start collapsible content div. -->\n\t<div class=\"sp-collapse spcollapse spcollapse\" id=\"collapse50661\" data-parent=\"#sp-ea-5066\" role=\"region\" aria-labelledby=\"ea-header-50661\">  <!-- Content div. -->\n\t\t<div class=\"ea-body\">\n\t\t<p>Konta\u011f\u0131n zay\u0131f temas\u0131 veya devrenin yal\u0131t\u0131m\u0131n\u0131n hasar g\u00f6rmesi nedeniyle olu\u015fan ark, \"iyi ark \"a kar\u015f\u0131l\u0131k gelen \"k\u00f6t\u00fc ark\" olarak adland\u0131r\u0131l\u0131r. Anahtar\u0131n normal \u00e7al\u0131\u015fmas\u0131yla olu\u015fan ark ise \"iyi ark\" olarak adland\u0131r\u0131l\u0131r. Yani, \"k\u00f6t\u00fc arklar\" k\u00f6t\u00fc \u015feyler yapabilir ve yang\u0131n tehlikelerine neden olabilir. Zaman\u0131nda m\u00fcdahale edilmezse, \"k\u00f6t\u00fc arklar\" \u00f6nemli ekonomik kay\u0131plara ve hatta can kay\u0131plar\u0131na neden olabilir.<\/p>\n\t\t<\/div> <!-- Close content div. -->\n\t<\/div> <!-- Close collapse div. -->\n<\/div> <!-- Close card div. -->\n<!-- Start accordion card div. -->\n<div class=\"ea-card  sp-ea-single\">\n\t<!-- Start accordion header. -->\n\t<h2 class=\"ea-header\">\n\t\t<!-- Add anchor tag for header. -->\n\t\t<a class=\"collapsed\" id=\"ea-header-50662\" role=\"button\" data-sptoggle=\"spcollapse\" data-sptarget=\"#collapse50662\" aria-controls=\"collapse50662\" href=\"#\"  aria-expanded=\"false\" tabindex=\"0\">\n\t\t<i aria-hidden=\"true\" role=\"presentation\" class=\"ea-expand-icon eap-icon-ea-expand-plus\"><\/i> Anahtar\u0131n normal \u00e7al\u0131\u015fmas\u0131yla olu\u015fan ark \"\t\t<\/a> <!-- Close anchor tag for header. -->\n\t<\/h2>\t<!-- Close header tag. -->\n\t<!-- Start collapsible content div. -->\n\t<div class=\"sp-collapse spcollapse spcollapse\" id=\"collapse50662\" data-parent=\"#sp-ea-5066\" role=\"region\" aria-labelledby=\"ea-header-50662\">  <!-- Content div. -->\n\t\t<div class=\"ea-body\">\n\t\t<p>Anahtar\u0131n normal \u00e7al\u0131\u015fmas\u0131yla olu\u015fan ark \"iyi ark\" olarak adland\u0131r\u0131l\u0131r, yani \"k\u00f6t\u00fc arklar\" k\u00f6t\u00fc \u015feyler yapabilir ve yang\u0131n tehlikelerine neden olabilir. zaman\u0131nda m\u00fcdahale edilmezse, \"k\u00f6t\u00fc arklar\" \u00f6nemli ekonomik kay\u0131plara ve hatta can kay\u0131plar\u0131na neden olabilir.<\/p>\n\t\t<\/div> <!-- Close content div. -->\n\t<\/div> <!-- Close collapse div. -->\n<\/div> <!-- Close card div. -->\n<!-- Start accordion card div. -->\n<div class=\"ea-card  sp-ea-single\">\n\t<!-- Start accordion header. -->\n\t<h2 class=\"ea-header\">\n\t\t<!-- Add anchor tag for header. -->\n\t\t<a class=\"collapsed\" id=\"ea-header-50663\" role=\"button\" data-sptoggle=\"spcollapse\" data-sptarget=\"#collapse50663\" aria-controls=\"collapse50663\" href=\"#\"  aria-expanded=\"false\" tabindex=\"0\">\n\t\t<i aria-hidden=\"true\" role=\"presentation\" class=\"ea-expand-icon eap-icon-ea-expand-plus\"><\/i> Normal o taraf\u0131ndan olu\u015fturulan yay\t\t<\/a> <!-- Close anchor tag for header. -->\n\t<\/h2>\t<!-- Close header tag. -->\n\t<!-- Start collapsible content div. -->\n\t<div class=\"sp-collapse spcollapse spcollapse\" id=\"collapse50663\" data-parent=\"#sp-ea-5066\" role=\"region\" aria-labelledby=\"ea-header-50663\">  <!-- Content div. -->\n\t\t<div class=\"ea-body\">\n\t\t<p>Anahtar\u0131n normal \u00e7al\u0131\u015fmas\u0131yla olu\u015fan ark \"iyi ark\" olarak adland\u0131r\u0131l\u0131r, yani \"k\u00f6t\u00fc arklar\" k\u00f6t\u00fc \u015feyler yapabilir ve yang\u0131n tehlikelerine neden olabilir. zaman\u0131nda m\u00fcdahale edilmezse, \"k\u00f6t\u00fc arklar\" \u00f6nemli ekonomik kay\u0131plara ve hatta can kay\u0131plar\u0131na neden olabilir.<\/p>\n\t\t<\/div> <!-- Close content div. -->\n\t<\/div> <!-- Close collapse div. -->\n<\/div> <!-- Close card div. -->\n<!-- Start accordion card div. -->\n<div class=\"ea-card  sp-ea-single\">\n\t<!-- Start accordion header. -->\n\t<h2 class=\"ea-header\">\n\t\t<!-- Add anchor tag for header. -->\n\t\t<a class=\"collapsed\" id=\"ea-header-50664\" role=\"button\" data-sptoggle=\"spcollapse\" data-sptarget=\"#collapse50664\" aria-controls=\"collapse50664\" href=\"#\"  aria-expanded=\"false\" tabindex=\"0\">\n\t\t<i aria-hidden=\"true\" role=\"presentation\" class=\"ea-expand-icon eap-icon-ea-expand-plus\"><\/i> A\u015f\u0131r\u0131 gerilim \/ d\u00fc\u015f\u00fck gerilim koruyucusu nedir\uff1f\t\t<\/a> <!-- Close anchor tag for header. -->\n\t<\/h2>\t<!-- Close header tag. -->\n\t<!-- Start collapsible content div. -->\n\t<div class=\"sp-collapse spcollapse spcollapse\" id=\"collapse50664\" data-parent=\"#sp-ea-5066\" role=\"region\" aria-labelledby=\"ea-header-50664\">  <!-- Content div. -->\n\t\t<div class=\"ea-body\">\n\t\t<p>Otomatik Tekrar Kapama Fonksiyonlu A\u015f\u0131r\u0131 Gerilim ve D\u00fc\u015f\u00fck Gerilim Koruyucu Cihaz<\/p>\n\t\t<\/div> <!-- Close content div. -->\n\t<\/div> <!-- Close collapse div. -->\n<\/div> <!-- Close card div. -->\n<!-- Start accordion card div. -->\n<div class=\"ea-card  sp-ea-single\">\n\t<!-- Start accordion header. -->\n\t<h2 class=\"ea-header\">\n\t\t<!-- Add anchor tag for header. -->\n\t\t<a class=\"collapsed\" id=\"ea-header-50665\" role=\"button\" data-sptoggle=\"spcollapse\" data-sptarget=\"#collapse50665\" aria-controls=\"collapse50665\" href=\"#\"  aria-expanded=\"false\" tabindex=\"0\">\n\t\t<i aria-hidden=\"true\" role=\"presentation\" class=\"ea-expand-icon eap-icon-ea-expand-plus\"><\/i> Otomatik transfer anahtarlar\u0131n\u0131n tipleri(ATS)\t\t<\/a> <!-- Close anchor tag for header. -->\n\t<\/h2>\t<!-- Close header tag. -->\n\t<!-- Start collapsible content div. -->\n\t<div class=\"sp-collapse spcollapse spcollapse\" id=\"collapse50665\" data-parent=\"#sp-ea-5066\" role=\"region\" aria-labelledby=\"ea-header-50665\">  <!-- Content div. -->\n\t\t<div class=\"ea-body\">\n\t\t<p><strong>Otomatik transfer anahtarlar\u0131 (ATS) t\u00fcrleri:<\/strong><\/p>\n<p>1. Elektromanyetik tip: esas olarak elektromanyetik kuvvetle tahrik edilir, h\u0131zl\u0131 d\u00f6n\u00fc\u015f\u00fcm avantaj\u0131 vard\u0131r, ancak dezavantaj\u0131 \u00fcr\u00fcn\u00fcn kendisinin b\u00fcy\u00fck bir titre\u015fim kuvvetine sahip olmas\u0131d\u0131r,<br \/>\n2. Motor tipi: D\u00fc\u015f\u00fck titre\u015fim kuvveti avantaj\u0131 ve yava\u015f \u00fcr\u00fcn d\u00f6n\u00fc\u015ft\u00fcrme h\u0131z\u0131 dezavantaj\u0131 ile esas olarak bir elektrik motoru taraf\u0131ndan tahrik edilir,<\/p>\n\t\t<\/div> <!-- Close content div. -->\n\t<\/div> <!-- Close collapse div. -->\n<\/div> <!-- Close card div. -->\n<\/div>\n<\/div>\n<\/div>\n\t\t\t\t\t\t<\/div>\n\t\t\t\t<\/div>\n\t\t\t\t\t<\/div>\n\t\t\t\t<\/div>\n\t\t<div class=\"elementor-element elementor-element-2b254ee e-flex e-con-boxed e-con e-parent\" data-id=\"2b254ee\" data-element_type=\"container\">\n\t\t\t\t\t<div class=\"e-con-inner\">\n\t\t<div class=\"elementor-element elementor-element-bf7a802 e-con-full e-flex e-con e-child\" data-id=\"bf7a802\" data-element_type=\"container\">\n\t\t\t\t<div class=\"elementor-element elementor-element-a43f53b elementor-widget__width-initial elementor-widget elementor-widget-heading\" data-id=\"a43f53b\" data-element_type=\"widget\" data-widget_type=\"heading.default\">\n\t\t\t\t<div class=\"elementor-widget-container\">\n\t\t\t\t\t<h2 class=\"elementor-heading-title elementor-size-default\">Bilmedi\u011finiz herhangi bir sorunuz varsa, l\u00fctfen mesaj b\u0131rak\u0131n<\/h2>\t\t\t\t<\/div>\n\t\t\t\t<\/div>\n\t\t\t\t<div class=\"elementor-element elementor-element-dfdd450 elementor-widget elementor-widget-text-editor\" data-id=\"dfdd450\" data-element_type=\"widget\" data-widget_type=\"text-editor.default\">\n\t\t\t\t<div class=\"elementor-widget-container\">\n\t\t\t\t\t\t\t\t\t<p style=\"text-align: center;\">E-posta adresiniz yay\u0131nlanmayacakt\u0131r. Zorunlu alanlar * ile i\u015faretlenmi\u015ftir<\/p>\t\t\t\t\t\t\t\t<\/div>\n\t\t\t\t<\/div>\n\t\t\t\t<div class=\"elementor-element elementor-element-231d120 elementor-widget-divider--view-line elementor-widget elementor-widget-divider\" data-id=\"231d120\" data-element_type=\"widget\" data-widget_type=\"divider.default\">\n\t\t\t\t<div class=\"elementor-widget-container\">\n\t\t\t\t\t\t\t<div class=\"elementor-divider\">\n\t\t\t<span class=\"elementor-divider-separator\">\n\t\t\t\t\t\t<\/span>\n\t\t<\/div>\n\t\t\t\t\t\t<\/div>\n\t\t\t\t<\/div>\n\t\t\t\t<div class=\"elementor-element elementor-element-dde65af elementor-button-align-stretch elementor-widget elementor-widget-form\" data-id=\"dde65af\" data-element_type=\"widget\" data-settings=\"{&quot;step_next_label&quot;:&quot;Next&quot;,&quot;step_previous_label&quot;:&quot;Previous&quot;,&quot;button_width&quot;:&quot;100&quot;,&quot;step_type&quot;:&quot;number_text&quot;,&quot;step_icon_shape&quot;:&quot;circle&quot;}\" data-widget_type=\"form.default\">\n\t\t\t\t<div class=\"elementor-widget-container\">\n\t\t\t\t\t\t\t<form class=\"elementor-form\" method=\"post\" name=\"New Form\" action=\"\">\n\t\t\t<input type=\"hidden\" name=\"post_id\" value=\"4872\"\/>\n\t\t\t<input type=\"hidden\" name=\"form_id\" value=\"dde65af\"\/>\n\t\t\t<input type=\"hidden\" name=\"referer_title\" value=\"FAQs\" \/>\n\n\t\t\t\t\t\t\t<input type=\"hidden\" name=\"queried_id\" value=\"4872\"\/>\n\t\t\t\n\t\t\t<div class=\"elementor-form-fields-wrapper elementor-labels-above\">\n\t\t\t\t\t\t\t\t<div class=\"elementor-field-type-text elementor-field-group elementor-column elementor-field-group-name elementor-col-100 elementor-field-required elementor-mark-required\">\n\t\t\t\t\t\t\t\t\t\t\t\t<label for=\"form-field-name\" class=\"elementor-field-label\">\n\t\t\t\t\t\t\t\t\u0130sim\t\t\t\t\t\t\t<\/label>\n\t\t\t\t\t\t\t\t\t\t\t\t\t\t<input size=\"1\" type=\"text\" name=\"form_fields[name]\" id=\"form-field-name\" class=\"elementor-field elementor-size-sm  elementor-field-textual\" placeholder=\"\u0130sim\" required=\"required\" aria-required=\"true\">\n\t\t\t\t\t\t\t\t\t\t\t<\/div>\n\t\t\t\t\t\t\t\t<div class=\"elementor-field-type-email elementor-field-group elementor-column elementor-field-group-email elementor-col-100 elementor-field-required elementor-mark-required\">\n\t\t\t\t\t\t\t\t\t\t\t\t<label for=\"form-field-email\" class=\"elementor-field-label\">\n\t\t\t\t\t\t\t\tE-posta\t\t\t\t\t\t\t<\/label>\n\t\t\t\t\t\t\t\t\t\t\t\t\t\t<input size=\"1\" type=\"email\" name=\"form_fields[email]\" id=\"form-field-email\" class=\"elementor-field elementor-size-sm  elementor-field-textual\" placeholder=\"E-posta\" required=\"required\" aria-required=\"true\">\n\t\t\t\t\t\t\t\t\t\t\t<\/div>\n\t\t\t\t\t\t\t\t<div class=\"elementor-field-type-textarea elementor-field-group elementor-column elementor-field-group-message elementor-col-100 elementor-field-required elementor-mark-required\">\n\t\t\t\t\t\t\t\t\t\t\t\t<label for=\"form-field-message\" class=\"elementor-field-label\">\n\t\t\t\t\t\t\t\tMesaj\t\t\t\t\t\t\t<\/label>\n\t\t\t\t\t\t<textarea class=\"elementor-field-textual elementor-field  elementor-size-sm\" name=\"form_fields[message]\" id=\"form-field-message\" rows=\"6\" placeholder=\"Mesaj\" required=\"required\" aria-required=\"true\"><\/textarea>\t\t\t\t<\/div>\n\t\t\t\t\t\t\t\t<div class=\"elementor-field-type-date elementor-field-group elementor-column elementor-field-group-field_f499a68 elementor-col-100 elementor-field-required elementor-mark-required\">\n\t\t\t\t\t\t\t\t\t\t\t\t<label for=\"form-field-field_f499a68\" class=\"elementor-field-label\">\n\t\t\t\t\t\t\t\tBeklenen yan\u0131t s\u00fcresi\t\t\t\t\t\t\t<\/label>\n\t\t\t\t\t\t\n\t\t<input type=\"date\" name=\"form_fields[field_f499a68]\" id=\"form-field-field_f499a68\" class=\"elementor-field elementor-size-sm  elementor-field-textual elementor-date-field\" required=\"required\" aria-required=\"true\" pattern=\"[0-9]{4}-[0-9]{2}-[0-9]{2}\">\n\t\t\t\t\t\t<\/div>\n\t\t\t\t\t\t\t\t<div class=\"elementor-field-group elementor-column elementor-field-type-submit elementor-col-100 e-form__buttons\">\n\t\t\t\t\t<button class=\"elementor-button elementor-size-sm\" type=\"submit\">\n\t\t\t\t\t\t<span class=\"elementor-button-content-wrapper\">\n\t\t\t\t\t\t\t\t\t\t\t\t\t\t\t\t\t\t\t\t\t\t<span class=\"elementor-button-text\">G\u00f6nder<\/span>\n\t\t\t\t\t\t\t\t\t\t\t\t\t<\/span>\n\t\t\t\t\t<\/button>\n\t\t\t\t<\/div>\n\t\t\t<\/div>\n\t\t<input type=\"hidden\" name=\"trp-form-language\" value=\"tr\"\/><\/form>\n\t\t\t\t\t\t<\/div>\n\t\t\t\t<\/div>\n\t\t\t\t<\/div>\n\t\t\t\t\t<\/div>\n\t\t\t\t<\/div>\n\t\t<div class=\"elementor-element elementor-element-207fb0b e-flex e-con-boxed e-con e-parent\" data-id=\"207fb0b\" data-element_type=\"container\">\n\t\t\t\t\t<div class=\"e-con-inner\">\n\t\t\t\t\t<\/div>\n\t\t\t\t<\/div>\n\t\t\t\t<\/div>","protected":false},"excerpt":{"rendered":"<p>Home &gt;&gt; FAQs Frequently Asked Questions \u00a0The company mainly produces fault arc protectors, current and voltage protectors, fire current limiting protectors, voltage and current meters,\u00a0 Automatic Transfer switch\uff0cand <a href=\"https:\/\/bright-china.com\/en\/ats\/\" title=\"\u67e5\u770b\u66f4\u591a\u5173\u4e8eATS\u7684\u4fe1\u606f\" class=\"seo-keyword-link\" style=\"font-weight: bold; color: inherit; text-decoration: underline; border-bottom: 1px dotted #667eea;\">ATS<\/a> power commutation switches\uff0cWaiting for products\u3002You may encounter different problems during use, which can be found below. If not, please leave a message If you have any [&hellip;]<\/p>","protected":false},"author":1,"featured_media":0,"parent":0,"menu_order":0,"comment_status":"closed","ping_status":"closed","template":"","meta":{"_acf_changed":false,"site-sidebar-layout":"no-sidebar","site-content-layout":"page-builder","ast-site-content-layout":"full-width-container","site-content-style":"default","site-sidebar-style":"default","ast-global-header-display":"","ast-banner-title-visibility":"","ast-main-header-display":"","ast-hfb-above-header-display":"","ast-hfb-below-header-display":"","ast-hfb-mobile-header-display":"","site-post-title":"disabled","ast-breadcrumbs-content":"","ast-featured-img":"disabled","footer-sml-layout":"","theme-transparent-header-meta":"","adv-header-id-meta":"","stick-header-meta":"","header-above-stick-meta":"","header-main-stick-meta":"","header-below-stick-meta":"","astra-migrate-meta-layouts":"set","ast-page-background-enabled":"default","ast-page-background-meta":{"desktop":{"background-color":"","background-image":"","background-repeat":"repeat","background-position":"center center","background-size":"auto","background-attachment":"scroll","background-type":"","background-media":"","overlay-type":"","overlay-color":"","overlay-gradient":""},"tablet":{"background-color":"","background-image":"","background-repeat":"repeat","background-position":"center center","background-size":"auto","background-attachment":"scroll","background-type":"","background-media":"","overlay-type":"","overlay-color":"","overlay-gradient":""},"mobile":{"background-color":"","background-image":"","background-repeat":"repeat","background-position":"center center","background-size":"auto","background-attachment":"scroll","background-type":"","background-media":"","overlay-type":"","overlay-color":"","overlay-gradient":""}},"ast-content-background-meta":{"desktop":{"background-color":"var(--ast-global-color-5)","background-image":"","background-repeat":"repeat","background-position":"center center","background-size":"auto","background-attachment":"scroll","background-type":"","background-media":"","overlay-type":"","overlay-color":"","overlay-gradient":""},"tablet":{"background-color":"var(--ast-global-color-5)","background-image":"","background-repeat":"repeat","background-position":"center center","background-size":"auto","background-attachment":"scroll","background-type":"","background-media":"","overlay-type":"","overlay-color":"","overlay-gradient":""},"mobile":{"background-color":"var(--ast-global-color-5)","background-image":"","background-repeat":"repeat","background-position":"center center","background-size":"auto","background-attachment":"scroll","background-type":"","background-media":"","overlay-type":"","overlay-color":"","overlay-gradient":""}},"footnotes":"","_seo_title":"","_seo_keywords":"","_seo_description":""},"class_list":["post-4872","page","type-page","status-publish","hentry"],"acf":[],"seo_title":"","seo_keywords":"","seo_description":"","seo_score":0,"_links":{"self":[{"href":"https:\/\/bright-china.com\/tr\/wp-json\/wp\/v2\/pages\/4872","targetHints":{"allow":["GET"]}}],"collection":[{"href":"https:\/\/bright-china.com\/tr\/wp-json\/wp\/v2\/pages"}],"about":[{"href":"https:\/\/bright-china.com\/tr\/wp-json\/wp\/v2\/types\/page"}],"author":[{"embeddable":true,"href":"https:\/\/bright-china.com\/tr\/wp-json\/wp\/v2\/users\/1"}],"replies":[{"embeddable":true,"href":"https:\/\/bright-china.com\/tr\/wp-json\/wp\/v2\/comments?post=4872"}],"version-history":[{"count":0,"href":"https:\/\/bright-china.com\/tr\/wp-json\/wp\/v2\/pages\/4872\/revisions"}],"wp:attachment":[{"href":"https:\/\/bright-china.com\/tr\/wp-json\/wp\/v2\/media?parent=4872"}],"curies":[{"name":"wp","href":"https:\/\/api.w.org\/{rel}","templated":true}]}}