{"id":5944,"date":"2025-06-04T18:32:42","date_gmt":"2025-06-05T01:32:42","guid":{"rendered":"https:\/\/bright-china.com\/?page_id=5944"},"modified":"2025-12-31T05:23:08","modified_gmt":"2025-12-31T12:23:08","slug":"power-switch","status":"publish","type":"page","link":"https:\/\/bright-china.com\/tr\/power-switch\/","title":{"rendered":"power switch"},"content":{"rendered":"<div data-elementor-type=\"wp-post\" data-elementor-id=\"5944\" class=\"elementor elementor-5944\" data-elementor-settings=\"{&quot;element_pack_global_tooltip_width&quot;:{&quot;unit&quot;:&quot;px&quot;,&quot;size&quot;:&quot;&quot;,&quot;sizes&quot;:[]},&quot;element_pack_global_tooltip_width_tablet&quot;:{&quot;unit&quot;:&quot;px&quot;,&quot;size&quot;:&quot;&quot;,&quot;sizes&quot;:[]},&quot;element_pack_global_tooltip_width_mobile&quot;:{&quot;unit&quot;:&quot;px&quot;,&quot;size&quot;:&quot;&quot;,&quot;sizes&quot;:[]},&quot;element_pack_global_tooltip_padding&quot;:{&quot;unit&quot;:&quot;px&quot;,&quot;top&quot;:&quot;&quot;,&quot;right&quot;:&quot;&quot;,&quot;bottom&quot;:&quot;&quot;,&quot;left&quot;:&quot;&quot;,&quot;isLinked&quot;:true},&quot;element_pack_global_tooltip_padding_tablet&quot;:{&quot;unit&quot;:&quot;px&quot;,&quot;top&quot;:&quot;&quot;,&quot;right&quot;:&quot;&quot;,&quot;bottom&quot;:&quot;&quot;,&quot;left&quot;:&quot;&quot;,&quot;isLinked&quot;:true},&quot;element_pack_global_tooltip_padding_mobile&quot;:{&quot;unit&quot;:&quot;px&quot;,&quot;top&quot;:&quot;&quot;,&quot;right&quot;:&quot;&quot;,&quot;bottom&quot;:&quot;&quot;,&quot;left&quot;:&quot;&quot;,&quot;isLinked&quot;:true},&quot;element_pack_global_tooltip_border_radius&quot;:{&quot;unit&quot;:&quot;px&quot;,&quot;top&quot;:&quot;&quot;,&quot;right&quot;:&quot;&quot;,&quot;bottom&quot;:&quot;&quot;,&quot;left&quot;:&quot;&quot;,&quot;isLinked&quot;:true},&quot;element_pack_global_tooltip_border_radius_tablet&quot;:{&quot;unit&quot;:&quot;px&quot;,&quot;top&quot;:&quot;&quot;,&quot;right&quot;:&quot;&quot;,&quot;bottom&quot;:&quot;&quot;,&quot;left&quot;:&quot;&quot;,&quot;isLinked&quot;:true},&quot;element_pack_global_tooltip_border_radius_mobile&quot;:{&quot;unit&quot;:&quot;px&quot;,&quot;top&quot;:&quot;&quot;,&quot;right&quot;:&quot;&quot;,&quot;bottom&quot;:&quot;&quot;,&quot;left&quot;:&quot;&quot;,&quot;isLinked&quot;:true}}\" data-elementor-post-type=\"page\">\n\t\t\t\t<div class=\"elementor-element elementor-element-79b68a0 e-flex e-con-boxed e-con e-parent\" data-id=\"79b68a0\" data-element_type=\"container\" data-settings=\"{&quot;background_background&quot;:&quot;classic&quot;}\">\n\t\t\t\t\t<div class=\"e-con-inner\">\n\t\t\t\t\t<\/div>\n\t\t\t\t<\/div>\n\t\t<div class=\"elementor-element elementor-element-fafc3c8 e-con-full e-flex e-con e-parent\" data-id=\"fafc3c8\" data-element_type=\"container\">\n\t\t<div class=\"elementor-element elementor-element-4089efa e-con-full e-flex elementor-invisible e-con e-child\" data-id=\"4089efa\" data-element_type=\"container\" data-settings=\"{&quot;animation&quot;:&quot;fadeInLeft&quot;}\">\n\t\t\t\t<div class=\"elementor-element elementor-element-39f619e elementor-widget-divider--view-line elementor-widget elementor-widget-divider\" data-id=\"39f619e\" data-element_type=\"widget\" data-widget_type=\"divider.default\">\n\t\t\t\t<div class=\"elementor-widget-container\">\n\t\t\t\t\t\t\t<div class=\"elementor-divider\">\n\t\t\t<span class=\"elementor-divider-separator\">\n\t\t\t\t\t\t<\/span>\n\t\t<\/div>\n\t\t\t\t\t\t<\/div>\n\t\t\t\t<\/div>\n\t\t\t\t<div class=\"elementor-element elementor-element-61f1c34 elementor-widget elementor-widget-image-box\" data-id=\"61f1c34\" data-element_type=\"widget\" data-widget_type=\"image-box.default\">\n\t\t\t\t<div class=\"elementor-widget-container\">\n\t\t\t\t\t<div class=\"elementor-image-box-wrapper\"><div class=\"elementor-image-box-content\"><h2 class=\"elementor-image-box-title\">Our Products<\/h2><p class=\"elementor-image-box-description\">Our products : DC Circuit Breakers\uff0cDC Surge Protector\uff0cfault arc protector,Arc Fault Circuit Interrupter \uff08AFCI\uff09\uff0cArc Fault Detection Devices\uff08AFDD\uff09\uff0c current limiting fire alarm protector, current limiting fire protector, metering current limiting protector, selective power limiting protector, current limiting and charging limiting protector, self resetting over voltage and under voltage protector, three-phase four wire self resetting overvoltage\/undervoltage protector, electrical fire limiting current protector, control and protection switch, phase loss zero protector, phase sequence protector, three-phase voltmeter, three-phase ammeter, single-phase programmable ammeter, smart meter, track meter, inductive proximity switch, new energy vehicle charging pile, surge protector<\/p><\/div><\/div>\t\t\t\t<\/div>\n\t\t\t\t<\/div>\n\t\t\t\t<\/div>\n\t\t<div class=\"elementor-element elementor-element-edf26aa e-con-full e-flex elementor-invisible e-con e-child\" data-id=\"edf26aa\" data-element_type=\"container\" data-settings=\"{&quot;animation&quot;:&quot;fadeInRight&quot;}\">\n\t\t\t\t<div class=\"elementor-element elementor-element-9b18770 elementor-widget elementor-widget-image\" data-id=\"9b18770\" data-element_type=\"widget\" data-widget_type=\"image.default\">\n\t\t\t\t<div class=\"elementor-widget-container\">\n\t\t\t\t\t\t\t\t\t\t\t\t\t\t\t<img decoding=\"async\" data-src=\"https:\/\/bright-china.com\/wp-content\/uploads\/2025\/04\/cropped-JGAFDD-63-1.jpg\" title=\"\" alt=\"\" src=\"data:image\/svg+xml;base64,PHN2ZyB3aWR0aD0iMSIgaGVpZ2h0PSIxIiB4bWxucz0iaHR0cDovL3d3dy53My5vcmcvMjAwMC9zdmciPjwvc3ZnPg==\" class=\"lazyload\" \/>\t\t\t\t\t\t\t\t\t\t\t\t\t\t\t<\/div>\n\t\t\t\t<\/div>\n\t\t\t\t<\/div>\n\t\t\t\t<\/div>\n\t\t<div class=\"elementor-element elementor-element-ccb9d7c e-flex e-con-boxed e-con e-parent\" data-id=\"ccb9d7c\" data-element_type=\"container\">\n\t\t\t\t\t<div class=\"e-con-inner\">\n\t\t<div class=\"elementor-element elementor-element-12bf511 e-con-full e-flex e-con e-child\" data-id=\"12bf511\" data-element_type=\"container\">\n\t\t\t\t<div class=\"elementor-element elementor-element-448ea91 elementor-widget elementor-widget-video\" data-id=\"448ea91\" data-element_type=\"widget\" data-settings=\"{&quot;youtube_url&quot;:&quot;https:\\\/\\\/youtu.be\\\/zjHKw9UNyR4&quot;,&quot;video_type&quot;:&quot;youtube&quot;,&quot;controls&quot;:&quot;yes&quot;}\" data-widget_type=\"video.default\">\n\t\t\t\t<div class=\"elementor-widget-container\">\n\t\t\t\t\t\t\t<div class=\"elementor-wrapper elementor-open-inline\">\n\t\t\t<div class=\"elementor-video\"><\/div>\t\t<\/div>\n\t\t\t\t\t\t<\/div>\n\t\t\t\t<\/div>\n\t\t\t\t<\/div>\n\t\t<div class=\"elementor-element elementor-element-815354b e-con-full e-flex e-con e-child\" data-id=\"815354b\" data-element_type=\"container\">\n\t\t\t\t<div class=\"elementor-element elementor-element-1ea7dd8 elementor-widget elementor-widget-heading\" data-id=\"1ea7dd8\" data-element_type=\"widget\" data-widget_type=\"heading.default\">\n\t\t\t\t<div class=\"elementor-widget-container\">\n\t\t\t\t\t<h2 class=\"elementor-heading-title elementor-size-default\">\u015eunlar\u0131 taahh\u00fct ediyoruz<\/h2>\t\t\t\t<\/div>\n\t\t\t\t<\/div>\n\t\t\t\t<div class=\"elementor-element elementor-element-0fa2a9a elementor-widget elementor-widget-text-editor\" data-id=\"0fa2a9a\" data-element_type=\"widget\" data-widget_type=\"text-editor.default\">\n\t\t\t\t<div class=\"elementor-widget-container\">\n\t\t\t\t\t\t\t\t\t<p><strong>\u00a0 ELEJG'de,<\/strong> y\u00fcksek kaliteli al\u00e7ak gerilim elektrik \u00e7\u00f6z\u00fcmleri sunmaya odaklanarak al\u00e7ak gerilim elektrik sistemleri alan\u0131nda inovasyon ve Ar-Ge'ye kendimizi adad\u0131k. \u00dcr\u00fcnlerimizin verimlili\u011fini, g\u00fcvenilirli\u011fini ve g\u00fcvenli\u011fini art\u0131rmak ve k\u00fcresel pazarlar\u0131n artan taleplerini kar\u015f\u0131lamak i\u00e7in teknolojiyi s\u00fcrekli olarak geli\u015ftiriyoruz. \u0130novasyonun end\u00fcstri geli\u015fiminin temel itici g\u00fcc\u00fc oldu\u011funa inan\u0131yoruz.<\/p>\t\t\t\t\t\t\t\t<\/div>\n\t\t\t\t<\/div>\n\t\t\t\t<\/div>\n\t\t\t\t\t<\/div>\n\t\t\t\t<\/div>\n\t\t<div class=\"elementor-element elementor-element-3aa85d7 e-flex e-con-boxed e-con e-parent\" data-id=\"3aa85d7\" data-element_type=\"container\">\n\t\t\t\t\t<div class=\"e-con-inner\">\n\t\t<div class=\"elementor-element elementor-element-0db6405 e-con-full e-flex e-con e-child\" data-id=\"0db6405\" data-element_type=\"container\">\n\t\t\t\t<div class=\"elementor-element elementor-element-278420e elementor-widget elementor-widget-heading\" data-id=\"278420e\" data-element_type=\"widget\" data-widget_type=\"heading.default\">\n\t\t\t\t<div class=\"elementor-widget-container\">\n\t\t\t\t\t<h2 class=\"elementor-heading-title elementor-size-default\">Kurumsal k\u00fclt\u00fcr<\/h2>\t\t\t\t<\/div>\n\t\t\t\t<\/div>\n\t\t\t\t<div class=\"elementor-element elementor-element-a589d03 elementor-widget elementor-widget-text-editor\" data-id=\"a589d03\" data-element_type=\"widget\" data-widget_type=\"text-editor.default\">\n\t\t\t\t<div class=\"elementor-widget-container\">\n\t\t\t\t\t\t\t\t\t<p><strong>Vizyon<\/strong>: Teknolojik ilerlemeyi te\u015fvik eden ve g\u00fcvenli, verimli bir elektrik ortam\u0131 sa\u011flayan y\u00fcksek kaliteli \u00e7\u00f6z\u00fcmler sunarak ak\u0131ll\u0131 elektronik alan\u0131nda lider bir yenilik\u00e7i olmak.<\/p><p><strong>G\u00f6rev<\/strong>: Profesyonel teknoloji ile topluma hizmet etmek, inovasyon ile g\u00fcvenli\u011fi sa\u011flamak, kalite ile g\u00fcven kazanmak ve sekt\u00f6re de\u011fer katmak.<\/p><p><strong>Temel De\u011ferler<\/strong>: Yenilik\u00e7ilik, Kalite, \u00d6nce M\u00fc\u015fteri, Sorumluluk.<\/p><p><strong>Kurumsal Ruh<\/strong>: G\u00fcvenilir \u00fcr\u00fcnler yaratmak, ak\u0131ll\u0131 teknolojiye odaklanmak ve yeni end\u00fcstri yollar\u0131n\u0131 ke\u015ffetmek.<\/p><p><strong>K\u00fclt\u00fcr<\/strong>: \u0130nsan odakl\u0131, kazan-kazan i\u015fbirli\u011fi, s\u00fcrekli geli\u015fim.<\/p><p><strong>Sosyal Sorumluluk<\/strong>: \u00c7evrenin korunmas\u0131n\u0131, elektrik g\u00fcvenli\u011fini te\u015fvik etmek ve teknik destek ve e\u011fitim sunmak.<\/p>\t\t\t\t\t\t\t\t<\/div>\n\t\t\t\t<\/div>\n\t\t\t\t<\/div>\n\t\t<div class=\"elementor-element elementor-element-cd8e9ff e-con-full e-flex e-con e-child\" data-id=\"cd8e9ff\" data-element_type=\"container\">\n\t\t\t\t<div class=\"elementor-element elementor-element-b695cd8 elementor-widget elementor-widget-image\" data-id=\"b695cd8\" data-element_type=\"widget\" data-widget_type=\"image.default\">\n\t\t\t\t<div class=\"elementor-widget-container\">\n\t\t\t\t\t\t\t\t\t\t\t\t\t\t\t<img fetchpriority=\"high\" decoding=\"async\" width=\"650\" height=\"650\" src=\"https:\/\/bright-china.com\/wp-content\/uploads\/2025\/05\/650-600-1.jpg\" class=\"attachment-large size-large wp-image-5862\" alt=\"\" srcset=\"https:\/\/bright-china.com\/wp-content\/uploads\/2025\/05\/650-600-1.jpg 650w, https:\/\/bright-china.com\/wp-content\/uploads\/2025\/05\/650-600-1-300x300.jpg 300w, https:\/\/bright-china.com\/wp-content\/uploads\/2025\/05\/650-600-1-150x150.jpg 150w, https:\/\/bright-china.com\/wp-content\/uploads\/2025\/05\/650-600-1-12x12.jpg 12w, https:\/\/bright-china.com\/wp-content\/uploads\/2025\/05\/650-600-1-600x600.jpg 600w, https:\/\/bright-china.com\/wp-content\/uploads\/2025\/05\/650-600-1-100x100.jpg 100w\" sizes=\"(max-width: 650px) 100vw, 650px\" \/>\t\t\t\t\t\t\t\t\t\t\t\t\t\t\t<\/div>\n\t\t\t\t<\/div>\n\t\t\t\t<\/div>\n\t\t\t\t\t<\/div>\n\t\t\t\t<\/div>\n\t\t<div class=\"elementor-element elementor-element-32cbc50 e-flex e-con-boxed e-con e-parent\" data-id=\"32cbc50\" data-element_type=\"container\">\n\t\t\t\t\t<div class=\"e-con-inner\">\n\t\t\t\t<div class=\"elementor-element elementor-element-107f95f elementor-widget-divider--view-line elementor-widget elementor-widget-divider\" data-id=\"107f95f\" data-element_type=\"widget\" data-widget_type=\"divider.default\">\n\t\t\t\t<div class=\"elementor-widget-container\">\n\t\t\t\t\t\t\t<div class=\"elementor-divider\">\n\t\t\t<span class=\"elementor-divider-separator\">\n\t\t\t\t\t\t<\/span>\n\t\t<\/div>\n\t\t\t\t\t\t<\/div>\n\t\t\t\t<\/div>\n\t\t\t\t\t<\/div>\n\t\t\t\t<\/div>\n\t\t<div class=\"elementor-element elementor-element-7e5327e e-flex e-con-boxed e-con e-parent\" data-id=\"7e5327e\" data-element_type=\"container\" data-settings=\"{&quot;background_background&quot;:&quot;classic&quot;}\">\n\t\t\t\t\t<div class=\"e-con-inner\">\n\t\t<div class=\"elementor-element elementor-element-a5cd6c6 e-con-full e-flex e-con e-child\" data-id=\"a5cd6c6\" data-element_type=\"container\">\n\t\t\t\t<div class=\"elementor-element elementor-element-cb75962 elementor-position-top elementor-widget elementor-widget-image-box\" data-id=\"cb75962\" data-element_type=\"widget\" data-widget_type=\"image-box.default\">\n\t\t\t\t<div class=\"elementor-widget-container\">\n\t\t\t\t\t<div class=\"elementor-image-box-wrapper\"><figure class=\"elementor-image-box-img\"><img decoding=\"async\" width=\"120\" height=\"120\" data-src=\"https:\/\/bright-china.com\/wp-content\/uploads\/2018\/12\/globe-free-img.png\" class=\"attachment-full size-full wp-image-586 lazyload\" alt=\"\" data-srcset=\"https:\/\/bright-china.com\/wp-content\/uploads\/2018\/12\/globe-free-img.png 120w, https:\/\/bright-china.com\/wp-content\/uploads\/2018\/12\/globe-free-img-100x100.png 100w\" data-sizes=\"(max-width: 120px) 100vw, 120px\" src=\"data:image\/svg+xml;base64,PHN2ZyB3aWR0aD0iMSIgaGVpZ2h0PSIxIiB4bWxucz0iaHR0cDovL3d3dy53My5vcmcvMjAwMC9zdmciPjwvc3ZnPg==\" style=\"--smush-placeholder-width: 120px; --smush-placeholder-aspect-ratio: 120\/120;\" \/><\/figure><div class=\"elementor-image-box-content\"><h5 class=\"elementor-image-box-title\">D\u00fcnya \u00c7ap\u0131nda Nakliye<\/h5><p class=\"elementor-image-box-description\">It elit tellus, luctus nec ullamcorper mattis, pulvinar dapibus leo.<\/p><\/div><\/div>\t\t\t\t<\/div>\n\t\t\t\t<\/div>\n\t\t\t\t<\/div>\n\t\t<div class=\"elementor-element elementor-element-aedde58 e-con-full e-flex e-con e-child\" data-id=\"aedde58\" data-element_type=\"container\">\n\t\t\t\t<div class=\"elementor-element elementor-element-354e72a elementor-position-top elementor-widget elementor-widget-image-box\" data-id=\"354e72a\" data-element_type=\"widget\" data-widget_type=\"image-box.default\">\n\t\t\t\t<div class=\"elementor-widget-container\">\n\t\t\t\t\t<div class=\"elementor-image-box-wrapper\"><figure class=\"elementor-image-box-img\"><img decoding=\"async\" width=\"120\" height=\"120\" data-src=\"https:\/\/bright-china.com\/wp-content\/uploads\/2018\/12\/quality-free-img.png\" class=\"attachment-full size-full wp-image-588 lazyload\" alt=\"\" data-srcset=\"https:\/\/bright-china.com\/wp-content\/uploads\/2018\/12\/quality-free-img.png 120w, https:\/\/bright-china.com\/wp-content\/uploads\/2018\/12\/quality-free-img-100x100.png 100w\" data-sizes=\"(max-width: 120px) 100vw, 120px\" src=\"data:image\/svg+xml;base64,PHN2ZyB3aWR0aD0iMSIgaGVpZ2h0PSIxIiB4bWxucz0iaHR0cDovL3d3dy53My5vcmcvMjAwMC9zdmciPjwvc3ZnPg==\" style=\"--smush-placeholder-width: 120px; --smush-placeholder-aspect-ratio: 120\/120;\" \/><\/figure><div class=\"elementor-image-box-content\"><h5 class=\"elementor-image-box-title\">En \u0130yi Kalite<\/h5><p class=\"elementor-image-box-description\">It elit tellus, luctus nec ullamcorper mattis, pulvinar dapibus leo.<\/p><\/div><\/div>\t\t\t\t<\/div>\n\t\t\t\t<\/div>\n\t\t\t\t<\/div>\n\t\t<div class=\"elementor-element elementor-element-dbc9b68 e-con-full e-flex e-con e-child\" data-id=\"dbc9b68\" data-element_type=\"container\">\n\t\t\t\t<div class=\"elementor-element elementor-element-6bef0f0 elementor-position-top elementor-widget elementor-widget-image-box\" data-id=\"6bef0f0\" data-element_type=\"widget\" data-widget_type=\"image-box.default\">\n\t\t\t\t<div class=\"elementor-widget-container\">\n\t\t\t\t\t<div class=\"elementor-image-box-wrapper\"><figure class=\"elementor-image-box-img\"><img decoding=\"async\" width=\"120\" height=\"120\" data-src=\"https:\/\/bright-china.com\/wp-content\/uploads\/2018\/12\/tag-free-img.png\" class=\"attachment-full size-full wp-image-589 lazyload\" alt=\"\" data-srcset=\"https:\/\/bright-china.com\/wp-content\/uploads\/2018\/12\/tag-free-img.png 120w, https:\/\/bright-china.com\/wp-content\/uploads\/2018\/12\/tag-free-img-100x100.png 100w\" data-sizes=\"(max-width: 120px) 100vw, 120px\" src=\"data:image\/svg+xml;base64,PHN2ZyB3aWR0aD0iMSIgaGVpZ2h0PSIxIiB4bWxucz0iaHR0cDovL3d3dy53My5vcmcvMjAwMC9zdmciPjwvc3ZnPg==\" style=\"--smush-placeholder-width: 120px; --smush-placeholder-aspect-ratio: 120\/120;\" \/><\/figure><div class=\"elementor-image-box-content\"><h5 class=\"elementor-image-box-title\">En \u0130yi Teklifler<\/h5><p class=\"elementor-image-box-description\">It elit tellus, luctus nec ullamcorper mattis, pulvinar dapibus leo.<\/p><\/div><\/div>\t\t\t\t<\/div>\n\t\t\t\t<\/div>\n\t\t\t\t<\/div>\n\t\t<div class=\"elementor-element elementor-element-e16ff0a e-con-full e-flex e-con e-child\" data-id=\"e16ff0a\" data-element_type=\"container\">\n\t\t\t\t<div class=\"elementor-element elementor-element-5fcddda elementor-position-top elementor-widget elementor-widget-image-box\" data-id=\"5fcddda\" data-element_type=\"widget\" data-widget_type=\"image-box.default\">\n\t\t\t\t<div class=\"elementor-widget-container\">\n\t\t\t\t\t<div class=\"elementor-image-box-wrapper\"><figure class=\"elementor-image-box-img\"><img decoding=\"async\" width=\"120\" height=\"120\" data-src=\"https:\/\/bright-china.com\/wp-content\/uploads\/2018\/12\/lock-free-img.png\" class=\"attachment-full size-full wp-image-587 lazyload\" alt=\"\" data-srcset=\"https:\/\/bright-china.com\/wp-content\/uploads\/2018\/12\/lock-free-img.png 120w, https:\/\/bright-china.com\/wp-content\/uploads\/2018\/12\/lock-free-img-100x100.png 100w\" data-sizes=\"(max-width: 120px) 100vw, 120px\" src=\"data:image\/svg+xml;base64,PHN2ZyB3aWR0aD0iMSIgaGVpZ2h0PSIxIiB4bWxucz0iaHR0cDovL3d3dy53My5vcmcvMjAwMC9zdmciPjwvc3ZnPg==\" style=\"--smush-placeholder-width: 120px; --smush-placeholder-aspect-ratio: 120\/120;\" \/><\/figure><div class=\"elementor-image-box-content\"><h5 class=\"elementor-image-box-title\">G\u00fcvenli \u00d6demeler<\/h5><p class=\"elementor-image-box-description\">It elit tellus, luctus nec ullamcorper mattis, pulvinar dapibus leo.<\/p><\/div><\/div>\t\t\t\t<\/div>\n\t\t\t\t<\/div>\n\t\t\t\t<\/div>\n\t\t\t\t\t<\/div>\n\t\t\t\t<\/div>\n\t\t\t\t<\/div>","protected":false},"excerpt":{"rendered":"<p>Our Products Our products : DC Circuit Breakers\uff0cDC Surge Protector\uff0cfault arc protector,Arc Fault Circuit Interrupter \uff08AFCI\uff09\uff0cArc Fault Detection Devices\uff08<a href=\"https:\/\/bright-china.com\/en\/afci-afdd\/\" title=\"\u67e5\u770b\u66f4\u591a\u5173\u4e8eAFDD\u7684\u4fe1\u606f\" class=\"seo-keyword-link\" style=\"font-weight: bold; color: inherit; text-decoration: underline; border-bottom: 1px dotted #667eea;\">AFDD<\/a>\uff09\uff0c current limiting fire alarm protector, current limiting fire protector, metering current limiting protector, selective power limiting protector, current limiting and charging limiting protector, self resetting over voltage and under voltage protector, three-phase four wire self resetting [&hellip;]<\/p>","protected":false},"author":1,"featured_media":0,"parent":0,"menu_order":0,"comment_status":"closed","ping_status":"closed","template":"","meta":{"_acf_changed":false,"site-sidebar-layout":"no-sidebar","site-content-layout":"page-builder","ast-site-content-layout":"full-width-container","site-content-style":"unboxed","site-sidebar-style":"unboxed","ast-global-header-display":"","ast-banner-title-visibility":"","ast-main-header-display":"","ast-hfb-above-header-display":"","ast-hfb-below-header-display":"","ast-hfb-mobile-header-display":"","site-post-title":"disabled","ast-breadcrumbs-content":"","ast-featured-img":"disabled","footer-sml-layout":"","theme-transparent-header-meta":"enabled","adv-header-id-meta":"","stick-header-meta":"","header-above-stick-meta":"","header-main-stick-meta":"","header-below-stick-meta":"","astra-migrate-meta-layouts":"set","ast-page-background-enabled":"default","ast-page-background-meta":{"desktop":{"background-color":"","background-image":"","background-repeat":"repeat","background-position":"center center","background-size":"auto","background-attachment":"scroll","background-type":"","background-media":"","overlay-type":"","overlay-color":"","overlay-opacity":"","overlay-gradient":""},"tablet":{"background-color":"","background-image":"","background-repeat":"repeat","background-position":"center center","background-size":"auto","background-attachment":"scroll","background-type":"","background-media":"","overlay-type":"","overlay-color":"","overlay-opacity":"","overlay-gradient":""},"mobile":{"background-color":"","background-image":"","background-repeat":"repeat","background-position":"center center","background-size":"auto","background-attachment":"scroll","background-type":"","background-media":"","overlay-type":"","overlay-color":"","overlay-opacity":"","overlay-gradient":""}},"ast-content-background-meta":{"desktop":{"background-color":"var(--ast-global-color-5)","background-image":"","background-repeat":"repeat","background-position":"center center","background-size":"auto","background-attachment":"scroll","background-type":"","background-media":"","overlay-type":"","overlay-color":"","overlay-opacity":"","overlay-gradient":""},"tablet":{"background-color":"var(--ast-global-color-5)","background-image":"","background-repeat":"repeat","background-position":"center center","background-size":"auto","background-attachment":"scroll","background-type":"","background-media":"","overlay-type":"","overlay-color":"","overlay-opacity":"","overlay-gradient":""},"mobile":{"background-color":"var(--ast-global-color-5)","background-image":"","background-repeat":"repeat","background-position":"center center","background-size":"auto","background-attachment":"scroll","background-type":"","background-media":"","overlay-type":"","overlay-color":"","overlay-opacity":"","overlay-gradient":""}},"footnotes":"","_seo_title":"","_seo_keywords":"","_seo_description":""},"class_list":["post-5944","page","type-page","status-publish","hentry"],"acf":[],"seo_title":"","seo_keywords":"","seo_description":"","seo_score":0,"_links":{"self":[{"href":"https:\/\/bright-china.com\/tr\/wp-json\/wp\/v2\/pages\/5944","targetHints":{"allow":["GET"]}}],"collection":[{"href":"https:\/\/bright-china.com\/tr\/wp-json\/wp\/v2\/pages"}],"about":[{"href":"https:\/\/bright-china.com\/tr\/wp-json\/wp\/v2\/types\/page"}],"author":[{"embeddable":true,"href":"https:\/\/bright-china.com\/tr\/wp-json\/wp\/v2\/users\/1"}],"replies":[{"embeddable":true,"href":"https:\/\/bright-china.com\/tr\/wp-json\/wp\/v2\/comments?post=5944"}],"version-history":[{"count":0,"href":"https:\/\/bright-china.com\/tr\/wp-json\/wp\/v2\/pages\/5944\/revisions"}],"wp:attachment":[{"href":"https:\/\/bright-china.com\/tr\/wp-json\/wp\/v2\/media?parent=5944"}],"curies":[{"name":"wp","href":"https:\/\/api.w.org\/{rel}","templated":true}]}}