{"id":4425,"date":"2025-04-27T02:23:54","date_gmt":"2025-04-27T02:23:54","guid":{"rendered":"https:\/\/bright-china.com\/?post_type=product&#038;p=4425"},"modified":"2025-12-29T20:38:44","modified_gmt":"2025-12-30T03:38:44","slug":"voltage-protector-jgiv-63","status":"publish","type":"product","link":"https:\/\/bright-china.com\/tr\/product\/voltage-protector-jgiv-63\/","title":{"rendered":"Ayarlanabilir A\u015f\u0131r\u0131 D\u00fc\u015f\u00fck Voltaj Koruyucu Dijital Voltaj Koruyucu JGIV-63"},"content":{"rendered":"<h2>1\u3001Introduction<\/h2>\n<hr \/>\n<p><a style=\"font-size: 16px; background-color: #ffffff;\" href=\"https:\/\/bright-china.com\/automatic-reconnection-energy-metering-protector-of-test-jgdl-63\/\"><strong>Adjustable Over Under Voltage Protector Digital Voltage Protector<\/strong> <\/a><span style=\"font-size: 16px;\">JGIV-63 series is a current limiting leakage type overvoltage and undervoltage protector, which includes overvoltage, undervoltage, short circuit, leakage, and comprehensive protectors. The product has the advantages of modularity, intelligence, and visualization.<\/span><\/p>\n<p>All protection parameters such as overvoltage, undervoltage, and leakage protection can be set according to the power demand, ensuring that the protector can instantly cut off the power supply in case of overvoltage, <a href=\"https:\/\/ua-protector.com\/product\/\">undervoltage<\/a>, short circuit, leakage, and other faults in the circuit, protecting the electrical equipment from damage.<\/p>\n<p>This series of products has a compact structure, beautiful appearance, and standard rail installation. It is mainly suitable for household power distribution, school dormitories, rental houses, and other occasions.<\/p>\n<h2>2\u3001Working conditions and parameters<\/h2>\n<hr \/>\n<p>2.1. The first normal power on will automatically close after a 1-second delay; The product will automatically disconnect within 1 second in the event of overvoltage, undervoltage, overcurrent, or leakage during the first power on;<br \/>\n2.2. Current protection parameters:<br \/>\na. \u2265 1.0 times current, set range 1-120 seconds, default 10 seconds<br \/>\nb. \u2265 2 times the short-circuit current, 0.1 seconds to open the circuit<br \/>\n2.3. The ambient temperature should not exceed+40 \u2103, not be lower than -5 \u2103, and the average temperature over 24 hours should not exceed+35 \u2103; At+40 \u2103, the surrounding air humidity should not exceed 50%.<br \/>\n2.4. The sea level of the installation location shall not exceed 2000 meters.5. Pollution level III.6. There are no explosive hazardous media, no corrosive or insulating gases, and no conductive dust in the installation environment. There are also no areas affected by rain or snow.<\/p>\n<table style=\"border-collapse: collapse; width: 100%; border-color: #969696;\" border=\"0\" width=\"100%\" cellspacing=\"0\" cellpadding=\"0\">\n<tbody>\n<tr style=\"height: 13.50pt;\">\n<td style=\"height: 13px; width: 159.4pt; background-color: #0a165c;\" width=\"212\" height=\"18\"><span style=\"color: #ffffff;\">Tip<\/span><\/td>\n<td style=\"width: 89.95pt; height: 13px; background-color: #0a165c;\" width=\"119\"><span style=\"color: #ffffff;\">JGIV-63<\/span><\/td>\n<\/tr>\n<tr style=\"height: 13.50pt;\">\n<td style=\"height: 13px;\" height=\"18\">Ak\u0131m ayar aral\u0131\u011f\u0131<\/td>\n<td style=\"height: 13px;\">63A(2~63A)<\/td>\n<\/tr>\n<tr style=\"height: 13.50pt;\">\n<td style=\"height: 13px; background-color: #e3e3e3;\" height=\"18\">A\u015f\u0131r\u0131 gerilim ayar aral\u0131\u011f\u0131<\/td>\n<td style=\"height: 13px; background-color: #e3e3e3;\">AC270V(210~300V)<\/td>\n<\/tr>\n<tr style=\"height: 13.50pt;\">\n<td style=\"height: 13px;\" height=\"18\">D\u00fc\u015f\u00fck gerilim ayar aral\u0131\u011f\u0131<\/td>\n<td style=\"height: 13px;\">AC170V (80~200V)<\/td>\n<\/tr>\n<tr style=\"height: 13.50pt;\">\n<td style=\"height: 13px; background-color: #e3e3e3;\" height=\"18\">Ka\u00e7ak ak\u0131m ayar aral\u0131\u011f\u0131<\/td>\n<td style=\"height: 13px; background-color: #e3e3e3;\">20mA (5~300mA)<\/td>\n<\/tr>\n<\/tbody>\n<\/table>\n<h2>3\u3001Product\u00a0settings<\/h2>\n<hr \/>\n<p>3.1. Settings button: Press and hold the settings button for 2 seconds to enter the settings mode. After entering the settings mode, press it once to enter the next settings menu;<br \/>\n3.2. Shift key: In the setting state, it is the digital shift function;<br \/>\n3.3. Data key: query the last fault information of the product, and change the parameters that need to be set when setting the status;<br \/>\n3.4. Reset button: When the first overcurrent or leakage occurs, the product will automatically close after a specified reset time delay. When the second overcurrent or leakage occurs, it must be manually confirmed that there is no fault in the circuit. After manually pressing the reset button, the product will close. When in the set state, press the reset button for 1 second to save and exit the set state,<br \/>\nPress and hold the reset button during real-time display to open the product, and press it again to close it.<br \/>\n<img fetchpriority=\"high\" decoding=\"async\" class=\"alignnone wp-image-8720 size-full\" src=\"https:\/\/bright-china.com\/wp-content\/uploads\/2025\/04\/Product-menu-of-digital-display-adjustable-voltage-protector.webp\" alt=\"Product menu of digital display adjustable voltage protector\" width=\"827\" height=\"594\" srcset=\"https:\/\/bright-china.com\/wp-content\/uploads\/2025\/04\/Product-menu-of-digital-display-adjustable-voltage-protector.webp 827w, https:\/\/bright-china.com\/wp-content\/uploads\/2025\/04\/Product-menu-of-digital-display-adjustable-voltage-protector-300x215.webp 300w, https:\/\/bright-china.com\/wp-content\/uploads\/2025\/04\/Product-menu-of-digital-display-adjustable-voltage-protector-768x552.webp 768w, https:\/\/bright-china.com\/wp-content\/uploads\/2025\/04\/Product-menu-of-digital-display-adjustable-voltage-protector-18x12.webp 18w, https:\/\/bright-china.com\/wp-content\/uploads\/2025\/04\/Product-menu-of-digital-display-adjustable-voltage-protector-600x431.webp 600w\" sizes=\"(max-width: 827px) 100vw, 827px\" \/><\/p>\n<h2>5\u3001Dimensions<\/h2>\n<hr \/>\n<p><img decoding=\"async\" class=\"alignnone wp-image-8719 size-full lazyload\" data-src=\"https:\/\/bright-china.com\/wp-content\/uploads\/2025\/04\/Panel-Description-of-Digital-Display-Adjustable-Voltage-Protector.webp\" alt=\"Panel Description of Digital Display Adjustable Voltage Protector\" width=\"451\" height=\"752\" data-srcset=\"https:\/\/bright-china.com\/wp-content\/uploads\/2025\/04\/Panel-Description-of-Digital-Display-Adjustable-Voltage-Protector.webp 451w, https:\/\/bright-china.com\/wp-content\/uploads\/2025\/04\/Panel-Description-of-Digital-Display-Adjustable-Voltage-Protector-180x300.webp 180w, https:\/\/bright-china.com\/wp-content\/uploads\/2025\/04\/Panel-Description-of-Digital-Display-Adjustable-Voltage-Protector-7x12.webp 7w\" data-sizes=\"(max-width: 451px) 100vw, 451px\" src=\"data:image\/svg+xml;base64,PHN2ZyB3aWR0aD0iMSIgaGVpZ2h0PSIxIiB4bWxucz0iaHR0cDovL3d3dy53My5vcmcvMjAwMC9zdmciPjwvc3ZnPg==\" style=\"--smush-placeholder-width: 451px; --smush-placeholder-aspect-ratio: 451\/752;\" \/><\/p>\n<p>&nbsp;<\/p>\n<h2>Bir plan olmal\u0131<\/h2>\n<hr \/>\n<figure id=\"attachment_6111\" aria-describedby=\"caption-attachment-6111\" style=\"width: 600px\" class=\"wp-caption alignnone\"><img decoding=\"async\" class=\"wp-image-6111 size-full lazyload\" data-src=\"https:\/\/bright-china.com\/wp-content\/uploads\/2025\/04\/\u63a5\u7ebf\u56fe-\u8fc7\u6b20\u538b-3.jpg\" alt=\"a\u015f\u0131r\u0131 ve d\u00fc\u015f\u00fck voltaj koruyucular\u0131\" width=\"600\" height=\"1133\" data-srcset=\"https:\/\/bright-china.com\/wp-content\/uploads\/2025\/04\/\u63a5\u7ebf\u56fe-\u8fc7\u6b20\u538b-3.jpg 600w, https:\/\/bright-china.com\/wp-content\/uploads\/2025\/04\/\u63a5\u7ebf\u56fe-\u8fc7\u6b20\u538b-3-159x300.jpg 159w, https:\/\/bright-china.com\/wp-content\/uploads\/2025\/04\/\u63a5\u7ebf\u56fe-\u8fc7\u6b20\u538b-3-542x1024.jpg 542w, https:\/\/bright-china.com\/wp-content\/uploads\/2025\/04\/\u63a5\u7ebf\u56fe-\u8fc7\u6b20\u538b-3-6x12.jpg 6w\" data-sizes=\"(max-width: 600px) 100vw, 600px\" src=\"data:image\/svg+xml;base64,PHN2ZyB3aWR0aD0iMSIgaGVpZ2h0PSIxIiB4bWxucz0iaHR0cDovL3d3dy53My5vcmcvMjAwMC9zdmciPjwvc3ZnPg==\" style=\"--smush-placeholder-width: 600px; --smush-placeholder-aspect-ratio: 600\/1133;\" \/><figcaption id=\"caption-attachment-6111\" class=\"wp-caption-text\">a\u015f\u0131r\u0131 ve d\u00fc\u015f\u00fck voltaj koruyucular\u0131<\/figcaption><\/figure>\n<h3 data-slate-node=\"element\"><span class=\"null hover-sent\" style=\"color: #ff0000;\" data-slate-leaf=\"true\" data-sent-id=\"ejrkgDPYqe\">Uyar\u0131:<\/span><\/h3>\n<div data-slate-node=\"element\"><span data-slate-node=\"text\"><span class=\"null hover-sent\" data-slate-leaf=\"true\" data-sent-id=\"ejrkgDPYqe\">N ve L kablolar\u0131 yanl\u0131\u015f ba\u011flanmamal\u0131d\u0131r.<\/span><\/span><\/div>\n<div data-slate-node=\"element\" data-slate-fragment=\"JTVCJTdCJTIydHlwZSUyMiUzQSUyMnBhcmFncmFwaCUyMiUyQyUyMmNoaWxkcmVuJTIyJTNBJTVCJTdCJTIyaWQlMjIlM0ElMjJlanJrZ0RQWXFlJTIyJTJDJTIycGFyYUlkeCUyMiUzQTElMkMlMjJzcmMlMjIlM0ElMjJBdHRlbnRpb24lM0ElMjBUaGUlMjBOJTIwYW5kJTIwTCUyMHdpcmVzJTIwbXVzdCUyMG5vdCUyMGJlJTIwY29ubmVjdGVkJTIwaW5jb3JyZWN0bHkuJTIyJTJDJTIyZHN0JTIyJTNBJTIyJUU2JUIzJUE4JUU2JTg0JThGJUVGJUJDJTlBTiVFNSU5MiU4Q0wlRTclQkElQkYlRTQlQjglOEQlRTUlQkUlOTclRTglQkYlOUUlRTYlOEUlQTUlRTklOTQlOTklRTglQUYlQUYlRTMlODAlODIlMjIlMkMlMjJtZXRhZGF0YSUyMiUzQSUyMiUyMiUyQyUyMm1hdGNoZXMlMjIlM0FudWxsJTJDJTIybWV0YURhdGElMjIlM0ElNUIlNUQlMkMlMjJ0ZXh0JTIyJTNBJTIyVGhlJTIwTiUyMGFuZCUyMEwlMjB3aXJlcyUyMG11c3QlMjBub3QlMjBiZSUyMGNvbm5lY3RlZCUyMGluY29ycmVjdGx5LiUyMiU3RCU1RCU3RCUyQyU3QiUyMnR5cGUlMjIlM0ElMjJwYXJhZ3JhcGglMjIlMkMlMjJjaGlsZHJlbiUyMiUzQSU1QiU3QiUyMmlkJTIyJTNBJTIyVk5ETmRqOUFiQiUyMiUyQyUyMnBhcmFJZHglMjIlM0EyJTJDJTIyc3JjJTIyJTNBJTIyQWxsJTIwdGVybWluYWxzJTIwbXVzdCUyMGJlJTIwdGlnaHRlbmVkJTIwdG8lMjBwcmV2ZW50JTIwZmFsc2UlMjBjb25uZWN0aW9ucyUyMHRoYXQlMjBjb3VsZCUyMGJ1cm4lMjBvdXQlMjB0aGUlMjBwcm90ZWN0b3IuJTIyJTJDJTIyZHN0JTIyJTNBJTIyJUU2JTg5JTgwJUU2JTlDJTg5JUU3JUFCJUFGJUU1JUFEJTkwJUU1JUJGJTg1JUU5JUExJUJCJUU2JThCJUE3JUU3JUI0JUE3JUVGJUJDJThDJUU0JUJCJUE1JUU5JTk4JUIyJUU2JUFEJUEyJUU1JThGJUFGJUU4JTgzJUJEJUU3JTgzJUE3JUU1JTlEJThGJUU0JUJGJTlEJUU2JThBJUE0JUU1JTk5JUE4JUU3JTlBJTg0JUU5JTk0JTk5JUU4JUFGJUFGJUU4JUJGJTlFJUU2JThFJUE1JUUzJTgwJTgyJTIyJTJDJTIybWV0YWRhdGElMjIlM0ElMjIlMjIlMkMlMjJtYXRjaGVzJTIyJTNBbnVsbCUyQyUyMm1ldGFEYXRhJTIyJTNBJTVCJTVEJTJDJTIydGV4dCUyMiUzQSUyMkFsbCUyMHRlcm1pbmFscyUyMG11c3QlMjBiZSUyMHRpZ2h0ZW5lZCUyMHRvJTIwcHJldmVudCUyMGZhbHNlJTIwY29ubmVjdGlvbnMlMjB0aGF0JTIwY291bGQlMjBidXJuJTIwb3V0JTIwdGhlJTIwcHJvdGVjdG9yLiUyMiU3RCU1RCU3RCU1RA==\"><span data-slate-node=\"text\"><span class=\"null\" data-slate-leaf=\"true\" data-sent-id=\"VNDNdj9AbB\">Koruyucuyu yakabilecek yanl\u0131\u015f ba\u011flant\u0131lar\u0131 \u00f6nlemek i\u00e7in t\u00fcm terminaller s\u0131k\u0131lmal\u0131d\u0131r.<\/span><\/span><\/div>\n<h2 class=\"wp-block-heading\"><\/h2>\n<h2><strong>Standart Paket Bilgisi<\/strong><\/h2>\n<hr \/>\n<p><img decoding=\"async\" class=\"alignnone wp-image-6114 size-medium lazyload\" data-src=\"https:\/\/bright-china.com\/wp-content\/uploads\/2025\/04\/45.5-23.5-31.5-box-300x300.jpg\" alt=\"Koruyucu i\u00e7in ambalaj kutusu\" width=\"300\" height=\"300\" data-srcset=\"https:\/\/bright-china.com\/wp-content\/uploads\/2025\/04\/45.5-23.5-31.5-box-300x300.jpg 300w, https:\/\/bright-china.com\/wp-content\/uploads\/2025\/04\/45.5-23.5-31.5-box-150x150.jpg 150w, https:\/\/bright-china.com\/wp-content\/uploads\/2025\/04\/45.5-23.5-31.5-box-12x12.jpg 12w, https:\/\/bright-china.com\/wp-content\/uploads\/2025\/04\/45.5-23.5-31.5-box-600x600.jpg 600w, https:\/\/bright-china.com\/wp-content\/uploads\/2025\/04\/45.5-23.5-31.5-box-100x100.jpg 100w, https:\/\/bright-china.com\/wp-content\/uploads\/2025\/04\/45.5-23.5-31.5-box.jpg 750w\" data-sizes=\"(max-width: 300px) 100vw, 300px\" src=\"data:image\/svg+xml;base64,PHN2ZyB3aWR0aD0iMSIgaGVpZ2h0PSIxIiB4bWxucz0iaHR0cDovL3d3dy53My5vcmcvMjAwMC9zdmciPjwvc3ZnPg==\" style=\"--smush-placeholder-width: 300px; --smush-placeholder-aspect-ratio: 300\/300;\" \/><\/p>\n<table style=\"border-collapse: collapse; width: 100%; border-color: #969696;\" border=\"0\" width=\"100%\" cellspacing=\"0\" cellpadding=\"0\">\n<tbody>\n<tr style=\"height: 14.25pt;\">\n<td class=\"et2\" style=\"height: 14.25pt; width: 143.9pt; background-color: #0e157d;\" width=\"191\" height=\"19\"><span style=\"color: #ffffff;\">Karton Boyut (cm)<\/span><\/td>\n<td class=\"et2\" style=\"width: 54pt; background-color: #0e157d;\" width=\"72\"><span style=\"color: #ffffff;\">Paket listesi<\/span><\/td>\n<td class=\"et2\" style=\"width: 54pt; background-color: #0e157d;\" width=\"72\"><span style=\"color: #ffffff;\">MIKTAR<\/span><\/td>\n<td class=\"et2\" style=\"width: 92.8pt; background-color: #0e157d;\" width=\"123\"><span style=\"color: #ffffff;\">Br\u00fct a\u011f\u0131rl\u0131k (kg)<\/span><\/td>\n<\/tr>\n<tr style=\"height: 28.50pt;\">\n<td class=\"et2\" style=\"height: 28.50pt; width: 143.90pt;\" width=\"191\" height=\"38\">45,5 cm \u00d7 23,5 cm \u00d7 31,5 cm<\/td>\n<td class=\"et2\" style=\"width: 54.00pt;\" width=\"72\">\u00a0KORUYUCU<\/td>\n<td class=\"et2\" style=\"width: 54.00pt;\" width=\"72\">60pcs<\/td>\n<td class=\"et2\" style=\"width: 92.80pt;\" width=\"123\">20kg<\/td>\n<\/tr>\n<\/tbody>\n<\/table>\n<p><a href=\"https:\/\/bright-china.com\/product\/intelligent-current-voltage-protector\/\" target=\"_blank\" rel=\"noopener\" ___protected_content_16___>Dijital ekranl\u0131 ayarlanabilir ak\u0131m ve voltaj koruyucusu<\/a><\/p>","protected":false},"excerpt":{"rendered":"<p><a href=\"https:\/\/bright-china.com\/product\/\">Ayarlanabilir A\u015f\u0131r\u0131 D\u00fc\u015f\u00fck Voltaj Koruyucu\u00a0<\/a> <span data-slate-fragment=\"JTVCJTdCJTIydHlwZSUyMiUzQSUyMnBhcmFncmFwaCUyMiUyQyUyMmNoaWxkcmVuJTIyJTNBJTVCJTdCJTIyaWQlMjIlM0ElMjJCd2JuWjNERWx6JTIyJTJDJTIycGFyYUlkeCUyMiUzQTAlMkMlMjJzcmMlMjIlM0ElMjJEaWdpdGFsJTIwVm9sdGFnZSUyMFByb3RlY3RvciUyMEFkanVzdGFibGUlMjBPdmVyJTIwVW5kZXIlMjBWb2x0YWdlJTIwUHJvdGVjdG9yJTIyJTJDJTIyZHN0JTIyJTNBJTIyJUU2JTk1JUIwJUU1JUFEJTk3JUU3JTk0JUI1JUU1JThFJThCJUU0JUJGJTlEJUU2JThBJUE0JUU1JTk5JUE4JUU1JThGJUFGJUU4JUIwJTgzJUU4JUJGJTg3JUU2JUFDJUEwJUU1JThFJThCJUU0JUJGJTlEJUU2JThBJUE0JUU1JTk5JUE4JTIyJTJDJTIybWV0YWRhdGElMjIlM0ElMjIlMjIlMkMlMjJtYXRjaGVzJTIyJTNBbnVsbCUyQyUyMm1ldGFEYXRhJTIyJTNBJTVCJTVEJTJDJTIydGV4dCUyMiUzQSUyMkRpZ2l0YWwlMjBWb2x0YWdlJTIwUHJvdGVjdG9yJTIyJTdEJTVEJTdEJTVE\">Digital Voltage Protector <\/span>JGIV-63 series is a current limiting leakage type overvoltage and undervoltage protector, which includes overvoltage, undervoltage, short circuit, leakage, and comprehensive protectors. The product has the advantages of modularity, intelligence, and visualization.<\/p>\n<p>All protection parameters such as overvoltage, undervoltage, and leakage protection can be set according to the power demand, ensuring that the protector can instantly cut off the power supply in case of overvoltage, undervoltage, short circuit, leakage, and other faults in the circuit, protecting the electrical equipment from damage.<\/p>","protected":false},"featured_media":8711,"template":"","meta":{"_acf_changed":false,"site-sidebar-layout":"default","site-content-layout":"","ast-site-content-layout":"default","site-content-style":"default","site-sidebar-style":"default","ast-global-header-display":"","ast-banner-title-visibility":"","ast-main-header-display":"","ast-hfb-above-header-display":"","ast-hfb-below-header-display":"","ast-hfb-mobile-header-display":"","site-post-title":"","ast-breadcrumbs-content":"","ast-featured-img":"","footer-sml-layout":"","theme-transparent-header-meta":"default","adv-header-id-meta":"","stick-header-meta":"default","header-above-stick-meta":"","header-main-stick-meta":"","header-below-stick-meta":"","astra-migrate-meta-layouts":"set","ast-page-background-enabled":"default","ast-page-background-meta":{"desktop":{"background-color":"","background-image":"","background-repeat":"repeat","background-position":"center center","background-size":"auto","background-attachment":"scroll","background-type":"","background-media":"","overlay-type":"","overlay-color":"","overlay-opacity":"","overlay-gradient":""},"tablet":{"background-color":"","background-image":"","background-repeat":"repeat","background-position":"center center","background-size":"auto","background-attachment":"scroll","background-type":"","background-media":"","overlay-type":"","overlay-color":"","overlay-opacity":"","overlay-gradient":""},"mobile":{"background-color":"","background-image":"","background-repeat":"repeat","background-position":"center center","background-size":"auto","background-attachment":"scroll","background-type":"","background-media":"","overlay-type":"","overlay-color":"","overlay-opacity":"","overlay-gradient":""}},"ast-content-background-meta":{"desktop":{"background-color":"var(--ast-global-color-5)","background-image":"","background-repeat":"repeat","background-position":"center center","background-size":"auto","background-attachment":"scroll","background-type":"","background-media":"","overlay-type":"","overlay-color":"","overlay-opacity":"","overlay-gradient":""},"tablet":{"background-color":"var(--ast-global-color-5)","background-image":"","background-repeat":"repeat","background-position":"center center","background-size":"auto","background-attachment":"scroll","background-type":"","background-media":"","overlay-type":"","overlay-color":"","overlay-opacity":"","overlay-gradient":""},"mobile":{"background-color":"var(--ast-global-color-5)","background-image":"","background-repeat":"repeat","background-position":"center center","background-size":"auto","background-attachment":"scroll","background-type":"","background-media":"","overlay-type":"","overlay-color":"","overlay-opacity":"","overlay-gradient":""}},"_seo_title":"Adjustable Over Under Voltage Protector","_seo_keywords":"Adjustable Over Under Voltage Protector, Digital Voltage Protector, voltage protector, voltage protector for home, voltage protector price in pakistan, voltage protector setting, voltage protector for fridge","_seo_description":"Adjustable Over Under Voltage Protector\u00a0 Digital Voltage Protector JGIV-63 series is a current limiting leakage type overvoltage and undervoltage protector,"},"product_brand":[],"product_cat":[15,65,69,64,57],"product_tag":[91,137,92,93],"class_list":{"0":"post-4425","1":"product","2":"type-product","3":"status-publish","4":"has-post-thumbnail","6":"product_cat-product","7":"product_cat-current-and-voltage-protector","8":"product_cat-voltmeter-ammeter","9":"product_cat-smart-meter","10":"product_cat-smart-protector","11":"product_tag-adjustable-over-under-voltage-protector","12":"product_tag-digital-display-adjustable-current-and-voltage-protector","13":"product_tag-digital-voltage-protector","14":"product_tag-voltage-protector","15":"desktop-align-center","16":"tablet-align-left","17":"mobile-align-left","18":"ast-product-gallery-layout-horizontal-slider","20":"first","21":"instock","22":"sale","23":"featured","24":"shipping-taxable","25":"purchasable","26":"product-type-simple"},"acf":[],"seo_title":"Adjustable Over Under Voltage Protector","seo_keywords":"Adjustable Over Under Voltage Protector, Digital Voltage Protector, voltage protector, voltage protector for home, voltage protector price in pakistan, voltage protector setting, voltage protector for fridge","seo_description":"Adjustable Over Under Voltage Protector\u00a0 Digital Voltage Protector JGIV-63 series is a current limiting leakage type overvoltage and undervoltage protector,","seo_score":"85","product_seo_keywords":"","_links":{"self":[{"href":"https:\/\/bright-china.com\/tr\/wp-json\/wp\/v2\/product\/4425","targetHints":{"allow":["GET"]}}],"collection":[{"href":"https:\/\/bright-china.com\/tr\/wp-json\/wp\/v2\/product"}],"about":[{"href":"https:\/\/bright-china.com\/tr\/wp-json\/wp\/v2\/types\/product"}],"wp:featuredmedia":[{"embeddable":true,"href":"https:\/\/bright-china.com\/tr\/wp-json\/wp\/v2\/media\/8711"}],"wp:attachment":[{"href":"https:\/\/bright-china.com\/tr\/wp-json\/wp\/v2\/media?parent=4425"}],"wp:term":[{"taxonomy":"product_brand","embeddable":true,"href":"https:\/\/bright-china.com\/tr\/wp-json\/wp\/v2\/product_brand?post=4425"},{"taxonomy":"product_cat","embeddable":true,"href":"https:\/\/bright-china.com\/tr\/wp-json\/wp\/v2\/product_cat?post=4425"},{"taxonomy":"product_tag","embeddable":true,"href":"https:\/\/bright-china.com\/tr\/wp-json\/wp\/v2\/product_tag?post=4425"}],"curies":[{"name":"wp","href":"https:\/\/api.w.org\/{rel}","templated":true}]}}