{"id":4426,"date":"2025-04-27T02:23:54","date_gmt":"2025-04-27T02:23:54","guid":{"rendered":"https:\/\/bright-china.com\/?post_type=product&#038;p=4426"},"modified":"2026-01-04T01:32:55","modified_gmt":"2026-01-04T08:32:55","slug":"ats-jgq3-100s","status":"publish","type":"product","link":"https:\/\/bright-china.com\/tr\/product\/ats-jgq3-100s\/","title":{"rendered":"Otomatik Transfer Anahtar\u0131\uff08ATS\uff09 JGQ3-100S"},"content":{"rendered":"<h2><strong>G\u0130R\u0130\u015e<\/strong><\/h2>\n<hr \/>\n<p><img fetchpriority=\"high\" decoding=\"async\" class=\"wp-image-8736 size-medium alignleft\" src=\"https:\/\/bright-china.com\/wp-content\/uploads\/2025\/04\/Automatic-Transfer-Switch-JGQ3-100-0-300x300.webp\" alt=\"Automatic Transfer Switch-JGQ3-100\" width=\"300\" height=\"300\" srcset=\"https:\/\/bright-china.com\/wp-content\/uploads\/2025\/04\/Automatic-Transfer-Switch-JGQ3-100-0-300x300.webp 300w, https:\/\/bright-china.com\/wp-content\/uploads\/2025\/04\/Automatic-Transfer-Switch-JGQ3-100-0-150x150.webp 150w, https:\/\/bright-china.com\/wp-content\/uploads\/2025\/04\/Automatic-Transfer-Switch-JGQ3-100-0-768x768.webp 768w, https:\/\/bright-china.com\/wp-content\/uploads\/2025\/04\/Automatic-Transfer-Switch-JGQ3-100-0-12x12.webp 12w, https:\/\/bright-china.com\/wp-content\/uploads\/2025\/04\/Automatic-Transfer-Switch-JGQ3-100-0-600x600.webp 600w, https:\/\/bright-china.com\/wp-content\/uploads\/2025\/04\/Automatic-Transfer-Switch-JGQ3-100-0-100x100.webp 100w, https:\/\/bright-china.com\/wp-content\/uploads\/2025\/04\/Automatic-Transfer-Switch-JGQ3-100-0.webp 800w\" sizes=\"(max-width: 300px) 100vw, 300px\" \/><\/p>\n<p><a href=\"https:\/\/bright-china.com\/dc-circuit-breakers-2\/\">Automatic Transfer Switch ATS JGQ3-100S<\/a>\u00a0 (ATSE), is a set of switch and logic control in one, without the need for external controller, truly realize the mechanical and electrical integration of automatic transfer switch, it is suitable for AC 50Hz, rated voltage to 440V, the agreed heating current of 100A in the industrial and enterprise power distribution equipment, with voltage detection, frequency detection, communication interface, electrical and mechanical interlock and other functions, can achieve fully automatic, remote control, forced &#8220;0&#8221;, emergency manual operation,<\/p>\n<p>It is widely used in the automatic conversion of the main current and the standby power supply system or the automatic conversion and safety isolation of two load equipment.<\/p>\n<p>The switch is managed by the control circuit board issued by various logic commands, and the motor drives the operating mechanism of the main part of the switch, quickly connects the breaking circuit or converts the electrical appliance, and realizes safety isolation through the obvious visible state.<\/p>\n<h2>\u00a0Structural description<\/h2>\n<hr \/>\n<p>1. Elektrik d\u00fc\u011fmesi: kontrol anahtar\u0131n\u0131n dahili kontrol hatt\u0131 g\u00fc\u00e7 kayna\u011f\u0131n\u0131 kontrol eder ve elektrik d\u00fc\u011fmesi otomatik oldu\u011funda, anahtar tam otomatik ve \u00e7al\u0131\u015f\u0131r durumda olabilir<\/p>\n<p>\u201c0\u201d i\u015flemini kontrol edin ve zorlay\u0131n, elektrik d\u00fc\u011fmesi manuel oldu\u011funda, anahtar yaln\u0131zca manuel olarak \u00e7al\u0131\u015ft\u0131r\u0131labilir.<\/p>\n<p>2. Kolu \u00e7al\u0131\u015ft\u0131r\u0131n: Manuel olarak \u00e7al\u0131\u015ft\u0131rmak i\u00e7in \u00e7al\u0131\u015ft\u0131rma kolunu kullan\u0131rken, elektrikli d\u00fc\u011fme manuel durumda olmal\u0131d\u0131r.<\/p>\n<p>3. Mekanizma asma kilidi: bak\u0131m i\u00e7in \u00f6zeldir, yani anahtar\u0131 \u201c0\u201d konumuna getirmek i\u00e7in \u00f6nce \u00e7al\u0131\u015ft\u0131rma kolunu kullan\u0131n ve ard\u0131ndan asma kilit mekanizmas\u0131n\u0131 ba\u011flay\u0131n<\/p>\n<p>asma kilit, elden ge\u00e7irilebilir (anahtar\u0131n dahili kontrol g\u00fcc\u00fcn\u00fc kesmek i\u00e7in asma kilidi kald\u0131r\u0131n, anahtar otomatik olamaz ve elle ger\u00e7ekle\u015ftirilemez).<\/p>\n<p>hareket ediyor).<\/p>\n<p>4. G\u00f6sterge: anahtar\u0131n \u00e7al\u0131\u015fma durumu konumunu g\u00f6sterir (I, O, II)<\/p>\n<h2><span data-slate-fragment=\"JTVCJTdCJTIydHlwZSUyMiUzQSUyMnBhcmFncmFwaCUyMiUyQyUyMmNoaWxkcmVuJTIyJTNBJTVCJTdCJTIyaWQlMjIlM0ElMjJlanI0b3hNalhlJTIyJTJDJTIycGFyYUlkeCUyMiUzQTAlMkMlMjJzcmMlMjIlM0ElMjJEdWFsJTIwcG93ZXIlMjBhdXRvbWF0aWMlMjB0cmFuc2ZlciUyMHN3aXRjaCUyMGlzJTIwdGVjaG5pY2FsJTIyJTJDJTIyZHN0JTIyJTNBJTIyJUU1JThGJThDJUU3JTk0JUI1JUU2JUJBJTkwJUU4JTg3JUFBJUU1JThBJUE4JUU4JUJEJUFDJUU2JThEJUEyJUU1JUJDJTgwJUU1JTg1JUIzJUU2JThBJTgwJUU2JTlDJUFGJTIyJTJDJTIybWV0YWRhdGElMjIlM0ElMjIlMjIlMkMlMjJtYXRjaGVzJTIyJTNBbnVsbCUyQyUyMm1ldGFEYXRhJTIyJTNBJTVCJTVEJTJDJTIydGV4dCUyMiUzQSUyMkR1YWwlMjBwb3dlciUyMGF1dG9tYXRpYyUyMHRyYW5zZmVyJTIwc3dpdGNoJTIwaXMlMjB0ZWNobmljYWwlMjIlN0QlNUQlN0QlNUQ=\">automatic transfer <a href=\"https:\/\/elejg.com\/\">anahtar<\/a> <a href=\"https:\/\/bright-china.com\/en\/ats\/\" title=\"\u67e5\u770b\u66f4\u591a\u5173\u4e8eATS\u7684\u4fe1\u606f\" class=\"seo-keyword-link\" style=\"font-weight: bold; color: inherit; text-decoration: underline; border-bottom: 1px dotted #667eea;\">ATS<\/a> is technical<\/span><\/h2>\n<hr \/>\n<p>1. Anahtar a\u015fa\u011f\u0131dakilere uygundur: IEC947-6-1, GB14048.11<\/p>\n<p>2. Nominal \u00e7al\u0131\u015fma gerilimi (Ue): AC415V<\/p>\n<p>3. Nominal A\u00e7ma Kapasitesi (A Rms): 10Ie<\/p>\n<p>4. Nominal kesme kapasitesi (A rms): 8Ie<\/p>\n<p>5. Nominal \u0131s\u0131tma ak\u0131m\u0131: 100A<\/p>\n<p>6. Nominal yal\u0131t\u0131m gerilimi: 750V<\/p>\n<p>7. Nominal darbe dayan\u0131m gerilimi: 8kV<\/p>\n<p>8. Nominal \u00e7al\u0131\u015fma ak\u0131m\u0131: 100A<\/p>\n<p>9. Nominal k\u0131sa devre ak\u0131m\u0131: 7kA<\/p>\n<p>10. Nominal s\u0131n\u0131rlama ak\u0131m\u0131: 100kA<\/p>\n<p>11. Conversion time: 10S<\/p>\n<h2><span data-slate-fragment=\"JTVCJTdCJTIydHlwZSUyMiUzQSUyMnBhcmFncmFwaCUyMiUyQyUyMmNoaWxkcmVuJTIyJTNBJTVCJTdCJTIyaWQlMjIlM0ElMjJ6Zzk0MWcwd3JlJTIyJTJDJTIycGFyYUlkeCUyMiUzQTAlMkMlMjJzcmMlMjIlM0ElMjJEdWFsJTIwcG93ZXIlMjBhdXRvbWF0aWMlMjB0cmFuc2ZlciUyMHN3aXRjaCUyMGlzJTIwdXNlJTIyJTJDJTIyZHN0JTIyJTNBJTIyJUU0JUJEJUJGJUU3JTk0JUE4JUU1JThGJThDJUU3JTk0JUI1JUU2JUJBJTkwJUU4JTg3JUFBJUU1JThBJUE4JUU4JUJEJUFDJUU2JThEJUEyJUU1JUJDJTgwJUU1JTg1JUIzJTIyJTJDJTIybWV0YWRhdGElMjIlM0ElMjIlMjIlMkMlMjJtYXRjaGVzJTIyJTNBbnVsbCUyQyUyMm1ldGFEYXRhJTIyJTNBJTVCJTVEJTJDJTIydGV4dCUyMiUzQSUyMkR1YWwlMjBwb3dlciUyMGF1dG9tYXRpYyUyMHRyYW5zZmVyJTIwc3dpdGNoJTIwaXMlMjB1c2UlMjIlN0QlNUQlN0QlNUQ=\">\u00a0automatic transfer switch ATS is use<\/span><\/h2>\n<hr \/>\n<p>1. Tam otomatik fonksiyon: yayg\u0131n olarak kullan\u0131lan g\u00fc\u00e7 kayna\u011f\u0131 kapat\u0131ld\u0131\u011f\u0131nda, anahtar otomatik olarak bekleme g\u00fc\u00e7 kayna\u011f\u0131na ge\u00e7ecektir; Bekleme g\u00fcc\u00fc normale d\u00f6nd\u00fc\u011f\u00fcnde,<\/p>\n<p>Anahtar otomatik olarak yedek g\u00fcce d\u00f6ner.<\/p>\n<p>2. Zorlanm\u0131\u015f \u201c0\u201d i\u015flevi: Zorlamal\u0131 \u201c0\u201d d\u00fc\u011fmesini ba\u015flat\u0131n ve anahtar \u00e7ift g\u00fc\u00e7 kayna\u011f\u0131n\u0131 kesecektir.<\/p>\n<p>3. Uzaktan kumanda i\u015flevi: yani uzaktan kumanda, \u201cI\u201d d\u00fc\u011fmesine bas\u0131n; daha sonra g\u00fc\u00e7 kayna\u011f\u0131 yayg\u0131n olarak kullan\u0131l\u0131r; \u201cII\u201d konumuna bas\u0131n<\/p>\n<p>d\u00fc\u011fmesine bas\u0131n, ard\u0131ndan bekleme g\u00fc\u00e7 kayna\u011f\u0131 \u00e7al\u0131\u015f\u0131r; \u00c7ift g\u00fc\u00e7 kayna\u011f\u0131n\u0131 kesmek i\u00e7in \u201c0\u201d d\u00fc\u011fmesine bas\u0131n.<\/p>\n<p>4. L\u00fctfen ihtiya\u00e7lar\u0131n\u0131za g\u00f6re anahtar i\u015flevini se\u00e7in ve ilgili i\u015fleve g\u00f6re kablolay\u0131n.<\/p>\n<p>5. Sipari\u015f verirken l\u00fctfen anahtar modelini, mevcut \u00f6zellikleri ve gerekli i\u015flevi belirtin.<\/p>","protected":false},"excerpt":{"rendered":"<p>Automatic Transfer Switch JGQ3-100S (<a href=\"https:\/\/bright-china.com\/en\/ats\/\" title=\"\u67e5\u770b\u66f4\u591a\u5173\u4e8eATS\u7684\u4fe1\u606f\" class=\"seo-keyword-link\" style=\"font-weight: bold; color: inherit; text-decoration: underline; border-bottom: 1px dotted #667eea;\">ATS<\/a>), is a set of switch and logic control in one, without the need for external controller, truly realize the mechanical and electrical integration of automatic transfer switch, it is suitable for AC 50Hz, rated voltage to 440V, the agreed heating current of 100A in the industrial and enterprise power distribution equipment,<\/p>","protected":false},"featured_media":8736,"template":"","meta":{"_acf_changed":false,"site-sidebar-layout":"default","site-content-layout":"","ast-site-content-layout":"default","site-content-style":"default","site-sidebar-style":"default","ast-global-header-display":"","ast-banner-title-visibility":"","ast-main-header-display":"","ast-hfb-above-header-display":"","ast-hfb-below-header-display":"","ast-hfb-mobile-header-display":"","site-post-title":"","ast-breadcrumbs-content":"","ast-featured-img":"","footer-sml-layout":"","theme-transparent-header-meta":"default","adv-header-id-meta":"","stick-header-meta":"default","header-above-stick-meta":"","header-main-stick-meta":"","header-below-stick-meta":"","astra-migrate-meta-layouts":"set","ast-page-background-enabled":"default","ast-page-background-meta":{"desktop":{"background-color":"","background-image":"","background-repeat":"repeat","background-position":"center center","background-size":"auto","background-attachment":"scroll","background-type":"","background-media":"","overlay-type":"","overlay-color":"","overlay-opacity":"","overlay-gradient":""},"tablet":{"background-color":"","background-image":"","background-repeat":"repeat","background-position":"center center","background-size":"auto","background-attachment":"scroll","background-type":"","background-media":"","overlay-type":"","overlay-color":"","overlay-opacity":"","overlay-gradient":""},"mobile":{"background-color":"","background-image":"","background-repeat":"repeat","background-position":"center center","background-size":"auto","background-attachment":"scroll","background-type":"","background-media":"","overlay-type":"","overlay-color":"","overlay-opacity":"","overlay-gradient":""}},"ast-content-background-meta":{"desktop":{"background-color":"var(--ast-global-color-5)","background-image":"","background-repeat":"repeat","background-position":"center center","background-size":"auto","background-attachment":"scroll","background-type":"","background-media":"","overlay-type":"","overlay-color":"","overlay-opacity":"","overlay-gradient":""},"tablet":{"background-color":"var(--ast-global-color-5)","background-image":"","background-repeat":"repeat","background-position":"center center","background-size":"auto","background-attachment":"scroll","background-type":"","background-media":"","overlay-type":"","overlay-color":"","overlay-opacity":"","overlay-gradient":""},"mobile":{"background-color":"var(--ast-global-color-5)","background-image":"","background-repeat":"repeat","background-position":"center center","background-size":"auto","background-attachment":"scroll","background-type":"","background-media":"","overlay-type":"","overlay-color":"","overlay-opacity":"","overlay-gradient":""}},"_seo_title":"Automatic Transfer Switch\uff08ATS\uff09","_seo_keywords":"Automatic Transfer Switch(ATS), Automatic Transfer Switch in china, ATS","_seo_description":"Automatic Transfer Switch JGQ3-100S (ATS), is a set of switch and logic control in one, without the need for external controller,"},"product_brand":[],"product_cat":[100],"product_tag":[101,102],"class_list":{"0":"post-4426","1":"product","2":"type-product","3":"status-publish","4":"has-post-thumbnail","6":"product_cat-ats","7":"product_tag-ats","8":"product_tag-automatic-transfer-switch","9":"desktop-align-center","10":"tablet-align-left","11":"mobile-align-left","12":"ast-product-gallery-layout-horizontal-slider","14":"first","15":"instock","16":"sale","17":"featured","18":"downloadable","19":"shipping-taxable","20":"purchasable","21":"product-type-simple"},"acf":[],"seo_title":"Automatic Transfer Switch\uff08ATS\uff09","seo_keywords":"Automatic Transfer Switch(ATS), Automatic Transfer Switch in china, ATS","seo_description":"Automatic Transfer Switch JGQ3-100S (ATS), is a set of switch and logic control in one, without the need for external controller,","seo_score":"85","product_seo_keywords":"","_links":{"self":[{"href":"https:\/\/bright-china.com\/tr\/wp-json\/wp\/v2\/product\/4426","targetHints":{"allow":["GET"]}}],"collection":[{"href":"https:\/\/bright-china.com\/tr\/wp-json\/wp\/v2\/product"}],"about":[{"href":"https:\/\/bright-china.com\/tr\/wp-json\/wp\/v2\/types\/product"}],"wp:featuredmedia":[{"embeddable":true,"href":"https:\/\/bright-china.com\/tr\/wp-json\/wp\/v2\/media\/8736"}],"wp:attachment":[{"href":"https:\/\/bright-china.com\/tr\/wp-json\/wp\/v2\/media?parent=4426"}],"wp:term":[{"taxonomy":"product_brand","embeddable":true,"href":"https:\/\/bright-china.com\/tr\/wp-json\/wp\/v2\/product_brand?post=4426"},{"taxonomy":"product_cat","embeddable":true,"href":"https:\/\/bright-china.com\/tr\/wp-json\/wp\/v2\/product_cat?post=4426"},{"taxonomy":"product_tag","embeddable":true,"href":"https:\/\/bright-china.com\/tr\/wp-json\/wp\/v2\/product_tag?post=4426"}],"curies":[{"name":"wp","href":"https:\/\/api.w.org\/{rel}","templated":true}]}}