{"id":4427,"date":"2025-04-27T02:23:54","date_gmt":"2025-04-27T02:23:54","guid":{"rendered":"https:\/\/bright-china.com\/?post_type=product&#038;p=4427"},"modified":"2026-01-05T00:53:20","modified_gmt":"2026-01-05T07:53:20","slug":"ats-jgq3-100","status":"publish","type":"product","link":"https:\/\/bright-china.com\/tr\/product\/ats-jgq3-100\/","title":{"rendered":"Otomatik transfer anahtar\u0131\uff08ATS\uff09JGQ3-100"},"content":{"rendered":"<h2><strong>Giri\u015f<\/strong><\/h2>\n<hr \/>\n<p><img fetchpriority=\"high\" decoding=\"async\" class=\"wp-image-8744 size-medium alignleft\" src=\"https:\/\/bright-china.com\/wp-content\/uploads\/2025\/04\/Automatic-Transfer-Switch-JGQ3-100S-4-300x300.webp\" alt=\"Otomatik Transfer Anahtar\u0131-JGQ3-100S\" width=\"300\" height=\"300\" srcset=\"https:\/\/bright-china.com\/wp-content\/uploads\/2025\/04\/Automatic-Transfer-Switch-JGQ3-100S-4-300x300.webp 300w, https:\/\/bright-china.com\/wp-content\/uploads\/2025\/04\/Automatic-Transfer-Switch-JGQ3-100S-4-150x150.webp 150w, https:\/\/bright-china.com\/wp-content\/uploads\/2025\/04\/Automatic-Transfer-Switch-JGQ3-100S-4-768x768.webp 768w, https:\/\/bright-china.com\/wp-content\/uploads\/2025\/04\/Automatic-Transfer-Switch-JGQ3-100S-4-12x12.webp 12w, https:\/\/bright-china.com\/wp-content\/uploads\/2025\/04\/Automatic-Transfer-Switch-JGQ3-100S-4-600x600.webp 600w, https:\/\/bright-china.com\/wp-content\/uploads\/2025\/04\/Automatic-Transfer-Switch-JGQ3-100S-4-100x100.webp 100w, https:\/\/bright-china.com\/wp-content\/uploads\/2025\/04\/Automatic-Transfer-Switch-JGQ3-100S-4.webp 800w\" sizes=\"(max-width: 300px) 100vw, 300px\" \/><\/p>\n<p><a href=\"https:\/\/bright-china.com\/product\/ats-jgq3-100\/\">Aotomatik transfer anahtar\u0131-ATS<\/a> JGQ3-100 (<a href=\"https:\/\/bright-china.com\/en\/ats\/\" title=\"\u67e5\u770b\u66f4\u591a\u5173\u4e8eATS\u7684\u4fe1\u606f\" class=\"seo-keyword-link\" style=\"font-weight: bold; color: inherit; text-decoration: underline; border-bottom: 1px dotted #667eea;\">ATS<\/a>), harici bir kontrol\u00f6re ihtiya\u00e7 duymadan, otomatik transfer anahtar\u0131n\u0131n mekanik ve elektriksel entegrasyonunu ger\u00e7ekten ger\u00e7ekle\u015ftiren bir dizi anahtar ve mant\u0131k kontrol\u00fcd\u00fcr, AC 50Hz, 440V'a kadar nominal voltaj, end\u00fcstriyel ve kurumsal g\u00fc\u00e7 da\u011f\u0131t\u0131m ekipman\u0131nda 100A kabul edilen \u0131s\u0131tma ak\u0131m\u0131 i\u00e7in uygundur, voltaj alg\u0131lama ile, frekans alg\u0131lama, ileti\u015fim aray\u00fcz\u00fc, elektriksel ve mekanik kilitleme ve di\u011fer fonksiyonlar, tam otomatik, uzaktan kumanda, zorla \u201c0\u201d, acil manuel \u00e7al\u0131\u015fma sa\u011flayabilir, Ana ak\u0131m\u0131n ve yedek g\u00fc\u00e7 kayna\u011f\u0131 sisteminin otomatik d\u00f6n\u00fc\u015f\u00fcm\u00fcnde veya otomatik d\u00f6n\u00fc\u015f\u00fcmde yayg\u0131n olarak kullan\u0131l\u0131r ve iki y\u00fck ekipman\u0131n\u0131n g\u00fcvenlik izolasyonu.<\/p>\n<p>\u00c7ift g\u00fc\u00e7 otomatik transfer anahtar\u0131-ATS, \u00e7e\u015fitli mant\u0131k komutlar\u0131 taraf\u0131ndan verilen kontrol devre kart\u0131 taraf\u0131ndan y\u00f6netilir ve motor, ana par\u00e7an\u0131n \u00e7al\u0131\u015fma mekanizmas\u0131n\u0131 \u00e7al\u0131\u015ft\u0131r\u0131r. <a href=\"https:\/\/elejg.com\/\">anahtar<\/a>, kesme devresini h\u0131zl\u0131 bir \u015fekilde ba\u011flar veya elektrikli cihaz\u0131 d\u00f6n\u00fc\u015ft\u00fcr\u00fcr ve bariz g\u00f6r\u00fcn\u00fcr durum arac\u0131l\u0131\u011f\u0131yla g\u00fcvenlik izolasyonunu ger\u00e7ekle\u015ftirir.<\/p>\n<h2>Anahtar yap\u0131s\u0131n\u0131n a\u00e7\u0131klamas\u0131<\/h2>\n<hr \/>\n<p>1. Elektrik d\u00fc\u011fmesi: kontrol anahtar\u0131n\u0131n dahili kontrol hatt\u0131 g\u00fc\u00e7 kayna\u011f\u0131n\u0131 kontrol eder ve elektrik d\u00fc\u011fmesi otomatik oldu\u011funda, anahtar tam otomatik ve \u00e7al\u0131\u015f\u0131r durumda olabilir<br \/>\n\u201c0\u201d i\u015flemini kontrol edin ve zorlay\u0131n, elektrik d\u00fc\u011fmesi manuel oldu\u011funda, anahtar yaln\u0131zca manuel olarak \u00e7al\u0131\u015ft\u0131r\u0131labilir.<br \/>\n2. Kolu \u00e7al\u0131\u015ft\u0131r\u0131n: Manuel olarak \u00e7al\u0131\u015ft\u0131rmak i\u00e7in \u00e7al\u0131\u015ft\u0131rma kolunu kullan\u0131rken, elektrikli d\u00fc\u011fme manuel durumda olmal\u0131d\u0131r.<br \/>\n3. Mekanizma asma kilidi: bak\u0131m i\u00e7in \u00f6zeldir, yani anahtar\u0131 \u201c0\u201d konumuna getirmek i\u00e7in \u00f6nce \u00e7al\u0131\u015ft\u0131rma kolunu kullan\u0131n ve ard\u0131ndan asma kilit mekanizmas\u0131n\u0131 ba\u011flay\u0131n<br \/>\nasma kilit, elden ge\u00e7irilebilir (anahtar\u0131n dahili kontrol g\u00fcc\u00fcn\u00fc kesmek i\u00e7in asma kilidi kald\u0131r\u0131n, anahtar otomatik olamaz ve elle ger\u00e7ekle\u015ftirilemez).<br \/>\nhareket ediyor).<br \/>\n4. G\u00f6sterge: anahtar\u0131n \u00e7al\u0131\u015fma durumu konumunu g\u00f6sterir (I, O, II)<\/p>\n<h2>Ana teknik parametreler<\/h2>\n<hr \/>\n<p>1. Anahtar a\u015fa\u011f\u0131dakilere uygundur: IEC947-6-1, GB14048.11<br \/>\n2. Nominal \u00e7al\u0131\u015fma gerilimi (Ue): AC415V<br \/>\n3. Nominal A\u00e7ma Kapasitesi (A Rms): 10Ie<br \/>\n4. Nominal kesme kapasitesi (A rms): 8Ie<br \/>\n5. Nominal \u0131s\u0131tma ak\u0131m\u0131: 100A<br \/>\n6. Nominal yal\u0131t\u0131m gerilimi: 750V<br \/>\n7. Nominal darbe dayan\u0131m gerilimi: 8kV<br \/>\n8. Nominal \u00e7al\u0131\u015fma ak\u0131m\u0131: 100A<br \/>\n9. Nominal k\u0131sa devre ak\u0131m\u0131: 7kA<br \/>\n10. Nominal s\u0131n\u0131rlama ak\u0131m\u0131: 100kA<br \/>\n11. D\u00f6n\u00fc\u015f\u00fcm s\u00fcresi: 1S<\/p>\n<h2>Nas\u0131l kullan\u0131l\u0131r<\/h2>\n<hr \/>\n<p>1. Tam otomatik fonksiyon: yayg\u0131n olarak kullan\u0131lan g\u00fc\u00e7 kayna\u011f\u0131 kapat\u0131ld\u0131\u011f\u0131nda, anahtar otomatik olarak bekleme g\u00fc\u00e7 kayna\u011f\u0131na ge\u00e7ecektir; Bekleme g\u00fcc\u00fc normale d\u00f6nd\u00fc\u011f\u00fcnde,<br \/>\nAnahtar otomatik olarak yedek g\u00fcce d\u00f6ner.<br \/>\n2. Zorlanm\u0131\u015f \u201c0\u201d i\u015flevi: Zorlamal\u0131 \u201c0\u201d d\u00fc\u011fmesini ba\u015flat\u0131n ve anahtar \u00e7ift g\u00fc\u00e7 kayna\u011f\u0131n\u0131 kesecektir.<br \/>\n3. Uzaktan kumanda i\u015flevi: yani uzaktan kumanda, \u201cI\u201d d\u00fc\u011fmesine bas\u0131n; daha sonra g\u00fc\u00e7 kayna\u011f\u0131 yayg\u0131n olarak kullan\u0131l\u0131r; \u201cII\u201d konumuna bas\u0131n<br \/>\nd\u00fc\u011fmesine bas\u0131n, ard\u0131ndan bekleme g\u00fc\u00e7 kayna\u011f\u0131 \u00e7al\u0131\u015f\u0131r; \u00c7ift g\u00fc\u00e7 kayna\u011f\u0131n\u0131 kesmek i\u00e7in \u201c0\u201d d\u00fc\u011fmesine bas\u0131n.<br \/>\n4. L\u00fctfen ihtiya\u00e7lar\u0131n\u0131za g\u00f6re anahtar i\u015flevini se\u00e7in ve ilgili i\u015fleve g\u00f6re kablolay\u0131n.<br \/>\n5. Sipari\u015f verirken l\u00fctfen anahtar modelini, mevcut \u00f6zellikleri ve gerekli i\u015flevi belirtin.<\/p>","protected":false},"excerpt":{"rendered":"<p><a href=\"https:\/\/bright-china.com\/dc-circuit-breakers-2\/\">Otomatik transfer anahtar\u0131-ATS\u00a0<\/a> JGQ3-100\u00a0 (<a href=\"https:\/\/bright-china.com\/en\/ats\/\" title=\"\u67e5\u770b\u66f4\u591a\u5173\u4e8eATS\u7684\u4fe1\u606f\" class=\"seo-keyword-link\" style=\"font-weight: bold; color: inherit; text-decoration: underline; border-bottom: 1px dotted #667eea;\">ATS<\/a>), is a set of switch and logic control in one, without the need for an external controller, truly realize the mechanical and electrical integration of the automatic transfer switch, it is suitable for AC 50Hz, rated voltage to 440V, the agreed heating current of 100A in the industrial and enterprise power distribution equipment, with voltage detection,<\/p>","protected":false},"featured_media":8744,"template":"","meta":{"_acf_changed":false,"site-sidebar-layout":"default","site-content-layout":"","ast-site-content-layout":"default","site-content-style":"default","site-sidebar-style":"default","ast-global-header-display":"","ast-banner-title-visibility":"","ast-main-header-display":"","ast-hfb-above-header-display":"","ast-hfb-below-header-display":"","ast-hfb-mobile-header-display":"","site-post-title":"","ast-breadcrumbs-content":"","ast-featured-img":"","footer-sml-layout":"","theme-transparent-header-meta":"default","adv-header-id-meta":"","stick-header-meta":"default","header-above-stick-meta":"","header-main-stick-meta":"","header-below-stick-meta":"","astra-migrate-meta-layouts":"set","ast-page-background-enabled":"default","ast-page-background-meta":{"desktop":{"background-color":"","background-image":"","background-repeat":"repeat","background-position":"center center","background-size":"auto","background-attachment":"scroll","background-type":"","background-media":"","overlay-type":"","overlay-color":"","overlay-opacity":"","overlay-gradient":""},"tablet":{"background-color":"","background-image":"","background-repeat":"repeat","background-position":"center center","background-size":"auto","background-attachment":"scroll","background-type":"","background-media":"","overlay-type":"","overlay-color":"","overlay-opacity":"","overlay-gradient":""},"mobile":{"background-color":"","background-image":"","background-repeat":"repeat","background-position":"center center","background-size":"auto","background-attachment":"scroll","background-type":"","background-media":"","overlay-type":"","overlay-color":"","overlay-opacity":"","overlay-gradient":""}},"ast-content-background-meta":{"desktop":{"background-color":"var(--ast-global-color-5)","background-image":"","background-repeat":"repeat","background-position":"center center","background-size":"auto","background-attachment":"scroll","background-type":"","background-media":"","overlay-type":"","overlay-color":"","overlay-opacity":"","overlay-gradient":""},"tablet":{"background-color":"var(--ast-global-color-5)","background-image":"","background-repeat":"repeat","background-position":"center center","background-size":"auto","background-attachment":"scroll","background-type":"","background-media":"","overlay-type":"","overlay-color":"","overlay-opacity":"","overlay-gradient":""},"mobile":{"background-color":"var(--ast-global-color-5)","background-image":"","background-repeat":"repeat","background-position":"center center","background-size":"auto","background-attachment":"scroll","background-type":"","background-media":"","overlay-type":"","overlay-color":"","overlay-opacity":"","overlay-gradient":""}},"_seo_title":"Automatic transfer switch\uff08ATS\uff09JGQ3-100","_seo_keywords":"Automatic transfer switch-ATS\u00a0, Automatic transfer switching equipment, Automatic transfer switch of in china","_seo_description":"Automatic transfer switch-ATS\u00a0 JGQ3-100\u00a0 (ATS), is a set of switch and logic control in one, without the need for an external controller,"},"product_brand":[],"product_cat":[15,100],"product_tag":[101,102,103],"class_list":{"0":"post-4427","1":"product","2":"type-product","3":"status-publish","4":"has-post-thumbnail","6":"product_cat-product","7":"product_cat-ats","8":"product_tag-ats","9":"product_tag-automatic-transfer-switch","10":"product_tag-dual-power-automatic-transfer-switch","11":"desktop-align-center","12":"tablet-align-left","13":"mobile-align-left","14":"ast-product-gallery-layout-horizontal-slider","16":"first","17":"instock","18":"featured","19":"shipping-taxable","20":"purchasable","21":"product-type-simple"},"acf":[],"seo_title":"Automatic transfer switch\uff08ATS\uff09JGQ3-100","seo_keywords":"Automatic transfer switch-ATS\u00a0, Automatic transfer switching equipment, Automatic transfer switch of in china","seo_description":"Automatic transfer switch-ATS\u00a0 JGQ3-100\u00a0 (ATS), is a set of switch and logic control in one, without the need for an external controller,","seo_score":"85","product_seo_keywords":"","_links":{"self":[{"href":"https:\/\/bright-china.com\/tr\/wp-json\/wp\/v2\/product\/4427","targetHints":{"allow":["GET"]}}],"collection":[{"href":"https:\/\/bright-china.com\/tr\/wp-json\/wp\/v2\/product"}],"about":[{"href":"https:\/\/bright-china.com\/tr\/wp-json\/wp\/v2\/types\/product"}],"wp:featuredmedia":[{"embeddable":true,"href":"https:\/\/bright-china.com\/tr\/wp-json\/wp\/v2\/media\/8744"}],"wp:attachment":[{"href":"https:\/\/bright-china.com\/tr\/wp-json\/wp\/v2\/media?parent=4427"}],"wp:term":[{"taxonomy":"product_brand","embeddable":true,"href":"https:\/\/bright-china.com\/tr\/wp-json\/wp\/v2\/product_brand?post=4427"},{"taxonomy":"product_cat","embeddable":true,"href":"https:\/\/bright-china.com\/tr\/wp-json\/wp\/v2\/product_cat?post=4427"},{"taxonomy":"product_tag","embeddable":true,"href":"https:\/\/bright-china.com\/tr\/wp-json\/wp\/v2\/product_tag?post=4427"}],"curies":[{"name":"wp","href":"https:\/\/api.w.org\/{rel}","templated":true}]}}