{"id":4428,"date":"2025-04-27T02:23:54","date_gmt":"2025-04-27T02:23:54","guid":{"rendered":"https:\/\/bright-china.com\/?post_type=product&#038;p=4428"},"modified":"2026-01-01T17:34:45","modified_gmt":"2026-01-02T00:34:45","slug":"ats-jgq1-63","status":"publish","type":"product","link":"https:\/\/bright-china.com\/tr\/product\/ats-jgq1-63\/","title":{"rendered":"\u00c7ift G\u00fc\u00e7l\u00fc Otomatik Transfer Anahtar\u0131 JGQ1-63"},"content":{"rendered":"<h2><strong>G\u0130R\u0130\u015e<\/strong><\/h2>\n<hr \/>\n<p><img fetchpriority=\"high\" decoding=\"async\" class=\"alignleft wp-image-8747 size-medium\" src=\"https:\/\/bright-china.com\/wp-content\/uploads\/2025\/04\/Automatic-Transfer-Switch-JGQ1-63-2-300x300.webp\" alt=\"Otomatik Transfer Anahtar\u0131-JGQ1-63\" width=\"300\" height=\"300\" srcset=\"https:\/\/bright-china.com\/wp-content\/uploads\/2025\/04\/Automatic-Transfer-Switch-JGQ1-63-2-300x300.webp 300w, https:\/\/bright-china.com\/wp-content\/uploads\/2025\/04\/Automatic-Transfer-Switch-JGQ1-63-2-150x150.webp 150w, https:\/\/bright-china.com\/wp-content\/uploads\/2025\/04\/Automatic-Transfer-Switch-JGQ1-63-2-768x768.webp 768w, https:\/\/bright-china.com\/wp-content\/uploads\/2025\/04\/Automatic-Transfer-Switch-JGQ1-63-2-12x12.webp 12w, https:\/\/bright-china.com\/wp-content\/uploads\/2025\/04\/Automatic-Transfer-Switch-JGQ1-63-2-600x600.webp 600w, https:\/\/bright-china.com\/wp-content\/uploads\/2025\/04\/Automatic-Transfer-Switch-JGQ1-63-2-100x100.webp 100w, https:\/\/bright-china.com\/wp-content\/uploads\/2025\/04\/Automatic-Transfer-Switch-JGQ1-63-2.webp 800w\" sizes=\"(max-width: 300px) 100vw, 300px\" \/><\/p>\n<p>JGQ1 serisi <a href=\"https:\/\/bright-china.com\/dc-circuit-breakers-2\/\">\u00c7ift G\u00fc\u00e7l\u00fc Otomatik Transfer Anahtar\u0131<\/a> (bundan sonra transfer anahtar\u0131 olarak an\u0131lacakt\u0131r) AC 50Hz veya 60Hz, nominal \u00e7al\u0131\u015fma voltaj\u0131 400V, \u00e7ift devreli g\u00fc\u00e7 kayna\u011f\u0131 sisteminin alt\u0131nda i\u00e7in uygundur. \u0130ki g\u00fc\u00e7 kayna\u011f\u0131 aras\u0131nda gerekti\u011finde se\u00e7ici d\u00f6n\u00fc\u015f\u00fcm yap\u0131labilir. \u00dcr\u00fcn k\u0131sa devre, a\u015f\u0131r\u0131 y\u00fck, d\u00fc\u015f\u00fck voltaj ve voltaj kayb\u0131 fonksiyonlar\u0131na sahiptir ve ayr\u0131ca yang\u0131n fonksiyonlar\u0131na sahiptir. <a href=\"https:\/\/elejg.com\/\">koruma<\/a>, \u00e7ift b\u00f6lme ve \u00e7\u0131k\u0131\u015f kapan\u0131\u015f sinyali.<br \/>\n\u00d6zellikle yang\u0131ndan korunma gereksinimi olan ofis binalar\u0131, al\u0131\u015fveri\u015f merkezleri, bankalar, istasyonlar, hastaneler ve y\u00fcksek katl\u0131 binalarda ayd\u0131nlatma hatlar\u0131n\u0131n kurulumu ve kullan\u0131m\u0131 i\u00e7in uygundur.<br \/>\n\u00dcr\u00fcn GB\/T14048, 11 standartlar\u0131na uygundur.<\/p>\n<h2>Normal \u00e7al\u0131\u015fma ko\u015fullar\u0131<\/h2>\n<hr \/>\n<p>3.1 Ortam havas\u0131 s\u0131cakl\u0131\u011f\u0131n\u0131n \u00fcst s\u0131n\u0131r\u0131 +40\u00b0C'yi ve alt s\u0131n\u0131r\u0131 \u00b0C'yi a\u015fmamal\u0131d\u0131r.<\/p>\n<p>24 saatlik ortalama de\u011fer +35\u00b0C'yi a\u015fmaz.<\/p>\n<p>3.2 Kurulum sahas\u0131n\u0131n y\u00fcksekli\u011fi 2000 m'yi a\u015fmamal\u0131d\u0131r.<\/p>\n<p>3.3 Ortam hava s\u0131cakl\u0131\u011f\u0131 +40\u00b0C'de atmosferin ba\u011f\u0131l nemi 50%'yi a\u015fmaz ve daha d\u00fc\u015f\u00fck s\u0131cakl\u0131klarda daha y\u00fcksek nem olabilir; En ya\u011f\u0131\u015fl\u0131 ay\u0131n ortalama ayl\u0131k minimum s\u0131cakl\u0131\u011f\u0131 +25\u00b0C oldu\u011funda, fakt\u00f6rler dikkate al\u0131narak ortalama maksimum ba\u011f\u0131l nem 90%'dir<\/p>\n<p>\u00dcr\u00fcn y\u00fczeyinde yo\u011fu\u015fma i\u00e7in nem de\u011fi\u015fiklikleri meydana gelir, \u00f6zel \u00f6nlemler al\u0131nmal\u0131d\u0131r.<\/p>\n<p>3.4 Kirlilik seviyesi S\u0131n\u0131f III't\u00fcr.<\/p>\n<p>3.5 \u00c7al\u0131\u015fma sahas\u0131nda g\u00fc\u00e7l\u00fc titre\u015fim ve darbe yoktur, korozyon ve yal\u0131t\u0131m zararl\u0131 gazlar\u0131na zarar vermez, ciddi toz yoktur, iletken par\u00e7ac\u0131klar ve patlay\u0131c\u0131 tehlikeli maddeler yoktur,<\/p>\n<p>G\u00fc\u00e7l\u00fc elektromanyetik parazit yok\u3002<\/p>\n<h2>\u00c7ift G\u00fc\u00e7l\u00fc Otomatik Transfer Anahtar\u0131 \u00f6zellikleri<\/h2>\n<hr \/>\n<p>4.1 Yap\u0131n\u0131n \u00c7ift G\u00fc\u00e7l\u00fc Otomatik Transfer Anahtar\u0131 makul, boyutu minimum, g\u00f6r\u00fcn\u00fcm\u00fc g\u00fczel, koruyucu bir kapakla donat\u0131lm\u0131\u015f ve g\u00fc\u00e7 kayna\u011f\u0131 daha g\u00fcvenli ve g\u00fcvenilir.<\/p>\n<p>4.2 Geni\u015fleme fonksiyonu, k\u0131sa devre, a\u015f\u0131r\u0131 y\u00fck, faz kayb\u0131, d\u00fc\u015f\u00fck gerilim ve di\u011fer koruma ile tamamlanm\u0131\u015ft\u0131r.<\/p>\n<p>4.3 EPS yang\u0131n g\u00fcc\u00fc aray\u00fcz\u00fc ile DC12 ~ 24V g\u00fcvenilir ve uzun mesafeli \u00e7ift b\u00f6lmeli olabilir.<\/p>\n<p>4.4 G\u00fcr\u00fclt\u00fcs\u00fcz \u00e7al\u0131\u015fma, enerji tasarrufu ve t\u00fcketim azaltma, kolay kurulum, basit kullan\u0131m, g\u00fcvenilir ve istikrarl\u0131 performans.<\/p>\n<h2>\u00c7ift G\u00fc\u00e7l\u00fc Otomatik Transfer Anahtar\u0131 performans\u0131<\/h2>\n<hr \/>\n<p>5.1 Transfer anahtar\u0131, iki minyat\u00fcr devre kesici ve motorlar ile mekanik d\u00f6nd\u00fcrme cihazlar\u0131n\u0131n bir araya getirilmesinden olu\u015fur ve devre anormal oldu\u011funda kontrol\u00f6r arac\u0131l\u0131\u011f\u0131yla iki g\u00fc\u00e7 kayna\u011f\u0131n\u0131 alg\u0131lar, kontrol\u00f6r, kontrol\u00f6r talimatlar\u0131na g\u00f6re alg\u0131lama sonu\u00e7lar\u0131 hakk\u0131nda mant\u0131ksal bir karar verir<\/p>\n<p>Y\u00fcke g\u00fcvenli ve g\u00fcvenilir g\u00fc\u00e7 beslemesi sa\u011flamak i\u00e7in \u00e7al\u0131\u015ft\u0131rma mekanizmas\u0131n\u0131 a\u00e7maya veya kapatmaya y\u00f6nlendirin.<\/p>\n<p>5.2 Anahtarlama ve ba\u011flant\u0131 kesme \u00f6zellikleri<\/p>\n<p>5.3 Nominal k\u0131sa devre kesme kapasitesi: 3kA<\/p>\n<p>5.4 Nominal k\u0131sa devre a\u00e7ma kapasitesi: 3kA<\/p>\n<p>5.5 D\u00f6n\u00fc\u015ft\u00fcrme s\u00fcresi: \u22643s<\/p>\n<p>5.6 Transfer anahtar\u0131n\u0131n kontrol gerilimi AC230V'dir<\/p>\n<p>5.7 Transfer anahtar\u0131n\u0131n mekanik \u00f6mr\u00fc (ortak ve bekleme d\u00f6n\u00fc\u015f\u00fcm\u00fc) 3000 defad\u0131r,<\/p>\n<p>Elektrik \u00f6mr\u00fc 1500 katt\u0131r<\/p>\n<p>5.8 Nominal yal\u0131t\u0131m gerilimi: U=500V<\/p>\n<p>5.9 Nominal \u00e7al\u0131\u015fma ak\u0131m\u0131: 10A, 16A, 20A, 25A, 32A, 40A, 63A.<\/p>\n<p>5.10 Genel olarak, transfer anahtar\u0131 kendi kendine atma ve kendi kendine kurtarma i\u015flevine ve ortak g\u00fc\u00e7 kayna\u011f\u0131n\u0131n \u00f6nceli\u011fi ilkesine sahiptir. E\u011fer \u00f6zel bir durum i\u00e7in kendi kendine devreye giren ve tekrar devreye girmeyen bir transfer anahtar\u0131 gerekiyorsa, kullan\u0131c\u0131 \u00f6zelle\u015ftirmek i\u00e7in \u00fcretici ile g\u00f6r\u00fc\u015f\u00fcr.<\/p>\n<h2>\u00c7al\u0131\u015ft\u0131rma ve kurulum<\/h2>\n<hr \/>\n<p>6.1 Devre kesici 3 kutupluysa, n\u00f6tr kablosu transfer anahtar\u0131n\u0131n n\u00f6tr terminaline ba\u011flanmal\u0131d\u0131r (yayg\u0131n olarak kullan\u0131lan n\u00f6tr kablosu ve \u015eekil 6'daki yedek n\u00f6tr kablosu).<\/p>\n<p>6.2 s\u0131ras\u0131yla 2# ve 4# terminallerine ba\u011flan\u0131r).<\/p>\n<p>6.1 Ana devre ba\u011flant\u0131 \u015femas\u0131<\/p>\n<p>6.2 Harici g\u00fc\u00e7 kayna\u011f\u0131 kapanma g\u00f6stergesi ve yang\u0131n g\u00fc\u00e7 kayna\u011f\u0131 ba\u011flant\u0131 \u015femas\u0131<\/p>\n<p>6.3 Transfer anahtar\u0131n\u0131n manuel olarak \u00e7al\u0131\u015ft\u0131r\u0131lmas\u0131 gerekti\u011finde, JGQ1-63 tipi ise, d\u00fc\u011fme anahtar\u0131 \u00f6nce manuel konumda olmal\u0131d\u0131r ve ard\u0131ndan kol ortak veya bekleme d\u00f6n\u00fc\u015f\u00fcm\u00fc i\u00e7in d\u00f6nd\u00fcr\u00fclebilir, JGQ1-63 tipi ise, manuel\/otomatik d\u00fc\u011fmeye bas\u0131n ve manuel g\u00f6sterge \u0131\u015f\u0131\u011f\u0131 yand\u0131\u011f\u0131nda, ortak veya bekleme d\u00f6n\u00fc\u015f\u00fcm\u00fc ger\u00e7ekle\u015ftirilebilir. Kontrol modunu otomatik konuma getirin ve transfer anahtar\u0131 otomatik \u00e7al\u0131\u015fma durumuna girecektir; Ve ortak g\u00fc\u00e7 kayna\u011f\u0131 \u00f6nceliklidir.<\/p>\n<p>6.4 Transfer anahtar\u0131 kablo ba\u011flant\u0131 \u015femas\u0131na g\u00f6re hatta ba\u011fland\u0131\u011f\u0131nda, g\u00fc\u00e7 normal olarak a\u00e7\u0131ld\u0131ktan sonra, ortak g\u00fc\u00e7 kayna\u011f\u0131 ve yedek g\u00fc\u00e7 kayna\u011f\u0131n\u0131n t\u00fcm\u00fc normalse, ortak g\u00fc\u00e7 kayna\u011f\u0131n\u0131n veya yedek g\u00fc\u00e7 kayna\u011f\u0131n\u0131n g\u00f6sterge \u0131\u015f\u0131\u011f\u0131 (k\u0131rm\u0131z\u0131) yanar ve transfer anahtar\u0131 normal \u015fekilde \u00e7al\u0131\u015f\u0131r.<\/p>","protected":false},"excerpt":{"rendered":"<p>JGQ1 serisi <a href=\"https:\/\/bright-china.com\/dc-circuit-breakers-2\/\">\u00c7ift G\u00fc\u00e7l\u00fc Otomatik Transfer Anahtar\u0131<\/a> (bundan sonra transfer anahtar\u0131 olarak an\u0131lacakt\u0131r) AC 50Hz veya 60Hz, nominal \u00e7al\u0131\u015fma voltaj\u0131 400V, \u00e7ift devreli g\u00fc\u00e7 kayna\u011f\u0131 sisteminin alt\u0131nda i\u00e7in uygundur. \u0130ki g\u00fc\u00e7 kayna\u011f\u0131 aras\u0131nda se\u00e7ici d\u00f6n\u00fc\u015f\u00fcm gerekti\u011fi gibi yap\u0131labilir. \u00dcr\u00fcn k\u0131sa devre, a\u015f\u0131r\u0131 y\u00fck, d\u00fc\u015f\u00fck gerilim ve gerilim kayb\u0131 i\u015flevlerine sahiptir ve ayr\u0131ca yang\u0131ndan korunma, \u00e7ift b\u00f6lme ve \u00e7\u0131k\u0131\u015f kapatma sinyali i\u015flevlerine sahiptir.<\/p>\n<p>\u00d6zellikle yang\u0131ndan korunma gereksinimi olan ofis binalar\u0131, al\u0131\u015fveri\u015f merkezleri, bankalar, istasyonlar, hastaneler ve y\u00fcksek katl\u0131 binalarda ayd\u0131nlatma hatlar\u0131n\u0131n kurulumu ve kullan\u0131m\u0131 i\u00e7in uygundur. 11 GB\/T14048 standartlar\u0131na uygundur.<\/p>","protected":false},"featured_media":8747,"template":"","meta":{"_acf_changed":false,"site-sidebar-layout":"default","site-content-layout":"","ast-site-content-layout":"default","site-content-style":"default","site-sidebar-style":"default","ast-global-header-display":"","ast-banner-title-visibility":"","ast-main-header-display":"","ast-hfb-above-header-display":"","ast-hfb-below-header-display":"","ast-hfb-mobile-header-display":"","site-post-title":"","ast-breadcrumbs-content":"","ast-featured-img":"","footer-sml-layout":"","theme-transparent-header-meta":"default","adv-header-id-meta":"","stick-header-meta":"default","header-above-stick-meta":"","header-main-stick-meta":"","header-below-stick-meta":"","astra-migrate-meta-layouts":"set","ast-page-background-enabled":"default","ast-page-background-meta":{"desktop":{"background-color":"","background-image":"","background-repeat":"repeat","background-position":"center center","background-size":"auto","background-attachment":"scroll","background-type":"","background-media":"","overlay-type":"","overlay-color":"","overlay-opacity":"","overlay-gradient":""},"tablet":{"background-color":"","background-image":"","background-repeat":"repeat","background-position":"center center","background-size":"auto","background-attachment":"scroll","background-type":"","background-media":"","overlay-type":"","overlay-color":"","overlay-opacity":"","overlay-gradient":""},"mobile":{"background-color":"","background-image":"","background-repeat":"repeat","background-position":"center center","background-size":"auto","background-attachment":"scroll","background-type":"","background-media":"","overlay-type":"","overlay-color":"","overlay-opacity":"","overlay-gradient":""}},"ast-content-background-meta":{"desktop":{"background-color":"var(--ast-global-color-5)","background-image":"","background-repeat":"repeat","background-position":"center center","background-size":"auto","background-attachment":"scroll","background-type":"","background-media":"","overlay-type":"","overlay-color":"","overlay-opacity":"","overlay-gradient":""},"tablet":{"background-color":"var(--ast-global-color-5)","background-image":"","background-repeat":"repeat","background-position":"center center","background-size":"auto","background-attachment":"scroll","background-type":"","background-media":"","overlay-type":"","overlay-color":"","overlay-opacity":"","overlay-gradient":""},"mobile":{"background-color":"var(--ast-global-color-5)","background-image":"","background-repeat":"repeat","background-position":"center center","background-size":"auto","background-attachment":"scroll","background-type":"","background-media":"","overlay-type":"","overlay-color":"","overlay-opacity":"","overlay-gradient":""}},"_seo_title":"Dual Power Automatic Transfer Switch JGQ1-63","_seo_keywords":"Dual Power Automatic Transfer Switch, Automatic Transfer Switch, ATS","_seo_description":"JGQ1 series Dual Power Automatic Transfer Switch (hereinafter referred to as the transfer switch) is suitable for AC 50Hz or 60Hz, rated working voltage 400V, below the double circuit power..."},"product_brand":[],"product_cat":[15,100],"product_tag":[101,102,103],"class_list":{"0":"post-4428","1":"product","2":"type-product","3":"status-publish","4":"has-post-thumbnail","6":"product_cat-product","7":"product_cat-ats","8":"product_tag-ats","9":"product_tag-automatic-transfer-switch","10":"product_tag-dual-power-automatic-transfer-switch","11":"desktop-align-center","12":"tablet-align-left","13":"mobile-align-left","14":"ast-product-gallery-layout-horizontal-slider","16":"first","17":"instock","18":"sale","19":"featured","20":"shipping-taxable","21":"purchasable","22":"product-type-simple"},"acf":[],"seo_title":"Dual Power Automatic Transfer Switch JGQ1-63","seo_keywords":"Dual Power Automatic Transfer Switch, Automatic Transfer Switch, ATS","seo_description":"JGQ1 series Dual Power Automatic Transfer Switch (hereinafter referred to as the transfer switch) is suitable for AC 50Hz or 60Hz, rated working voltage 400V, below the double circuit power...","seo_score":"85","product_seo_keywords":"","_links":{"self":[{"href":"https:\/\/bright-china.com\/tr\/wp-json\/wp\/v2\/product\/4428","targetHints":{"allow":["GET"]}}],"collection":[{"href":"https:\/\/bright-china.com\/tr\/wp-json\/wp\/v2\/product"}],"about":[{"href":"https:\/\/bright-china.com\/tr\/wp-json\/wp\/v2\/types\/product"}],"wp:featuredmedia":[{"embeddable":true,"href":"https:\/\/bright-china.com\/tr\/wp-json\/wp\/v2\/media\/8747"}],"wp:attachment":[{"href":"https:\/\/bright-china.com\/tr\/wp-json\/wp\/v2\/media?parent=4428"}],"wp:term":[{"taxonomy":"product_brand","embeddable":true,"href":"https:\/\/bright-china.com\/tr\/wp-json\/wp\/v2\/product_brand?post=4428"},{"taxonomy":"product_cat","embeddable":true,"href":"https:\/\/bright-china.com\/tr\/wp-json\/wp\/v2\/product_cat?post=4428"},{"taxonomy":"product_tag","embeddable":true,"href":"https:\/\/bright-china.com\/tr\/wp-json\/wp\/v2\/product_tag?post=4428"}],"curies":[{"name":"wp","href":"https:\/\/api.w.org\/{rel}","templated":true}]}}