{"id":4429,"date":"2025-04-27T02:23:54","date_gmt":"2025-04-27T02:23:54","guid":{"rendered":"https:\/\/bright-china.com\/?post_type=product&#038;p=4429"},"modified":"2026-01-04T03:41:32","modified_gmt":"2026-01-04T10:41:32","slug":"voltage-protector-jggq-100s","status":"publish","type":"product","link":"https:\/\/bright-china.com\/tr\/product\/voltage-protector-jggq-100s\/","title":{"rendered":"3 fazl\u0131 4 telli kendinden s\u0131f\u0131rlanabilir a\u015f\u0131r\u0131 ve d\u00fc\u015f\u00fck voltaj koruyucusu JGGQ-100S"},"content":{"rendered":"<h2><strong>Giri\u015f<\/strong><\/h2>\n<hr \/>\n<p><a style=\"font-size: 16px; background-color: #ffffff;\" href=\"https:\/\/bright-china.com\"><strong>3 phase 4 wire self resettable over and under voltage protector\u00a0 \u00a0<\/strong><\/a><span style=\"font-size: 16px;\">When the power supply line has overvoltage and undervoltage, the protector can quickly and safely cut off the circuit under the continuous high-voltage impact to avoid the occurrence of accidents caused by abnormal voltage sent to the terminal electrical appliances, and when the voltage returns to normal values, the protector will automatically turn on the circuit within the specified time to ensure the normal operation of the terminal electrical appliances in the unattended situation.<\/span><\/p>\n<h2><strong>Second, the main technical parameters<\/strong><\/h2>\n<hr \/>\n<p>1. Rated current: 32A, 40A, 50A, 63A, 80A, 100A<\/p>\n<p>2. Working voltage: AC230V (phase line to neutral line working mode)<\/p>\n<p>3. A\u015f\u0131r\u0131 gerilim koruma de\u011feri: AC270V \u00b15V<\/p>\n<p>4. D\u00fc\u015f\u00fck gerilim koruma de\u011feri: AC170V \u00b15V<\/p>\n<p>5. Reset time after failure: 40 seconds \u00b15 seconds<\/p>\n<p>6. Eylem s\u00fcresi: 0,1 saniye<\/p>\n<p>7. The products mainly have the functions of phase loss protection, lack zero line protection, <a href=\"https:\/\/elejg.com\/?product\/\">over voltage<\/a> protection, under-voltage protection and so on<\/p>\n<h2><strong>The implementation of standards<\/strong><\/h2>\n<hr \/>\n<p>JGJ242-2011 Konut Binalar\u0131n\u0131n Elektriksel Tasar\u0131m\u0131 i\u00e7in Kod<\/p>\n<p>JGJ\/T16-2008<\/p>\n<p>GJBT-672 Konut Binalar\u0131 Elektrik Tasar\u0131m ve Yap\u0131m Standart Atlas\u0131<\/p>\n<p>GB\/T68895.10-2001<\/p>\n<p>S\u0131n\u0131f III elektrikli cihazlar i\u00e7in g\u00fcvenlik standartlar\u0131n\u0131 kar\u015f\u0131lar<\/p>\n<p>JB\/T12762-2015 \u300a<strong>Self-resettable over\/undervoltage protector<\/strong>\uff08<strong>OUPA<\/strong>)\u300b<\/p>\n<h2><strong>The overall dimensions<\/strong><\/h2>\n<hr \/>\n<p><img fetchpriority=\"high\" decoding=\"async\" class=\"alignnone size-full wp-image-8881\" src=\"https:\/\/bright-china.com\/wp-content\/uploads\/2025\/04\/3-phase-4-wire-self-resettable-over-and-undervoltage-protector-JGGQ-100S-5.webp\" alt=\"3 phase 4 wire self resettable over and undervoltage protector JGGQ-100S-5\" width=\"1200\" height=\"519\" srcset=\"https:\/\/bright-china.com\/wp-content\/uploads\/2025\/04\/3-phase-4-wire-self-resettable-over-and-undervoltage-protector-JGGQ-100S-5.webp 1200w, https:\/\/bright-china.com\/wp-content\/uploads\/2025\/04\/3-phase-4-wire-self-resettable-over-and-undervoltage-protector-JGGQ-100S-5-300x130.webp 300w, https:\/\/bright-china.com\/wp-content\/uploads\/2025\/04\/3-phase-4-wire-self-resettable-over-and-undervoltage-protector-JGGQ-100S-5-1024x443.webp 1024w, https:\/\/bright-china.com\/wp-content\/uploads\/2025\/04\/3-phase-4-wire-self-resettable-over-and-undervoltage-protector-JGGQ-100S-5-768x332.webp 768w, https:\/\/bright-china.com\/wp-content\/uploads\/2025\/04\/3-phase-4-wire-self-resettable-over-and-undervoltage-protector-JGGQ-100S-5-18x8.webp 18w, https:\/\/bright-china.com\/wp-content\/uploads\/2025\/04\/3-phase-4-wire-self-resettable-over-and-undervoltage-protector-JGGQ-100S-5-600x260.webp 600w\" sizes=\"(max-width: 1200px) 100vw, 1200px\" \/><\/p>","protected":false},"excerpt":{"rendered":"<p><a href=\"https:\/\/bright-china.com\"><strong>3 phase 4 wire self resettable over and under voltage protector\u00a0 <\/strong><\/a>adopts high-speed micro-low-power processor as the core of the control circuit, magnetic latching relay as the main circuit, and modularized standard design, when the power supply line has overvoltage and undervoltage, the protector can quickly and safely cut off the circuit under the continuous high-voltage impact, so as to avoid the occurrence of accidents caused by abnormal voltage sent to the terminal electrical appliances, and when the voltage returns to normal values, the protector will automatically turn on the circuit within the specified time to ensure the normal operation of the terminal electrical appliances in the case of unattended.<\/p>","protected":false},"featured_media":8783,"template":"","meta":{"_acf_changed":false,"site-sidebar-layout":"default","site-content-layout":"","ast-site-content-layout":"default","site-content-style":"default","site-sidebar-style":"default","ast-global-header-display":"","ast-banner-title-visibility":"","ast-main-header-display":"","ast-hfb-above-header-display":"","ast-hfb-below-header-display":"","ast-hfb-mobile-header-display":"","site-post-title":"","ast-breadcrumbs-content":"","ast-featured-img":"","footer-sml-layout":"","theme-transparent-header-meta":"default","adv-header-id-meta":"","stick-header-meta":"default","header-above-stick-meta":"","header-main-stick-meta":"","header-below-stick-meta":"","astra-migrate-meta-layouts":"set","ast-page-background-enabled":"default","ast-page-background-meta":{"desktop":{"background-color":"","background-image":"","background-repeat":"repeat","background-position":"center center","background-size":"auto","background-attachment":"scroll","background-type":"","background-media":"","overlay-type":"","overlay-color":"","overlay-opacity":"","overlay-gradient":""},"tablet":{"background-color":"","background-image":"","background-repeat":"repeat","background-position":"center center","background-size":"auto","background-attachment":"scroll","background-type":"","background-media":"","overlay-type":"","overlay-color":"","overlay-opacity":"","overlay-gradient":""},"mobile":{"background-color":"","background-image":"","background-repeat":"repeat","background-position":"center center","background-size":"auto","background-attachment":"scroll","background-type":"","background-media":"","overlay-type":"","overlay-color":"","overlay-opacity":"","overlay-gradient":""}},"ast-content-background-meta":{"desktop":{"background-color":"var(--ast-global-color-5)","background-image":"","background-repeat":"repeat","background-position":"center center","background-size":"auto","background-attachment":"scroll","background-type":"","background-media":"","overlay-type":"","overlay-color":"","overlay-opacity":"","overlay-gradient":""},"tablet":{"background-color":"var(--ast-global-color-5)","background-image":"","background-repeat":"repeat","background-position":"center center","background-size":"auto","background-attachment":"scroll","background-type":"","background-media":"","overlay-type":"","overlay-color":"","overlay-opacity":"","overlay-gradient":""},"mobile":{"background-color":"var(--ast-global-color-5)","background-image":"","background-repeat":"repeat","background-position":"center center","background-size":"auto","background-attachment":"scroll","background-type":"","background-media":"","overlay-type":"","overlay-color":"","overlay-opacity":"","overlay-gradient":""}},"_seo_title":"3 phase 4 wire self resettable over\/under voltage protector","_seo_keywords":"3 phase 4 wire self resettable over\/under voltage protector, 3 phase voltage protector, voltage protector setting","_seo_description":"3 phase 4 wire self resettable over and under voltage protector\u00a0 adopts high-speed micro-low-power processor as the core of the control circuit, magnetic latching relay as the main circuit, and..."},"product_brand":[],"product_cat":[15,65],"product_tag":[112,113,93],"class_list":{"0":"post-4429","1":"product","2":"type-product","3":"status-publish","4":"has-post-thumbnail","6":"product_cat-product","7":"product_cat-current-and-voltage-protector","8":"product_tag-over-undervoltage-protector","9":"product_tag-three-phase-four-wire-self-resettable-over-undervoltage-protector","10":"product_tag-voltage-protector","11":"desktop-align-center","12":"tablet-align-left","13":"mobile-align-left","14":"ast-product-gallery-layout-horizontal-slider","16":"first","17":"instock","18":"featured","19":"shipping-taxable","20":"product-type-simple"},"acf":[],"seo_title":"3 phase 4 wire self resettable over\/under voltage protector","seo_keywords":"3 phase 4 wire self resettable over\/under voltage protector, 3 phase voltage protector, voltage protector setting","seo_description":"3 phase 4 wire self resettable over and under voltage protector\u00a0 adopts high-speed micro-low-power processor as the core of the control circuit, magnetic latching relay as the main circuit, and...","seo_score":"75","product_seo_keywords":"","_links":{"self":[{"href":"https:\/\/bright-china.com\/tr\/wp-json\/wp\/v2\/product\/4429","targetHints":{"allow":["GET"]}}],"collection":[{"href":"https:\/\/bright-china.com\/tr\/wp-json\/wp\/v2\/product"}],"about":[{"href":"https:\/\/bright-china.com\/tr\/wp-json\/wp\/v2\/types\/product"}],"wp:featuredmedia":[{"embeddable":true,"href":"https:\/\/bright-china.com\/tr\/wp-json\/wp\/v2\/media\/8783"}],"wp:attachment":[{"href":"https:\/\/bright-china.com\/tr\/wp-json\/wp\/v2\/media?parent=4429"}],"wp:term":[{"taxonomy":"product_brand","embeddable":true,"href":"https:\/\/bright-china.com\/tr\/wp-json\/wp\/v2\/product_brand?post=4429"},{"taxonomy":"product_cat","embeddable":true,"href":"https:\/\/bright-china.com\/tr\/wp-json\/wp\/v2\/product_cat?post=4429"},{"taxonomy":"product_tag","embeddable":true,"href":"https:\/\/bright-china.com\/tr\/wp-json\/wp\/v2\/product_tag?post=4429"}],"curies":[{"name":"wp","href":"https:\/\/api.w.org\/{rel}","templated":true}]}}