{"id":4430,"date":"2025-04-27T02:23:54","date_gmt":"2025-04-27T02:23:54","guid":{"rendered":"https:\/\/bright-china.com\/?post_type=product&#038;p=4430"},"modified":"2025-12-31T03:45:54","modified_gmt":"2025-12-31T10:45:54","slug":"jgkb-45","status":"publish","type":"product","link":"https:\/\/bright-china.com\/tr\/product\/jgkb-45\/","title":{"rendered":"Kontrol ve koruyucu anahtarlama JGKB-45"},"content":{"rendered":"<h2><strong>Giri\u015f<\/strong><\/h2>\n<hr \/>\n<p><span style=\"font-size: 16px;\">\u00a0 \u00a0 Bu <\/span><a style=\"font-size: 16px; background-color: #ffffff;\" href=\"https:\/\/bright-china.com\/motor-protector\/\">Kontrol ve koruyucu anahtarlama, Motor Koruyucu <\/a><span style=\"font-size: 16px;\">g\u00fczel bir g\u00f6r\u00fcn\u00fcm tasar\u0131m\u0131na sahiptir ve \u00fcr\u00fcn a\u015f\u0131r\u0131 gerilim, d\u00fc\u015f\u00fck gerilim, a\u015f\u0131r\u0131 y\u00fck, k\u0131sa devre, kilitli rotor, \u00fc\u00e7 fazl\u0131 dengesizlik, a\u015f\u0131r\u0131 s\u0131cakl\u0131k, s\u0131z\u0131nt\u0131, ileti\u015fim vb. gibi i\u015flevlere sahiptir. Yaz\u0131l\u0131m tasar\u0131m\u0131, do\u011frudan \u00fc\u00e7 s\u0131ral\u0131 ekran ile kullan\u0131c\u0131 dostudur ve \u00fcr\u00fcn\u00fcn i\u015flevlerinin geni\u015fletilmesi kolayd\u0131r. \u015eu anda, elektri\u011fin koruma fonksiyonundaki en kapsaml\u0131 kontrol ve koruma anahtar\u0131d\u0131r. <\/span><a style=\"font-size: 16px; background-color: #ffffff;\" href=\"https:\/\/elejg.com\/\">koruyucular<\/a><span style=\"font-size: 16px;\">.<\/span><\/p>\n<h2><strong>\u00a0\u00dcr\u00fcn \u00f6zellikleri<\/strong><\/h2>\n<hr \/>\n<p>1. Fonksiyon geni\u015fletme: S\u0131cakl\u0131k ve ka\u00e7ak korumas\u0131, harici aksesuarlar ba\u011fl\u0131 oldu\u011fu s\u00fcrece, gerekli koruma fonksiyonlar\u0131 eklenebilir<\/p>\n<p>2. \u00dc\u00e7 s\u0131ral\u0131 dijital t\u00fcp ekran\u0131, ger\u00e7ek zamanl\u0131 voltaj, ak\u0131m, ka\u00e7ak ve s\u0131cakl\u0131k parametreleri sezgisel olarak g\u00f6r\u00fcnt\u00fclenir<\/p>\n<p>3. Geni\u015f ayarlanabilir koruma ak\u0131m\u0131 aral\u0131\u011f\u0131:<\/p>\n<table style=\"height: 371px; width: 100%; border-color: #969696;\" width=\"100%\">\n<tbody>\n<tr style=\"height: 53px;\">\n<td style=\"height: 53px; background-color: #060a30;\" width=\"212\"><span style=\"color: #ffffff;\">Tip<\/span><\/td>\n<td style=\"height: 53px; background-color: #060a30;\" width=\"119\"><span style=\"color: #ffffff;\">JGKB-45<\/span><\/td>\n<\/tr>\n<tr style=\"height: 53px;\">\n<td style=\"height: 53px;\">Ak\u0131m ayar aral\u0131\u011f\u0131<\/td>\n<td style=\"height: 53px;\">1~10A\uff0c2~45A<\/td>\n<\/tr>\n<tr style=\"height: 53px;\">\n<td style=\"height: 53px; background-color: #dedede;\">A\u015f\u0131r\u0131 gerilim ayar aral\u0131\u011f\u0131<\/td>\n<td style=\"height: 53px; background-color: #dedede;\">AC265V (210~300V)<\/td>\n<\/tr>\n<tr style=\"height: 53px;\">\n<td style=\"height: 53px;\">D\u00fc\u015f\u00fck gerilim ayar aral\u0131\u011f\u0131<\/td>\n<td style=\"height: 53px;\">AC170V (80~200V)<\/td>\n<\/tr>\n<tr style=\"height: 53px;\">\n<td style=\"height: 53px; background-color: #dedede;\">Ka\u00e7ak ak\u0131m ayar aral\u0131\u011f\u0131<\/td>\n<td style=\"height: 53px; background-color: #dedede;\">20mA (5~300mA)<\/td>\n<\/tr>\n<tr style=\"height: 53px;\">\n<td style=\"height: 53px;\">S\u0131cakl\u0131k ayar aral\u0131\u011f\u0131<\/td>\n<td style=\"height: 53px;\">70\u2103\uff081-150\u2103\uff09<\/td>\n<\/tr>\n<tr style=\"height: 53px;\">\n<td style=\"height: 53px; background-color: #dedede;\">ile Uyumluluk<\/td>\n<td style=\"height: 53px; background-color: #dedede;\">IEC 60947-6-2<\/td>\n<\/tr>\n<\/tbody>\n<\/table>\n<p>4. \u00d6zelle\u015ftirilebilir 485 ileti\u015fim fonksiyonu<\/p>\n<p>5. Yetkisiz personelin \u00fcr\u00fcn\u00fc sahada yanl\u0131\u015f ayarlamas\u0131ndan kaynaklanan gereksiz sat\u0131\u015f sonras\u0131 hizmeti \u00f6nlemek i\u00e7in \u015fifre i\u015flevi<\/p>\n<p>6. Yerinde ayar hatalar\u0131 durumunda orijinal program durumuna tek t\u0131klamayla kurtarma sa\u011flayan fabrika kurtarma i\u015flevi eklendi<\/p>\n<p>3\u3001 Teknik parametreler<\/p>\n<p>1. Gerilim alg\u0131lama aral\u0131\u011f\u0131: AC100 ~ 300V, do\u011fruluk seviyesi: 1.0 seviye.<\/p>\n<p>2. Ak\u0131m alg\u0131lama aral\u0131\u011f\u0131: 45 tip, 1-45A, do\u011fruluk seviyesi: 1.0 seviye.<\/p>\n<p>125 tipi, 32-125A, do\u011fruluk seviyesi: 1.0<\/p>\n<p>3. Ka\u00e7ak ak\u0131m alg\u0131lama aral\u0131\u011f\u0131: 5-300mA, do\u011fruluk seviyesi: 2,5.<\/p>\n<p>4. S\u0131cakl\u0131k alg\u0131lama aral\u0131\u011f\u0131: -50 ~ 160 \u2103, do\u011fruluk seviyesi: 2.0.<\/p>\n<p>3. \u00dcr\u00fcn g\u00fc\u00e7 t\u00fcketimi: \u2264 6W.<\/p>\n<p>4. Nihai kesme kapasitesi: 7000A.<\/p>\n<p>5. Mekanik \u00f6m\u00fcr \u2265 1 milyon kez, elektriksel \u00f6m\u00fcr 200000 kez.<\/p>\n<p>6. RS485 ileti\u015fim protokol\u00fc, G\u00fc\u00e7 Enstr\u00fcmanlar\u0131 ve Koruyucular i\u00e7in RS485 \u0130leti\u015fim K\u0131lavuzu V2.0'da ayr\u0131nt\u0131l\u0131 olarak a\u00e7\u0131klanm\u0131\u015ft\u0131r.<\/p>","protected":false},"excerpt":{"rendered":"<p>Bu <a href=\"https:\/\/bright-china.com\/motor-protector\/\">Kontrol ve koruyucu anahtarlama, Motor Koruyucu<\/a> g\u00fczel bir g\u00f6r\u00fcn\u00fcm tasar\u0131m\u0131na sahiptir ve \u00fcr\u00fcn a\u015f\u0131r\u0131 gerilim, d\u00fc\u015f\u00fck gerilim, a\u015f\u0131r\u0131 y\u00fck, k\u0131sa devre, kilitli rotor, \u00fc\u00e7 fazl\u0131 dengesizlik, a\u015f\u0131r\u0131 s\u0131cakl\u0131k, s\u0131z\u0131nt\u0131, ileti\u015fim vb. gibi i\u015flevlere sahiptir. Yaz\u0131l\u0131m tasar\u0131m\u0131, do\u011frudan \u00fc\u00e7 s\u0131ral\u0131 ekran ile kullan\u0131c\u0131 dostudur ve \u00fcr\u00fcn\u00fcn i\u015flevlerinin geni\u015fletilmesi kolayd\u0131r. \u015eu anda,<\/p>","protected":false},"featured_media":8773,"template":"","meta":{"_acf_changed":false,"site-sidebar-layout":"default","site-content-layout":"","ast-site-content-layout":"default","site-content-style":"default","site-sidebar-style":"default","ast-global-header-display":"","ast-banner-title-visibility":"","ast-main-header-display":"","ast-hfb-above-header-display":"","ast-hfb-below-header-display":"","ast-hfb-mobile-header-display":"","site-post-title":"","ast-breadcrumbs-content":"","ast-featured-img":"","footer-sml-layout":"","theme-transparent-header-meta":"default","adv-header-id-meta":"","stick-header-meta":"default","header-above-stick-meta":"","header-main-stick-meta":"","header-below-stick-meta":"","astra-migrate-meta-layouts":"set","ast-page-background-enabled":"default","ast-page-background-meta":{"desktop":{"background-color":"","background-image":"","background-repeat":"repeat","background-position":"center center","background-size":"auto","background-attachment":"scroll","background-type":"","background-media":"","overlay-type":"","overlay-color":"","overlay-opacity":"","overlay-gradient":""},"tablet":{"background-color":"","background-image":"","background-repeat":"repeat","background-position":"center center","background-size":"auto","background-attachment":"scroll","background-type":"","background-media":"","overlay-type":"","overlay-color":"","overlay-opacity":"","overlay-gradient":""},"mobile":{"background-color":"","background-image":"","background-repeat":"repeat","background-position":"center center","background-size":"auto","background-attachment":"scroll","background-type":"","background-media":"","overlay-type":"","overlay-color":"","overlay-opacity":"","overlay-gradient":""}},"ast-content-background-meta":{"desktop":{"background-color":"var(--ast-global-color-5)","background-image":"","background-repeat":"repeat","background-position":"center center","background-size":"auto","background-attachment":"scroll","background-type":"","background-media":"","overlay-type":"","overlay-color":"","overlay-opacity":"","overlay-gradient":""},"tablet":{"background-color":"var(--ast-global-color-5)","background-image":"","background-repeat":"repeat","background-position":"center center","background-size":"auto","background-attachment":"scroll","background-type":"","background-media":"","overlay-type":"","overlay-color":"","overlay-opacity":"","overlay-gradient":""},"mobile":{"background-color":"var(--ast-global-color-5)","background-image":"","background-repeat":"repeat","background-position":"center center","background-size":"auto","background-attachment":"scroll","background-type":"","background-media":"","overlay-type":"","overlay-color":"","overlay-opacity":"","overlay-gradient":""}},"_seo_title":"Control and protective switching\u3000JGKB-45","_seo_keywords":"Control and protective switching, motor protector circuit breaker, Motor Protector, Motor Protect Circuit Breaker","_seo_description":"The Control and protective switching,Motor Protector has a beautiful appearance design, and the product has functions such as overvoltage, undervoltage, overload, short circuit, locked rotor, three-phase imbalance, over temperature, leakage,..."},"product_brand":[],"product_cat":[15,63,57],"product_tag":[138,139,109,110,111],"class_list":{"0":"post-4430","1":"product","2":"type-product","3":"status-publish","4":"has-post-thumbnail","6":"product_cat-product","7":"product_cat-motor-protector","8":"product_cat-smart-protector","9":"product_tag-control-and-protective-switching","10":"product_tag-cps","11":"product_tag-motor-protector","12":"product_tag-motor-protector-switch","13":"product_tag-thermal-protector-for-motor","14":"desktop-align-center","15":"tablet-align-left","16":"mobile-align-left","17":"ast-product-gallery-layout-horizontal-slider","19":"first","20":"instock","21":"sale","22":"featured","23":"shipping-taxable","24":"purchasable","25":"product-type-simple"},"acf":[],"seo_title":"Control and protective switching\u3000JGKB-45","seo_keywords":"Control and protective switching, motor protector circuit breaker, Motor Protector, Motor Protect Circuit Breaker","seo_description":"The Control and protective switching,Motor Protector has a beautiful appearance design, and the product has functions such as overvoltage, undervoltage, overload, short circuit, locked rotor, three-phase imbalance, over temperature, leakage,...","seo_score":"85","product_seo_keywords":"","_links":{"self":[{"href":"https:\/\/bright-china.com\/tr\/wp-json\/wp\/v2\/product\/4430","targetHints":{"allow":["GET"]}}],"collection":[{"href":"https:\/\/bright-china.com\/tr\/wp-json\/wp\/v2\/product"}],"about":[{"href":"https:\/\/bright-china.com\/tr\/wp-json\/wp\/v2\/types\/product"}],"wp:featuredmedia":[{"embeddable":true,"href":"https:\/\/bright-china.com\/tr\/wp-json\/wp\/v2\/media\/8773"}],"wp:attachment":[{"href":"https:\/\/bright-china.com\/tr\/wp-json\/wp\/v2\/media?parent=4430"}],"wp:term":[{"taxonomy":"product_brand","embeddable":true,"href":"https:\/\/bright-china.com\/tr\/wp-json\/wp\/v2\/product_brand?post=4430"},{"taxonomy":"product_cat","embeddable":true,"href":"https:\/\/bright-china.com\/tr\/wp-json\/wp\/v2\/product_cat?post=4430"},{"taxonomy":"product_tag","embeddable":true,"href":"https:\/\/bright-china.com\/tr\/wp-json\/wp\/v2\/product_tag?post=4430"}],"curies":[{"name":"wp","href":"https:\/\/api.w.org\/{rel}","templated":true}]}}