{"id":4435,"date":"2025-04-27T02:23:54","date_gmt":"2025-04-27T02:23:54","guid":{"rendered":"https:\/\/bright-china.com\/?post_type=product&#038;p=4435"},"modified":"2025-12-31T04:02:30","modified_gmt":"2025-12-31T11:02:30","slug":"voltage-protector-jgiv-63s","status":"publish","type":"product","link":"https:\/\/bright-china.com\/tr\/product\/voltage-protector-jgiv-63s\/","title":{"rendered":"Ak\u0131ll\u0131 ayarlanabilir ak\u0131m ve Gerilim Koruyucu JGIV-63S"},"content":{"rendered":"<h3><strong>Product introduction<\/strong><\/h3>\n<hr \/>\n<p><img fetchpriority=\"high\" decoding=\"async\" class=\"alignleft wp-image-8731 size-medium\" src=\"https:\/\/bright-china.com\/wp-content\/uploads\/2025\/04\/Intelligent-adjustable-Voltage-current-Protector-JGIV-63S-1-300x300.webp\" alt=\"Intelligent adjustable Voltage current Protector\u00a0JGIV-63S-1\" width=\"300\" height=\"300\" srcset=\"https:\/\/bright-china.com\/wp-content\/uploads\/2025\/04\/Intelligent-adjustable-Voltage-current-Protector-JGIV-63S-1-300x300.webp 300w, https:\/\/bright-china.com\/wp-content\/uploads\/2025\/04\/Intelligent-adjustable-Voltage-current-Protector-JGIV-63S-1-150x150.webp 150w, https:\/\/bright-china.com\/wp-content\/uploads\/2025\/04\/Intelligent-adjustable-Voltage-current-Protector-JGIV-63S-1-768x768.webp 768w, https:\/\/bright-china.com\/wp-content\/uploads\/2025\/04\/Intelligent-adjustable-Voltage-current-Protector-JGIV-63S-1-12x12.webp 12w, https:\/\/bright-china.com\/wp-content\/uploads\/2025\/04\/Intelligent-adjustable-Voltage-current-Protector-JGIV-63S-1-600x600.webp 600w, https:\/\/bright-china.com\/wp-content\/uploads\/2025\/04\/Intelligent-adjustable-Voltage-current-Protector-JGIV-63S-1-100x100.webp 100w, https:\/\/bright-china.com\/wp-content\/uploads\/2025\/04\/Intelligent-adjustable-Voltage-current-Protector-JGIV-63S-1.webp 800w\" sizes=\"(max-width: 300px) 100vw, 300px\" \/><\/p>\n<p><a href=\"https:\/\/bright-china.com\/product-category\/product\/\"> Ak\u0131ll\u0131 ayarlanabilir Gerilim ak\u0131m Koruyucusu<\/a>\u00a0is Intelligent current limiting type over-under-voltage protector is a set of: over-voltage, under-voltage, over-current protection functions of a comprehensive protector, product modular, intelligent, visualized, product over-voltage, under-voltage, over-current protection, all protection parameters can be set, when the line <a href=\"https:\/\/elejg.com\/\">over-voltage<\/a>, under-voltage, over-current and other faults occur the protector can instantly cut off the power supply, protect the electrical equipment intact and not damaged.<\/p>\n<p>\u3002 This series of products has compact structure and beautiful appearance, and is installed on standard guide rails.<\/p>\n<h3><strong>\u00a0Voltage protector of Working conditions<\/strong><\/h3>\n<hr \/>\n<table style=\"border-collapse: collapse; width: 100%; border-color: #969696;\" width=\"100%\">\n<tbody>\n<tr style=\"height: 13.50pt;\">\n<td class=\"et2\" style=\"height: 13px; width: 159.4pt; background-color: #060a30;\" width=\"212\" height=\"18\"><span style=\"color: #ffffff;\">Tip<\/span><\/td>\n<td class=\"et3\" style=\"width: 89.95pt; background-color: #060a30; height: 13px;\" width=\"119\"><span style=\"color: #ffffff;\">JGIV-63S<\/span><\/td>\n<\/tr>\n<tr style=\"height: 13.50pt;\">\n<td class=\"et4\" style=\"height: 13px;\" height=\"18\">Ak\u0131m ayar aral\u0131\u011f\u0131<\/td>\n<td class=\"et4\" style=\"height: 13px;\">63A(1<span class=\"font3\">~<\/span><span class=\"font2\">63A)<\/span><\/td>\n<\/tr>\n<tr style=\"height: 13.50pt;\">\n<td class=\"et4\" style=\"height: 13px; background-color: #dedede;\" height=\"18\">A\u015f\u0131r\u0131 gerilim ayar aral\u0131\u011f\u0131<\/td>\n<td class=\"et4\" style=\"background-color: #dedede; height: 13px;\"><span class=\"font2\">AC270V(210<\/span><span class=\"font3\">~<\/span><span class=\"font2\">300V)<\/span><\/td>\n<\/tr>\n<tr style=\"height: 13.50pt;\">\n<td class=\"et4\" style=\"height: 13px;\" height=\"18\">D\u00fc\u015f\u00fck gerilim ayar aral\u0131\u011f\u0131<\/td>\n<td class=\"et4\" style=\"height: 13px;\"><span class=\"font2\">AC170V(80<\/span><span class=\"font3\">~<\/span><span class=\"font2\">200V)<\/span><\/td>\n<\/tr>\n<\/tbody>\n<\/table>\n<p><span style=\"font-size: 16px;\">1. The ambient temperature does not exceed +40 \u00b0C, not less than -5 \u00b0C, and the average temperature of 24 hours does not exceed +35 \u00b0C; At ++40\u00b0C, the humidity of the surrounding air does not exceed 50%;<\/span><\/p>\n<p>2. The height of the sea dial at the installation site shall not exceed 2000 meters<\/p>\n<p>3. Pollution level 3<\/p>\n<p>4. In the installation environment, there is no explosion hazard medium, no gas and conductive dust that corrosives and destroys insulation, and no rain and snow invasion places<\/p>\n<h2><strong>Ana teknik parametreler<\/strong><\/h2>\n<hr \/>\n<p>1. Working voltage: AC230V, 50Hz;<\/p>\n<p>2. Rated current: 40A Set range from 1 to 40A;<\/p>\n<p>80A setting range from 1 to 80A;<\/p>\n<p>3. Overvoltage protection value: AC270V set range from 220 to 300V;<\/p>\n<p>4. Overvoltage protection value: AC170V set range from 140 to 200V;<\/p>\n<p>5. Automatic closing with a delay of 1 second for the first normal power-on;<\/p>\n<p>6. In the case of overvoltage, undervoltage and overcurrent when energized for the first time, the product will be automatically disconnected within 3 seconds;<\/p>\n<p>7. Reset time after failure: 20 seconds;<\/p>\n<p>8. The mechanical life \u2265 100,000 times;<\/p>\n<p>9. Product wiring method: down in and out of the line, up in and out of the line, the default connection<\/p>\n<p>The line mode is down the line and the line is out;<\/p>\n<p>10. The power consumption of the product itself: \u22642W<\/p>\n<p>11. The wiring capacity is 16 square meters<\/p>\n<h2><strong>Fourth, the key function<\/strong><\/h2>\n<hr \/>\n<p>1. Setting button: Press and hold the setting button for 2 seconds to enter the setting state, and after entering the setting state, press it to enter the next setting menu every time;<\/p>\n<p>2. Up key: Query the setting parameters of the current operation of the product, and increase the setting value parameters in the setting state;<\/p>\n<p>3. Down button: query the last fault information of the product, and reduce the set value parameter in the setting state;<\/p>\n<p>4. Reset button: when the first overcurrent is generated, the product will automatically close after the reset time specified in the delay, and when the second overcurrent must be determined that the load is not overloaded, manually press the reset button to close the product, and press the reset button to save and exit the setting state when setting the state.<\/p>\n<h2><strong>Voltage protector of Product settings<\/strong><\/h2>\n<hr \/>\n<p>1. Press and hold the setting button for 2 seconds to enter the setting state, and display the overvoltage setting value UH270, the setting range is 200-300, and the default protection value of overvoltage is AC270V;<\/p>\n<p>2. Press the up button or down button to change the protection value required for overvoltage;<\/p>\n<p>3. Press the setting button to enter the next menu, the undervoltage setting value is UL170, and the setting range is 140-200; Undervoltage default protection value AC170V;<\/p>\n<p>4. Press the up button or down button to change the protection value required for the undervoltage;<\/p>\n<p>5. Press the setting button to enter the next menu, the setting value of undervoltage protection is Ut1, the setting range is 1-120 seconds, and the default value is 1 second;<\/p>\n<p>6. Press the up button or down button to change the protection value required for overvoltage;<\/p>\n<p>7. Press the setting button to enter the next menu, the rated current protection setting value is In63, the setting range is 1-80A, and the default value is 40A or 63A;<\/p>\n<p>9. Press the up button or down button to change the protection value required for overcurrent;<\/p>\n<p>10. Press the setting button to enter the next menu, set the time of overcurrent protection Int20, set the range from 1 to 120 seconds, and the default value is 20 seconds;<\/p>\n<p>11. Press the up button or down button to change the protection time required for overcurrent;<\/p>\n<p>12. Press the setting button to enter the next menu, and the automatic reset time Adt20 after failure, the setting range is 1-120 seconds, and the default value is 20 seconds;<\/p>\n<p>13. Press the up button or down button to change the auto-reset time;<\/p>\n<p>14. After the setting is completed, press the reset button to save and return to the actual current and voltage display<\/p>\n<h2><strong>Panel description<\/strong><\/h2>\n<hr \/>\n<p><img decoding=\"async\" class=\"alignnone wp-image-5539 size-full lazyload\" data-src=\"https:\/\/bright-china.com\/wp-content\/uploads\/2025\/04\/\u9762\u677f\u8bf4\u660e-\u82f1\u6587.jpg\" alt=\"Ak\u0131ll\u0131 ayarlanabilir Gerilim ak\u0131m Koruyucusu JGIV-63S&#039;nin Panel A\u00e7\u0131klamas\u0131\" width=\"1343\" height=\"969\" data-srcset=\"https:\/\/bright-china.com\/wp-content\/uploads\/2025\/04\/\u9762\u677f\u8bf4\u660e-\u82f1\u6587.jpg 1343w, https:\/\/bright-china.com\/wp-content\/uploads\/2025\/04\/\u9762\u677f\u8bf4\u660e-\u82f1\u6587-300x216.jpg 300w, https:\/\/bright-china.com\/wp-content\/uploads\/2025\/04\/\u9762\u677f\u8bf4\u660e-\u82f1\u6587-1024x739.jpg 1024w, https:\/\/bright-china.com\/wp-content\/uploads\/2025\/04\/\u9762\u677f\u8bf4\u660e-\u82f1\u6587-768x554.jpg 768w, https:\/\/bright-china.com\/wp-content\/uploads\/2025\/04\/\u9762\u677f\u8bf4\u660e-\u82f1\u6587-18x12.jpg 18w, https:\/\/bright-china.com\/wp-content\/uploads\/2025\/04\/\u9762\u677f\u8bf4\u660e-\u82f1\u6587-600x433.jpg 600w\" data-sizes=\"(max-width: 1343px) 100vw, 1343px\" src=\"data:image\/svg+xml;base64,PHN2ZyB3aWR0aD0iMSIgaGVpZ2h0PSIxIiB4bWxucz0iaHR0cDovL3d3dy53My5vcmcvMjAwMC9zdmciPjwvc3ZnPg==\" style=\"--smush-placeholder-width: 1343px; --smush-placeholder-aspect-ratio: 1343\/969;\" \/><\/p>\n<p>&nbsp;<\/p>\n<p><img decoding=\"async\" class=\"alignnone wp-image-5538 size-full lazyload\" data-src=\"https:\/\/bright-china.com\/wp-content\/uploads\/2025\/04\/\u4ea7\u54c1\u5c3a\u5bf8.jpg\" alt=\"External dimensions of Intelligent adjustable Voltage current Protector\u00a0JGIV-63S\" width=\"700\" height=\"437\" data-srcset=\"https:\/\/bright-china.com\/wp-content\/uploads\/2025\/04\/\u4ea7\u54c1\u5c3a\u5bf8.jpg 700w, https:\/\/bright-china.com\/wp-content\/uploads\/2025\/04\/\u4ea7\u54c1\u5c3a\u5bf8-300x187.jpg 300w, https:\/\/bright-china.com\/wp-content\/uploads\/2025\/04\/\u4ea7\u54c1\u5c3a\u5bf8-18x12.jpg 18w, https:\/\/bright-china.com\/wp-content\/uploads\/2025\/04\/\u4ea7\u54c1\u5c3a\u5bf8-600x375.jpg 600w\" data-sizes=\"(max-width: 700px) 100vw, 700px\" src=\"data:image\/svg+xml;base64,PHN2ZyB3aWR0aD0iMSIgaGVpZ2h0PSIxIiB4bWxucz0iaHR0cDovL3d3dy53My5vcmcvMjAwMC9zdmciPjwvc3ZnPg==\" style=\"--smush-placeholder-width: 700px; --smush-placeholder-aspect-ratio: 700\/437;\" \/><\/p>\n<h2>Bir plan olmal\u0131<\/h2>\n<hr \/>\n<figure id=\"attachment_6111\" class=\"wp-caption alignleft\" aria-describedby=\"caption-attachment-6111\">\n<p><figure id=\"attachment_6111\" aria-describedby=\"caption-attachment-6111\" style=\"width: 600px\" class=\"wp-caption alignnone\"><img decoding=\"async\" class=\"wp-image-6111 size-full lazyload\" data-src=\"https:\/\/bright-china.com\/wp-content\/uploads\/2025\/04\/\u63a5\u7ebf\u56fe-\u8fc7\u6b20\u538b-3.jpg\" data-sizes=\"(max-width: 600px) 100vw, 600px\" data-srcset=\"https:\/\/bright-china.com\/wp-content\/uploads\/2025\/04\/\u63a5\u7ebf\u56fe-\u8fc7\u6b20\u538b-3.jpg 600w, https:\/\/bright-china.com\/wp-content\/uploads\/2025\/04\/\u63a5\u7ebf\u56fe-\u8fc7\u6b20\u538b-3-159x300.jpg 159w, https:\/\/bright-china.com\/wp-content\/uploads\/2025\/04\/\u63a5\u7ebf\u56fe-\u8fc7\u6b20\u538b-3-542x1024.jpg 542w, https:\/\/bright-china.com\/wp-content\/uploads\/2025\/04\/\u63a5\u7ebf\u56fe-\u8fc7\u6b20\u538b-3-6x12.jpg 6w\" alt=\"a\u015f\u0131r\u0131 ve d\u00fc\u015f\u00fck voltaj koruyucular\u0131\" width=\"600\" height=\"1133\" src=\"data:image\/svg+xml;base64,PHN2ZyB3aWR0aD0iMSIgaGVpZ2h0PSIxIiB4bWxucz0iaHR0cDovL3d3dy53My5vcmcvMjAwMC9zdmciPjwvc3ZnPg==\" style=\"--smush-placeholder-width: 600px; --smush-placeholder-aspect-ratio: 600\/1133;\" \/><figcaption id=\"caption-attachment-6111\" class=\"wp-caption-text\">a\u015f\u0131r\u0131 ve d\u00fc\u015f\u00fck voltaj koruyucular\u0131<\/figcaption><\/figure><figcaption id=\"caption-attachment-6111\" class=\"wp-caption-text\">a\u015f\u0131r\u0131 ve d\u00fc\u015f\u00fck voltaj koruyucular\u0131<\/figcaption><\/figure>\n<h3 data-slate-node=\"element\"><span class=\"null hover-sent\" style=\"color: #ff0000;\" data-slate-leaf=\"true\" data-sent-id=\"ejrkgDPYqe\">Uyar\u0131:<\/span><\/h3>\n<div data-slate-node=\"element\"><span data-slate-node=\"text\"><span class=\"null hover-sent\" data-slate-leaf=\"true\" data-sent-id=\"ejrkgDPYqe\">N ve L kablolar\u0131 yanl\u0131\u015f ba\u011flanmamal\u0131d\u0131r.<\/span><\/span><\/div>\n<div data-slate-node=\"element\" data-slate-fragment=\"JTVCJTdCJTIydHlwZSUyMiUzQSUyMnBhcmFncmFwaCUyMiUyQyUyMmNoaWxkcmVuJTIyJTNBJTVCJTdCJTIyaWQlMjIlM0ElMjJlanJrZ0RQWXFlJTIyJTJDJTIycGFyYUlkeCUyMiUzQTElMkMlMjJzcmMlMjIlM0ElMjJBdHRlbnRpb24lM0ElMjBUaGUlMjBOJTIwYW5kJTIwTCUyMHdpcmVzJTIwbXVzdCUyMG5vdCUyMGJlJTIwY29ubmVjdGVkJTIwaW5jb3JyZWN0bHkuJTIyJTJDJTIyZHN0JTIyJTNBJTIyJUU2JUIzJUE4JUU2JTg0JThGJUVGJUJDJTlBTiVFNSU5MiU4Q0wlRTclQkElQkYlRTQlQjglOEQlRTUlQkUlOTclRTglQkYlOUUlRTYlOEUlQTUlRTklOTQlOTklRTglQUYlQUYlRTMlODAlODIlMjIlMkMlMjJtZXRhZGF0YSUyMiUzQSUyMiUyMiUyQyUyMm1hdGNoZXMlMjIlM0FudWxsJTJDJTIybWV0YURhdGElMjIlM0ElNUIlNUQlMkMlMjJ0ZXh0JTIyJTNBJTIyVGhlJTIwTiUyMGFuZCUyMEwlMjB3aXJlcyUyMG11c3QlMjBub3QlMjBiZSUyMGNvbm5lY3RlZCUyMGluY29ycmVjdGx5LiUyMiU3RCU1RCU3RCUyQyU3QiUyMnR5cGUlMjIlM0ElMjJwYXJhZ3JhcGglMjIlMkMlMjJjaGlsZHJlbiUyMiUzQSU1QiU3QiUyMmlkJTIyJTNBJTIyVk5ETmRqOUFiQiUyMiUyQyUyMnBhcmFJZHglMjIlM0EyJTJDJTIyc3JjJTIyJTNBJTIyQWxsJTIwdGVybWluYWxzJTIwbXVzdCUyMGJlJTIwdGlnaHRlbmVkJTIwdG8lMjBwcmV2ZW50JTIwZmFsc2UlMjBjb25uZWN0aW9ucyUyMHRoYXQlMjBjb3VsZCUyMGJ1cm4lMjBvdXQlMjB0aGUlMjBwcm90ZWN0b3IuJTIyJTJDJTIyZHN0JTIyJTNBJTIyJUU2JTg5JTgwJUU2JTlDJTg5JUU3JUFCJUFGJUU1JUFEJTkwJUU1JUJGJTg1JUU5JUExJUJCJUU2JThCJUE3JUU3JUI0JUE3JUVGJUJDJThDJUU0JUJCJUE1JUU5JTk4JUIyJUU2JUFEJUEyJUU1JThGJUFGJUU4JTgzJUJEJUU3JTgzJUE3JUU1JTlEJThGJUU0JUJGJTlEJUU2JThBJUE0JUU1JTk5JUE4JUU3JTlBJTg0JUU5JTk0JTk5JUU4JUFGJUFGJUU4JUJGJTlFJUU2JThFJUE1JUUzJTgwJTgyJTIyJTJDJTIybWV0YWRhdGElMjIlM0ElMjIlMjIlMkMlMjJtYXRjaGVzJTIyJTNBbnVsbCUyQyUyMm1ldGFEYXRhJTIyJTNBJTVCJTVEJTJDJTIydGV4dCUyMiUzQSUyMkFsbCUyMHRlcm1pbmFscyUyMG11c3QlMjBiZSUyMHRpZ2h0ZW5lZCUyMHRvJTIwcHJldmVudCUyMGZhbHNlJTIwY29ubmVjdGlvbnMlMjB0aGF0JTIwY291bGQlMjBidXJuJTIwb3V0JTIwdGhlJTIwcHJvdGVjdG9yLiUyMiU3RCU1RCU3RCU1RA==\"><span data-slate-node=\"text\"><span class=\"null\" data-slate-leaf=\"true\" data-sent-id=\"VNDNdj9AbB\">Koruyucuyu yakabilecek yanl\u0131\u015f ba\u011flant\u0131lar\u0131 \u00f6nlemek i\u00e7in t\u00fcm terminaller s\u0131k\u0131lmal\u0131d\u0131r.<\/span><\/span><\/div>\n<h2><strong>Standart Paket Bilgisi<\/strong><\/h2>\n<hr \/>\n<div style=\"overflow-x: auto;\">\n<p><img decoding=\"async\" class=\"alignnone wp-image-6114 size-medium lazyload\" data-src=\"https:\/\/bright-china.com\/wp-content\/uploads\/2025\/04\/45.5-23.5-31.5-box-300x300.jpg\" alt=\"Koruyucu i\u00e7in ambalaj kutusu\" width=\"300\" height=\"300\" data-srcset=\"https:\/\/bright-china.com\/wp-content\/uploads\/2025\/04\/45.5-23.5-31.5-box-300x300.jpg 300w, https:\/\/bright-china.com\/wp-content\/uploads\/2025\/04\/45.5-23.5-31.5-box-150x150.jpg 150w, https:\/\/bright-china.com\/wp-content\/uploads\/2025\/04\/45.5-23.5-31.5-box-12x12.jpg 12w, https:\/\/bright-china.com\/wp-content\/uploads\/2025\/04\/45.5-23.5-31.5-box-600x600.jpg 600w, https:\/\/bright-china.com\/wp-content\/uploads\/2025\/04\/45.5-23.5-31.5-box-100x100.jpg 100w, https:\/\/bright-china.com\/wp-content\/uploads\/2025\/04\/45.5-23.5-31.5-box.jpg 750w\" data-sizes=\"(max-width: 300px) 100vw, 300px\" src=\"data:image\/svg+xml;base64,PHN2ZyB3aWR0aD0iMSIgaGVpZ2h0PSIxIiB4bWxucz0iaHR0cDovL3d3dy53My5vcmcvMjAwMC9zdmciPjwvc3ZnPg==\" style=\"--smush-placeholder-width: 300px; --smush-placeholder-aspect-ratio: 300\/300;\" \/><\/p>\n<table style=\"width: 100%; border-color: #969696;\">\n<tbody>\n<tr>\n<th style=\"background-color: #060a30; width: 38.4266%;\"><span style=\"color: #ffffff;\">Karton Boyut (cm)<\/span><\/th>\n<th style=\"background-color: #060a30; width: 17.6248%;\"><span style=\"color: #ffffff;\">Paket listesi<\/span><\/th>\n<th style=\"background-color: #060a30; width: 14.0696%;\"><span style=\"color: #ffffff;\">MIKTAR<\/span><\/th>\n<th style=\"background-color: #060a30; width: 29.8033%;\"><span style=\"color: #ffffff;\">Br\u00fct a\u011f\u0131rl\u0131k (kg)<\/span><\/th>\n<\/tr>\n<tr>\n<td style=\"width: 38.4266%;\">45,5 cm \u00d7 23,5 cm \u00d7 31,5 cm<\/td>\n<td style=\"width: 17.6248%;\">\u00a0KORUYUCU<\/td>\n<td style=\"width: 14.0696%;\">120 adet<\/td>\n<td style=\"width: 29.8033%;\">20kg<\/td>\n<\/tr>\n<\/tbody>\n<\/table>\n<p><a href=\"https:\/\/bright-china.com\/digital-display-current-and-voltage-protector\/\">Dijital ekranl\u0131 ayarlanabilir ak\u0131m ve voltaj koruyucusu<\/a><\/p>\n<\/div>","protected":false},"excerpt":{"rendered":"<p><a href=\"https:\/\/bright-china.com\/product-category\/product\/\">Ak\u0131ll\u0131 ayarlanabilir Gerilim ak\u0131m Koruyucusu<\/a>\u00a0is Intelligent current limiting type over-under-voltage protector is a set of: over-voltage, under-voltage, over-current protection functions of a comprehensive protector, product modular, intelligent, visualized, <a href=\"https:\/\/bright-china.com\/en\/current-and-voltage-protector\/\" title=\"\u67e5\u770b\u66f4\u591a\u5173\u4e8eproduct over-voltage\u7684\u4fe1\u606f\" class=\"seo-keyword-link\" style=\"font-weight: bold; color: inherit; text-decoration: underline; border-bottom: 1px dotted #667eea;\">product over-voltage<\/a>, under-voltage, over-current protection, all protection parameters can be set, when the line over-voltage, under-voltage, over-current and other faults occur the protector can instantly cut off the power supply, protect the electrical equipment intact and not damaged.<br \/>\n<strong>Instructions \uff1a<\/strong><a href=\"https:\/\/bright-china.com\/wp-content\/uploads\/2025\/04\/JGIV-63Svoltage-protector-1PN.pdf\"> voltage protector JGIV-63SManual<\/a><\/p>","protected":false},"featured_media":8734,"template":"","meta":{"_acf_changed":false,"site-sidebar-layout":"default","site-content-layout":"","ast-site-content-layout":"default","site-content-style":"default","site-sidebar-style":"default","ast-global-header-display":"","ast-banner-title-visibility":"","ast-main-header-display":"","ast-hfb-above-header-display":"","ast-hfb-below-header-display":"","ast-hfb-mobile-header-display":"","site-post-title":"","ast-breadcrumbs-content":"","ast-featured-img":"","footer-sml-layout":"","theme-transparent-header-meta":"default","adv-header-id-meta":"","stick-header-meta":"default","header-above-stick-meta":"","header-main-stick-meta":"","header-below-stick-meta":"","astra-migrate-meta-layouts":"set","ast-page-background-enabled":"default","ast-page-background-meta":{"desktop":{"background-color":"","background-image":"","background-repeat":"repeat","background-position":"center center","background-size":"auto","background-attachment":"scroll","background-type":"","background-media":"","overlay-type":"","overlay-color":"","overlay-opacity":"","overlay-gradient":""},"tablet":{"background-color":"","background-image":"","background-repeat":"repeat","background-position":"center center","background-size":"auto","background-attachment":"scroll","background-type":"","background-media":"","overlay-type":"","overlay-color":"","overlay-opacity":"","overlay-gradient":""},"mobile":{"background-color":"","background-image":"","background-repeat":"repeat","background-position":"center center","background-size":"auto","background-attachment":"scroll","background-type":"","background-media":"","overlay-type":"","overlay-color":"","overlay-opacity":"","overlay-gradient":""}},"ast-content-background-meta":{"desktop":{"background-color":"var(--ast-global-color-5)","background-image":"","background-repeat":"repeat","background-position":"center center","background-size":"auto","background-attachment":"scroll","background-type":"","background-media":"","overlay-type":"","overlay-color":"","overlay-opacity":"","overlay-gradient":""},"tablet":{"background-color":"var(--ast-global-color-5)","background-image":"","background-repeat":"repeat","background-position":"center center","background-size":"auto","background-attachment":"scroll","background-type":"","background-media":"","overlay-type":"","overlay-color":"","overlay-opacity":"","overlay-gradient":""},"mobile":{"background-color":"var(--ast-global-color-5)","background-image":"","background-repeat":"repeat","background-position":"center center","background-size":"auto","background-attachment":"scroll","background-type":"","background-media":"","overlay-type":"","overlay-color":"","overlay-opacity":"","overlay-gradient":""}},"_seo_title":"Intelligent adjustable current and Voltage Protector","_seo_keywords":"voltage protector for fridge, voltage protector, voltage protector 220v, Adjustable over and under voltage protector","_seo_description":"Intelligent adjustable Voltage current Protector\u00a0is Intelligent current limiting type over-under-voltage protector is a set of: over-voltage, under-voltage,"},"product_brand":[],"product_cat":[15,70,65,69,64,57],"product_tag":[115,137,140,93],"class_list":{"0":"post-4435","1":"product","2":"type-product","3":"status-publish","4":"has-post-thumbnail","6":"product_cat-product","7":"product_cat-small-ammeter","8":"product_cat-current-and-voltage-protector","9":"product_cat-voltmeter-ammeter","10":"product_cat-smart-meter","11":"product_cat-smart-protector","12":"product_tag-current-voltage-protector","13":"product_tag-digital-display-adjustable-current-and-voltage-protector","14":"product_tag-intelligent-adjustable-voltage-current-protector","15":"product_tag-voltage-protector","16":"desktop-align-center","17":"tablet-align-left","18":"mobile-align-left","19":"ast-product-gallery-layout-horizontal-slider","21":"first","22":"instock","23":"featured","24":"shipping-taxable","25":"product-type-simple"},"acf":[],"seo_title":"Intelligent adjustable current and Voltage Protector","seo_keywords":"voltage protector for fridge, voltage protector, voltage protector 220v, Adjustable over and under voltage protector","seo_description":"Intelligent adjustable Voltage current Protector\u00a0is Intelligent current limiting type over-under-voltage protector is a set of: over-voltage, under-voltage,","seo_score":"85","product_seo_keywords":"","_links":{"self":[{"href":"https:\/\/bright-china.com\/tr\/wp-json\/wp\/v2\/product\/4435","targetHints":{"allow":["GET"]}}],"collection":[{"href":"https:\/\/bright-china.com\/tr\/wp-json\/wp\/v2\/product"}],"about":[{"href":"https:\/\/bright-china.com\/tr\/wp-json\/wp\/v2\/types\/product"}],"wp:featuredmedia":[{"embeddable":true,"href":"https:\/\/bright-china.com\/tr\/wp-json\/wp\/v2\/media\/8734"}],"wp:attachment":[{"href":"https:\/\/bright-china.com\/tr\/wp-json\/wp\/v2\/media?parent=4435"}],"wp:term":[{"taxonomy":"product_brand","embeddable":true,"href":"https:\/\/bright-china.com\/tr\/wp-json\/wp\/v2\/product_brand?post=4435"},{"taxonomy":"product_cat","embeddable":true,"href":"https:\/\/bright-china.com\/tr\/wp-json\/wp\/v2\/product_cat?post=4435"},{"taxonomy":"product_tag","embeddable":true,"href":"https:\/\/bright-china.com\/tr\/wp-json\/wp\/v2\/product_tag?post=4435"}],"curies":[{"name":"wp","href":"https:\/\/api.w.org\/{rel}","templated":true}]}}