{"id":4436,"date":"2025-04-27T02:23:54","date_gmt":"2025-04-27T02:23:54","guid":{"rendered":"https:\/\/bright-china.com\/?post_type=product&#038;p=4436"},"modified":"2025-12-31T04:15:06","modified_gmt":"2025-12-31T11:15:06","slug":"voltage-protector-jggq-80","status":"publish","type":"product","link":"https:\/\/bright-china.com\/tr\/product\/voltage-protector-jggq-80\/","title":{"rendered":"\u00dc\u00e7 fazl\u0131 d\u00f6rt telli a\u015f\u0131r\u0131 ve d\u00fc\u015f\u00fck voltaj koruyucusu JGGQ-80"},"content":{"rendered":"<h2><strong>Giri\u015f<\/strong><\/h2>\n<hr \/>\n<p><a style=\"font-size: 16px; background-color: #ffffff;\" href=\"https:\/\/bright-china.com\/current-voltage-protector\/\">Three phase four wire over and under voltage <\/a><span style=\"font-size: 16px;\">protector JGGQ-80S\/3P+N\u00a0 It is an upgrade from the ordinary type of product, product technical characteristics: low power consumption, long life, precise control, lack of phase protection, lack of zero line protection, maximum short-circuit limit current of 3000A, software control of humanization, and clear indication with Led light, the product is powered on for the first time under normal conditions of power supply closing time of 5 seconds, when the line occurs undervoltage, lack of phase and other faults, when the power supply turns normal, the closing time is 20 seconds, this design saves too much time to wait when the power grid is out of power.<\/span><\/p>\n<p>The three-phase four-wireSelf-resettable over\/undervoltage protectorIt has the functions of phase loss, zero loss,<a href=\"https:\/\/elejg.com\/?product\/\"> overvoltage<\/a> and undervoltage protection, and is often used in three-phase four-wire distribution lines and photovoltaic power generation combiner boxes.<\/p>\n<h2><strong><a href=\"https:\/\/bright-china.com\/product\/current-limiting-fire-alarm-protector\/\">Three phase four wire over and under voltage protector <\/a> of parameters<\/strong><\/h2>\n<hr \/>\n<p>1. Nominal ak\u0131m: 32A, 40A, 50A, 63A, 80A<\/p>\n<p>2. Working voltage: AC230V, 50Hz (phase line to neutral line working mode)<\/p>\n<p>3. Overvoltage protection value: AC270V \u00b15V\u00a0(phase to zero)<\/p>\n<p>4. Undervoltage protection value: AC170V \u00b15V\u00a0(phase to zero)<\/p>\n<p>5. First power-on closing time: 5 seconds<\/p>\n<p>6. Reset time after failure: 20 seconds<\/p>\n<p>7. Action time: 0.1 seconds<\/p>\n<p>8. The highest is possiblewithstandAC450V overvoltage(phase to zero)\u3002<\/p>\n<h2><strong>Implementation standards<\/strong><\/h2>\n<hr \/>\n<p>JGJ242-2011 Konut Binalar\u0131n\u0131n Elektriksel Tasar\u0131m\u0131 i\u00e7in Kod<\/p>\n<p>JGJ\/T16-2008<\/p>\n<p>GJBT-672 Konut Binalar\u0131 Elektrik Tasar\u0131m ve Yap\u0131m Standart Atlas\u0131<\/p>\n<p>GB\/T68895.10-2001<\/p>\n<p>S\u0131n\u0131f III elektrikli cihazlar i\u00e7in g\u00fcvenlik standartlar\u0131n\u0131 kar\u015f\u0131lar<\/p>\n<p>JB\/T12762-2015 \u300a<a href=\"https:\/\/bright-china.com\/current-voltage-protector\/\"><strong>3phase 4wire over and <\/strong><\/a><strong>under <\/strong><a href=\"https:\/\/bright-china.com\/current-voltage-protector\/\"><strong>voltaj koruyucusu<\/strong><\/a>\uff08<strong>OUPA<\/strong>)\u300b<\/p>\n<h2><strong>Three phase four wire over and under voltage protector <\/strong><strong>of\u00a0 size<\/strong><\/h2>\n<hr \/>\n<p><strong><img fetchpriority=\"high\" decoding=\"async\" class=\"alignnone wp-image-5588 size-full\" src=\"https:\/\/bright-china.com\/wp-content\/uploads\/2025\/04\/\u5916\u5f62\u5c3a\u5bf8.jpg\" alt=\"Dimensions of  Three phase four wire over and under voltage protector JGGQ-80S\" width=\"1141\" height=\"617\" srcset=\"https:\/\/bright-china.com\/wp-content\/uploads\/2025\/04\/\u5916\u5f62\u5c3a\u5bf8.jpg 1141w, https:\/\/bright-china.com\/wp-content\/uploads\/2025\/04\/\u5916\u5f62\u5c3a\u5bf8-300x162.jpg 300w, https:\/\/bright-china.com\/wp-content\/uploads\/2025\/04\/\u5916\u5f62\u5c3a\u5bf8-1024x554.jpg 1024w, https:\/\/bright-china.com\/wp-content\/uploads\/2025\/04\/\u5916\u5f62\u5c3a\u5bf8-768x415.jpg 768w, https:\/\/bright-china.com\/wp-content\/uploads\/2025\/04\/\u5916\u5f62\u5c3a\u5bf8-18x10.jpg 18w, https:\/\/bright-china.com\/wp-content\/uploads\/2025\/04\/\u5916\u5f62\u5c3a\u5bf8-600x324.jpg 600w\" sizes=\"(max-width: 1141px) 100vw, 1141px\" \/><\/strong><\/p>\n<p>&nbsp;<\/p>\n<h3 data-slate-node=\"element\"><span data-slate-node=\"text\"><span class=\"null hover-sent\" data-slate-leaf=\"true\" data-sent-id=\"ejrkgDPYqe\">Uyar\u0131:<\/span><\/span><\/h3>\n<div data-slate-node=\"element\"><span data-slate-node=\"text\"><span class=\"null hover-sent\" data-slate-leaf=\"true\" data-sent-id=\"ejrkgDPYqe\">N ve L kablolar\u0131 yanl\u0131\u015f ba\u011flanmamal\u0131d\u0131r.<\/span><\/span><\/div>\n<div data-slate-node=\"element\" data-slate-fragment=\"JTVCJTdCJTIydHlwZSUyMiUzQSUyMnBhcmFncmFwaCUyMiUyQyUyMmNoaWxkcmVuJTIyJTNBJTVCJTdCJTIyaWQlMjIlM0ElMjJlanJrZ0RQWXFlJTIyJTJDJTIycGFyYUlkeCUyMiUzQTElMkMlMjJzcmMlMjIlM0ElMjJBdHRlbnRpb24lM0ElMjBUaGUlMjBOJTIwYW5kJTIwTCUyMHdpcmVzJTIwbXVzdCUyMG5vdCUyMGJlJTIwY29ubmVjdGVkJTIwaW5jb3JyZWN0bHkuJTIyJTJDJTIyZHN0JTIyJTNBJTIyJUU2JUIzJUE4JUU2JTg0JThGJUVGJUJDJTlBTiVFNSU5MiU4Q0wlRTclQkElQkYlRTQlQjglOEQlRTUlQkUlOTclRTglQkYlOUUlRTYlOEUlQTUlRTklOTQlOTklRTglQUYlQUYlRTMlODAlODIlMjIlMkMlMjJtZXRhZGF0YSUyMiUzQSUyMiUyMiUyQyUyMm1hdGNoZXMlMjIlM0FudWxsJTJDJTIybWV0YURhdGElMjIlM0ElNUIlNUQlMkMlMjJ0ZXh0JTIyJTNBJTIyVGhlJTIwTiUyMGFuZCUyMEwlMjB3aXJlcyUyMG11c3QlMjBub3QlMjBiZSUyMGNvbm5lY3RlZCUyMGluY29ycmVjdGx5LiUyMiU3RCU1RCU3RCUyQyU3QiUyMnR5cGUlMjIlM0ElMjJwYXJhZ3JhcGglMjIlMkMlMjJjaGlsZHJlbiUyMiUzQSU1QiU3QiUyMmlkJTIyJTNBJTIyVk5ETmRqOUFiQiUyMiUyQyUyMnBhcmFJZHglMjIlM0EyJTJDJTIyc3JjJTIyJTNBJTIyQWxsJTIwdGVybWluYWxzJTIwbXVzdCUyMGJlJTIwdGlnaHRlbmVkJTIwdG8lMjBwcmV2ZW50JTIwZmFsc2UlMjBjb25uZWN0aW9ucyUyMHRoYXQlMjBjb3VsZCUyMGJ1cm4lMjBvdXQlMjB0aGUlMjBwcm90ZWN0b3IuJTIyJTJDJTIyZHN0JTIyJTNBJTIyJUU2JTg5JTgwJUU2JTlDJTg5JUU3JUFCJUFGJUU1JUFEJTkwJUU1JUJGJTg1JUU5JUExJUJCJUU2JThCJUE3JUU3JUI0JUE3JUVGJUJDJThDJUU0JUJCJUE1JUU5JTk4JUIyJUU2JUFEJUEyJUU1JThGJUFGJUU4JTgzJUJEJUU3JTgzJUE3JUU1JTlEJThGJUU0JUJGJTlEJUU2JThBJUE0JUU1JTk5JUE4JUU3JTlBJTg0JUU5JTk0JTk5JUU4JUFGJUFGJUU4JUJGJTlFJUU2JThFJUE1JUUzJTgwJTgyJTIyJTJDJTIybWV0YWRhdGElMjIlM0ElMjIlMjIlMkMlMjJtYXRjaGVzJTIyJTNBbnVsbCUyQyUyMm1ldGFEYXRhJTIyJTNBJTVCJTVEJTJDJTIydGV4dCUyMiUzQSUyMkFsbCUyMHRlcm1pbmFscyUyMG11c3QlMjBiZSUyMHRpZ2h0ZW5lZCUyMHRvJTIwcHJldmVudCUyMGZhbHNlJTIwY29ubmVjdGlvbnMlMjB0aGF0JTIwY291bGQlMjBidXJuJTIwb3V0JTIwdGhlJTIwcHJvdGVjdG9yLiUyMiU3RCU1RCU3RCU1RA==\"><span data-slate-node=\"text\"><span class=\"null\" data-slate-leaf=\"true\" data-sent-id=\"VNDNdj9AbB\">Koruyucuyu yakabilecek yanl\u0131\u015f ba\u011flant\u0131lar\u0131 \u00f6nlemek i\u00e7in t\u00fcm terminaller s\u0131k\u0131lmal\u0131d\u0131r.<\/span><\/span><\/div>\n<p>&nbsp;<\/p>\n<h2><strong>Standart Paket Bilgisi<\/strong><\/h2>\n<hr \/>\n<div style=\"overflow-x: auto;\">\n<p><img decoding=\"async\" class=\"alignnone wp-image-8832 size-medium lazyload\" data-src=\"https:\/\/bright-china.com\/wp-content\/uploads\/2025\/04\/Packaging-box-for-protector--300x300.webp\" alt=\"Packaging box for protector\" width=\"300\" height=\"300\" data-srcset=\"https:\/\/bright-china.com\/wp-content\/uploads\/2025\/04\/Packaging-box-for-protector--300x300.webp 300w, https:\/\/bright-china.com\/wp-content\/uploads\/2025\/04\/Packaging-box-for-protector--150x150.webp 150w, https:\/\/bright-china.com\/wp-content\/uploads\/2025\/04\/Packaging-box-for-protector--12x12.webp 12w, https:\/\/bright-china.com\/wp-content\/uploads\/2025\/04\/Packaging-box-for-protector--600x600.webp 600w, https:\/\/bright-china.com\/wp-content\/uploads\/2025\/04\/Packaging-box-for-protector--100x100.webp 100w, https:\/\/bright-china.com\/wp-content\/uploads\/2025\/04\/Packaging-box-for-protector-.webp 750w\" data-sizes=\"(max-width: 300px) 100vw, 300px\" src=\"data:image\/svg+xml;base64,PHN2ZyB3aWR0aD0iMSIgaGVpZ2h0PSIxIiB4bWxucz0iaHR0cDovL3d3dy53My5vcmcvMjAwMC9zdmciPjwvc3ZnPg==\" style=\"--smush-placeholder-width: 300px; --smush-placeholder-aspect-ratio: 300\/300;\" \/><\/p>\n<table style=\"width: 100%; border-color: #969696;\">\n<tbody>\n<tr>\n<th style=\"background-color: #060a30;\"><span style=\"color: #ffffff;\">Karton Boyut (cm)<\/span><\/th>\n<th style=\"background-color: #060a30;\"><span style=\"color: #ffffff;\">Paket listesi<\/span><\/th>\n<th style=\"background-color: #060a30;\"><span style=\"color: #ffffff;\">MIKTAR<\/span><\/th>\n<th style=\"background-color: #060a30;\"><span style=\"color: #ffffff;\">Br\u00fct a\u011f\u0131rl\u0131k (kg)<\/span><\/th>\n<\/tr>\n<tr>\n<td>45,5 cm \u00d7 23,5 cm \u00d7 31,5 cm<\/td>\n<td>\u00a0KORUYUCU<\/td>\n<td>60pcs<\/td>\n<td>20kg<\/td>\n<\/tr>\n<\/tbody>\n<\/table>\n<\/div>\n<p><a href=\"https:\/\/bright-china.com\/digital-display-current-and-voltage-protector\/\">Dijital ekranl\u0131 ayarlanabilir ak\u0131m ve voltaj koruyucusu<\/a><\/p>","protected":false},"excerpt":{"rendered":"<p><strong>Three phase four wire over and under voltage protector<\/strong> is an upgrade from the ordinary type of product, product features: low power consumption, long life, precise control, phase loss protection, lack of zero line protection, maximum short-circuit limiting current 3000A, software control humanization, and clear indication with Led light, the product is powered on for the first time under normal conditions of the power supply closing time is 6 seconds, when the line occurs over-undervoltage, lack of phase and other faults, when the power supply turns normal, the closing time is 40 seconds, this design saves too much time to wait when the power grid is in the power failure.<\/p>","protected":false},"featured_media":8794,"template":"","meta":{"_acf_changed":false,"site-sidebar-layout":"default","site-content-layout":"","ast-site-content-layout":"default","site-content-style":"default","site-sidebar-style":"default","ast-global-header-display":"","ast-banner-title-visibility":"","ast-main-header-display":"","ast-hfb-above-header-display":"","ast-hfb-below-header-display":"","ast-hfb-mobile-header-display":"","site-post-title":"","ast-breadcrumbs-content":"","ast-featured-img":"","footer-sml-layout":"","theme-transparent-header-meta":"default","adv-header-id-meta":"","stick-header-meta":"default","header-above-stick-meta":"","header-main-stick-meta":"","header-below-stick-meta":"","astra-migrate-meta-layouts":"set","ast-page-background-enabled":"default","ast-page-background-meta":{"desktop":{"background-color":"","background-image":"","background-repeat":"repeat","background-position":"center center","background-size":"auto","background-attachment":"scroll","background-type":"","background-media":"","overlay-type":"","overlay-color":"","overlay-opacity":"","overlay-gradient":""},"tablet":{"background-color":"","background-image":"","background-repeat":"repeat","background-position":"center center","background-size":"auto","background-attachment":"scroll","background-type":"","background-media":"","overlay-type":"","overlay-color":"","overlay-opacity":"","overlay-gradient":""},"mobile":{"background-color":"","background-image":"","background-repeat":"repeat","background-position":"center center","background-size":"auto","background-attachment":"scroll","background-type":"","background-media":"","overlay-type":"","overlay-color":"","overlay-opacity":"","overlay-gradient":""}},"ast-content-background-meta":{"desktop":{"background-color":"var(--ast-global-color-5)","background-image":"","background-repeat":"repeat","background-position":"center center","background-size":"auto","background-attachment":"scroll","background-type":"","background-media":"","overlay-type":"","overlay-color":"","overlay-opacity":"","overlay-gradient":""},"tablet":{"background-color":"var(--ast-global-color-5)","background-image":"","background-repeat":"repeat","background-position":"center center","background-size":"auto","background-attachment":"scroll","background-type":"","background-media":"","overlay-type":"","overlay-color":"","overlay-opacity":"","overlay-gradient":""},"mobile":{"background-color":"var(--ast-global-color-5)","background-image":"","background-repeat":"repeat","background-position":"center center","background-size":"auto","background-attachment":"scroll","background-type":"","background-media":"","overlay-type":"","overlay-color":"","overlay-opacity":"","overlay-gradient":""}},"_seo_title":"Three phase four wire over and under voltage protector","_seo_keywords":"Three phase four wire over and under voltage protector, Auto Reconnect Adjustabie Current voltage Protector, voltage protector for home","_seo_description":"Three phase four wire over and under voltage protector is an upgrade from the ordinary type of product, product features: low power consumption, long life, precise control, phase loss protection,..."},"product_brand":[],"product_cat":[15,65,57],"product_tag":[117,116,118,93],"class_list":{"0":"post-4436","1":"product","2":"type-product","3":"status-publish","4":"has-post-thumbnail","6":"product_cat-product","7":"product_cat-current-and-voltage-protector","8":"product_cat-smart-protector","9":"product_tag-automatic-reset-over-and-under-voltage-protector","10":"product_tag-current-and-voltage-protector","11":"product_tag-digital-display-adjustable-voltage-and-current-protector","12":"product_tag-voltage-protector","13":"desktop-align-center","14":"tablet-align-left","15":"mobile-align-left","16":"ast-product-gallery-layout-horizontal-slider","18":"first","19":"instock","20":"sale","21":"shipping-taxable","22":"purchasable","23":"product-type-simple"},"acf":[],"seo_title":"Three phase four wire over and under voltage protector","seo_keywords":"Three phase four wire over and under voltage protector, Auto Reconnect Adjustabie Current voltage Protector, voltage protector for home","seo_description":"Three phase four wire over and under voltage protector is an upgrade from the ordinary type of product, product features: low power consumption, long life, precise control, phase loss protection,...","seo_score":"75","product_seo_keywords":"","_links":{"self":[{"href":"https:\/\/bright-china.com\/tr\/wp-json\/wp\/v2\/product\/4436","targetHints":{"allow":["GET"]}}],"collection":[{"href":"https:\/\/bright-china.com\/tr\/wp-json\/wp\/v2\/product"}],"about":[{"href":"https:\/\/bright-china.com\/tr\/wp-json\/wp\/v2\/types\/product"}],"wp:featuredmedia":[{"embeddable":true,"href":"https:\/\/bright-china.com\/tr\/wp-json\/wp\/v2\/media\/8794"}],"wp:attachment":[{"href":"https:\/\/bright-china.com\/tr\/wp-json\/wp\/v2\/media?parent=4436"}],"wp:term":[{"taxonomy":"product_brand","embeddable":true,"href":"https:\/\/bright-china.com\/tr\/wp-json\/wp\/v2\/product_brand?post=4436"},{"taxonomy":"product_cat","embeddable":true,"href":"https:\/\/bright-china.com\/tr\/wp-json\/wp\/v2\/product_cat?post=4436"},{"taxonomy":"product_tag","embeddable":true,"href":"https:\/\/bright-china.com\/tr\/wp-json\/wp\/v2\/product_tag?post=4436"}],"curies":[{"name":"wp","href":"https:\/\/api.w.org\/{rel}","templated":true}]}}