{"id":4437,"date":"2025-04-27T02:23:54","date_gmt":"2025-04-27T02:23:54","guid":{"rendered":"https:\/\/bright-china.com\/?post_type=product&#038;p=4437"},"modified":"2026-01-05T22:31:02","modified_gmt":"2026-01-06T05:31:02","slug":"voltage-protector-jggq-63","status":"publish","type":"product","link":"https:\/\/bright-china.com\/tr\/product\/voltage-protector-jggq-63\/","title":{"rendered":"Otomatik s\u0131f\u0131rlamal\u0131 a\u015f\u0131r\u0131 ve d\u00fc\u015f\u00fck voltaj koruyucusu JGGQ-63"},"content":{"rendered":"<h2><strong>1. Introduction<\/strong><\/h2>\n<p>JGGQ-63 <strong>Automatic reset <a href=\"https:\/\/bright-china.com\/protectors\/\">a\u015f\u0131r\u0131 ve d\u00fc\u015f\u00fck voltaj koruyucusu <\/a><\/strong>When the power supply line has overvoltage and undervoltage, the protector can quickly and safely cut off the circuit under the continuous high-voltage impact to avoid the occurrence of accidents caused by abnormal voltage sent to the terminal electrical appliances, and when the voltage returns to normal values, the protector will automatically turn on the circuit within the specified time to ensure the normal operation of the terminal electrical appliances in the unattended situation.<\/p>\n<p><strong>2. Characteristics and use environment<\/strong><\/p>\n<p>1. When the single-phase line undervoltage occurs, cut off the line, and the single-phase line voltage will return to normal and automatically reset and connect the line after the delay, without manual operation.<\/p>\n<p>2. When there is transient or transient overvoltage in the line, the protector will not malfunction.<\/p>\n<p>3. When the voltage of the line is unstable due to faults such as false contacts, or when the power is suddenly cut off and the call suddenly comes, the protector is not connected to the line.<\/p>\n<p>4. When the line fault voltage is the highest, the protector itself will not be damaged.<\/p>\n<p>5. Withstand impulse voltage: 4kV (in line with the safety standards of Class III electrical appliances).<\/p>\n<p>6. Ambient temperature: -25\u00b0C~40\u00b0C, relative humidity: 10%~90%, altitude not exceeding 2500 meters, and the place of use should have rainproof facilities.<\/p>\n<h2><strong><a href=\"https:\/\/bright-china.com\/current-voltage-protector\/\">a\u015f\u0131r\u0131 ve d\u00fc\u015f\u00fck voltaj koruyucusu<\/a> of parameters<\/strong><\/h2>\n<hr \/>\n<p>1. Rated current: 32A, 40A, 50A, 63A<\/p>\n<p>2. \u00c7al\u0131\u015fma voltaj\u0131: AC230V, 50Hz<\/p>\n<p>3. A\u015f\u0131r\u0131 gerilim koruma de\u011feri: AC270V \u00b15V<\/p>\n<p>4. D\u00fc\u015f\u00fck gerilim koruma de\u011feri: AC170V \u00b15V<\/p>\n<p>5. Ar\u0131za sonras\u0131 s\u0131f\u0131rlama s\u00fcresi: 20 saniye<\/p>\n<p>6. Action time: 0.2 seconds<\/p>\n<p>7. The highest is possiblewithstandAC380V overvoltage.<\/p>\n<h2><strong>a\u015f\u0131r\u0131 ve d\u00fc\u015f\u00fck voltaj koruyucusu<\/strong><strong>of standards<\/strong><\/h2>\n<hr \/>\n<p>JGJ242-2011 Konut Binalar\u0131n\u0131n Elektriksel Tasar\u0131m\u0131 i\u00e7in Kod<\/p>\n<p>JGJ\/T16-2008<\/p>\n<p>GJBT-672 Konut Binalar\u0131 Elektrik Tasar\u0131m ve Yap\u0131m Standart Atlas\u0131<\/p>\n<p>GB\/T68895.10-2001<\/p>\n<p>S\u0131n\u0131f III elektrikli cihazlar i\u00e7in g\u00fcvenlik standartlar\u0131n\u0131 kar\u015f\u0131lar<\/p>\n<p>JB\/T12762-2015 \u300aOver Voltage And Under Voltage Protective Device With Auto-Reclosing Function\uff08<strong>OUPA<\/strong>)\u300b<\/p>\n<h2><strong>a\u015f\u0131r\u0131 ve d\u00fc\u015f\u00fck voltaj koruyucusu<\/strong><strong> b\u00fcy\u00fckl\u00fck<\/strong><\/h2>\n<hr \/>\n<p><img fetchpriority=\"high\" decoding=\"async\" class=\"alignnone wp-image-6319 size-full\" src=\"https:\/\/bright-china.com\/wp-content\/uploads\/2025\/04\/oupa\u5c3a\u5bf8.jpg\" alt=\"Dimensions of Automatic reset over and under voltage protector JGGQ-63\" width=\"750\" height=\"1069\" srcset=\"https:\/\/bright-china.com\/wp-content\/uploads\/2025\/04\/oupa\u5c3a\u5bf8.jpg 750w, https:\/\/bright-china.com\/wp-content\/uploads\/2025\/04\/oupa\u5c3a\u5bf8-210x300.jpg 210w, https:\/\/bright-china.com\/wp-content\/uploads\/2025\/04\/oupa\u5c3a\u5bf8-718x1024.jpg 718w, https:\/\/bright-china.com\/wp-content\/uploads\/2025\/04\/oupa\u5c3a\u5bf8-8x12.jpg 8w, https:\/\/bright-china.com\/wp-content\/uploads\/2025\/04\/oupa\u5c3a\u5bf8-600x855.jpg 600w\" sizes=\"(max-width: 750px) 100vw, 750px\" \/><\/p>\n<h2><strong>Standart Paket Bilgisi<\/strong><\/h2>\n<hr \/>\n<p><img decoding=\"async\" class=\"alignnone wp-image-6114 size-medium lazyload\" data-src=\"https:\/\/bright-china.com\/wp-content\/uploads\/2025\/04\/45.5-23.5-31.5-box-300x300.jpg\" alt=\"Packaging box for protector\" width=\"300\" height=\"300\" data-srcset=\"https:\/\/bright-china.com\/wp-content\/uploads\/2025\/04\/45.5-23.5-31.5-box-300x300.jpg 300w, https:\/\/bright-china.com\/wp-content\/uploads\/2025\/04\/45.5-23.5-31.5-box-150x150.jpg 150w, https:\/\/bright-china.com\/wp-content\/uploads\/2025\/04\/45.5-23.5-31.5-box-12x12.jpg 12w, https:\/\/bright-china.com\/wp-content\/uploads\/2025\/04\/45.5-23.5-31.5-box-600x600.jpg 600w, https:\/\/bright-china.com\/wp-content\/uploads\/2025\/04\/45.5-23.5-31.5-box-100x100.jpg 100w, https:\/\/bright-china.com\/wp-content\/uploads\/2025\/04\/45.5-23.5-31.5-box.jpg 750w\" data-sizes=\"(max-width: 300px) 100vw, 300px\" src=\"data:image\/svg+xml;base64,PHN2ZyB3aWR0aD0iMSIgaGVpZ2h0PSIxIiB4bWxucz0iaHR0cDovL3d3dy53My5vcmcvMjAwMC9zdmciPjwvc3ZnPg==\" style=\"--smush-placeholder-width: 300px; --smush-placeholder-aspect-ratio: 300\/300;\" \/><\/p>\n<div style=\"overflow-x: auto;\">\n<table style=\"width: 100%; border-color: #969696; height: 106px;\">\n<tbody>\n<tr style=\"height: 53px;\">\n<th style=\"height: 53px; background-color: #060a30;\"><span style=\"color: #ffffff;\">Karton Boyut (cm)<\/span><\/th>\n<th style=\"height: 53px; background-color: #060a30;\"><span style=\"color: #ffffff;\">Paket listesi<\/span><\/th>\n<th style=\"height: 53px; background-color: #060a30;\"><span style=\"color: #ffffff;\">MIKTAR<\/span><\/th>\n<th style=\"height: 53px; background-color: #060a30;\"><span style=\"color: #ffffff;\">Br\u00fct a\u011f\u0131rl\u0131k (kg)<\/span><\/th>\n<\/tr>\n<tr style=\"height: 53px;\">\n<td style=\"height: 53px;\">45,5 cm \u00d7 23,5 cm \u00d7 31,5 cm<\/td>\n<td style=\"height: 53px;\">\u00a0KORUYUCU<\/td>\n<td style=\"height: 53px;\">120 adet<\/td>\n<td style=\"height: 53px;\">20kg<\/td>\n<\/tr>\n<\/tbody>\n<\/table>\n<\/div>\n<p><a href=\"https:\/\/bright-china.com\/digital-display-current-and-voltage-protector\/\">Dijital ekranl\u0131 ayarlanabilir ak\u0131m ve voltaj koruyucusu<\/a><\/p>","protected":false},"excerpt":{"rendered":"<p>JGGQ-63 Automatic reset over\u00a0 and under voltage protector adopts the control circuit with high-speed micro-low-power processor as the core, magnetic latching relay as the main circuit, and modularized standard design, when the power supply line appears overvoltage and undervoltage, the protector can quickly and safely cut off the circuit under the continuous high-voltage impact to avoid the occurrence of accidents caused by abnormal voltage sent to the terminal electrical appliances, and when the voltage returns to normal values, the protector will automatically turn on the circuit within the specified time to ensure the normal operation of the terminal appliances in the unattended situation.<\/p>","protected":false},"featured_media":8798,"template":"","meta":{"_acf_changed":false,"site-sidebar-layout":"default","site-content-layout":"","ast-site-content-layout":"default","site-content-style":"default","site-sidebar-style":"default","ast-global-header-display":"","ast-banner-title-visibility":"","ast-main-header-display":"","ast-hfb-above-header-display":"","ast-hfb-below-header-display":"","ast-hfb-mobile-header-display":"","site-post-title":"","ast-breadcrumbs-content":"","ast-featured-img":"","footer-sml-layout":"","theme-transparent-header-meta":"default","adv-header-id-meta":"","stick-header-meta":"default","header-above-stick-meta":"","header-main-stick-meta":"","header-below-stick-meta":"","astra-migrate-meta-layouts":"set","ast-page-background-enabled":"default","ast-page-background-meta":{"desktop":{"background-color":"","background-image":"","background-repeat":"repeat","background-position":"center center","background-size":"auto","background-attachment":"scroll","background-type":"","background-media":"","overlay-type":"","overlay-color":"","overlay-opacity":"","overlay-gradient":""},"tablet":{"background-color":"","background-image":"","background-repeat":"repeat","background-position":"center center","background-size":"auto","background-attachment":"scroll","background-type":"","background-media":"","overlay-type":"","overlay-color":"","overlay-opacity":"","overlay-gradient":""},"mobile":{"background-color":"","background-image":"","background-repeat":"repeat","background-position":"center center","background-size":"auto","background-attachment":"scroll","background-type":"","background-media":"","overlay-type":"","overlay-color":"","overlay-opacity":"","overlay-gradient":""}},"ast-content-background-meta":{"desktop":{"background-color":"var(--ast-global-color-5)","background-image":"","background-repeat":"repeat","background-position":"center center","background-size":"auto","background-attachment":"scroll","background-type":"","background-media":"","overlay-type":"","overlay-color":"","overlay-opacity":"","overlay-gradient":""},"tablet":{"background-color":"var(--ast-global-color-5)","background-image":"","background-repeat":"repeat","background-position":"center center","background-size":"auto","background-attachment":"scroll","background-type":"","background-media":"","overlay-type":"","overlay-color":"","overlay-opacity":"","overlay-gradient":""},"mobile":{"background-color":"var(--ast-global-color-5)","background-image":"","background-repeat":"repeat","background-position":"center center","background-size":"auto","background-attachment":"scroll","background-type":"","background-media":"","overlay-type":"","overlay-color":"","overlay-opacity":"","overlay-gradient":""}},"_seo_title":"Automatic reset over and under voltage protector JGGQ-63","_seo_keywords":"Automatic reset over and under voltage protector, voltage protector for home, Digital adjustable voltage and current protector","_seo_description":"JGGQ-63 Automatic reset over\u00a0 and under voltage protector adopts the control circuit with high-speed micro-low-power processor as the core,"},"product_brand":[],"product_cat":[15,65],"product_tag":[94,117,118,93],"class_list":{"0":"post-4437","1":"product","2":"type-product","3":"status-publish","4":"has-post-thumbnail","6":"product_cat-product","7":"product_cat-current-and-voltage-protector","8":"product_tag-3phase-4-wire-current-and-voltage-protector","9":"product_tag-automatic-reset-over-and-under-voltage-protector","10":"product_tag-digital-display-adjustable-voltage-and-current-protector","11":"product_tag-voltage-protector","12":"desktop-align-center","13":"tablet-align-left","14":"mobile-align-left","15":"ast-product-gallery-layout-horizontal-slider","17":"first","18":"instock","19":"sale","20":"shipping-taxable","21":"purchasable","22":"product-type-simple"},"acf":[],"seo_title":"Automatic reset over and under voltage protector JGGQ-63","seo_keywords":"Automatic reset over and under voltage protector, voltage protector for home, Digital adjustable voltage and current protector","seo_description":"JGGQ-63 Automatic reset over\u00a0 and under voltage protector adopts the control circuit with high-speed micro-low-power processor as the core,","seo_score":"85","product_seo_keywords":"","_links":{"self":[{"href":"https:\/\/bright-china.com\/tr\/wp-json\/wp\/v2\/product\/4437","targetHints":{"allow":["GET"]}}],"collection":[{"href":"https:\/\/bright-china.com\/tr\/wp-json\/wp\/v2\/product"}],"about":[{"href":"https:\/\/bright-china.com\/tr\/wp-json\/wp\/v2\/types\/product"}],"wp:featuredmedia":[{"embeddable":true,"href":"https:\/\/bright-china.com\/tr\/wp-json\/wp\/v2\/media\/8798"}],"wp:attachment":[{"href":"https:\/\/bright-china.com\/tr\/wp-json\/wp\/v2\/media?parent=4437"}],"wp:term":[{"taxonomy":"product_brand","embeddable":true,"href":"https:\/\/bright-china.com\/tr\/wp-json\/wp\/v2\/product_brand?post=4437"},{"taxonomy":"product_cat","embeddable":true,"href":"https:\/\/bright-china.com\/tr\/wp-json\/wp\/v2\/product_cat?post=4437"},{"taxonomy":"product_tag","embeddable":true,"href":"https:\/\/bright-china.com\/tr\/wp-json\/wp\/v2\/product_tag?post=4437"}],"curies":[{"name":"wp","href":"https:\/\/api.w.org\/{rel}","templated":true}]}}