{"id":7409,"date":"2025-10-14T05:26:47","date_gmt":"2025-10-14T12:26:47","guid":{"rendered":"https:\/\/bright-china.com\/?post_type=product&#038;p=7409"},"modified":"2026-01-22T05:52:25","modified_gmt":"2026-01-22T12:52:25","slug":"ats-jgat3-1","status":"publish","type":"product","link":"https:\/\/bright-china.com\/tr\/product\/ats-jgat3-1\/","title":{"rendered":"Ak\u0131ll\u0131 otomatik transfer anahtar\u0131\uff08ATS) JGAT3-1"},"content":{"rendered":"<h2>ATS Giri\u015f<\/h2>\n<hr \/>\n<p><span style=\"font-size: 16px;\">\u00a0 \u00a0 \u00a0Ak\u0131ll\u0131 <\/span><a style=\"font-size: 16px; background-color: #ffffff;\" href=\"https:\/\/bright-china.com\/power-switch\/\">otomati\u0307k transfer \u015falteri\u0307<\/a><span style=\"font-size: 16px;\">\uff08<\/span><a style=\"font-size: 16px; background-color: #ffffff;\" href=\"https:\/\/elejg.com\">ATS<\/a><span style=\"font-size: 16px;\">) \u00c7oklu G\u00fc\u00e7 Kayna\u011f\u0131 Y\u00f6netimidir: Bu 3 yollu otomatik transfer anahtar\u0131, \u015febeke elektri\u011fi (birincil g\u00fc\u00e7 kayna\u011f\u0131), jenerat\u00f6r ve bir invert\u00f6r dahil olmak \u00fczere 3 adet g\u00fc\u00e7 giri\u015f aray\u00fcz\u00fcne sahiptir. Ana g\u00fc\u00e7 kayna\u011f\u0131 ar\u0131zaland\u0131\u011f\u0131nda, voltaj dengesizli\u011fi veya di\u011fer sorunlar oldu\u011funda, bu anahtar otomatik olarak alg\u0131layabilir ve kesintisiz g\u00fc\u00e7 kayna\u011f\u0131 sa\u011flamak i\u00e7in bir sonraki mevcut g\u00fc\u00e7 kayna\u011f\u0131na ge\u00e7ebilir.<\/span><\/p>\n<p>Esnek Parametre Ayar\u0131: Otomatik anahtarlamay\u0131 tetiklemek i\u00e7in voltaj ve frekans aral\u0131\u011f\u0131n\u0131 ihtiya\u00e7lar\u0131na g\u00f6re ayarlayabilirsiniz. Transfer anahtar\u0131n\u0131zda talimatlara g\u00f6re hata ay\u0131klamak i\u00e7in talimatlarla birlikte gelir. G\u00fc\u00e7 a\u00e7ma gecikme s\u00fcresi, koruma kurtarma gecikme s\u00fcresi, a\u015f\u0131r\u0131 gerilim koruma de\u011feri, d\u00fc\u015f\u00fck gerilim koruma de\u011feri, a\u015f\u0131r\u0131 ak\u0131m korumas\u0131, piority faz\u0131, a\u015f\u0131r\u0131 ak\u0131m koruma eylem s\u00fcresi, s\u00fcrekli a\u015f\u0131r\u0131 ak\u0131m koruma frekans\u0131 dahil<\/p>\n<p>Ger\u00e7ek zamanl\u0131 izleme: 5 LED ekran ve 4 g\u00f6sterge \u0131\u015f\u0131\u011f\u0131 ile g\u00fc\u00e7 kayna\u011f\u0131ndan hangi devrenin sorumlu oldu\u011funu veya bir hata olup olmad\u0131\u011f\u0131n\u0131 a\u00e7\u0131k\u00e7a bilmek kolayd\u0131r. Ger\u00e7ek zamanl\u0131 giri\u015f voltaj\u0131 ve \u00e7\u0131k\u0131\u015f ak\u0131m\u0131 durumu sa\u011flar, g\u00fc\u00e7 kayna\u011f\u0131 ekipman\u0131n\u0131n performans\u0131n\u0131 izler ve \u015febeke g\u00fcc\u00fc dengesiz oldu\u011funda bir jenerat\u00f6re veya invert\u00f6re ge\u00e7mek gibi g\u00fc\u00e7 anahtarlama kararlar\u0131 vermenize yard\u0131mc\u0131 olmak i\u00e7in gerekli Ayarlamalar\u0131 yapar<\/p>\n<p>Kapsaml\u0131 G\u00fcvenlik Korumas\u0131: D\u00fc\u015f\u00fck voltaj korumas\u0131, a\u015f\u0131r\u0131 voltaj korumas\u0131, a\u015f\u0131r\u0131 ak\u0131m korumas\u0131 vb. dahil olmak \u00fczere \u00e7oklu g\u00fcvenlik koruma \u00f6zelliklerine sahiptir. Bunlar yaln\u0131zca g\u00fc\u00e7 kararl\u0131l\u0131\u011f\u0131n\u0131 ve g\u00fcvenilirli\u011fini art\u0131rmakla kalmaz, ayn\u0131 zamanda ba\u011fl\u0131 cihazlar\u0131 g\u00fc\u00e7le ilgili sorunlardan koruyarak g\u00fc\u00e7 sorunlar\u0131yla ili\u015fkili potansiyel tehlikeleri azalt\u0131r<\/p>\n<p>Geni\u015f Uygulanabilirlik: 2 y\u00f6nl\u00fc yedek g\u00fc\u00e7 kayna\u011f\u0131 aray\u00fczleri ile \u00e7o\u011fu jenerat\u00f6r, g\u00fcne\u015f paneli ve \u00e7\u0131k\u0131\u015f voltaj\u0131na sahip di\u011fer g\u00fc\u00e7 kayna\u011f\u0131 cihazlar\u0131yla uyumludur. Ev yedek g\u00fc\u00e7 sistemleri, ticari binalar, end\u00fcstriyel ekipmanlar vb. dahil olmak \u00fczere \u00e7e\u015fitli uygulama senaryolar\u0131 i\u00e7in uygundur ve farkl\u0131 alanlarda g\u00fcvenilir bir g\u00fc\u00e7 anahtarlama \u00e7\u00f6z\u00fcm\u00fc sa\u011flar<\/p>\n<h2>\u00dcr\u00fcn A\u00e7\u0131klamas\u0131<\/h2>\n<hr \/>\n<p>1\u3001Otomatik transfer anahtar\u0131: \u201c\u00f6ncelik\u201d kademeli<\/p>\n<p>2\u3001Mikrodenetleyici tabanl\u0131<\/p>\n<p>3\u3001D\u00fc\u011fmeler arac\u0131l\u0131\u011f\u0131yla parametreleri ayarlama<\/p>\n<p>4\u3001<a href=\"https:\/\/elejg.com\/\">A\u015f\u0131r\u0131 Gerilim<\/a> ve d\u00fc\u015f\u00fck gerilim korumas\u0131<\/p>\n<p>5\u3001A\u015f\u0131r\u0131 ak\u0131m korumas\u0131<\/p>\n<p>6\u3001LED \u00e7al\u0131\u015fma voltaj\u0131 g\u00f6stergesi<\/p>\n<p>7\u3001Ray montaj\u0131<\/p>\n<p><img fetchpriority=\"high\" decoding=\"async\" class=\"alignnone wp-image-8675 size-full\" src=\"https:\/\/bright-china.com\/wp-content\/uploads\/2025\/10\/automatic-transfer-switch-ATS-63Parameter-settings.webp\" alt=\"otomatik transfer anahtar\u0131-ATS-63Parametre ayarlar\u0131\" width=\"800\" height=\"1397\" srcset=\"https:\/\/bright-china.com\/wp-content\/uploads\/2025\/10\/automatic-transfer-switch-ATS-63Parameter-settings.webp 800w, https:\/\/bright-china.com\/wp-content\/uploads\/2025\/10\/automatic-transfer-switch-ATS-63Parameter-settings-172x300.webp 172w, https:\/\/bright-china.com\/wp-content\/uploads\/2025\/10\/automatic-transfer-switch-ATS-63Parameter-settings-586x1024.webp 586w, https:\/\/bright-china.com\/wp-content\/uploads\/2025\/10\/automatic-transfer-switch-ATS-63Parameter-settings-768x1341.webp 768w, https:\/\/bright-china.com\/wp-content\/uploads\/2025\/10\/automatic-transfer-switch-ATS-63Parameter-settings-7x12.webp 7w, https:\/\/bright-china.com\/wp-content\/uploads\/2025\/10\/automatic-transfer-switch-ATS-63Parameter-settings-600x1048.webp 600w\" sizes=\"(max-width: 800px) 100vw, 800px\" \/><\/p>\n<h2>Teknik veriler<\/h2>\n<hr \/>\n<p><img decoding=\"async\" class=\"alignnone wp-image-8671 size-full lazyload\" data-src=\"https:\/\/bright-china.com\/wp-content\/uploads\/2025\/10\/automatic-transfer-switch-ATS-63-\u6280\u672f\u53c2\u6570.webp\" alt=\"otomatik transfer anahtar\u0131-ATS-63-Teknik \u00d6zellikler\" width=\"800\" height=\"769\" data-srcset=\"https:\/\/bright-china.com\/wp-content\/uploads\/2025\/10\/automatic-transfer-switch-ATS-63-\u6280\u672f\u53c2\u6570.webp 800w, https:\/\/bright-china.com\/wp-content\/uploads\/2025\/10\/automatic-transfer-switch-ATS-63-\u6280\u672f\u53c2\u6570-300x288.webp 300w, https:\/\/bright-china.com\/wp-content\/uploads\/2025\/10\/automatic-transfer-switch-ATS-63-\u6280\u672f\u53c2\u6570-768x738.webp 768w, https:\/\/bright-china.com\/wp-content\/uploads\/2025\/10\/automatic-transfer-switch-ATS-63-\u6280\u672f\u53c2\u6570-12x12.webp 12w, https:\/\/bright-china.com\/wp-content\/uploads\/2025\/10\/automatic-transfer-switch-ATS-63-\u6280\u672f\u53c2\u6570-600x577.webp 600w\" data-sizes=\"(max-width: 800px) 100vw, 800px\" src=\"data:image\/svg+xml;base64,PHN2ZyB3aWR0aD0iMSIgaGVpZ2h0PSIxIiB4bWxucz0iaHR0cDovL3d3dy53My5vcmcvMjAwMC9zdmciPjwvc3ZnPg==\" style=\"--smush-placeholder-width: 800px; --smush-placeholder-aspect-ratio: 800\/769;\" \/><\/p>\n<h2>\u00d6n y\u00fcz paneli<\/h2>\n<hr \/>\n<p>&nbsp;<\/p>\n<p><img decoding=\"async\" class=\"alignnone wp-image-8668 size-full lazyload\" data-src=\"https:\/\/bright-china.com\/wp-content\/uploads\/2025\/10\/automatic-transfer-switch-ATS-63-\u9762\u677f\u8bf4\u660e-\u62f7\u8d1d.webp\" alt=\"otomatik transfer anahtar\u0131-ATS-63-Panel A\u00e7\u0131klamas\u0131\" width=\"800\" height=\"364\" data-srcset=\"https:\/\/bright-china.com\/wp-content\/uploads\/2025\/10\/automatic-transfer-switch-ATS-63-\u9762\u677f\u8bf4\u660e-\u62f7\u8d1d.webp 800w, https:\/\/bright-china.com\/wp-content\/uploads\/2025\/10\/automatic-transfer-switch-ATS-63-\u9762\u677f\u8bf4\u660e-\u62f7\u8d1d-300x137.webp 300w, https:\/\/bright-china.com\/wp-content\/uploads\/2025\/10\/automatic-transfer-switch-ATS-63-\u9762\u677f\u8bf4\u660e-\u62f7\u8d1d-768x349.webp 768w, https:\/\/bright-china.com\/wp-content\/uploads\/2025\/10\/automatic-transfer-switch-ATS-63-\u9762\u677f\u8bf4\u660e-\u62f7\u8d1d-18x8.webp 18w, https:\/\/bright-china.com\/wp-content\/uploads\/2025\/10\/automatic-transfer-switch-ATS-63-\u9762\u677f\u8bf4\u660e-\u62f7\u8d1d-600x273.webp 600w\" data-sizes=\"(max-width: 800px) 100vw, 800px\" src=\"data:image\/svg+xml;base64,PHN2ZyB3aWR0aD0iMSIgaGVpZ2h0PSIxIiB4bWxucz0iaHR0cDovL3d3dy53My5vcmcvMjAwMC9zdmciPjwvc3ZnPg==\" style=\"--smush-placeholder-width: 800px; --smush-placeholder-aspect-ratio: 800\/364;\" \/><\/p>\n<p>&nbsp;<\/p>\n<h2>Ba\u011flant\u0131 \u015femas\u0131\/Boyutsal \u00c7izim<\/h2>\n<hr \/>\n<p><img decoding=\"async\" class=\"alignnone wp-image-8672 size-full lazyload\" data-src=\"https:\/\/bright-china.com\/wp-content\/uploads\/2025\/10\/automatic-transfer-switch-ATS-63-\u63a5\u7ebf\u56fe.webp\" alt=\"otomatik transfer anahtar\u0131-ATS-63-Kablolama Talimatlar\u0131\" width=\"800\" height=\"733\" data-srcset=\"https:\/\/bright-china.com\/wp-content\/uploads\/2025\/10\/automatic-transfer-switch-ATS-63-\u63a5\u7ebf\u56fe.webp 800w, https:\/\/bright-china.com\/wp-content\/uploads\/2025\/10\/automatic-transfer-switch-ATS-63-\u63a5\u7ebf\u56fe-300x275.webp 300w, https:\/\/bright-china.com\/wp-content\/uploads\/2025\/10\/automatic-transfer-switch-ATS-63-\u63a5\u7ebf\u56fe-768x704.webp 768w, https:\/\/bright-china.com\/wp-content\/uploads\/2025\/10\/automatic-transfer-switch-ATS-63-\u63a5\u7ebf\u56fe-13x12.webp 13w, https:\/\/bright-china.com\/wp-content\/uploads\/2025\/10\/automatic-transfer-switch-ATS-63-\u63a5\u7ebf\u56fe-600x550.webp 600w\" data-sizes=\"(max-width: 800px) 100vw, 800px\" src=\"data:image\/svg+xml;base64,PHN2ZyB3aWR0aD0iMSIgaGVpZ2h0PSIxIiB4bWxucz0iaHR0cDovL3d3dy53My5vcmcvMjAwMC9zdmciPjwvc3ZnPg==\" style=\"--smush-placeholder-width: 800px; --smush-placeholder-aspect-ratio: 800\/733;\" \/> <img decoding=\"async\" class=\"alignnone wp-image-8673 size-full lazyload\" data-src=\"https:\/\/bright-china.com\/wp-content\/uploads\/2025\/10\/automatic-transfer-switch-ATS-63-\u5916\u5f62\u5c3a\u5bf8-\u62f7\u8d1d.webp\" alt=\"otomatik transfer anahtar\u0131-ATS-63-Genel boyutlar\" width=\"800\" height=\"369\" data-srcset=\"https:\/\/bright-china.com\/wp-content\/uploads\/2025\/10\/automatic-transfer-switch-ATS-63-\u5916\u5f62\u5c3a\u5bf8-\u62f7\u8d1d.webp 800w, https:\/\/bright-china.com\/wp-content\/uploads\/2025\/10\/automatic-transfer-switch-ATS-63-\u5916\u5f62\u5c3a\u5bf8-\u62f7\u8d1d-300x138.webp 300w, https:\/\/bright-china.com\/wp-content\/uploads\/2025\/10\/automatic-transfer-switch-ATS-63-\u5916\u5f62\u5c3a\u5bf8-\u62f7\u8d1d-768x354.webp 768w, https:\/\/bright-china.com\/wp-content\/uploads\/2025\/10\/automatic-transfer-switch-ATS-63-\u5916\u5f62\u5c3a\u5bf8-\u62f7\u8d1d-18x8.webp 18w, https:\/\/bright-china.com\/wp-content\/uploads\/2025\/10\/automatic-transfer-switch-ATS-63-\u5916\u5f62\u5c3a\u5bf8-\u62f7\u8d1d-600x277.webp 600w\" data-sizes=\"(max-width: 800px) 100vw, 800px\" src=\"data:image\/svg+xml;base64,PHN2ZyB3aWR0aD0iMSIgaGVpZ2h0PSIxIiB4bWxucz0iaHR0cDovL3d3dy53My5vcmcvMjAwMC9zdmciPjwvc3ZnPg==\" style=\"--smush-placeholder-width: 800px; --smush-placeholder-aspect-ratio: 800\/369;\" \/><\/p>\n<p><span style=\"font-size: 16px;\">\u00a0Ak\u0131ll\u0131 otomatik transfer anahtar\u0131 \uff08<a href=\"https:\/\/bright-china.com\/en\/ats\/\" title=\"\u67e5\u770b\u66f4\u591a\u5173\u4e8eATS\u7684\u4fe1\u606f\" class=\"seo-keyword-link\" style=\"font-weight: bold; color: inherit; text-decoration: underline; border-bottom: 1px dotted #667eea;\">ATS<\/a>)<\/span><\/p>","protected":false},"excerpt":{"rendered":"<p><a href=\"https:\/\/bright-china.com\/product\/arc-fault-circuit-interrupters-afci-jgafci-63\/\">Ak\u0131ll\u0131 otomatik transfer anahtar\u0131\uff08ATS)<\/a> \u00c7oklu G\u00fc\u00e7 Kayna\u011f\u0131 Y\u00f6netimidir: Bu 3 yollu otomatik transfer anahtar\u0131, \u015febeke elektri\u011fi (birincil g\u00fc\u00e7 kayna\u011f\u0131), jenerat\u00f6r ve bir invert\u00f6r dahil olmak \u00fczere 3 adet g\u00fc\u00e7 giri\u015f aray\u00fcz\u00fcne sahiptir. Ana g\u00fc\u00e7 kayna\u011f\u0131 ar\u0131zaland\u0131\u011f\u0131nda, voltaj dengesizli\u011fi veya di\u011fer sorunlar oldu\u011funda, bu anahtar otomatik olarak alg\u0131layabilir ve kesintisiz g\u00fc\u00e7 kayna\u011f\u0131 sa\u011flamak i\u00e7in bir sonraki mevcut g\u00fc\u00e7 kayna\u011f\u0131na ge\u00e7ebilir.<\/p>\n<p>&nbsp;<\/p>","protected":false},"featured_media":8669,"template":"","meta":{"_acf_changed":false,"site-sidebar-layout":"default","site-content-layout":"","ast-site-content-layout":"default","site-content-style":"default","site-sidebar-style":"default","ast-global-header-display":"","ast-banner-title-visibility":"","ast-main-header-display":"","ast-hfb-above-header-display":"","ast-hfb-below-header-display":"","ast-hfb-mobile-header-display":"","site-post-title":"","ast-breadcrumbs-content":"","ast-featured-img":"","footer-sml-layout":"","theme-transparent-header-meta":"default","adv-header-id-meta":"","stick-header-meta":"default","header-above-stick-meta":"","header-main-stick-meta":"","header-below-stick-meta":"","astra-migrate-meta-layouts":"set","ast-page-background-enabled":"default","ast-page-background-meta":{"desktop":{"background-color":"","background-image":"","background-repeat":"repeat","background-position":"center center","background-size":"auto","background-attachment":"scroll","background-type":"","background-media":"","overlay-type":"","overlay-color":"","overlay-opacity":"","overlay-gradient":""},"tablet":{"background-color":"","background-image":"","background-repeat":"repeat","background-position":"center center","background-size":"auto","background-attachment":"scroll","background-type":"","background-media":"","overlay-type":"","overlay-color":"","overlay-opacity":"","overlay-gradient":""},"mobile":{"background-color":"","background-image":"","background-repeat":"repeat","background-position":"center center","background-size":"auto","background-attachment":"scroll","background-type":"","background-media":"","overlay-type":"","overlay-color":"","overlay-opacity":"","overlay-gradient":""}},"ast-content-background-meta":{"desktop":{"background-color":"var(--ast-global-color-5)","background-image":"","background-repeat":"repeat","background-position":"center center","background-size":"auto","background-attachment":"scroll","background-type":"","background-media":"","overlay-type":"","overlay-color":"","overlay-opacity":"","overlay-gradient":""},"tablet":{"background-color":"var(--ast-global-color-5)","background-image":"","background-repeat":"repeat","background-position":"center center","background-size":"auto","background-attachment":"scroll","background-type":"","background-media":"","overlay-type":"","overlay-color":"","overlay-opacity":"","overlay-gradient":""},"mobile":{"background-color":"var(--ast-global-color-5)","background-image":"","background-repeat":"repeat","background-position":"center center","background-size":"auto","background-attachment":"scroll","background-type":"","background-media":"","overlay-type":"","overlay-color":"","overlay-opacity":"","overlay-gradient":""}},"_seo_title":"Intelligent automatic transfer switch\uff08ATS) JGAT3-1","_seo_keywords":"Automatic Transfer Switch ATS, ats, Automatic Transfer Switch mode in china","_seo_description":"Intelligent automatic transfer switch\uff08ATS) is Multiple Power Source Management: This 3-way automatic transfer switch has 3pcs power input interfaces,"},"product_brand":[],"product_cat":[15,100,65,57],"product_tag":[101,102,128,129],"class_list":{"0":"post-7409","1":"product","2":"type-product","3":"status-publish","4":"has-post-thumbnail","6":"product_cat-product","7":"product_cat-ats","8":"product_cat-current-and-voltage-protector","9":"product_cat-smart-protector","10":"product_tag-ats","11":"product_tag-automatic-transfer-switch","12":"product_tag-intelligent-automatic-transfer-switch","13":"product_tag-intelligent-automatic-transfer-switchats","14":"desktop-align-center","15":"tablet-align-left","16":"mobile-align-left","17":"ast-product-gallery-layout-horizontal-slider","19":"first","20":"instock","21":"featured","22":"downloadable","23":"shipping-taxable","24":"purchasable","25":"product-type-simple"},"acf":[],"seo_title":"Intelligent automatic transfer switch\uff08ATS) JGAT3-1","seo_keywords":"Automatic Transfer Switch ATS, ats, Automatic Transfer Switch mode in china","seo_description":"Intelligent automatic transfer switch\uff08ATS) is Multiple Power Source Management: This 3-way automatic transfer switch has 3pcs power input interfaces,","seo_score":"85","product_seo_keywords":"","_links":{"self":[{"href":"https:\/\/bright-china.com\/tr\/wp-json\/wp\/v2\/product\/7409","targetHints":{"allow":["GET"]}}],"collection":[{"href":"https:\/\/bright-china.com\/tr\/wp-json\/wp\/v2\/product"}],"about":[{"href":"https:\/\/bright-china.com\/tr\/wp-json\/wp\/v2\/types\/product"}],"wp:featuredmedia":[{"embeddable":true,"href":"https:\/\/bright-china.com\/tr\/wp-json\/wp\/v2\/media\/8669"}],"wp:attachment":[{"href":"https:\/\/bright-china.com\/tr\/wp-json\/wp\/v2\/media?parent=7409"}],"wp:term":[{"taxonomy":"product_brand","embeddable":true,"href":"https:\/\/bright-china.com\/tr\/wp-json\/wp\/v2\/product_brand?post=7409"},{"taxonomy":"product_cat","embeddable":true,"href":"https:\/\/bright-china.com\/tr\/wp-json\/wp\/v2\/product_cat?post=7409"},{"taxonomy":"product_tag","embeddable":true,"href":"https:\/\/bright-china.com\/tr\/wp-json\/wp\/v2\/product_tag?post=7409"}],"curies":[{"name":"wp","href":"https:\/\/api.w.org\/{rel}","templated":true}]}}