{"id":5944,"date":"2025-06-04T18:32:42","date_gmt":"2025-06-05T01:32:42","guid":{"rendered":"https:\/\/bright-china.com\/?page_id=5944"},"modified":"2025-12-31T05:23:08","modified_gmt":"2025-12-31T12:23:08","slug":"cong-tac-nguon","status":"publish","type":"page","link":"https:\/\/bright-china.com\/vi\/cong-tac-nguon\/","title":{"rendered":"c\u00f4ng t\u1eafc ngu\u1ed3n"},"content":{"rendered":"<div data-elementor-type=\"wp-post\" data-elementor-id=\"5944\" class=\"elementor elementor-5944\" data-elementor-settings=\"{&quot;element_pack_global_tooltip_width&quot;:{&quot;unit&quot;:&quot;px&quot;,&quot;size&quot;:&quot;&quot;,&quot;sizes&quot;:[]},&quot;element_pack_global_tooltip_width_tablet&quot;:{&quot;unit&quot;:&quot;px&quot;,&quot;size&quot;:&quot;&quot;,&quot;sizes&quot;:[]},&quot;element_pack_global_tooltip_width_mobile&quot;:{&quot;unit&quot;:&quot;px&quot;,&quot;size&quot;:&quot;&quot;,&quot;sizes&quot;:[]},&quot;element_pack_global_tooltip_padding&quot;:{&quot;unit&quot;:&quot;px&quot;,&quot;top&quot;:&quot;&quot;,&quot;right&quot;:&quot;&quot;,&quot;bottom&quot;:&quot;&quot;,&quot;left&quot;:&quot;&quot;,&quot;isLinked&quot;:true},&quot;element_pack_global_tooltip_padding_tablet&quot;:{&quot;unit&quot;:&quot;px&quot;,&quot;top&quot;:&quot;&quot;,&quot;right&quot;:&quot;&quot;,&quot;bottom&quot;:&quot;&quot;,&quot;left&quot;:&quot;&quot;,&quot;isLinked&quot;:true},&quot;element_pack_global_tooltip_padding_mobile&quot;:{&quot;unit&quot;:&quot;px&quot;,&quot;top&quot;:&quot;&quot;,&quot;right&quot;:&quot;&quot;,&quot;bottom&quot;:&quot;&quot;,&quot;left&quot;:&quot;&quot;,&quot;isLinked&quot;:true},&quot;element_pack_global_tooltip_border_radius&quot;:{&quot;unit&quot;:&quot;px&quot;,&quot;top&quot;:&quot;&quot;,&quot;right&quot;:&quot;&quot;,&quot;bottom&quot;:&quot;&quot;,&quot;left&quot;:&quot;&quot;,&quot;isLinked&quot;:true},&quot;element_pack_global_tooltip_border_radius_tablet&quot;:{&quot;unit&quot;:&quot;px&quot;,&quot;top&quot;:&quot;&quot;,&quot;right&quot;:&quot;&quot;,&quot;bottom&quot;:&quot;&quot;,&quot;left&quot;:&quot;&quot;,&quot;isLinked&quot;:true},&quot;element_pack_global_tooltip_border_radius_mobile&quot;:{&quot;unit&quot;:&quot;px&quot;,&quot;top&quot;:&quot;&quot;,&quot;right&quot;:&quot;&quot;,&quot;bottom&quot;:&quot;&quot;,&quot;left&quot;:&quot;&quot;,&quot;isLinked&quot;:true}}\" data-elementor-post-type=\"page\">\n\t\t\t\t<div class=\"elementor-element elementor-element-79b68a0 e-flex e-con-boxed e-con e-parent\" data-id=\"79b68a0\" data-element_type=\"container\" data-settings=\"{&quot;background_background&quot;:&quot;classic&quot;}\">\n\t\t\t\t\t<div class=\"e-con-inner\">\n\t\t\t\t\t<\/div>\n\t\t\t\t<\/div>\n\t\t<div class=\"elementor-element elementor-element-fafc3c8 e-con-full e-flex e-con e-parent\" data-id=\"fafc3c8\" data-element_type=\"container\">\n\t\t<div class=\"elementor-element elementor-element-4089efa e-con-full e-flex elementor-invisible e-con e-child\" data-id=\"4089efa\" data-element_type=\"container\" data-settings=\"{&quot;animation&quot;:&quot;fadeInLeft&quot;}\">\n\t\t\t\t<div class=\"elementor-element elementor-element-39f619e elementor-widget-divider--view-line elementor-widget elementor-widget-divider\" data-id=\"39f619e\" data-element_type=\"widget\" data-widget_type=\"divider.default\">\n\t\t\t\t<div class=\"elementor-widget-container\">\n\t\t\t\t\t\t\t<div class=\"elementor-divider\">\n\t\t\t<span class=\"elementor-divider-separator\">\n\t\t\t\t\t\t<\/span>\n\t\t<\/div>\n\t\t\t\t\t\t<\/div>\n\t\t\t\t<\/div>\n\t\t\t\t<div class=\"elementor-element elementor-element-61f1c34 elementor-widget elementor-widget-image-box\" data-id=\"61f1c34\" data-element_type=\"widget\" data-widget_type=\"image-box.default\">\n\t\t\t\t<div class=\"elementor-widget-container\">\n\t\t\t\t\t<div class=\"elementor-image-box-wrapper\"><div class=\"elementor-image-box-content\"><h2 class=\"elementor-image-box-title\">S\u1ea3n ph\u1ea9m c\u1ee7a ch\u00fang t\u00f4i<\/h2><p class=\"elementor-image-box-description\">S\u1ea3n ph\u1ea9m c\u1ee7a ch\u00fang t\u00f4i: B\u1ed9 ng\u1eaft m\u1ea1ch DC, B\u1ed9 b\u1ea3o v\u1ec7 qu\u00e1 \u00e1p DC, B\u1ed9 b\u1ea3o v\u1ec7 h\u1ed3 quang s\u1ef1 c\u1ed1, B\u1ed9 ng\u1eaft m\u1ea1ch h\u1ed3 quang s\u1ef1 c\u1ed1 (AFCI), Thi\u1ebft b\u1ecb ph\u00e1t hi\u1ec7n h\u1ed3 quang s\u1ef1 c\u1ed1 (AFDD), B\u1ed9 b\u1ea3o v\u1ec7 b\u00e1o ch\u00e1y gi\u1edbi h\u1ea1n d\u00f2ng \u0111i\u1ec7n, B\u1ed9 b\u1ea3o v\u1ec7 ch\u00e1y gi\u1edbi h\u1ea1n d\u00f2ng \u0111i\u1ec7n, B\u1ed9 b\u1ea3o v\u1ec7 \u0111o l\u01b0\u1eddng gi\u1edbi h\u1ea1n d\u00f2ng \u0111i\u1ec7n, B\u1ed9 b\u1ea3o v\u1ec7 gi\u1edbi h\u1ea1n c\u00f4ng su\u1ea5t ch\u1ecdn l\u1ecdc, B\u1ed9 b\u1ea3o v\u1ec7 gi\u1edbi h\u1ea1n d\u00f2ng \u0111i\u1ec7n v\u00e0 gi\u1edbi h\u1ea1n s\u1ea1c, B\u1ed9 b\u1ea3o v\u1ec7 qu\u00e1 \u00e1p v\u00e0 d\u01b0\u1edbi \u00e1p t\u1ef1 \u0111\u1ed9ng reset, B\u1ed9 b\u1ea3o v\u1ec7 qu\u00e1 \u00e1p\/d\u01b0\u1edbi \u00e1p t\u1ef1 \u0111\u1ed9ng reset cho h\u1ec7 th\u1ed1ng ba pha b\u1ed1n d\u00e2y, B\u1ed9 b\u1ea3o v\u1ec7 d\u00f2ng \u0111i\u1ec7n h\u1ea1n ch\u1ebf ch\u00e1y \u0111i\u1ec7n, C\u00f4ng t\u1eafc \u0111i\u1ec1u khi\u1ec3n v\u00e0 b\u1ea3o v\u1ec7, B\u1ed9 b\u1ea3o v\u1ec7 m\u1ea5t pha, B\u1ed9 b\u1ea3o v\u1ec7 th\u1ee9 t\u1ef1 pha, \u0110\u1ed3ng h\u1ed3 \u0111o \u0111i\u1ec7n \u00e1p ba pha, \u0110\u1ed3ng h\u1ed3 \u0111o d\u00f2ng \u0111i\u1ec7n ba pha, \u0110\u1ed3ng h\u1ed3 \u0111o d\u00f2ng \u0111i\u1ec7n m\u1ed9t pha c\u00f3 th\u1ec3 l\u1eadp tr\u00ecnh, \u0110\u1ed3ng h\u1ed3 th\u00f4ng minh, \u0110\u1ed3ng h\u1ed3 theo d\u00f5i, C\u00f4ng t\u1eafc c\u1ea3m \u1ee9ng t\u1eeb, Tr\u1ea1m s\u1ea1c xe \u0111i\u1ec7n m\u1edbi, B\u1ed9 b\u1ea3o v\u1ec7 qu\u00e1 \u00e1p.<\/p><\/div><\/div>\t\t\t\t<\/div>\n\t\t\t\t<\/div>\n\t\t\t\t<\/div>\n\t\t<div class=\"elementor-element elementor-element-edf26aa e-con-full e-flex elementor-invisible e-con e-child\" data-id=\"edf26aa\" data-element_type=\"container\" data-settings=\"{&quot;animation&quot;:&quot;fadeInRight&quot;}\">\n\t\t\t\t<div class=\"elementor-element elementor-element-9b18770 elementor-widget elementor-widget-image\" data-id=\"9b18770\" data-element_type=\"widget\" data-widget_type=\"image.default\">\n\t\t\t\t<div class=\"elementor-widget-container\">\n\t\t\t\t\t\t\t\t\t\t\t\t\t\t\t<img decoding=\"async\" data-src=\"https:\/\/bright-china.com\/wp-content\/uploads\/2025\/04\/cropped-JGAFDD-63-1.jpg\" title=\"\" alt=\"\" src=\"data:image\/svg+xml;base64,PHN2ZyB3aWR0aD0iMSIgaGVpZ2h0PSIxIiB4bWxucz0iaHR0cDovL3d3dy53My5vcmcvMjAwMC9zdmciPjwvc3ZnPg==\" class=\"lazyload\" \/>\t\t\t\t\t\t\t\t\t\t\t\t\t\t\t<\/div>\n\t\t\t\t<\/div>\n\t\t\t\t<\/div>\n\t\t\t\t<\/div>\n\t\t<div class=\"elementor-element elementor-element-ccb9d7c e-flex e-con-boxed e-con e-parent\" data-id=\"ccb9d7c\" data-element_type=\"container\">\n\t\t\t\t\t<div class=\"e-con-inner\">\n\t\t<div class=\"elementor-element elementor-element-12bf511 e-con-full e-flex e-con e-child\" data-id=\"12bf511\" data-element_type=\"container\">\n\t\t\t\t<div class=\"elementor-element elementor-element-448ea91 elementor-widget elementor-widget-video\" data-id=\"448ea91\" data-element_type=\"widget\" data-settings=\"{&quot;youtube_url&quot;:&quot;https:\\\/\\\/youtu.be\\\/zjHKw9UNyR4&quot;,&quot;video_type&quot;:&quot;youtube&quot;,&quot;controls&quot;:&quot;yes&quot;}\" data-widget_type=\"video.default\">\n\t\t\t\t<div class=\"elementor-widget-container\">\n\t\t\t\t\t\t\t<div class=\"elementor-wrapper elementor-open-inline\">\n\t\t\t<div class=\"elementor-video\"><\/div>\t\t<\/div>\n\t\t\t\t\t\t<\/div>\n\t\t\t\t<\/div>\n\t\t\t\t<\/div>\n\t\t<div class=\"elementor-element elementor-element-815354b e-con-full e-flex e-con e-child\" data-id=\"815354b\" data-element_type=\"container\">\n\t\t\t\t<div class=\"elementor-element elementor-element-1ea7dd8 elementor-widget elementor-widget-heading\" data-id=\"1ea7dd8\" data-element_type=\"widget\" data-widget_type=\"heading.default\">\n\t\t\t\t<div class=\"elementor-widget-container\">\n\t\t\t\t\t<h2 class=\"elementor-heading-title elementor-size-default\">Ch\u00fang t\u00f4i cam k\u1ebft<\/h2>\t\t\t\t<\/div>\n\t\t\t\t<\/div>\n\t\t\t\t<div class=\"elementor-element elementor-element-0fa2a9a elementor-widget elementor-widget-text-editor\" data-id=\"0fa2a9a\" data-element_type=\"widget\" data-widget_type=\"text-editor.default\">\n\t\t\t\t<div class=\"elementor-widget-container\">\n\t\t\t\t\t\t\t\t\t<p><strong>\u00a0 T\u1ea1i ELEJG,<\/strong> Ch\u00fang t\u00f4i cam k\u1ebft v\u1edbi s\u1ef1 \u0111\u1ed5i m\u1edbi v\u00e0 nghi\u00ean c\u1ee9u ph\u00e1t tri\u1ec3n (R&amp;D) trong l\u0129nh v\u1ef1c h\u1ec7 th\u1ed1ng \u0111i\u1ec7n \u00e1p th\u1ea5p, t\u1eadp trung v\u00e0o vi\u1ec7c cung c\u1ea5p c\u00e1c gi\u1ea3i ph\u00e1p \u0111i\u1ec7n \u00e1p th\u1ea5p ch\u1ea5t l\u01b0\u1ee3ng cao. Ch\u00fang t\u00f4i li\u00ean t\u1ee5c n\u00e2ng cao c\u00f4ng ngh\u1ec7 \u0111\u1ec3 c\u1ea3i thi\u1ec7n hi\u1ec7u su\u1ea5t, \u0111\u1ed9 tin c\u1eady v\u00e0 an to\u00e0n c\u1ee7a s\u1ea3n ph\u1ea9m, \u0111\u00e1p \u1ee9ng nhu c\u1ea7u ng\u00e0y c\u00e0ng t\u0103ng c\u1ee7a th\u1ecb tr\u01b0\u1eddng to\u00e0n c\u1ea7u. Ch\u00fang t\u00f4i tin t\u01b0\u1edfng m\u1ea1nh m\u1ebd r\u1eb1ng s\u1ef1 \u0111\u1ed5i m\u1edbi l\u00e0 \u0111\u1ed9ng l\u1ef1c c\u1ed1t l\u00f5i cho s\u1ef1 ph\u00e1t tri\u1ec3n c\u1ee7a ng\u00e0nh c\u00f4ng nghi\u1ec7p.<\/p>\t\t\t\t\t\t\t\t<\/div>\n\t\t\t\t<\/div>\n\t\t\t\t<\/div>\n\t\t\t\t\t<\/div>\n\t\t\t\t<\/div>\n\t\t<div class=\"elementor-element elementor-element-3aa85d7 e-flex e-con-boxed e-con e-parent\" data-id=\"3aa85d7\" data-element_type=\"container\">\n\t\t\t\t\t<div class=\"e-con-inner\">\n\t\t<div class=\"elementor-element elementor-element-0db6405 e-con-full e-flex e-con e-child\" data-id=\"0db6405\" data-element_type=\"container\">\n\t\t\t\t<div class=\"elementor-element elementor-element-278420e elementor-widget elementor-widget-heading\" data-id=\"278420e\" data-element_type=\"widget\" data-widget_type=\"heading.default\">\n\t\t\t\t<div class=\"elementor-widget-container\">\n\t\t\t\t\t<h2 class=\"elementor-heading-title elementor-size-default\">V\u0103n h\u00f3a doanh nghi\u1ec7p<\/h2>\t\t\t\t<\/div>\n\t\t\t\t<\/div>\n\t\t\t\t<div class=\"elementor-element elementor-element-a589d03 elementor-widget elementor-widget-text-editor\" data-id=\"a589d03\" data-element_type=\"widget\" data-widget_type=\"text-editor.default\">\n\t\t\t\t<div class=\"elementor-widget-container\">\n\t\t\t\t\t\t\t\t\t<p><strong>T\u1ea7m nh\u00ecn<\/strong>Tr\u1edf th\u00e0nh nh\u00e0 ti\u00ean phong trong l\u0129nh v\u1ef1c \u0111i\u1ec7n t\u1eed th\u00f4ng minh, cung c\u1ea5p c\u00e1c gi\u1ea3i ph\u00e1p ch\u1ea5t l\u01b0\u1ee3ng cao nh\u1eb1m th\u00fac \u0111\u1ea9y ti\u1ebfn b\u1ed9 c\u00f4ng ngh\u1ec7 v\u00e0 \u0111\u1ea3m b\u1ea3o m\u1ed9t m\u00f4i tr\u01b0\u1eddng \u0111i\u1ec7n an to\u00e0n, hi\u1ec7u qu\u1ea3.<\/p><p><strong>S\u1ee9 m\u1ec7nh<\/strong>: Ph\u1ee5c v\u1ee5 x\u00e3 h\u1ed9i b\u1eb1ng c\u00f4ng ngh\u1ec7 chuy\u00ean nghi\u1ec7p, \u0111\u1ea3m b\u1ea3o an to\u00e0n th\u00f4ng qua \u0111\u1ed5i m\u1edbi, x\u00e2y d\u1ef1ng ni\u1ec1m tin b\u1eb1ng ch\u1ea5t l\u01b0\u1ee3ng v\u00e0 t\u1ea1o gi\u00e1 tr\u1ecb cho ng\u00e0nh c\u00f4ng nghi\u1ec7p.<\/p><p><strong>Gi\u00e1 tr\u1ecb c\u1ed1t l\u00f5i<\/strong>S\u00e1ng t\u1ea1o, Ch\u1ea5t l\u01b0\u1ee3ng, Kh\u00e1ch h\u00e0ng l\u00e0 tr\u00ean h\u1ebft, Tr\u00e1ch nhi\u1ec7m.<\/p><p><strong>Tinh th\u1ea7n doanh nghi\u1ec7p<\/strong>T\u1ea1o ra c\u00e1c s\u1ea3n ph\u1ea9m \u0111\u00e1ng tin c\u1eady, t\u1eadp trung v\u00e0o c\u00f4ng ngh\u1ec7 th\u00f4ng minh v\u00e0 kh\u00e1m ph\u00e1 c\u00e1c h\u01b0\u1edbng ph\u00e1t tri\u1ec3n m\u1edbi trong ng\u00e0nh.<\/p><p><strong>V\u0103n h\u00f3a<\/strong>H\u01b0\u1edbng \u0111\u1ebfn con ng\u01b0\u1eddi, h\u1ee3p t\u00e1c c\u00f9ng c\u00f3 l\u1ee3i, c\u1ea3i ti\u1ebfn li\u00ean t\u1ee5c.<\/p><p><strong>Tr\u00e1ch nhi\u1ec7m x\u00e3 h\u1ed9i<\/strong>: Khuy\u1ebfn kh\u00edch b\u1ea3o v\u1ec7 m\u00f4i tr\u01b0\u1eddng, an to\u00e0n \u0111i\u1ec7n v\u00e0 cung c\u1ea5p h\u1ed7 tr\u1ee3 k\u1ef9 thu\u1eadt v\u00e0 \u0111\u00e0o t\u1ea1o.<\/p>\t\t\t\t\t\t\t\t<\/div>\n\t\t\t\t<\/div>\n\t\t\t\t<\/div>\n\t\t<div class=\"elementor-element elementor-element-cd8e9ff e-con-full e-flex e-con e-child\" data-id=\"cd8e9ff\" data-element_type=\"container\">\n\t\t\t\t<div class=\"elementor-element elementor-element-b695cd8 elementor-widget elementor-widget-image\" data-id=\"b695cd8\" data-element_type=\"widget\" data-widget_type=\"image.default\">\n\t\t\t\t<div class=\"elementor-widget-container\">\n\t\t\t\t\t\t\t\t\t\t\t\t\t\t\t<img fetchpriority=\"high\" decoding=\"async\" width=\"650\" height=\"650\" src=\"https:\/\/bright-china.com\/wp-content\/uploads\/2025\/05\/650-600-1.jpg\" class=\"attachment-large size-large wp-image-5862\" alt=\"\" srcset=\"https:\/\/bright-china.com\/wp-content\/uploads\/2025\/05\/650-600-1.jpg 650w, https:\/\/bright-china.com\/wp-content\/uploads\/2025\/05\/650-600-1-300x300.jpg 300w, https:\/\/bright-china.com\/wp-content\/uploads\/2025\/05\/650-600-1-150x150.jpg 150w, https:\/\/bright-china.com\/wp-content\/uploads\/2025\/05\/650-600-1-12x12.jpg 12w, https:\/\/bright-china.com\/wp-content\/uploads\/2025\/05\/650-600-1-600x600.jpg 600w, https:\/\/bright-china.com\/wp-content\/uploads\/2025\/05\/650-600-1-100x100.jpg 100w\" sizes=\"(max-width: 650px) 100vw, 650px\" \/>\t\t\t\t\t\t\t\t\t\t\t\t\t\t\t<\/div>\n\t\t\t\t<\/div>\n\t\t\t\t<\/div>\n\t\t\t\t\t<\/div>\n\t\t\t\t<\/div>\n\t\t<div class=\"elementor-element elementor-element-32cbc50 e-flex e-con-boxed e-con e-parent\" data-id=\"32cbc50\" data-element_type=\"container\">\n\t\t\t\t\t<div class=\"e-con-inner\">\n\t\t\t\t<div class=\"elementor-element elementor-element-107f95f elementor-widget-divider--view-line elementor-widget elementor-widget-divider\" data-id=\"107f95f\" data-element_type=\"widget\" data-widget_type=\"divider.default\">\n\t\t\t\t<div class=\"elementor-widget-container\">\n\t\t\t\t\t\t\t<div class=\"elementor-divider\">\n\t\t\t<span class=\"elementor-divider-separator\">\n\t\t\t\t\t\t<\/span>\n\t\t<\/div>\n\t\t\t\t\t\t<\/div>\n\t\t\t\t<\/div>\n\t\t\t\t\t<\/div>\n\t\t\t\t<\/div>\n\t\t<div class=\"elementor-element elementor-element-7e5327e e-flex e-con-boxed e-con e-parent\" data-id=\"7e5327e\" data-element_type=\"container\" data-settings=\"{&quot;background_background&quot;:&quot;classic&quot;}\">\n\t\t\t\t\t<div class=\"e-con-inner\">\n\t\t<div class=\"elementor-element elementor-element-a5cd6c6 e-con-full e-flex e-con e-child\" data-id=\"a5cd6c6\" data-element_type=\"container\">\n\t\t\t\t<div class=\"elementor-element elementor-element-cb75962 elementor-position-top elementor-widget elementor-widget-image-box\" data-id=\"cb75962\" data-element_type=\"widget\" data-widget_type=\"image-box.default\">\n\t\t\t\t<div class=\"elementor-widget-container\">\n\t\t\t\t\t<div class=\"elementor-image-box-wrapper\"><figure class=\"elementor-image-box-img\"><img decoding=\"async\" width=\"120\" height=\"120\" data-src=\"https:\/\/bright-china.com\/wp-content\/uploads\/2018\/12\/globe-free-img.png\" class=\"attachment-full size-full wp-image-586 lazyload\" alt=\"\" data-srcset=\"https:\/\/bright-china.com\/wp-content\/uploads\/2018\/12\/globe-free-img.png 120w, https:\/\/bright-china.com\/wp-content\/uploads\/2018\/12\/globe-free-img-100x100.png 100w\" data-sizes=\"(max-width: 120px) 100vw, 120px\" src=\"data:image\/svg+xml;base64,PHN2ZyB3aWR0aD0iMSIgaGVpZ2h0PSIxIiB4bWxucz0iaHR0cDovL3d3dy53My5vcmcvMjAwMC9zdmciPjwvc3ZnPg==\" style=\"--smush-placeholder-width: 120px; --smush-placeholder-aspect-ratio: 120\/120;\" \/><\/figure><div class=\"elementor-image-box-content\"><h5 class=\"elementor-image-box-title\">Giao h\u00e0ng to\u00e0n c\u1ea7u<\/h5><p class=\"elementor-image-box-description\">N\u00f3 cho ch\u00fang ta bi\u1ebft, s\u1ef1 \u0111au kh\u1ed5 kh\u00f4ng c\u00f3 g\u00ec l\u00e0 v\u00f4 ngh\u0129a, v\u00e0 s\u1ef1 ki\u00ean nh\u1eabn l\u00e0 ch\u00eca kh\u00f3a.<\/p><\/div><\/div>\t\t\t\t<\/div>\n\t\t\t\t<\/div>\n\t\t\t\t<\/div>\n\t\t<div class=\"elementor-element elementor-element-aedde58 e-con-full e-flex e-con e-child\" data-id=\"aedde58\" data-element_type=\"container\">\n\t\t\t\t<div class=\"elementor-element elementor-element-354e72a elementor-position-top elementor-widget elementor-widget-image-box\" data-id=\"354e72a\" data-element_type=\"widget\" data-widget_type=\"image-box.default\">\n\t\t\t\t<div class=\"elementor-widget-container\">\n\t\t\t\t\t<div class=\"elementor-image-box-wrapper\"><figure class=\"elementor-image-box-img\"><img decoding=\"async\" width=\"120\" height=\"120\" data-src=\"https:\/\/bright-china.com\/wp-content\/uploads\/2018\/12\/quality-free-img.png\" class=\"attachment-full size-full wp-image-588 lazyload\" alt=\"\" data-srcset=\"https:\/\/bright-china.com\/wp-content\/uploads\/2018\/12\/quality-free-img.png 120w, https:\/\/bright-china.com\/wp-content\/uploads\/2018\/12\/quality-free-img-100x100.png 100w\" data-sizes=\"(max-width: 120px) 100vw, 120px\" src=\"data:image\/svg+xml;base64,PHN2ZyB3aWR0aD0iMSIgaGVpZ2h0PSIxIiB4bWxucz0iaHR0cDovL3d3dy53My5vcmcvMjAwMC9zdmciPjwvc3ZnPg==\" style=\"--smush-placeholder-width: 120px; --smush-placeholder-aspect-ratio: 120\/120;\" \/><\/figure><div class=\"elementor-image-box-content\"><h5 class=\"elementor-image-box-title\">Ch\u1ea5t l\u01b0\u1ee3ng t\u1ed1t nh\u1ea5t<\/h5><p class=\"elementor-image-box-description\">N\u00f3 cho ch\u00fang ta bi\u1ebft, s\u1ef1 \u0111au kh\u1ed5 kh\u00f4ng c\u00f3 g\u00ec l\u00e0 v\u00f4 ngh\u0129a, v\u00e0 s\u1ef1 ki\u00ean nh\u1eabn l\u00e0 ch\u00eca kh\u00f3a.<\/p><\/div><\/div>\t\t\t\t<\/div>\n\t\t\t\t<\/div>\n\t\t\t\t<\/div>\n\t\t<div class=\"elementor-element elementor-element-dbc9b68 e-con-full e-flex e-con e-child\" data-id=\"dbc9b68\" data-element_type=\"container\">\n\t\t\t\t<div class=\"elementor-element elementor-element-6bef0f0 elementor-position-top elementor-widget elementor-widget-image-box\" data-id=\"6bef0f0\" data-element_type=\"widget\" data-widget_type=\"image-box.default\">\n\t\t\t\t<div class=\"elementor-widget-container\">\n\t\t\t\t\t<div class=\"elementor-image-box-wrapper\"><figure class=\"elementor-image-box-img\"><img decoding=\"async\" width=\"120\" height=\"120\" data-src=\"https:\/\/bright-china.com\/wp-content\/uploads\/2018\/12\/tag-free-img.png\" class=\"attachment-full size-full wp-image-589 lazyload\" alt=\"\" data-srcset=\"https:\/\/bright-china.com\/wp-content\/uploads\/2018\/12\/tag-free-img.png 120w, https:\/\/bright-china.com\/wp-content\/uploads\/2018\/12\/tag-free-img-100x100.png 100w\" data-sizes=\"(max-width: 120px) 100vw, 120px\" src=\"data:image\/svg+xml;base64,PHN2ZyB3aWR0aD0iMSIgaGVpZ2h0PSIxIiB4bWxucz0iaHR0cDovL3d3dy53My5vcmcvMjAwMC9zdmciPjwvc3ZnPg==\" style=\"--smush-placeholder-width: 120px; --smush-placeholder-aspect-ratio: 120\/120;\" \/><\/figure><div class=\"elementor-image-box-content\"><h5 class=\"elementor-image-box-title\">C\u00e1c \u01b0u \u0111\u00e3i t\u1ed1t nh\u1ea5t<\/h5><p class=\"elementor-image-box-description\">N\u00f3 cho ch\u00fang ta bi\u1ebft, s\u1ef1 \u0111au kh\u1ed5 kh\u00f4ng c\u00f3 g\u00ec l\u00e0 v\u00f4 ngh\u0129a, v\u00e0 s\u1ef1 ki\u00ean nh\u1eabn l\u00e0 ch\u00eca kh\u00f3a.<\/p><\/div><\/div>\t\t\t\t<\/div>\n\t\t\t\t<\/div>\n\t\t\t\t<\/div>\n\t\t<div class=\"elementor-element elementor-element-e16ff0a e-con-full e-flex e-con e-child\" data-id=\"e16ff0a\" data-element_type=\"container\">\n\t\t\t\t<div class=\"elementor-element elementor-element-5fcddda elementor-position-top elementor-widget elementor-widget-image-box\" data-id=\"5fcddda\" data-element_type=\"widget\" data-widget_type=\"image-box.default\">\n\t\t\t\t<div class=\"elementor-widget-container\">\n\t\t\t\t\t<div class=\"elementor-image-box-wrapper\"><figure class=\"elementor-image-box-img\"><img decoding=\"async\" width=\"120\" height=\"120\" data-src=\"https:\/\/bright-china.com\/wp-content\/uploads\/2018\/12\/lock-free-img.png\" class=\"attachment-full size-full wp-image-587 lazyload\" alt=\"\" data-srcset=\"https:\/\/bright-china.com\/wp-content\/uploads\/2018\/12\/lock-free-img.png 120w, https:\/\/bright-china.com\/wp-content\/uploads\/2018\/12\/lock-free-img-100x100.png 100w\" data-sizes=\"(max-width: 120px) 100vw, 120px\" src=\"data:image\/svg+xml;base64,PHN2ZyB3aWR0aD0iMSIgaGVpZ2h0PSIxIiB4bWxucz0iaHR0cDovL3d3dy53My5vcmcvMjAwMC9zdmciPjwvc3ZnPg==\" style=\"--smush-placeholder-width: 120px; --smush-placeholder-aspect-ratio: 120\/120;\" \/><\/figure><div class=\"elementor-image-box-content\"><h5 class=\"elementor-image-box-title\">Thanh to\u00e1n an to\u00e0n<\/h5><p class=\"elementor-image-box-description\">N\u00f3 cho ch\u00fang ta bi\u1ebft, s\u1ef1 \u0111au kh\u1ed5 kh\u00f4ng c\u00f3 g\u00ec l\u00e0 v\u00f4 ngh\u0129a, v\u00e0 s\u1ef1 ki\u00ean nh\u1eabn l\u00e0 ch\u00eca kh\u00f3a.<\/p><\/div><\/div>\t\t\t\t<\/div>\n\t\t\t\t<\/div>\n\t\t\t\t<\/div>\n\t\t\t\t\t<\/div>\n\t\t\t\t<\/div>\n\t\t\t\t<\/div>","protected":false},"excerpt":{"rendered":"<p>Our Products Our products : DC Circuit Breakers\uff0cDC Surge Protector\uff0cfault arc protector,Arc Fault Circuit Interrupter \uff08AFCI\uff09\uff0cArc Fault Detection Devices\uff08<a href=\"https:\/\/bright-china.com\/en\/afci-afdd\/\" title=\"Xem th\u00eam th\u00f4ng tin v\u1ec1 AFDD\" class=\"seo-keyword-link\" style=\"font-weight: bold; color: inherit; text-decoration: underline; border-bottom: 1px dotted #667eea;\">AFDD<\/a>\uff09\uff0c current limiting fire alarm protector, current limiting fire protector, metering current limiting protector, selective power limiting protector, current limiting and charging limiting protector, self resetting over voltage and under voltage protector, three-phase four wire self resetting [&hellip;]<\/p>","protected":false},"author":1,"featured_media":0,"parent":0,"menu_order":0,"comment_status":"closed","ping_status":"closed","template":"","meta":{"_acf_changed":false,"site-sidebar-layout":"no-sidebar","site-content-layout":"page-builder","ast-site-content-layout":"full-width-container","site-content-style":"unboxed","site-sidebar-style":"unboxed","ast-global-header-display":"","ast-banner-title-visibility":"","ast-main-header-display":"","ast-hfb-above-header-display":"","ast-hfb-below-header-display":"","ast-hfb-mobile-header-display":"","site-post-title":"disabled","ast-breadcrumbs-content":"","ast-featured-img":"disabled","footer-sml-layout":"","theme-transparent-header-meta":"enabled","adv-header-id-meta":"","stick-header-meta":"","header-above-stick-meta":"","header-main-stick-meta":"","header-below-stick-meta":"","astra-migrate-meta-layouts":"set","ast-page-background-enabled":"default","ast-page-background-meta":{"desktop":{"background-color":"","background-image":"","background-repeat":"repeat","background-position":"center center","background-size":"auto","background-attachment":"scroll","background-type":"","background-media":"","overlay-type":"","overlay-color":"","overlay-opacity":"","overlay-gradient":""},"tablet":{"background-color":"","background-image":"","background-repeat":"repeat","background-position":"center center","background-size":"auto","background-attachment":"scroll","background-type":"","background-media":"","overlay-type":"","overlay-color":"","overlay-opacity":"","overlay-gradient":""},"mobile":{"background-color":"","background-image":"","background-repeat":"repeat","background-position":"center center","background-size":"auto","background-attachment":"scroll","background-type":"","background-media":"","overlay-type":"","overlay-color":"","overlay-opacity":"","overlay-gradient":""}},"ast-content-background-meta":{"desktop":{"background-color":"var(--ast-global-color-5)","background-image":"","background-repeat":"repeat","background-position":"center center","background-size":"auto","background-attachment":"scroll","background-type":"","background-media":"","overlay-type":"","overlay-color":"","overlay-opacity":"","overlay-gradient":""},"tablet":{"background-color":"var(--ast-global-color-5)","background-image":"","background-repeat":"repeat","background-position":"center center","background-size":"auto","background-attachment":"scroll","background-type":"","background-media":"","overlay-type":"","overlay-color":"","overlay-opacity":"","overlay-gradient":""},"mobile":{"background-color":"var(--ast-global-color-5)","background-image":"","background-repeat":"repeat","background-position":"center center","background-size":"auto","background-attachment":"scroll","background-type":"","background-media":"","overlay-type":"","overlay-color":"","overlay-opacity":"","overlay-gradient":""}},"footnotes":"","_seo_title":"","_seo_keywords":"","_seo_description":""},"class_list":["post-5944","page","type-page","status-publish","hentry"],"acf":[],"seo_title":"","seo_keywords":"","seo_description":"","seo_score":0,"_links":{"self":[{"href":"https:\/\/bright-china.com\/vi\/wp-json\/wp\/v2\/pages\/5944","targetHints":{"allow":["GET"]}}],"collection":[{"href":"https:\/\/bright-china.com\/vi\/wp-json\/wp\/v2\/pages"}],"about":[{"href":"https:\/\/bright-china.com\/vi\/wp-json\/wp\/v2\/types\/page"}],"author":[{"embeddable":true,"href":"https:\/\/bright-china.com\/vi\/wp-json\/wp\/v2\/users\/1"}],"replies":[{"embeddable":true,"href":"https:\/\/bright-china.com\/vi\/wp-json\/wp\/v2\/comments?post=5944"}],"version-history":[{"count":0,"href":"https:\/\/bright-china.com\/vi\/wp-json\/wp\/v2\/pages\/5944\/revisions"}],"wp:attachment":[{"href":"https:\/\/bright-china.com\/vi\/wp-json\/wp\/v2\/media?parent=5944"}],"curies":[{"name":"wp","href":"https:\/\/api.w.org\/{rel}","templated":true}]}}