{"id":4424,"date":"2025-04-27T02:23:54","date_gmt":"2025-04-27T02:23:54","guid":{"rendered":"https:\/\/bright-china.com\/?post_type=product&#038;p=4424"},"modified":"2025-12-29T18:42:53","modified_gmt":"2025-12-30T01:42:53","slug":"bo-bao-ve-jgxz-63","status":"publish","type":"product","link":"https:\/\/bright-china.com\/vi\/product\/bo-bao-ve-jgxz-63\/","title":{"rendered":"B\u1ed9 b\u1ea3o v\u1ec7 gi\u1edbi h\u1ea1n c\u00f4ng su\u1ea5t ch\u1ecdn l\u1ecdc JGXZ-63"},"content":{"rendered":"<h2>1. Gi\u1edbi thi\u1ec7u<\/h2>\n<hr \/>\n<p><strong style=\"font-size: 16px;\"><a href=\"https:\/\/bright-china.com\">\u00a0 \u00a0 \u00a0B\u1ed9 b\u1ea3o v\u1ec7 gi\u1edbi h\u1ea1n c\u00f4ng su\u1ea5t ch\u1ecdn l\u1ecdc<\/a> <\/strong><span style=\"font-size: 16px;\">JGXZ-63 l\u00e0 thi\u1ebft b\u1ecb b\u1ea3o v\u1ec7 gi\u1edbi h\u1ea1n c\u00f4ng su\u1ea5t ch\u1ecdn l\u1ecdc, ch\u1ee7 y\u1ebfu \u0111\u01b0\u1ee3c s\u1eed d\u1ee5ng \u0111\u1ec3 gi\u1edbi h\u1ea1n c\u00f4ng su\u1ea5t ti\u00eau th\u1ee5 c\u1ee7a c\u00e1c thi\u1ebft b\u1ecb \u0111i\u1ec7n c\u00f3 c\u00f4ng su\u1ea5t qu\u00e1 cao, \u0111\u1ed3ng th\u1eddi l\u00e0 thi\u1ebft b\u1ecb b\u1ea3o v\u1ec7 gi\u1edbi h\u1ea1n c\u00f4ng su\u1ea5t th\u00f4ng minh khi v\u01b0\u1ee3t qu\u00e1 gi\u1edbi h\u1ea1n c\u00f4ng su\u1ea5t t\u1ed5ng. Ngo\u00e0i ra, s\u1ea3n ph\u1ea9m c\u00f2n c\u00f3 nhi\u1ec1u ch\u1ee9c n\u0103ng b\u1ea3o v\u1ec7 nh\u01b0 qu\u00e1 \u00e1p, thi\u1ebfu \u00e1p, ch\u1eadp m\u1ea1ch, r\u00f2 r\u1ec9, nhi\u1ec7t \u0111\u1ed9, t\u1ea7n s\u1ed1 v\u00e0 \u0111o l\u01b0\u1eddng \u0111i\u1ec7n n\u0103ng. S\u1ea3n ph\u1ea9m c\u00f3 c\u00e1c \u01b0u \u0111i\u1ec3m nh\u01b0 t\u00ednh m\u00f4-\u0111un, th\u00f4ng minh, hi\u1ec3n th\u1ecb tr\u1ef1c quan v\u00e0 h\u1ed7 tr\u1ee3 giao th\u1ee9c truy\u1ec1n th\u00f4ng Modbus 485 ti\u00eau chu\u1ea9n.<\/span><\/p>\n<p>T\u1ea5t c\u1ea3 c\u00e1c th\u00f4ng s\u1ed1 b\u1ea3o v\u1ec7 nh\u01b0 qu\u00e1 \u00e1p, thi\u1ebfu \u00e1p, gi\u1edbi h\u1ea1n c\u00f4ng su\u1ea5t, b\u1ea3o v\u1ec7 r\u00f2 r\u1ec9, v.v. c\u00f3 th\u1ec3 \u0111\u01b0\u1ee3c c\u00e0i \u0111\u1eb7t theo nhu c\u1ea7u c\u00f4ng su\u1ea5t \u0111\u1ec3 \u0111\u1ea3m b\u1ea3o r\u1eb1ng thi\u1ebft b\u1ecb b\u1ea3o v\u1ec7 c\u00f3 th\u1ec3 ng\u1eaft ngu\u1ed3n \u0111i\u1ec7n ngay l\u1eadp t\u1ee9c trong tr\u01b0\u1eddng h\u1ee3p qu\u00e1 \u00e1p, thi\u1ebfu \u00e1p, ch\u1eadp m\u1ea1ch, r\u00f2 r\u1ec9 v\u00e0 c\u00e1c s\u1ef1 c\u1ed1 kh\u00e1c tr\u00ean \u0111\u01b0\u1eddng d\u00e2y, b\u1ea3o v\u1ec7 thi\u1ebft b\u1ecb \u0111i\u1ec7n kh\u1ecfi h\u01b0 h\u1ecfng.<\/p>\n<p>D\u00f2ng s\u1ea3n ph\u1ea9m n\u00e0y c\u00f3 c\u1ea5u tr\u00fac g\u1ecdn nh\u1eb9, thi\u1ebft k\u1ebf \u0111\u1eb9p m\u1eaft v\u00e0 h\u1ec7 th\u1ed1ng ray d\u1eabn h\u01b0\u1edbng ti\u00eau chu\u1ea9n. S\u1ea3n ph\u1ea9m n\u00e0y ch\u1ee7 y\u1ebfu ph\u00f9 h\u1ee3p cho k\u00fd t\u00fac x\u00e1 tr\u01b0\u1eddng h\u1ecdc, nh\u00e0 cho thu\u00ea v\u00e0 c\u00e1c kh\u00f4ng gian kh\u00e1c.<\/p>\n<h2>2. Nguy\u00ean l\u00fd ho\u1ea1t \u0111\u1ed9ng c\u1ee7a s\u1ea3n ph\u1ea9m<\/h2>\n<hr \/>\n<p>V\u00ed d\u1ee5: Th\u00f4ng s\u1ed1 m\u1eb7c \u0111\u1ecbnh c\u1ee7a s\u1ea3n ph\u1ea9m: C\u00f4ng su\u1ea5t \u0111\u01a1n l\u00e0 0,2 kW, gi\u1edbi h\u1ea1n 3 l\u1ea7n, c\u00f4ng su\u1ea5t t\u1ed5ng l\u00e0 2,0 kW.<\/p>\n<p>a\u3001 K\u1ebft n\u1ed1i 10 thi\u1ebft b\u1ecb \u0111i\u1ec7n c\u00f3 c\u00f4ng su\u1ea5t d\u01b0\u1edbi 0.2kW ri\u00eang bi\u1ec7t, v\u00e0 t\u1ea1i th\u1eddi \u0111i\u1ec3m n\u00e0y, c\u00f4ng su\u1ea5t c\u1ee7a t\u1eebng thi\u1ebft b\u1ecb kh\u00f4ng v\u01b0\u1ee3t qu\u00e1 0.2kW, v\u00e0 t\u1ed5ng c\u00f4ng su\u1ea5t kh\u00f4ng v\u01b0\u1ee3t qu\u00e1 2.0kW. B\u1ed9 b\u1ea3o v\u1ec7 ho\u1ea1t \u0111\u1ed9ng b\u00ecnh th\u01b0\u1eddng. N\u1ebfu c\u00f4ng su\u1ea5t c\u1ee7a t\u1eebng thi\u1ebft b\u1ecb \u0111i\u1ec7n kh\u00f4ng v\u01b0\u1ee3t qu\u00e1, nh\u01b0ng t\u1ed5ng c\u00f4ng su\u1ea5t v\u01b0\u1ee3t qu\u00e1 2.0kW do k\u1ebft n\u1ed1i qu\u00e1 nhi\u1ec1u, b\u1ed9 b\u1ea3o v\u1ec7 s\u1ebd ng\u1eaft k\u1ebft n\u1ed1i trong th\u1eddi gian quy \u0111\u1ecbnh v\u00e0 c\u1ea7n ph\u1ea3i reset th\u1ee7 c\u00f4ng t\u1ea1i th\u1eddi \u0111i\u1ec3m n\u00e0y.<\/p>\n<p>b\u3001 Khi m\u1ed9t thi\u1ebft b\u1ecb \u0111i\u1ec7n c\u00f3 c\u00f4ng su\u1ea5t l\u1edbn h\u01a1n 0.2kW \u0111\u01b0\u1ee3c k\u1ebft n\u1ed1i, \u0111\u00e8n \u0111\u1ecf P c\u1ee7a s\u1ea3n ph\u1ea9m s\u1ebd nh\u1ea5p nh\u00e1y, cho bi\u1ebft \u0111\u00e3 k\u1ebft n\u1ed1i thi\u1ebft b\u1ecb c\u00f3 c\u00f4ng su\u1ea5t qu\u00e1 cao. N\u1ebfu ngu\u1ed3n \u0111i\u1ec7n t\u1ea3i kh\u00f4ng \u0111\u01b0\u1ee3c ng\u1eaft k\u1ebft n\u1ed1i v\u00e0 c\u1eaft \u0111\u1ee9t k\u1ecbp th\u1eddi trong th\u1eddi gian quy \u0111\u1ecbnh, s\u1ea3n ph\u1ea9m s\u1ebd chuy\u1ec3n sang ch\u1ebf \u0111\u1ed9 \u0111\u1ebfm ng\u01b0\u1ee3c. Khi \u0111\u1ebfm ng\u01b0\u1ee3c k\u1ebft th\u00fac, s\u1ea3n ph\u1ea9m s\u1ebd t\u1ef1 \u0111\u1ed9ng ng\u1eaft. N\u1ebfu v\u1eabn c\u00f2n c\u00e1c thi\u1ebft b\u1ecb v\u01b0\u1ee3t qu\u00e1 gi\u1edbi h\u1ea1n sau khi ng\u1eaft, s\u1ea3n ph\u1ea9m s\u1ebd t\u1ef1 \u0111\u1ed9ng ng\u1eaft k\u1ebft n\u1ed1i. Sau khi v\u01b0\u1ee3t qu\u00e1 gi\u1edbi h\u1ea1n h\u01a1n 3 l\u1ea7n, n\u00fat reset ph\u1ea3i \u0111\u01b0\u1ee3c nh\u1ea5n th\u1ee7 c\u00f4ng \u0111\u1ec3 \u0111\u00f3ng m\u1ea1ch.<\/p>\n<p>c\u3001 N\u1ebfu c\u00f4ng su\u1ea5t c\u1ee7a m\u1ed9t thi\u1ebft b\u1ecb \u0111\u01a1n l\u1ebb kh\u00f4ng v\u01b0\u1ee3t qu\u00e1 gi\u1edbi h\u1ea1n, nh\u01b0ng t\u1ed5ng c\u00f4ng su\u1ea5t v\u01b0\u1ee3t qu\u00e1 gi\u1edbi h\u1ea1n, s\u1ea3n ph\u1ea9m ph\u1ea3i \u0111\u01b0\u1ee3c \u0111\u1eb7t l\u1ea1i th\u1ee7 c\u00f4ng \u0111\u1ec3 \u0111\u00f3ng sau khi b\u1ea3o v\u1ec7.<\/p>\n<p>Khi c\u1ea7n nh\u1ea5n n\u00fat reset b\u1eb1ng tay, t\u1ea5t c\u1ea3 c\u00e1c thi\u1ebft b\u1ecb \u0111i\u1ec7n v\u01b0\u1ee3t qu\u00e1 gi\u1edbi h\u1ea1n c\u1ea7n \u0111\u01b0\u1ee3c th\u00e1o ra.<\/p>\n<h2>3. \u0110i\u1ec1u ki\u1ec7n l\u00e0m vi\u1ec7c v\u00e0 th\u00f4ng s\u1ed1 k\u1ef9 thu\u1eadt<\/h2>\n<hr \/>\n<div style=\"overflow-x: auto;\">\n<table style=\"width: 100%; border-collapse: collapse; border-color: #8b8e8f;\">\n<tbody>\n<tr>\n<td style=\"width: 50%; background-color: #0b1061; text-align: center;\"><span style=\"color: #ffffff;\">Lo\u1ea1i<\/span><\/td>\n<td style=\"width: 50%; background-color: #0b1061; text-align: center;\"><span style=\"color: #ffffff;\">JGXZ-63<\/span><\/td>\n<\/tr>\n<tr>\n<td style=\"width: 50%;\">C\u00e0i \u0111\u1eb7t c\u00f4ng su\u1ea5t \u0111\u01a1n<\/td>\n<td style=\"width: 50%;\">0,01~9,9 kW<\/td>\n<\/tr>\n<tr>\n<td style=\"width: 50%; background-color: #e3e5e6;\">C\u00e0i \u0111\u1eb7t c\u00f4ng su\u1ea5t t\u1ed5ng<\/td>\n<td style=\"width: 50%; background-color: #e3e5e6;\">0,5~13,2 kW<\/td>\n<\/tr>\n<tr>\n<td style=\"width: 50%;\">C\u00e0i \u0111\u1eb7t \u0111i\u1ec7n \u00e1p qu\u00e1 cao<\/td>\n<td style=\"width: 50%;\">AC 270 V (210~300 V)<\/td>\n<\/tr>\n<tr>\n<td style=\"width: 50%; background-color: #e3e5e6;\">C\u00e0i \u0111\u1eb7t \u0111i\u1ec7n \u00e1p th\u1ea5p<\/td>\n<td style=\"width: 50%; background-color: #e3e5e6;\">AC 170 V (80~200 V)<\/td>\n<\/tr>\n<tr>\n<td style=\"width: 50%;\">C\u00e0i \u0111\u1eb7t d\u00f2ng r\u00f2<\/td>\n<td style=\"width: 50%;\">20mA (5~300mA)<\/td>\n<\/tr>\n<tr>\n<td style=\"width: 50%; background-color: #e3e5e6;\">\u0110o l\u01b0\u1eddng \u0111i\u1ec7n n\u0103ng<\/td>\n<td style=\"width: 50%; background-color: #e3e5e6;\">0,1\u201399.999,9 kWh<\/td>\n<\/tr>\n<\/tbody>\n<\/table>\n<\/div>\n<p>3.1. L\u1ea7n c\u1ea5p ngu\u1ed3n \u0111\u1ea7u ti\u00ean s\u1ebd t\u1ef1 \u0111\u1ed9ng ng\u1eaft sau 1 gi\u00e2y; S\u1ea3n ph\u1ea9m s\u1ebd t\u1ef1 \u0111\u1ed9ng ng\u1eaft k\u1ebft n\u1ed1i trong v\u00f2ng 1 gi\u00e2y trong tr\u01b0\u1eddng h\u1ee3p qu\u00e1 \u00e1p, thi\u1ebfu \u00e1p, qu\u00e1 d\u00f2ng ho\u1eb7c r\u00f2 r\u1ec9 \u0111i\u1ec7n trong l\u1ea7n c\u1ea5p ngu\u1ed3n \u0111\u1ea7u ti\u00ean;<\/p>\n<p>3.2. C\u00e1c th\u00f4ng s\u1ed1 b\u1ea3o v\u1ec7 d\u00f2ng \u0111i\u1ec7n:<\/p>\n<p>a. \u2265 1,0 l\u1ea7n d\u00f2ng \u0111i\u1ec7n hi\u1ec7n t\u1ea1i, ph\u1ea1m vi c\u00e0i \u0111\u1eb7t t\u1eeb 1 \u0111\u1ebfn 120 gi\u00e2y, m\u1eb7c \u0111\u1ecbnh l\u00e0 10 gi\u00e2y.<\/p>\n<p>b. \u2265 1,2 l\u1ea7n d\u00f2ng ng\u1eafn m\u1ea1ch, 0,1 gi\u00e2y \u0111\u1ec3 ng\u1eaft m\u1ea1ch.<\/p>\n<p>3.3. Nhi\u1ec7t \u0111\u1ed9 m\u00f4i tr\u01b0\u1eddng kh\u00f4ng \u0111\u01b0\u1ee3c v\u01b0\u1ee3t qu\u00e1 +40 \u2103, kh\u00f4ng \u0111\u01b0\u1ee3c th\u1ea5p h\u01a1n -5 \u2103, v\u00e0 nhi\u1ec7t \u0111\u1ed9 trung b\u00ecnh trong 24 gi\u1edd kh\u00f4ng \u0111\u01b0\u1ee3c v\u01b0\u1ee3t qu\u00e1 +35 \u2103; T\u1ea1i +40 \u2103, \u0111\u1ed9 \u1ea9m kh\u00f4ng kh\u00ed xung quanh kh\u00f4ng \u0111\u01b0\u1ee3c v\u01b0\u1ee3t qu\u00e1 50%.<\/p>\n<p>3.4. M\u1ef1c n\u01b0\u1edbc bi\u1ec3n t\u1ea1i v\u1ecb tr\u00ed l\u1eafp \u0111\u1eb7t kh\u00f4ng \u0111\u01b0\u1ee3c v\u01b0\u1ee3t qu\u00e1 2000 m\u00e9t.5. M\u1ee9c \u0111\u1ed9 \u00f4 nhi\u1ec5m III.6. M\u00f4i tr\u01b0\u1eddng l\u1eafp \u0111\u1eb7t kh\u00f4ng c\u00f3 c\u00e1c ch\u1ea5t nguy hi\u1ec3m d\u1ec5 ch\u00e1y n\u1ed5, kh\u00f4ng c\u00f3 kh\u00ed \u0103n m\u00f2n ho\u1eb7c c\u00e1ch \u0111i\u1ec7n, v\u00e0 kh\u00f4ng c\u00f3 b\u1ee5i d\u1eabn \u0111i\u1ec7n. Ngo\u00e0i ra, kh\u00f4ng c\u00f3 khu v\u1ef1c b\u1ecb \u1ea3nh h\u01b0\u1edfng b\u1edfi m\u01b0a ho\u1eb7c tuy\u1ebft.<\/p>\n<h3>4. C\u00e1ch s\u1eed d\u1ee5ng menu v\u00e0 c\u00e0i \u0111\u1eb7t<\/h3>\n<hr \/>\n<p><img fetchpriority=\"high\" decoding=\"async\" class=\"alignnone wp-image-8709 size-full\" src=\"https:\/\/bright-china.com\/wp-content\/uploads\/2025\/04\/Display-menu-for-selective-power-limit-protector-JGXZ-63.webp\" alt=\"Hi\u1ec3n th\u1ecb menu cho b\u1ed9 b\u1ea3o v\u1ec7 gi\u1edbi h\u1ea1n c\u00f4ng su\u1ea5t ch\u1ecdn l\u1ecdc JGXZ-63\" width=\"827\" height=\"874\" srcset=\"https:\/\/bright-china.com\/wp-content\/uploads\/2025\/04\/Display-menu-for-selective-power-limit-protector-JGXZ-63.webp 827w, https:\/\/bright-china.com\/wp-content\/uploads\/2025\/04\/Display-menu-for-selective-power-limit-protector-JGXZ-63-284x300.webp 284w, https:\/\/bright-china.com\/wp-content\/uploads\/2025\/04\/Display-menu-for-selective-power-limit-protector-JGXZ-63-768x812.webp 768w, https:\/\/bright-china.com\/wp-content\/uploads\/2025\/04\/Display-menu-for-selective-power-limit-protector-JGXZ-63-11x12.webp 11w, https:\/\/bright-china.com\/wp-content\/uploads\/2025\/04\/Display-menu-for-selective-power-limit-protector-JGXZ-63-600x634.webp 600w\" sizes=\"(max-width: 827px) 100vw, 827px\" \/><\/p>\n<p>&nbsp;<\/p>\n<p><img decoding=\"async\" class=\"alignnone wp-image-8710 size-full lazyload\" data-src=\"https:\/\/bright-china.com\/wp-content\/uploads\/2025\/04\/Product-Setting-Instructions-for-Selective-Power-Limiting-Protector-JGXZ-63.webp\" alt=\"H\u01b0\u1edbng d\u1eabn c\u00e0i \u0111\u1eb7t s\u1ea3n ph\u1ea9m cho b\u1ed9 b\u1ea3o v\u1ec7 gi\u1edbi h\u1ea1n c\u00f4ng su\u1ea5t ch\u1ecdn l\u1ecdc JGXZ-63\" width=\"958\" height=\"1350\" data-srcset=\"https:\/\/bright-china.com\/wp-content\/uploads\/2025\/04\/Product-Setting-Instructions-for-Selective-Power-Limiting-Protector-JGXZ-63.webp 958w, https:\/\/bright-china.com\/wp-content\/uploads\/2025\/04\/Product-Setting-Instructions-for-Selective-Power-Limiting-Protector-JGXZ-63-213x300.webp 213w, https:\/\/bright-china.com\/wp-content\/uploads\/2025\/04\/Product-Setting-Instructions-for-Selective-Power-Limiting-Protector-JGXZ-63-727x1024.webp 727w, https:\/\/bright-china.com\/wp-content\/uploads\/2025\/04\/Product-Setting-Instructions-for-Selective-Power-Limiting-Protector-JGXZ-63-768x1082.webp 768w, https:\/\/bright-china.com\/wp-content\/uploads\/2025\/04\/Product-Setting-Instructions-for-Selective-Power-Limiting-Protector-JGXZ-63-9x12.webp 9w, https:\/\/bright-china.com\/wp-content\/uploads\/2025\/04\/Product-Setting-Instructions-for-Selective-Power-Limiting-Protector-JGXZ-63-600x846.webp 600w\" data-sizes=\"(max-width: 958px) 100vw, 958px\" src=\"data:image\/svg+xml;base64,PHN2ZyB3aWR0aD0iMSIgaGVpZ2h0PSIxIiB4bWxucz0iaHR0cDovL3d3dy53My5vcmcvMjAwMC9zdmciPjwvc3ZnPg==\" style=\"--smush-placeholder-width: 958px; --smush-placeholder-aspect-ratio: 958\/1350;\" \/><\/p>\n<h2>5. M\u00f4 t\u1ea3 b\u1ea3ng \u0111i\u1ec1u khi\u1ec3n<\/h2>\n<hr \/>\n<p><img decoding=\"async\" class=\"alignnone wp-image-8708 size-full lazyload\" data-src=\"https:\/\/bright-china.com\/wp-content\/uploads\/2025\/04\/Display-name-of-selective-power-limit-protector-JGXZ-63.webp\" alt=\"T\u00ean hi\u1ec3n th\u1ecb c\u1ee7a b\u1ed9 b\u1ea3o v\u1ec7 gi\u1edbi h\u1ea1n c\u00f4ng su\u1ea5t ch\u1ecdn l\u1ecdc JGXZ-63\" width=\"669\" height=\"733\" data-srcset=\"https:\/\/bright-china.com\/wp-content\/uploads\/2025\/04\/Display-name-of-selective-power-limit-protector-JGXZ-63.webp 669w, https:\/\/bright-china.com\/wp-content\/uploads\/2025\/04\/Display-name-of-selective-power-limit-protector-JGXZ-63-274x300.webp 274w, https:\/\/bright-china.com\/wp-content\/uploads\/2025\/04\/Display-name-of-selective-power-limit-protector-JGXZ-63-11x12.webp 11w, https:\/\/bright-china.com\/wp-content\/uploads\/2025\/04\/Display-name-of-selective-power-limit-protector-JGXZ-63-600x657.webp 600w\" data-sizes=\"(max-width: 669px) 100vw, 669px\" src=\"data:image\/svg+xml;base64,PHN2ZyB3aWR0aD0iMSIgaGVpZ2h0PSIxIiB4bWxucz0iaHR0cDovL3d3dy53My5vcmcvMjAwMC9zdmciPjwvc3ZnPg==\" style=\"--smush-placeholder-width: 669px; --smush-placeholder-aspect-ratio: 669\/733;\" \/><\/p>\n<h2>6\u3001<strong><a href=\"https:\/\/ua-protector.com\">B\u1ed9 b\u1ea3o v\u1ec7 gi\u1edbi h\u1ea1n c\u00f4ng su\u1ea5t ch\u1ecdn l\u1ecdc<\/a> <\/strong>K\u00edch th\u01b0\u1edbc<\/h2>\n<hr \/>\n<p><img decoding=\"async\" class=\"alignnone wp-image-5180 size-full lazyload\" data-src=\"https:\/\/bright-china.com\/wp-content\/uploads\/2025\/04\/\u5916\u578b\u5c3a\u5bf8.jpg\" alt=\"Hi\u1ec3n th\u1ecb menu cho b\u1ed9 b\u1ea3o v\u1ec7 gi\u1edbi h\u1ea1n c\u00f4ng su\u1ea5t ch\u1ecdn l\u1ecdc\" width=\"687\" height=\"533\" data-srcset=\"https:\/\/bright-china.com\/wp-content\/uploads\/2025\/04\/\u5916\u578b\u5c3a\u5bf8.jpg 687w, https:\/\/bright-china.com\/wp-content\/uploads\/2025\/04\/\u5916\u578b\u5c3a\u5bf8-300x233.jpg 300w, https:\/\/bright-china.com\/wp-content\/uploads\/2025\/04\/\u5916\u578b\u5c3a\u5bf8-15x12.jpg 15w, https:\/\/bright-china.com\/wp-content\/uploads\/2025\/04\/\u5916\u578b\u5c3a\u5bf8-600x466.jpg 600w\" data-sizes=\"(max-width: 687px) 100vw, 687px\" src=\"data:image\/svg+xml;base64,PHN2ZyB3aWR0aD0iMSIgaGVpZ2h0PSIxIiB4bWxucz0iaHR0cDovL3d3dy53My5vcmcvMjAwMC9zdmciPjwvc3ZnPg==\" style=\"--smush-placeholder-width: 687px; --smush-placeholder-aspect-ratio: 687\/533;\" \/><\/p>\n<p>&nbsp;<\/p>\n<h2>7. N\u00ean c\u00f3 m\u1ed9t k\u1ebf ho\u1ea1ch.<\/h2>\n<hr \/>\n<figure id=\"attachment_6111\" aria-describedby=\"caption-attachment-6111\" style=\"width: 600px\" class=\"wp-caption alignnone\"><img decoding=\"async\" class=\"wp-image-6111 size-full lazyload\" data-src=\"https:\/\/bright-china.com\/wp-content\/uploads\/2025\/04\/\u63a5\u7ebf\u56fe-\u8fc7\u6b20\u538b-3.jpg\" alt=\"B\u1ed9 b\u1ea3o v\u1ec7 qu\u00e1 \u00e1p v\u00e0 d\u01b0\u1edbi \u00e1p\" width=\"600\" height=\"1133\" data-srcset=\"https:\/\/bright-china.com\/wp-content\/uploads\/2025\/04\/\u63a5\u7ebf\u56fe-\u8fc7\u6b20\u538b-3.jpg 600w, https:\/\/bright-china.com\/wp-content\/uploads\/2025\/04\/\u63a5\u7ebf\u56fe-\u8fc7\u6b20\u538b-3-159x300.jpg 159w, https:\/\/bright-china.com\/wp-content\/uploads\/2025\/04\/\u63a5\u7ebf\u56fe-\u8fc7\u6b20\u538b-3-542x1024.jpg 542w, https:\/\/bright-china.com\/wp-content\/uploads\/2025\/04\/\u63a5\u7ebf\u56fe-\u8fc7\u6b20\u538b-3-6x12.jpg 6w\" data-sizes=\"(max-width: 600px) 100vw, 600px\" src=\"data:image\/svg+xml;base64,PHN2ZyB3aWR0aD0iMSIgaGVpZ2h0PSIxIiB4bWxucz0iaHR0cDovL3d3dy53My5vcmcvMjAwMC9zdmciPjwvc3ZnPg==\" style=\"--smush-placeholder-width: 600px; --smush-placeholder-aspect-ratio: 600\/1133;\" \/><figcaption id=\"caption-attachment-6111\" class=\"wp-caption-text\">B\u1ed9 b\u1ea3o v\u1ec7 qu\u00e1 \u00e1p v\u00e0 d\u01b0\u1edbi \u00e1p<\/figcaption><\/figure>\n<h3 data-slate-node=\"element\"><span style=\"color: #ff0000;\" data-slate-node=\"text\"><span class=\"null hover-sent\" data-slate-leaf=\"true\" data-sent-id=\"ejrkgDPYqe\">C\u1ea3nh b\u00e1o:<\/span><\/span><\/h3>\n<div data-slate-node=\"element\"><span data-slate-node=\"text\"><span class=\"null hover-sent\" data-slate-leaf=\"true\" data-sent-id=\"ejrkgDPYqe\">D\u00e2y N v\u00e0 L kh\u00f4ng \u0111\u01b0\u1ee3c k\u1ebft n\u1ed1i sai.<\/span><\/span><\/div>\n<div data-slate-node=\"element\" data-slate-fragment=\"JTVCJTdCJTIydHlwZSUyMiUzQSUyMnBhcmFncmFwaCUyMiUyQyUyMmNoaWxkcmVuJTIyJTNBJTVCJTdCJTIyaWQlMjIlM0ElMjJlanJrZ0RQWXFlJTIyJTJDJTIycGFyYUlkeCUyMiUzQTElMkMlMjJzcmMlMjIlM0ElMjJBdHRlbnRpb24lM0ElMjBUaGUlMjBOJTIwYW5kJTIwTCUyMHdpcmVzJTIwbXVzdCUyMG5vdCUyMGJlJTIwY29ubmVjdGVkJTIwaW5jb3JyZWN0bHkuJTIyJTJDJTIyZHN0JTIyJTNBJTIyJUU2JUIzJUE4JUU2JTg0JThGJUVGJUJDJTlBTiVFNSU5MiU4Q0wlRTclQkElQkYlRTQlQjglOEQlRTUlQkUlOTclRTglQkYlOUUlRTYlOEUlQTUlRTklOTQlOTklRTglQUYlQUYlRTMlODAlODIlMjIlMkMlMjJtZXRhZGF0YSUyMiUzQSUyMiUyMiUyQyUyMm1hdGNoZXMlMjIlM0FudWxsJTJDJTIybWV0YURhdGElMjIlM0ElNUIlNUQlMkMlMjJ0ZXh0JTIyJTNBJTIyVGhlJTIwTiUyMGFuZCUyMEwlMjB3aXJlcyUyMG11c3QlMjBub3QlMjBiZSUyMGNvbm5lY3RlZCUyMGluY29ycmVjdGx5LiUyMiU3RCU1RCU3RCUyQyU3QiUyMnR5cGUlMjIlM0ElMjJwYXJhZ3JhcGglMjIlMkMlMjJjaGlsZHJlbiUyMiUzQSU1QiU3QiUyMmlkJTIyJTNBJTIyVk5ETmRqOUFiQiUyMiUyQyUyMnBhcmFJZHglMjIlM0EyJTJDJTIyc3JjJTIyJTNBJTIyQWxsJTIwdGVybWluYWxzJTIwbXVzdCUyMGJlJTIwdGlnaHRlbmVkJTIwdG8lMjBwcmV2ZW50JTIwZmFsc2UlMjBjb25uZWN0aW9ucyUyMHRoYXQlMjBjb3VsZCUyMGJ1cm4lMjBvdXQlMjB0aGUlMjBwcm90ZWN0b3IuJTIyJTJDJTIyZHN0JTIyJTNBJTIyJUU2JTg5JTgwJUU2JTlDJTg5JUU3JUFCJUFGJUU1JUFEJTkwJUU1JUJGJTg1JUU5JUExJUJCJUU2JThCJUE3JUU3JUI0JUE3JUVGJUJDJThDJUU0JUJCJUE1JUU5JTk4JUIyJUU2JUFEJUEyJUU1JThGJUFGJUU4JTgzJUJEJUU3JTgzJUE3JUU1JTlEJThGJUU0JUJGJTlEJUU2JThBJUE0JUU1JTk5JUE4JUU3JTlBJTg0JUU5JTk0JTk5JUU4JUFGJUFGJUU4JUJGJTlFJUU2JThFJUE1JUUzJTgwJTgyJTIyJTJDJTIybWV0YWRhdGElMjIlM0ElMjIlMjIlMkMlMjJtYXRjaGVzJTIyJTNBbnVsbCUyQyUyMm1ldGFEYXRhJTIyJTNBJTVCJTVEJTJDJTIydGV4dCUyMiUzQSUyMkFsbCUyMHRlcm1pbmFscyUyMG11c3QlMjBiZSUyMHRpZ2h0ZW5lZCUyMHRvJTIwcHJldmVudCUyMGZhbHNlJTIwY29ubmVjdGlvbnMlMjB0aGF0JTIwY291bGQlMjBidXJuJTIwb3V0JTIwdGhlJTIwcHJvdGVjdG9yLiUyMiU3RCU1RCU3RCU1RA==\"><span data-slate-node=\"text\"><span class=\"null\" data-slate-leaf=\"true\" data-sent-id=\"VNDNdj9AbB\">T\u1ea5t c\u1ea3 c\u00e1c \u0111\u1ea7u n\u1ed1i ph\u1ea3i \u0111\u01b0\u1ee3c si\u1ebft ch\u1eb7t \u0111\u1ec3 tr\u00e1nh c\u00e1c k\u1ebft n\u1ed1i sai c\u00f3 th\u1ec3 l\u00e0m h\u1ecfng b\u1ed9 b\u1ea3o v\u1ec7.<\/span><\/span><\/div>\n<h2 class=\"wp-block-heading\"><\/h2>\n<h2><strong>8. Th\u00f4ng tin g\u00f3i ti\u00eau chu\u1ea9n<\/strong><\/h2>\n<hr \/>\n<div style=\"overflow-x: auto;\">\n<p><img decoding=\"async\" class=\"alignnone wp-image-8832 size-medium lazyload\" data-src=\"https:\/\/bright-china.com\/wp-content\/uploads\/2025\/04\/Packaging-box-for-protector--300x300.webp\" alt=\"H\u1ed9p \u0111\u1ef1ng cho b\u1ed9 b\u1ea3o v\u1ec7\" width=\"300\" height=\"300\" data-srcset=\"https:\/\/bright-china.com\/wp-content\/uploads\/2025\/04\/Packaging-box-for-protector--300x300.webp 300w, https:\/\/bright-china.com\/wp-content\/uploads\/2025\/04\/Packaging-box-for-protector--150x150.webp 150w, https:\/\/bright-china.com\/wp-content\/uploads\/2025\/04\/Packaging-box-for-protector--12x12.webp 12w, https:\/\/bright-china.com\/wp-content\/uploads\/2025\/04\/Packaging-box-for-protector--600x600.webp 600w, https:\/\/bright-china.com\/wp-content\/uploads\/2025\/04\/Packaging-box-for-protector--100x100.webp 100w, https:\/\/bright-china.com\/wp-content\/uploads\/2025\/04\/Packaging-box-for-protector-.webp 750w\" data-sizes=\"(max-width: 300px) 100vw, 300px\" src=\"data:image\/svg+xml;base64,PHN2ZyB3aWR0aD0iMSIgaGVpZ2h0PSIxIiB4bWxucz0iaHR0cDovL3d3dy53My5vcmcvMjAwMC9zdmciPjwvc3ZnPg==\" style=\"--smush-placeholder-width: 300px; --smush-placeholder-aspect-ratio: 300\/300;\" \/><\/p>\n<table style=\"border-color: #969696; width: 100%;\" width=\"100%\">\n<tbody>\n<tr>\n<th style=\"background-color: #110d4d;\"><span style=\"color: #ffffff;\">K\u00edch th\u01b0\u1edbc th\u00f9ng carton (cm)<\/span><\/th>\n<th style=\"background-color: #110d4d;\"><span style=\"color: #ffffff;\">Danh s\u00e1ch \u0111\u00f3ng g\u00f3i<\/span><\/th>\n<th style=\"background-color: #110d4d;\"><span style=\"color: #ffffff;\">S\u1ed1 l\u01b0\u1ee3ng<\/span><\/th>\n<th style=\"background-color: #110d4d;\"><span style=\"color: #ffffff;\">Tr\u1ecdng l\u01b0\u1ee3ng t\u1ed5ng (kg)<\/span><\/th>\n<\/tr>\n<tr>\n<td>45,5 cm \u00d7 23,5 cm \u00d7 31,5 cm<\/td>\n<td>\u00a0b\u1ea3o v\u1ec7<\/td>\n<td>120 chi\u1ebfc<\/td>\n<td>20 kg<\/td>\n<\/tr>\n<\/tbody>\n<\/table>\n<\/div>\n<p>&nbsp;<\/p>","protected":false},"excerpt":{"rendered":"<p>JGXZ-63 l\u00e0 thi\u1ebft b\u1ecb b\u1ea3o v\u1ec7 gi\u1edbi h\u1ea1n c\u00f4ng su\u1ea5t ch\u1ecdn l\u1ecdc, ch\u1ee7 y\u1ebfu \u0111\u01b0\u1ee3c s\u1eed d\u1ee5ng \u0111\u1ec3 gi\u1edbi h\u1ea1n c\u00f4ng su\u1ea5t ti\u00eau th\u1ee5 c\u1ee7a c\u00e1c thi\u1ebft b\u1ecb \u0111i\u1ec7n c\u00f3 c\u00f4ng su\u1ea5t qu\u00e1 cao, v\u00e0 l\u00e0 thi\u1ebft b\u1ecb b\u1ea3o v\u1ec7 gi\u1edbi h\u1ea1n c\u00f4ng su\u1ea5t th\u00f4ng minh khi v\u01b0\u1ee3t qu\u00e1 gi\u1edbi h\u1ea1n c\u00f4ng su\u1ea5t t\u1ed5ng.<br \/>\n<strong>H\u01b0\u1edbng d\u1eabn \uff1a<a href=\"https:\/\/bright-china.com\/wp-content\/uploads\/2025\/04\/JGXZ-63-Manual.pdf\">B\u1ed9 b\u1ea3o v\u1ec7 gi\u1edbi h\u1ea1n c\u00f4ng su\u1ea5t ch\u1ecdn l\u1ecdc JGXZ-63-H\u01b0\u1edbng d\u1eabn s\u1eed d\u1ee5ng<\/a><\/strong><\/p>\n<p>&nbsp;<\/p>","protected":false},"featured_media":8703,"template":"","meta":{"_acf_changed":false,"site-sidebar-layout":"default","site-content-layout":"","ast-site-content-layout":"default","site-content-style":"default","site-sidebar-style":"default","ast-global-header-display":"","ast-banner-title-visibility":"","ast-main-header-display":"","ast-hfb-above-header-display":"","ast-hfb-below-header-display":"","ast-hfb-mobile-header-display":"","site-post-title":"","ast-breadcrumbs-content":"","ast-featured-img":"","footer-sml-layout":"","theme-transparent-header-meta":"default","adv-header-id-meta":"","stick-header-meta":"default","header-above-stick-meta":"","header-main-stick-meta":"","header-below-stick-meta":"","astra-migrate-meta-layouts":"set","ast-page-background-enabled":"default","ast-page-background-meta":{"desktop":{"background-color":"","background-image":"","background-repeat":"repeat","background-position":"center center","background-size":"auto","background-attachment":"scroll","background-type":"","background-media":"","overlay-type":"","overlay-color":"","overlay-opacity":"","overlay-gradient":""},"tablet":{"background-color":"","background-image":"","background-repeat":"repeat","background-position":"center center","background-size":"auto","background-attachment":"scroll","background-type":"","background-media":"","overlay-type":"","overlay-color":"","overlay-opacity":"","overlay-gradient":""},"mobile":{"background-color":"","background-image":"","background-repeat":"repeat","background-position":"center center","background-size":"auto","background-attachment":"scroll","background-type":"","background-media":"","overlay-type":"","overlay-color":"","overlay-opacity":"","overlay-gradient":""}},"ast-content-background-meta":{"desktop":{"background-color":"var(--ast-global-color-5)","background-image":"","background-repeat":"repeat","background-position":"center center","background-size":"auto","background-attachment":"scroll","background-type":"","background-media":"","overlay-type":"","overlay-color":"","overlay-opacity":"","overlay-gradient":""},"tablet":{"background-color":"var(--ast-global-color-5)","background-image":"","background-repeat":"repeat","background-position":"center center","background-size":"auto","background-attachment":"scroll","background-type":"","background-media":"","overlay-type":"","overlay-color":"","overlay-opacity":"","overlay-gradient":""},"mobile":{"background-color":"var(--ast-global-color-5)","background-image":"","background-repeat":"repeat","background-position":"center center","background-size":"auto","background-attachment":"scroll","background-type":"","background-media":"","overlay-type":"","overlay-color":"","overlay-opacity":"","overlay-gradient":""}},"_seo_title":"Selective power limit protector JGXZ-63","_seo_keywords":"Selective power limit protector, School dormitory surge protector, voltage protector, adjustable voltage protector","_seo_description":"JGXZ-63 is a selective power limit protector, mainly used to limit the power consumption of individual electrical appliances with excessive power, and an intelligent power limit protector for exceeding the..."},"product_brand":[],"product_cat":[15,65,69,64,57],"product_tag":[91,102,99,118,125,93],"class_list":{"0":"post-4424","1":"product","2":"type-product","3":"status-publish","4":"has-post-thumbnail","6":"product_cat-product","7":"product_cat-current-and-voltage-protector","8":"product_cat-voltmeter-ammeter","9":"product_cat-smart-meter","10":"product_cat-smart-protector","11":"product_tag-adjustable-over-under-voltage-protector","12":"product_tag-automatic-transfer-switch","13":"product_tag-current-limiting-protector","14":"product_tag-digital-display-adjustable-voltage-and-current-protector","15":"product_tag-selective-power-limit-protector","16":"product_tag-voltage-protector","17":"desktop-align-center","18":"tablet-align-left","19":"mobile-align-left","20":"ast-product-gallery-layout-horizontal-slider","22":"first","23":"instock","24":"sale","25":"featured","26":"shipping-taxable","27":"purchasable","28":"product-type-simple"},"acf":[],"seo_title":"Selective power limit protector JGXZ-63","seo_keywords":"Selective power limit protector, School dormitory surge protector, voltage protector, adjustable voltage protector","seo_description":"JGXZ-63 is a selective power limit protector, mainly used to limit the power consumption of individual electrical appliances with excessive power, and an intelligent power limit protector for exceeding the...","seo_score":"85","product_seo_keywords":"","_links":{"self":[{"href":"https:\/\/bright-china.com\/vi\/wp-json\/wp\/v2\/product\/4424","targetHints":{"allow":["GET"]}}],"collection":[{"href":"https:\/\/bright-china.com\/vi\/wp-json\/wp\/v2\/product"}],"about":[{"href":"https:\/\/bright-china.com\/vi\/wp-json\/wp\/v2\/types\/product"}],"wp:featuredmedia":[{"embeddable":true,"href":"https:\/\/bright-china.com\/vi\/wp-json\/wp\/v2\/media\/8703"}],"wp:attachment":[{"href":"https:\/\/bright-china.com\/vi\/wp-json\/wp\/v2\/media?parent=4424"}],"wp:term":[{"taxonomy":"product_brand","embeddable":true,"href":"https:\/\/bright-china.com\/vi\/wp-json\/wp\/v2\/product_brand?post=4424"},{"taxonomy":"product_cat","embeddable":true,"href":"https:\/\/bright-china.com\/vi\/wp-json\/wp\/v2\/product_cat?post=4424"},{"taxonomy":"product_tag","embeddable":true,"href":"https:\/\/bright-china.com\/vi\/wp-json\/wp\/v2\/product_tag?post=4424"}],"curies":[{"name":"wp","href":"https:\/\/api.w.org\/{rel}","templated":true}]}}