{"id":4425,"date":"2025-04-27T02:23:54","date_gmt":"2025-04-27T02:23:54","guid":{"rendered":"https:\/\/bright-china.com\/?post_type=product&#038;p=4425"},"modified":"2025-12-29T20:38:44","modified_gmt":"2025-12-30T03:38:44","slug":"bo-bao-ve-dien-ap-jgiv-63","status":"publish","type":"product","link":"https:\/\/bright-china.com\/vi\/product\/bo-bao-ve-dien-ap-jgiv-63\/","title":{"rendered":"B\u1ed9 b\u1ea3o v\u1ec7 \u0111i\u1ec7n \u00e1p c\u00f3 th\u1ec3 \u0111i\u1ec1u ch\u1ec9nh (Over Under) B\u1ed9 b\u1ea3o v\u1ec7 \u0111i\u1ec7n \u00e1p k\u1ef9 thu\u1eadt s\u1ed1 JGIV-63"},"content":{"rendered":"<h2>1. Gi\u1edbi thi\u1ec7u<\/h2>\n<hr \/>\n<p><a style=\"font-size: 16px; background-color: #ffffff;\" href=\"https:\/\/bright-china.com\/automatic-reconnection-energy-metering-protector-of-test-jgdl-63\/\"><strong>B\u1ed9 b\u1ea3o v\u1ec7 \u0111i\u1ec7n \u00e1p c\u00f3 th\u1ec3 \u0111i\u1ec1u ch\u1ec9nh (Over Under) B\u1ed9 b\u1ea3o v\u1ec7 \u0111i\u1ec7n \u00e1p k\u1ef9 thu\u1eadt s\u1ed1<\/strong> <\/a><span style=\"font-size: 16px;\">D\u00f2ng s\u1ea3n ph\u1ea9m JGIV-63 l\u00e0 thi\u1ebft b\u1ecb b\u1ea3o v\u1ec7 qu\u00e1 \u00e1p, d\u01b0\u1edbi \u00e1p v\u00e0 r\u00f2 r\u1ec9 d\u00f2ng \u0111i\u1ec7n, bao g\u1ed3m c\u00e1c ch\u1ee9c n\u0103ng b\u1ea3o v\u1ec7 qu\u00e1 \u00e1p, d\u01b0\u1edbi \u00e1p, ng\u1eafn m\u1ea1ch, r\u00f2 r\u1ec9 v\u00e0 b\u1ea3o v\u1ec7 to\u00e0n di\u1ec7n. S\u1ea3n ph\u1ea9m c\u00f3 c\u00e1c \u01b0u \u0111i\u1ec3m v\u1ec1 t\u00ednh m\u00f4-\u0111un, th\u00f4ng minh v\u00e0 hi\u1ec3n th\u1ecb tr\u1ef1c quan.<\/span><\/p>\n<p>T\u1ea5t c\u1ea3 c\u00e1c th\u00f4ng s\u1ed1 b\u1ea3o v\u1ec7 nh\u01b0 qu\u00e1 \u00e1p, thi\u1ebfu \u00e1p v\u00e0 b\u1ea3o v\u1ec7 r\u00f2 r\u1ec9 c\u00f3 th\u1ec3 \u0111\u01b0\u1ee3c c\u00e0i \u0111\u1eb7t theo nhu c\u1ea7u \u0111i\u1ec7n n\u0103ng, \u0111\u1ea3m b\u1ea3o r\u1eb1ng thi\u1ebft b\u1ecb b\u1ea3o v\u1ec7 c\u00f3 th\u1ec3 ng\u1eaft ngu\u1ed3n \u0111i\u1ec7n ngay l\u1eadp t\u1ee9c trong tr\u01b0\u1eddng h\u1ee3p qu\u00e1 \u00e1p, <a href=\"https:\/\/ua-protector.com\/product\/\">\u0110i\u1ec7n \u00e1p th\u1ea5p<\/a>, ch\u1eadp m\u1ea1ch, r\u00f2 r\u1ec9 \u0111i\u1ec7n v\u00e0 c\u00e1c s\u1ef1 c\u1ed1 kh\u00e1c trong m\u1ea1ch \u0111i\u1ec7n, b\u1ea3o v\u1ec7 thi\u1ebft b\u1ecb \u0111i\u1ec7n kh\u1ecfi h\u01b0 h\u1ecfng.<\/p>\n<p>D\u00f2ng s\u1ea3n ph\u1ea9m n\u00e0y c\u00f3 c\u1ea5u tr\u00fac g\u1ecdn nh\u1eb9, thi\u1ebft k\u1ebf \u0111\u1eb9p m\u1eaft v\u00e0 h\u1ec7 th\u1ed1ng l\u1eafp \u0111\u1eb7t ray ti\u00eau chu\u1ea9n. S\u1ea3n ph\u1ea9m ch\u1ee7 y\u1ebfu ph\u00f9 h\u1ee3p cho h\u1ec7 th\u1ed1ng ph\u00e2n ph\u1ed1i \u0111i\u1ec7n gia \u0111\u00ecnh, k\u00fd t\u00fac x\u00e1 tr\u01b0\u1eddng h\u1ecdc, nh\u00e0 cho thu\u00ea v\u00e0 c\u00e1c \u1ee9ng d\u1ee5ng kh\u00e1c.<\/p>\n<h2>2. \u0110i\u1ec1u ki\u1ec7n l\u00e0m vi\u1ec7c v\u00e0 th\u00f4ng s\u1ed1 k\u1ef9 thu\u1eadt<\/h2>\n<hr \/>\n<p>2.1. L\u1ea7n c\u1ea5p ngu\u1ed3n \u0111\u1ea7u ti\u00ean s\u1ebd t\u1ef1 \u0111\u1ed9ng ng\u1eaft sau 1 gi\u00e2y; S\u1ea3n ph\u1ea9m s\u1ebd t\u1ef1 \u0111\u1ed9ng ng\u1eaft k\u1ebft n\u1ed1i trong v\u00f2ng 1 gi\u00e2y trong tr\u01b0\u1eddng h\u1ee3p qu\u00e1 \u00e1p, thi\u1ebfu \u00e1p, qu\u00e1 d\u00f2ng ho\u1eb7c r\u00f2 r\u1ec9 \u0111i\u1ec7n trong l\u1ea7n c\u1ea5p ngu\u1ed3n \u0111\u1ea7u ti\u00ean;<br \/>\n2.2. C\u00e1c th\u00f4ng s\u1ed1 b\u1ea3o v\u1ec7 d\u00f2ng \u0111i\u1ec7n:<br \/>\na. \u2265 1,0 l\u1ea7n d\u00f2ng \u0111i\u1ec7n hi\u1ec7n t\u1ea1i, ph\u1ea1m vi c\u00e0i \u0111\u1eb7t t\u1eeb 1 \u0111\u1ebfn 120 gi\u00e2y, m\u1eb7c \u0111\u1ecbnh l\u00e0 10 gi\u00e2y.<br \/>\nb. \u2265 2 l\u1ea7n d\u00f2ng ng\u1eafn m\u1ea1ch, 0,1 gi\u00e2y \u0111\u1ec3 ng\u1eaft m\u1ea1ch.<br \/>\n2.3. Nhi\u1ec7t \u0111\u1ed9 m\u00f4i tr\u01b0\u1eddng kh\u00f4ng \u0111\u01b0\u1ee3c v\u01b0\u1ee3t qu\u00e1 +40 \u2103, kh\u00f4ng \u0111\u01b0\u1ee3c th\u1ea5p h\u01a1n -5 \u2103, v\u00e0 nhi\u1ec7t \u0111\u1ed9 trung b\u00ecnh trong 24 gi\u1edd kh\u00f4ng \u0111\u01b0\u1ee3c v\u01b0\u1ee3t qu\u00e1 +35 \u2103; T\u1ea1i +40 \u2103, \u0111\u1ed9 \u1ea9m kh\u00f4ng kh\u00ed xung quanh kh\u00f4ng \u0111\u01b0\u1ee3c v\u01b0\u1ee3t qu\u00e1 50%.<br \/>\n2.4. M\u1ef1c n\u01b0\u1edbc bi\u1ec3n t\u1ea1i v\u1ecb tr\u00ed l\u1eafp \u0111\u1eb7t kh\u00f4ng \u0111\u01b0\u1ee3c v\u01b0\u1ee3t qu\u00e1 2000 m\u00e9t.5. M\u1ee9c \u0111\u1ed9 \u00f4 nhi\u1ec5m III.6. M\u00f4i tr\u01b0\u1eddng l\u1eafp \u0111\u1eb7t kh\u00f4ng c\u00f3 c\u00e1c ch\u1ea5t nguy hi\u1ec3m d\u1ec5 ch\u00e1y n\u1ed5, kh\u00f4ng c\u00f3 kh\u00ed \u0103n m\u00f2n ho\u1eb7c c\u00e1ch \u0111i\u1ec7n, v\u00e0 kh\u00f4ng c\u00f3 b\u1ee5i d\u1eabn \u0111i\u1ec7n. Ngo\u00e0i ra, kh\u00f4ng c\u00f3 khu v\u1ef1c b\u1ecb \u1ea3nh h\u01b0\u1edfng b\u1edfi m\u01b0a ho\u1eb7c tuy\u1ebft.<\/p>\n<table style=\"border-collapse: collapse; width: 100%; border-color: #969696;\" border=\"0\" width=\"100%\" cellspacing=\"0\" cellpadding=\"0\">\n<tbody>\n<tr style=\"height: 13.50pt;\">\n<td style=\"height: 13px; width: 159.4pt; background-color: #0a165c;\" width=\"212\" height=\"18\"><span style=\"color: #ffffff;\">Lo\u1ea1i<\/span><\/td>\n<td style=\"width: 89.95pt; height: 13px; background-color: #0a165c;\" width=\"119\"><span style=\"color: #ffffff;\">JGIV-63<\/span><\/td>\n<\/tr>\n<tr style=\"height: 13.50pt;\">\n<td style=\"height: 13px;\" height=\"18\">D\u1ea3i c\u00e0i \u0111\u1eb7t hi\u1ec7n t\u1ea1i<\/td>\n<td style=\"height: 13px;\">63A(2~63A)<\/td>\n<\/tr>\n<tr style=\"height: 13.50pt;\">\n<td style=\"height: 13px; background-color: #e3e3e3;\" height=\"18\">D\u1ea3i c\u00e0i \u0111\u1eb7t \u0111i\u1ec7n \u00e1p qu\u00e1 \u00e1p<\/td>\n<td style=\"height: 13px; background-color: #e3e3e3;\">AC 270 V (210~300 V)<\/td>\n<\/tr>\n<tr style=\"height: 13.50pt;\">\n<td style=\"height: 13px;\" height=\"18\">Ph\u1ea1m vi c\u00e0i \u0111\u1eb7t \u0111i\u1ec7n \u00e1p th\u1ea5p<\/td>\n<td style=\"height: 13px;\">AC 170 V (80~200 V)<\/td>\n<\/tr>\n<tr style=\"height: 13.50pt;\">\n<td style=\"height: 13px; background-color: #e3e3e3;\" height=\"18\">D\u1ea3i c\u00e0i \u0111\u1eb7t d\u00f2ng r\u00f2<\/td>\n<td style=\"height: 13px; background-color: #e3e3e3;\">20mA (5~300mA)<\/td>\n<\/tr>\n<\/tbody>\n<\/table>\n<h2>3. C\u00e0i \u0111\u1eb7t s\u1ea3n ph\u1ea9m<\/h2>\n<hr \/>\n<p>3.1. N\u00fat C\u00e0i \u0111\u1eb7t: Nh\u1ea5n v\u00e0 gi\u1eef n\u00fat C\u00e0i \u0111\u1eb7t trong 2 gi\u00e2y \u0111\u1ec3 v\u00e0o ch\u1ebf \u0111\u1ed9 c\u00e0i \u0111\u1eb7t. Sau khi v\u00e0o ch\u1ebf \u0111\u1ed9 c\u00e0i \u0111\u1eb7t, nh\u1ea5n n\u00fat m\u1ed9t l\u1ea7n \u0111\u1ec3 v\u00e0o menu c\u00e0i \u0111\u1eb7t ti\u1ebfp theo;<br \/>\n3.2. Ph\u00edm Shift: Trong tr\u1ea1ng th\u00e1i c\u00e0i \u0111\u1eb7t, \u0111\u00e2y l\u00e0 ch\u1ee9c n\u0103ng chuy\u1ec3n \u0111\u1ed5i s\u1ed1;<br \/>\n3.3. Kh\u00f3a d\u1eef li\u1ec7u: Tra c\u1ee9u th\u00f4ng tin l\u1ed7i g\u1ea7n nh\u1ea5t c\u1ee7a s\u1ea3n ph\u1ea9m v\u00e0 \u0111i\u1ec1u ch\u1ec9nh c\u00e1c th\u00f4ng s\u1ed1 c\u1ea7n thi\u1ebft khi thi\u1ebft l\u1eadp tr\u1ea1ng th\u00e1i;<br \/>\n3.4. N\u00fat reset: Khi x\u1ea3y ra qu\u00e1 d\u00f2ng ho\u1eb7c r\u00f2 r\u1ec9 \u0111i\u1ec7n l\u1ea7n \u0111\u1ea7u ti\u00ean, s\u1ea3n ph\u1ea9m s\u1ebd t\u1ef1 \u0111\u1ed9ng ng\u1eaft sau m\u1ed9t kho\u1ea3ng th\u1eddi gian tr\u1ec5 reset \u0111\u00e3 \u0111\u01b0\u1ee3c thi\u1ebft l\u1eadp. Khi x\u1ea3y ra qu\u00e1 d\u00f2ng ho\u1eb7c r\u00f2 r\u1ec9 \u0111i\u1ec7n l\u1ea7n th\u1ee9 hai, ng\u01b0\u1eddi d\u00f9ng ph\u1ea3i x\u00e1c nh\u1eadn th\u1ee7 c\u00f4ng r\u1eb1ng kh\u00f4ng c\u00f3 s\u1ef1 c\u1ed1 trong m\u1ea1ch. Sau khi nh\u1ea5n n\u00fat reset th\u1ee7 c\u00f4ng, s\u1ea3n ph\u1ea9m s\u1ebd ng\u1eaft. Khi \u1edf tr\u1ea1ng th\u00e1i c\u00e0i \u0111\u1eb7t, nh\u1ea5n n\u00fat reset trong 1 gi\u00e2y \u0111\u1ec3 l\u01b0u v\u00e0 tho\u00e1t kh\u1ecfi tr\u1ea1ng th\u00e1i c\u00e0i \u0111\u1eb7t.,<br \/>\nNh\u1ea5n v\u00e0 gi\u1eef n\u00fat reset trong khi hi\u1ec3n th\u1ecb th\u1eddi gian th\u1ef1c \u0111\u1ec3 m\u1edf s\u1ea3n ph\u1ea9m, v\u00e0 nh\u1ea5n l\u1ea1i n\u00fat \u0111\u00f3 \u0111\u1ec3 \u0111\u00f3ng s\u1ea3n ph\u1ea9m.<br \/>\n<img fetchpriority=\"high\" decoding=\"async\" class=\"alignnone wp-image-8720 size-full\" src=\"https:\/\/bright-china.com\/wp-content\/uploads\/2025\/04\/Product-menu-of-digital-display-adjustable-voltage-protector.webp\" alt=\"Menu s\u1ea3n ph\u1ea9m c\u1ee7a b\u1ed9 b\u1ea3o v\u1ec7 \u0111i\u1ec7n \u00e1p \u0111i\u1ec1u ch\u1ec9nh \u0111\u01b0\u1ee3c tr\u00ean m\u00e0n h\u00ecnh k\u1ef9 thu\u1eadt s\u1ed1\" width=\"827\" height=\"594\" srcset=\"https:\/\/bright-china.com\/wp-content\/uploads\/2025\/04\/Product-menu-of-digital-display-adjustable-voltage-protector.webp 827w, https:\/\/bright-china.com\/wp-content\/uploads\/2025\/04\/Product-menu-of-digital-display-adjustable-voltage-protector-300x215.webp 300w, https:\/\/bright-china.com\/wp-content\/uploads\/2025\/04\/Product-menu-of-digital-display-adjustable-voltage-protector-768x552.webp 768w, https:\/\/bright-china.com\/wp-content\/uploads\/2025\/04\/Product-menu-of-digital-display-adjustable-voltage-protector-18x12.webp 18w, https:\/\/bright-china.com\/wp-content\/uploads\/2025\/04\/Product-menu-of-digital-display-adjustable-voltage-protector-600x431.webp 600w\" sizes=\"(max-width: 827px) 100vw, 827px\" \/><\/p>\n<h2>5. K\u00edch th\u01b0\u1edbc<\/h2>\n<hr \/>\n<p><img decoding=\"async\" class=\"alignnone wp-image-8719 size-full lazyload\" data-src=\"https:\/\/bright-china.com\/wp-content\/uploads\/2025\/04\/Panel-Description-of-Digital-Display-Adjustable-Voltage-Protector.webp\" alt=\"M\u00f4 t\u1ea3 b\u1ea3ng \u0111i\u1ec1u khi\u1ec3n c\u1ee7a b\u1ed9 b\u1ea3o v\u1ec7 \u0111i\u1ec7n \u00e1p \u0111i\u1ec1u ch\u1ec9nh \u0111\u01b0\u1ee3c cho m\u00e0n h\u00ecnh k\u1ef9 thu\u1eadt s\u1ed1\" width=\"451\" height=\"752\" data-srcset=\"https:\/\/bright-china.com\/wp-content\/uploads\/2025\/04\/Panel-Description-of-Digital-Display-Adjustable-Voltage-Protector.webp 451w, https:\/\/bright-china.com\/wp-content\/uploads\/2025\/04\/Panel-Description-of-Digital-Display-Adjustable-Voltage-Protector-180x300.webp 180w, https:\/\/bright-china.com\/wp-content\/uploads\/2025\/04\/Panel-Description-of-Digital-Display-Adjustable-Voltage-Protector-7x12.webp 7w\" data-sizes=\"(max-width: 451px) 100vw, 451px\" src=\"data:image\/svg+xml;base64,PHN2ZyB3aWR0aD0iMSIgaGVpZ2h0PSIxIiB4bWxucz0iaHR0cDovL3d3dy53My5vcmcvMjAwMC9zdmciPjwvc3ZnPg==\" style=\"--smush-placeholder-width: 451px; --smush-placeholder-aspect-ratio: 451\/752;\" \/><\/p>\n<p>&nbsp;<\/p>\n<h2>N\u00ean c\u00f3 m\u1ed9t k\u1ebf ho\u1ea1ch<\/h2>\n<hr \/>\n<figure id=\"attachment_6111\" aria-describedby=\"caption-attachment-6111\" style=\"width: 600px\" class=\"wp-caption alignnone\"><img decoding=\"async\" class=\"wp-image-6111 size-full lazyload\" data-src=\"https:\/\/bright-china.com\/wp-content\/uploads\/2025\/04\/\u63a5\u7ebf\u56fe-\u8fc7\u6b20\u538b-3.jpg\" alt=\"B\u1ed9 b\u1ea3o v\u1ec7 qu\u00e1 \u00e1p v\u00e0 d\u01b0\u1edbi \u00e1p\" width=\"600\" height=\"1133\" data-srcset=\"https:\/\/bright-china.com\/wp-content\/uploads\/2025\/04\/\u63a5\u7ebf\u56fe-\u8fc7\u6b20\u538b-3.jpg 600w, https:\/\/bright-china.com\/wp-content\/uploads\/2025\/04\/\u63a5\u7ebf\u56fe-\u8fc7\u6b20\u538b-3-159x300.jpg 159w, https:\/\/bright-china.com\/wp-content\/uploads\/2025\/04\/\u63a5\u7ebf\u56fe-\u8fc7\u6b20\u538b-3-542x1024.jpg 542w, https:\/\/bright-china.com\/wp-content\/uploads\/2025\/04\/\u63a5\u7ebf\u56fe-\u8fc7\u6b20\u538b-3-6x12.jpg 6w\" data-sizes=\"(max-width: 600px) 100vw, 600px\" src=\"data:image\/svg+xml;base64,PHN2ZyB3aWR0aD0iMSIgaGVpZ2h0PSIxIiB4bWxucz0iaHR0cDovL3d3dy53My5vcmcvMjAwMC9zdmciPjwvc3ZnPg==\" style=\"--smush-placeholder-width: 600px; --smush-placeholder-aspect-ratio: 600\/1133;\" \/><figcaption id=\"caption-attachment-6111\" class=\"wp-caption-text\">B\u1ed9 b\u1ea3o v\u1ec7 qu\u00e1 \u00e1p v\u00e0 d\u01b0\u1edbi \u00e1p<\/figcaption><\/figure>\n<h3 data-slate-node=\"element\"><span class=\"null hover-sent\" style=\"color: #ff0000;\" data-slate-leaf=\"true\" data-sent-id=\"ejrkgDPYqe\">C\u1ea3nh b\u00e1o:<\/span><\/h3>\n<div data-slate-node=\"element\"><span data-slate-node=\"text\"><span class=\"null hover-sent\" data-slate-leaf=\"true\" data-sent-id=\"ejrkgDPYqe\">D\u00e2y N v\u00e0 L kh\u00f4ng \u0111\u01b0\u1ee3c k\u1ebft n\u1ed1i sai.<\/span><\/span><\/div>\n<div data-slate-node=\"element\" data-slate-fragment=\"JTVCJTdCJTIydHlwZSUyMiUzQSUyMnBhcmFncmFwaCUyMiUyQyUyMmNoaWxkcmVuJTIyJTNBJTVCJTdCJTIyaWQlMjIlM0ElMjJlanJrZ0RQWXFlJTIyJTJDJTIycGFyYUlkeCUyMiUzQTElMkMlMjJzcmMlMjIlM0ElMjJBdHRlbnRpb24lM0ElMjBUaGUlMjBOJTIwYW5kJTIwTCUyMHdpcmVzJTIwbXVzdCUyMG5vdCUyMGJlJTIwY29ubmVjdGVkJTIwaW5jb3JyZWN0bHkuJTIyJTJDJTIyZHN0JTIyJTNBJTIyJUU2JUIzJUE4JUU2JTg0JThGJUVGJUJDJTlBTiVFNSU5MiU4Q0wlRTclQkElQkYlRTQlQjglOEQlRTUlQkUlOTclRTglQkYlOUUlRTYlOEUlQTUlRTklOTQlOTklRTglQUYlQUYlRTMlODAlODIlMjIlMkMlMjJtZXRhZGF0YSUyMiUzQSUyMiUyMiUyQyUyMm1hdGNoZXMlMjIlM0FudWxsJTJDJTIybWV0YURhdGElMjIlM0ElNUIlNUQlMkMlMjJ0ZXh0JTIyJTNBJTIyVGhlJTIwTiUyMGFuZCUyMEwlMjB3aXJlcyUyMG11c3QlMjBub3QlMjBiZSUyMGNvbm5lY3RlZCUyMGluY29ycmVjdGx5LiUyMiU3RCU1RCU3RCUyQyU3QiUyMnR5cGUlMjIlM0ElMjJwYXJhZ3JhcGglMjIlMkMlMjJjaGlsZHJlbiUyMiUzQSU1QiU3QiUyMmlkJTIyJTNBJTIyVk5ETmRqOUFiQiUyMiUyQyUyMnBhcmFJZHglMjIlM0EyJTJDJTIyc3JjJTIyJTNBJTIyQWxsJTIwdGVybWluYWxzJTIwbXVzdCUyMGJlJTIwdGlnaHRlbmVkJTIwdG8lMjBwcmV2ZW50JTIwZmFsc2UlMjBjb25uZWN0aW9ucyUyMHRoYXQlMjBjb3VsZCUyMGJ1cm4lMjBvdXQlMjB0aGUlMjBwcm90ZWN0b3IuJTIyJTJDJTIyZHN0JTIyJTNBJTIyJUU2JTg5JTgwJUU2JTlDJTg5JUU3JUFCJUFGJUU1JUFEJTkwJUU1JUJGJTg1JUU5JUExJUJCJUU2JThCJUE3JUU3JUI0JUE3JUVGJUJDJThDJUU0JUJCJUE1JUU5JTk4JUIyJUU2JUFEJUEyJUU1JThGJUFGJUU4JTgzJUJEJUU3JTgzJUE3JUU1JTlEJThGJUU0JUJGJTlEJUU2JThBJUE0JUU1JTk5JUE4JUU3JTlBJTg0JUU5JTk0JTk5JUU4JUFGJUFGJUU4JUJGJTlFJUU2JThFJUE1JUUzJTgwJTgyJTIyJTJDJTIybWV0YWRhdGElMjIlM0ElMjIlMjIlMkMlMjJtYXRjaGVzJTIyJTNBbnVsbCUyQyUyMm1ldGFEYXRhJTIyJTNBJTVCJTVEJTJDJTIydGV4dCUyMiUzQSUyMkFsbCUyMHRlcm1pbmFscyUyMG11c3QlMjBiZSUyMHRpZ2h0ZW5lZCUyMHRvJTIwcHJldmVudCUyMGZhbHNlJTIwY29ubmVjdGlvbnMlMjB0aGF0JTIwY291bGQlMjBidXJuJTIwb3V0JTIwdGhlJTIwcHJvdGVjdG9yLiUyMiU3RCU1RCU3RCU1RA==\"><span data-slate-node=\"text\"><span class=\"null\" data-slate-leaf=\"true\" data-sent-id=\"VNDNdj9AbB\">T\u1ea5t c\u1ea3 c\u00e1c \u0111\u1ea7u n\u1ed1i ph\u1ea3i \u0111\u01b0\u1ee3c si\u1ebft ch\u1eb7t \u0111\u1ec3 tr\u00e1nh c\u00e1c k\u1ebft n\u1ed1i sai c\u00f3 th\u1ec3 l\u00e0m h\u1ecfng b\u1ed9 b\u1ea3o v\u1ec7.<\/span><\/span><\/div>\n<h2 class=\"wp-block-heading\"><\/h2>\n<h2><strong>Th\u00f4ng tin g\u00f3i ti\u00eau chu\u1ea9n<\/strong><\/h2>\n<hr \/>\n<p><img decoding=\"async\" class=\"alignnone wp-image-6114 size-medium lazyload\" data-src=\"https:\/\/bright-china.com\/wp-content\/uploads\/2025\/04\/45.5-23.5-31.5-box-300x300.jpg\" alt=\"H\u1ed9p \u0111\u1ef1ng cho b\u1ed9 b\u1ea3o v\u1ec7\" width=\"300\" height=\"300\" data-srcset=\"https:\/\/bright-china.com\/wp-content\/uploads\/2025\/04\/45.5-23.5-31.5-box-300x300.jpg 300w, https:\/\/bright-china.com\/wp-content\/uploads\/2025\/04\/45.5-23.5-31.5-box-150x150.jpg 150w, https:\/\/bright-china.com\/wp-content\/uploads\/2025\/04\/45.5-23.5-31.5-box-12x12.jpg 12w, https:\/\/bright-china.com\/wp-content\/uploads\/2025\/04\/45.5-23.5-31.5-box-600x600.jpg 600w, https:\/\/bright-china.com\/wp-content\/uploads\/2025\/04\/45.5-23.5-31.5-box-100x100.jpg 100w, https:\/\/bright-china.com\/wp-content\/uploads\/2025\/04\/45.5-23.5-31.5-box.jpg 750w\" data-sizes=\"(max-width: 300px) 100vw, 300px\" src=\"data:image\/svg+xml;base64,PHN2ZyB3aWR0aD0iMSIgaGVpZ2h0PSIxIiB4bWxucz0iaHR0cDovL3d3dy53My5vcmcvMjAwMC9zdmciPjwvc3ZnPg==\" style=\"--smush-placeholder-width: 300px; --smush-placeholder-aspect-ratio: 300\/300;\" \/><\/p>\n<table style=\"border-collapse: collapse; width: 100%; border-color: #969696;\" border=\"0\" width=\"100%\" cellspacing=\"0\" cellpadding=\"0\">\n<tbody>\n<tr style=\"height: 14.25pt;\">\n<td class=\"et2\" style=\"height: 14.25pt; width: 143.9pt; background-color: #0e157d;\" width=\"191\" height=\"19\"><span style=\"color: #ffffff;\">K\u00edch th\u01b0\u1edbc th\u00f9ng carton (cm)<\/span><\/td>\n<td class=\"et2\" style=\"width: 54pt; background-color: #0e157d;\" width=\"72\"><span style=\"color: #ffffff;\">Danh s\u00e1ch \u0111\u00f3ng g\u00f3i<\/span><\/td>\n<td class=\"et2\" style=\"width: 54pt; background-color: #0e157d;\" width=\"72\"><span style=\"color: #ffffff;\">S\u1ed1 l\u01b0\u1ee3ng<\/span><\/td>\n<td class=\"et2\" style=\"width: 92.8pt; background-color: #0e157d;\" width=\"123\"><span style=\"color: #ffffff;\">Tr\u1ecdng l\u01b0\u1ee3ng t\u1ed5ng (kg)<\/span><\/td>\n<\/tr>\n<tr style=\"height: 28.50pt;\">\n<td class=\"et2\" style=\"height: 28.50pt; width: 143.90pt;\" width=\"191\" height=\"38\">45,5 cm \u00d7 23,5 cm \u00d7 31,5 cm<\/td>\n<td class=\"et2\" style=\"width: 54.00pt;\" width=\"72\">\u00a0b\u1ea3o v\u1ec7<\/td>\n<td class=\"et2\" style=\"width: 54.00pt;\" width=\"72\">60 chi\u1ebfc<\/td>\n<td class=\"et2\" style=\"width: 92.80pt;\" width=\"123\">20 kg<\/td>\n<\/tr>\n<\/tbody>\n<\/table>\n<p><a href=\"https:\/\/bright-china.com\/product\/intelligent-current-voltage-protector\/\" target=\"_blank\" rel=\"noopener\" ___protected_content_16___>B\u1ed9 b\u1ea3o v\u1ec7 d\u00f2ng \u0111i\u1ec7n v\u00e0 \u0111i\u1ec7n \u00e1p c\u00f3 th\u1ec3 \u0111i\u1ec1u ch\u1ec9nh tr\u00ean m\u00e0n h\u00ecnh k\u1ef9 thu\u1eadt s\u1ed1<\/a><\/p>","protected":false},"excerpt":{"rendered":"<p><a href=\"https:\/\/bright-china.com\/product\/\">B\u1ed9 b\u1ea3o v\u1ec7 qu\u00e1 \u00e1p v\u00e0 d\u01b0\u1edbi \u00e1p c\u00f3 th\u1ec3 \u0111i\u1ec1u ch\u1ec9nh\u00a0<\/a> <span data-slate-fragment=\"JTVCJTdCJTIydHlwZSUyMiUzQSUyMnBhcmFncmFwaCUyMiUyQyUyMmNoaWxkcmVuJTIyJTNBJTVCJTdCJTIyaWQlMjIlM0ElMjJCd2JuWjNERWx6JTIyJTJDJTIycGFyYUlkeCUyMiUzQTAlMkMlMjJzcmMlMjIlM0ElMjJEaWdpdGFsJTIwVm9sdGFnZSUyMFByb3RlY3RvciUyMEFkanVzdGFibGUlMjBPdmVyJTIwVW5kZXIlMjBWb2x0YWdlJTIwUHJvdGVjdG9yJTIyJTJDJTIyZHN0JTIyJTNBJTIyJUU2JTk1JUIwJUU1JUFEJTk3JUU3JTk0JUI1JUU1JThFJThCJUU0JUJGJTlEJUU2JThBJUE0JUU1JTk5JUE4JUU1JThGJUFGJUU4JUIwJTgzJUU4JUJGJTg3JUU2JUFDJUEwJUU1JThFJThCJUU0JUJGJTlEJUU2JThBJUE0JUU1JTk5JUE4JTIyJTJDJTIybWV0YWRhdGElMjIlM0ElMjIlMjIlMkMlMjJtYXRjaGVzJTIyJTNBbnVsbCUyQyUyMm1ldGFEYXRhJTIyJTNBJTVCJTVEJTJDJTIydGV4dCUyMiUzQSUyMkRpZ2l0YWwlMjBWb2x0YWdlJTIwUHJvdGVjdG9yJTIyJTdEJTVEJTdEJTVE\">B\u1ed9 b\u1ea3o v\u1ec7 \u0111i\u1ec7n \u00e1p k\u1ef9 thu\u1eadt s\u1ed1 <\/span>D\u00f2ng s\u1ea3n ph\u1ea9m JGIV-63 l\u00e0 thi\u1ebft b\u1ecb b\u1ea3o v\u1ec7 qu\u00e1 \u00e1p, d\u01b0\u1edbi \u00e1p v\u00e0 r\u00f2 r\u1ec9 d\u00f2ng \u0111i\u1ec7n, bao g\u1ed3m c\u00e1c ch\u1ee9c n\u0103ng b\u1ea3o v\u1ec7 qu\u00e1 \u00e1p, d\u01b0\u1edbi \u00e1p, ng\u1eafn m\u1ea1ch, r\u00f2 r\u1ec9 v\u00e0 b\u1ea3o v\u1ec7 to\u00e0n di\u1ec7n. S\u1ea3n ph\u1ea9m c\u00f3 c\u00e1c \u01b0u \u0111i\u1ec3m v\u1ec1 t\u00ednh m\u00f4-\u0111un, th\u00f4ng minh v\u00e0 hi\u1ec3n th\u1ecb tr\u1ef1c quan.<\/p>\n<p>T\u1ea5t c\u1ea3 c\u00e1c th\u00f4ng s\u1ed1 b\u1ea3o v\u1ec7 nh\u01b0 qu\u00e1 \u00e1p, thi\u1ebfu \u00e1p v\u00e0 b\u1ea3o v\u1ec7 r\u00f2 r\u1ec9 c\u00f3 th\u1ec3 \u0111\u01b0\u1ee3c c\u00e0i \u0111\u1eb7t theo nhu c\u1ea7u \u0111i\u1ec7n n\u0103ng, \u0111\u1ea3m b\u1ea3o r\u1eb1ng thi\u1ebft b\u1ecb b\u1ea3o v\u1ec7 c\u00f3 th\u1ec3 ng\u1eaft ngu\u1ed3n \u0111i\u1ec7n ngay l\u1eadp t\u1ee9c trong tr\u01b0\u1eddng h\u1ee3p qu\u00e1 \u00e1p, thi\u1ebfu \u00e1p, ch\u1eadp m\u1ea1ch, r\u00f2 r\u1ec9 v\u00e0 c\u00e1c s\u1ef1 c\u1ed1 kh\u00e1c trong m\u1ea1ch, b\u1ea3o v\u1ec7 thi\u1ebft b\u1ecb \u0111i\u1ec7n kh\u1ecfi h\u01b0 h\u1ecfng.<\/p>","protected":false},"featured_media":8711,"template":"","meta":{"_acf_changed":false,"site-sidebar-layout":"default","site-content-layout":"","ast-site-content-layout":"default","site-content-style":"default","site-sidebar-style":"default","ast-global-header-display":"","ast-banner-title-visibility":"","ast-main-header-display":"","ast-hfb-above-header-display":"","ast-hfb-below-header-display":"","ast-hfb-mobile-header-display":"","site-post-title":"","ast-breadcrumbs-content":"","ast-featured-img":"","footer-sml-layout":"","theme-transparent-header-meta":"default","adv-header-id-meta":"","stick-header-meta":"default","header-above-stick-meta":"","header-main-stick-meta":"","header-below-stick-meta":"","astra-migrate-meta-layouts":"set","ast-page-background-enabled":"default","ast-page-background-meta":{"desktop":{"background-color":"","background-image":"","background-repeat":"repeat","background-position":"center center","background-size":"auto","background-attachment":"scroll","background-type":"","background-media":"","overlay-type":"","overlay-color":"","overlay-opacity":"","overlay-gradient":""},"tablet":{"background-color":"","background-image":"","background-repeat":"repeat","background-position":"center center","background-size":"auto","background-attachment":"scroll","background-type":"","background-media":"","overlay-type":"","overlay-color":"","overlay-opacity":"","overlay-gradient":""},"mobile":{"background-color":"","background-image":"","background-repeat":"repeat","background-position":"center center","background-size":"auto","background-attachment":"scroll","background-type":"","background-media":"","overlay-type":"","overlay-color":"","overlay-opacity":"","overlay-gradient":""}},"ast-content-background-meta":{"desktop":{"background-color":"var(--ast-global-color-5)","background-image":"","background-repeat":"repeat","background-position":"center center","background-size":"auto","background-attachment":"scroll","background-type":"","background-media":"","overlay-type":"","overlay-color":"","overlay-opacity":"","overlay-gradient":""},"tablet":{"background-color":"var(--ast-global-color-5)","background-image":"","background-repeat":"repeat","background-position":"center center","background-size":"auto","background-attachment":"scroll","background-type":"","background-media":"","overlay-type":"","overlay-color":"","overlay-opacity":"","overlay-gradient":""},"mobile":{"background-color":"var(--ast-global-color-5)","background-image":"","background-repeat":"repeat","background-position":"center center","background-size":"auto","background-attachment":"scroll","background-type":"","background-media":"","overlay-type":"","overlay-color":"","overlay-opacity":"","overlay-gradient":""}},"_seo_title":"Adjustable Over Under Voltage Protector","_seo_keywords":"Adjustable Over Under Voltage Protector, Digital Voltage Protector, voltage protector, voltage protector for home, voltage protector price in pakistan, voltage protector setting, voltage protector for fridge","_seo_description":"Adjustable Over Under Voltage Protector\u00a0 Digital Voltage Protector JGIV-63 series is a current limiting leakage type overvoltage and undervoltage protector,"},"product_brand":[],"product_cat":[15,65,69,64,57],"product_tag":[91,137,92,93],"class_list":{"0":"post-4425","1":"product","2":"type-product","3":"status-publish","4":"has-post-thumbnail","6":"product_cat-product","7":"product_cat-current-and-voltage-protector","8":"product_cat-voltmeter-ammeter","9":"product_cat-smart-meter","10":"product_cat-smart-protector","11":"product_tag-adjustable-over-under-voltage-protector","12":"product_tag-digital-display-adjustable-current-and-voltage-protector","13":"product_tag-digital-voltage-protector","14":"product_tag-voltage-protector","15":"desktop-align-center","16":"tablet-align-left","17":"mobile-align-left","18":"ast-product-gallery-layout-horizontal-slider","20":"first","21":"instock","22":"sale","23":"featured","24":"shipping-taxable","25":"purchasable","26":"product-type-simple"},"acf":[],"seo_title":"Adjustable Over Under Voltage Protector","seo_keywords":"Adjustable Over Under Voltage Protector, Digital Voltage Protector, voltage protector, voltage protector for home, voltage protector price in pakistan, voltage protector setting, voltage protector for fridge","seo_description":"Adjustable Over Under Voltage Protector\u00a0 Digital Voltage Protector JGIV-63 series is a current limiting leakage type overvoltage and undervoltage protector,","seo_score":"85","product_seo_keywords":"","_links":{"self":[{"href":"https:\/\/bright-china.com\/vi\/wp-json\/wp\/v2\/product\/4425","targetHints":{"allow":["GET"]}}],"collection":[{"href":"https:\/\/bright-china.com\/vi\/wp-json\/wp\/v2\/product"}],"about":[{"href":"https:\/\/bright-china.com\/vi\/wp-json\/wp\/v2\/types\/product"}],"wp:featuredmedia":[{"embeddable":true,"href":"https:\/\/bright-china.com\/vi\/wp-json\/wp\/v2\/media\/8711"}],"wp:attachment":[{"href":"https:\/\/bright-china.com\/vi\/wp-json\/wp\/v2\/media?parent=4425"}],"wp:term":[{"taxonomy":"product_brand","embeddable":true,"href":"https:\/\/bright-china.com\/vi\/wp-json\/wp\/v2\/product_brand?post=4425"},{"taxonomy":"product_cat","embeddable":true,"href":"https:\/\/bright-china.com\/vi\/wp-json\/wp\/v2\/product_cat?post=4425"},{"taxonomy":"product_tag","embeddable":true,"href":"https:\/\/bright-china.com\/vi\/wp-json\/wp\/v2\/product_tag?post=4425"}],"curies":[{"name":"wp","href":"https:\/\/api.w.org\/{rel}","templated":true}]}}