{"id":4426,"date":"2025-04-27T02:23:54","date_gmt":"2025-04-27T02:23:54","guid":{"rendered":"https:\/\/bright-china.com\/?post_type=product&#038;p=4426"},"modified":"2026-01-04T01:32:55","modified_gmt":"2026-01-04T08:32:55","slug":"ats-jgq3-100s","status":"publish","type":"product","link":"https:\/\/bright-china.com\/vi\/product\/ats-jgq3-100s\/","title":{"rendered":"B\u1ed9 chuy\u1ec3n m\u1ea1ch t\u1ef1 \u0111\u1ed9ng (ATS) JGQ3-100S"},"content":{"rendered":"<h2><strong>Gi\u1edbi thi\u1ec7u<\/strong><\/h2>\n<hr \/>\n<p><img fetchpriority=\"high\" decoding=\"async\" class=\"wp-image-8736 size-medium alignleft\" src=\"https:\/\/bright-china.com\/wp-content\/uploads\/2025\/04\/Automatic-Transfer-Switch-JGQ3-100-0-300x300.webp\" alt=\"C\u00f4ng t\u1eafc chuy\u1ec3n t\u1ef1 \u0111\u1ed9ng - JGQ3-100\" width=\"300\" height=\"300\" srcset=\"https:\/\/bright-china.com\/wp-content\/uploads\/2025\/04\/Automatic-Transfer-Switch-JGQ3-100-0-300x300.webp 300w, https:\/\/bright-china.com\/wp-content\/uploads\/2025\/04\/Automatic-Transfer-Switch-JGQ3-100-0-150x150.webp 150w, https:\/\/bright-china.com\/wp-content\/uploads\/2025\/04\/Automatic-Transfer-Switch-JGQ3-100-0-768x768.webp 768w, https:\/\/bright-china.com\/wp-content\/uploads\/2025\/04\/Automatic-Transfer-Switch-JGQ3-100-0-12x12.webp 12w, https:\/\/bright-china.com\/wp-content\/uploads\/2025\/04\/Automatic-Transfer-Switch-JGQ3-100-0-600x600.webp 600w, https:\/\/bright-china.com\/wp-content\/uploads\/2025\/04\/Automatic-Transfer-Switch-JGQ3-100-0-100x100.webp 100w, https:\/\/bright-china.com\/wp-content\/uploads\/2025\/04\/Automatic-Transfer-Switch-JGQ3-100-0.webp 800w\" sizes=\"(max-width: 300px) 100vw, 300px\" \/><\/p>\n<p><a href=\"https:\/\/bright-china.com\/dc-circuit-breakers-2\/\">C\u00f4ng t\u1eafc chuy\u1ec3n t\u1ef1 \u0111\u1ed9ng ATS JGQ3-100S<\/a>\u00a0 (ATSE) l\u00e0 m\u1ed9t h\u1ec7 th\u1ed1ng t\u00edch h\u1ee3p c\u00f4ng t\u1eafc v\u00e0 \u0111i\u1ec1u khi\u1ec3n logic trong m\u1ed9t, kh\u00f4ng c\u1ea7n b\u1ed9 \u0111i\u1ec1u khi\u1ec3n b\u00ean ngo\u00e0i, th\u1ef1c s\u1ef1 hi\u1ec7n th\u1ef1c h\u00f3a s\u1ef1 t\u00edch h\u1ee3p c\u01a1 \u0111i\u1ec7n c\u1ee7a c\u00f4ng t\u1eafc chuy\u1ec3n t\u1ef1 \u0111\u1ed9ng, ph\u00f9 h\u1ee3p v\u1edbi \u0111i\u1ec7n \u00e1p xoay chi\u1ec1u 50Hz, \u0111i\u1ec7n \u00e1p \u0111\u1ecbnh m\u1ee9c l\u00ean \u0111\u1ebfn 440V, d\u00f2ng \u0111i\u1ec7n gia nhi\u1ec7t 100A trong thi\u1ebft b\u1ecb ph\u00e2n ph\u1ed1i \u0111i\u1ec7n c\u00f4ng nghi\u1ec7p v\u00e0 doanh nghi\u1ec7p, v\u1edbi c\u00e1c ch\u1ee9c n\u0103ng ph\u00e1t hi\u1ec7n \u0111i\u1ec7n \u00e1p, ph\u00e1t hi\u1ec7n t\u1ea7n s\u1ed1, giao di\u1ec7n truy\u1ec1n th\u00f4ng, kh\u00f3a li\u00ean \u0111\u1ed9ng \u0111i\u1ec7n v\u00e0 c\u01a1 kh\u00ed, c\u00f3 th\u1ec3 \u0111\u1ea1t \u0111\u01b0\u1ee3c \u0111i\u1ec1u khi\u1ec3n t\u1ef1 \u0111\u1ed9ng ho\u00e0n to\u00e0n, \u0111i\u1ec1u khi\u1ec3n t\u1eeb xa, \u00e9p \u201c0\u201d, v\u00e0 v\u1eadn h\u00e0nh th\u1ee7 c\u00f4ng kh\u1ea9n c\u1ea5p.,<\/p>\n<p>N\u00f3 \u0111\u01b0\u1ee3c s\u1eed d\u1ee5ng r\u1ed9ng r\u00e3i trong vi\u1ec7c chuy\u1ec3n \u0111\u1ed5i t\u1ef1 \u0111\u1ed9ng gi\u1eefa ngu\u1ed3n \u0111i\u1ec7n ch\u00ednh v\u00e0 h\u1ec7 th\u1ed1ng ngu\u1ed3n d\u1ef1 ph\u00f2ng, ho\u1eb7c trong vi\u1ec7c chuy\u1ec3n \u0111\u1ed5i t\u1ef1 \u0111\u1ed9ng v\u00e0 c\u00e1ch ly an to\u00e0n gi\u1eefa hai thi\u1ebft b\u1ecb t\u1ea3i.<\/p>\n<p>C\u00f4ng t\u1eafc \u0111\u01b0\u1ee3c \u0111i\u1ec1u khi\u1ec3n b\u1edfi b\u1ea3ng m\u1ea1ch \u0111i\u1ec1u khi\u1ec3n th\u00f4ng qua c\u00e1c l\u1ec7nh logic kh\u00e1c nhau, v\u00e0 \u0111\u1ed9ng c\u01a1 \u0111i\u1ec1u khi\u1ec3n c\u01a1 ch\u1ebf ho\u1ea1t \u0111\u1ed9ng c\u1ee7a ph\u1ea7n ch\u00ednh c\u1ee7a c\u00f4ng t\u1eafc, nhanh ch\u00f3ng k\u1ebft n\u1ed1i m\u1ea1ch ng\u1eaft ho\u1eb7c chuy\u1ec3n \u0111\u1ed5i thi\u1ebft b\u1ecb \u0111i\u1ec7n, v\u00e0 th\u1ef1c hi\u1ec7n c\u00e1ch ly an to\u00e0n th\u00f4ng qua tr\u1ea1ng th\u00e1i hi\u1ec3n th\u1ecb r\u00f5 r\u00e0ng.<\/p>\n<h2>\u00a0M\u00f4 t\u1ea3 c\u1ea5u tr\u00fac<\/h2>\n<hr \/>\n<p>1. N\u00fat \u0111i\u1ec1u khi\u1ec3n \u0111i\u1ec7n: \u0111i\u1ec1u khi\u1ec3n ngu\u1ed3n \u0111i\u1ec7n c\u1ee7a \u0111\u01b0\u1eddng d\u00e2y \u0111i\u1ec1u khi\u1ec3n b\u00ean trong c\u1ee7a c\u00f4ng t\u1eafc \u0111i\u1ec1u khi\u1ec3n. Khi n\u00fat \u0111i\u1ec1u khi\u1ec3n \u0111i\u1ec7n ho\u1ea1t \u0111\u1ed9ng t\u1ef1 \u0111\u1ed9ng, c\u00f4ng t\u1eafc c\u00f3 th\u1ec3 ho\u1ea1t \u0111\u1ed9ng ho\u00e0n to\u00e0n t\u1ef1 \u0111\u1ed9ng v\u00e0 s\u1eb5n s\u00e0ng s\u1eed d\u1ee5ng.<\/p>\n<p>Ki\u1ec3m so\u00e1t v\u00e0 \u00e9p bu\u1ed9c thao t\u00e1c \u201c0\u201d, khi n\u00fat \u0111i\u1ec7n l\u00e0 n\u00fat \u0111i\u1ec1u khi\u1ec3n b\u1eb1ng tay, c\u00f4ng t\u1eafc ch\u1ec9 c\u00f3 th\u1ec3 \u0111\u01b0\u1ee3c \u0111i\u1ec1u khi\u1ec3n b\u1eb1ng tay.<\/p>\n<p>2. V\u1eadn h\u00e0nh tay c\u1ea7m: Khi s\u1eed d\u1ee5ng tay c\u1ea7m v\u1eadn h\u00e0nh \u0111\u1ec3 \u0111i\u1ec1u khi\u1ec3n th\u1ee7 c\u00f4ng, n\u00fat \u0111i\u1ec7n ph\u1ea3i \u1edf tr\u1ea1ng th\u00e1i th\u1ee7 c\u00f4ng.<\/p>\n<p>3. C\u01a1 ch\u1ebf kh\u00f3a an to\u00e0n: D\u00f9ng ri\u00eang cho vi\u1ec7c b\u1ea3o tr\u00ec, t\u1ee9c l\u00e0 tr\u01b0\u1edbc ti\u00ean s\u1eed d\u1ee5ng tay c\u1ea7m \u0111i\u1ec1u khi\u1ec3n \u0111\u1ec3 \u0111\u1eb7t c\u00f4ng t\u1eafc v\u1ec1 v\u1ecb tr\u00ed \u201c0\u201d, sau \u0111\u00f3 k\u1ebft n\u1ed1i c\u01a1 ch\u1ebf kh\u00f3a an to\u00e0n.<\/p>\n<p>Kh\u00f3a ch\u1ed1t, c\u00f3 th\u1ec3 \u0111\u01b0\u1ee3c b\u1ea3o d\u01b0\u1ee1ng (nh\u1ea5c kh\u00f3a ch\u1ed1t l\u00ean \u0111\u1ec3 ng\u1eaft ngu\u1ed3n \u0111i\u1ec7n \u0111i\u1ec1u khi\u1ec3n b\u00ean trong c\u1ee7a c\u00f4ng t\u1eafc, c\u00f4ng t\u1eafc kh\u00f4ng th\u1ec3 ho\u1ea1t \u0111\u1ed9ng t\u1ef1 \u0111\u1ed9ng v\u00e0 kh\u00f4ng th\u1ec3 \u0111i\u1ec1u khi\u1ec3n b\u1eb1ng tay.)<\/p>\n<p>di chuy\u1ec3n).<\/p>\n<p>4. Ch\u1ec9 b\u00e1o: Hi\u1ec3n th\u1ecb tr\u1ea1ng th\u00e1i ho\u1ea1t \u0111\u1ed9ng c\u1ee7a c\u00f4ng t\u1eafc (I, O, II)<\/p>\n<h2><span data-slate-fragment=\"JTVCJTdCJTIydHlwZSUyMiUzQSUyMnBhcmFncmFwaCUyMiUyQyUyMmNoaWxkcmVuJTIyJTNBJTVCJTdCJTIyaWQlMjIlM0ElMjJlanI0b3hNalhlJTIyJTJDJTIycGFyYUlkeCUyMiUzQTAlMkMlMjJzcmMlMjIlM0ElMjJEdWFsJTIwcG93ZXIlMjBhdXRvbWF0aWMlMjB0cmFuc2ZlciUyMHN3aXRjaCUyMGlzJTIwdGVjaG5pY2FsJTIyJTJDJTIyZHN0JTIyJTNBJTIyJUU1JThGJThDJUU3JTk0JUI1JUU2JUJBJTkwJUU4JTg3JUFBJUU1JThBJUE4JUU4JUJEJUFDJUU2JThEJUEyJUU1JUJDJTgwJUU1JTg1JUIzJUU2JThBJTgwJUU2JTlDJUFGJTIyJTJDJTIybWV0YWRhdGElMjIlM0ElMjIlMjIlMkMlMjJtYXRjaGVzJTIyJTNBbnVsbCUyQyUyMm1ldGFEYXRhJTIyJTNBJTVCJTVEJTJDJTIydGV4dCUyMiUzQSUyMkR1YWwlMjBwb3dlciUyMGF1dG9tYXRpYyUyMHRyYW5zZmVyJTIwc3dpdGNoJTIwaXMlMjB0ZWNobmljYWwlMjIlN0QlNUQlN0QlNUQ=\">chuy\u1ec3n kho\u1ea3n t\u1ef1 \u0111\u1ed9ng <a href=\"https:\/\/elejg.com\/\">chuy\u1ec3n \u0111\u1ed5i<\/a> <a href=\"https:\/\/bright-china.com\/en\/ats\/\" title=\"Xem th\u00eam th\u00f4ng tin v\u1ec1 ATS\" class=\"seo-keyword-link\" style=\"font-weight: bold; color: inherit; text-decoration: underline; border-bottom: 1px dotted #667eea;\">H\u1ec7 th\u1ed1ng ATS<\/a> l\u00e0 k\u1ef9 thu\u1eadt<\/span><\/h2>\n<hr \/>\n<p>1. C\u00f4ng t\u1eafc tu\u00e2n th\u1ee7 c\u00e1c ti\u00eau chu\u1ea9n: IEC947-6-1, GB14048.11<\/p>\n<p>2. \u0110i\u1ec7n \u00e1p l\u00e0m vi\u1ec7c \u0111\u1ecbnh m\u1ee9c (Ue): AC415V<\/p>\n<p>3. C\u00f4ng su\u1ea5t \u0111\u1ecbnh m\u1ee9c (A RMS): 10Ie<\/p>\n<p>4. C\u00f4ng su\u1ea5t \u0111\u1ee9t m\u1ea1ch \u0111\u1ecbnh m\u1ee9c (A rms): 8Ie<\/p>\n<p>5. D\u00f2ng \u0111i\u1ec7n \u0111\u1ecbnh m\u1ee9c cho h\u1ec7 th\u1ed1ng s\u01b0\u1edfi: 100A<\/p>\n<p>6. \u0110i\u1ec7n \u00e1p c\u00e1ch \u0111i\u1ec7n \u0111\u1ecbnh m\u1ee9c: 750V<\/p>\n<p>7. \u0110i\u1ec7n \u00e1p ch\u1ecbu xung \u0111\u1ecbnh m\u1ee9c: 8 kV<\/p>\n<p>8. D\u00f2ng \u0111i\u1ec7n l\u00e0m vi\u1ec7c \u0111\u1ecbnh m\u1ee9c: 100A<\/p>\n<p>9. D\u00f2ng ng\u1eafn m\u1ea1ch \u0111\u1ecbnh m\u1ee9c: 7kA<\/p>\n<p>10. D\u00f2ng \u0111i\u1ec7n gi\u1edbi h\u1ea1n \u0111\u1ecbnh m\u1ee9c: 100kA<\/p>\n<p>11. Th\u1eddi gian chuy\u1ec3n \u0111\u1ed5i: 10 gi\u00e2y<\/p>\n<h2><span data-slate-fragment=\"JTVCJTdCJTIydHlwZSUyMiUzQSUyMnBhcmFncmFwaCUyMiUyQyUyMmNoaWxkcmVuJTIyJTNBJTVCJTdCJTIyaWQlMjIlM0ElMjJ6Zzk0MWcwd3JlJTIyJTJDJTIycGFyYUlkeCUyMiUzQTAlMkMlMjJzcmMlMjIlM0ElMjJEdWFsJTIwcG93ZXIlMjBhdXRvbWF0aWMlMjB0cmFuc2ZlciUyMHN3aXRjaCUyMGlzJTIwdXNlJTIyJTJDJTIyZHN0JTIyJTNBJTIyJUU0JUJEJUJGJUU3JTk0JUE4JUU1JThGJThDJUU3JTk0JUI1JUU2JUJBJTkwJUU4JTg3JUFBJUU1JThBJUE4JUU4JUJEJUFDJUU2JThEJUEyJUU1JUJDJTgwJUU1JTg1JUIzJTIyJTJDJTIybWV0YWRhdGElMjIlM0ElMjIlMjIlMkMlMjJtYXRjaGVzJTIyJTNBbnVsbCUyQyUyMm1ldGFEYXRhJTIyJTNBJTVCJTVEJTJDJTIydGV4dCUyMiUzQSUyMkR1YWwlMjBwb3dlciUyMGF1dG9tYXRpYyUyMHRyYW5zZmVyJTIwc3dpdGNoJTIwaXMlMjB1c2UlMjIlN0QlNUQlN0QlNUQ=\">\u00a0C\u00f4ng t\u1eafc chuy\u1ec3n t\u1ef1 \u0111\u1ed9ng ATS \u0111\u01b0\u1ee3c s\u1eed d\u1ee5ng<\/span><\/h2>\n<hr \/>\n<p>1. Ch\u1ee9c n\u0103ng t\u1ef1 \u0111\u1ed9ng ho\u00e0n to\u00e0n: Khi ngu\u1ed3n \u0111i\u1ec7n ch\u00ednh b\u1ecb ng\u1eaft, c\u00f4ng t\u1eafc s\u1ebd t\u1ef1 \u0111\u1ed9ng chuy\u1ec3n sang ngu\u1ed3n \u0111i\u1ec7n d\u1ef1 ph\u00f2ng; Khi ngu\u1ed3n \u0111i\u1ec7n d\u1ef1 ph\u00f2ng \u0111\u01b0\u1ee3c kh\u00f4i ph\u1ee5c v\u1ec1 tr\u1ea1ng th\u00e1i b\u00ecnh th\u01b0\u1eddng,<\/p>\n<p>C\u00f4ng t\u1eafc t\u1ef1 \u0111\u1ed9ng chuy\u1ec3n sang ngu\u1ed3n \u0111i\u1ec7n d\u1ef1 ph\u00f2ng.<\/p>\n<p>2. Ch\u1ee9c n\u0103ng \u00e9p \u201c0\u201d: Nh\u1ea5n n\u00fat \u00e9p \u201c0\u201d, v\u00e0 c\u00f4ng t\u1eafc s\u1ebd ng\u1eaft ngu\u1ed3n \u0111i\u1ec7n k\u00e9p.<\/p>\n<p>3. Ch\u1ee9c n\u0103ng \u0111i\u1ec1u khi\u1ec3n t\u1eeb xa: t\u1ee9c l\u00e0 \u0111i\u1ec1u khi\u1ec3n t\u1eeb xa, nh\u1ea5n n\u00fat \u201cI\u201d; sau \u0111\u00f3 ngu\u1ed3n \u0111i\u1ec7n \u0111\u01b0\u1ee3c s\u1eed d\u1ee5ng th\u00f4ng th\u01b0\u1eddng; Nh\u1ea5n v\u1ecb tr\u00ed \u201cII\u201d.<\/p>\n<p>Nh\u1ea5n n\u00fat, sau \u0111\u00f3 ngu\u1ed3n \u0111i\u1ec7n d\u1ef1 ph\u00f2ng s\u1ebd ho\u1ea1t \u0111\u1ed9ng; Nh\u1ea5n n\u00fat \u201c0\u201d \u0111\u1ec3 ng\u1eaft ngu\u1ed3n \u0111i\u1ec7n k\u00e9p.<\/p>\n<p>4. Vui l\u00f2ng ch\u1ecdn ch\u1ee9c n\u0103ng c\u00f4ng t\u1eafc theo nhu c\u1ea7u c\u1ee7a b\u1ea1n v\u00e0 n\u1ed1i d\u00e2y theo ch\u1ee9c n\u0103ng t\u01b0\u01a1ng \u1ee9ng.<\/p>\n<p>5. Khi \u0111\u1eb7t h\u00e0ng, vui l\u00f2ng ghi r\u00f5 m\u1eabu c\u00f4ng t\u1eafc, th\u00f4ng s\u1ed1 k\u1ef9 thu\u1eadt hi\u1ec7n t\u1ea1i v\u00e0 ch\u1ee9c n\u0103ng y\u00eau c\u1ea7u.<\/p>","protected":false},"excerpt":{"rendered":"<p>Automatic Transfer Switch JGQ3-100S (<a href=\"https:\/\/bright-china.com\/en\/ats\/\" title=\"Xem th\u00eam th\u00f4ng tin v\u1ec1 ATS\" class=\"seo-keyword-link\" style=\"font-weight: bold; color: inherit; text-decoration: underline; border-bottom: 1px dotted #667eea;\">H\u1ec7 th\u1ed1ng ATS<\/a>), is a set of switch and logic control in one, without the need for external controller, truly realize the mechanical and electrical integration of automatic transfer switch, it is suitable for AC 50Hz, rated voltage to 440V, the agreed heating current of 100A in the industrial and enterprise power distribution equipment,<\/p>","protected":false},"featured_media":8736,"template":"","meta":{"_acf_changed":false,"site-sidebar-layout":"default","site-content-layout":"","ast-site-content-layout":"default","site-content-style":"default","site-sidebar-style":"default","ast-global-header-display":"","ast-banner-title-visibility":"","ast-main-header-display":"","ast-hfb-above-header-display":"","ast-hfb-below-header-display":"","ast-hfb-mobile-header-display":"","site-post-title":"","ast-breadcrumbs-content":"","ast-featured-img":"","footer-sml-layout":"","theme-transparent-header-meta":"default","adv-header-id-meta":"","stick-header-meta":"default","header-above-stick-meta":"","header-main-stick-meta":"","header-below-stick-meta":"","astra-migrate-meta-layouts":"set","ast-page-background-enabled":"default","ast-page-background-meta":{"desktop":{"background-color":"","background-image":"","background-repeat":"repeat","background-position":"center center","background-size":"auto","background-attachment":"scroll","background-type":"","background-media":"","overlay-type":"","overlay-color":"","overlay-opacity":"","overlay-gradient":""},"tablet":{"background-color":"","background-image":"","background-repeat":"repeat","background-position":"center center","background-size":"auto","background-attachment":"scroll","background-type":"","background-media":"","overlay-type":"","overlay-color":"","overlay-opacity":"","overlay-gradient":""},"mobile":{"background-color":"","background-image":"","background-repeat":"repeat","background-position":"center center","background-size":"auto","background-attachment":"scroll","background-type":"","background-media":"","overlay-type":"","overlay-color":"","overlay-opacity":"","overlay-gradient":""}},"ast-content-background-meta":{"desktop":{"background-color":"var(--ast-global-color-5)","background-image":"","background-repeat":"repeat","background-position":"center center","background-size":"auto","background-attachment":"scroll","background-type":"","background-media":"","overlay-type":"","overlay-color":"","overlay-opacity":"","overlay-gradient":""},"tablet":{"background-color":"var(--ast-global-color-5)","background-image":"","background-repeat":"repeat","background-position":"center center","background-size":"auto","background-attachment":"scroll","background-type":"","background-media":"","overlay-type":"","overlay-color":"","overlay-opacity":"","overlay-gradient":""},"mobile":{"background-color":"var(--ast-global-color-5)","background-image":"","background-repeat":"repeat","background-position":"center center","background-size":"auto","background-attachment":"scroll","background-type":"","background-media":"","overlay-type":"","overlay-color":"","overlay-opacity":"","overlay-gradient":""}},"_seo_title":"Automatic Transfer Switch\uff08ATS\uff09","_seo_keywords":"Automatic Transfer Switch(ATS), Automatic Transfer Switch in china, ATS","_seo_description":"Automatic Transfer Switch JGQ3-100S (ATS), is a set of switch and logic control in one, without the need for external controller,"},"product_brand":[],"product_cat":[100],"product_tag":[101,102],"class_list":{"0":"post-4426","1":"product","2":"type-product","3":"status-publish","4":"has-post-thumbnail","6":"product_cat-ats","7":"product_tag-ats","8":"product_tag-automatic-transfer-switch","9":"desktop-align-center","10":"tablet-align-left","11":"mobile-align-left","12":"ast-product-gallery-layout-horizontal-slider","14":"first","15":"instock","16":"sale","17":"featured","18":"downloadable","19":"shipping-taxable","20":"purchasable","21":"product-type-simple"},"acf":[],"seo_title":"Automatic Transfer Switch\uff08ATS\uff09","seo_keywords":"Automatic Transfer Switch(ATS), Automatic Transfer Switch in china, ATS","seo_description":"Automatic Transfer Switch JGQ3-100S (ATS), is a set of switch and logic control in one, without the need for external controller,","seo_score":"85","product_seo_keywords":"","_links":{"self":[{"href":"https:\/\/bright-china.com\/vi\/wp-json\/wp\/v2\/product\/4426","targetHints":{"allow":["GET"]}}],"collection":[{"href":"https:\/\/bright-china.com\/vi\/wp-json\/wp\/v2\/product"}],"about":[{"href":"https:\/\/bright-china.com\/vi\/wp-json\/wp\/v2\/types\/product"}],"wp:featuredmedia":[{"embeddable":true,"href":"https:\/\/bright-china.com\/vi\/wp-json\/wp\/v2\/media\/8736"}],"wp:attachment":[{"href":"https:\/\/bright-china.com\/vi\/wp-json\/wp\/v2\/media?parent=4426"}],"wp:term":[{"taxonomy":"product_brand","embeddable":true,"href":"https:\/\/bright-china.com\/vi\/wp-json\/wp\/v2\/product_brand?post=4426"},{"taxonomy":"product_cat","embeddable":true,"href":"https:\/\/bright-china.com\/vi\/wp-json\/wp\/v2\/product_cat?post=4426"},{"taxonomy":"product_tag","embeddable":true,"href":"https:\/\/bright-china.com\/vi\/wp-json\/wp\/v2\/product_tag?post=4426"}],"curies":[{"name":"wp","href":"https:\/\/api.w.org\/{rel}","templated":true}]}}