{"id":4428,"date":"2025-04-27T02:23:54","date_gmt":"2025-04-27T02:23:54","guid":{"rendered":"https:\/\/bright-china.com\/?post_type=product&#038;p=4428"},"modified":"2026-01-01T17:34:45","modified_gmt":"2026-01-02T00:34:45","slug":"ats-jgq1-63","status":"publish","type":"product","link":"https:\/\/bright-china.com\/vi\/product\/ats-jgq1-63\/","title":{"rendered":"C\u00f4ng t\u1eafc chuy\u1ec3n \u0111\u1ed5i t\u1ef1 \u0111\u1ed9ng ngu\u1ed3n k\u00e9p JGQ1-63"},"content":{"rendered":"<h2><strong>Gi\u1edbi thi\u1ec7u<\/strong><\/h2>\n<hr \/>\n<p><img fetchpriority=\"high\" decoding=\"async\" class=\"alignleft wp-image-8747 size-medium\" src=\"https:\/\/bright-china.com\/wp-content\/uploads\/2025\/04\/Automatic-Transfer-Switch-JGQ1-63-2-300x300.webp\" alt=\"C\u00f4ng t\u1eafc chuy\u1ec3n t\u1ef1 \u0111\u1ed9ng - JGQ1-63\" width=\"300\" height=\"300\" srcset=\"https:\/\/bright-china.com\/wp-content\/uploads\/2025\/04\/Automatic-Transfer-Switch-JGQ1-63-2-300x300.webp 300w, https:\/\/bright-china.com\/wp-content\/uploads\/2025\/04\/Automatic-Transfer-Switch-JGQ1-63-2-150x150.webp 150w, https:\/\/bright-china.com\/wp-content\/uploads\/2025\/04\/Automatic-Transfer-Switch-JGQ1-63-2-768x768.webp 768w, https:\/\/bright-china.com\/wp-content\/uploads\/2025\/04\/Automatic-Transfer-Switch-JGQ1-63-2-12x12.webp 12w, https:\/\/bright-china.com\/wp-content\/uploads\/2025\/04\/Automatic-Transfer-Switch-JGQ1-63-2-600x600.webp 600w, https:\/\/bright-china.com\/wp-content\/uploads\/2025\/04\/Automatic-Transfer-Switch-JGQ1-63-2-100x100.webp 100w, https:\/\/bright-china.com\/wp-content\/uploads\/2025\/04\/Automatic-Transfer-Switch-JGQ1-63-2.webp 800w\" sizes=\"(max-width: 300px) 100vw, 300px\" \/><\/p>\n<p>D\u00f2ng JGQ1 <a href=\"https:\/\/bright-china.com\/dc-circuit-breakers-2\/\">C\u00f4ng t\u1eafc chuy\u1ec3n \u0111\u1ed5i t\u1ef1 \u0111\u1ed9ng hai ngu\u1ed3n \u0111i\u1ec7n<\/a> (sau \u0111\u00e2y g\u1ecdi t\u1eaft l\u00e0 c\u00f4ng t\u1eafc chuy\u1ec3n m\u1ea1ch) ph\u00f9 h\u1ee3p v\u1edbi \u0111i\u1ec7n \u00e1p xoay chi\u1ec1u 50Hz ho\u1eb7c 60Hz, \u0111i\u1ec7n \u00e1p l\u00e0m vi\u1ec7c \u0111\u1ecbnh m\u1ee9c 400V, trong h\u1ec7 th\u1ed1ng c\u1ea5p \u0111i\u1ec7n hai m\u1ea1ch. Vi\u1ec7c chuy\u1ec3n \u0111\u1ed5i gi\u1eefa hai ngu\u1ed3n c\u1ea5p \u0111i\u1ec7n c\u00f3 th\u1ec3 \u0111\u01b0\u1ee3c th\u1ef1c hi\u1ec7n theo y\u00eau c\u1ea7u. S\u1ea3n ph\u1ea9m c\u00f3 c\u00e1c ch\u1ee9c n\u0103ng b\u1ea3o v\u1ec7 ng\u1eafn m\u1ea1ch, qu\u00e1 t\u1ea3i, \u0111i\u1ec7n \u00e1p th\u1ea5p v\u00e0 m\u1ea5t \u0111i\u1ec7n \u00e1p, \u0111\u1ed3ng th\u1eddi c\u0169ng c\u00f3 c\u00e1c ch\u1ee9c n\u0103ng ph\u00f2ng ch\u00e1y. <a href=\"https:\/\/elejg.com\/\">b\u1ea3o v\u1ec7<\/a>, chia \u0111\u00f4i v\u00e0 t\u00edn hi\u1ec7u \u0111\u00f3ng \u0111\u1ea7u ra.<br \/>\n\u0110\u1eb7c bi\u1ec7t ph\u00f9 h\u1ee3p cho vi\u1ec7c l\u1eafp \u0111\u1eb7t v\u00e0 s\u1eed d\u1ee5ng h\u1ec7 th\u1ed1ng chi\u1ebfu s\u00e1ng trong c\u00e1c t\u00f2a nh\u00e0 v\u0103n ph\u00f2ng, trung t\u00e2m th\u01b0\u01a1ng m\u1ea1i, ng\u00e2n h\u00e0ng, nh\u00e0 ga, b\u1ec7nh vi\u1ec7n v\u00e0 c\u00e1c t\u00f2a nh\u00e0 cao t\u1ea7ng c\u00f3 y\u00eau c\u1ea7u v\u1ec1 ph\u00f2ng ch\u00e1y ch\u1eefa ch\u00e1y.<br \/>\nS\u1ea3n ph\u1ea9m tu\u00e2n th\u1ee7 ti\u00eau chu\u1ea9n GB\/T14048, 11.<\/p>\n<h2>\u0110i\u1ec1u ki\u1ec7n l\u00e0m vi\u1ec7c b\u00ecnh th\u01b0\u1eddng<\/h2>\n<hr \/>\n<p>3.1 Gi\u1edbi h\u1ea1n tr\u00ean c\u1ee7a nhi\u1ec7t \u0111\u1ed9 kh\u00f4ng kh\u00ed xung quanh kh\u00f4ng \u0111\u01b0\u1ee3c v\u01b0\u1ee3t qu\u00e1 +40\u00b0C, v\u00e0 gi\u1edbi h\u1ea1n d\u01b0\u1edbi kh\u00f4ng \u0111\u01b0\u1ee3c v\u01b0\u1ee3t qu\u00e1 \u00b0C.<\/p>\n<p>Gi\u00e1 tr\u1ecb trung b\u00ecnh trong 24 gi\u1edd kh\u00f4ng v\u01b0\u1ee3t qu\u00e1 +35\u00b0C.<\/p>\n<p>3.2 \u0110\u1ed9 cao c\u1ee7a \u0111\u1ecba \u0111i\u1ec3m l\u1eafp \u0111\u1eb7t kh\u00f4ng \u0111\u01b0\u1ee3c v\u01b0\u1ee3t qu\u00e1 2000m.<\/p>\n<p>3.3 \u0110\u1ed9 \u1ea9m t\u01b0\u01a1ng \u0111\u1ed1i c\u1ee7a kh\u00f4ng kh\u00ed kh\u00f4ng v\u01b0\u1ee3t qu\u00e1 50% \u1edf nhi\u1ec7t \u0111\u1ed9 kh\u00f4ng kh\u00ed xung quanh +40\u00b0C, v\u00e0 \u1edf nhi\u1ec7t \u0111\u1ed9 th\u1ea5p h\u01a1n, \u0111\u1ed9 \u1ea9m c\u00f3 th\u1ec3 cao h\u01a1n; Khi nhi\u1ec7t \u0111\u1ed9 trung b\u00ecnh t\u1ed1i thi\u1ec3u h\u00e0ng th\u00e1ng c\u1ee7a th\u00e1ng \u1ea9m \u01b0\u1edbt nh\u1ea5t l\u00e0 +25\u00b0C, \u0111\u1ed9 \u1ea9m t\u01b0\u01a1ng \u0111\u1ed1i trung b\u00ecnh t\u1ed1i \u0111a l\u00e0 90%, t\u00ednh \u0111\u1ebfn c\u00e1c y\u1ebfu t\u1ed1.<\/p>\n<p>S\u1ef1 thay \u0111\u1ed5i \u0111\u1ed9 \u1ea9m x\u1ea3y ra tr\u00ean b\u1ec1 m\u1eb7t s\u1ea3n ph\u1ea9m do hi\u1ec7n t\u01b0\u1ee3ng ng\u01b0ng t\u1ee5, c\u1ea7n th\u1ef1c hi\u1ec7n c\u00e1c bi\u1ec7n ph\u00e1p \u0111\u1eb7c bi\u1ec7t.<\/p>\n<p>3.4 M\u1ee9c \u0111\u1ed9 \u00f4 nhi\u1ec5m thu\u1ed9c lo\u1ea1i III.<\/p>\n<p>3.5 T\u1ea1i khu v\u1ef1c thi c\u00f4ng kh\u00f4ng c\u00f3 rung \u0111\u1ed9ng m\u1ea1nh v\u00e0 va \u0111\u1eadp, kh\u00f4ng c\u00f3 \u0103n m\u00f2n v\u00e0 h\u01b0 h\u1ecfng c\u00e1ch \u0111i\u1ec7n do kh\u00ed \u0111\u1ed9c h\u1ea1i, kh\u00f4ng c\u00f3 b\u1ee5i nghi\u00eam tr\u1ecdng, kh\u00f4ng c\u00f3 h\u1ea1t d\u1eabn \u0111i\u1ec7n v\u00e0 ch\u1ea5t nguy hi\u1ec3m d\u1ec5 ch\u00e1y n\u1ed5.,<\/p>\n<p>Kh\u00f4ng c\u00f3 nhi\u1ec5u \u0111i\u1ec7n t\u1eeb m\u1ea1nh.<\/p>\n<h2>C\u00f4ng t\u1eafc chuy\u1ec3n \u0111\u1ed5i t\u1ef1 \u0111\u1ed9ng hai ngu\u1ed3n \u0111i\u1ec7n<\/h2>\n<hr \/>\n<p>4.1 B\u1ed9 chuy\u1ec3n m\u1ea1ch t\u1ef1 \u0111\u1ed9ng Dual Power c\u00f3 c\u1ea5u tr\u00fac h\u1ee3p l\u00fd, k\u00edch th\u01b0\u1edbc nh\u1ecf g\u1ecdn, thi\u1ebft k\u1ebf \u0111\u1eb9p m\u1eaft, \u0111\u01b0\u1ee3c trang b\u1ecb n\u1eafp b\u1ea3o v\u1ec7 v\u00e0 \u0111\u1ea3m b\u1ea3o ngu\u1ed3n \u0111i\u1ec7n an to\u00e0n v\u00e0 \u0111\u00e1ng tin c\u1eady h\u01a1n.<\/p>\n<p>4.2 Ch\u1ee9c n\u0103ng m\u1edf r\u1ed9ng \u0111\u00e3 ho\u00e0n thi\u1ec7n, bao g\u1ed3m c\u00e1c t\u00ednh n\u0103ng b\u1ea3o v\u1ec7 nh\u01b0 ng\u1eafn m\u1ea1ch, qu\u00e1 t\u1ea3i, m\u1ea5t pha, \u0111i\u1ec7n \u00e1p th\u1ea5p v\u00e0 c\u00e1c t\u00ednh n\u0103ng b\u1ea3o v\u1ec7 kh\u00e1c.<\/p>\n<p>4.3 V\u1edbi giao di\u1ec7n ngu\u1ed3n \u0111i\u1ec7n EPS, ngu\u1ed3n \u0111i\u1ec7n DC 12~24V c\u00f3 th\u1ec3 \u0111\u01b0\u1ee3c ph\u00e2n chia \u0111\u00e1ng tin c\u1eady v\u00e0 tr\u00ean kho\u1ea3ng c\u00e1ch xa.<\/p>\n<p>4.4 Ho\u1ea1t \u0111\u1ed9ng \u00eam \u00e1i, ti\u1ebft ki\u1ec7m n\u0103ng l\u01b0\u1ee3ng v\u00e0 gi\u1ea3m ti\u00eau th\u1ee5, l\u1eafp \u0111\u1eb7t d\u1ec5 d\u00e0ng, v\u1eadn h\u00e0nh \u0111\u01a1n gi\u1ea3n, hi\u1ec7u su\u1ea5t \u0111\u00e1ng tin c\u1eady v\u00e0 \u1ed5n \u0111\u1ecbnh.<\/p>\n<h2>Hi\u1ec7u su\u1ea5t c\u1ee7a B\u1ed9 chuy\u1ec3n \u0111\u1ed5i t\u1ef1 \u0111\u1ed9ng ngu\u1ed3n k\u00e9p<\/h2>\n<hr \/>\n<p>5.1 C\u00f4ng t\u1eafc chuy\u1ec3n m\u1ea1ch bao g\u1ed3m hai c\u1ea7u dao mini, \u0111\u1ed9ng c\u01a1 v\u00e0 c\u00e1c thi\u1ebft b\u1ecb quay c\u01a1 kh\u00ed \u0111\u01b0\u1ee3c t\u00edch h\u1ee3p th\u00e0nh m\u1ed9t kh\u1ed1i. Thi\u1ebft b\u1ecb n\u00e0y ph\u00e1t hi\u1ec7n hai ngu\u1ed3n \u0111i\u1ec7n th\u00f4ng qua b\u1ed9 \u0111i\u1ec1u khi\u1ec3n. Khi m\u1ea1ch \u0111i\u1ec7n g\u1eb7p s\u1ef1 c\u1ed1, b\u1ed9 \u0111i\u1ec1u khi\u1ec3n s\u1ebd \u0111\u01b0a ra ph\u00e1n \u0111o\u00e1n logic d\u1ef1a tr\u00ean k\u1ebft qu\u1ea3 ph\u00e1t hi\u1ec7n v\u00e0 th\u1ef1c hi\u1ec7n theo h\u01b0\u1edbng d\u1eabn c\u1ee7a b\u1ed9 \u0111i\u1ec1u khi\u1ec3n.<\/p>\n<p>\u0110i\u1ec1u khi\u1ec3n c\u01a1 ch\u1ebf v\u1eadn h\u00e0nh \u0111\u1ec3 m\u1edf ho\u1eb7c \u0111\u00f3ng, nh\u1eb1m \u0111\u1ea3m b\u1ea3o ngu\u1ed3n \u0111i\u1ec7n an to\u00e0n v\u00e0 \u0111\u00e1ng tin c\u1eady cho t\u1ea3i.<\/p>\n<p>5.2 Kh\u1ea3 n\u0103ng chuy\u1ec3n m\u1ea1ch v\u00e0 ng\u1eaft k\u1ebft n\u1ed1i<\/p>\n<p>5.3 C\u00f4ng su\u1ea5t ng\u1eaft m\u1ea1ch ng\u1eafn m\u1ea1ch \u0111\u1ecbnh m\u1ee9c: 3kA<\/p>\n<p>5.4 C\u00f4ng su\u1ea5t kh\u1edfi \u0111\u1ed9ng ng\u1eafn m\u1ea1ch \u0111\u1ecbnh m\u1ee9c: 3kA<\/p>\n<p>5.5 Th\u1eddi gian chuy\u1ec3n \u0111\u1ed5i: \u22643 gi\u00e2y<\/p>\n<p>5.6 \u0110i\u1ec7n \u00e1p \u0111i\u1ec1u khi\u1ec3n c\u1ee7a c\u00f4ng t\u1eafc chuy\u1ec3n m\u1ea1ch l\u00e0 AC230V.<\/p>\n<p>5.7 Tu\u1ed5i th\u1ecd c\u01a1 h\u1ecdc c\u1ee7a c\u00f4ng t\u1eafc chuy\u1ec3n m\u1ea1ch (chuy\u1ec3n \u0111\u1ed5i gi\u1eefa ch\u1ebf \u0111\u1ed9 th\u00f4ng th\u01b0\u1eddng v\u00e0 d\u1ef1 ph\u00f2ng) l\u00e0 3.000 l\u1ea7n.,<\/p>\n<p>Tu\u1ed5i th\u1ecd c\u1ee7a pin l\u00e0 1500 l\u1ea7n.<\/p>\n<p>5.8 \u0110i\u1ec7n \u00e1p c\u00e1ch \u0111i\u1ec7n \u0111\u1ecbnh m\u1ee9c: U=500V<\/p>\n<p>5.9 D\u00f2ng \u0111i\u1ec7n l\u00e0m vi\u1ec7c \u0111\u1ecbnh m\u1ee9c: 10A, 16A, 20A, 25A, 32A, 40A, 63A.<\/p>\n<p>5.10 V\u1ec1 c\u01a1 b\u1ea3n, c\u00f4ng t\u1eafc chuy\u1ec3n m\u1ea1ch c\u00f3 ch\u1ee9c n\u0103ng t\u1ef1 \u0111\u1ed9ng ng\u1eaft v\u00e0 t\u1ef1 \u0111\u1ed9ng kh\u00f4i ph\u1ee5c, v\u00e0 nguy\u00ean t\u1eafc \u01b0u ti\u00ean ngu\u1ed3n \u0111i\u1ec7n chung. Trong tr\u01b0\u1eddng h\u1ee3p \u0111\u1eb7c bi\u1ec7t y\u00eau c\u1ea7u c\u00f4ng t\u1eafc chuy\u1ec3n m\u1ea1ch t\u1ef1 \u0111\u1ed9ng ng\u1eaft nh\u01b0ng kh\u00f4ng t\u1ef1 \u0111\u1ed9ng kh\u00f4i ph\u1ee5c, ng\u01b0\u1eddi d\u00f9ng c\u1ea7n th\u1ecfa thu\u1eadn v\u1edbi nh\u00e0 s\u1ea3n xu\u1ea5t \u0111\u1ec3 t\u00f9y ch\u1ec9nh.<\/p>\n<h2>V\u1eadn h\u00e0nh v\u00e0 l\u1eafp \u0111\u1eb7t<\/h2>\n<hr \/>\n<p>6.1 N\u1ebfu c\u1ea7u dao l\u00e0 lo\u1ea1i 3 c\u1ef1c, d\u00e2y trung t\u00ednh ph\u1ea3i \u0111\u01b0\u1ee3c k\u1ebft n\u1ed1i v\u1edbi c\u1ef1c trung t\u00ednh c\u1ee7a c\u00f4ng t\u1eafc chuy\u1ec3n m\u1ea1ch (d\u00e2y trung t\u00ednh th\u00f4ng d\u1ee5ng v\u00e0 d\u00e2y trung t\u00ednh d\u1ef1 ph\u00f2ng trong H\u00ecnh)<\/p>\n<p>6.2 \u0111\u01b0\u1ee3c k\u1ebft n\u1ed1i v\u1edbi c\u00e1c \u0111\u1ea7u n\u1ed1i 2# v\u00e0 4# t\u01b0\u01a1ng \u1ee9ng).<\/p>\n<p>6.1 S\u01a1 \u0111\u1ed3 m\u1ea1ch ch\u00ednh<\/p>\n<p>6.2 Ch\u1ec9 b\u00e1o \u0111\u00f3ng ngu\u1ed3n \u0111i\u1ec7n b\u00ean ngo\u00e0i v\u00e0 s\u01a1 \u0111\u1ed3 \u0111\u1ea5u n\u1ed1i ngu\u1ed3n \u0111i\u1ec7n ph\u00f2ng ch\u00e1y<\/p>\n<p>6.3 Khi c\u1ea7n v\u1eadn h\u00e0nh c\u00f4ng t\u1eafc chuy\u1ec3n m\u1ea1ch b\u1eb1ng tay, n\u1ebfu l\u00e0 lo\u1ea1i JGQ1-63, n\u00fat b\u1ea5m ph\u1ea3i \u0111\u01b0\u1ee3c \u0111\u1eb7t \u1edf v\u1ecb tr\u00ed tay tr\u01b0\u1edbc, sau \u0111\u00f3 c\u00f3 th\u1ec3 xoay tay c\u1ea7m \u0111\u1ec3 chuy\u1ec3n \u0111\u1ed5i gi\u1eefa ngu\u1ed3n ch\u00ednh v\u00e0 ngu\u1ed3n d\u1ef1 ph\u00f2ng. N\u1ebfu l\u00e0 lo\u1ea1i JGQ1-63, nh\u1ea5n n\u00fat tay\/t\u1ef1 \u0111\u1ed9ng, v\u00e0 khi \u0111\u00e8n ch\u1ec9 b\u00e1o tay s\u00e1ng, c\u00f3 th\u1ec3 th\u1ef1c hi\u1ec7n chuy\u1ec3n \u0111\u1ed5i gi\u1eefa ngu\u1ed3n ch\u00ednh v\u00e0 ngu\u1ed3n d\u1ef1 ph\u00f2ng. \u0110\u1eb7t ch\u1ebf \u0111\u1ed9 \u0111i\u1ec1u khi\u1ec3n \u1edf v\u1ecb tr\u00ed t\u1ef1 \u0111\u1ed9ng, c\u00f4ng t\u1eafc chuy\u1ec3n m\u1ea1ch s\u1ebd chuy\u1ec3n sang tr\u1ea1ng th\u00e1i l\u00e0m vi\u1ec7c t\u1ef1 \u0111\u1ed9ng; v\u00e0 ngu\u1ed3n \u0111i\u1ec7n ch\u00ednh \u0111\u01b0\u1ee3c \u01b0u ti\u00ean.<\/p>\n<p>6.4 Khi c\u00f4ng t\u1eafc chuy\u1ec3n m\u1ea1ch \u0111\u01b0\u1ee3c k\u1ebft n\u1ed1i v\u1edbi \u0111\u01b0\u1eddng d\u00e2y theo s\u01a1 \u0111\u1ed3 \u0111\u1ea5u d\u00e2y, sau khi ngu\u1ed3n \u0111i\u1ec7n \u0111\u01b0\u1ee3c b\u1eadt b\u00ecnh th\u01b0\u1eddng, n\u1ebfu c\u1ea3 ngu\u1ed3n \u0111i\u1ec7n ch\u00ednh v\u00e0 ngu\u1ed3n \u0111i\u1ec7n d\u1ef1 ph\u00f2ng \u0111\u1ec1u ho\u1ea1t \u0111\u1ed9ng b\u00ecnh th\u01b0\u1eddng, \u0111\u00e8n b\u00e1o (m\u00e0u \u0111\u1ecf) c\u1ee7a ngu\u1ed3n \u0111i\u1ec7n ch\u00ednh ho\u1eb7c ngu\u1ed3n \u0111i\u1ec7n d\u1ef1 ph\u00f2ng s\u1ebd s\u00e1ng, v\u00e0 c\u00f4ng t\u1eafc chuy\u1ec3n m\u1ea1ch ho\u1ea1t \u0111\u1ed9ng b\u00ecnh th\u01b0\u1eddng.<\/p>","protected":false},"excerpt":{"rendered":"<p>D\u00f2ng JGQ1 <a href=\"https:\/\/bright-china.com\/dc-circuit-breakers-2\/\">C\u00f4ng t\u1eafc chuy\u1ec3n \u0111\u1ed5i t\u1ef1 \u0111\u1ed9ng hai ngu\u1ed3n \u0111i\u1ec7n<\/a> (sau \u0111\u00e2y g\u1ecdi t\u1eaft l\u00e0 c\u00f4ng t\u1eafc chuy\u1ec3n m\u1ea1ch) ph\u00f9 h\u1ee3p v\u1edbi \u0111i\u1ec7n \u00e1p xoay chi\u1ec1u 50Hz ho\u1eb7c 60Hz, \u0111i\u1ec7n \u00e1p l\u00e0m vi\u1ec7c \u0111\u1ecbnh m\u1ee9c 400V, trong h\u1ec7 th\u1ed1ng c\u1ea5p \u0111i\u1ec7n hai m\u1ea1ch. Vi\u1ec7c chuy\u1ec3n \u0111\u1ed5i gi\u1eefa hai ngu\u1ed3n c\u1ea5p \u0111i\u1ec7n c\u00f3 th\u1ec3 \u0111\u01b0\u1ee3c th\u1ef1c hi\u1ec7n theo y\u00eau c\u1ea7u. S\u1ea3n ph\u1ea9m c\u00f3 c\u00e1c ch\u1ee9c n\u0103ng b\u1ea3o v\u1ec7 ng\u1eafn m\u1ea1ch, qu\u00e1 t\u1ea3i, \u0111i\u1ec7n \u00e1p th\u1ea5p v\u00e0 m\u1ea5t \u0111i\u1ec7n \u00e1p, \u0111\u1ed3ng th\u1eddi c\u00f3 c\u00e1c ch\u1ee9c n\u0103ng ph\u00f2ng ch\u00e1y, ph\u00e2n chia hai m\u1ea1ch v\u00e0 t\u00edn hi\u1ec7u \u0111\u00f3ng ng\u1eaft \u0111\u1ea7u ra.<\/p>\n<p>S\u1ea3n ph\u1ea9m n\u00e0y \u0111\u1eb7c bi\u1ec7t ph\u00f9 h\u1ee3p cho vi\u1ec7c l\u1eafp \u0111\u1eb7t v\u00e0 s\u1eed d\u1ee5ng h\u1ec7 th\u1ed1ng chi\u1ebfu s\u00e1ng trong c\u00e1c t\u00f2a nh\u00e0 v\u0103n ph\u00f2ng, trung t\u00e2m th\u01b0\u01a1ng m\u1ea1i, ng\u00e2n h\u00e0ng, nh\u00e0 ga, b\u1ec7nh vi\u1ec7n v\u00e0 c\u00e1c t\u00f2a nh\u00e0 cao t\u1ea7ng c\u00f3 y\u00eau c\u1ea7u v\u1ec1 ph\u00f2ng ch\u00e1y ch\u1eefa ch\u00e1y. S\u1ea3n ph\u1ea9m tu\u00e2n th\u1ee7 ti\u00eau chu\u1ea9n GB\/T14048, 11.<\/p>","protected":false},"featured_media":8747,"template":"","meta":{"_acf_changed":false,"site-sidebar-layout":"default","site-content-layout":"","ast-site-content-layout":"default","site-content-style":"default","site-sidebar-style":"default","ast-global-header-display":"","ast-banner-title-visibility":"","ast-main-header-display":"","ast-hfb-above-header-display":"","ast-hfb-below-header-display":"","ast-hfb-mobile-header-display":"","site-post-title":"","ast-breadcrumbs-content":"","ast-featured-img":"","footer-sml-layout":"","theme-transparent-header-meta":"default","adv-header-id-meta":"","stick-header-meta":"default","header-above-stick-meta":"","header-main-stick-meta":"","header-below-stick-meta":"","astra-migrate-meta-layouts":"set","ast-page-background-enabled":"default","ast-page-background-meta":{"desktop":{"background-color":"","background-image":"","background-repeat":"repeat","background-position":"center center","background-size":"auto","background-attachment":"scroll","background-type":"","background-media":"","overlay-type":"","overlay-color":"","overlay-opacity":"","overlay-gradient":""},"tablet":{"background-color":"","background-image":"","background-repeat":"repeat","background-position":"center center","background-size":"auto","background-attachment":"scroll","background-type":"","background-media":"","overlay-type":"","overlay-color":"","overlay-opacity":"","overlay-gradient":""},"mobile":{"background-color":"","background-image":"","background-repeat":"repeat","background-position":"center center","background-size":"auto","background-attachment":"scroll","background-type":"","background-media":"","overlay-type":"","overlay-color":"","overlay-opacity":"","overlay-gradient":""}},"ast-content-background-meta":{"desktop":{"background-color":"var(--ast-global-color-5)","background-image":"","background-repeat":"repeat","background-position":"center center","background-size":"auto","background-attachment":"scroll","background-type":"","background-media":"","overlay-type":"","overlay-color":"","overlay-opacity":"","overlay-gradient":""},"tablet":{"background-color":"var(--ast-global-color-5)","background-image":"","background-repeat":"repeat","background-position":"center center","background-size":"auto","background-attachment":"scroll","background-type":"","background-media":"","overlay-type":"","overlay-color":"","overlay-opacity":"","overlay-gradient":""},"mobile":{"background-color":"var(--ast-global-color-5)","background-image":"","background-repeat":"repeat","background-position":"center center","background-size":"auto","background-attachment":"scroll","background-type":"","background-media":"","overlay-type":"","overlay-color":"","overlay-opacity":"","overlay-gradient":""}},"_seo_title":"Dual Power Automatic Transfer Switch JGQ1-63","_seo_keywords":"Dual Power Automatic Transfer Switch, Automatic Transfer Switch, ATS","_seo_description":"JGQ1 series Dual Power Automatic Transfer Switch (hereinafter referred to as the transfer switch) is suitable for AC 50Hz or 60Hz, rated working voltage 400V, below the double circuit power..."},"product_brand":[],"product_cat":[15,100],"product_tag":[101,102,103],"class_list":{"0":"post-4428","1":"product","2":"type-product","3":"status-publish","4":"has-post-thumbnail","6":"product_cat-product","7":"product_cat-ats","8":"product_tag-ats","9":"product_tag-automatic-transfer-switch","10":"product_tag-dual-power-automatic-transfer-switch","11":"desktop-align-center","12":"tablet-align-left","13":"mobile-align-left","14":"ast-product-gallery-layout-horizontal-slider","16":"first","17":"instock","18":"sale","19":"featured","20":"shipping-taxable","21":"purchasable","22":"product-type-simple"},"acf":[],"seo_title":"Dual Power Automatic Transfer Switch JGQ1-63","seo_keywords":"Dual Power Automatic Transfer Switch, Automatic Transfer Switch, ATS","seo_description":"JGQ1 series Dual Power Automatic Transfer Switch (hereinafter referred to as the transfer switch) is suitable for AC 50Hz or 60Hz, rated working voltage 400V, below the double circuit power...","seo_score":"85","product_seo_keywords":"","_links":{"self":[{"href":"https:\/\/bright-china.com\/vi\/wp-json\/wp\/v2\/product\/4428","targetHints":{"allow":["GET"]}}],"collection":[{"href":"https:\/\/bright-china.com\/vi\/wp-json\/wp\/v2\/product"}],"about":[{"href":"https:\/\/bright-china.com\/vi\/wp-json\/wp\/v2\/types\/product"}],"wp:featuredmedia":[{"embeddable":true,"href":"https:\/\/bright-china.com\/vi\/wp-json\/wp\/v2\/media\/8747"}],"wp:attachment":[{"href":"https:\/\/bright-china.com\/vi\/wp-json\/wp\/v2\/media?parent=4428"}],"wp:term":[{"taxonomy":"product_brand","embeddable":true,"href":"https:\/\/bright-china.com\/vi\/wp-json\/wp\/v2\/product_brand?post=4428"},{"taxonomy":"product_cat","embeddable":true,"href":"https:\/\/bright-china.com\/vi\/wp-json\/wp\/v2\/product_cat?post=4428"},{"taxonomy":"product_tag","embeddable":true,"href":"https:\/\/bright-china.com\/vi\/wp-json\/wp\/v2\/product_tag?post=4428"}],"curies":[{"name":"wp","href":"https:\/\/api.w.org\/{rel}","templated":true}]}}