{"id":4433,"date":"2025-04-27T02:23:54","date_gmt":"2025-04-27T02:23:54","guid":{"rendered":"https:\/\/bright-china.com\/?post_type=product&#038;p=4433"},"modified":"2026-02-28T23:11:05","modified_gmt":"2026-03-01T06:11:05","slug":"bo-bao-ve-jgfh-125js","status":"publish","type":"product","link":"https:\/\/bright-china.com\/vi\/product\/bo-bao-ve-jgfh-125js\/","title":{"rendered":"B\u1ed9 b\u1ea3o v\u1ec7 gi\u1edbi h\u1ea1n d\u00f2ng \u0111i\u1ec7n 3 pha 4 d\u00e2y JGFH-125JS\u00a0"},"content":{"rendered":"<h2>Gi\u1edbi thi\u1ec7u s\u1ea3n ph\u1ea9m<\/h2>\n<hr \/>\n<p><img fetchpriority=\"high\" decoding=\"async\" class=\"alignleft wp-image-8792 size-medium\" src=\"https:\/\/bright-china.com\/wp-content\/uploads\/2025\/04\/JGFH-250JS-1-300x300.webp\" alt=\"B\u1ed9 b\u1ea3o v\u1ec7 gi\u1edbi h\u1ea1n d\u00f2ng \u0111i\u1ec7n 3 pha 4 d\u00e2y JGFH-125JS\" width=\"300\" height=\"300\" srcset=\"https:\/\/bright-china.com\/wp-content\/uploads\/2025\/04\/JGFH-250JS-1-300x300.webp 300w, https:\/\/bright-china.com\/wp-content\/uploads\/2025\/04\/JGFH-250JS-1-150x150.webp 150w, https:\/\/bright-china.com\/wp-content\/uploads\/2025\/04\/JGFH-250JS-1-768x768.webp 768w, https:\/\/bright-china.com\/wp-content\/uploads\/2025\/04\/JGFH-250JS-1-12x12.webp 12w, https:\/\/bright-china.com\/wp-content\/uploads\/2025\/04\/JGFH-250JS-1-600x600.webp 600w, https:\/\/bright-china.com\/wp-content\/uploads\/2025\/04\/JGFH-250JS-1-100x100.webp 100w, https:\/\/bright-china.com\/wp-content\/uploads\/2025\/04\/JGFH-250JS-1.webp 800w\" sizes=\"(max-width: 300px) 100vw, 300px\" \/><\/p>\n<p><a href=\"https:\/\/bright-china.com\/protectors\/\">B\u1ed9 b\u1ea3o v\u1ec7 gi\u1edbi h\u1ea1n d\u00f2ng \u0111i\u1ec7n 3 pha 4 d\u00e2y JGFH-125JS<\/a>\u00a0 l\u00e0 m\u1ed9t thi\u1ebft b\u1ecb b\u1ea3o v\u1ec7 to\u00e0n di\u1ec7n v\u1edbi nhi\u1ec1u ch\u1ee9c n\u0103ng b\u1ea3o v\u1ec7 nh\u01b0 qu\u00e1 \u00e1p, thi\u1ebfu \u00e1p, qu\u00e1 d\u00f2ng, r\u00f2 r\u1ec9, m\u1ea5t pha v\u00e0 thi\u1ebfu pha zero, v\u00e0 s\u1ea3n ph\u1ea9m c\u00f3 thi\u1ebft k\u1ebf m\u00f4-\u0111un, th\u00f4ng minh, hi\u1ec3n th\u1ecb tr\u1ef1c quan, v.v., h\u1ed7 tr\u1ee3 giao th\u1ee9c truy\u1ec1n th\u00f4ng Modbus485 ti\u00eau chu\u1ea9n, v\u00e0 t\u1ea5t c\u1ea3 c\u00e1c th\u00f4ng s\u1ed1 b\u1ea3o v\u1ec7 nh\u01b0 <a href=\"https:\/\/jiangguang.net\/\">Qu\u00e1 \u00e1p<\/a>, B\u1ea3o v\u1ec7 qu\u00e1 \u00e1p, qu\u00e1 d\u00f2ng v\u00e0 thi\u1ebfu \u00e1p c\u00f3 th\u1ec3 \u0111\u01b0\u1ee3c c\u00e0i \u0111\u1eb7t theo nhu c\u1ea7u c\u00f4ng su\u1ea5t, nh\u1eb1m \u0111\u1ea3m b\u1ea3o r\u1eb1ng c\u00e1c s\u1ef1 c\u1ed1 nh\u01b0 qu\u00e1 \u00e1p, thi\u1ebfu \u00e1p, qu\u00e1 d\u00f2ng, d\u00f2ng r\u00f2, ch\u1eadp m\u1ea1ch, m\u1ea5t pha, v.v. kh\u00f4ng x\u1ea3y ra tr\u00ean \u0111\u01b0\u1eddng d\u00e2y. Trong tr\u01b0\u1eddng h\u1ee3p x\u1ea3y ra s\u1ef1 c\u1ed1 nh\u01b0 m\u1ea5t pha, thi\u1ebft b\u1ecb b\u1ea3o v\u1ec7 c\u00f3 th\u1ec3 ng\u1eaft ngu\u1ed3n \u0111i\u1ec7n ngay l\u1eadp t\u1ee9c \u0111\u1ec3 b\u1ea3o v\u1ec7 thi\u1ebft b\u1ecb \u0111i\u1ec7n kh\u1ecfi h\u01b0 h\u1ecfng.<\/p>\n<h2>\u0110i\u1ec1u ki\u1ec7n l\u00e0m vi\u1ec7c<\/h2>\n<hr \/>\n<p>1. Th\u1eddi gian tr\u1ec5 kh\u1edfi \u0111\u1ed9ng b\u00ecnh th\u01b0\u1eddng \u0111\u1ea7u ti\u00ean l\u00e0 20 gi\u00e2y v\u00e0 t\u1ef1 \u0111\u1ed9ng ng\u1eaft; Trong tr\u01b0\u1eddng h\u1ee3p qu\u00e1 \u00e1p, thi\u1ebfu \u00e1p, qu\u00e1 d\u00f2ng v\u00e0 r\u00f2 r\u1ec9 khi kh\u1edfi \u0111\u1ed9ng ngu\u1ed3n l\u1ea7n \u0111\u1ea7u ti\u00ean, s\u1ea3n ph\u1ea9m s\u1ebd t\u1ef1 \u0111\u1ed9ng ng\u1eaft k\u1ebft n\u1ed1i trong v\u00f2ng 3 gi\u00e2y;<\/p>\n<p>2. Nhi\u1ec7t \u0111\u1ed9 m\u00f4i tr\u01b0\u1eddng kh\u00f4ng v\u01b0\u1ee3t qu\u00e1 +40 \u00b0C, kh\u00f4ng th\u1ea5p h\u01a1n -5 \u00b0C, v\u00e0 nhi\u1ec7t \u0111\u1ed9 trung b\u00ecnh trong 24 gi\u1edd kh\u00f4ng v\u01b0\u1ee3t qu\u00e1 +35 \u00b0C; T\u1ea1i +40\u00b0C, \u0111\u1ed9 \u1ea9m kh\u00f4ng kh\u00ed m\u00f4i tr\u01b0\u1eddng kh\u00f4ng v\u01b0\u1ee3t qu\u00e1 50%.<\/p>\n<p>3. Chi\u1ec1u cao c\u1ee7a \u0111\u1ed3ng h\u1ed3 th\u1ee7y tri\u1ec1u t\u1ea1i \u0111\u1ecba \u0111i\u1ec3m l\u1eafp \u0111\u1eb7t kh\u00f4ng \u0111\u01b0\u1ee3c v\u01b0\u1ee3t qu\u00e1 2000 m\u00e9t.<\/p>\n<p>4. M\u1ee9c \u0111\u1ed9 \u00f4 nhi\u1ec5m c\u1ea5p III.<\/p>\n<p>5. Trong m\u00f4i tr\u01b0\u1eddng l\u1eafp \u0111\u1eb7t, kh\u00f4ng c\u00f3 m\u00f4i tr\u01b0\u1eddng g\u00e2y nguy c\u01a1 n\u1ed5, kh\u00f4ng c\u00f3 kh\u00ed \u0103n m\u00f2n v\u00e0 c\u00e1ch \u0111i\u1ec7n, kh\u00f4ng c\u00f3 b\u1ee5i d\u1eabn \u0111i\u1ec7n, v\u00e0 kh\u00f4ng c\u00f3 s\u1ef1 x\u00e2m nh\u1eadp c\u1ee7a m\u01b0a v\u00e0 tuy\u1ebft.<\/p>\n<h1><span data-slate-fragment=\"JTVCJTdCJTIydHlwZSUyMiUzQSUyMnBhcmFncmFwaCUyMiUyQyUyMmNoaWxkcmVuJTIyJTNBJTVCJTdCJTIyaWQlMjIlM0ElMjJCNEE1NjMyMWplJTIyJTJDJTIycGFyYUlkeCUyMiUzQTAlMkMlMjJzcmMlMjIlM0ElMjIzcGhhc2UlMjA0d2lyZSUyMGN1cnJlbnQlMjBsaW1pdGluZyUyMHByb3RlY3RvciUyMEpHRkgtMTI1SlMlQzIlQTBvZiUyMGFyYW1ldGVycyUyMiUyQyUyMmRzdCUyMiUzQSUyMiVFNCVCOCU4OSVFNyU5QiVCOCVFNSU5QiU5QiVFNyVCQSVCRiVFOSU5OSU5MCVFNiVCNSU4MSVFNCVCRiU5RCVFNiU4QSVBNCVFNSU5OSVBOEpHRkgtMTI1SlMlRTUlOEYlODIlRTYlOTUlQjAlMjIlMkMlMjJtZXRhZGF0YSUyMiUzQSUyMiUyMiUyQyUyMm1hdGNoZXMlMjIlM0FudWxsJTJDJTIybWV0YURhdGElMjIlM0ElNUIlNUQlMkMlMjJ0ZXh0JTIyJTNBJTIyM3BoYXNlJTIwNHdpcmUlMjBjdXJyZW50JTIwbGltaXRpbmclMjBwcm90ZWN0b3IlMjBKR0ZILTEyNUpTJUMyJUEwb2YlMjBhcmFtZXRlcnMlMjIlN0QlNUQlN0QlNUQ=\">B\u1ed9 b\u1ea3o v\u1ec7 gi\u1edbi h\u1ea1n d\u00f2ng \u0111i\u1ec7n 3 pha 4 d\u00e2y JGFH-125JS v\u1edbi c\u00e1c th\u00f4ng s\u1ed1 k\u1ef9 thu\u1eadt<\/span><\/h1>\n<hr \/>\n<table width=\"332\">\n<tbody>\n<tr>\n<td style=\"background-color: #060a30; border-color: #969696;\" width=\"212\"><span style=\"color: #ffffff;\">Lo\u1ea1i<\/span><\/td>\n<td style=\"background-color: #060a30; border-color: #969696;\" width=\"119\"><span style=\"color: #ffffff;\">JGFH-125JS<\/span><\/td>\n<\/tr>\n<tr>\n<td>D\u1ea3i c\u00e0i \u0111\u1eb7t hi\u1ec7n t\u1ea1i<\/td>\n<td>25~125A<\/td>\n<\/tr>\n<tr>\n<td style=\"background-color: #dedede;\">Qu\u00e1 \u00e1p<\/td>\n<td style=\"background-color: #dedede;\">AC 265 V<\/td>\n<\/tr>\n<tr>\n<td>D\u01b0\u1edbi \u0111i\u1ec7n \u00e1p<\/td>\n<td>AC 180 V<\/td>\n<\/tr>\n<tr>\n<td style=\"background-color: #dedede;\">D\u1ea3i c\u00e0i \u0111\u1eb7t d\u00f2ng r\u00f2<\/td>\n<td style=\"background-color: #dedede;\">75mA (5~300mA)<\/td>\n<\/tr>\n<tr>\n<td>Tu\u00e2n th\u1ee7<\/td>\n<td>Ti\u00eau chu\u1ea9n IEC 60947-2<\/td>\n<\/tr>\n<\/tbody>\n<\/table>\n<p>a. Th\u1eddi gian ho\u1ea1t \u0111\u1ed9ng c\u00f3 th\u1ec3 \u0111i\u1ec1u ch\u1ec9nh t\u1eeb 1 \u0111\u1ebfn 120 gi\u00e2y, v\u00e0 m\u1eb7c \u0111\u1ecbnh l\u00e0 5 gi\u00e2y;<\/p>\n<p>b. Th\u1eddi gian th\u1ef1c hi\u1ec7n h\u00e0nh \u0111\u1ed9ng l\u00e0 1,1 l\u1ea7n v\u00e0 nh\u1ecf h\u01a1n 0,1 gi\u00e2y;<\/p>\n<p>c. Gi\u00e1 tr\u1ecb b\u1ea3o v\u1ec7 qu\u00e1 \u00e1p AC265V \u0111\u01b0\u1ee3c c\u00e0i \u0111\u1eb7t trong kho\u1ea3ng t\u1eeb 210-300V,<\/p>\n<p>Th\u1eddi gian ho\u1ea1t \u0111\u1ed9ng l\u00e0 0,1 gi\u00e2y, v\u00e0 ph\u1ea1m vi c\u00e0i \u0111\u1eb7t: 0,1-10 gi\u00e2y;<\/p>\n<p>d. Gi\u00e1 tr\u1ecb b\u1ea3o v\u1ec7 qu\u00e1 \u00e1p AC170V \u0111\u01b0\u1ee3c \u0111\u1eb7t trong kho\u1ea3ng 120-200V,<\/p>\n<p>Th\u1eddi gian ho\u1ea1t \u0111\u1ed9ng l\u00e0 0,1 gi\u00e2y, v\u00e0 ph\u1ea1m vi c\u00e0i \u0111\u1eb7t: 0,1-10 gi\u00e2y;<\/p>\n<p>e. Gi\u00e1 tr\u1ecb m\u1eb7c \u0111\u1ecbnh c\u1ee7a s\u1ef1 m\u1ea5t c\u00e2n b\u1eb1ng ba pha l\u00e0 P000, t\u1ee9c l\u00e0 tr\u1ea1ng th\u00e1i \u0111\u00f3ng;<\/p>\n<p>f. Ph\u1ea1m vi c\u00e0i \u0111\u1eb7t d\u00f2ng qu\u00e1 t\u1ea3i<\/p>\n<p>JGFH-125JS\/125 lo\u1ea1i: 25 \u0111\u1ebfn 125A<\/p>\n<p>M\u1eabu JGFH-250JS\/250: 100 \u0111\u1ebfn 250A<\/p>\n<p>M\u1eabu JGFH-400JS\/400: 160 \u0111\u1ebfn 400A<\/p>\n<p>g. Ph\u1ea1m vi c\u00e0i \u0111\u1eb7t gi\u00e1 tr\u1ecb b\u1ea3o v\u1ec7 d\u00f2ng d\u01b0: t\u1eeb 1 \u0111\u1ebfn 1000mA, gi\u00e1 tr\u1ecb m\u1eb7c \u0111\u1ecbnh l\u00e0 75mA, v\u00e0 th\u1eddi gian ph\u1ea3n \u1ee9ng nh\u1ecf h\u01a1n 0,1 gi\u00e2y.<\/p>\n<h2>S\u01a1 \u0111\u1ed3 m\u1ea1ch ph\u1ee5 v\u00e0 k\u00edch th\u01b0\u1edbc b\u00ean ngo\u00e0i<\/h2>\n<hr \/>\n<p><img decoding=\"async\" class=\"alignnone wp-image-8791 size-full lazyload\" data-src=\"https:\/\/bright-china.com\/wp-content\/uploads\/2025\/04\/Dimensions-of-JGFH-125JS.webp\" alt=\"K\u00edch th\u01b0\u1edbc c\u1ee7a b\u1ed9 b\u1ea3o v\u1ec7 gi\u1edbi h\u1ea1n d\u00f2ng \u0111i\u1ec7n 3 pha 4 d\u00e2y JGFH-125JS\" width=\"800\" height=\"1147\" data-srcset=\"https:\/\/bright-china.com\/wp-content\/uploads\/2025\/04\/Dimensions-of-JGFH-125JS.webp 800w, https:\/\/bright-china.com\/wp-content\/uploads\/2025\/04\/Dimensions-of-JGFH-125JS-209x300.webp 209w, https:\/\/bright-china.com\/wp-content\/uploads\/2025\/04\/Dimensions-of-JGFH-125JS-714x1024.webp 714w, https:\/\/bright-china.com\/wp-content\/uploads\/2025\/04\/Dimensions-of-JGFH-125JS-768x1101.webp 768w, https:\/\/bright-china.com\/wp-content\/uploads\/2025\/04\/Dimensions-of-JGFH-125JS-8x12.webp 8w, https:\/\/bright-china.com\/wp-content\/uploads\/2025\/04\/Dimensions-of-JGFH-125JS-600x860.webp 600w\" data-sizes=\"(max-width: 800px) 100vw, 800px\" src=\"data:image\/svg+xml;base64,PHN2ZyB3aWR0aD0iMSIgaGVpZ2h0PSIxIiB4bWxucz0iaHR0cDovL3d3dy53My5vcmcvMjAwMC9zdmciPjwvc3ZnPg==\" style=\"--smush-placeholder-width: 800px; --smush-placeholder-aspect-ratio: 800\/1147;\" \/><\/p>\n<p>&nbsp;<\/p>","protected":false},"excerpt":{"rendered":"<p>B\u1ed9 b\u1ea3o v\u1ec7 gi\u1edbi h\u1ea1n d\u00f2ng \u0111i\u1ec7n 3 pha 4 d\u00e2y JGFH-125JS l\u00e0 m\u1ed9t thi\u1ebft b\u1ecb b\u1ea3o v\u1ec7 to\u00e0n di\u1ec7n v\u1edbi nhi\u1ec1u ch\u1ee9c n\u0103ng b\u1ea3o v\u1ec7 nh\u01b0 qu\u00e1 \u00e1p, thi\u1ebfu \u00e1p, qu\u00e1 d\u00f2ng, r\u00f2 r\u1ec9, m\u1ea5t pha v\u00e0 thi\u1ebfu pha zero, c\u00f9ng v\u1edbi c\u00e1c \u01b0u \u0111i\u1ec3m c\u1ee7a s\u1ea3n ph\u1ea9m nh\u01b0 m\u00f4-\u0111un h\u00f3a, th\u00f4ng minh, hi\u1ec3n th\u1ecb tr\u1ef1c quan, v.v. \u0111\u1ed3ng th\u1eddi h\u1ed7 tr\u1ee3 giao th\u1ee9c truy\u1ec1n th\u00f4ng Modbus485 ti\u00eau chu\u1ea9n, t\u1ea5t c\u1ea3 c\u00e1c th\u00f4ng s\u1ed1 b\u1ea3o v\u1ec7 nh\u01b0 qu\u00e1 \u00e1p, thi\u1ebfu \u00e1p v\u00e0 qu\u00e1 d\u00f2ng c\u00f3 th\u1ec3 \u0111\u01b0\u1ee3c c\u00e0i \u0111\u1eb7t theo nhu c\u1ea7u c\u00f4ng su\u1ea5t \u0111\u1ec3 \u0111\u1ea3m b\u1ea3o r\u1eb1ng qu\u00e1 \u00e1p, thi\u1ebfu \u00e1p v\u00e0 qu\u00e1 d\u00f2ng kh\u00f4ng x\u1ea3y ra tr\u00ean \u0111\u01b0\u1eddng d\u00e2y.<\/p>","protected":false},"featured_media":8792,"template":"","meta":{"_acf_changed":false,"site-sidebar-layout":"default","site-content-layout":"","ast-site-content-layout":"default","site-content-style":"default","site-sidebar-style":"default","ast-global-header-display":"","ast-banner-title-visibility":"","ast-main-header-display":"","ast-hfb-above-header-display":"","ast-hfb-below-header-display":"","ast-hfb-mobile-header-display":"","site-post-title":"","ast-breadcrumbs-content":"","ast-featured-img":"","footer-sml-layout":"","theme-transparent-header-meta":"default","adv-header-id-meta":"","stick-header-meta":"default","header-above-stick-meta":"","header-main-stick-meta":"","header-below-stick-meta":"","astra-migrate-meta-layouts":"set","ast-page-background-enabled":"default","ast-page-background-meta":{"desktop":{"background-color":"","background-image":"","background-repeat":"repeat","background-position":"center center","background-size":"auto","background-attachment":"scroll","background-type":"","background-media":"","overlay-type":"","overlay-color":"","overlay-opacity":"","overlay-gradient":""},"tablet":{"background-color":"","background-image":"","background-repeat":"repeat","background-position":"center center","background-size":"auto","background-attachment":"scroll","background-type":"","background-media":"","overlay-type":"","overlay-color":"","overlay-opacity":"","overlay-gradient":""},"mobile":{"background-color":"","background-image":"","background-repeat":"repeat","background-position":"center center","background-size":"auto","background-attachment":"scroll","background-type":"","background-media":"","overlay-type":"","overlay-color":"","overlay-opacity":"","overlay-gradient":""}},"ast-content-background-meta":{"desktop":{"background-color":"var(--ast-global-color-5)","background-image":"","background-repeat":"repeat","background-position":"center center","background-size":"auto","background-attachment":"scroll","background-type":"","background-media":"","overlay-type":"","overlay-color":"","overlay-opacity":"","overlay-gradient":""},"tablet":{"background-color":"var(--ast-global-color-5)","background-image":"","background-repeat":"repeat","background-position":"center center","background-size":"auto","background-attachment":"scroll","background-type":"","background-media":"","overlay-type":"","overlay-color":"","overlay-opacity":"","overlay-gradient":""},"mobile":{"background-color":"var(--ast-global-color-5)","background-image":"","background-repeat":"repeat","background-position":"center center","background-size":"auto","background-attachment":"scroll","background-type":"","background-media":"","overlay-type":"","overlay-color":"","overlay-opacity":"","overlay-gradient":""}},"_seo_title":"3phase 4wire current limiting protector JGFH-125JS\u00a0","_seo_keywords":"3phase 4wire current limiting protector, 3 phase voltage protector, over current, phase loss","_seo_description":"3phase 4wire current limiting protector JGFH-125JS\u00a0 is a comprehensive protector with a variety of protection functions such as overvoltage, undervoltage,"},"product_brand":[],"product_cat":[15,65,69,64,57],"product_tag":[114,99],"class_list":{"0":"post-4433","1":"product","2":"type-product","3":"status-publish","4":"has-post-thumbnail","6":"product_cat-product","7":"product_cat-current-and-voltage-protector","8":"product_cat-voltmeter-ammeter","9":"product_cat-smart-meter","10":"product_cat-smart-protector","11":"product_tag-3phase-4wire-current-limiting-protector","12":"product_tag-current-limiting-protector","13":"desktop-align-center","14":"tablet-align-left","15":"mobile-align-left","16":"ast-product-gallery-layout-horizontal-slider","18":"first","19":"instock","20":"featured","21":"shipping-taxable","22":"product-type-simple"},"acf":[],"seo_title":"3phase 4wire current limiting protector JGFH-125JS\u00a0","seo_keywords":"3phase 4wire current limiting protector, 3 phase voltage protector, over current, phase loss","seo_description":"3phase 4wire current limiting protector JGFH-125JS\u00a0 is a comprehensive protector with a variety of protection functions such as overvoltage, undervoltage,","seo_score":"95","product_seo_keywords":"","_links":{"self":[{"href":"https:\/\/bright-china.com\/vi\/wp-json\/wp\/v2\/product\/4433","targetHints":{"allow":["GET"]}}],"collection":[{"href":"https:\/\/bright-china.com\/vi\/wp-json\/wp\/v2\/product"}],"about":[{"href":"https:\/\/bright-china.com\/vi\/wp-json\/wp\/v2\/types\/product"}],"wp:featuredmedia":[{"embeddable":true,"href":"https:\/\/bright-china.com\/vi\/wp-json\/wp\/v2\/media\/8792"}],"wp:attachment":[{"href":"https:\/\/bright-china.com\/vi\/wp-json\/wp\/v2\/media?parent=4433"}],"wp:term":[{"taxonomy":"product_brand","embeddable":true,"href":"https:\/\/bright-china.com\/vi\/wp-json\/wp\/v2\/product_brand?post=4433"},{"taxonomy":"product_cat","embeddable":true,"href":"https:\/\/bright-china.com\/vi\/wp-json\/wp\/v2\/product_cat?post=4433"},{"taxonomy":"product_tag","embeddable":true,"href":"https:\/\/bright-china.com\/vi\/wp-json\/wp\/v2\/product_tag?post=4433"}],"curies":[{"name":"wp","href":"https:\/\/api.w.org\/{rel}","templated":true}]}}