{"id":4434,"date":"2025-04-27T02:23:54","date_gmt":"2025-04-27T02:23:54","guid":{"rendered":"https:\/\/bright-china.com\/?post_type=product&#038;p=4434"},"modified":"2026-01-22T05:48:40","modified_gmt":"2026-01-22T12:48:40","slug":"volt-ke-d85-20","status":"publish","type":"product","link":"https:\/\/bright-china.com\/vi\/product\/volt-ke-d85-20\/","title":{"rendered":"M\u00e1y \u0111o \u0111i\u1ec7n \u00e1p m\u1ed9t pha AC m\u00e0n h\u00ecnh tinh th\u1ec3 l\u1ecfng (LCD) D85-20, D85-2042A"},"content":{"rendered":"<h2>Gi\u1edbi thi\u1ec7u<\/h2>\n<hr \/>\n<p><a href=\"https:\/\/bright-china.com\/automatic-reconnection-energy-metering-protector-of-test-jgdl-63\/\">\u00a0 M\u00e0n h\u00ecnh k\u1ef9 thu\u1eadt s\u1ed1 \u0110\u1ed3ng h\u1ed3 \u0111o \u0111i\u1ec7n \u00e1p tinh th\u1ec3 l\u1ecfng <\/a> M\u00e1y \u0111o \u0111i\u1ec7n \u00e1p LCD D85-20, D69-20, D91-20, D85-2040,D85-2042A (m\u00e0n h\u00ecnh k\u1ef9 thu\u1eadt s\u1ed1 LCD\/LED) l\u00e0 m\u1ed9t thi\u1ebft b\u1ecb \u0111o \u0111i\u1ec7n t\u1eed k\u1ef9 thu\u1eadt s\u1ed1 nh\u1ecf g\u1ecdn v\u00e0 ti\u1ebft ki\u1ec7m chi ph\u00ed, ch\u1ee7 y\u1ebfu \u0111\u01b0\u1ee3c s\u1eed d\u1ee5ng \u0111\u1ec3 \u0111o l\u01b0\u1eddng th\u1eddi gian th\u1ef1c \u0111i\u1ec7n \u00e1p xoay chi\u1ec1u (AC), \u0111i\u1ec7n \u00e1p m\u1ed9t chi\u1ec1u (DC) ho\u1eb7c d\u00f2ng \u0111i\u1ec7n xoay chi\u1ec1u (AC), d\u00f2ng \u0111i\u1ec7n m\u1ed9t chi\u1ec1u (DC) trong m\u1ea1ch \u0111i\u1ec7n, v\u00e0 s\u1eed d\u1ee5ng \u1ed1ng k\u1ef9 thu\u1eadt s\u1ed1 LED ho\u1eb7c m\u00e0n h\u00ecnh tinh th\u1ec3 l\u1ecfng LCD cho ch\u1ebf \u0111\u1ed9 \u0111\u1ecdc tr\u1ef1c ti\u1ebfp k\u1ef9 thu\u1eadt s\u1ed1. \u0110\u01b0\u1ee3c \u1ee9ng d\u1ee5ng r\u1ed9ng r\u00e3i trong c\u00e1c l\u0129nh v\u1ef1c nh\u01b0 t\u1ef1 \u0111\u1ed9ng h\u00f3a tr\u1ea1m bi\u1ebfn \u00e1p, t\u1ef1 \u0111\u1ed9ng h\u00f3a ph\u00e2n ph\u1ed1i, thi\u1ebft b\u1ecb th\u1eed nghi\u1ec7m, m\u00e1y ph\u00e1t \u0111i\u1ec7n, v.v. S\u1ea3n ph\u1ea9m n\u00e0y c\u00f3 \u01b0u \u0111i\u1ec3m v\u1ec1 \u0111\u1ed9 ch\u00ednh x\u00e1c cao, \u0111\u1ed9 \u1ed5n \u0111\u1ecbnh cao, \u0111\u1ed9 tin c\u1eady cao, ti\u00eau th\u1ee5 \u0111i\u1ec7n n\u0103ng th\u1ea5p, k\u00edch th\u01b0\u1edbc nh\u1ecf g\u1ecdn v\u00e0 d\u1ec5 l\u1eafp \u0111\u1eb7t. M\u00e0n h\u00ecnh LCD c\u00f3 \u01b0u \u0111i\u1ec3m hi\u1ec3n th\u1ecb \u0111\u00e8n n\u1ec1n r\u00f5 r\u00e0ng v\u00e0 l\u00e0 s\u1ea3n ph\u1ea9m l\u00fd t\u01b0\u1edfng \u0111\u1ec3 thay th\u1ebf c\u00e1c thi\u1ebft b\u1ecb \u0111o \u0111i\u1ec7n t\u1eed d\u1ea1ng kim ch\u1ec9.<\/p>\n<p>M\u00e1y \u0111o \u0111i\u1ec7n \u00e1p tinh th\u1ec3 l\u1ecfng, M\u00e1y \u0111o d\u00f2ng \u0111i\u1ec7n tinh th\u1ec3 l\u1ecfng, M\u00e1y \u0111o \u0111i\u1ec7n \u00e1p cho thi\u1ebft b\u1ecb, M\u00e1y \u0111o \u0111i\u1ec7n \u00e1p m\u1ed9t pha,\u00a0 <a href=\"https:\/\/elejg.com\/\">D85-20 \u0110\u1ed3ng h\u1ed3 \u0111o \u0111i\u1ec7n \u00e1p LCD<\/a> ,D85-2040a \u0110\u1ed3ng h\u1ed3 \u0111o \u0111i\u1ec7n \u00e1p LCD, D91-20 \u0110\u1ed3ng h\u1ed3 \u0111o \u0111i\u1ec7n \u00e1p LCD, D85-202 \u0110\u1ed3ng h\u1ed3 \u0111o \u0111i\u1ec7n \u00e1p LED.\u3000M\u00e0u v\u1ecf: \u0111en, tr\u1eafng\u3002<\/p>\n<h2>Th\u00f4ng s\u1ed1 k\u1ef9 thu\u1eadt<\/h2>\n<hr \/>\n<div style=\"overflow-x: auto;\">\n<table style=\"height: 265px; width: 100%; border-collapse: collapse; border-color: #a3a3a3;\">\n<tbody>\n<tr style=\"height: 53px;\">\n<td style=\"width: 50%; background-color: #0e1747; height: 53px;\"><span style=\"color: #ffffff;\">Lo\u1ea1i<\/span><\/td>\n<td style=\"width: 50%; background-color: #0e1747; height: 53px;\"><span style=\"color: #ffffff;\">D\u1ea3i \u0111o<\/span><\/td>\n<\/tr>\n<tr style=\"height: 53px;\">\n<td style=\"width: 50%; height: 53px;\">D85-20 \u0111\u1ed3ng h\u1ed3 \u0111o \u0111i\u1ec7n \u00e1p<\/td>\n<td style=\"width: 50%; height: 53px;\">AC 100~500 V<\/td>\n<\/tr>\n<tr style=\"height: 53px;\">\n<td style=\"width: 50%; background-color: #d9d9d9; height: 53px;\">D69-20 \u0111\u1ed3ng h\u1ed3 \u0111o \u0111i\u1ec7n \u00e1p<\/td>\n<td style=\"width: 50%; background-color: #d9d9d9; height: 53px;\">AC 100~500 V<\/td>\n<\/tr>\n<tr style=\"height: 53px;\">\n<td style=\"width: 50%; height: 53px;\">D91-20 \u0111\u1ed3ng h\u1ed3 \u0111o \u0111i\u1ec7n \u00e1p<\/td>\n<td style=\"width: 50%; height: 53px;\">AC 100~500 V<\/td>\n<\/tr>\n<tr style=\"height: 53px;\">\n<td style=\"width: 50%; background-color: #d9d9d9; height: 53px;\">D85-2040 \u0110\u1ed3ng h\u1ed3 \u0111o \u0111i\u1ec7n \u00e1p v\u00e0 \u0110\u1ed3ng h\u1ed3 \u0111o d\u00f2ng \u0111i\u1ec7n<\/td>\n<td style=\"width: 50%; background-color: #d9d9d9; height: 53px;\">AC 100~500 V, 1~100 A<\/td>\n<\/tr>\n<\/tbody>\n<\/table>\n<\/div>\n<h2>M\u00e1y \u0111o \u0111i\u1ec7n \u00e1p tinh th\u1ec3 l\u1ecfng l\u00e0\u00a0 <strong>k\u00edch th\u01b0\u1edbc<\/strong><\/h2>\n<hr \/>\n<p><img fetchpriority=\"high\" decoding=\"async\" class=\"alignnone wp-image-8681 size-full\" src=\"https:\/\/bright-china.com\/wp-content\/uploads\/2025\/04\/D69-20-AC-Digital-Voltmeter-Panel-Meter-Overall-dimensions.webp\" alt=\"D69-20 AC \u0110\u1ed3ng h\u1ed3 \u0111i\u1ec7n t\u1eed \u0111o \u0111i\u1ec7n \u00e1p b\u1ea3ng \u0111i\u1ec1u khi\u1ec3n K\u00edch th\u01b0\u1edbc t\u1ed5ng th\u1ec3\" width=\"600\" height=\"405\" srcset=\"https:\/\/bright-china.com\/wp-content\/uploads\/2025\/04\/D69-20-AC-Digital-Voltmeter-Panel-Meter-Overall-dimensions.webp 600w, https:\/\/bright-china.com\/wp-content\/uploads\/2025\/04\/D69-20-AC-Digital-Voltmeter-Panel-Meter-Overall-dimensions-300x203.webp 300w, https:\/\/bright-china.com\/wp-content\/uploads\/2025\/04\/D69-20-AC-Digital-Voltmeter-Panel-Meter-Overall-dimensions-18x12.webp 18w\" sizes=\"(max-width: 600px) 100vw, 600px\" \/><\/p>\n<p>D69-20 \u0110\u1ed3ng h\u1ed3 \u0111o \u0111i\u1ec7n \u00e1p LCD l\u00e0 <strong>K\u00edch th\u01b0\u1edbc\u3000M\u00e0u v\u1ecf: \u0111en<\/strong><\/p>\n<hr \/>\n<p><img decoding=\"async\" class=\"alignnone wp-image-8682 size-full lazyload\" data-src=\"https:\/\/bright-china.com\/wp-content\/uploads\/2025\/04\/D85-20-AC-Digital-Voltmeter-Panel-Meter-Overall-dimensions.webp\" alt=\"D85-20 AC \u0110\u1ed3ng h\u1ed3 \u0111o \u0111i\u1ec7n \u00e1p k\u1ef9 thu\u1eadt s\u1ed1 b\u1ea3ng \u0111i\u1ec1u khi\u1ec3n K\u00edch th\u01b0\u1edbc t\u1ed5ng th\u1ec3\" width=\"600\" height=\"406\" data-srcset=\"https:\/\/bright-china.com\/wp-content\/uploads\/2025\/04\/D85-20-AC-Digital-Voltmeter-Panel-Meter-Overall-dimensions.webp 600w, https:\/\/bright-china.com\/wp-content\/uploads\/2025\/04\/D85-20-AC-Digital-Voltmeter-Panel-Meter-Overall-dimensions-300x203.webp 300w, https:\/\/bright-china.com\/wp-content\/uploads\/2025\/04\/D85-20-AC-Digital-Voltmeter-Panel-Meter-Overall-dimensions-18x12.webp 18w\" data-sizes=\"(max-width: 600px) 100vw, 600px\" src=\"data:image\/svg+xml;base64,PHN2ZyB3aWR0aD0iMSIgaGVpZ2h0PSIxIiB4bWxucz0iaHR0cDovL3d3dy53My5vcmcvMjAwMC9zdmciPjwvc3ZnPg==\" style=\"--smush-placeholder-width: 600px; --smush-placeholder-aspect-ratio: 600\/406;\" \/><\/p>\n<p>M\u00e1y \u0111o \u0111i\u1ec7n \u00e1p LCD D85-20 l\u00e0\u00a0 <strong>K\u00edch th\u01b0\u1edbc\u3000M\u00e0u v\u1ecf: \u0111en, tr\u1eafng<\/strong><\/p>\n<hr \/>\n<p><img decoding=\"async\" class=\"alignnone wp-image-8683 size-full lazyload\" data-src=\"https:\/\/bright-china.com\/wp-content\/uploads\/2025\/04\/D85-202-AC-Digital-Voltmeter-Panel-Meter-Overall-dimensions.webp\" alt=\"D85-202-AC \u0110\u1ed3ng h\u1ed3 \u0111o \u0111i\u1ec7n \u00e1p k\u1ef9 thu\u1eadt s\u1ed1 b\u1ea3ng \u0111i\u1ec1u khi\u1ec3n K\u00edch th\u01b0\u1edbc t\u1ed5ng th\u1ec3\" width=\"600\" height=\"405\" data-srcset=\"https:\/\/bright-china.com\/wp-content\/uploads\/2025\/04\/D85-202-AC-Digital-Voltmeter-Panel-Meter-Overall-dimensions.webp 600w, https:\/\/bright-china.com\/wp-content\/uploads\/2025\/04\/D85-202-AC-Digital-Voltmeter-Panel-Meter-Overall-dimensions-300x203.webp 300w, https:\/\/bright-china.com\/wp-content\/uploads\/2025\/04\/D85-202-AC-Digital-Voltmeter-Panel-Meter-Overall-dimensions-18x12.webp 18w\" data-sizes=\"(max-width: 600px) 100vw, 600px\" src=\"data:image\/svg+xml;base64,PHN2ZyB3aWR0aD0iMSIgaGVpZ2h0PSIxIiB4bWxucz0iaHR0cDovL3d3dy53My5vcmcvMjAwMC9zdmciPjwvc3ZnPg==\" style=\"--smush-placeholder-width: 600px; --smush-placeholder-aspect-ratio: 600\/405;\" \/><\/p>\n<p>D85-202 \u0110\u1ed3ng h\u1ed3 \u0111o \u0111i\u1ec7n \u00e1p LED l\u00e0 <strong>K\u00edch th\u01b0\u1edbc, M\u00e0u v\u1ecf: \u0110en<\/strong><\/p>\n<hr \/>\n<p><img decoding=\"async\" class=\"alignnone wp-image-8684 size-full lazyload\" data-src=\"https:\/\/bright-china.com\/wp-content\/uploads\/2025\/04\/D85-2040-AC-Digital-Voltmeter-Panel-Meter-Overall-dimensions.webp\" alt=\"D85-2040 AC \u0110\u1ed3ng h\u1ed3 \u0111o \u0111i\u1ec7n \u00e1p k\u1ef9 thu\u1eadt s\u1ed1 b\u1ea3ng \u0111i\u1ec1u khi\u1ec3n K\u00edch th\u01b0\u1edbc t\u1ed5ng th\u1ec3\" width=\"600\" height=\"420\" data-srcset=\"https:\/\/bright-china.com\/wp-content\/uploads\/2025\/04\/D85-2040-AC-Digital-Voltmeter-Panel-Meter-Overall-dimensions.webp 600w, https:\/\/bright-china.com\/wp-content\/uploads\/2025\/04\/D85-2040-AC-Digital-Voltmeter-Panel-Meter-Overall-dimensions-300x210.webp 300w, https:\/\/bright-china.com\/wp-content\/uploads\/2025\/04\/D85-2040-AC-Digital-Voltmeter-Panel-Meter-Overall-dimensions-18x12.webp 18w\" data-sizes=\"(max-width: 600px) 100vw, 600px\" src=\"data:image\/svg+xml;base64,PHN2ZyB3aWR0aD0iMSIgaGVpZ2h0PSIxIiB4bWxucz0iaHR0cDovL3d3dy53My5vcmcvMjAwMC9zdmciPjwvc3ZnPg==\" style=\"--smush-placeholder-width: 600px; --smush-placeholder-aspect-ratio: 600\/420;\" \/><\/p>\n<p>M\u00e1y \u0111o \u0111i\u1ec7n \u00e1p v\u00e0 d\u00f2ng \u0111i\u1ec7n LCD D85-2040 <strong>K\u00edch th\u01b0\u1edbc, M\u00e0u v\u1ecf: \u0111en, tr\u1eafng<\/strong><\/p>\n<hr \/>\n<p><img decoding=\"async\" class=\"alignnone wp-image-8685 size-full lazyload\" data-src=\"https:\/\/bright-china.com\/wp-content\/uploads\/2025\/04\/D91-20-AC-Digital-Voltmeter-Panel-Meter-Overall-dimensions.webp\" alt=\"D91-20 AC \u0110\u1ed3ng h\u1ed3 \u0111o \u0111i\u1ec7n \u00e1p k\u1ef9 thu\u1eadt s\u1ed1 b\u1ea3ng \u0111i\u1ec1u khi\u1ec3n K\u00edch th\u01b0\u1edbc t\u1ed5ng th\u1ec3\" width=\"600\" height=\"288\" data-srcset=\"https:\/\/bright-china.com\/wp-content\/uploads\/2025\/04\/D91-20-AC-Digital-Voltmeter-Panel-Meter-Overall-dimensions.webp 600w, https:\/\/bright-china.com\/wp-content\/uploads\/2025\/04\/D91-20-AC-Digital-Voltmeter-Panel-Meter-Overall-dimensions-300x144.webp 300w, https:\/\/bright-china.com\/wp-content\/uploads\/2025\/04\/D91-20-AC-Digital-Voltmeter-Panel-Meter-Overall-dimensions-18x9.webp 18w\" data-sizes=\"(max-width: 600px) 100vw, 600px\" src=\"data:image\/svg+xml;base64,PHN2ZyB3aWR0aD0iMSIgaGVpZ2h0PSIxIiB4bWxucz0iaHR0cDovL3d3dy53My5vcmcvMjAwMC9zdmciPjwvc3ZnPg==\" style=\"--smush-placeholder-width: 600px; --smush-placeholder-aspect-ratio: 600\/288;\" \/><\/p>\n<p>M\u00e0n h\u00ecnh LCD<a href=\"https:\/\/bright-china.com\/en\/voltmeter-ammeter\/\" title=\"Xem th\u00eam th\u00f4ng tin v\u1ec1 D91-20\" class=\"seo-keyword-link\" style=\"font-weight: bold; color: inherit; text-decoration: underline; border-bottom: 1px dotted #667eea;\">D91-20<\/a> Voltmeter l\u00e0 <strong>K\u00edch th\u01b0\u1edbc, M\u00e0u v\u1ecf: \u0110en<\/strong><\/p>\n<p>&nbsp;<\/p>","protected":false},"excerpt":{"rendered":"<p><a href=\"https:\/\/bright-china.com\/automatic-reconnection-energy-metering-protector-of-test-jgdl-63\/\">M\u00e0n h\u00ecnh k\u1ef9 thu\u1eadt s\u1ed1<\/a><a href=\"https:\/\/bright-china.com\/\"> M\u00e1y \u0111o \u0111i\u1ec7n \u00e1p tinh th\u1ec3 l\u1ecfng<\/a> The LCD voltmeter D85-20, D69-20, <a href=\"https:\/\/bright-china.com\/en\/voltmeter-ammeter\/\" title=\"Xem th\u00eam th\u00f4ng tin v\u1ec1 D91-20\" class=\"seo-keyword-link\" style=\"font-weight: bold; color: inherit; text-decoration: underline; border-bottom: 1px dotted #667eea;\">D91-20<\/a>, D85-2040 (LCD\/LED digital display) series is a small and cost-effective digital electrical measuring instrument, mainly used for real-time measurement of AC voltage, DC voltage or AC current, DC current in circuits, and adopts LED digital tubes or LCD liquid crystal for digital direct reading mode.<\/p>","protected":false},"featured_media":8678,"template":"","meta":{"_acf_changed":false,"site-sidebar-layout":"default","site-content-layout":"","ast-site-content-layout":"default","site-content-style":"default","site-sidebar-style":"default","ast-global-header-display":"","ast-banner-title-visibility":"","ast-main-header-display":"","ast-hfb-above-header-display":"","ast-hfb-below-header-display":"","ast-hfb-mobile-header-display":"","site-post-title":"","ast-breadcrumbs-content":"","ast-featured-img":"","footer-sml-layout":"","theme-transparent-header-meta":"default","adv-header-id-meta":"","stick-header-meta":"default","header-above-stick-meta":"","header-main-stick-meta":"","header-below-stick-meta":"","astra-migrate-meta-layouts":"set","ast-page-background-enabled":"default","ast-page-background-meta":{"desktop":{"background-color":"","background-image":"","background-repeat":"repeat","background-position":"center center","background-size":"auto","background-attachment":"scroll","background-type":"","background-media":"","overlay-type":"","overlay-color":"","overlay-opacity":"","overlay-gradient":""},"tablet":{"background-color":"","background-image":"","background-repeat":"repeat","background-position":"center center","background-size":"auto","background-attachment":"scroll","background-type":"","background-media":"","overlay-type":"","overlay-color":"","overlay-opacity":"","overlay-gradient":""},"mobile":{"background-color":"","background-image":"","background-repeat":"repeat","background-position":"center center","background-size":"auto","background-attachment":"scroll","background-type":"","background-media":"","overlay-type":"","overlay-color":"","overlay-opacity":"","overlay-gradient":""}},"ast-content-background-meta":{"desktop":{"background-color":"var(--ast-global-color-5)","background-image":"","background-repeat":"repeat","background-position":"center center","background-size":"auto","background-attachment":"scroll","background-type":"","background-media":"","overlay-type":"","overlay-color":"","overlay-opacity":"","overlay-gradient":""},"tablet":{"background-color":"var(--ast-global-color-5)","background-image":"","background-repeat":"repeat","background-position":"center center","background-size":"auto","background-attachment":"scroll","background-type":"","background-media":"","overlay-type":"","overlay-color":"","overlay-opacity":"","overlay-gradient":""},"mobile":{"background-color":"var(--ast-global-color-5)","background-image":"","background-repeat":"repeat","background-position":"center center","background-size":"auto","background-attachment":"scroll","background-type":"","background-media":"","overlay-type":"","overlay-color":"","overlay-opacity":"","overlay-gradient":""}},"_seo_title":"AC liquid crystal voltmeter(LCD) d85-20,D85-2040","_seo_keywords":"voltmeter d85-20, D91-20, D85-2040, LCD d85-20, D85-20 AC500V","_seo_description":"Digital display Liquid crystal voltmeter The LCD voltmeter D85-20, D69-20, D91-20, D85-2040 (LCD\/LED digital display) series is a small and cost-effective"},"product_brand":[],"product_cat":[15,70,69],"product_tag":[82,81,85,86,83,84],"class_list":{"0":"post-4434","1":"product","2":"type-product","3":"status-publish","4":"has-post-thumbnail","6":"product_cat-product","7":"product_cat-small-ammeter","8":"product_cat-voltmeter-ammeter","9":"product_tag-d69-20-lcd-voltmeter","10":"product_tag-d85-20-lcd-voltmeter","11":"product_tag-d85-20-voltmeter-black","12":"product_tag-d85-20-voltmeter-white","13":"product_tag-d85-2040-lcd-voltmeter-and-ammeter","14":"product_tag-d91-20-lcd-voltmeter","15":"desktop-align-center","16":"tablet-align-left","17":"mobile-align-left","18":"ast-product-gallery-layout-horizontal-slider","20":"first","21":"instock","22":"featured","23":"shipping-taxable","24":"product-type-simple"},"acf":[],"seo_title":"AC liquid crystal voltmeter(LCD) d85-20,D85-2040","seo_keywords":"voltmeter d85-20, D91-20, D85-2040, LCD d85-20, D85-20 AC500V","seo_description":"Digital display Liquid crystal voltmeter The LCD voltmeter D85-20, D69-20, D91-20, D85-2040 (LCD\/LED digital display) series is a small and cost-effective","seo_score":"95","product_seo_keywords":"","_links":{"self":[{"href":"https:\/\/bright-china.com\/vi\/wp-json\/wp\/v2\/product\/4434","targetHints":{"allow":["GET"]}}],"collection":[{"href":"https:\/\/bright-china.com\/vi\/wp-json\/wp\/v2\/product"}],"about":[{"href":"https:\/\/bright-china.com\/vi\/wp-json\/wp\/v2\/types\/product"}],"wp:featuredmedia":[{"embeddable":true,"href":"https:\/\/bright-china.com\/vi\/wp-json\/wp\/v2\/media\/8678"}],"wp:attachment":[{"href":"https:\/\/bright-china.com\/vi\/wp-json\/wp\/v2\/media?parent=4434"}],"wp:term":[{"taxonomy":"product_brand","embeddable":true,"href":"https:\/\/bright-china.com\/vi\/wp-json\/wp\/v2\/product_brand?post=4434"},{"taxonomy":"product_cat","embeddable":true,"href":"https:\/\/bright-china.com\/vi\/wp-json\/wp\/v2\/product_cat?post=4434"},{"taxonomy":"product_tag","embeddable":true,"href":"https:\/\/bright-china.com\/vi\/wp-json\/wp\/v2\/product_tag?post=4434"}],"curies":[{"name":"wp","href":"https:\/\/api.w.org\/{rel}","templated":true}]}}