{"id":4436,"date":"2025-04-27T02:23:54","date_gmt":"2025-04-27T02:23:54","guid":{"rendered":"https:\/\/bright-china.com\/?post_type=product&#038;p=4436"},"modified":"2025-12-31T04:15:06","modified_gmt":"2025-12-31T11:15:06","slug":"bo-bao-ve-dien-ap-jggq-80","status":"publish","type":"product","link":"https:\/\/bright-china.com\/vi\/product\/bo-bao-ve-dien-ap-jggq-80\/","title":{"rendered":"B\u1ed9 b\u1ea3o v\u1ec7 qu\u00e1 \u00e1p v\u00e0 d\u01b0\u1edbi \u00e1p ba pha b\u1ed1n d\u00e2y JGGQ-80"},"content":{"rendered":"<h2><strong>Gi\u1edbi thi\u1ec7u<\/strong><\/h2>\n<hr \/>\n<p><a style=\"font-size: 16px; background-color: #ffffff;\" href=\"https:\/\/bright-china.com\/current-voltage-protector\/\">\u0110i\u1ec7n \u00e1p qu\u00e1 cao v\u00e0 qu\u00e1 th\u1ea5p trong h\u1ec7 th\u1ed1ng ba pha b\u1ed1n d\u00e2y. <\/a><span style=\"font-size: 16px;\">B\u1ed9 b\u1ea3o v\u1ec7 JGGQ-80S\/3P+N \u0110\u00e2y l\u00e0 phi\u00ean b\u1ea3n n\u00e2ng c\u1ea5p t\u1eeb lo\u1ea1i s\u1ea3n ph\u1ea9m th\u00f4ng th\u01b0\u1eddng, \u0111\u1eb7c \u0111i\u1ec3m k\u1ef9 thu\u1eadt c\u1ee7a s\u1ea3n ph\u1ea9m: ti\u00eau th\u1ee5 \u0111i\u1ec7n n\u0103ng th\u1ea5p, tu\u1ed5i th\u1ecd cao, \u0111i\u1ec1u khi\u1ec3n ch\u00ednh x\u00e1c, kh\u00f4ng c\u00f3 ch\u1ee9c n\u0103ng b\u1ea3o v\u1ec7 m\u1ea5t pha, kh\u00f4ng c\u00f3 ch\u1ee9c n\u0103ng b\u1ea3o v\u1ec7 m\u1ea5t d\u00e2y trung t\u00ednh, gi\u1edbi h\u1ea1n d\u00f2ng ng\u1eafn m\u1ea1ch t\u1ed1i \u0111a 3000A, \u0111i\u1ec1u khi\u1ec3n ph\u1ea7n m\u1ec1m th\u00e2n thi\u1ec7n v\u1edbi ng\u01b0\u1eddi d\u00f9ng v\u00e0 hi\u1ec3n th\u1ecb r\u00f5 r\u00e0ng b\u1eb1ng \u0111\u00e8n LED. S\u1ea3n ph\u1ea9m \u0111\u01b0\u1ee3c b\u1eadt ngu\u1ed3n l\u1ea7n \u0111\u1ea7u ti\u00ean trong \u0111i\u1ec1u ki\u1ec7n ngu\u1ed3n \u0111i\u1ec7n b\u00ecnh th\u01b0\u1eddng v\u1edbi th\u1eddi gian \u0111\u00f3ng m\u1ea1ch l\u00e0 5 gi\u00e2y. Khi \u0111\u01b0\u1eddng d\u00e2y x\u1ea3y ra t\u00ecnh tr\u1ea1ng \u0111i\u1ec7n \u00e1p th\u1ea5p, m\u1ea5t pha ho\u1eb7c c\u00e1c s\u1ef1 c\u1ed1 kh\u00e1c, khi ngu\u1ed3n \u0111i\u1ec7n tr\u1edf l\u1ea1i b\u00ecnh th\u01b0\u1eddng, th\u1eddi gian \u0111\u00f3ng m\u1ea1ch l\u00e0 20 gi\u00e2y. Thi\u1ebft k\u1ebf n\u00e0y gi\u00fap ti\u1ebft ki\u1ec7m th\u1eddi gian ch\u1edd \u0111\u1ee3i \u0111\u00e1ng k\u1ec3 khi h\u1ec7 th\u1ed1ng \u0111i\u1ec7n l\u01b0\u1edbi b\u1ecb m\u1ea5t \u0111i\u1ec7n.<\/span><\/p>\n<p>B\u1ed9 b\u1ea3o v\u1ec7 qu\u00e1 \u00e1p\/thi\u1ebfu \u00e1p t\u1ef1 \u0111\u1ed9ng reset ba pha b\u1ed1n d\u00e2y. N\u00f3 c\u00f3 c\u00e1c ch\u1ee9c n\u0103ng b\u1ea3o v\u1ec7 m\u1ea5t pha, m\u1ea5t \u0111i\u1ec7n \u00e1p zero.,<a href=\"https:\/\/elejg.com\/?product\/\"> qu\u00e1 \u00e1p<\/a> v\u00e0 b\u1ea3o v\u1ec7 qu\u00e1 \u00e1p, v\u00e0 th\u01b0\u1eddng \u0111\u01b0\u1ee3c s\u1eed d\u1ee5ng trong c\u00e1c \u0111\u01b0\u1eddng d\u00e2y ph\u00e2n ph\u1ed1i ba pha b\u1ed1n d\u00e2y v\u00e0 h\u1ed9p k\u1ebft h\u1ee3p \u0111i\u1ec7n m\u1eb7t tr\u1eddi.<\/p>\n<h2><strong><a href=\"https:\/\/bright-china.com\/product\/current-limiting-fire-alarm-protector\/\">B\u1ed9 b\u1ea3o v\u1ec7 qu\u00e1 \u00e1p v\u00e0 d\u01b0\u1edbi \u00e1p ba pha b\u1ed1n d\u00e2y <\/a> c\u1ee7a c\u00e1c th\u00f4ng s\u1ed1<\/strong><\/h2>\n<hr \/>\n<p>1. D\u00f2ng \u0111i\u1ec7n \u0111\u1ecbnh m\u1ee9c: 32A, 40A, 50A, 63A, 80A<\/p>\n<p>2. \u0110i\u1ec7n \u00e1p l\u00e0m vi\u1ec7c: AC230V, 50Hz (ch\u1ebf \u0111\u1ed9 l\u00e0m vi\u1ec7c gi\u1eefa d\u00e2y pha v\u00e0 d\u00e2y trung t\u00ednh)<\/p>\n<p>3. Gi\u00e1 tr\u1ecb b\u1ea3o v\u1ec7 qu\u00e1 \u00e1p: AC270V \u00b15V (gi\u1eefa pha v\u00e0 trung t\u00ednh)<\/p>\n<p>4. Gi\u00e1 tr\u1ecb b\u1ea3o v\u1ec7 qu\u00e1 \u00e1p th\u1ea5p: AC170V \u00b15V (gi\u1eefa pha v\u00e0 trung t\u00ednh)<\/p>\n<p>5. Th\u1eddi gian \u0111\u00f3ng c\u1eeda l\u1ea7n \u0111\u1ea7u khi b\u1eadt ngu\u1ed3n: 5 gi\u00e2y<\/p>\n<p>6. Th\u1eddi gian reset sau khi x\u1ea3y ra l\u1ed7i: 20 gi\u00e2y<\/p>\n<p>7. Th\u1eddi gian th\u1ef1c hi\u1ec7n: 0,1 gi\u00e2y<\/p>\n<p>8. \u0110i\u1ec7n \u00e1p qu\u00e1 \u00e1p cao nh\u1ea5t c\u00f3 th\u1ec3 ch\u1ecbu \u0111\u01b0\u1ee3c l\u00e0 AC 450V (gi\u1eefa pha v\u00e0 trung t\u00ednh).<\/p>\n<h2><strong>Ti\u00eau chu\u1ea9n th\u1ef1c hi\u1ec7n<\/strong><\/h2>\n<hr \/>\n<p>Ti\u00eau chu\u1ea9n JGJ242-2011 v\u1ec1 Thi\u1ebft k\u1ebf \u0110i\u1ec7n cho C\u00f4ng tr\u00ecnh Nh\u00e0 \u1edf<\/p>\n<p>JGJ\/T16-2008<\/p>\n<p>GJBT-672 Ti\u00eau chu\u1ea9n Atlas Thi\u1ebft k\u1ebf v\u00e0 X\u00e2y d\u1ef1ng H\u1ec7 th\u1ed1ng \u0110i\u1ec7n cho Nh\u00e0 \u1edf<\/p>\n<p>Ti\u00eau chu\u1ea9n qu\u1ed1c gia Trung Qu\u1ed1c GB\/T 68895.10-2001<\/p>\n<p>\u0110\u00e1p \u1ee9ng c\u00e1c ti\u00eau chu\u1ea9n an to\u00e0n cho thi\u1ebft b\u1ecb \u0111i\u1ec7n lo\u1ea1i III.<\/p>\n<p>JB\/T12762-2015 \u300a<a href=\"https:\/\/bright-china.com\/current-voltage-protector\/\"><strong>3 pha 4 d\u00e2y qua v\u00e0 <\/strong><\/a><strong>d\u01b0\u1edbi <\/strong><a href=\"https:\/\/bright-china.com\/current-voltage-protector\/\"><strong>B\u1ed9 b\u1ea3o v\u1ec7 \u0111i\u1ec7n \u00e1p<\/strong><\/a>\uff08<strong>OUPA<\/strong>)\u300b<\/p>\n<h2><strong>B\u1ed9 b\u1ea3o v\u1ec7 qu\u00e1 \u00e1p v\u00e0 d\u01b0\u1edbi \u00e1p ba pha b\u1ed1n d\u00e2y <\/strong><strong>k\u00edch th\u01b0\u1edbc<\/strong><\/h2>\n<hr \/>\n<p><strong><img fetchpriority=\"high\" decoding=\"async\" class=\"alignnone wp-image-5588 size-full\" src=\"https:\/\/bright-china.com\/wp-content\/uploads\/2025\/04\/\u5916\u5f62\u5c3a\u5bf8.jpg\" alt=\"K\u00edch th\u01b0\u1edbc c\u1ee7a thi\u1ebft b\u1ecb b\u1ea3o v\u1ec7 qu\u00e1 \u00e1p v\u00e0 d\u01b0\u1edbi \u00e1p ba pha b\u1ed1n d\u00e2y JGGQ-80S\" width=\"1141\" height=\"617\" srcset=\"https:\/\/bright-china.com\/wp-content\/uploads\/2025\/04\/\u5916\u5f62\u5c3a\u5bf8.jpg 1141w, https:\/\/bright-china.com\/wp-content\/uploads\/2025\/04\/\u5916\u5f62\u5c3a\u5bf8-300x162.jpg 300w, https:\/\/bright-china.com\/wp-content\/uploads\/2025\/04\/\u5916\u5f62\u5c3a\u5bf8-1024x554.jpg 1024w, https:\/\/bright-china.com\/wp-content\/uploads\/2025\/04\/\u5916\u5f62\u5c3a\u5bf8-768x415.jpg 768w, https:\/\/bright-china.com\/wp-content\/uploads\/2025\/04\/\u5916\u5f62\u5c3a\u5bf8-18x10.jpg 18w, https:\/\/bright-china.com\/wp-content\/uploads\/2025\/04\/\u5916\u5f62\u5c3a\u5bf8-600x324.jpg 600w\" sizes=\"(max-width: 1141px) 100vw, 1141px\" \/><\/strong><\/p>\n<p>&nbsp;<\/p>\n<h3 data-slate-node=\"element\"><span data-slate-node=\"text\"><span class=\"null hover-sent\" data-slate-leaf=\"true\" data-sent-id=\"ejrkgDPYqe\">C\u1ea3nh b\u00e1o:<\/span><\/span><\/h3>\n<div data-slate-node=\"element\"><span data-slate-node=\"text\"><span class=\"null hover-sent\" data-slate-leaf=\"true\" data-sent-id=\"ejrkgDPYqe\">D\u00e2y N v\u00e0 L kh\u00f4ng \u0111\u01b0\u1ee3c k\u1ebft n\u1ed1i sai.<\/span><\/span><\/div>\n<div data-slate-node=\"element\" data-slate-fragment=\"JTVCJTdCJTIydHlwZSUyMiUzQSUyMnBhcmFncmFwaCUyMiUyQyUyMmNoaWxkcmVuJTIyJTNBJTVCJTdCJTIyaWQlMjIlM0ElMjJlanJrZ0RQWXFlJTIyJTJDJTIycGFyYUlkeCUyMiUzQTElMkMlMjJzcmMlMjIlM0ElMjJBdHRlbnRpb24lM0ElMjBUaGUlMjBOJTIwYW5kJTIwTCUyMHdpcmVzJTIwbXVzdCUyMG5vdCUyMGJlJTIwY29ubmVjdGVkJTIwaW5jb3JyZWN0bHkuJTIyJTJDJTIyZHN0JTIyJTNBJTIyJUU2JUIzJUE4JUU2JTg0JThGJUVGJUJDJTlBTiVFNSU5MiU4Q0wlRTclQkElQkYlRTQlQjglOEQlRTUlQkUlOTclRTglQkYlOUUlRTYlOEUlQTUlRTklOTQlOTklRTglQUYlQUYlRTMlODAlODIlMjIlMkMlMjJtZXRhZGF0YSUyMiUzQSUyMiUyMiUyQyUyMm1hdGNoZXMlMjIlM0FudWxsJTJDJTIybWV0YURhdGElMjIlM0ElNUIlNUQlMkMlMjJ0ZXh0JTIyJTNBJTIyVGhlJTIwTiUyMGFuZCUyMEwlMjB3aXJlcyUyMG11c3QlMjBub3QlMjBiZSUyMGNvbm5lY3RlZCUyMGluY29ycmVjdGx5LiUyMiU3RCU1RCU3RCUyQyU3QiUyMnR5cGUlMjIlM0ElMjJwYXJhZ3JhcGglMjIlMkMlMjJjaGlsZHJlbiUyMiUzQSU1QiU3QiUyMmlkJTIyJTNBJTIyVk5ETmRqOUFiQiUyMiUyQyUyMnBhcmFJZHglMjIlM0EyJTJDJTIyc3JjJTIyJTNBJTIyQWxsJTIwdGVybWluYWxzJTIwbXVzdCUyMGJlJTIwdGlnaHRlbmVkJTIwdG8lMjBwcmV2ZW50JTIwZmFsc2UlMjBjb25uZWN0aW9ucyUyMHRoYXQlMjBjb3VsZCUyMGJ1cm4lMjBvdXQlMjB0aGUlMjBwcm90ZWN0b3IuJTIyJTJDJTIyZHN0JTIyJTNBJTIyJUU2JTg5JTgwJUU2JTlDJTg5JUU3JUFCJUFGJUU1JUFEJTkwJUU1JUJGJTg1JUU5JUExJUJCJUU2JThCJUE3JUU3JUI0JUE3JUVGJUJDJThDJUU0JUJCJUE1JUU5JTk4JUIyJUU2JUFEJUEyJUU1JThGJUFGJUU4JTgzJUJEJUU3JTgzJUE3JUU1JTlEJThGJUU0JUJGJTlEJUU2JThBJUE0JUU1JTk5JUE4JUU3JTlBJTg0JUU5JTk0JTk5JUU4JUFGJUFGJUU4JUJGJTlFJUU2JThFJUE1JUUzJTgwJTgyJTIyJTJDJTIybWV0YWRhdGElMjIlM0ElMjIlMjIlMkMlMjJtYXRjaGVzJTIyJTNBbnVsbCUyQyUyMm1ldGFEYXRhJTIyJTNBJTVCJTVEJTJDJTIydGV4dCUyMiUzQSUyMkFsbCUyMHRlcm1pbmFscyUyMG11c3QlMjBiZSUyMHRpZ2h0ZW5lZCUyMHRvJTIwcHJldmVudCUyMGZhbHNlJTIwY29ubmVjdGlvbnMlMjB0aGF0JTIwY291bGQlMjBidXJuJTIwb3V0JTIwdGhlJTIwcHJvdGVjdG9yLiUyMiU3RCU1RCU3RCU1RA==\"><span data-slate-node=\"text\"><span class=\"null\" data-slate-leaf=\"true\" data-sent-id=\"VNDNdj9AbB\">T\u1ea5t c\u1ea3 c\u00e1c \u0111\u1ea7u n\u1ed1i ph\u1ea3i \u0111\u01b0\u1ee3c si\u1ebft ch\u1eb7t \u0111\u1ec3 tr\u00e1nh c\u00e1c k\u1ebft n\u1ed1i sai c\u00f3 th\u1ec3 l\u00e0m h\u1ecfng b\u1ed9 b\u1ea3o v\u1ec7.<\/span><\/span><\/div>\n<p>&nbsp;<\/p>\n<h2><strong>Th\u00f4ng tin g\u00f3i ti\u00eau chu\u1ea9n<\/strong><\/h2>\n<hr \/>\n<div style=\"overflow-x: auto;\">\n<p><img decoding=\"async\" class=\"alignnone wp-image-8832 size-medium lazyload\" data-src=\"https:\/\/bright-china.com\/wp-content\/uploads\/2025\/04\/Packaging-box-for-protector--300x300.webp\" alt=\"H\u1ed9p \u0111\u1ef1ng cho b\u1ed9 b\u1ea3o v\u1ec7\" width=\"300\" height=\"300\" data-srcset=\"https:\/\/bright-china.com\/wp-content\/uploads\/2025\/04\/Packaging-box-for-protector--300x300.webp 300w, https:\/\/bright-china.com\/wp-content\/uploads\/2025\/04\/Packaging-box-for-protector--150x150.webp 150w, https:\/\/bright-china.com\/wp-content\/uploads\/2025\/04\/Packaging-box-for-protector--12x12.webp 12w, https:\/\/bright-china.com\/wp-content\/uploads\/2025\/04\/Packaging-box-for-protector--600x600.webp 600w, https:\/\/bright-china.com\/wp-content\/uploads\/2025\/04\/Packaging-box-for-protector--100x100.webp 100w, https:\/\/bright-china.com\/wp-content\/uploads\/2025\/04\/Packaging-box-for-protector-.webp 750w\" data-sizes=\"(max-width: 300px) 100vw, 300px\" src=\"data:image\/svg+xml;base64,PHN2ZyB3aWR0aD0iMSIgaGVpZ2h0PSIxIiB4bWxucz0iaHR0cDovL3d3dy53My5vcmcvMjAwMC9zdmciPjwvc3ZnPg==\" style=\"--smush-placeholder-width: 300px; --smush-placeholder-aspect-ratio: 300\/300;\" \/><\/p>\n<table style=\"width: 100%; border-color: #969696;\">\n<tbody>\n<tr>\n<th style=\"background-color: #060a30;\"><span style=\"color: #ffffff;\">K\u00edch th\u01b0\u1edbc th\u00f9ng carton (cm)<\/span><\/th>\n<th style=\"background-color: #060a30;\"><span style=\"color: #ffffff;\">Danh s\u00e1ch \u0111\u00f3ng g\u00f3i<\/span><\/th>\n<th style=\"background-color: #060a30;\"><span style=\"color: #ffffff;\">S\u1ed1 l\u01b0\u1ee3ng<\/span><\/th>\n<th style=\"background-color: #060a30;\"><span style=\"color: #ffffff;\">Tr\u1ecdng l\u01b0\u1ee3ng t\u1ed5ng (kg)<\/span><\/th>\n<\/tr>\n<tr>\n<td>45,5 cm \u00d7 23,5 cm \u00d7 31,5 cm<\/td>\n<td>\u00a0b\u1ea3o v\u1ec7<\/td>\n<td>60 chi\u1ebfc<\/td>\n<td>20 kg<\/td>\n<\/tr>\n<\/tbody>\n<\/table>\n<\/div>\n<p><a href=\"https:\/\/bright-china.com\/digital-display-current-and-voltage-protector\/\">B\u1ed9 b\u1ea3o v\u1ec7 d\u00f2ng \u0111i\u1ec7n v\u00e0 \u0111i\u1ec7n \u00e1p c\u00f3 th\u1ec3 \u0111i\u1ec1u ch\u1ec9nh tr\u00ean m\u00e0n h\u00ecnh k\u1ef9 thu\u1eadt s\u1ed1<\/a><\/p>","protected":false},"excerpt":{"rendered":"<p><strong>B\u1ed9 b\u1ea3o v\u1ec7 qu\u00e1 \u00e1p v\u00e0 d\u01b0\u1edbi \u00e1p ba pha b\u1ed1n d\u00e2y<\/strong> \u0110\u00e2y l\u00e0 phi\u00ean b\u1ea3n n\u00e2ng c\u1ea5p so v\u1edbi lo\u1ea1i s\u1ea3n ph\u1ea9m th\u00f4ng th\u01b0\u1eddng, c\u00e1c t\u00ednh n\u0103ng c\u1ee7a s\u1ea3n ph\u1ea9m bao g\u1ed3m: ti\u00eau th\u1ee5 \u0111i\u1ec7n n\u0103ng th\u1ea5p, tu\u1ed5i th\u1ecd cao, \u0111i\u1ec1u khi\u1ec3n ch\u00ednh x\u00e1c, b\u1ea3o v\u1ec7 m\u1ea5t pha, kh\u00f4ng c\u00f3 b\u1ea3o v\u1ec7 \u0111\u01b0\u1eddng d\u00e2y trung t\u00ednh, d\u00f2ng ng\u1eafn m\u1ea1ch t\u1ed1i \u0111a 3000A, \u0111i\u1ec1u khi\u1ec3n ph\u1ea7n m\u1ec1m th\u00e2n thi\u1ec7n v\u1edbi ng\u01b0\u1eddi d\u00f9ng v\u00e0 hi\u1ec3n th\u1ecb r\u00f5 r\u00e0ng b\u1eb1ng \u0111\u00e8n LED. Khi s\u1ea3n ph\u1ea9m \u0111\u01b0\u1ee3c b\u1eadt l\u1ea7n \u0111\u1ea7u ti\u00ean trong \u0111i\u1ec1u ki\u1ec7n ngu\u1ed3n \u0111i\u1ec7n b\u00ecnh th\u01b0\u1eddng, th\u1eddi gian \u0111\u00f3ng m\u1ea1ch l\u00e0 6 gi\u00e2y. Khi \u0111\u01b0\u1eddng d\u00e2y x\u1ea3y ra qu\u00e1 \u00e1p, thi\u1ebfu \u00e1p, m\u1ea5t pha ho\u1eb7c c\u00e1c s\u1ef1 c\u1ed1 kh\u00e1c, khi ngu\u1ed3n \u0111i\u1ec7n tr\u1edf l\u1ea1i b\u00ecnh th\u01b0\u1eddng, th\u1eddi gian \u0111\u00f3ng m\u1ea1ch l\u00e0 40 gi\u00e2y. Thi\u1ebft k\u1ebf n\u00e0y gi\u00fap ti\u1ebft ki\u1ec7m th\u1eddi gian ch\u1edd \u0111\u1ee3i \u0111\u00e1ng k\u1ec3 khi m\u1ea1ng \u0111i\u1ec7n g\u1eb7p s\u1ef1 c\u1ed1 m\u1ea5t \u0111i\u1ec7n.<\/p>","protected":false},"featured_media":8794,"template":"","meta":{"_acf_changed":false,"site-sidebar-layout":"default","site-content-layout":"","ast-site-content-layout":"default","site-content-style":"default","site-sidebar-style":"default","ast-global-header-display":"","ast-banner-title-visibility":"","ast-main-header-display":"","ast-hfb-above-header-display":"","ast-hfb-below-header-display":"","ast-hfb-mobile-header-display":"","site-post-title":"","ast-breadcrumbs-content":"","ast-featured-img":"","footer-sml-layout":"","theme-transparent-header-meta":"default","adv-header-id-meta":"","stick-header-meta":"default","header-above-stick-meta":"","header-main-stick-meta":"","header-below-stick-meta":"","astra-migrate-meta-layouts":"set","ast-page-background-enabled":"default","ast-page-background-meta":{"desktop":{"background-color":"","background-image":"","background-repeat":"repeat","background-position":"center center","background-size":"auto","background-attachment":"scroll","background-type":"","background-media":"","overlay-type":"","overlay-color":"","overlay-opacity":"","overlay-gradient":""},"tablet":{"background-color":"","background-image":"","background-repeat":"repeat","background-position":"center center","background-size":"auto","background-attachment":"scroll","background-type":"","background-media":"","overlay-type":"","overlay-color":"","overlay-opacity":"","overlay-gradient":""},"mobile":{"background-color":"","background-image":"","background-repeat":"repeat","background-position":"center center","background-size":"auto","background-attachment":"scroll","background-type":"","background-media":"","overlay-type":"","overlay-color":"","overlay-opacity":"","overlay-gradient":""}},"ast-content-background-meta":{"desktop":{"background-color":"var(--ast-global-color-5)","background-image":"","background-repeat":"repeat","background-position":"center center","background-size":"auto","background-attachment":"scroll","background-type":"","background-media":"","overlay-type":"","overlay-color":"","overlay-opacity":"","overlay-gradient":""},"tablet":{"background-color":"var(--ast-global-color-5)","background-image":"","background-repeat":"repeat","background-position":"center center","background-size":"auto","background-attachment":"scroll","background-type":"","background-media":"","overlay-type":"","overlay-color":"","overlay-opacity":"","overlay-gradient":""},"mobile":{"background-color":"var(--ast-global-color-5)","background-image":"","background-repeat":"repeat","background-position":"center center","background-size":"auto","background-attachment":"scroll","background-type":"","background-media":"","overlay-type":"","overlay-color":"","overlay-opacity":"","overlay-gradient":""}},"_seo_title":"Three phase four wire over and under voltage protector","_seo_keywords":"Three phase four wire over and under voltage protector, Auto Reconnect Adjustabie Current voltage Protector, voltage protector for home","_seo_description":"Three phase four wire over and under voltage protector is an upgrade from the ordinary type of product, product features: low power consumption, long life, precise control, phase loss protection,..."},"product_brand":[],"product_cat":[15,65,57],"product_tag":[117,116,118,93],"class_list":{"0":"post-4436","1":"product","2":"type-product","3":"status-publish","4":"has-post-thumbnail","6":"product_cat-product","7":"product_cat-current-and-voltage-protector","8":"product_cat-smart-protector","9":"product_tag-automatic-reset-over-and-under-voltage-protector","10":"product_tag-current-and-voltage-protector","11":"product_tag-digital-display-adjustable-voltage-and-current-protector","12":"product_tag-voltage-protector","13":"desktop-align-center","14":"tablet-align-left","15":"mobile-align-left","16":"ast-product-gallery-layout-horizontal-slider","18":"first","19":"instock","20":"sale","21":"shipping-taxable","22":"purchasable","23":"product-type-simple"},"acf":[],"seo_title":"Three phase four wire over and under voltage protector","seo_keywords":"Three phase four wire over and under voltage protector, Auto Reconnect Adjustabie Current voltage Protector, voltage protector for home","seo_description":"Three phase four wire over and under voltage protector is an upgrade from the ordinary type of product, product features: low power consumption, long life, precise control, phase loss protection,...","seo_score":"75","product_seo_keywords":"","_links":{"self":[{"href":"https:\/\/bright-china.com\/vi\/wp-json\/wp\/v2\/product\/4436","targetHints":{"allow":["GET"]}}],"collection":[{"href":"https:\/\/bright-china.com\/vi\/wp-json\/wp\/v2\/product"}],"about":[{"href":"https:\/\/bright-china.com\/vi\/wp-json\/wp\/v2\/types\/product"}],"wp:featuredmedia":[{"embeddable":true,"href":"https:\/\/bright-china.com\/vi\/wp-json\/wp\/v2\/media\/8794"}],"wp:attachment":[{"href":"https:\/\/bright-china.com\/vi\/wp-json\/wp\/v2\/media?parent=4436"}],"wp:term":[{"taxonomy":"product_brand","embeddable":true,"href":"https:\/\/bright-china.com\/vi\/wp-json\/wp\/v2\/product_brand?post=4436"},{"taxonomy":"product_cat","embeddable":true,"href":"https:\/\/bright-china.com\/vi\/wp-json\/wp\/v2\/product_cat?post=4436"},{"taxonomy":"product_tag","embeddable":true,"href":"https:\/\/bright-china.com\/vi\/wp-json\/wp\/v2\/product_tag?post=4436"}],"curies":[{"name":"wp","href":"https:\/\/api.w.org\/{rel}","templated":true}]}}