{"id":4437,"date":"2025-04-27T02:23:54","date_gmt":"2025-04-27T02:23:54","guid":{"rendered":"https:\/\/bright-china.com\/?post_type=product&#038;p=4437"},"modified":"2026-01-05T22:31:02","modified_gmt":"2026-01-06T05:31:02","slug":"bo-bao-ve-dien-ap-jggq-63","status":"publish","type":"product","link":"https:\/\/bright-china.com\/vi\/product\/bo-bao-ve-dien-ap-jggq-63\/","title":{"rendered":"B\u1ed9 b\u1ea3o v\u1ec7 qu\u00e1 \u00e1p v\u00e0 d\u01b0\u1edbi \u00e1p t\u1ef1 \u0111\u1ed9ng JGGQ-63"},"content":{"rendered":"<h2><strong>1. Gi\u1edbi thi\u1ec7u<\/strong><\/h2>\n<p>JGGQ-63 <strong>T\u1ef1 \u0111\u1ed9ng \u0111\u1eb7t l\u1ea1i <a href=\"https:\/\/bright-china.com\/protectors\/\">B\u1ed9 b\u1ea3o v\u1ec7 qu\u00e1 \u00e1p v\u00e0 d\u01b0\u1edbi \u00e1p <\/a><\/strong>Khi \u0111\u01b0\u1eddng d\u00e2y c\u1ea5p \u0111i\u1ec7n g\u1eb7p t\u00ecnh tr\u1ea1ng qu\u00e1 \u00e1p ho\u1eb7c thi\u1ebfu \u00e1p, thi\u1ebft b\u1ecb b\u1ea3o v\u1ec7 c\u00f3 th\u1ec3 nhanh ch\u00f3ng v\u00e0 an to\u00e0n ng\u1eaft m\u1ea1ch d\u01b0\u1edbi t\u00e1c \u0111\u1ed9ng li\u00ean t\u1ee5c c\u1ee7a \u0111i\u1ec7n \u00e1p cao \u0111\u1ec3 tr\u00e1nh x\u1ea3y ra s\u1ef1 c\u1ed1 do \u0111i\u1ec7n \u00e1p b\u1ea5t th\u01b0\u1eddng \u0111\u01b0\u1ee3c truy\u1ec1n \u0111\u1ebfn c\u00e1c thi\u1ebft b\u1ecb \u0111i\u1ec7n cu\u1ed1i. Khi \u0111i\u1ec7n \u00e1p tr\u1edf v\u1ec1 gi\u00e1 tr\u1ecb b\u00ecnh th\u01b0\u1eddng, thi\u1ebft b\u1ecb b\u1ea3o v\u1ec7 s\u1ebd t\u1ef1 \u0111\u1ed9ng b\u1eadt l\u1ea1i m\u1ea1ch trong th\u1eddi gian quy \u0111\u1ecbnh \u0111\u1ec3 \u0111\u1ea3m b\u1ea3o ho\u1ea1t \u0111\u1ed9ng b\u00ecnh th\u01b0\u1eddng c\u1ee7a c\u00e1c thi\u1ebft b\u1ecb \u0111i\u1ec7n cu\u1ed1i trong t\u00ecnh hu\u1ed1ng kh\u00f4ng c\u00f3 ng\u01b0\u1eddi gi\u00e1m s\u00e1t.<\/p>\n<p><strong>2. \u0110\u1eb7c \u0111i\u1ec3m v\u00e0 m\u00f4i tr\u01b0\u1eddng s\u1eed d\u1ee5ng<\/strong><\/p>\n<p>1. Khi x\u1ea3y ra t\u00ecnh tr\u1ea1ng \u0111i\u1ec7n \u00e1p th\u1ea5p tr\u00ean \u0111\u01b0\u1eddng d\u00e2y m\u1ed9t pha, h\u00e3y ng\u1eaft k\u1ebft n\u1ed1i \u0111\u01b0\u1eddng d\u00e2y. \u0110i\u1ec7n \u00e1p tr\u00ean \u0111\u01b0\u1eddng d\u00e2y m\u1ed9t pha s\u1ebd tr\u1edf l\u1ea1i b\u00ecnh th\u01b0\u1eddng v\u00e0 t\u1ef1 \u0111\u1ed9ng reset, sau \u0111\u00f3 k\u1ebft n\u1ed1i l\u1ea1i \u0111\u01b0\u1eddng d\u00e2y sau m\u1ed9t kho\u1ea3ng th\u1eddi gian tr\u1ec5, m\u00e0 kh\u00f4ng c\u1ea7n thao t\u00e1c th\u1ee7 c\u00f4ng.<\/p>\n<p>2. Khi c\u00f3 hi\u1ec7n t\u01b0\u1ee3ng qu\u00e1 \u00e1p t\u1ea1m th\u1eddi ho\u1eb7c qu\u00e1 \u00e1p t\u1ea1m th\u1eddi tr\u00ean \u0111\u01b0\u1eddng d\u00e2y, thi\u1ebft b\u1ecb b\u1ea3o v\u1ec7 s\u1ebd kh\u00f4ng b\u1ecb h\u1ecfng.<\/p>\n<p>3. Khi \u0111i\u1ec7n \u00e1p c\u1ee7a \u0111\u01b0\u1eddng d\u00e2y kh\u00f4ng \u1ed5n \u0111\u1ecbnh do c\u00e1c s\u1ef1 c\u1ed1 nh\u01b0 ti\u1ebfp \u0111i\u1ec3m h\u1ecfng, ho\u1eb7c khi ngu\u1ed3n \u0111i\u1ec7n \u0111\u1ed9t ng\u1ed9t b\u1ecb ng\u1eaft v\u00e0 t\u00edn hi\u1ec7u g\u1ecdi \u0111\u1ed9t ng\u1ed9t \u0111\u1ebfn, thi\u1ebft b\u1ecb b\u1ea3o v\u1ec7 kh\u00f4ng \u0111\u01b0\u1ee3c k\u1ebft n\u1ed1i v\u1edbi \u0111\u01b0\u1eddng d\u00e2y.<\/p>\n<p>4. Khi \u0111i\u1ec7n \u00e1p s\u1ef1 c\u1ed1 tr\u00ean \u0111\u01b0\u1eddng d\u00e2y \u0111\u1ea1t m\u1ee9c cao nh\u1ea5t, thi\u1ebft b\u1ecb b\u1ea3o v\u1ec7 s\u1ebd kh\u00f4ng b\u1ecb h\u01b0 h\u1ecfng.<\/p>\n<p>5. Ch\u1ecbu \u0111\u01b0\u1ee3c \u0111i\u1ec7n \u00e1p xung: 4kV (theo ti\u00eau chu\u1ea9n an to\u00e0n c\u1ee7a thi\u1ebft b\u1ecb \u0111i\u1ec7n lo\u1ea1i III).<\/p>\n<p>6. Nhi\u1ec7t \u0111\u1ed9 m\u00f4i tr\u01b0\u1eddng: -25\u00b0C \u0111\u1ebfn 40\u00b0C, \u0111\u1ed9 \u1ea9m t\u01b0\u01a1ng \u0111\u1ed1i: 10% \u0111\u1ebfn 90%, \u0111\u1ed9 cao kh\u00f4ng v\u01b0\u1ee3t qu\u00e1 2500 m\u00e9t, v\u00e0 n\u01a1i s\u1eed d\u1ee5ng ph\u1ea3i c\u00f3 c\u00e1c thi\u1ebft b\u1ecb ch\u1ed1ng m\u01b0a.<\/p>\n<h2><strong><a href=\"https:\/\/bright-china.com\/current-voltage-protector\/\">B\u1ed9 b\u1ea3o v\u1ec7 qu\u00e1 \u00e1p v\u00e0 d\u01b0\u1edbi \u00e1p<\/a> c\u1ee7a c\u00e1c th\u00f4ng s\u1ed1<\/strong><\/h2>\n<hr \/>\n<p>1. D\u00f2ng \u0111i\u1ec7n \u0111\u1ecbnh m\u1ee9c: 32A, 40A, 50A, 63A<\/p>\n<p>2. \u0110i\u1ec7n \u00e1p l\u00e0m vi\u1ec7c: AC230V, 50Hz<\/p>\n<p>3. Gi\u00e1 tr\u1ecb b\u1ea3o v\u1ec7 qu\u00e1 \u00e1p: AC270V \u00b15V<\/p>\n<p>4. Gi\u00e1 tr\u1ecb b\u1ea3o v\u1ec7 qu\u00e1 \u00e1p th\u1ea5p: AC170V \u00b15V<\/p>\n<p>5. Th\u1eddi gian reset sau khi x\u1ea3y ra l\u1ed7i: 20 gi\u00e2y<\/p>\n<p>6. Th\u1eddi gian th\u1ef1c hi\u1ec7n: 0,2 gi\u00e2y<\/p>\n<p>7. Thi\u1ebft b\u1ecb c\u00f3 kh\u1ea3 n\u0103ng ch\u1ecbu \u0111\u01b0\u1ee3c qu\u00e1 \u00e1p AC 380V.<\/p>\n<h2><strong>B\u1ed9 b\u1ea3o v\u1ec7 qu\u00e1 \u00e1p v\u00e0 d\u01b0\u1edbi \u00e1p<\/strong><strong>c\u1ee7a c\u00e1c ti\u00eau chu\u1ea9n<\/strong><\/h2>\n<hr \/>\n<p>Ti\u00eau chu\u1ea9n JGJ242-2011 v\u1ec1 Thi\u1ebft k\u1ebf \u0110i\u1ec7n cho C\u00f4ng tr\u00ecnh Nh\u00e0 \u1edf<\/p>\n<p>JGJ\/T16-2008<\/p>\n<p>GJBT-672 Ti\u00eau chu\u1ea9n Atlas Thi\u1ebft k\u1ebf v\u00e0 X\u00e2y d\u1ef1ng H\u1ec7 th\u1ed1ng \u0110i\u1ec7n cho Nh\u00e0 \u1edf<\/p>\n<p>Ti\u00eau chu\u1ea9n qu\u1ed1c gia Trung Qu\u1ed1c GB\/T 68895.10-2001<\/p>\n<p>\u0110\u00e1p \u1ee9ng c\u00e1c ti\u00eau chu\u1ea9n an to\u00e0n cho thi\u1ebft b\u1ecb \u0111i\u1ec7n lo\u1ea1i III.<\/p>\n<p>JB\/T12762-2015 \u300aThi\u1ebft b\u1ecb b\u1ea3o v\u1ec7 qu\u00e1 \u00e1p v\u00e0 thi\u1ebfu \u00e1p c\u00f3 ch\u1ee9c n\u0103ng t\u1ef1 \u0111\u1ed9ng \u0111\u00f3ng l\u1ea1i\u300b<strong>OUPA<\/strong>)\u300b<\/p>\n<h2><strong>B\u1ed9 b\u1ea3o v\u1ec7 qu\u00e1 \u00e1p v\u00e0 d\u01b0\u1edbi \u00e1p<\/strong><strong> k\u00edch th\u01b0\u1edbc<\/strong><\/h2>\n<hr \/>\n<p><img fetchpriority=\"high\" decoding=\"async\" class=\"alignnone wp-image-6319 size-full\" src=\"https:\/\/bright-china.com\/wp-content\/uploads\/2025\/04\/oupa\u5c3a\u5bf8.jpg\" alt=\"K\u00edch th\u01b0\u1edbc c\u1ee7a b\u1ed9 b\u1ea3o v\u1ec7 qu\u00e1 \u00e1p v\u00e0 d\u01b0\u1edbi \u00e1p t\u1ef1 \u0111\u1ed9ng JGGQ-63\" width=\"750\" height=\"1069\" srcset=\"https:\/\/bright-china.com\/wp-content\/uploads\/2025\/04\/oupa\u5c3a\u5bf8.jpg 750w, https:\/\/bright-china.com\/wp-content\/uploads\/2025\/04\/oupa\u5c3a\u5bf8-210x300.jpg 210w, https:\/\/bright-china.com\/wp-content\/uploads\/2025\/04\/oupa\u5c3a\u5bf8-718x1024.jpg 718w, https:\/\/bright-china.com\/wp-content\/uploads\/2025\/04\/oupa\u5c3a\u5bf8-8x12.jpg 8w, https:\/\/bright-china.com\/wp-content\/uploads\/2025\/04\/oupa\u5c3a\u5bf8-600x855.jpg 600w\" sizes=\"(max-width: 750px) 100vw, 750px\" \/><\/p>\n<h2><strong>Th\u00f4ng tin g\u00f3i ti\u00eau chu\u1ea9n<\/strong><\/h2>\n<hr \/>\n<p><img decoding=\"async\" class=\"alignnone wp-image-6114 size-medium lazyload\" data-src=\"https:\/\/bright-china.com\/wp-content\/uploads\/2025\/04\/45.5-23.5-31.5-box-300x300.jpg\" alt=\"H\u1ed9p \u0111\u1ef1ng cho b\u1ed9 b\u1ea3o v\u1ec7\" width=\"300\" height=\"300\" data-srcset=\"https:\/\/bright-china.com\/wp-content\/uploads\/2025\/04\/45.5-23.5-31.5-box-300x300.jpg 300w, https:\/\/bright-china.com\/wp-content\/uploads\/2025\/04\/45.5-23.5-31.5-box-150x150.jpg 150w, https:\/\/bright-china.com\/wp-content\/uploads\/2025\/04\/45.5-23.5-31.5-box-12x12.jpg 12w, https:\/\/bright-china.com\/wp-content\/uploads\/2025\/04\/45.5-23.5-31.5-box-600x600.jpg 600w, https:\/\/bright-china.com\/wp-content\/uploads\/2025\/04\/45.5-23.5-31.5-box-100x100.jpg 100w, https:\/\/bright-china.com\/wp-content\/uploads\/2025\/04\/45.5-23.5-31.5-box.jpg 750w\" data-sizes=\"(max-width: 300px) 100vw, 300px\" src=\"data:image\/svg+xml;base64,PHN2ZyB3aWR0aD0iMSIgaGVpZ2h0PSIxIiB4bWxucz0iaHR0cDovL3d3dy53My5vcmcvMjAwMC9zdmciPjwvc3ZnPg==\" style=\"--smush-placeholder-width: 300px; --smush-placeholder-aspect-ratio: 300\/300;\" \/><\/p>\n<div style=\"overflow-x: auto;\">\n<table style=\"width: 100%; border-color: #969696; height: 106px;\">\n<tbody>\n<tr style=\"height: 53px;\">\n<th style=\"height: 53px; background-color: #060a30;\"><span style=\"color: #ffffff;\">K\u00edch th\u01b0\u1edbc th\u00f9ng carton (cm)<\/span><\/th>\n<th style=\"height: 53px; background-color: #060a30;\"><span style=\"color: #ffffff;\">Danh s\u00e1ch \u0111\u00f3ng g\u00f3i<\/span><\/th>\n<th style=\"height: 53px; background-color: #060a30;\"><span style=\"color: #ffffff;\">S\u1ed1 l\u01b0\u1ee3ng<\/span><\/th>\n<th style=\"height: 53px; background-color: #060a30;\"><span style=\"color: #ffffff;\">Tr\u1ecdng l\u01b0\u1ee3ng t\u1ed5ng (kg)<\/span><\/th>\n<\/tr>\n<tr style=\"height: 53px;\">\n<td style=\"height: 53px;\">45,5 cm \u00d7 23,5 cm \u00d7 31,5 cm<\/td>\n<td style=\"height: 53px;\">\u00a0b\u1ea3o v\u1ec7<\/td>\n<td style=\"height: 53px;\">120 chi\u1ebfc<\/td>\n<td style=\"height: 53px;\">20 kg<\/td>\n<\/tr>\n<\/tbody>\n<\/table>\n<\/div>\n<p><a href=\"https:\/\/bright-china.com\/digital-display-current-and-voltage-protector\/\">B\u1ed9 b\u1ea3o v\u1ec7 d\u00f2ng \u0111i\u1ec7n v\u00e0 \u0111i\u1ec7n \u00e1p c\u00f3 th\u1ec3 \u0111i\u1ec1u ch\u1ec9nh tr\u00ean m\u00e0n h\u00ecnh k\u1ef9 thu\u1eadt s\u1ed1<\/a><\/p>","protected":false},"excerpt":{"rendered":"<p>JGGQ-63 B\u1ed9 b\u1ea3o v\u1ec7 qu\u00e1 \u00e1p v\u00e0 d\u01b0\u1edbi \u00e1p t\u1ef1 \u0111\u1ed9ng reset s\u1eed d\u1ee5ng m\u1ea1ch \u0111i\u1ec1u khi\u1ec3n v\u1edbi b\u1ed9 x\u1eed l\u00fd vi m\u1ea1ch t\u1ed1c \u0111\u1ed9 cao, ti\u00eau th\u1ee5 \u0111i\u1ec7n n\u0103ng th\u1ea5p l\u00e0m l\u00f5i, r\u01a1le gi\u1eef t\u1eeb l\u00e0m m\u1ea1ch ch\u00ednh v\u00e0 thi\u1ebft k\u1ebf ti\u00eau chu\u1ea9n m\u00f4-\u0111un. Khi \u0111\u01b0\u1eddng d\u00e2y c\u1ea5p \u0111i\u1ec7n xu\u1ea5t hi\u1ec7n qu\u00e1 \u00e1p ho\u1eb7c d\u01b0\u1edbi \u00e1p, thi\u1ebft b\u1ecb b\u1ea3o v\u1ec7 c\u00f3 th\u1ec3 nhanh ch\u00f3ng v\u00e0 an to\u00e0n ng\u1eaft m\u1ea1ch d\u01b0\u1edbi t\u00e1c \u0111\u1ed9ng li\u00ean t\u1ee5c c\u1ee7a \u0111i\u1ec7n \u00e1p cao \u0111\u1ec3 tr\u00e1nh x\u1ea3y ra s\u1ef1 c\u1ed1 do \u0111i\u1ec7n \u00e1p b\u1ea5t th\u01b0\u1eddng truy\u1ec1n \u0111\u1ebfn c\u00e1c thi\u1ebft b\u1ecb \u0111i\u1ec7n cu\u1ed1i. Khi \u0111i\u1ec7n \u00e1p tr\u1edf v\u1ec1 gi\u00e1 tr\u1ecb b\u00ecnh th\u01b0\u1eddng, thi\u1ebft b\u1ecb b\u1ea3o v\u1ec7 s\u1ebd t\u1ef1 \u0111\u1ed9ng b\u1eadt l\u1ea1i m\u1ea1ch trong th\u1eddi gian quy \u0111\u1ecbnh \u0111\u1ec3 \u0111\u1ea3m b\u1ea3o ho\u1ea1t \u0111\u1ed9ng b\u00ecnh th\u01b0\u1eddng c\u1ee7a c\u00e1c thi\u1ebft b\u1ecb \u0111i\u1ec7n cu\u1ed1i trong t\u00ecnh hu\u1ed1ng kh\u00f4ng c\u00f3 ng\u01b0\u1eddi gi\u00e1m s\u00e1t.<\/p>","protected":false},"featured_media":8798,"template":"","meta":{"_acf_changed":false,"site-sidebar-layout":"default","site-content-layout":"","ast-site-content-layout":"default","site-content-style":"default","site-sidebar-style":"default","ast-global-header-display":"","ast-banner-title-visibility":"","ast-main-header-display":"","ast-hfb-above-header-display":"","ast-hfb-below-header-display":"","ast-hfb-mobile-header-display":"","site-post-title":"","ast-breadcrumbs-content":"","ast-featured-img":"","footer-sml-layout":"","theme-transparent-header-meta":"default","adv-header-id-meta":"","stick-header-meta":"default","header-above-stick-meta":"","header-main-stick-meta":"","header-below-stick-meta":"","astra-migrate-meta-layouts":"set","ast-page-background-enabled":"default","ast-page-background-meta":{"desktop":{"background-color":"","background-image":"","background-repeat":"repeat","background-position":"center center","background-size":"auto","background-attachment":"scroll","background-type":"","background-media":"","overlay-type":"","overlay-color":"","overlay-opacity":"","overlay-gradient":""},"tablet":{"background-color":"","background-image":"","background-repeat":"repeat","background-position":"center center","background-size":"auto","background-attachment":"scroll","background-type":"","background-media":"","overlay-type":"","overlay-color":"","overlay-opacity":"","overlay-gradient":""},"mobile":{"background-color":"","background-image":"","background-repeat":"repeat","background-position":"center center","background-size":"auto","background-attachment":"scroll","background-type":"","background-media":"","overlay-type":"","overlay-color":"","overlay-opacity":"","overlay-gradient":""}},"ast-content-background-meta":{"desktop":{"background-color":"var(--ast-global-color-5)","background-image":"","background-repeat":"repeat","background-position":"center center","background-size":"auto","background-attachment":"scroll","background-type":"","background-media":"","overlay-type":"","overlay-color":"","overlay-opacity":"","overlay-gradient":""},"tablet":{"background-color":"var(--ast-global-color-5)","background-image":"","background-repeat":"repeat","background-position":"center center","background-size":"auto","background-attachment":"scroll","background-type":"","background-media":"","overlay-type":"","overlay-color":"","overlay-opacity":"","overlay-gradient":""},"mobile":{"background-color":"var(--ast-global-color-5)","background-image":"","background-repeat":"repeat","background-position":"center center","background-size":"auto","background-attachment":"scroll","background-type":"","background-media":"","overlay-type":"","overlay-color":"","overlay-opacity":"","overlay-gradient":""}},"_seo_title":"Automatic reset over and under voltage protector JGGQ-63","_seo_keywords":"Automatic reset over and under voltage protector, voltage protector for home, Digital adjustable voltage and current protector","_seo_description":"JGGQ-63 Automatic reset over\u00a0 and under voltage protector adopts the control circuit with high-speed micro-low-power processor as the core,"},"product_brand":[],"product_cat":[15,65],"product_tag":[94,117,118,93],"class_list":{"0":"post-4437","1":"product","2":"type-product","3":"status-publish","4":"has-post-thumbnail","6":"product_cat-product","7":"product_cat-current-and-voltage-protector","8":"product_tag-3phase-4-wire-current-and-voltage-protector","9":"product_tag-automatic-reset-over-and-under-voltage-protector","10":"product_tag-digital-display-adjustable-voltage-and-current-protector","11":"product_tag-voltage-protector","12":"desktop-align-center","13":"tablet-align-left","14":"mobile-align-left","15":"ast-product-gallery-layout-horizontal-slider","17":"first","18":"instock","19":"sale","20":"shipping-taxable","21":"purchasable","22":"product-type-simple"},"acf":[],"seo_title":"Automatic reset over and under voltage protector JGGQ-63","seo_keywords":"Automatic reset over and under voltage protector, voltage protector for home, Digital adjustable voltage and current protector","seo_description":"JGGQ-63 Automatic reset over\u00a0 and under voltage protector adopts the control circuit with high-speed micro-low-power processor as the core,","seo_score":"85","product_seo_keywords":"","_links":{"self":[{"href":"https:\/\/bright-china.com\/vi\/wp-json\/wp\/v2\/product\/4437","targetHints":{"allow":["GET"]}}],"collection":[{"href":"https:\/\/bright-china.com\/vi\/wp-json\/wp\/v2\/product"}],"about":[{"href":"https:\/\/bright-china.com\/vi\/wp-json\/wp\/v2\/types\/product"}],"wp:featuredmedia":[{"embeddable":true,"href":"https:\/\/bright-china.com\/vi\/wp-json\/wp\/v2\/media\/8798"}],"wp:attachment":[{"href":"https:\/\/bright-china.com\/vi\/wp-json\/wp\/v2\/media?parent=4437"}],"wp:term":[{"taxonomy":"product_brand","embeddable":true,"href":"https:\/\/bright-china.com\/vi\/wp-json\/wp\/v2\/product_brand?post=4437"},{"taxonomy":"product_cat","embeddable":true,"href":"https:\/\/bright-china.com\/vi\/wp-json\/wp\/v2\/product_cat?post=4437"},{"taxonomy":"product_tag","embeddable":true,"href":"https:\/\/bright-china.com\/vi\/wp-json\/wp\/v2\/product_tag?post=4437"}],"curies":[{"name":"wp","href":"https:\/\/api.w.org\/{rel}","templated":true}]}}