{"id":4438,"date":"2025-04-27T02:23:54","date_gmt":"2025-04-27T02:23:54","guid":{"rendered":"https:\/\/bright-china.com\/?post_type=product&#038;p=4438"},"modified":"2025-12-31T00:48:02","modified_gmt":"2025-12-31T07:48:02","slug":"bo-bao-ve-qua-ap-va-duoi-ap-jggq-80","status":"publish","type":"product","link":"https:\/\/bright-china.com\/vi\/product\/bo-bao-ve-qua-ap-va-duoi-ap-jggq-80\/","title":{"rendered":"T\u1ef1 \u0111\u1ed9ng \u0111\u1eb7t l\u1ea1i c\u00e1c b\u1ed9 b\u1ea3o v\u1ec7 qu\u00e1 \u00e1p v\u00e0 d\u01b0\u1edbi \u00e1p JGGQ-80"},"content":{"rendered":"<h2><strong>\u2160. Gi\u1edbi thi\u1ec7u<\/strong><\/h2>\n<hr \/>\n<p><img fetchpriority=\"high\" decoding=\"async\" class=\"alignleft wp-image-8804 size-medium\" src=\"https:\/\/bright-china.com\/wp-content\/uploads\/2025\/04\/Automatically-reset-over-and-under-voltage-protectors-JGGQ-80-1-300x300.webp\" alt=\"\" width=\"300\" height=\"300\" srcset=\"https:\/\/bright-china.com\/wp-content\/uploads\/2025\/04\/Automatically-reset-over-and-under-voltage-protectors-JGGQ-80-1-300x300.webp 300w, https:\/\/bright-china.com\/wp-content\/uploads\/2025\/04\/Automatically-reset-over-and-under-voltage-protectors-JGGQ-80-1-150x150.webp 150w, https:\/\/bright-china.com\/wp-content\/uploads\/2025\/04\/Automatically-reset-over-and-under-voltage-protectors-JGGQ-80-1-768x768.webp 768w, https:\/\/bright-china.com\/wp-content\/uploads\/2025\/04\/Automatically-reset-over-and-under-voltage-protectors-JGGQ-80-1-12x12.webp 12w, https:\/\/bright-china.com\/wp-content\/uploads\/2025\/04\/Automatically-reset-over-and-under-voltage-protectors-JGGQ-80-1-600x600.webp 600w, https:\/\/bright-china.com\/wp-content\/uploads\/2025\/04\/Automatically-reset-over-and-under-voltage-protectors-JGGQ-80-1-100x100.webp 100w, https:\/\/bright-china.com\/wp-content\/uploads\/2025\/04\/Automatically-reset-over-and-under-voltage-protectors-JGGQ-80-1.webp 800w\" sizes=\"(max-width: 300px) 100vw, 300px\" \/><\/p>\n<p>10 n\u0103m t\u00edch l\u0169y kinh nghi\u1ec7m k\u1ef9 thu\u1eadt, N l\u1ea7n th\u1eed nghi\u1ec7m v\u00e0 c\u1ea3i ti\u1ebfn k\u1ef9 thu\u1eadt, m\u00f4 h\u00ecnh JGGQ-80 t\u1ef1 \u0111\u1ed9ng reset. <a href=\"https:\/\/bright-china.com\/protectors\/\">B\u1ed9 b\u1ea3o v\u1ec7 qu\u00e1 \u00e1p v\u00e0 d\u01b0\u1edbi \u00e1p<\/a> \u0110\u01b0\u1ee3c ni\u00eam y\u1ebft tr\u00ean th\u1ecb tr\u01b0\u1eddng, m\u1ea1ch \u0111i\u1ec1u khi\u1ec3n s\u1eed d\u1ee5ng b\u1ed9 x\u1eed l\u00fd vi m\u1ea1ch t\u1ed1c \u0111\u1ed9 cao, ti\u00eau th\u1ee5 \u0111i\u1ec7n n\u0103ng th\u1ea5p l\u00e0m l\u00f5i, r\u01a1le gi\u1eef t\u1eeb l\u00e0m m\u1ea1ch ch\u00ednh v\u00e0 thi\u1ebft k\u1ebf ti\u00eau chu\u1ea9n t\u01b0\u01a1ng t\u1ef1, c\u00f3 c\u00e1c \u01b0u \u0111i\u1ec3m k\u1ef9 thu\u1eadt nh\u01b0 ti\u00eau th\u1ee5 \u0111i\u1ec7n n\u0103ng th\u1ea5p, \u0111i\u1ec1u khi\u1ec3n ch\u00ednh x\u00e1c, thi\u1ebft k\u1ebf \u0111\u1eb9p m\u1eaft, ch\u1ed1ng h\u00e0i, ch\u1ed1ng nhi\u1ec5u, ch\u1ecbu \u0111\u01b0\u1ee3c \u0111i\u1ec7n \u00e1p l\u00ean \u0111\u1ebfn AC450V, ch\u1ecbu \u0111\u01b0\u1ee3c d\u00f2ng \u0111i\u1ec7n l\u00ean \u0111\u1ebfn 3000A, v.v.<\/p>\n<p>Khi \u0111\u01b0\u1eddng d\u00e2y c\u1ea5p \u0111i\u1ec7n g\u1eb7p t\u00ecnh tr\u1ea1ng qu\u00e1 \u00e1p ho\u1eb7c thi\u1ebfu \u00e1p, thi\u1ebft b\u1ecb b\u1ea3o v\u1ec7 c\u00f3 th\u1ec3 nhanh ch\u00f3ng v\u00e0 an to\u00e0n ng\u1eaft m\u1ea1ch d\u01b0\u1edbi t\u00e1c \u0111\u1ed9ng li\u00ean t\u1ee5c c\u1ee7a \u0111i\u1ec7n \u00e1p cao \u0111\u1ec3 tr\u00e1nh x\u1ea3y ra s\u1ef1 c\u1ed1 do \u0111i\u1ec7n \u00e1p b\u1ea5t th\u01b0\u1eddng \u0111\u01b0\u1ee3c truy\u1ec1n \u0111\u1ebfn c\u00e1c thi\u1ebft b\u1ecb \u0111i\u1ec7n cu\u1ed1i. Khi \u0111i\u1ec7n \u00e1p tr\u1edf v\u1ec1 gi\u00e1 tr\u1ecb b\u00ecnh th\u01b0\u1eddng, thi\u1ebft b\u1ecb b\u1ea3o v\u1ec7 s\u1ebd t\u1ef1 \u0111\u1ed9ng b\u1eadt l\u1ea1i m\u1ea1ch trong th\u1eddi gian quy \u0111\u1ecbnh \u0111\u1ec3 \u0111\u1ea3m b\u1ea3o ho\u1ea1t \u0111\u1ed9ng b\u00ecnh th\u01b0\u1eddng c\u1ee7a c\u00e1c thi\u1ebft b\u1ecb \u0111i\u1ec7n cu\u1ed1i trong tr\u01b0\u1eddng h\u1ee3p kh\u00f4ng c\u00f3 ng\u01b0\u1eddi gi\u00e1m s\u00e1t.<\/p>\n<p>B\u1ed9 b\u1ea3o v\u1ec7 qu\u00e1 \u00e1p t\u1ef1 \u0111\u1ed9ng reset kinh t\u1ebf l\u00e0 s\u1ea3n ph\u1ea9m k\u1ebft h\u1ee3p gi\u1eefa m\u1ea1ch s\u1ed1 v\u00e0 m\u1ea1ch t\u01b0\u01a1ng t\u1ef1, c\u00f3 \u01b0u \u0111i\u1ec3m l\u00e0 ki\u1ec3m so\u00e1t ch\u00ednh x\u00e1c c\u1ee7a m\u1ea1ch s\u1ed1, ch\u1ee7 y\u1ebfu th\u1ec3 hi\u1ec7n qua th\u1eddi gian reset \u0111\u1ed3ng nh\u1ea5t. Ngh\u0129a l\u00e0, n\u1ebfu m\u1ed9t l\u00f4 s\u1ea3n ph\u1ea9m \u0111\u01b0\u1ee3c c\u1ea5p \u0111i\u1ec7n c\u00f9ng l\u00fac, th\u1eddi gian ho\u1ea1t \u0111\u1ed9ng c\u1ee7a l\u00f4 s\u1ea3n ph\u1ea9m \u0111\u00f3 s\u1ebd gi\u1ed1ng nhau, kh\u00f4ng c\u00f3 sai s\u1ed1 v\u1ec1 th\u1eddi gian reset gi\u1eefa c\u00e1c s\u1ea3n ph\u1ea9m, v\u00e0 sai s\u1ed1 c\u1ee7a m\u1ed7i l\u1ea7n reset s\u1ebd kh\u00f4ng v\u01b0\u1ee3t qu\u00e1 0,5 gi\u00e2y; Ngo\u00e0i ra, s\u1ea3n ph\u1ea9m c\u00f3 kh\u1ea3 n\u0103ng ch\u1ecbu \u0111i\u1ec7n \u00e1p cao v\u00e0 s\u1ebd kh\u00f4ng b\u1ecb h\u01b0 h\u1ecfng trong th\u1eddi gian d\u00e0i ngay c\u1ea3 khi ti\u1ebfp x\u00fac v\u1edbi \u0111i\u1ec7n \u00e1p AC 450V.<\/p>\n<h2><strong>\u2161. Th\u00f4ng s\u1ed1 k\u1ef9 thu\u1eadt c\u1ee7a c\u00e1c thi\u1ebft b\u1ecb b\u1ea3o v\u1ec7 qu\u00e1 \u00e1p v\u00e0 d\u01b0\u1edbi \u00e1p<\/strong><\/h2>\n<hr \/>\n<p>1. D\u00f2ng \u0111i\u1ec7n \u0111\u1ecbnh m\u1ee9c: 32A, 40A, 50A, 63A, 80A<\/p>\n<p>2. \u0110i\u1ec7n \u00e1p l\u00e0m vi\u1ec7c: AC230V, 50Hz<\/p>\n<p>3. Gi\u00e1 tr\u1ecb b\u1ea3o v\u1ec7 qu\u00e1 \u00e1p: AC270V \u00b15V<\/p>\n<p>4. Gi\u00e1 tr\u1ecb b\u1ea3o v\u1ec7 qu\u00e1 \u00e1p th\u1ea5p: AC170V \u00b15V<\/p>\n<p>5. Th\u1eddi gian reset sau khi x\u1ea3y ra l\u1ed7i: 20 gi\u00e2y<\/p>\n<p>6. Th\u1eddi gian th\u1ef1c hi\u1ec7n: 0,1 gi\u00e2y<\/p>\n<p>7. Thi\u1ebft b\u1ecb c\u00f3 kh\u1ea3 n\u0103ng ch\u1ecbu \u0111\u01b0\u1ee3c qu\u00e1 \u00e1p l\u00ean \u0111\u1ebfn 450V.<\/p>\n<h2><\/h2>\n<h2><strong>\u2162. Thi\u1ebft b\u1ecb b\u1ea3o v\u1ec7 qu\u00e1 \u00e1p v\u00e0 d\u01b0\u1edbi \u00e1p theo ti\u00eau chu\u1ea9n<\/strong><\/h2>\n<hr \/>\n<p>Ti\u00eau chu\u1ea9n JGJ242-2011 v\u1ec1 Thi\u1ebft k\u1ebf \u0110i\u1ec7n cho C\u00f4ng tr\u00ecnh Nh\u00e0 \u1edf<\/p>\n<p>JGJ\/T16-2008<\/p>\n<p>GJBT-672 Ti\u00eau chu\u1ea9n Atlas Thi\u1ebft k\u1ebf v\u00e0 X\u00e2y d\u1ef1ng H\u1ec7 th\u1ed1ng \u0110i\u1ec7n cho Nh\u00e0 \u1edf<\/p>\n<p>Ti\u00eau chu\u1ea9n qu\u1ed1c gia Trung Qu\u1ed1c GB\/T 68895.10-2001<\/p>\n<p>\u0110\u00e1p \u1ee9ng c\u00e1c ti\u00eau chu\u1ea9n an to\u00e0n cho thi\u1ebft b\u1ecb \u0111i\u1ec7n lo\u1ea1i III.<\/p>\n<p>JB\/T12762-2015\u300a<strong>OUPA ,<a href=\"https:\/\/ua-protector.com\/protectors\/\">B\u1ed9 b\u1ea3o v\u1ec7 qu\u00e1 \u00e1p v\u00e0 d\u01b0\u1edbi \u00e1p<\/a>\u00a0<\/strong>)\u300b<\/p>\n<h2><strong>B\u1ed9 b\u1ea3o v\u1ec7 qu\u00e1 \u00e1p v\u00e0 d\u01b0\u1edbi \u00e1p<\/strong><strong>\u00a0k\u00edch th\u01b0\u1edbc<\/strong><\/h2>\n<hr \/>\n<p><img decoding=\"async\" class=\"alignnone wp-image-8802 size-full lazyload\" data-src=\"https:\/\/bright-china.com\/wp-content\/uploads\/2025\/04\/Dimensions-of-Automatic-reset-over-and-under-voltage-protector-JGGQ-80.webp\" alt=\"\" width=\"700\" height=\"437\" data-srcset=\"https:\/\/bright-china.com\/wp-content\/uploads\/2025\/04\/Dimensions-of-Automatic-reset-over-and-under-voltage-protector-JGGQ-80.webp 700w, https:\/\/bright-china.com\/wp-content\/uploads\/2025\/04\/Dimensions-of-Automatic-reset-over-and-under-voltage-protector-JGGQ-80-300x187.webp 300w, https:\/\/bright-china.com\/wp-content\/uploads\/2025\/04\/Dimensions-of-Automatic-reset-over-and-under-voltage-protector-JGGQ-80-18x12.webp 18w, https:\/\/bright-china.com\/wp-content\/uploads\/2025\/04\/Dimensions-of-Automatic-reset-over-and-under-voltage-protector-JGGQ-80-600x375.webp 600w\" data-sizes=\"(max-width: 700px) 100vw, 700px\" src=\"data:image\/svg+xml;base64,PHN2ZyB3aWR0aD0iMSIgaGVpZ2h0PSIxIiB4bWxucz0iaHR0cDovL3d3dy53My5vcmcvMjAwMC9zdmciPjwvc3ZnPg==\" style=\"--smush-placeholder-width: 700px; --smush-placeholder-aspect-ratio: 700\/437;\" \/><\/p>\n<h2>N\u00ean c\u00f3 m\u1ed9t k\u1ebf ho\u1ea1ch<\/h2>\n<hr \/>\n<p><img decoding=\"async\" class=\"alignnone wp-image-6111 size-full lazyload\" data-src=\"https:\/\/bright-china.com\/wp-content\/uploads\/2025\/04\/\u63a5\u7ebf\u56fe-\u8fc7\u6b20\u538b-3.jpg\" alt=\"B\u1ed9 b\u1ea3o v\u1ec7 qu\u00e1 \u00e1p v\u00e0 d\u01b0\u1edbi \u00e1p\" width=\"600\" height=\"1133\" data-srcset=\"https:\/\/bright-china.com\/wp-content\/uploads\/2025\/04\/\u63a5\u7ebf\u56fe-\u8fc7\u6b20\u538b-3.jpg 600w, https:\/\/bright-china.com\/wp-content\/uploads\/2025\/04\/\u63a5\u7ebf\u56fe-\u8fc7\u6b20\u538b-3-159x300.jpg 159w, https:\/\/bright-china.com\/wp-content\/uploads\/2025\/04\/\u63a5\u7ebf\u56fe-\u8fc7\u6b20\u538b-3-542x1024.jpg 542w, https:\/\/bright-china.com\/wp-content\/uploads\/2025\/04\/\u63a5\u7ebf\u56fe-\u8fc7\u6b20\u538b-3-6x12.jpg 6w\" data-sizes=\"(max-width: 600px) 100vw, 600px\" src=\"data:image\/svg+xml;base64,PHN2ZyB3aWR0aD0iMSIgaGVpZ2h0PSIxIiB4bWxucz0iaHR0cDovL3d3dy53My5vcmcvMjAwMC9zdmciPjwvc3ZnPg==\" style=\"--smush-placeholder-width: 600px; --smush-placeholder-aspect-ratio: 600\/1133;\" \/><\/p>\n<h3 data-slate-node=\"element\"><span style=\"color: #ff0000;\" data-slate-node=\"text\"><span class=\"null hover-sent\" data-slate-leaf=\"true\" data-sent-id=\"ejrkgDPYqe\">C\u1ea3nh b\u00e1o:<\/span><\/span><\/h3>\n<div data-slate-node=\"element\"><span data-slate-node=\"text\"><span class=\"null hover-sent\" data-slate-leaf=\"true\" data-sent-id=\"ejrkgDPYqe\">D\u00e2y N v\u00e0 L kh\u00f4ng \u0111\u01b0\u1ee3c k\u1ebft n\u1ed1i sai.<\/span><\/span><\/div>\n<div data-slate-node=\"element\" data-slate-fragment=\"JTVCJTdCJTIydHlwZSUyMiUzQSUyMnBhcmFncmFwaCUyMiUyQyUyMmNoaWxkcmVuJTIyJTNBJTVCJTdCJTIyaWQlMjIlM0ElMjJlanJrZ0RQWXFlJTIyJTJDJTIycGFyYUlkeCUyMiUzQTElMkMlMjJzcmMlMjIlM0ElMjJBdHRlbnRpb24lM0ElMjBUaGUlMjBOJTIwYW5kJTIwTCUyMHdpcmVzJTIwbXVzdCUyMG5vdCUyMGJlJTIwY29ubmVjdGVkJTIwaW5jb3JyZWN0bHkuJTIyJTJDJTIyZHN0JTIyJTNBJTIyJUU2JUIzJUE4JUU2JTg0JThGJUVGJUJDJTlBTiVFNSU5MiU4Q0wlRTclQkElQkYlRTQlQjglOEQlRTUlQkUlOTclRTglQkYlOUUlRTYlOEUlQTUlRTklOTQlOTklRTglQUYlQUYlRTMlODAlODIlMjIlMkMlMjJtZXRhZGF0YSUyMiUzQSUyMiUyMiUyQyUyMm1hdGNoZXMlMjIlM0FudWxsJTJDJTIybWV0YURhdGElMjIlM0ElNUIlNUQlMkMlMjJ0ZXh0JTIyJTNBJTIyVGhlJTIwTiUyMGFuZCUyMEwlMjB3aXJlcyUyMG11c3QlMjBub3QlMjBiZSUyMGNvbm5lY3RlZCUyMGluY29ycmVjdGx5LiUyMiU3RCU1RCU3RCUyQyU3QiUyMnR5cGUlMjIlM0ElMjJwYXJhZ3JhcGglMjIlMkMlMjJjaGlsZHJlbiUyMiUzQSU1QiU3QiUyMmlkJTIyJTNBJTIyVk5ETmRqOUFiQiUyMiUyQyUyMnBhcmFJZHglMjIlM0EyJTJDJTIyc3JjJTIyJTNBJTIyQWxsJTIwdGVybWluYWxzJTIwbXVzdCUyMGJlJTIwdGlnaHRlbmVkJTIwdG8lMjBwcmV2ZW50JTIwZmFsc2UlMjBjb25uZWN0aW9ucyUyMHRoYXQlMjBjb3VsZCUyMGJ1cm4lMjBvdXQlMjB0aGUlMjBwcm90ZWN0b3IuJTIyJTJDJTIyZHN0JTIyJTNBJTIyJUU2JTg5JTgwJUU2JTlDJTg5JUU3JUFCJUFGJUU1JUFEJTkwJUU1JUJGJTg1JUU5JUExJUJCJUU2JThCJUE3JUU3JUI0JUE3JUVGJUJDJThDJUU0JUJCJUE1JUU5JTk4JUIyJUU2JUFEJUEyJUU1JThGJUFGJUU4JTgzJUJEJUU3JTgzJUE3JUU1JTlEJThGJUU0JUJGJTlEJUU2JThBJUE0JUU1JTk5JUE4JUU3JTlBJTg0JUU5JTk0JTk5JUU4JUFGJUFGJUU4JUJGJTlFJUU2JThFJUE1JUUzJTgwJTgyJTIyJTJDJTIybWV0YWRhdGElMjIlM0ElMjIlMjIlMkMlMjJtYXRjaGVzJTIyJTNBbnVsbCUyQyUyMm1ldGFEYXRhJTIyJTNBJTVCJTVEJTJDJTIydGV4dCUyMiUzQSUyMkFsbCUyMHRlcm1pbmFscyUyMG11c3QlMjBiZSUyMHRpZ2h0ZW5lZCUyMHRvJTIwcHJldmVudCUyMGZhbHNlJTIwY29ubmVjdGlvbnMlMjB0aGF0JTIwY291bGQlMjBidXJuJTIwb3V0JTIwdGhlJTIwcHJvdGVjdG9yLiUyMiU3RCU1RCU3RCU1RA==\"><span data-slate-node=\"text\"><span class=\"null\" data-slate-leaf=\"true\" data-sent-id=\"VNDNdj9AbB\">T\u1ea5t c\u1ea3 c\u00e1c \u0111\u1ea7u n\u1ed1i ph\u1ea3i \u0111\u01b0\u1ee3c si\u1ebft ch\u1eb7t \u0111\u1ec3 tr\u00e1nh c\u00e1c k\u1ebft n\u1ed1i sai c\u00f3 th\u1ec3 l\u00e0m h\u1ecfng b\u1ed9 b\u1ea3o v\u1ec7.<\/span><\/span><\/div>\n<h2 class=\"wp-block-heading\"><\/h2>\n<h2><strong>Th\u00f4ng tin g\u00f3i ti\u00eau chu\u1ea9n<\/strong><\/h2>\n<hr \/>\n<p><img decoding=\"async\" class=\"alignnone size-medium wp-image-6114 lazyload\" data-src=\"https:\/\/bright-china.com\/wp-content\/uploads\/2025\/04\/45.5-23.5-31.5-box-300x300.jpg\" alt=\"\" width=\"300\" height=\"300\" data-srcset=\"https:\/\/bright-china.com\/wp-content\/uploads\/2025\/04\/45.5-23.5-31.5-box-300x300.jpg 300w, https:\/\/bright-china.com\/wp-content\/uploads\/2025\/04\/45.5-23.5-31.5-box-150x150.jpg 150w, https:\/\/bright-china.com\/wp-content\/uploads\/2025\/04\/45.5-23.5-31.5-box-12x12.jpg 12w, https:\/\/bright-china.com\/wp-content\/uploads\/2025\/04\/45.5-23.5-31.5-box-600x600.jpg 600w, https:\/\/bright-china.com\/wp-content\/uploads\/2025\/04\/45.5-23.5-31.5-box-100x100.jpg 100w, https:\/\/bright-china.com\/wp-content\/uploads\/2025\/04\/45.5-23.5-31.5-box.jpg 750w\" data-sizes=\"(max-width: 300px) 100vw, 300px\" src=\"data:image\/svg+xml;base64,PHN2ZyB3aWR0aD0iMSIgaGVpZ2h0PSIxIiB4bWxucz0iaHR0cDovL3d3dy53My5vcmcvMjAwMC9zdmciPjwvc3ZnPg==\" style=\"--smush-placeholder-width: 300px; --smush-placeholder-aspect-ratio: 300\/300;\" \/><\/p>\n<div style=\"overflow-x: auto;\">\n<table style=\"width: 100%; border-color: #969696;\">\n<tbody>\n<tr>\n<th style=\"background-color: #060a30;\"><span style=\"color: #ffffff;\">K\u00edch th\u01b0\u1edbc th\u00f9ng carton (cm)<\/span><\/th>\n<th style=\"background-color: #060a30;\"><span style=\"color: #ffffff;\">Danh s\u00e1ch \u0111\u00f3ng g\u00f3i<\/span><\/th>\n<th style=\"background-color: #060a30;\"><span style=\"color: #ffffff;\">S\u1ed1 l\u01b0\u1ee3ng<\/span><\/th>\n<th style=\"background-color: #060a30;\"><span style=\"color: #ffffff;\">Tr\u1ecdng l\u01b0\u1ee3ng t\u1ed5ng (kg)<\/span><\/th>\n<\/tr>\n<tr>\n<td>45,5 cm \u00d7 23,5 cm \u00d7 31,5 cm<\/td>\n<td>\u00a0b\u1ea3o v\u1ec7<\/td>\n<td>120 chi\u1ebfc<\/td>\n<td>20 kg<\/td>\n<\/tr>\n<\/tbody>\n<\/table>\n<\/div>\n<p>&nbsp;<\/p>","protected":false},"excerpt":{"rendered":"<p>Sau 10 n\u0103m nghi\u00ean c\u1ee9u k\u1ef9 thu\u1eadt, qua N l\u1ea7n th\u1eed nghi\u1ec7m v\u00e0 c\u1ea3i ti\u1ebfn k\u1ef9 thu\u1eadt, B\u1ed9 b\u1ea3o v\u1ec7 qu\u00e1 \u00e1p v\u00e0 d\u01b0\u1edbi \u00e1p t\u1ef1 \u0111\u1ed9ng reset JGGQ-80 \u0111\u00e3 c\u00f3 m\u1eb7t tr\u00ean th\u1ecb tr\u01b0\u1eddng, s\u1eed d\u1ee5ng b\u1ed9 x\u1eed l\u00fd vi m\u1ea1ch t\u1ed1c \u0111\u1ed9 cao, ti\u00eau th\u1ee5 \u0111i\u1ec7n n\u0103ng th\u1ea5p l\u00e0m l\u00f5i c\u1ee7a m\u1ea1ch \u0111i\u1ec1u khi\u1ec3n, r\u01a1le gi\u1eef t\u1eeb l\u00e0m m\u1ea1ch ch\u00ednh, v\u00e0 thi\u1ebft k\u1ebf ti\u00eau chu\u1ea9n m\u00f4-\u0111un h\u00f3a, c\u00f3 c\u00e1c \u01b0u \u0111i\u1ec3m k\u1ef9 thu\u1eadt nh\u01b0 ti\u00eau th\u1ee5 \u0111i\u1ec7n n\u0103ng th\u1ea5p, \u0111i\u1ec1u khi\u1ec3n ch\u00ednh x\u00e1c, thi\u1ebft k\u1ebf \u0111\u1eb9p m\u1eaft, ch\u1ed1ng h\u00e0i, ch\u1ed1ng nhi\u1ec5u, v\u00e0 ch\u1ecbu \u0111\u01b0\u1ee3c \u0111i\u1ec7n \u00e1p l\u00ean \u0111\u1ebfn AC450V.<\/p>","protected":false},"featured_media":8803,"template":"","meta":{"_acf_changed":false,"site-sidebar-layout":"default","site-content-layout":"","ast-site-content-layout":"default","site-content-style":"default","site-sidebar-style":"default","ast-global-header-display":"","ast-banner-title-visibility":"","ast-main-header-display":"","ast-hfb-above-header-display":"","ast-hfb-below-header-display":"","ast-hfb-mobile-header-display":"","site-post-title":"","ast-breadcrumbs-content":"","ast-featured-img":"","footer-sml-layout":"","theme-transparent-header-meta":"default","adv-header-id-meta":"","stick-header-meta":"default","header-above-stick-meta":"","header-main-stick-meta":"","header-below-stick-meta":"","astra-migrate-meta-layouts":"set","ast-page-background-enabled":"default","ast-page-background-meta":{"desktop":{"background-color":"","background-image":"","background-repeat":"repeat","background-position":"center center","background-size":"auto","background-attachment":"scroll","background-type":"","background-media":"","overlay-type":"","overlay-color":"","overlay-opacity":"","overlay-gradient":""},"tablet":{"background-color":"","background-image":"","background-repeat":"repeat","background-position":"center center","background-size":"auto","background-attachment":"scroll","background-type":"","background-media":"","overlay-type":"","overlay-color":"","overlay-opacity":"","overlay-gradient":""},"mobile":{"background-color":"","background-image":"","background-repeat":"repeat","background-position":"center center","background-size":"auto","background-attachment":"scroll","background-type":"","background-media":"","overlay-type":"","overlay-color":"","overlay-opacity":"","overlay-gradient":""}},"ast-content-background-meta":{"desktop":{"background-color":"var(--ast-global-color-5)","background-image":"","background-repeat":"repeat","background-position":"center center","background-size":"auto","background-attachment":"scroll","background-type":"","background-media":"","overlay-type":"","overlay-color":"","overlay-opacity":"","overlay-gradient":""},"tablet":{"background-color":"var(--ast-global-color-5)","background-image":"","background-repeat":"repeat","background-position":"center center","background-size":"auto","background-attachment":"scroll","background-type":"","background-media":"","overlay-type":"","overlay-color":"","overlay-opacity":"","overlay-gradient":""},"mobile":{"background-color":"var(--ast-global-color-5)","background-image":"","background-repeat":"repeat","background-position":"center center","background-size":"auto","background-attachment":"scroll","background-type":"","background-media":"","overlay-type":"","overlay-color":"","overlay-opacity":"","overlay-gradient":""}},"_seo_title":"Automatically reset over and under voltage protectors","_seo_keywords":"over and under voltage protectors, voltage protector price, voltage protector 220v","_seo_description":"After 10 years of technical precipitation, N times of testing and technical improvement, JGGQ-80 self-resettable Automatically reset over and under voltage protectors"},"product_brand":[],"product_cat":[15,65],"product_tag":[117,119,93],"class_list":{"0":"post-4438","1":"product","2":"type-product","3":"status-publish","4":"has-post-thumbnail","6":"product_cat-product","7":"product_cat-current-and-voltage-protector","8":"product_tag-automatic-reset-over-and-under-voltage-protector","9":"product_tag-over-and-under-voltage-protectors","10":"product_tag-voltage-protector","11":"desktop-align-center","12":"tablet-align-left","13":"mobile-align-left","14":"ast-product-gallery-layout-horizontal-slider","16":"first","17":"instock","18":"sale","19":"featured","20":"shipping-taxable","21":"purchasable","22":"product-type-simple"},"acf":[],"seo_title":"Automatically reset over and under voltage protectors","seo_keywords":"over and under voltage protectors, voltage protector price, voltage protector 220v","seo_description":"After 10 years of technical precipitation, N times of testing and technical improvement, JGGQ-80 self-resettable Automatically reset over and under voltage protectors","seo_score":"70","product_seo_keywords":"","_links":{"self":[{"href":"https:\/\/bright-china.com\/vi\/wp-json\/wp\/v2\/product\/4438","targetHints":{"allow":["GET"]}}],"collection":[{"href":"https:\/\/bright-china.com\/vi\/wp-json\/wp\/v2\/product"}],"about":[{"href":"https:\/\/bright-china.com\/vi\/wp-json\/wp\/v2\/types\/product"}],"wp:featuredmedia":[{"embeddable":true,"href":"https:\/\/bright-china.com\/vi\/wp-json\/wp\/v2\/media\/8803"}],"wp:attachment":[{"href":"https:\/\/bright-china.com\/vi\/wp-json\/wp\/v2\/media?parent=4438"}],"wp:term":[{"taxonomy":"product_brand","embeddable":true,"href":"https:\/\/bright-china.com\/vi\/wp-json\/wp\/v2\/product_brand?post=4438"},{"taxonomy":"product_cat","embeddable":true,"href":"https:\/\/bright-china.com\/vi\/wp-json\/wp\/v2\/product_cat?post=4438"},{"taxonomy":"product_tag","embeddable":true,"href":"https:\/\/bright-china.com\/vi\/wp-json\/wp\/v2\/product_tag?post=4438"}],"curies":[{"name":"wp","href":"https:\/\/api.w.org\/{rel}","templated":true}]}}