{"id":4439,"date":"2025-04-27T02:23:54","date_gmt":"2025-04-27T02:23:54","guid":{"rendered":"https:\/\/bright-china.com\/?post_type=product&#038;p=4439"},"modified":"2026-02-28T23:14:29","modified_gmt":"2026-03-01T06:14:29","slug":"meter-jgyb-96","status":"publish","type":"product","link":"https:\/\/bright-china.com\/vi\/product\/meter-jgyb-96\/","title":{"rendered":"M\u00e1y \u0111o \u0111a n\u0103ng k\u1ef9 thu\u1eadt s\u1ed1 JGYB-96"},"content":{"rendered":"<h2>Gi\u1edbi thi\u1ec7u<\/h2>\n<hr \/>\n<p><img fetchpriority=\"high\" decoding=\"async\" class=\"alignleft wp-image-8809 size-medium\" title=\"M\u00e1y \u0111o c\u00f4ng su\u1ea5t \u0111a ch\u1ee9c n\u0103ng k\u1ef9 thu\u1eadt s\u1ed1\" src=\"https:\/\/bright-china.com\/wp-content\/uploads\/2025\/04\/Digital-Multifunction-Meter-JGYB-96-1-300x300.webp\" alt=\"M\u00e1y \u0111o \u0111a n\u0103ng k\u1ef9 thu\u1eadt s\u1ed1 JGYB-96-0\" width=\"300\" height=\"300\" srcset=\"https:\/\/bright-china.com\/wp-content\/uploads\/2025\/04\/Digital-Multifunction-Meter-JGYB-96-1-300x300.webp 300w, https:\/\/bright-china.com\/wp-content\/uploads\/2025\/04\/Digital-Multifunction-Meter-JGYB-96-1-150x150.webp 150w, https:\/\/bright-china.com\/wp-content\/uploads\/2025\/04\/Digital-Multifunction-Meter-JGYB-96-1-768x768.webp 768w, https:\/\/bright-china.com\/wp-content\/uploads\/2025\/04\/Digital-Multifunction-Meter-JGYB-96-1-12x12.webp 12w, https:\/\/bright-china.com\/wp-content\/uploads\/2025\/04\/Digital-Multifunction-Meter-JGYB-96-1-600x600.webp 600w, https:\/\/bright-china.com\/wp-content\/uploads\/2025\/04\/Digital-Multifunction-Meter-JGYB-96-1-100x100.webp 100w, https:\/\/bright-china.com\/wp-content\/uploads\/2025\/04\/Digital-Multifunction-Meter-JGYB-96-1.webp 800w\" sizes=\"(max-width: 300px) 100vw, 300px\" \/><\/p>\n<p><strong>\u00a0 <\/strong><\/p>\n<p><strong><a href=\"https:\/\/bright-china.com\/current-voltage-protector\/\">\u00a0 \u00a0M\u00e1y \u0111o c\u00f4ng su\u1ea5t \u0111a ch\u1ee9c n\u0103ng k\u1ef9 thu\u1eadt s\u1ed1 <\/a><\/strong>N\u00f3 \u0111\u01b0\u1ee3c thi\u1ebft k\u1ebf \u0111\u1ec3 \u0111\u00e1p \u1ee9ng nhu c\u1ea7u gi\u00e1m s\u00e1t \u0111i\u1ec7n n\u0103ng c\u1ee7a c\u00e1c h\u1ec7 th\u1ed1ng \u0111i\u1ec7n, doanh nghi\u1ec7p c\u00f4ng nghi\u1ec7p v\u00e0 khai th\u00e1c m\u1ecf, c\u01a1 s\u1edf h\u1ea1 t\u1ea7ng c\u00f4ng c\u1ed9ng v\u00e0 c\u00e1c t\u00f2a nh\u00e0 th\u00f4ng minh. Thi\u1ebft b\u1ecb c\u00f3 th\u1ec3 \u0111o l\u01b0\u1eddng t\u1ea5t c\u1ea3 c\u00e1c th\u00f4ng s\u1ed1 \u0111i\u1ec7n n\u0103ng th\u00f4ng d\u1ee5ng, bao g\u1ed3m d\u00f2ng \u0111i\u1ec7n ba pha, \u0111i\u1ec7n \u00e1p, c\u00f4ng su\u1ea5t ho\u1ea1t \u0111\u1ed9ng v\u00e0 c\u00f4ng su\u1ea5t ph\u1ea3n kh\u00e1ng, \u0111i\u1ec7n n\u0103ng, h\u00e0i, v.v. B\u1edfi v\u00ec<a href=\"https:\/\/www.elejg.com\/?product\/\"> c\u00f4ng t\u01a1 \u0111i\u1ec7n <\/a>N\u00f3 c\u0169ng c\u00f3 ch\u1ee9c n\u0103ng m\u1ea1ng l\u01b0\u1edbi truy\u1ec1n th\u00f4ng ho\u00e0n ch\u1ec9nh, ch\u00fang t\u00f4i g\u1ecdi n\u00f3 l\u00e0 \u0111\u1ed3ng h\u1ed3 \u0111o c\u00f4ng su\u1ea5t m\u1ea1ng. N\u00f3 l\u00e0 l\u1ef1a ch\u1ecdn l\u00fd t\u01b0\u1edfng cho c\u00e1c h\u1ec7 th\u1ed1ng gi\u00e1m s\u00e1t c\u00f4ng su\u1ea5t th\u1eddi gian th\u1ef1c.<\/p>\n<p>&nbsp;<\/p>\n<p>M\u00e1y \u0111o c\u00f3 t\u1ef7 l\u1ec7 hi\u1ec7u su\u1ea5t tr\u00ean gi\u00e1 th\u00e0nh cao v\u00e0 c\u00f3 th\u1ec3 thay th\u1ebf tr\u1ef1c ti\u1ebfp c\u00e1c b\u1ed9 truy\u1ec1n t\u00edn hi\u1ec7u \u0111i\u1ec7n v\u00e0 thi\u1ebft b\u1ecb \u0111o l\u01b0\u1eddng truy\u1ec1n th\u1ed1ng. V\u1edbi t\u01b0 c\u00e1ch l\u00e0 m\u1ed9t th\u00e0nh ph\u1ea7n thu th\u1eadp d\u1eef li\u1ec7u th\u00f4ng minh v\u00e0 k\u1ef9 thu\u1eadt s\u1ed1 ti\u00ean ti\u1ebfn, d\u00f2ng thi\u1ebft b\u1ecb m\u1ea1ng n\u00e0y \u0111\u00e3 \u0111\u01b0\u1ee3c \u1ee9ng d\u1ee5ng r\u1ed9ng r\u00e3i trong c\u00e1c h\u1ec7 th\u1ed1ng \u0111i\u1ec1u khi\u1ec3n, h\u1ec7 th\u1ed1ng SCADA v\u00e0 h\u1ec7 th\u1ed1ng qu\u1ea3n l\u00fd n\u0103ng l\u01b0\u1ee3ng.<\/p>\n<h1><\/h1>\n<h2><strong>Ti\u00eau chu\u1ea9n s\u1ea3n ph\u1ea9m<\/strong><\/h2>\n<hr \/>\n<p>GB\/T 22264.1-2008 Thi\u1ebft b\u1ecb \u0111o \u0111i\u1ec7n t\u1eed hi\u1ec3n th\u1ecb s\u1ed1 g\u1eafn tr\u00ean b\u1ea3ng \u2013 Ph\u1ea7n 1: \u0110\u1ecbnh ngh\u0129a v\u00e0 y\u00eau c\u1ea7u chung<\/p>\n<p>GB\/T 22264.7-2008 Thi\u1ebft b\u1ecb \u0111o \u0111i\u1ec7n t\u1eed hi\u1ec3n th\u1ecb k\u1ef9 thu\u1eadt s\u1ed1 l\u1eafp \u0111\u1eb7t \u2013 Ph\u1ea7n 7: Y\u00eau c\u1ea7u \u0111\u1eb7c bi\u1ec7t \u0111\u1ed1i v\u1edbi thi\u1ebft b\u1ecb \u0111a ch\u1ee9c n\u0103ng<\/p>\n<p>GB\/T 22264.8-2008 Thi\u1ebft b\u1ecb \u0111o \u0111i\u1ec7n t\u1eed hi\u1ec3n th\u1ecb s\u1ed1 g\u1eafn tr\u00ean thi\u1ebft b\u1ecb \u2013 Ph\u1ea7n 8: Ph\u01b0\u01a1ng ph\u00e1p ki\u1ec3m tra \u0111\u01b0\u1ee3c khuy\u1ebfn ngh\u1ecb<\/p>\n<p>GB\/T 17215.322-2008 Thi\u1ebft b\u1ecb \u0111o l\u01b0\u1eddng d\u00f2ng \u0111i\u1ec7n xoay chi\u1ec1u \u2014 Y\u00eau c\u1ea7u \u0111\u1eb7c bi\u1ec7t \u2014 Ph\u1ea7n 22: \u0110\u1ed3ng h\u1ed3 \u0111o n\u0103ng l\u01b0\u1ee3ng ho\u1ea1t \u0111\u1ed9ng t\u0129nh (0.2S v\u00e0 0.5S)<\/p>\n<p>GB\/T 17215.323-2008 Thi\u1ebft b\u1ecb \u0111o l\u01b0\u1eddng d\u00f2ng \u0111i\u1ec7n xoay chi\u1ec1u \u2014 Y\u00eau c\u1ea7u \u0111\u1eb7c bi\u1ec7t \u2014 Ph\u1ea7n 23: \u0110\u1ed3ng h\u1ed3 \u0111o n\u0103ng l\u01b0\u1ee3ng ph\u1ea3n kh\u00e1ng c\u1ed1 \u0111\u1ecbnh (L\u1edbp 2 v\u00e0 3)<\/p>\n<p>DL\/T 614-2007 \u0110\u1ed3ng h\u1ed3 \u0111o n\u0103ng l\u01b0\u1ee3ng \u0111a ch\u1ee9c n\u0103ng<\/p>\n<p>GB14287-2005 H\u1ec7 th\u1ed1ng gi\u00e1m s\u00e1t ch\u00e1y \u0111i\u1ec7n<\/p>\n<p>Ti\u00eau chu\u1ea9n GB50045-95 v\u1ec1 thi\u1ebft k\u1ebf ph\u00f2ng ch\u00e1y ch\u1eefa ch\u00e1y cho c\u00e1c t\u00f2a nh\u00e0 d\u00e2n d\u1ee5ng cao t\u1ea7ng<\/p>\n<p>Ti\u00eau chu\u1ea9n thi\u1ebft k\u1ebf GB50054-95 cho h\u1ec7 th\u1ed1ng ph\u00e2n ph\u1ed1i \u0111i\u1ec7n \u00e1p th\u1ea5p<\/p>\n<p>Ti\u00eau chu\u1ea9n thi\u1ebft k\u1ebf nh\u00e0 \u1edf GB50096<\/p>\n<p>GB13955-2005 L\u1eafp \u0111\u1eb7t v\u00e0 v\u1eadn h\u00e0nh thi\u1ebft b\u1ecb b\u1ea3o v\u1ec7 d\u00f2ng d\u01b0<\/p>\n<p>Ti\u00eau chu\u1ea9n GB50016-2006 v\u1ec1 Thi\u1ebft k\u1ebf ph\u00f2ng ch\u00e1y ch\u1eefa ch\u00e1y cho c\u00f4ng tr\u00ecnh x\u00e2y d\u1ef1ng<\/p>\n<h2><strong>T\u00ean g\u1ecdi c\u1ee7a m\u00f4 h\u00ecnh<\/strong><\/h2>\n<hr \/>\n<p><strong>\u0110\u1eb7c t\u00ednh hi\u1ec7u su\u1ea5t:<\/strong><\/p>\n<p>\u0110o l\u01b0\u1eddng ch\u00ednh x\u00e1c cao \u0111i\u1ec7n \u00e1p ba pha, d\u00f2ng \u0111i\u1ec7n ba pha, c\u00f4ng su\u1ea5t ho\u1ea1t \u0111\u1ed9ng, c\u00f4ng su\u1ea5t ph\u1ea3n kh\u00e1ng, <a href=\"https:\/\/bright-china.com\/en\/voltmeter-ammeter\/\" title=\"Xem th\u00eam th\u00f4ng tin v\u1ec1 c\u00f4ng su\u1ea5t bi\u1ec3u ki\u1ebfn.\" class=\"seo-keyword-link\" style=\"font-weight: bold; color: inherit; text-decoration: underline; border-bottom: 1px dotted #667eea;\">c\u00f4ng su\u1ea5t bi\u1ec3u ki\u1ebfn<\/a>, h\u1ec7 s\u1ed1 c\u00f4ng su\u1ea5t, t\u1ea7n s\u1ed1 v\u00e0 c\u00e1c th\u00f4ng s\u1ed1 \u0111i\u1ec7n kh\u00e1c<\/p>\n<p>\u0110o l\u01b0\u1eddng n\u0103ng l\u01b0\u1ee3ng ho\u1ea1t \u0111\u1ed9ng\/ph\u1ea3n \u1ee9ng theo chi\u1ec1u ti\u1ebfn v\u00e0 l\u00f9i<\/p>\n<p>\u0110o l\u01b0\u1eddng \u0111i\u1ec7n n\u0103ng theo th\u1eddi gian s\u1eed d\u1ee5ng, \u0111\u1ecdc ch\u1ec9 s\u1ed1 \u0111\u1ed3ng h\u1ed3 \u0111o \u0111i\u1ec7n n\u0103ng theo th\u1eddi gian s\u1eed d\u1ee5ng<\/p>\n<p>\u0110o t\u1ef7 l\u1ec7 m\u00e9o h\u00e0i t\u1ed5ng (THD) c\u1ee7a \u0111i\u1ec7n \u00e1p ba pha v\u00e0 d\u00f2ng \u0111i\u1ec7n ba pha, c\u00f9ng v\u1edbi th\u00e0nh ph\u1ea7n h\u00e0i l\u1ebb t\u1eeb 2 \u0111\u1ebfn 31.<\/p>\n<p>Cung c\u1ea5p m\u00e0n h\u00ecnh \u1ed1ng \u0111i\u1ec7n t\u1eed ho\u1eb7c LCD, truy v\u1ea5n d\u1eef li\u1ec7u c\u1ee5c b\u1ed9.<\/p>\n<p>C\u00e1c menu \u0111\u01b0\u1ee3c thi\u1ebft k\u1ebf tr\u1ef1c quan v\u00e0 c\u00e1c ph\u00edm \u0111i\u1ec1u khi\u1ec3n d\u1ec5 s\u1eed d\u1ee5ng.<\/p>\n<p>T\u1ef7 l\u1ec7 chuy\u1ec3n \u0111\u1ed5i d\u00f2ng \u0111i\u1ec7n v\u00e0 \u0111i\u1ec7n \u00e1p c\u00f3 th\u1ec3 l\u1eadp tr\u00ecnh \u0111\u01b0\u1ee3c.<\/p>\n<p>Cung c\u1ea5p gi\u00e1m s\u00e1t d\u00f2ng r\u00f2 \u0111a v\u00f2ng l\u1eb7p.<\/p>\n<p>Cung c\u1ea5p n\u00fat \u0111i\u1ec1u khi\u1ec3n \u0111a v\u00f2ng l\u1eb7p, c\u00f3 th\u1ec3 \u0111\u01b0\u1ee3c s\u1eed d\u1ee5ng cho c\u1ea3nh b\u00e1o, ng\u1eaft m\u1ea1ch v\u00e0 c\u00e1c ch\u1ee9c n\u0103ng \u0111i\u1ec1u khi\u1ec3n kh\u00e1c.<\/p>\n<p>H\u1ed7 tr\u1ee3 li\u00ean k\u1ebft ch\u1eefa ch\u00e1y v\u00e0 ng\u1eaft m\u1ea1ch l\u1ed7i t\u1eeb xa.<\/p>\n<p>H\u1ed7 tr\u1ee3 giao ti\u1ebfp RS-485, giao th\u1ee9c Modbus-RTU<\/p>\n<p>N\u00f3 h\u1ed7 tr\u1ee3 chuy\u1ec3n \u0111\u1ed5i \u0111\u1ea7u v\u00e0o, chuy\u1ec3n \u0111\u1ed5i \u0111\u1ea7u ra, \u0111\u1ea7u ra truy\u1ec1n t\u00edn hi\u1ec7u analog v\u00e0 \u0111\u1ea7u ra xung ngu\u1ed3n.<\/p>\n<p>D\u1ec5 d\u00e0ng l\u1eafp \u0111\u1eb7t, \u0111\u01a1n gi\u1ea3n trong vi\u1ec7c k\u1ebft n\u1ed1i d\u00e2y v\u00e0 c\u00f3 thi\u1ebft k\u1ebf nh\u1ecf g\u1ecdn.<\/p>\n<p>Ngu\u1ed3n \u0111i\u1ec7n \u0111a n\u0103ng AC\/DC d\u1ea3i r\u1ed9ng: AC\/DC 80V~270V<\/p>\n<p>N\u00f3 c\u00f3 th\u1ec3 ho\u00e0n thi\u1ec7n vi\u1ec7c k\u1ebft n\u1ed1i m\u1ea1ng cho nhi\u1ec1u ph\u1ea7n m\u1ec1m giao ti\u1ebfp kh\u00e1c nhau trong h\u1ec7 th\u1ed1ng SCADA v\u00e0 PLC.<\/p>\n<h2><strong>Ch\u1ec9 b\u00e1o k\u1ef9 thu\u1eadt<\/strong><\/h2>\n<hr \/>\n<p><strong>\u0110\u1ed9 ch\u00ednh x\u00e1c c\u1ee7a ph\u00e9p \u0111o<\/strong><\/p>\n<p>\u0110i\u1ec7n \u00e1p lo\u1ea1i 0.5<\/p>\n<p>L\u1edbp 0.5 hi\u1ec7n t\u1ea1i<\/p>\n<p><a href=\"https:\/\/bright-china.com\/en\/voltmeter-ammeter\/\" title=\"Xem th\u00eam th\u00f4ng tin v\u1ec1 c\u00f4ng su\u1ea5t ho\u1ea1t \u0111\u1ed9ng.\" class=\"seo-keyword-link\" style=\"font-weight: bold; color: inherit; text-decoration: underline; border-bottom: 1px dotted #667eea;\">C\u00f4ng su\u1ea5t ho\u1ea1t \u0111\u1ed9ng<\/a> 0,5 l\u1edbp<\/p>\n<p>C\u00f4ng su\u1ea5t ph\u1ea3n kh\u00e1ng lo\u1ea1i 0.5<\/p>\n<p>H\u1ec7 s\u1ed1 c\u00f4ng su\u1ea5t 0.5<\/p>\n<p>T\u1ea7n s\u1ed1 \u00b10,02 Hz<\/p>\n<p>N\u0103ng l\u01b0\u1ee3ng ho\u1ea1t \u0111\u1ed9ng 0,5S ho\u1eb7c 0,2S<\/p>\n<p>M\u1ee9c n\u0103ng l\u01b0\u1ee3ng ph\u1ea3n \u1ee9ng c\u1ea5p 1 ho\u1eb7c 2<\/p>\n<h2><strong>\u0110\u1ea7u v\u00e0o t\u00edn hi\u1ec7u<\/strong><\/h2>\n<hr \/>\n<p>Ph\u01b0\u01a1ng ph\u00e1p \u0111\u1ea5u d\u00e2y: ba pha b\u1ed1n d\u00e2y, ba pha ba d\u00e2y<\/p>\n<p>\u0110i\u1ec7n \u00e1p \u0111\u1ecbnh m\u1ee9c: AC 57,7 V, AC 100 V, AC 220 V, AC 380 V<\/p>\n<p>D\u00f2ng \u0111i\u1ec7n \u0111\u1ecbnh m\u1ee9c: AC 1A, AC 5A<\/p>\n<p>\u0110i\u1ec7n \u00e1p qu\u00e1 t\u1ea3i: 1,2 l\u1ea7n (li\u00ean t\u1ee5c), 2 l\u1ea7n\/1 gi\u00e2y (t\u1ea1m th\u1eddi)<\/p>\n<p>Hi\u1ec7n t\u1ea1i: 1.2x (li\u00ean t\u1ee5c), 10x\/5 gi\u00e2y (t\u1ee9c th\u00ec)<\/p>\n<p>Ti\u00eau th\u1ee5 \u0111i\u1ec7n n\u0103ng \u0110i\u1ec7n \u00e1p: &lt;1VA\/pha, D\u00f2ng \u0111i\u1ec7n: &lt;0.4VA\/pha<\/p>\n<p>\u0110i\u1ec7n tr\u1edf: &gt;300k\u03a9, D\u00f2ng \u0111i\u1ec7n: &lt;20m\u03a9<\/p>\n<p>T\u1ea7n s\u1ed1: 45~65Hz<\/p>\n<p><strong>Ngu\u1ed3n \u0111i\u1ec7n ph\u1ee5<\/strong><\/p>\n<p>D\u1ea3i \u0111i\u1ec7n \u00e1p ho\u1ea1t \u0111\u1ed9ng AC\/DC: 80V~270V<\/p>\n<p>Ti\u00eau th\u1ee5 \u0111i\u1ec7n n\u0103ng &lt;4VA<\/p>\n<h2><strong>C\u00e1c m\u00f4-\u0111un ch\u1ee9c n\u0103ng<\/strong><\/h2>\n<hr \/>\n<p>Giao di\u1ec7n truy\u1ec1n th\u00f4ng: H\u1ed7 tr\u1ee3 truy\u1ec1n th\u00f4ng RS-485 1 k\u00eanh, giao th\u1ee9c Modbus-RTU.<\/p>\n<p>T\u1ed1c \u0111\u1ed9 truy\u1ec1n d\u1eef li\u1ec7u: 1200~9600 bps, m\u1eb7c \u0111\u1ecbnh 2400 bps<\/p>\n<p>Ch\u1ee9c n\u0103ng chuy\u1ec3n \u0111\u1ed5i \u0111\u1ea7u v\u00e0o h\u1ed7 tr\u1ee3 4 \u0111\u1ea7u v\u00e0o kh\u00f4.<\/p>\n<p>Chuy\u1ec3n \u0111\u1ed5i \u0111\u1ea7u ra H\u1ed7 tr\u1ee3 3 \u0111\u1ea7u ra r\u01a1le, c\u00f4ng su\u1ea5t: AC 250V\/5A, DC 30V\/5A<\/p>\n<p>\u0110\u1ea7u ra c\u1ee7a b\u1ed9 chuy\u1ec3n \u0111\u1ed5i H\u1ed7 tr\u1ee3 1 \u0111\u1ea7u ra analog: 0\/4~20mA ho\u1eb7c 0~5\/10V<\/p>\n<p>\u0110\u1ea7u ra xung \u0111i\u1ec7n \u00e1p H\u1ed7 tr\u1ee3 2 \u0111\u1ea7u ra xung \u0111i\u1ec7n \u00e1p, c\u1ed1 \u0111\u1ecbnh: 8000 xung\/kWh (kvarh)<\/p>\n<h2><strong>m\u00f4i tr\u01b0\u1eddng<\/strong><\/h2>\n<hr \/>\n<p>Nhi\u1ec7t \u0111\u1ed9 ho\u1ea1t \u0111\u1ed9ng: -10\u00b0C \u0111\u1ebfn +55\u00b0C<\/p>\n<p>Nhi\u1ec7t \u0111\u1ed9 b\u1ea3o qu\u1ea3n: -25\u00b0C \u0111\u1ebfn +70\u00b0C<\/p>\n<p>\u0110\u1ed9 \u1ea9m t\u01b0\u01a1ng \u0111\u1ed1i \u226493%, kh\u00f4ng c\u00f3 kh\u00ed \u0103n m\u00f2n t\u1ea1i v\u1ecb tr\u00ed.<\/p>\n<p>\u2264 2.500 m\u00e9t so v\u1edbi m\u1ef1c n\u01b0\u1edbc bi\u1ec3n<\/p>\n<h2><strong>an to\u00e0n<\/strong><\/h2>\n<hr \/>\n<p>\u0110i\u1ec7n tr\u1edf c\u00e1ch \u0111i\u1ec7n &gt;100M\u03a9<\/p>\n<p>\u0110i\u1ec7n \u00e1p ch\u1ecbu \u0111\u1ef1ng AC 2KV<\/p>\n<p><strong>Hi\u1ec7u su\u1ea5t t\u01b0\u01a1ng th\u00edch \u0111i\u1ec7n t\u1eeb<\/strong><\/p>\n<p>M\u1ee9c x\u1ea3 t\u0129nh \u0111i\u1ec7n c\u1ea5p 4<\/p>\n<p>D\u00f2ng xung \u0111i\u1ec7n nhanh lo\u1ea1i 4<\/p>\n<p>M\u1ee9c \u0111\u1ed9 s\u1ed1c (Surge) c\u1ea5p 4<\/p>\n<h2><strong>K\u00edch th\u01b0\u1edbc<\/strong><\/h2>\n<hr \/>\n<p>K\u00edch th\u01b0\u1edbc khung (mm) 120\u00d7120; 96\u00d796; 80\u00d780; 72\u00d772<\/p>\n<p>K\u00edch th\u01b0\u1edbc c\u1eaft (mm): 111\u00d7111; 92\u00d792; 76\u00d776; 68\u00d768<\/p>","protected":false},"excerpt":{"rendered":"<p><a href=\"https:\/\/bright-china.com\/automatic-reconnection-energy-metering-protector-of-test-jgdl-63\/\">\u00a0M\u00e1y \u0111o c\u00f4ng su\u1ea5t \u0111a ch\u1ee9c n\u0103ng k\u1ef9 thu\u1eadt s\u1ed1 <\/a>\u0110\u01b0\u1ee3c thi\u1ebft k\u1ebf \u0111\u1ec3 \u0111\u00e1p \u1ee9ng nhu c\u1ea7u gi\u00e1m s\u00e1t \u0111i\u1ec7n n\u0103ng c\u1ee7a h\u1ec7 th\u1ed1ng \u0111i\u1ec7n, doanh nghi\u1ec7p c\u00f4ng nghi\u1ec7p v\u00e0 khai th\u00e1c m\u1ecf, c\u01a1 s\u1edf h\u1ea1 t\u1ea7ng c\u00f4ng c\u1ed9ng v\u00e0 t\u00f2a nh\u00e0 th\u00f4ng minh. Thi\u1ebft b\u1ecb c\u00f3 th\u1ec3 \u0111o l\u01b0\u1eddng t\u1ea5t c\u1ea3 c\u00e1c th\u00f4ng s\u1ed1 \u0111i\u1ec7n n\u0103ng th\u00f4ng d\u1ee5ng nh\u01b0 d\u00f2ng \u0111i\u1ec7n ba pha, \u0111i\u1ec7n \u00e1p, c\u00f4ng su\u1ea5t ho\u1ea1t \u0111\u1ed9ng v\u00e0 c\u00f4ng su\u1ea5t ph\u1ea3n kh\u00e1ng, \u0111i\u1ec7n n\u0103ng, h\u00e0i, v.v. Do \u0111\u1ed3ng h\u1ed3 \u0111i\u1ec7n n\u00e0y c\u0169ng c\u00f3 ch\u1ee9c n\u0103ng m\u1ea1ng truy\u1ec1n th\u00f4ng ho\u00e0n ch\u1ec9nh, ch\u00fang t\u00f4i g\u1ecdi n\u00f3 l\u00e0 \u0111\u1ed3ng h\u1ed3 \u0111i\u1ec7n m\u1ea1ng. N\u00f3 l\u00e0 l\u1ef1a ch\u1ecdn l\u00fd t\u01b0\u1edfng cho h\u1ec7 th\u1ed1ng gi\u00e1m s\u00e1t \u0111i\u1ec7n n\u0103ng th\u1eddi gian th\u1ef1c. M\u00e1y \u0111o c\u00f3 t\u1ef7 l\u1ec7 hi\u1ec7u su\u1ea5t tr\u00ean gi\u00e1 th\u00e0nh cao v\u00e0 c\u00f3 th\u1ec3 thay th\u1ebf tr\u1ef1c ti\u1ebfp c\u00e1c b\u1ed9 truy\u1ec1n t\u00edn hi\u1ec7u \u0111i\u1ec7n v\u00e0 thi\u1ebft b\u1ecb \u0111o l\u01b0\u1eddng truy\u1ec1n th\u1ed1ng. V\u1edbi t\u01b0 c\u00e1ch l\u00e0 m\u1ed9t y\u1ebfu t\u1ed1 thu th\u1eadp d\u1eef li\u1ec7u th\u00f4ng minh v\u00e0 k\u1ef9 thu\u1eadt s\u1ed1 ti\u00ean ti\u1ebfn, d\u00f2ng thi\u1ebft b\u1ecb m\u1ea1ng n\u00e0y \u0111\u00e3 \u0111\u01b0\u1ee3c \u1ee9ng d\u1ee5ng r\u1ed9ng r\u00e3i trong c\u00e1c h\u1ec7 th\u1ed1ng \u0111i\u1ec1u khi\u1ec3n, h\u1ec7 th\u1ed1ng SCADA v\u00e0 h\u1ec7 th\u1ed1ng qu\u1ea3n l\u00fd n\u0103ng l\u01b0\u1ee3ng.<\/p>","protected":false},"featured_media":8811,"template":"","meta":{"_acf_changed":false,"site-sidebar-layout":"default","site-content-layout":"","ast-site-content-layout":"default","site-content-style":"default","site-sidebar-style":"default","ast-global-header-display":"","ast-banner-title-visibility":"","ast-main-header-display":"","ast-hfb-above-header-display":"","ast-hfb-below-header-display":"","ast-hfb-mobile-header-display":"","site-post-title":"","ast-breadcrumbs-content":"","ast-featured-img":"","footer-sml-layout":"","theme-transparent-header-meta":"default","adv-header-id-meta":"","stick-header-meta":"default","header-above-stick-meta":"","header-main-stick-meta":"","header-below-stick-meta":"","astra-migrate-meta-layouts":"set","ast-page-background-enabled":"default","ast-page-background-meta":{"desktop":{"background-color":"","background-image":"","background-repeat":"repeat","background-position":"center center","background-size":"auto","background-attachment":"scroll","background-type":"","background-media":"","overlay-type":"","overlay-color":"","overlay-opacity":"","overlay-gradient":""},"tablet":{"background-color":"","background-image":"","background-repeat":"repeat","background-position":"center center","background-size":"auto","background-attachment":"scroll","background-type":"","background-media":"","overlay-type":"","overlay-color":"","overlay-opacity":"","overlay-gradient":""},"mobile":{"background-color":"","background-image":"","background-repeat":"repeat","background-position":"center center","background-size":"auto","background-attachment":"scroll","background-type":"","background-media":"","overlay-type":"","overlay-color":"","overlay-opacity":"","overlay-gradient":""}},"ast-content-background-meta":{"desktop":{"background-color":"var(--ast-global-color-5)","background-image":"","background-repeat":"repeat","background-position":"center center","background-size":"auto","background-attachment":"scroll","background-type":"","background-media":"","overlay-type":"","overlay-color":"","overlay-opacity":"","overlay-gradient":""},"tablet":{"background-color":"var(--ast-global-color-5)","background-image":"","background-repeat":"repeat","background-position":"center center","background-size":"auto","background-attachment":"scroll","background-type":"","background-media":"","overlay-type":"","overlay-color":"","overlay-opacity":"","overlay-gradient":""},"mobile":{"background-color":"var(--ast-global-color-5)","background-image":"","background-repeat":"repeat","background-position":"center center","background-size":"auto","background-attachment":"scroll","background-type":"","background-media":"","overlay-type":"","overlay-color":"","overlay-opacity":"","overlay-gradient":""}},"_seo_title":"Digital Multi function Meter JGYB-96","_seo_keywords":"power meter, meter, High-precision measurement of three-phase voltage, three-phase current, active power, reactive power, apparent power, power factor","_seo_description":"\u00a0Digital multi function power meter is designed for the power monitoring needs of power systems, industrial and mining enterprises, public facilities,"},"product_brand":[],"product_cat":[15,70,69,64],"product_tag":[85,86,120,121],"class_list":{"0":"post-4439","1":"product","2":"type-product","3":"status-publish","4":"has-post-thumbnail","6":"product_cat-product","7":"product_cat-small-ammeter","8":"product_cat-voltmeter-ammeter","9":"product_cat-smart-meter","10":"product_tag-d85-20-voltmeter-black","11":"product_tag-d85-20-voltmeter-white","12":"product_tag-digital-multi-function-power-meter","13":"product_tag-power-meter","14":"desktop-align-center","15":"tablet-align-left","16":"mobile-align-left","17":"ast-product-gallery-layout-horizontal-slider","19":"first","20":"instock","21":"sale","22":"downloadable","23":"shipping-taxable","24":"purchasable","25":"product-type-simple"},"acf":[],"seo_title":"Digital Multi function Meter JGYB-96","seo_keywords":"power meter, meter, High-precision measurement of three-phase voltage, three-phase current, active power, reactive power, apparent power, power factor","seo_description":"\u00a0Digital multi function power meter is designed for the power monitoring needs of power systems, industrial and mining enterprises, public facilities,","seo_score":"95","product_seo_keywords":"","_links":{"self":[{"href":"https:\/\/bright-china.com\/vi\/wp-json\/wp\/v2\/product\/4439","targetHints":{"allow":["GET"]}}],"collection":[{"href":"https:\/\/bright-china.com\/vi\/wp-json\/wp\/v2\/product"}],"about":[{"href":"https:\/\/bright-china.com\/vi\/wp-json\/wp\/v2\/types\/product"}],"wp:featuredmedia":[{"embeddable":true,"href":"https:\/\/bright-china.com\/vi\/wp-json\/wp\/v2\/media\/8811"}],"wp:attachment":[{"href":"https:\/\/bright-china.com\/vi\/wp-json\/wp\/v2\/media?parent=4439"}],"wp:term":[{"taxonomy":"product_brand","embeddable":true,"href":"https:\/\/bright-china.com\/vi\/wp-json\/wp\/v2\/product_brand?post=4439"},{"taxonomy":"product_cat","embeddable":true,"href":"https:\/\/bright-china.com\/vi\/wp-json\/wp\/v2\/product_cat?post=4439"},{"taxonomy":"product_tag","embeddable":true,"href":"https:\/\/bright-china.com\/vi\/wp-json\/wp\/v2\/product_tag?post=4439"}],"curies":[{"name":"wp","href":"https:\/\/api.w.org\/{rel}","templated":true}]}}