{"id":4440,"date":"2025-04-27T02:23:54","date_gmt":"2025-04-27T02:23:54","guid":{"rendered":"https:\/\/bright-china.com\/?post_type=product&#038;p=4440"},"modified":"2025-12-29T20:33:37","modified_gmt":"2025-12-30T03:33:37","slug":"may-do-dts3805","status":"publish","type":"product","link":"https:\/\/bright-china.com\/vi\/product\/may-do-dts3805\/","title":{"rendered":"\u0110\u1ed3ng h\u1ed3 \u0111o n\u0103ng l\u01b0\u1ee3ng tr\u00ean thanh ray DIN DTS3805"},"content":{"rendered":"<h2><strong>Ph\u1ea1m vi \u00e1p d\u1ee5ng<\/strong><\/h2>\n<hr \/>\n<p><a href=\"https:\/\/bright-china.com\/product\/digital-multi-function-power-meter\/\">\u00a0 \u0110\u1ed3ng h\u1ed3 \u0111o n\u0103ng l\u01b0\u1ee3ng tr\u00ean ray DIN l\u00e0<\/a> H\u1ec7 th\u1ed1ng \u0111i\u1ec7n ray \u0111i\u1ec7n t\u1eed 3 pha 4 d\u00e2y v\u00e0 3 pha 3 d\u00e2y <a href=\"https:\/\/www.elejg.com\/?product\/\">\u0111\u1ed3ng h\u1ed3 \u0111o \u0111i\u1ec7n <\/a>(sau \u0111\u00e2y g\u1ecdi t\u1eaft l\u00e0 \u201cthi\u1ebft b\u1ecb\u201d) l\u00e0 vi\u1ec7c s\u1eed d\u1ee5ng m\u1ea1ch t\u00edch h\u1ee3p quy m\u00f4 l\u1edbn, \u1ee9ng d\u1ee5ng c\u00f4ng ngh\u1ec7 l\u1ea5y m\u1eabu s\u1ed1, \u0111\u01b0\u1ee3c thi\u1ebft k\u1ebf cho h\u1ec7 th\u1ed1ng \u0111i\u1ec7n, ng\u00e0nh vi\u1ec5n th\u00f4ng, ng\u00e0nh x\u00e2y d\u1ef1ng v\u00e0 c\u00e1c nhu c\u1ea7u gi\u00e1m s\u00e1t v\u00e0 \u0111o l\u01b0\u1eddng \u0111i\u1ec7n n\u0103ng kh\u00e1c, ch\u1ee7 y\u1ebfu \u0111\u1ec3 \u0111o l\u01b0\u1eddng v\u00e0 hi\u1ec3n th\u1ecb theo th\u1eddi gian th\u1ef1c c\u00e1c th\u00f4ng s\u1ed1 nh\u01b0 \u0111i\u1ec7n \u00e1p ba pha, d\u00f2ng \u0111i\u1ec7n ba pha, c\u00f4ng su\u1ea5t ho\u1ea1t \u0111\u1ed9ng, c\u00f4ng su\u1ea5t ph\u1ea3n kh\u00e1ng, t\u1ea7n s\u1ed1, n\u0103ng l\u01b0\u1ee3ng \u0111i\u1ec7n ti\u1ebfn v\u00e0 l\u00f9i, n\u0103ng l\u01b0\u1ee3ng \u0111i\u1ec7n b\u1ed1n quadrant v\u00e0 c\u00e1c th\u00f4ng s\u1ed1 kh\u00e1c, s\u1eed d\u1ee5ng gi\u00e1 \u0111\u1ee1 DIN 35mm ti\u00eau chu\u1ea9n; L\u00e0 s\u1ea3n ph\u1ea9m thi\u1ebft b\u1ecb gi\u00e1m s\u00e1t c\u1ee7a h\u1ec7 th\u1ed1ng qu\u1ea3n l\u00fd n\u0103ng l\u01b0\u1ee3ng, n\u00f3 c\u00f3 th\u1ec3 \u0111\u01b0\u1ee3c s\u1eed d\u1ee5ng r\u1ed9ng r\u00e3i trong \u0111\u00e1nh gi\u00e1 v\u00e0 gi\u00e1m s\u00e1t \u0111i\u1ec7n n\u0103ng n\u1ed9i b\u1ed9 c\u1ee7a c\u00e1c doanh nghi\u1ec7p c\u00f4ng nghi\u1ec7p v\u00e0 khai th\u00e1c m\u1ecf, kh\u00e1ch s\u1ea1n, tr\u01b0\u1eddng h\u1ecdc v\u00e0 c\u00e1c t\u00f2a nh\u00e0 c\u00f4ng c\u1ed9ng l\u1edbn.<\/p>\n<p>C\u00e1c ch\u1ec9 ti\u00eau hi\u1ec7u su\u1ea5t c\u1ee7a \u0111\u1ed3ng h\u1ed3 \u0111o \u0111i\u1ec7n n\u0103ng tu\u00e2n th\u1ee7 c\u00e1c ti\u00eau chu\u1ea9n k\u1ef9 thu\u1eadt li\u00ean quan sau \u0111\u00e2y:<\/p>\n<p>Ti\u00eau chu\u1ea9n qu\u1ed1c gia Trung Qu\u1ed1c GB\/T 17215.211-2021<\/p>\n<p>GB\/T 17215.321-2021 Y\u00eau c\u1ea7u \u0111\u1eb7c bi\u1ec7t \u0111\u1ed1i v\u1edbi thi\u1ebft b\u1ecb \u0111o l\u01b0\u1eddng \u0111i\u1ec7n (AC) \u2013 Ph\u1ea7n 21: \u0110\u1ed3ng h\u1ed3 \u0111o n\u0103ng l\u01b0\u1ee3ng ho\u1ea1t \u0111\u1ed9ng t\u0129nh (L\u1edbp A, L\u1edbp B, L\u1edbp C)<\/p>\n<p>GB\/T 17215.323-2008 Y\u00eau c\u1ea7u \u0111\u1eb7c bi\u1ec7t \u0111\u1ed1i v\u1edbi thi\u1ebft b\u1ecb \u0111o l\u01b0\u1eddng d\u00f2ng \u0111i\u1ec7n xoay chi\u1ec1u \u2013 Ph\u1ea7n 23: \u0110\u1ed3ng h\u1ed3 \u0111o n\u0103ng l\u01b0\u1ee3ng ph\u1ea3n kh\u00e1ng t\u0129nh (C\u1ea5p 2 v\u00e0 3)<\/p>\n<p>DL\/T 645-2007 \u201cTi\u00eau chu\u1ea9n giao th\u1ee9c truy\u1ec1n th\u00f4ng cho \u0111\u1ed3ng h\u1ed3 \u0111o n\u0103ng l\u01b0\u1ee3ng \u0111a ch\u1ee9c n\u0103ng\u201d Ti\u00eau chu\u1ea9n giao th\u1ee9c MODUS-RTU<\/p>\n<h2><strong>T\u00ednh n\u0103ng s\u1ea3n ph\u1ea9m<\/strong><\/h2>\n<hr \/>\n<p>C\u00e1c ch\u1ee9c n\u0103ng ch\u00ednh c\u1ee7a s\u1ea3n ph\u1ea9m bao g\u1ed3m: \u0111i\u1ec7n \u00e1p ba pha, d\u00f2ng \u0111i\u1ec7n ba pha, c\u00f4ng su\u1ea5t ho\u1ea1t \u0111\u1ed9ng, c\u00f4ng su\u1ea5t ph\u1ea3n kh\u00e1ng, c\u00f4ng su\u1ea5t, h\u1ec7 s\u1ed1 c\u00f4ng su\u1ea5t, t\u1ea7n s\u1ed1, \u0111o l\u01b0\u1eddng n\u0103ng l\u01b0\u1ee3ng ho\u1ea1t \u0111\u1ed9ng, \u0111o l\u01b0\u1eddng n\u0103ng l\u01b0\u1ee3ng ph\u1ea3n kh\u00e1ng, t\u1ef7 l\u1ec7 ph\u1ee9c t\u1ea1p th\u1ed1ng k\u00ea nhu c\u1ea7u (t\u00f9y ch\u1ecdn), ph\u00e2n t\u00edch h\u00e0i (t\u00f9y ch\u1ecdn).<\/p>\n<p>N\u00f3 c\u00f3 c\u1ed5ng giao ti\u1ebfp RS485 v\u00e0 h\u1ed7 tr\u1ee3 giao th\u1ee9c ModBus ti\u00eau chu\u1ea9n ho\u1eb7c giao th\u1ee9c DL\/T 645-2007.<\/p>\n<p>N\u00f3 c\u00f3 th\u1ec3 h\u1ed7 tr\u1ee3 ch\u1ee9c n\u0103ng \u0111i\u1ec1u khi\u1ec3n b\u00ean ngo\u00e0i v\u00e0 h\u1ed7 tr\u1ee3 t\u1ed1i \u0111a 2 ng\u00f5 ra r\u01a1le.<\/p>\n<p>\u0110\u01b0\u1eddng ray ti\u00eau chu\u1ea9n DIN 35mm, thi\u1ebft k\u1ebf c\u1ea5u tr\u00fac m\u00f4-\u0111un, k\u00edch th\u01b0\u1edbc nh\u1ecf g\u1ecdn, d\u1ec5 l\u1eafp \u0111\u1eb7t;<\/p>\n<h2><strong>M\u00f4 t\u1ea3 m\u00f4 h\u00ecnh \u0111\u1ed3ng h\u1ed3 \u0111o n\u0103ng l\u01b0\u1ee3ng tr\u00ean ray DIN<\/strong><\/h2>\n<hr \/>\n<p><img decoding=\"async\" data-src=\"https:\/\/elejg.com\/static\/upload\/image\/20241219\/1734595606168089.jpg\" alt=\"H\u01b0\u1edbng d\u1eabn s\u1eed d\u1ee5ng \u0111\u1ed3ng h\u1ed3 \u0111o \u0111i\u1ec7n ba pha \u0111\u01b0\u1eddng s\u1eaft (4P) - M\u00f4 t\u1ea3 m\u00f4 h\u00ecnh .jpg\" src=\"data:image\/svg+xml;base64,PHN2ZyB3aWR0aD0iMSIgaGVpZ2h0PSIxIiB4bWxucz0iaHR0cDovL3d3dy53My5vcmcvMjAwMC9zdmciPjwvc3ZnPg==\" class=\"lazyload\" \/><\/p>\n<h2><strong>Thanh ray din lo\u1ea1i \u0111o n\u0103ng l\u01b0\u1ee3ng k\u00edch th\u01b0\u1edbc\u00a0<\/strong><\/h2>\n<hr \/>\n<p><img fetchpriority=\"high\" decoding=\"async\" class=\"alignnone size-full wp-image-8820\" src=\"https:\/\/bright-china.com\/wp-content\/uploads\/2025\/04\/Dimensions-of-Din-Rail-Energy-Meter-DTS805.jpg\" alt=\"\" width=\"689\" height=\"408\" srcset=\"https:\/\/bright-china.com\/wp-content\/uploads\/2025\/04\/Dimensions-of-Din-Rail-Energy-Meter-DTS805.jpg 689w, https:\/\/bright-china.com\/wp-content\/uploads\/2025\/04\/Dimensions-of-Din-Rail-Energy-Meter-DTS805-300x178.jpg 300w, https:\/\/bright-china.com\/wp-content\/uploads\/2025\/04\/Dimensions-of-Din-Rail-Energy-Meter-DTS805-18x12.jpg 18w, https:\/\/bright-china.com\/wp-content\/uploads\/2025\/04\/Dimensions-of-Din-Rail-Energy-Meter-DTS805-600x355.jpg 600w\" sizes=\"(max-width: 689px) 100vw, 689px\" \/><\/p>","protected":false},"excerpt":{"rendered":"<p>M\u00e1y \u0111o n\u0103ng l\u01b0\u1ee3ng \u0111i\u1ec7n DIN rail l\u00e0 lo\u1ea1i 3 pha 4 d\u00e2y, s\u1eed d\u1ee5ng c\u1ea5u tr\u00fac l\u1eafp \u0111\u1eb7t tr\u00ean thanh DIN 35mm, k\u00edch th\u01b0\u1edbc nh\u1ecf g\u1ecdn, c\u00f3 th\u1ec3 \u0111o l\u01b0\u1eddng n\u0103ng l\u01b0\u1ee3ng \u0111i\u1ec7n v\u00e0 c\u00e1c th\u00f4ng s\u1ed1 \u0111i\u1ec7n kh\u00e1c, c\u00f3 th\u1ec3 c\u00e0i \u0111\u1eb7t c\u00e1c th\u00f4ng s\u1ed1 nh\u01b0 \u0111\u1ed3ng h\u1ed3, chu k\u1ef3 \u0111o, v.v., v\u1edbi \u0111\u1ed9 ch\u00ednh x\u00e1c cao, \u0111\u1ed9 tin c\u1eady t\u1ed1t v\u00e0 c\u00e1c ch\u1ec9 ti\u00eau k\u1ef9 thu\u1eadt tu\u00e2n th\u1ee7 ti\u00eau chu\u1ea9n qu\u1ed1c gia GB\/T17215-2002, GB\/T17883-1999 v\u00e0 ti\u00eau chu\u1ea9n ng\u00e0nh \u0111i\u1ec7n DL\/T614-2007 v\u1ec1 y\u00eau c\u1ea7u k\u1ef9 thu\u1eadt c\u1ee7a \u0111\u1ed3ng h\u1ed3 \u0111o n\u0103ng l\u01b0\u1ee3ng \u0111i\u1ec7n, \u0111\u1ed3ng th\u1eddi c\u00f3 ch\u1ee9c n\u0103ng xu\u1ea5t xung n\u0103ng l\u01b0\u1ee3ng \u0111i\u1ec7n; giao di\u1ec7n truy\u1ec1n th\u00f4ng RS485 c\u00f3 th\u1ec3 \u0111\u01b0\u1ee3c s\u1eed d\u1ee5ng \u0111\u1ec3 th\u1ef1c hi\u1ec7n trao \u0111\u1ed5i d\u1eef li\u1ec7u v\u1edbi m\u00e1y t\u00ednh ch\u1ee7.<\/p>","protected":false},"featured_media":8814,"template":"","meta":{"_acf_changed":false,"site-sidebar-layout":"default","site-content-layout":"","ast-site-content-layout":"default","site-content-style":"default","site-sidebar-style":"default","ast-global-header-display":"","ast-banner-title-visibility":"","ast-main-header-display":"","ast-hfb-above-header-display":"","ast-hfb-below-header-display":"","ast-hfb-mobile-header-display":"","site-post-title":"","ast-breadcrumbs-content":"","ast-featured-img":"","footer-sml-layout":"","theme-transparent-header-meta":"default","adv-header-id-meta":"","stick-header-meta":"default","header-above-stick-meta":"","header-main-stick-meta":"","header-below-stick-meta":"","astra-migrate-meta-layouts":"set","ast-page-background-enabled":"default","ast-page-background-meta":{"desktop":{"background-color":"","background-image":"","background-repeat":"repeat","background-position":"center center","background-size":"auto","background-attachment":"scroll","background-type":"","background-media":"","overlay-type":"","overlay-color":"","overlay-opacity":"","overlay-gradient":""},"tablet":{"background-color":"","background-image":"","background-repeat":"repeat","background-position":"center center","background-size":"auto","background-attachment":"scroll","background-type":"","background-media":"","overlay-type":"","overlay-color":"","overlay-opacity":"","overlay-gradient":""},"mobile":{"background-color":"","background-image":"","background-repeat":"repeat","background-position":"center center","background-size":"auto","background-attachment":"scroll","background-type":"","background-media":"","overlay-type":"","overlay-color":"","overlay-opacity":"","overlay-gradient":""}},"ast-content-background-meta":{"desktop":{"background-color":"var(--ast-global-color-5)","background-image":"","background-repeat":"repeat","background-position":"center center","background-size":"auto","background-attachment":"scroll","background-type":"","background-media":"","overlay-type":"","overlay-color":"","overlay-opacity":"","overlay-gradient":""},"tablet":{"background-color":"var(--ast-global-color-5)","background-image":"","background-repeat":"repeat","background-position":"center center","background-size":"auto","background-attachment":"scroll","background-type":"","background-media":"","overlay-type":"","overlay-color":"","overlay-opacity":"","overlay-gradient":""},"mobile":{"background-color":"var(--ast-global-color-5)","background-image":"","background-repeat":"repeat","background-position":"center center","background-size":"auto","background-attachment":"scroll","background-type":"","background-media":"","overlay-type":"","overlay-color":"","overlay-opacity":"","overlay-gradient":""}},"_seo_title":"","_seo_keywords":"","_seo_description":""},"product_brand":[],"product_cat":[15,70,69,64],"product_tag":[123,122,121],"class_list":{"0":"post-4440","1":"product","2":"type-product","3":"status-publish","4":"has-post-thumbnail","6":"product_cat-product","7":"product_cat-small-ammeter","8":"product_cat-voltmeter-ammeter","9":"product_cat-smart-meter","10":"product_tag-din-rail-type-energy-meter","11":"product_tag-energy-meter","12":"product_tag-power-meter","13":"desktop-align-center","14":"tablet-align-left","15":"mobile-align-left","16":"ast-product-gallery-layout-horizontal-slider","18":"first","19":"instock","20":"sale","21":"featured","22":"shipping-taxable","23":"purchasable","24":"product-type-simple"},"acf":[],"seo_title":"","seo_keywords":"","seo_description":"","seo_score":0,"product_seo_keywords":"","_links":{"self":[{"href":"https:\/\/bright-china.com\/vi\/wp-json\/wp\/v2\/product\/4440","targetHints":{"allow":["GET"]}}],"collection":[{"href":"https:\/\/bright-china.com\/vi\/wp-json\/wp\/v2\/product"}],"about":[{"href":"https:\/\/bright-china.com\/vi\/wp-json\/wp\/v2\/types\/product"}],"wp:featuredmedia":[{"embeddable":true,"href":"https:\/\/bright-china.com\/vi\/wp-json\/wp\/v2\/media\/8814"}],"wp:attachment":[{"href":"https:\/\/bright-china.com\/vi\/wp-json\/wp\/v2\/media?parent=4440"}],"wp:term":[{"taxonomy":"product_brand","embeddable":true,"href":"https:\/\/bright-china.com\/vi\/wp-json\/wp\/v2\/product_brand?post=4440"},{"taxonomy":"product_cat","embeddable":true,"href":"https:\/\/bright-china.com\/vi\/wp-json\/wp\/v2\/product_cat?post=4440"},{"taxonomy":"product_tag","embeddable":true,"href":"https:\/\/bright-china.com\/vi\/wp-json\/wp\/v2\/product_tag?post=4440"}],"curies":[{"name":"wp","href":"https:\/\/api.w.org\/{rel}","templated":true}]}}