{"id":4442,"date":"2025-04-27T02:23:54","date_gmt":"2025-04-27T02:23:54","guid":{"rendered":"https:\/\/bright-china.com\/?post_type=product&#038;p=4442"},"modified":"2026-01-01T17:35:44","modified_gmt":"2026-01-02T00:35:44","slug":"jgafdd-63","status":"publish","type":"product","link":"https:\/\/bright-china.com\/vi\/product\/jgafdd-63\/","title":{"rendered":"Thi\u1ebft b\u1ecb ph\u00e1t hi\u1ec7n s\u1ef1 c\u1ed1 h\u1ed3 quang JGAFDD-63"},"content":{"rendered":"<h2><strong>Gi\u1edbi thi\u1ec7u<\/strong><\/h2>\n<hr \/>\n<p><strong>\u00a0 \u00a0<\/strong><a href=\"https:\/\/bright-china.com\/digital-display-current-and-voltage-protector\/\">Thi\u1ebft b\u1ecb ph\u00e1t hi\u1ec7n s\u1ef1 c\u1ed1 h\u1ed3 quang (AFDD)<\/a>N\u00f3 \u0111\u01b0\u1ee3c l\u1eafp r\u00e1p t\u1eeb m\u1ed9t c\u1ea7u dao mini v\u00e0 m\u00f4-\u0111un b\u1ea3o v\u1ec7 ch\u1eadp \u0111i\u1ec7n, v\u00e0 c\u00f3 c\u00e1c ch\u1ee9c n\u0103ng b\u1ea3o v\u1ec7 nh\u01b0 qu\u00e1 t\u1ea3i, ch\u1eadp m\u1ea1ch v\u00e0 b\u1ea3o v\u1ec7 ch\u1eadp \u0111i\u1ec7n.<\/p>\n<p>AFDD Ph\u00f9 h\u1ee3p cho truy\u1ec1n th\u00f4ng 50Hz, \u0111i\u1ec7n \u00e1p \u0111\u1ecbnh m\u1ee9c 230V, d\u00f2ng \u0111i\u1ec7n \u0111\u1ecbnh m\u1ee9c l\u00ean \u0111\u1ebfn 63A. Trong c\u00e1c d\u00f2ng sau, n\u00f3 \u0111\u01b0\u1ee3c s\u1eed d\u1ee5ng \u0111\u1ec3 b\u1ea3o v\u1ec7.<a href=\"https:\/\/elejg.com\/\"> Qu\u00e1 d\u00f2ng<\/a> C\u00e1c h\u1ec7 th\u1ed1ng n\u00e0y kh\u00f4ng ch\u1ec9 gi\u00e1m s\u00e1t c\u00e1c d\u00e3y nh\u00e0 v\u00e0 c\u00e1c m\u1ee5c \u0111\u00edch t\u01b0\u01a1ng t\u1ef1, m\u00e0 c\u00f2n c\u00f3 th\u1ec3 ph\u00e1t hi\u1ec7n s\u1edbm nhi\u1ec1u nguy c\u01a1 ch\u00e1y n\u1ed5 do s\u1ef1 c\u1ed1 h\u1ecfng h\u00f3c c\u1ee7a thi\u1ebft b\u1ecb \u0111i\u1ec7n ho\u1eb7c s\u1ef1 l\u00e3o h\u00f3a c\u1ee7a d\u00e2y \u0111i\u1ec7n, \u0111\u1ed3ng th\u1eddi b\u1ea3o v\u1ec7 kh\u1ecfi c\u00e1c s\u1ef1 c\u1ed1 ch\u1eadp \u0111i\u1ec7n do ti\u1ebfp \u0111\u1ea5t, ch\u1eadp \u0111i\u1ec7n song song v\u00e0 ch\u1eadp \u0111i\u1ec7n n\u1ed1i ti\u1ebfp. \u0110\u1ebfn m\u1ed9t m\u1ee9c \u0111\u1ed9 nh\u1ea5t \u0111\u1ecbnh, t\u1ea7n su\u1ea5t x\u1ea3y ra c\u00e1c tai n\u1ea1n an to\u00e0n ch\u00e1y n\u1ed5 \u0111\u00e3 \u0111\u01b0\u1ee3c gi\u1ea3m thi\u1ec3u, v\u00e0 an to\u00e0n t\u00ednh m\u1ea1ng v\u00e0 t\u00e0i s\u1ea3n c\u1ee7a ng\u01b0\u1eddi d\u00e2n \u0111\u00e3 \u0111\u01b0\u1ee3c b\u1ea3o v\u1ec7 hi\u1ec7u qu\u1ea3.<\/p>\n<h2><strong>T\u00ednh n\u0103ng s\u1ea3n ph\u1ea9m AFDD<\/strong><\/h2>\n<hr \/>\n<table style=\"border-collapse: collapse; width: 100%; border-color: #969696;\" border=\"0\" width=\"100%\" cellspacing=\"0\" cellpadding=\"0\">\n<tbody>\n<tr style=\"height: 13.50pt;\">\n<td class=\"et2\" style=\"height: 13.5pt; width: 40.2421%; background-color: #060a30;\" width=\"212\" height=\"18\"><span style=\"color: #ffffff;\">Lo\u1ea1i<\/span><\/td>\n<td class=\"et3\" style=\"width: 59.6823%; background-color: #060a30;\" width=\"119\"><span style=\"color: #ffffff;\">JGAFDD-63<\/span><\/td>\n<\/tr>\n<tr style=\"height: 36.00pt;\">\n<td class=\"et4\" style=\"height: 36pt; width: 40.2421%;\" height=\"48\">Th\u00f4ng s\u1ed1 k\u1ef9 thu\u1eadt hi\u1ec7n t\u1ea1i<\/td>\n<td class=\"et5\" style=\"width: 59.6823%;\" width=\"119\">6A,10A,16A,20A,25A,32A,40A,50A,63A<\/td>\n<\/tr>\n<tr style=\"height: 13.50pt;\">\n<td class=\"et4\" style=\"height: 13.5pt; background-color: #dedede; width: 40.2421%;\" height=\"18\">C\u1ed9t<\/td>\n<td class=\"et4\" style=\"background-color: #dedede; width: 59.6823%;\">2P, 4P<\/td>\n<\/tr>\n<tr style=\"height: 13.50pt;\">\n<td class=\"et4\" style=\"height: 13.5pt; width: 40.2421%;\" height=\"18\">\u0110i\u1ec7n \u00e1p l\u00e0m vi\u1ec7c<\/td>\n<td class=\"et4\" style=\"width: 59.6823%;\">AC 230 V<\/td>\n<\/tr>\n<tr>\n<td style=\"width: 40.2421%; background-color: #dedede;\">Tu\u00e2n th\u1ee7<\/td>\n<td style=\"width: 59.6823%; background-color: #dedede;\">Ti\u00eau chu\u1ea9n qu\u1ed1c gia Trung Qu\u1ed1c GB\/T 31143-2025<\/td>\n<\/tr>\n<\/tbody>\n<\/table>\n<p>a) B\u1ea3o v\u1ec7 qu\u00e1 t\u1ea3i v\u00e0 b\u1ea3o v\u1ec7 ch\u1ed1ng tr\u1ec5 d\u00e0i;<\/p>\n<p>b) B\u1ea3o v\u1ec7 qu\u00e1 t\u1ea3i v\u00e0 b\u1ea3o v\u1ec7 ch\u1eadm tr\u1ec5;<\/p>\n<p>c) B\u1ea3o v\u1ec7 ng\u1eaft m\u1ea1ch t\u1ee9c th\u00ec;<\/p>\n<p>d) B\u1ea3o v\u1ec7 ch\u1ed1ng ch\u1eadp m\u1ea1ch trong m\u1ea1ch \u0111i\u1ec7n;<\/p>\n<p>e) B\u1ea3o v\u1ec7 ch\u1ea1m \u0111i\u1ec7n song song;<\/p>\n<p>B\u1ea3o v\u1ec7 ch\u1ed1ng ch\u1eadp m\u1ea1ch \u0111i\u1ec7n FGround;<\/p>\n<p>g) Nhi\u1ec1u th\u00f4ng s\u1ed1 d\u00f2ng \u0111i\u1ec7n.<\/p>\n<p>&nbsp;<\/p>\n<h2><strong>\u00a0\u0110i\u1ec1u ki\u1ec7n l\u00e0m vi\u1ec7c v\u00e0 l\u1eafp \u0111\u1eb7t c\u1ee7a AFDD<\/strong><\/h2>\n<hr \/>\n<p>Nhi\u1ec7t \u0111\u1ed9 kh\u00f4ng kh\u00ed xung quanh<\/p>\n<p>Nhi\u1ec7t \u0111\u1ed9 kh\u00f4ng kh\u00ed xung quanh kh\u00f4ng cao h\u01a1n +70\u2103, kh\u00f4ng th\u1ea5p h\u01a1n -35\u2103; trung b\u00ecnh trong 24 gi\u1edd kh\u00f4ng v\u01b0\u1ee3t qu\u00e1 +35\u2103.<\/p>\n<p>L\u01b0u \u00fd: Trong \u0111i\u1ec1u ki\u1ec7n nhi\u1ec7t \u0111\u1ed9 kh\u00f4ng kh\u00ed xung quanh cao h\u01a1n +70\u2103 ho\u1eb7c th\u1ea5p h\u01a1n -35\u2103, ch\u1ee9c n\u0103ng b\u1ea3o v\u1ec7 l\u1ed7i h\u1ed3 quang (AFDD) s\u1ebd b\u1ecb t\u1eaft. Ng\u01b0\u1eddi s\u1eed d\u1ee5ng n\u00ean li\u00ean h\u1ec7 v\u1edbi nh\u00e0 s\u1ea3n xu\u1ea5t \u0111\u1ec3 \u0111\u01b0\u1ee3c t\u01b0 v\u1ea5n.;<\/p>\n<p>b\u0110\u1ed9 cao<\/p>\n<p>\u0110\u1ed9 cao c\u1ee7a \u0111\u1ecba \u0111i\u1ec3m l\u1eafp \u0111\u1eb7t kh\u00f4ng v\u01b0\u1ee3t qu\u00e1 2000m\uff1b<\/p>\n<p>\u0110i\u1ec1u ki\u1ec7n kh\u00ed quy\u1ec3n<\/p>\n<p>\u0110\u1ed9 \u1ea9m t\u01b0\u01a1ng \u0111\u1ed1i c\u1ee7a kh\u00f4ng kh\u00ed \u0111\u1ea1t m\u1ee9c cao nh\u1ea5t \u1edf nhi\u1ec7t \u0111\u1ed9 xung quanh +60\u2103, th\u1eddi gian kh\u00f4ng v\u01b0\u1ee3t qu\u00e1 50%. \u1ede nhi\u1ec7t \u0111\u1ed9 th\u1ea5p h\u01a1n, \u0111\u1ed9 \u1ea9m c\u00f3 th\u1ec3 \u0111\u1ea1t m\u1ee9c cao h\u01a1n, v\u00ed d\u1ee5 20\u2103 v\u1edbi 90%. Do s\u1ef1 thay \u0111\u1ed5i nhi\u1ec7t \u0111\u1ed9 c\u00f3 th\u1ec3 g\u00e2y ra hi\u1ec7n t\u01b0\u1ee3ng ng\u01b0ng t\u1ee5 t\u1ea1m th\u1eddi, c\u1ea7n th\u1ef1c hi\u1ec7n c\u00e1c bi\u1ec7n ph\u00e1p b\u1ea3o v\u1ec7.;<\/p>\n<p>\u0110i\u1ec1u ki\u1ec7n l\u1eafp \u0111\u1eb7t<\/p>\n<p>B\u1ed9 b\u1ea3o v\u1ec7 ch\u1eadp \u0111i\u1ec7n h\u1ed3 quangTr\u01b0\u1eddng t\u1eeb tr\u01b0\u1eddng b\u00ean ngo\u00e0i g\u1ea7n v\u1ecb tr\u00ed l\u1eafp \u0111\u1eb7t kh\u00f4ng \u0111\u01b0\u1ee3c v\u01b0\u1ee3t qu\u00e1 tr\u01b0\u1eddng t\u1eeb tr\u01b0\u1eddng \u0111\u1ecba c\u1ea7u theo b\u1ea5t k\u1ef3 h\u01b0\u1edbng n\u00e0o5 l\u1ea7n; V\u1ecb tr\u00ed l\u1eafp \u0111\u1eb7t ph\u1ea3i th\u1eb3ng \u0111\u1ee9ng, v\u00e0 \u0111\u1ed9 nghi\u00eang theo m\u1ecdi h\u01b0\u1edbng kh\u00f4ng \u0111\u01b0\u1ee3c v\u01b0\u1ee3t qu\u00e1 10\u00b0\uff1b L\u1eafp \u0111\u1eb7t t\u1ea1i n\u01a1i kh\u00f4ng c\u00f3 rung \u0111\u1ed9ng m\u1ea1nh v\u00e0 kh\u00f4ng b\u1ecb m\u01b0a ho\u1eb7c tuy\u1ebft; S\u1eed d\u1ee5ng ti\u00eau chu\u1ea9n TH35-7.5 cho thanh ray th\u00e9p l\u1eafp \u0111\u1eb7t;<\/p>\n<p>M\u1ee9c \u0111\u1ed9 \u00f4 nhi\u1ec5m \u0111i\u1ec7n t\u1eed: C\u1ea5p \u0111\u1ed9 2<\/p>\n<p>Lo\u1ea1i l\u1eafp \u0111\u1eb7t: Lo\u1ea1i III;<\/p>\n<p>B\u1ea3o v\u1ec7 ch\u1ed1ng x\u00e2m nh\u1eadp: IP20 (\u0110\u01b0\u1ee3c l\u1eafp \u0111\u1eb7t trong h\u1ed9p ph\u00e2n ph\u1ed1i, t\u1ee7 ph\u00e2n ph\u1ed1i ho\u1eb7c h\u1ed9p ph\u00e2n ph\u1ed1i.) IP40);<\/p>\n<p>Khi l\u1eafp \u0111\u1eb7t d\u00e2y \u0111i\u1ec7n, d\u00e2y trung t\u00ednh ph\u1ea3i \u0111\u01b0\u1ee3c k\u1ebft n\u1ed1i v\u1edbi d\u1ea5u N. X\u00e1c \u0111\u1ecbnh c\u1ef1c.<\/p>\n<h2><strong>Thi\u1ebft b\u1ecb ph\u00e1t hi\u1ec7n s\u1ef1 c\u1ed1 h\u1ed3 quang k\u00edch th\u01b0\u1edbc<\/strong><\/h2>\n<hr \/>\n<p><img fetchpriority=\"high\" decoding=\"async\" class=\"alignnone wp-image-8772 size-full\" src=\"https:\/\/bright-china.com\/wp-content\/uploads\/2025\/04\/External-dimensions-of-arc-fault-detection-device-JGAFDD-63.webp\" alt=\"Thi\u1ebft b\u1ecb ph\u00e1t hi\u1ec7n s\u1ef1 c\u1ed1 m\u1ea1ch \u0111i\u1ec7n JGAFDD-63\" width=\"800\" height=\"458\" srcset=\"https:\/\/bright-china.com\/wp-content\/uploads\/2025\/04\/External-dimensions-of-arc-fault-detection-device-JGAFDD-63.webp 800w, https:\/\/bright-china.com\/wp-content\/uploads\/2025\/04\/External-dimensions-of-arc-fault-detection-device-JGAFDD-63-300x172.webp 300w, https:\/\/bright-china.com\/wp-content\/uploads\/2025\/04\/External-dimensions-of-arc-fault-detection-device-JGAFDD-63-768x440.webp 768w, https:\/\/bright-china.com\/wp-content\/uploads\/2025\/04\/External-dimensions-of-arc-fault-detection-device-JGAFDD-63-18x10.webp 18w, https:\/\/bright-china.com\/wp-content\/uploads\/2025\/04\/External-dimensions-of-arc-fault-detection-device-JGAFDD-63-600x344.webp 600w\" sizes=\"(max-width: 800px) 100vw, 800px\" \/><\/p>","protected":false},"excerpt":{"rendered":"<p>Arc Fault Detection Devices (<a href=\"https:\/\/bright-china.com\/en\/afci-afdd\/\" title=\"Xem th\u00eam th\u00f4ng tin v\u1ec1 AFDD\" class=\"seo-keyword-link\" style=\"font-weight: bold; color: inherit; text-decoration: underline; border-bottom: 1px dotted #667eea;\">AFDD<\/a> ): hereinafter referred to as the protector, effectively detects the fault arc in the access line, including the fault parallel arc and the fault series arc, and when the fault arc that causes fire is detected in the line, the power off function can be carried out to achieve the purpose of early warning of fire. The fault arc protector is suitable for electrical circuits of 10KW and below in industrial and civil buildings<\/p>","protected":false},"featured_media":8767,"template":"","meta":{"_acf_changed":false,"site-sidebar-layout":"default","site-content-layout":"","ast-site-content-layout":"default","site-content-style":"default","site-sidebar-style":"default","ast-global-header-display":"","ast-banner-title-visibility":"","ast-main-header-display":"","ast-hfb-above-header-display":"","ast-hfb-below-header-display":"","ast-hfb-mobile-header-display":"","site-post-title":"","ast-breadcrumbs-content":"","ast-featured-img":"","footer-sml-layout":"","theme-transparent-header-meta":"default","adv-header-id-meta":"","stick-header-meta":"default","header-above-stick-meta":"","header-main-stick-meta":"","header-below-stick-meta":"","astra-migrate-meta-layouts":"set","ast-page-background-enabled":"default","ast-page-background-meta":{"desktop":{"background-color":"","background-image":"","background-repeat":"repeat","background-position":"center center","background-size":"auto","background-attachment":"scroll","background-type":"","background-media":"","overlay-type":"","overlay-color":"","overlay-opacity":"","overlay-gradient":""},"tablet":{"background-color":"","background-image":"","background-repeat":"repeat","background-position":"center center","background-size":"auto","background-attachment":"scroll","background-type":"","background-media":"","overlay-type":"","overlay-color":"","overlay-opacity":"","overlay-gradient":""},"mobile":{"background-color":"","background-image":"","background-repeat":"repeat","background-position":"center center","background-size":"auto","background-attachment":"scroll","background-type":"","background-media":"","overlay-type":"","overlay-color":"","overlay-opacity":"","overlay-gradient":""}},"ast-content-background-meta":{"desktop":{"background-color":"var(--ast-global-color-5)","background-image":"","background-repeat":"repeat","background-position":"center center","background-size":"auto","background-attachment":"scroll","background-type":"","background-media":"","overlay-type":"","overlay-color":"","overlay-opacity":"","overlay-gradient":""},"tablet":{"background-color":"var(--ast-global-color-5)","background-image":"","background-repeat":"repeat","background-position":"center center","background-size":"auto","background-attachment":"scroll","background-type":"","background-media":"","overlay-type":"","overlay-color":"","overlay-opacity":"","overlay-gradient":""},"mobile":{"background-color":"var(--ast-global-color-5)","background-image":"","background-repeat":"repeat","background-position":"center center","background-size":"auto","background-attachment":"scroll","background-type":"","background-media":"","overlay-type":"","overlay-color":"","overlay-opacity":"","overlay-gradient":""}},"_seo_title":"","_seo_keywords":"","_seo_description":""},"product_brand":[],"product_cat":[131],"product_tag":[],"class_list":{"0":"post-4442","1":"product","2":"type-product","3":"status-publish","4":"has-post-thumbnail","6":"product_cat-afci-afdd","7":"desktop-align-center","8":"tablet-align-left","9":"mobile-align-left","10":"ast-product-gallery-layout-horizontal-slider","12":"first","13":"instock","14":"sale","15":"featured","16":"shipping-taxable","17":"purchasable","18":"product-type-simple"},"acf":[],"seo_title":"","seo_keywords":"","seo_description":"","seo_score":0,"product_seo_keywords":"","_links":{"self":[{"href":"https:\/\/bright-china.com\/vi\/wp-json\/wp\/v2\/product\/4442","targetHints":{"allow":["GET"]}}],"collection":[{"href":"https:\/\/bright-china.com\/vi\/wp-json\/wp\/v2\/product"}],"about":[{"href":"https:\/\/bright-china.com\/vi\/wp-json\/wp\/v2\/types\/product"}],"wp:featuredmedia":[{"embeddable":true,"href":"https:\/\/bright-china.com\/vi\/wp-json\/wp\/v2\/media\/8767"}],"wp:attachment":[{"href":"https:\/\/bright-china.com\/vi\/wp-json\/wp\/v2\/media?parent=4442"}],"wp:term":[{"taxonomy":"product_brand","embeddable":true,"href":"https:\/\/bright-china.com\/vi\/wp-json\/wp\/v2\/product_brand?post=4442"},{"taxonomy":"product_cat","embeddable":true,"href":"https:\/\/bright-china.com\/vi\/wp-json\/wp\/v2\/product_cat?post=4442"},{"taxonomy":"product_tag","embeddable":true,"href":"https:\/\/bright-china.com\/vi\/wp-json\/wp\/v2\/product_tag?post=4442"}],"curies":[{"name":"wp","href":"https:\/\/api.w.org\/{rel}","templated":true}]}}