{"id":7409,"date":"2025-10-14T05:26:47","date_gmt":"2025-10-14T12:26:47","guid":{"rendered":"https:\/\/bright-china.com\/?post_type=product&#038;p=7409"},"modified":"2026-01-22T05:52:25","modified_gmt":"2026-01-22T12:52:25","slug":"ats-jgat3-1","status":"publish","type":"product","link":"https:\/\/bright-china.com\/vi\/product\/ats-jgat3-1\/","title":{"rendered":"C\u00f4ng t\u1eafc chuy\u1ec3n t\u1ef1 \u0111\u1ed9ng th\u00f4ng minh (ATS) JGAT3-1"},"content":{"rendered":"<h2>Gi\u1edbi thi\u1ec7u v\u1ec1 ATS<\/h2>\n<hr \/>\n<p><span style=\"font-size: 16px;\">\u00a0 \u00a0 \u00a0Th\u00f4ng minh <\/span><a style=\"font-size: 16px; background-color: #ffffff;\" href=\"https:\/\/bright-china.com\/power-switch\/\">C\u00f4ng t\u1eafc chuy\u1ec3n t\u1ef1 \u0111\u1ed9ng<\/a><span style=\"font-size: 16px;\">\uff08<\/span><a style=\"font-size: 16px; background-color: #ffffff;\" href=\"https:\/\/elejg.com\">H\u1ec7 th\u1ed1ng ATS<\/a><span style=\"font-size: 16px;\">Qu\u1ea3n l\u00fd Ngu\u1ed3n \u0110i\u1ec7n \u0110a Ngu\u1ed3n: B\u1ed9 chuy\u1ec3n m\u1ea1ch t\u1ef1 \u0111\u1ed9ng 3 chi\u1ec1u n\u00e0y c\u00f3 3 c\u1ed5ng nh\u1eadp ngu\u1ed3n \u0111i\u1ec7n, bao g\u1ed3m ngu\u1ed3n \u0111i\u1ec7n l\u01b0\u1edbi (ngu\u1ed3n \u0111i\u1ec7n ch\u00ednh), m\u00e1y ph\u00e1t \u0111i\u1ec7n v\u00e0 b\u1ed9 bi\u1ebfn t\u1ea7n. Khi ngu\u1ed3n \u0111i\u1ec7n ch\u00ednh b\u1ecb s\u1ef1 c\u1ed1, dao \u0111\u1ed9ng \u0111i\u1ec7n \u00e1p ho\u1eb7c c\u00e1c v\u1ea5n \u0111\u1ec1 kh\u00e1c, b\u1ed9 chuy\u1ec3n m\u1ea1ch n\u00e0y c\u00f3 th\u1ec3 t\u1ef1 \u0111\u1ed9ng ph\u00e1t hi\u1ec7n v\u00e0 chuy\u1ec3n sang ngu\u1ed3n \u0111i\u1ec7n ti\u1ebfp theo c\u00f3 s\u1eb5n \u0111\u1ec3 \u0111\u1ea3m b\u1ea3o ngu\u1ed3n \u0111i\u1ec7n li\u00ean t\u1ee5c.<\/span><\/p>\n<p>\u0110i\u1ec1u ch\u1ec9nh th\u00f4ng s\u1ed1 linh ho\u1ea1t: B\u1ea1n c\u00f3 th\u1ec3 thi\u1ebft l\u1eadp d\u1ea3i \u0111i\u1ec7n \u00e1p v\u00e0 t\u1ea7n s\u1ed1 theo nhu c\u1ea7u \u0111\u1ec3 k\u00edch ho\u1ea1t chuy\u1ec3n \u0111\u1ed5i t\u1ef1 \u0111\u1ed9ng. K\u00e8m theo h\u01b0\u1edbng d\u1eabn \u0111\u1ec3 g\u1ee1 l\u1ed7i b\u1ed9 chuy\u1ec3n \u0111\u1ed5i theo h\u01b0\u1edbng d\u1eabn. Bao g\u1ed3m th\u1eddi gian tr\u1ec5 khi b\u1eadt ngu\u1ed3n, th\u1eddi gian tr\u1ec5 ph\u1ee5c h\u1ed3i b\u1ea3o v\u1ec7, gi\u00e1 tr\u1ecb b\u1ea3o v\u1ec7 qu\u00e1 \u00e1p, gi\u00e1 tr\u1ecb b\u1ea3o v\u1ec7 d\u01b0\u1edbi \u00e1p, b\u1ea3o v\u1ec7 qu\u00e1 d\u00f2ng, pha \u01b0u ti\u00ean, th\u1eddi gian t\u00e1c \u0111\u1ed9ng b\u1ea3o v\u1ec7 qu\u00e1 d\u00f2ng, t\u1ea7n s\u1ed1 b\u1ea3o v\u1ec7 qu\u00e1 d\u00f2ng li\u00ean t\u1ee5c.<\/p>\n<p>Theo d\u00f5i th\u1eddi gian th\u1ef1c: V\u1edbi 5 m\u00e0n h\u00ecnh hi\u1ec3n th\u1ecb LED v\u00e0 4 \u0111\u00e8n b\u00e1o, b\u1ea1n c\u00f3 th\u1ec3 d\u1ec5 d\u00e0ng x\u00e1c \u0111\u1ecbnh m\u1ea1ch n\u00e0o hi\u1ec7n \u0111ang cung c\u1ea5p \u0111i\u1ec7n ho\u1eb7c c\u00f3 s\u1ef1 c\u1ed1 x\u1ea3y ra. Thi\u1ebft b\u1ecb cung c\u1ea5p th\u00f4ng tin v\u1ec1 \u0111i\u1ec7n \u00e1p \u0111\u1ea7u v\u00e0o v\u00e0 d\u00f2ng \u0111i\u1ec7n \u0111\u1ea7u ra theo th\u1eddi gian th\u1ef1c, theo d\u00f5i hi\u1ec7u su\u1ea5t c\u1ee7a thi\u1ebft b\u1ecb c\u1ea5p \u0111i\u1ec7n v\u00e0 th\u1ef1c hi\u1ec7n c\u00e1c \u0111i\u1ec1u ch\u1ec9nh c\u1ea7n thi\u1ebft \u0111\u1ec3 gi\u00fap b\u1ea1n \u0111\u01b0a ra quy\u1ebft \u0111\u1ecbnh chuy\u1ec3n \u0111\u1ed5i ngu\u1ed3n \u0111i\u1ec7n, ch\u1eb3ng h\u1ea1n nh\u01b0 chuy\u1ec3n sang m\u00e1y ph\u00e1t \u0111i\u1ec7n ho\u1eb7c b\u1ed9 bi\u1ebfn t\u1ea7n khi ngu\u1ed3n \u0111i\u1ec7n ch\u00ednh kh\u00f4ng \u1ed5n \u0111\u1ecbnh.<\/p>\n<p>B\u1ea3o v\u1ec7 an to\u00e0n to\u00e0n di\u1ec7n: Thi\u1ebft b\u1ecb n\u00e0y \u0111\u01b0\u1ee3c trang b\u1ecb nhi\u1ec1u t\u00ednh n\u0103ng b\u1ea3o v\u1ec7 an to\u00e0n, bao g\u1ed3m b\u1ea3o v\u1ec7 \u0111i\u1ec7n \u00e1p th\u1ea5p, b\u1ea3o v\u1ec7 qu\u00e1 \u00e1p, b\u1ea3o v\u1ec7 qu\u00e1 d\u00f2ng, v.v. Nh\u1eefng t\u00ednh n\u0103ng n\u00e0y kh\u00f4ng ch\u1ec9 n\u00e2ng cao t\u00ednh \u1ed5n \u0111\u1ecbnh v\u00e0 \u0111\u1ed9 tin c\u1eady c\u1ee7a ngu\u1ed3n \u0111i\u1ec7n m\u00e0 c\u00f2n b\u1ea3o v\u1ec7 c\u00e1c thi\u1ebft b\u1ecb k\u1ebft n\u1ed1i kh\u1ecfi c\u00e1c v\u1ea5n \u0111\u1ec1 li\u00ean quan \u0111\u1ebfn ngu\u1ed3n \u0111i\u1ec7n, t\u1eeb \u0111\u00f3 gi\u1ea3m thi\u1ec3u c\u00e1c nguy c\u01a1 ti\u1ec1m \u1ea9n do s\u1ef1 c\u1ed1 ngu\u1ed3n \u0111i\u1ec7n g\u00e2y ra.<\/p>\n<p>\u1ee8ng d\u1ee5ng r\u1ed9ng r\u00e3i: V\u1edbi giao di\u1ec7n ngu\u1ed3n \u0111i\u1ec7n d\u1ef1 ph\u00f2ng hai chi\u1ec1u, s\u1ea3n ph\u1ea9m t\u01b0\u01a1ng th\u00edch v\u1edbi h\u1ea7u h\u1ebft c\u00e1c m\u00e1y ph\u00e1t \u0111i\u1ec7n, t\u1ea5m pin m\u1eb7t tr\u1eddi v\u00e0 c\u00e1c thi\u1ebft b\u1ecb cung c\u1ea5p \u0111i\u1ec7n kh\u00e1c c\u00f3 \u0111i\u1ec7n \u00e1p \u0111\u1ea7u ra. Ph\u00f9 h\u1ee3p v\u1edbi nhi\u1ec1u t\u00ecnh hu\u1ed1ng \u1ee9ng d\u1ee5ng kh\u00e1c nhau, bao g\u1ed3m h\u1ec7 th\u1ed1ng \u0111i\u1ec7n d\u1ef1 ph\u00f2ng gia \u0111\u00ecnh, t\u00f2a nh\u00e0 th\u01b0\u01a1ng m\u1ea1i, thi\u1ebft b\u1ecb c\u00f4ng nghi\u1ec7p, v.v., cung c\u1ea5p gi\u1ea3i ph\u00e1p chuy\u1ec3n \u0111\u1ed5i ngu\u1ed3n \u0111i\u1ec7n \u0111\u00e1ng tin c\u1eady trong c\u00e1c l\u0129nh v\u1ef1c kh\u00e1c nhau.<\/p>\n<h2>M\u00f4 t\u1ea3 s\u1ea3n ph\u1ea9m<\/h2>\n<hr \/>\n<p>1. C\u00f4ng t\u1eafc chuy\u1ec3n t\u1ef1 \u0111\u1ed9ng: c\u00f3 giai \u0111o\u1ea1n \u201c\u01b0u ti\u00ean\u201d<\/p>\n<p>2. D\u1ef1a tr\u00ean vi \u0111i\u1ec1u khi\u1ec3n<\/p>\n<p>3. C\u00e0i \u0111\u1eb7t th\u00f4ng s\u1ed1 qua c\u00e1c n\u00fat b\u1ea5m<\/p>\n<p>4\u3001<a href=\"https:\/\/elejg.com\/\">Qu\u00e1 \u00e1p<\/a> v\u00e0 b\u1ea3o v\u1ec7 qu\u00e1 \u00e1p<\/p>\n<p>5. B\u1ea3o v\u1ec7 qu\u00e1 d\u00f2ng<\/p>\n<p>6. Hi\u1ec3n th\u1ecb \u0111i\u1ec7n \u00e1p ho\u1ea1t \u0111\u1ed9ng c\u1ee7a LED<\/p>\n<p>7. L\u1eafp \u0111\u1eb7t \u0111\u01b0\u1eddng ray<\/p>\n<p><img fetchpriority=\"high\" decoding=\"async\" class=\"alignnone wp-image-8675 size-full\" src=\"https:\/\/bright-china.com\/wp-content\/uploads\/2025\/10\/automatic-transfer-switch-ATS-63Parameter-settings.webp\" alt=\"C\u00f4ng t\u1eafc chuy\u1ec3n t\u1ef1 \u0111\u1ed9ng - ATS-63 - C\u00e0i \u0111\u1eb7t th\u00f4ng s\u1ed1\" width=\"800\" height=\"1397\" srcset=\"https:\/\/bright-china.com\/wp-content\/uploads\/2025\/10\/automatic-transfer-switch-ATS-63Parameter-settings.webp 800w, https:\/\/bright-china.com\/wp-content\/uploads\/2025\/10\/automatic-transfer-switch-ATS-63Parameter-settings-172x300.webp 172w, https:\/\/bright-china.com\/wp-content\/uploads\/2025\/10\/automatic-transfer-switch-ATS-63Parameter-settings-586x1024.webp 586w, https:\/\/bright-china.com\/wp-content\/uploads\/2025\/10\/automatic-transfer-switch-ATS-63Parameter-settings-768x1341.webp 768w, https:\/\/bright-china.com\/wp-content\/uploads\/2025\/10\/automatic-transfer-switch-ATS-63Parameter-settings-7x12.webp 7w, https:\/\/bright-china.com\/wp-content\/uploads\/2025\/10\/automatic-transfer-switch-ATS-63Parameter-settings-600x1048.webp 600w\" sizes=\"(max-width: 800px) 100vw, 800px\" \/><\/p>\n<h2>D\u1eef li\u1ec7u k\u1ef9 thu\u1eadt<\/h2>\n<hr \/>\n<p><img decoding=\"async\" class=\"alignnone wp-image-8671 size-full lazyload\" data-src=\"https:\/\/bright-china.com\/wp-content\/uploads\/2025\/10\/automatic-transfer-switch-ATS-63-\u6280\u672f\u53c2\u6570.webp\" alt=\"B\u1ed9 chuy\u1ec3n m\u1ea1ch t\u1ef1 \u0111\u1ed9ng ATS-63 - Th\u00f4ng s\u1ed1 k\u1ef9 thu\u1eadt\" width=\"800\" height=\"769\" data-srcset=\"https:\/\/bright-china.com\/wp-content\/uploads\/2025\/10\/automatic-transfer-switch-ATS-63-\u6280\u672f\u53c2\u6570.webp 800w, https:\/\/bright-china.com\/wp-content\/uploads\/2025\/10\/automatic-transfer-switch-ATS-63-\u6280\u672f\u53c2\u6570-300x288.webp 300w, https:\/\/bright-china.com\/wp-content\/uploads\/2025\/10\/automatic-transfer-switch-ATS-63-\u6280\u672f\u53c2\u6570-768x738.webp 768w, https:\/\/bright-china.com\/wp-content\/uploads\/2025\/10\/automatic-transfer-switch-ATS-63-\u6280\u672f\u53c2\u6570-12x12.webp 12w, https:\/\/bright-china.com\/wp-content\/uploads\/2025\/10\/automatic-transfer-switch-ATS-63-\u6280\u672f\u53c2\u6570-600x577.webp 600w\" data-sizes=\"(max-width: 800px) 100vw, 800px\" src=\"data:image\/svg+xml;base64,PHN2ZyB3aWR0aD0iMSIgaGVpZ2h0PSIxIiB4bWxucz0iaHR0cDovL3d3dy53My5vcmcvMjAwMC9zdmciPjwvc3ZnPg==\" style=\"--smush-placeholder-width: 800px; --smush-placeholder-aspect-ratio: 800\/769;\" \/><\/p>\n<h2>B\u1ea3ng \u0111i\u1ec1u khi\u1ec3n m\u1eb7t tr\u01b0\u1edbc<\/h2>\n<hr \/>\n<p>&nbsp;<\/p>\n<p><img decoding=\"async\" class=\"alignnone wp-image-8668 size-full lazyload\" data-src=\"https:\/\/bright-china.com\/wp-content\/uploads\/2025\/10\/automatic-transfer-switch-ATS-63-\u9762\u677f\u8bf4\u660e-\u62f7\u8d1d.webp\" alt=\"B\u1ed9 chuy\u1ec3n m\u1ea1ch t\u1ef1 \u0111\u1ed9ng ATS-63 - M\u00f4 t\u1ea3 b\u1ea3ng \u0111i\u1ec1u khi\u1ec3n\" width=\"800\" height=\"364\" data-srcset=\"https:\/\/bright-china.com\/wp-content\/uploads\/2025\/10\/automatic-transfer-switch-ATS-63-\u9762\u677f\u8bf4\u660e-\u62f7\u8d1d.webp 800w, https:\/\/bright-china.com\/wp-content\/uploads\/2025\/10\/automatic-transfer-switch-ATS-63-\u9762\u677f\u8bf4\u660e-\u62f7\u8d1d-300x137.webp 300w, https:\/\/bright-china.com\/wp-content\/uploads\/2025\/10\/automatic-transfer-switch-ATS-63-\u9762\u677f\u8bf4\u660e-\u62f7\u8d1d-768x349.webp 768w, https:\/\/bright-china.com\/wp-content\/uploads\/2025\/10\/automatic-transfer-switch-ATS-63-\u9762\u677f\u8bf4\u660e-\u62f7\u8d1d-18x8.webp 18w, https:\/\/bright-china.com\/wp-content\/uploads\/2025\/10\/automatic-transfer-switch-ATS-63-\u9762\u677f\u8bf4\u660e-\u62f7\u8d1d-600x273.webp 600w\" data-sizes=\"(max-width: 800px) 100vw, 800px\" src=\"data:image\/svg+xml;base64,PHN2ZyB3aWR0aD0iMSIgaGVpZ2h0PSIxIiB4bWxucz0iaHR0cDovL3d3dy53My5vcmcvMjAwMC9zdmciPjwvc3ZnPg==\" style=\"--smush-placeholder-width: 800px; --smush-placeholder-aspect-ratio: 800\/364;\" \/><\/p>\n<p>&nbsp;<\/p>\n<h2>S\u01a1 \u0111\u1ed3 m\u1ea1ch \u0111i\u1ec7n\/B\u1ea3n v\u1ebd k\u00edch th\u01b0\u1edbc<\/h2>\n<hr \/>\n<p><img decoding=\"async\" class=\"alignnone wp-image-8672 size-full lazyload\" data-src=\"https:\/\/bright-china.com\/wp-content\/uploads\/2025\/10\/automatic-transfer-switch-ATS-63-\u63a5\u7ebf\u56fe.webp\" alt=\"B\u1ed9 chuy\u1ec3n m\u1ea1ch t\u1ef1 \u0111\u1ed9ng ATS-63 - H\u01b0\u1edbng d\u1eabn l\u1eafp \u0111\u1eb7t d\u00e2y \u0111i\u1ec7n\" width=\"800\" height=\"733\" data-srcset=\"https:\/\/bright-china.com\/wp-content\/uploads\/2025\/10\/automatic-transfer-switch-ATS-63-\u63a5\u7ebf\u56fe.webp 800w, https:\/\/bright-china.com\/wp-content\/uploads\/2025\/10\/automatic-transfer-switch-ATS-63-\u63a5\u7ebf\u56fe-300x275.webp 300w, https:\/\/bright-china.com\/wp-content\/uploads\/2025\/10\/automatic-transfer-switch-ATS-63-\u63a5\u7ebf\u56fe-768x704.webp 768w, https:\/\/bright-china.com\/wp-content\/uploads\/2025\/10\/automatic-transfer-switch-ATS-63-\u63a5\u7ebf\u56fe-13x12.webp 13w, https:\/\/bright-china.com\/wp-content\/uploads\/2025\/10\/automatic-transfer-switch-ATS-63-\u63a5\u7ebf\u56fe-600x550.webp 600w\" data-sizes=\"(max-width: 800px) 100vw, 800px\" src=\"data:image\/svg+xml;base64,PHN2ZyB3aWR0aD0iMSIgaGVpZ2h0PSIxIiB4bWxucz0iaHR0cDovL3d3dy53My5vcmcvMjAwMC9zdmciPjwvc3ZnPg==\" style=\"--smush-placeholder-width: 800px; --smush-placeholder-aspect-ratio: 800\/733;\" \/> <img decoding=\"async\" class=\"alignnone wp-image-8673 size-full lazyload\" data-src=\"https:\/\/bright-china.com\/wp-content\/uploads\/2025\/10\/automatic-transfer-switch-ATS-63-\u5916\u5f62\u5c3a\u5bf8-\u62f7\u8d1d.webp\" alt=\"C\u00f4ng t\u1eafc chuy\u1ec3n t\u1ef1 \u0111\u1ed9ng - ATS-63 - K\u00edch th\u01b0\u1edbc t\u1ed5ng th\u1ec3\" width=\"800\" height=\"369\" data-srcset=\"https:\/\/bright-china.com\/wp-content\/uploads\/2025\/10\/automatic-transfer-switch-ATS-63-\u5916\u5f62\u5c3a\u5bf8-\u62f7\u8d1d.webp 800w, https:\/\/bright-china.com\/wp-content\/uploads\/2025\/10\/automatic-transfer-switch-ATS-63-\u5916\u5f62\u5c3a\u5bf8-\u62f7\u8d1d-300x138.webp 300w, https:\/\/bright-china.com\/wp-content\/uploads\/2025\/10\/automatic-transfer-switch-ATS-63-\u5916\u5f62\u5c3a\u5bf8-\u62f7\u8d1d-768x354.webp 768w, https:\/\/bright-china.com\/wp-content\/uploads\/2025\/10\/automatic-transfer-switch-ATS-63-\u5916\u5f62\u5c3a\u5bf8-\u62f7\u8d1d-18x8.webp 18w, https:\/\/bright-china.com\/wp-content\/uploads\/2025\/10\/automatic-transfer-switch-ATS-63-\u5916\u5f62\u5c3a\u5bf8-\u62f7\u8d1d-600x277.webp 600w\" data-sizes=\"(max-width: 800px) 100vw, 800px\" src=\"data:image\/svg+xml;base64,PHN2ZyB3aWR0aD0iMSIgaGVpZ2h0PSIxIiB4bWxucz0iaHR0cDovL3d3dy53My5vcmcvMjAwMC9zdmciPjwvc3ZnPg==\" style=\"--smush-placeholder-width: 800px; --smush-placeholder-aspect-ratio: 800\/369;\" \/><\/p>\n<p><span style=\"font-size: 16px;\">\u00a0C\u00f4ng t\u1eafc chuy\u1ec3n t\u1ef1 \u0111\u1ed9ng th\u00f4ng minh\uff08<a href=\"https:\/\/bright-china.com\/en\/ats\/\" title=\"Xem th\u00eam th\u00f4ng tin v\u1ec1 ATS\" class=\"seo-keyword-link\" style=\"font-weight: bold; color: inherit; text-decoration: underline; border-bottom: 1px dotted #667eea;\">H\u1ec7 th\u1ed1ng ATS<\/a>)<\/span><\/p>","protected":false},"excerpt":{"rendered":"<p><a href=\"https:\/\/bright-china.com\/product\/arc-fault-circuit-interrupters-afci-jgafci-63\/\">C\u00f4ng t\u1eafc chuy\u1ec3n t\u1ef1 \u0111\u1ed9ng th\u00f4ng minh (ATS)<\/a> Qu\u1ea3n l\u00fd nhi\u1ec1u ngu\u1ed3n \u0111i\u1ec7n: C\u00f4ng t\u1eafc chuy\u1ec3n \u0111\u1ed5i t\u1ef1 \u0111\u1ed9ng 3 chi\u1ec1u n\u00e0y c\u00f3 3 c\u1ed5ng nh\u1eadp ngu\u1ed3n \u0111i\u1ec7n, bao g\u1ed3m ngu\u1ed3n \u0111i\u1ec7n ch\u00ednh (ngu\u1ed3n \u0111i\u1ec7n ch\u00ednh), m\u00e1y ph\u00e1t \u0111i\u1ec7n v\u00e0 b\u1ed9 bi\u1ebfn t\u1ea7n. Khi ngu\u1ed3n \u0111i\u1ec7n ch\u00ednh b\u1ecb s\u1ef1 c\u1ed1, dao \u0111\u1ed9ng \u0111i\u1ec7n \u00e1p ho\u1eb7c c\u00e1c v\u1ea5n \u0111\u1ec1 kh\u00e1c, c\u00f4ng t\u1eafc n\u00e0y c\u00f3 th\u1ec3 t\u1ef1 \u0111\u1ed9ng ph\u00e1t hi\u1ec7n v\u00e0 chuy\u1ec3n sang ngu\u1ed3n \u0111i\u1ec7n ti\u1ebfp theo c\u00f3 s\u1eb5n \u0111\u1ec3 \u0111\u1ea3m b\u1ea3o ngu\u1ed3n \u0111i\u1ec7n li\u00ean t\u1ee5c.<\/p>\n<p>&nbsp;<\/p>","protected":false},"featured_media":8669,"template":"","meta":{"_acf_changed":false,"site-sidebar-layout":"default","site-content-layout":"","ast-site-content-layout":"default","site-content-style":"default","site-sidebar-style":"default","ast-global-header-display":"","ast-banner-title-visibility":"","ast-main-header-display":"","ast-hfb-above-header-display":"","ast-hfb-below-header-display":"","ast-hfb-mobile-header-display":"","site-post-title":"","ast-breadcrumbs-content":"","ast-featured-img":"","footer-sml-layout":"","theme-transparent-header-meta":"default","adv-header-id-meta":"","stick-header-meta":"default","header-above-stick-meta":"","header-main-stick-meta":"","header-below-stick-meta":"","astra-migrate-meta-layouts":"set","ast-page-background-enabled":"default","ast-page-background-meta":{"desktop":{"background-color":"","background-image":"","background-repeat":"repeat","background-position":"center center","background-size":"auto","background-attachment":"scroll","background-type":"","background-media":"","overlay-type":"","overlay-color":"","overlay-opacity":"","overlay-gradient":""},"tablet":{"background-color":"","background-image":"","background-repeat":"repeat","background-position":"center center","background-size":"auto","background-attachment":"scroll","background-type":"","background-media":"","overlay-type":"","overlay-color":"","overlay-opacity":"","overlay-gradient":""},"mobile":{"background-color":"","background-image":"","background-repeat":"repeat","background-position":"center center","background-size":"auto","background-attachment":"scroll","background-type":"","background-media":"","overlay-type":"","overlay-color":"","overlay-opacity":"","overlay-gradient":""}},"ast-content-background-meta":{"desktop":{"background-color":"var(--ast-global-color-5)","background-image":"","background-repeat":"repeat","background-position":"center center","background-size":"auto","background-attachment":"scroll","background-type":"","background-media":"","overlay-type":"","overlay-color":"","overlay-opacity":"","overlay-gradient":""},"tablet":{"background-color":"var(--ast-global-color-5)","background-image":"","background-repeat":"repeat","background-position":"center center","background-size":"auto","background-attachment":"scroll","background-type":"","background-media":"","overlay-type":"","overlay-color":"","overlay-opacity":"","overlay-gradient":""},"mobile":{"background-color":"var(--ast-global-color-5)","background-image":"","background-repeat":"repeat","background-position":"center center","background-size":"auto","background-attachment":"scroll","background-type":"","background-media":"","overlay-type":"","overlay-color":"","overlay-opacity":"","overlay-gradient":""}},"_seo_title":"Intelligent automatic transfer switch\uff08ATS) JGAT3-1","_seo_keywords":"Automatic Transfer Switch ATS, ats, Automatic Transfer Switch mode in china","_seo_description":"Intelligent automatic transfer switch\uff08ATS) is Multiple Power Source Management: This 3-way automatic transfer switch has 3pcs power input interfaces,"},"product_brand":[],"product_cat":[15,100,65,57],"product_tag":[101,102,128,129],"class_list":{"0":"post-7409","1":"product","2":"type-product","3":"status-publish","4":"has-post-thumbnail","6":"product_cat-product","7":"product_cat-ats","8":"product_cat-current-and-voltage-protector","9":"product_cat-smart-protector","10":"product_tag-ats","11":"product_tag-automatic-transfer-switch","12":"product_tag-intelligent-automatic-transfer-switch","13":"product_tag-intelligent-automatic-transfer-switchats","14":"desktop-align-center","15":"tablet-align-left","16":"mobile-align-left","17":"ast-product-gallery-layout-horizontal-slider","19":"first","20":"instock","21":"featured","22":"downloadable","23":"shipping-taxable","24":"purchasable","25":"product-type-simple"},"acf":[],"seo_title":"Intelligent automatic transfer switch\uff08ATS) JGAT3-1","seo_keywords":"Automatic Transfer Switch ATS, ats, Automatic Transfer Switch mode in china","seo_description":"Intelligent automatic transfer switch\uff08ATS) is Multiple Power Source Management: This 3-way automatic transfer switch has 3pcs power input interfaces,","seo_score":"85","product_seo_keywords":"","_links":{"self":[{"href":"https:\/\/bright-china.com\/vi\/wp-json\/wp\/v2\/product\/7409","targetHints":{"allow":["GET"]}}],"collection":[{"href":"https:\/\/bright-china.com\/vi\/wp-json\/wp\/v2\/product"}],"about":[{"href":"https:\/\/bright-china.com\/vi\/wp-json\/wp\/v2\/types\/product"}],"wp:featuredmedia":[{"embeddable":true,"href":"https:\/\/bright-china.com\/vi\/wp-json\/wp\/v2\/media\/8669"}],"wp:attachment":[{"href":"https:\/\/bright-china.com\/vi\/wp-json\/wp\/v2\/media?parent=7409"}],"wp:term":[{"taxonomy":"product_brand","embeddable":true,"href":"https:\/\/bright-china.com\/vi\/wp-json\/wp\/v2\/product_brand?post=7409"},{"taxonomy":"product_cat","embeddable":true,"href":"https:\/\/bright-china.com\/vi\/wp-json\/wp\/v2\/product_cat?post=7409"},{"taxonomy":"product_tag","embeddable":true,"href":"https:\/\/bright-china.com\/vi\/wp-json\/wp\/v2\/product_tag?post=7409"}],"curies":[{"name":"wp","href":"https:\/\/api.w.org\/{rel}","templated":true}]}}